{"id":51193,"date":"2024-08-05T05:02:01","date_gmt":"2024-08-05T05:02:01","guid":{"rendered":"https:\/\/beststringer.com\/collaborations-and-recognitions\/"},"modified":"2025-10-01T10:31:45","modified_gmt":"2025-10-01T10:31:45","slug":"collaborations-and-recognitions","status":"publish","type":"page","link":"https:\/\/beststringer.com\/vi\/collaborations-and-recognitions\/","title":{"rendered":"H\u1ee3p T\u00e1c BSW | Th\u00fac \u0110\u1ea9y Gi\u00e1o D\u1ee5c V\u1ec1 Stringing Cho C\u00e1c Stringer"},"content":{"rendered":"<div class=\"gb-container gb-container-f66bc834\">\n<div class=\"gb-container gb-container-3423e27e\">\n<div class=\"gb-container gb-container-4ea2fbf1\">\n<div id=\"ez-toc-container\" class=\"ez-toc-v2_0_82_2 ez-toc-wrap-left counter-hierarchy ez-toc-counter ez-toc-custom ez-toc-container-direction\">\n<div class=\"ez-toc-title-container\">\n<p class=\"ez-toc-title\" style=\"cursor:inherit\">Topics<\/p>\n<span class=\"ez-toc-title-toggle\"><a href=\"#\" class=\"ez-toc-pull-right ez-toc-btn ez-toc-btn-xs ez-toc-btn-default ez-toc-toggle\" aria-label=\"Toggle Table of Content\"><span class=\"ez-toc-js-icon-con\"><span class=\"\"><span class=\"eztoc-hide\" style=\"display:none;\">Toggle<\/span><span class=\"ez-toc-icon-toggle-span\"><svg style=\"fill: #ffffff;color:#ffffff\" xmlns=\"http:\/\/www.w3.org\/2000\/svg\" class=\"list-377408\" width=\"20px\" height=\"20px\" viewBox=\"0 0 24 24\" fill=\"none\"><path d=\"M6 6H4v2h2V6zm14 0H8v2h12V6zM4 11h2v2H4v-2zm16 0H8v2h12v-2zM4 16h2v2H4v-2zm16 0H8v2h12v-2z\" fill=\"currentColor\"><\/path><\/svg><svg style=\"fill: #ffffff;color:#ffffff\" class=\"arrow-unsorted-368013\" xmlns=\"http:\/\/www.w3.org\/2000\/svg\" width=\"10px\" height=\"10px\" viewBox=\"0 0 24 24\" version=\"1.2\" baseProfile=\"tiny\"><path d=\"M18.2 9.3l-6.2-6.3-6.2 6.3c-.2.2-.3.4-.3.7s.1.5.3.7c.2.2.4.3.7.3h11c.3 0 .5-.1.7-.3.2-.2.3-.5.3-.7s-.1-.5-.3-.7zM5.8 14.7l6.2 6.3 6.2-6.3c.2-.2.3-.5.3-.7s-.1-.5-.3-.7c-.2-.2-.4-.3-.7-.3h-11c-.3 0-.5.1-.7.3-.2.2-.3.5-.3.7s.1.5.3.7z\"\/><\/svg><\/span><\/span><\/span><\/a><\/span><\/div>\n<nav><ul class='ez-toc-list ez-toc-list-level-1 eztoc-toggle-hide-by-default' ><li class='ez-toc-page-1 ez-toc-heading-level-3'><a class=\"ez-toc-link ez-toc-heading-1\" href=\"https:\/\/beststringer.com\/vi\/collaborations-and-recognitions\/#Phuong_phap_Hop_tac_cua_chung_toi\" >Ph\u01b0\u01a1ng ph\u00e1p H\u1ee3p t\u00e1c c\u1ee7a ch\u00fang t\u00f4i<\/a><\/li><li class='ez-toc-page-1 ez-toc-heading-level-3'><a class=\"ez-toc-link ez-toc-heading-2\" href=\"https:\/\/beststringer.com\/vi\/collaborations-and-recognitions\/#Quy_trinh_Cong_nhan\" >Quy tr\u00ecnh C\u00f4ng nh\u1eadn<\/a><\/li><li class='ez-toc-page-1 ez-toc-heading-level-3'><a class=\"ez-toc-link ez-toc-heading-3\" href=\"https:\/\/beststringer.com\/vi\/collaborations-and-recognitions\/#Loi_ich_cua_viec_Hop_tac\" >L\u1ee3i \u00edch c\u1ee7a vi\u1ec7c H\u1ee3p t\u00e1c<\/a><\/li><li class='ez-toc-page-1 ez-toc-heading-level-3'><a class=\"ez-toc-link ez-toc-heading-4\" href=\"https:\/\/beststringer.com\/vi\/collaborations-and-recognitions\/#Hop_tac_va_Cong_nhan_ve_Dan_cuoc_vot_tren_Toan_cau\" >H\u1ee3p t\u00e1c v\u00e0 C\u00f4ng nh\u1eadn v\u1ec1 \u0110an c\u01b0\u1edbc v\u1ee3t tr\u00ean To\u00e0n c\u1ea7u<\/a><\/li><li class='ez-toc-page-1 ez-toc-heading-level-3'><a class=\"ez-toc-link ez-toc-heading-5\" href=\"https:\/\/beststringer.com\/vi\/collaborations-and-recognitions\/#Tham_gia_Mang_luoi_Dan_cuoc_vot_Toan_cau_cua_BSW\" >Tham gia M\u1ea1ng l\u01b0\u1edbi \u0110an c\u01b0\u1edbc v\u1ee3t To\u00e0n c\u1ea7u c\u1ee7a BSW<\/a><\/li><\/ul><\/nav><\/div>\n\n\n\n\n<p class=\"gb-headline gb-headline-d07d49cf gb-headline-text\">T\u1ea1i Best Stringer Worldwide (BSW), ch\u00fang t\u00f4i tin v\u00e0o s\u1ee9c m\u1ea1nh c\u1ee7a s\u1ef1 h\u1ee3p t\u00e1c \u0111\u1ec3 th\u00fac \u0111\u1ea9y gi\u00e1o d\u1ee5c v\u1ec1 \u0111an c\u01b0\u1edbc v\u1ee3t v\u00e0 c\u1ea3i thi\u1ec7n c\u00e1c m\u00f4n th\u1ec3 thao d\u00f9ng v\u1ee3t tr\u00ean to\u00e0n c\u1ea7u. Ch\u00fang t\u00f4i hoan ngh\u00eanh quan h\u1ec7 \u0111\u1ed1i t\u00e1c v\u1edbi c\u00e1c t\u1ed5 ch\u1ee9c c\u00f3 chung t\u1ea7m nh\u00ecn gi\u00fap ng\u01b0\u1eddi ch\u01a1i thi \u0111\u1ea5u t\u1ed1t h\u01a1n th\u00f4ng qua vi\u1ec7c \u0111an c\u01b0\u1edbc v\u1ee3t ch\u1ea5t l\u01b0\u1ee3ng.<\/p>\n\n<\/div>\n<\/div>\n\n<div class=\"gb-container gb-container-37db13f4\">\n<div class=\"gb-container gb-container-3021f73c\">\n\n<h3 class=\"gb-headline gb-headline-e5c79f72 gb-headline-text\"><span class=\"ez-toc-section\" id=\"Phuong_phap_Hop_tac_cua_chung_toi\"><\/span>Ph\u01b0\u01a1ng ph\u00e1p <mark style=\"background-color:rgba(0, 0, 0, 0)\" class=\"has-inline-color has-global-color-9-color\">H\u1ee3p t\u00e1c<\/mark> c\u1ee7a ch\u00fang t\u00f4i<span class=\"ez-toc-section-end\"><\/span><\/h3>\n\n\n\n<p class=\"gb-headline gb-headline-7d760a3f gb-headline-text\">1.<strong> T\u1ea7m nh\u00ecn chung:<\/strong><br>Ch\u00fang t\u00f4i t\u00ecm ki\u1ebfm c\u00e1c t\u1ed5 ch\u1ee9c cam k\u1ebft c\u1ea3i thi\u1ec7n hi\u1ec7u su\u1ea5t c\u1ee7a ng\u01b0\u1eddi ch\u01a1i, kh\u00f4ng ch\u1ec9 v\u00ec l\u1ee3i nhu\u1eadn.<br>2.<strong> T\u00ednh ch\u00ednh tr\u1ef1c trong gi\u00e1o d\u1ee5c:<\/strong><br>C\u00e1c \u0111\u1ed1i t\u00e1c c\u1ea7n duy tr\u00ec quy tr\u00ecnh ki\u1ec3m tra nghi\u00eam ng\u1eb7t v\u00e0 minh b\u1ea1ch.<br>3. <strong>\u0110\u00e0o t\u1ea1o to\u00e0n di\u1ec7n:<\/strong><br>Ch\u00fang t\u00f4i \u0111\u00e1nh gi\u00e1 cao c\u00e1c ch\u01b0\u01a1ng tr\u00ecnh \u0111\u00e0o t\u1ea1o chuy\u00ean s\u00e2u v\u1ec1 kh\u00e1i ni\u1ec7m, logic v\u00e0 l\u00fd thuy\u1ebft \u0111an c\u01b0\u1edbc v\u1ee3t.<br>4.<strong> L\u1ea5y ng\u01b0\u1eddi ch\u01a1i l\u00e0m trung t\u00e2m:<\/strong><br>C\u00e1c b\u00ean h\u1ee3p t\u00e1c ph\u1ea3i \u01b0u ti\u00ean nhu c\u1ea7u v\u00e0 s\u1ef1 ti\u1ebfn b\u1ed9 c\u1ee7a ng\u01b0\u1eddi ch\u01a1i.<br>5.<strong> C\u1ea3i ti\u1ebfn li\u00ean t\u1ee5c:<\/strong><br>Ch\u00fang t\u00f4i t\u00ecm ki\u1ebfm c\u00e1c t\u1ed5 ch\u1ee9c chuy\u00ean t\u00e2m v\u00e0o vi\u1ec7c li\u00ean t\u1ee5c ho\u00e0n thi\u1ec7n k\u1ef9 thu\u1eadt v\u00e0 ch\u01b0\u01a1ng tr\u00ecnh gi\u00e1o d\u1ee5c v\u1ec1 \u0111an c\u01b0\u1edbc v\u1ee3t.<\/p>\n\n<\/div>\n<\/div>\n\n<div class=\"gb-container gb-container-8072e76b\">\n<div class=\"gb-container gb-container-eabf3753\">\n\n<h3 class=\"gb-headline gb-headline-0ad93116 gb-headline-text\"><span class=\"ez-toc-section\" id=\"Quy_trinh_Cong_nhan\"><\/span><strong>Quy tr\u00ecnh <mark style=\"background-color:rgba(0, 0, 0, 0)\" class=\"has-inline-color has-global-color-9-color\">C\u00f4ng nh\u1eadn<\/mark><\/strong><span class=\"ez-toc-section-end\"><\/span><\/h3>\n\n\n\n<p class=\"gb-headline gb-headline-0e4cbc73 gb-headline-text\">C\u00e1c t\u1ed5 ch\u1ee9c quan t\u00e2m \u0111\u1ebfn vi\u1ec7c c\u00f4ng nh\u1eadn l\u1eabn nhau c\u00f3 th\u1ec3:<br>1. N\u1ed9p ch\u01b0\u01a1ng tr\u00ecnh gi\u1ea3ng d\u1ea1y v\u00e0 quy tr\u00ecnh ki\u1ec3m tra \u0111\u1ec3 ch\u00fang t\u00f4i xem x\u00e9t<br>2. Ch\u1ee9ng minh s\u1ef1 ph\u00f9 h\u1ee3p v\u1edbi c\u00e1c ti\u00eau chu\u1ea9n gi\u00e1o d\u1ee5c c\u1ee7a BSW<br>3. Cung c\u1ea5p b\u1eb1ng ch\u1ee9ng v\u1ec1 cam k\u1ebft c\u1ea3i thi\u1ec7n hi\u1ec7u su\u1ea5t cho ng\u01b0\u1eddi ch\u01a1i<br>4. \u0110\u01b0a ra c\u00e1c v\u00ed d\u1ee5 v\u1ec1 c\u00e1ch h\u1ecd \u00e1p d\u1ee5ng l\u00fd thuy\u1ebft \u0111an c\u01b0\u1edbc v\u1ee3t v\u00e0o th\u1ef1c t\u1ebf<\/p>\n\n<\/div>\n<\/div>\n\n<div class=\"gb-container gb-container-90ecf704\">\n<div class=\"gb-container gb-container-5939e332\">\n\n<h3 class=\"gb-headline gb-headline-fd44004c gb-headline-text\"><span class=\"ez-toc-section\" id=\"Loi_ich_cua_viec_Hop_tac\"><\/span><strong><mark style=\"background-color:rgba(0, 0, 0, 0)\" class=\"has-inline-color has-global-color-9-color\">L\u1ee3i \u00edch<\/mark> c\u1ee7a vi\u1ec7c H\u1ee3p t\u00e1c<\/strong><span class=\"ez-toc-section-end\"><\/span><\/h3>\n\n\n\n<p class=\"gb-headline gb-headline-053891c0 gb-headline-text\">1. Chia s\u1ebb c\u00e1c ph\u01b0\u01a1ng ph\u00e1p t\u1ed1t nh\u1ea5t trong gi\u00e1o d\u1ee5c v\u1ec1 \u0111an c\u01b0\u1edbc v\u1ee3t<br>2. C\u00f4ng nh\u1eadn ch\u00e9o ch\u1ee9ng ch\u1ec9, m\u1edf r\u1ed9ng c\u01a1 h\u1ed9i cho c\u00e1c th\u1ee3 \u0111an v\u1ee3t<br>3. C\u00e1c s\u00e1ng ki\u1ebfn nghi\u00ean c\u1ee9u chung nh\u1eb1m n\u00e2ng cao hi\u1ec3u bi\u1ebft v\u1ec1 c\u00f4ng ngh\u1ec7 v\u1ee3t<br>4. T\u1ed5 ch\u1ee9c h\u1ed9i th\u1ea3o h\u1ee3p t\u00e1c \u0111\u1ec3 n\u00e2ng cao ti\u00eau chu\u1ea9n \u0111an c\u01b0\u1edbc v\u1ee3t to\u00e0n c\u1ea7u<\/p>\n\n<\/div>\n<\/div>\n\n<div class=\"gb-container gb-container-8ae3b9c0\">\n<div class=\"gb-container gb-container-0033085e\">\n\n<p>M\u1ee5c ti\u00eau c\u1ee7a ch\u00fang t\u00f4i l\u00e0 t\u1ea1o ra m\u1ed9t m\u1ea1ng l\u01b0\u1edbi c\u00e1c nh\u00e0 cung c\u1ea5p d\u1ecbch v\u1ee5 gi\u00e1o d\u1ee5c \u0111an c\u01b0\u1edbc v\u1ee3t ch\u1ea5t l\u01b0\u1ee3ng cao. Th\u00f4ng qua s\u1ef1 h\u1ee3p t\u00e1c n\u00e0y, ch\u00fang t\u00f4i mong mu\u1ed1n n\u00e2ng cao ti\u00eau chu\u1ea9n \u0111an c\u01b0\u1edbc v\u1ee3t tr\u00ean to\u00e0n th\u1ebf gi\u1edbi, mang l\u1ea1i l\u1ee3i \u00edch cu\u1ed1i c\u00f9ng cho ng\u01b0\u1eddi ch\u01a1i \u1edf m\u1ecdi c\u1ea5p \u0111\u1ed9.<\/p>\n\n\n\n<p>N\u1ebfu t\u1ed5 ch\u1ee9c c\u1ee7a b\u1ea1n c\u00f3 chung nh\u1eefng gi\u00e1 tr\u1ecb n\u00e0y v\u00e0 mu\u1ed1n t\u00ecm hi\u1ec3u c\u01a1 h\u1ed9i h\u1ee3p t\u00e1c, vui l\u00f2ng li\u00ean h\u1ec7 v\u1edbi ch\u00fang t\u00f4i qua <strong><a href=\"mailto:info@beststringer.com\">info@beststringer.com<\/a><\/strong>.<\/p>\n\n\n\n<p>C\u00f9ng nhau, ch\u00fang ta c\u00f3 th\u1ec3 c\u1ea3i thi\u1ec7n c\u00e1c m\u00f4n th\u1ec3 thao d\u00f9ng v\u1ee3t th\u00f4ng qua gi\u00e1o d\u1ee5c t\u1ed1t h\u01a1n v\u1ec1 \u0111an c\u01b0\u1edbc v\u1ee3t.<\/p>\n\n\n\n<figure class=\"gb-block-image gb-block-image-5ab81a85\"><img loading=\"lazy\" decoding=\"async\" width=\"819\" height=\"372\" class=\"gb-image gb-image-5ab81a85\" src=\"https:\/\/beststringer.com\/wp-content\/uploads\/2024\/10\/Collaborations-and-Recognitions-Best-Stringer-Worldwide-Racquet-Stringing-Certification.png\" alt=\"H\u1ee3p t\u00e1c v\u00e0 c\u00f4ng nh\u1eadn ch\u1ee9ng ch\u1ec9 \u0111an c\u01b0\u1edbc v\u1ee3t c\u1ee7a Best Stringer Worldwide t\u1ea1i {{COUNTRY_LOCAL}}\" title=\"H\u1ee3p t\u00e1c v\u00e0 c\u00f4ng nh\u1eadn ch\u1ee9ng ch\u1ec9 \u0111an c\u01b0\u1edbc v\u1ee3t c\u1ee7a Best Stringer Worldwide t\u1ea1i {{COUNTRY_LOCAL}}\" srcset=\"https:\/\/beststringer.com\/wp-content\/uploads\/2024\/10\/Collaborations-and-Recognitions-Best-Stringer-Worldwide-Racquet-Stringing-Certification.png 819w, https:\/\/beststringer.com\/wp-content\/uploads\/2024\/10\/Collaborations-and-Recognitions-Best-Stringer-Worldwide-Racquet-Stringing-Certification-300x136.png 300w, https:\/\/beststringer.com\/wp-content\/uploads\/2024\/10\/Collaborations-and-Recognitions-Best-Stringer-Worldwide-Racquet-Stringing-Certification-768x349.png 768w\" sizes=\"auto, (max-width: 819px) 100vw, 819px\" \/><\/figure>\n\n<\/div>\n<\/div>\n<\/div>\n\n<section class=\"gb-container gb-container-21e3c652\">\n<div class=\"gb-container gb-container-11344779\">\n\n<h3 class=\"gb-headline gb-headline-39f4cce2 gb-headline-text\"><span class=\"ez-toc-section\" id=\"Hop_tac_va_Cong_nhan_ve_Dan_cuoc_vot_tren_Toan_cau\"><\/span>H\u1ee3p t\u00e1c v\u00e0 C\u00f4ng nh\u1eadn v\u1ec1 \u0110an c\u01b0\u1edbc v\u1ee3t tr\u00ean To\u00e0n c\u1ea7u<span class=\"ez-toc-section-end\"><\/span><\/h3>\n\n\n\n<p class=\"gb-headline gb-headline-c6c5990e gb-headline-text\">Kh\u00e1m ph\u00e1 c\u00e1ch BSW \u0111ang h\u1ee3p t\u00e1c v\u1edbi c\u00e1c t\u1ed5 ch\u1ee9c tr\u00ean to\u00e0n th\u1ebf gi\u1edbi \u0111\u1ec3 c\u1ea3i thi\u1ec7n gi\u00e1o d\u1ee5c v\u1ec1 \u0111an c\u01b0\u1edbc v\u1ee3t. Video n\u00e0y gi\u1ea3i th\u00edch ph\u01b0\u01a1ng ph\u00e1p h\u1ee3p t\u00e1c c\u1ee7a ch\u00fang t\u00f4i, bao g\u1ed3m c\u00e1ch ch\u00fang t\u00f4i ch\u1ecdn \u0111\u1ed1i t\u00e1c, quy tr\u00ecnh c\u00f4ng nh\u1eadn, v\u00e0 l\u1ee3i \u00edch cho th\u1ee3 \u0111an v\u1ee3t c\u0169ng nh\u01b0 ng\u01b0\u1eddi ch\u01a1i. T\u00ecm hi\u1ec3u t\u1ea1i sao h\u1ee3p t\u00e1c trong gi\u00e1o d\u1ee5c \u0111an c\u01b0\u1edbc v\u1ee3t l\u1ea1i quan tr\u1ecdng cho t\u01b0\u01a1ng lai c\u1ee7a tennis, c\u1ea7u l\u00f4ng v\u00e0 squash.<\/p>\n\n\n<div class=\"gb-container gb-container-ec1a2ce6\">\n<div class=\"gb-container gb-container-238a634b\"><\/div>\n<\/div>\n\n\n<div id=\"youtube-player\"><\/div>\n<script>\n  var videoLoaded = false;\n\n  function loadYouTubeVideo() {\n    if (videoLoaded) return;\n    videoLoaded = true;\n    var tag = document.createElement('script');\n    tag.src = \"https:\/\/www.youtube.com\/iframe_api\";\n    var firstScriptTag = document.getElementsByTagName('script')[0];\n    firstScriptTag.parentNode.insertBefore(tag, firstScriptTag);\n  }\n\n  function onYouTubeIframeAPIReady() {\n    new YT.Player('youtube-player', {\n      height: '360',\n      width: '640',\n      videoId: 'B_reXwT_Stw', \/\/ Your video ID\n      events: {\n        'onReady': onPlayerReady\n      }\n    });\n  }\n\n  function onPlayerReady(event) {\n    \/\/ Video is ready to play\n  }\n\n  \/\/ Load the YouTube API script when the page is scrolled\n  window.addEventListener('scroll', loadYouTubeVideo, { once: true });\n\n  \/\/ Also load if the user hasn't scrolled after 3 seconds\n  setTimeout(loadYouTubeVideo, 3000);\n<\/script>\n\n<\/div>\n<\/section>\n\n<section class=\"gb-container gb-container-49b9586e\">\n<div class=\"gb-container gb-container-a2e9522c\"><\/div>\n\n<div class=\"gb-container gb-container-0e11192a\">\n\n<h3 class=\"gb-headline gb-headline-5cf408ee gb-headline-text\"><span class=\"ez-toc-section\" id=\"Tham_gia_Mang_luoi_Dan_cuoc_vot_Toan_cau_cua_BSW\"><\/span>Tham gia M\u1ea1ng l\u01b0\u1edbi \u0110an c\u01b0\u1edbc v\u1ee3t To\u00e0n c\u1ea7u c\u1ee7a BSW<span class=\"ez-toc-section-end\"><\/span><\/h3>\n\n\n<div class=\"gb-container gb-container-daaa2e63\">\n<div class=\"gb-container gb-container-bda621fe\"><\/div>\n\n<div class=\"gb-container gb-container-4b0ac72b\"><\/div>\n<\/div>\n\n\n<p class=\"gb-headline gb-headline-edf98545 gb-headline-text\">Chia s\u1ebb ki\u1ebfn th\u1ee9c v\u00e0 c\u1ea3i thi\u1ec7n gi\u00e1o d\u1ee5c v\u1ec1 \u0111an c\u01b0\u1edbc v\u1ee3t tr\u00ean to\u00e0n th\u1ebf gi\u1edbi. T\u00ecm hi\u1ec3u c\u00e1ch t\u1ed5 ch\u1ee9c c\u1ee7a b\u1ea1n c\u00f3 th\u1ec3 h\u1ee3p t\u00e1c v\u1edbi BSW \u0111\u1ec3 n\u00e2ng cao c\u00e1c ti\u00eau chu\u1ea9n trong m\u00f4n th\u1ec3 thao d\u00f9ng v\u1ee3t.<\/p>\n\n\n\n<a class=\"gb-button gb-button-a29641e0 gb-button-text\" href=\"https:\/\/beststringer.com\/vi\/global-stringing-skills-certification\/\">Ch\u1ee9ng ch\u1ec9 K\u1ef9 n\u0103ng To\u00e0n c\u1ea7u<\/a>\n\n<\/div>\n<\/section>","protected":false},"excerpt":{"rendered":"<p>T\u1ea1i Best Stringer Worldwide (BSW), ch\u00fang t\u00f4i tin v\u00e0o s\u1ee9c m\u1ea1nh c\u1ee7a s\u1ef1 h\u1ee3p t\u00e1c \u0111\u1ec3 th\u00fac \u0111\u1ea9y gi\u00e1o d\u1ee5c v\u1ec1 \u0111an c\u01b0\u1edbc v\u1ee3t v\u00e0 c\u1ea3i thi\u1ec7n c\u00e1c m\u00f4n th\u1ec3 thao d\u00f9ng v\u1ee3t tr\u00ean to\u00e0n c\u1ea7u. Ch\u00fang t\u00f4i hoan ngh\u00eanh quan h\u1ec7 \u0111\u1ed1i t\u00e1c v\u1edbi c\u00e1c t\u1ed5 ch\u1ee9c c\u00f3 chung t\u1ea7m nh\u00ecn gi\u00fap ng\u01b0\u1eddi ch\u01a1i &#8230; <a title=\"H\u1ee3p T\u00e1c BSW | Th\u00fac \u0110\u1ea9y Gi\u00e1o D\u1ee5c V\u1ec1 Stringing Cho C\u00e1c Stringer\" class=\"read-more\" href=\"https:\/\/beststringer.com\/vi\/collaborations-and-recognitions\/\" aria-label=\"Read more about H\u1ee3p T\u00e1c BSW | Th\u00fac \u0110\u1ea9y Gi\u00e1o D\u1ee5c V\u1ec1 Stringing Cho C\u00e1c Stringer\">Read more<\/a><\/p>\n","protected":false},"author":1,"featured_media":51194,"parent":0,"menu_order":0,"comment_status":"closed","ping_status":"closed","template":"","meta":{"footnotes":""},"class_list":{"0":"post-51193","1":"page","2":"type-page","3":"status-publish","4":"has-post-thumbnail","6":"infinite-scroll-item"},"_links":{"self":[{"href":"https:\/\/beststringer.com\/vi\/wp-json\/wp\/v2\/pages\/51193","targetHints":{"allow":["GET"]}}],"collection":[{"href":"https:\/\/beststringer.com\/vi\/wp-json\/wp\/v2\/pages"}],"about":[{"href":"https:\/\/beststringer.com\/vi\/wp-json\/wp\/v2\/types\/page"}],"author":[{"embeddable":true,"href":"https:\/\/beststringer.com\/vi\/wp-json\/wp\/v2\/users\/1"}],"replies":[{"embeddable":true,"href":"https:\/\/beststringer.com\/vi\/wp-json\/wp\/v2\/comments?post=51193"}],"version-history":[{"count":0,"href":"https:\/\/beststringer.com\/vi\/wp-json\/wp\/v2\/pages\/51193\/revisions"}],"wp:featuredmedia":[{"embeddable":true,"href":"https:\/\/beststringer.com\/vi\/wp-json\/wp\/v2\/media\/51194"}],"wp:attachment":[{"href":"https:\/\/beststringer.com\/vi\/wp-json\/wp\/v2\/media?parent=51193"}],"curies":[{"name":"wp","href":"https:\/\/api.w.org\/{rel}","templated":true}]}}