{"id":44236,"date":"2023-01-21T22:53:14","date_gmt":"2023-01-21T22:53:14","guid":{"rendered":"https:\/\/beststringer.com\/contact\/"},"modified":"2025-09-26T07:38:13","modified_gmt":"2025-09-26T07:38:13","slug":"contact","status":"publish","type":"page","link":"https:\/\/beststringer.com\/vi\/contact\/","title":{"rendered":"Li\u00ean H\u1ec7 Ch\u00fang T\u00f4i"},"content":{"rendered":"<section class=\"gb-container gb-container-59128a37\">\n<div class=\"gb-container gb-container-2a36c822\">\n\n<h2 class=\"gb-headline gb-headline-6907d725 gb-headline-text\">Li\u00ean h\u1ec7 Best Stringer Worldwide (C\u00e1c kho\u00e1 h\u1ecdc d\u00e0nh cho Th\u1ee3 \u0111an v\u1ee3t C\u1ea7u l\u00f4ng, Tennis v\u00e0 Squash)<\/h2>\n\n\n\n<p><strong>Xin l\u01b0u \u00fd<\/strong>: \u0110\u1ec3 bi\u1ebft th\u00f4ng tin v\u1ec1 c\u00e1c kho\u00e1 \u0111\u00e0o t\u1ea1o \u0111an c\u01b0\u1edbc v\u1ee3t ho\u1eb7c c\u00e1c kho\u00e1 ch\u1ee9ng nh\u1eadn s\u1eafp t\u1edbi, vui l\u00f2ng truy c\u1eadp trang web khu v\u1ef1c c\u1ee7a b\u1ea1n.<\/p>\n\n\n\n<p><strong>D\u00e0nh cho ng\u01b0\u1eddi \u0111\u0103ng k\u00fd<\/strong>: \u0110\u1ec3 \u0111\u0103ng k\u00fd kho\u00e1 h\u1ecdc ho\u1eb7c ch\u1ee9ng nh\u1eadn th\u1ee3 \u0111an v\u1ee3t c\u1ea7u l\u00f4ng, tennis ho\u1eb7c squash, vui l\u00f2ng s\u1eed d\u1ee5ng n\u00fat &#8220;<a href=\"https:\/\/beststringer.com\/stringing-course-application\/\"><strong>\u0110\u0103ng k\u00fd<\/strong><\/a>&#8221; \u1edf tr\u00ean. \u0110i\u1ec1u n\u00e0y gi\u00fap c\u00e1c chuy\u00ean gia th\u1ea9m \u0111\u1ecbnh ch\u1ee9ng nh\u1eadn c\u1ee7a BSW hi\u1ec3u r\u00f5 h\u01a1n v\u1ec1 kinh nghi\u1ec7m c\u1ee7a b\u1ea1n.<\/p>\n\n\n<div class=\"gb-container gb-container-5b4ac1a6\">\n\n<h2 class=\"gb-headline gb-headline-dcb2ee94 gb-headline-text\">V\u1ec1 Ch\u1ee9ng nh\u1eadn Th\u1ee3 \u0111an v\u1ee3t Chuy\u00ean nghi\u1ec7p BSW (\u0110an c\u01b0\u1edbc v\u1ee3t)<\/h2>\n\n\n\n<p>Best Stringer Worldwide cung c\u1ea5p <strong>C\u00e1c Kho\u00e1 h\u1ecdc d\u00e0nh cho Th\u1ee3 \u0111an v\u1ee3t C\u1ea7u l\u00f4ng, Tennis v\u00e0 Squash<\/strong> cho m\u1ecdi c\u1ea5p \u0111\u1ed9 k\u1ef9 n\u0103ng. <strong>Kho\u00e1 h\u1ecdc Th\u1ee3 \u0111an v\u1ee3t \u0111\u01b0\u1ee3c ch\u1ee9ng nh\u1eadn qu\u1ed1c t\u1ebf<\/strong> c\u1ee7a ch\u00fang t\u00f4i cung c\u1ea5p ch\u01b0\u01a1ng tr\u00ecnh \u0111\u00e0o t\u1ea1o chuy\u00ean nghi\u1ec7p cho nh\u1eefng ai mu\u1ed1n n\u00e2ng cao tay ngh\u1ec1.<\/p>\n\n\n\n<p>H\u1ecdc vi\u00ean ho\u00e0n th\u00e0nh ch\u01b0\u01a1ng tr\u00ecnh s\u1ebd nh\u1eadn \u0111\u01b0\u1ee3c <strong>Ch\u1ee9ng ch\u1ec9 \u0110an c\u01b0\u1edbc v\u1ee3t C\u1ea7u l\u00f4ng, Tennis v\u00e0 Squash<\/strong> ghi nh\u1eadn nh\u1eefng ki\u1ebfn th\u1ee9c \u0111\u00e3 h\u1ecdc. <strong>Ch\u1ee9ng ch\u1ec9 Th\u1ee3 \u0111an v\u1ee3t \u0111\u01b0\u1ee3c ch\u1ee9ng nh\u1eadn qu\u1ed1c t\u1ebf<\/strong> \u0111\u01b0\u1ee3c c\u00f4ng nh\u1eadn b\u1edfi Best Stringer Worldwide c\u00f9ng v\u1edbi <a href=\"https:\/\/beststringer.com\/vi\/international-stringer-accreditation-isa\/\"><strong>ISA (Ch\u1ee9ng nh\u1eadn Th\u1ee3 \u0111an v\u1ee3t Qu\u1ed1c t\u1ebf)<\/strong><\/a>. H\u1ecdc vi\u00ean t\u1ed1t nghi\u1ec7p c\u00f3 th\u1ec3 tham gia <strong>M\u1ea1ng l\u01b0\u1edbi Th\u1ee3 \u0111an v\u1ee3t Chuy\u00ean nghi\u1ec7p To\u00e0n c\u1ea7u<\/strong> c\u1ee7a ch\u00fang t\u00f4i.<\/p>\n\n\n\n<p><strong>L\u01b0u \u00fd<\/strong>: \u0110\u1ec3 bi\u1ebft th\u00f4ng tin v\u1ec1 c\u00e1c kho\u00e1 h\u1ecdc \u0111an c\u01b0\u1edbc v\u1ee3t c\u1ea7u l\u00f4ng t\u1ea1i khu v\u1ef1c c\u1ee7a b\u1ea1n, vui l\u00f2ng ki\u1ec3m tra trang web khu v\u1ef1c.<\/p>\n\n\n\n<iframe src=\"https:\/\/www.google.com\/maps\/embed?pb=!1m18!1m12!1m3!1d3983.512110481107!2d101.72853037497148!3d3.22182909675331!2m3!1f0!2f0!3f0!3m2!1i1024!2i768!4f13.1!3m3!1m2!1s0x31cc3940e852d0e3%3A0xe7b0509976b40fd3!2sBest%20Stringer%20Worldwide%20(BSW)!5e0!3m2!1sen!2smy!4v1732376142879!5m2!1sen!2smy\" width=\"600\" height=\"450\" style=\"border:0;\" allowfullscreen=\"\" loading=\"lazy\" referrerpolicy=\"no-referrer-when-downgrade\"><\/iframe>\n\n<\/div>\n<\/div>\n\n<div class=\"gb-container gb-container-3ad0dd62\">\n<div class=\"gb-container gb-container-98d407db\">\n\n<h3 class=\"gb-headline gb-headline-641c0722 gb-headline-text\">Th\u00f4ng tin li\u00ean h\u1ec7 BSW<\/h3>\n\n\n\n<p class=\"gb-headline gb-headline-dfc34795 gb-headline-text\">( Kho\u00e1 h\u1ecdc v\u00e0 Ch\u1ee9ng nh\u1eadn \u0110an c\u01b0\u1edbc v\u1ee3t )<\/p>\n\n\n\n<p>Th\u1eafc m\u1eafc chung v\u00e0 Th\u00f4ng tin: <a href=\"mailto:general@beststringer.com\">beststringerworldwide@gmail.com<\/a><\/p>\n\n\n\n<p>BSW (Best Stringer Worldwide) cam k\u1ebft duy tr\u00ec c\u00e1c ti\u00eau chu\u1ea9n ch\u1ea5t l\u01b0\u1ee3ng ch\u1ee9ng nh\u1eadn v\u00e0 s\u1ebd gi\u1ea3i quy\u1ebft c\u00e1c khi\u1ebfu n\u1ea1i ho\u1eb7c ph\u1ea3n h\u1ed3i v\u1ec1 d\u1ecbch v\u1ee5 \u0111an c\u01b0\u1edbc kh\u00f4ng \u0111\u1ea1t y\u00eau c\u1ea7u do c\u00e1c Th\u1ee3 \u0111an v\u1ee3t \u0111\u01b0\u1ee3c ch\u1ee9ng nh\u1eadn qu\u1ed1c t\u1ebf c\u1ee7a BSW cung c\u1ea5p.<\/p>\n\n<\/div>\n\n<div class=\"gb-container gb-container-979a73e3\">\n\n<h3 class=\"gb-headline gb-headline-4270ba4f gb-headline-text\">Ch\u01b0\u01a1ng tr\u00ecnh \u0110\u00e0o t\u1ea1o: Gi\u1edd <mark class=\"gb-highlight\">l\u00e0m vi\u1ec7c<\/mark><\/h3>\n\n\n<div class=\"gb-container gb-container-3afbe1fd\">\n\n<p class=\"gb-headline gb-headline-c9e792f4 gb-headline-text\">Th\u1ee9 Hai<\/p>\n\n\n\n<p class=\"gb-headline gb-headline-f5f04483 gb-headline-text\">09:00 &#8211; 18:00<\/p>\n\n<\/div>\n\n<div class=\"gb-container gb-container-96995c8e\">\n\n<p class=\"gb-headline gb-headline-213d30b6 gb-headline-text\">Th\u1ee9 Ba<\/p>\n\n\n\n<p class=\"gb-headline gb-headline-6c963cee gb-headline-text\">09:00 &#8211; 18:00<\/p>\n\n<\/div>\n\n<div class=\"gb-container gb-container-0701bc76\">\n\n<p class=\"gb-headline gb-headline-7952cce9 gb-headline-text\">Th\u1ee9 T\u01b0<\/p>\n\n\n\n<p class=\"gb-headline gb-headline-c2bd6fe9 gb-headline-text\">09:00 &#8211; 18:00<\/p>\n\n<\/div>\n\n<div class=\"gb-container gb-container-19030fca\">\n\n<p class=\"gb-headline gb-headline-ca89f9a0 gb-headline-text\">Th\u1ee9 N\u0103m<\/p>\n\n\n\n<p class=\"gb-headline gb-headline-c1d739e4 gb-headline-text\">09:00 &#8211; 18:00<\/p>\n\n<\/div>\n\n<div class=\"gb-container gb-container-1020cc21\">\n\n<p class=\"gb-headline gb-headline-87c5890e gb-headline-text\">Th\u1ee9 S\u00e1u<\/p>\n\n\n\n<p class=\"gb-headline gb-headline-969b20ce gb-headline-text\">09:00 &#8211; 18:00<\/p>\n\n<\/div>\n\n<div class=\"gb-container gb-container-3cd40d1a\">\n\n<p class=\"gb-headline gb-headline-9b3ff58c gb-headline-text\">Th\u1ee9 B\u1ea3y<\/p>\n\n\n\n<p class=\"gb-headline gb-headline-1c223e37 gb-headline-text\">09:00 &#8211; 18:00<\/p>\n\n<\/div>\n\n<div class=\"gb-container gb-container-6b5d7a89\">\n\n<p class=\"gb-headline gb-headline-f7d34d62 gb-headline-text\">Ch\u1ee7 Nh\u1eadt<\/p>\n\n\n\n<span class=\"gb-button gb-button-3411c3f5 gb-button-text\">\u0110\u00f3ng c\u1eeda<\/span>\n\n<\/div>\n<\/div>\n<\/div>\n<\/section>","protected":false},"excerpt":{"rendered":"<p>Li\u00ean h\u1ec7 Best Stringer Worldwide (C\u00e1c kho\u00e1 h\u1ecdc d\u00e0nh cho Th\u1ee3 \u0111an v\u1ee3t C\u1ea7u l\u00f4ng, Tennis v\u00e0 Squash) Xin l\u01b0u \u00fd: \u0110\u1ec3 bi\u1ebft th\u00f4ng tin v\u1ec1 c\u00e1c kho\u00e1 \u0111\u00e0o t\u1ea1o \u0111an c\u01b0\u1edbc v\u1ee3t ho\u1eb7c c\u00e1c kho\u00e1 ch\u1ee9ng nh\u1eadn s\u1eafp t\u1edbi, vui l\u00f2ng truy c\u1eadp trang web khu v\u1ef1c c\u1ee7a b\u1ea1n. D\u00e0nh cho ng\u01b0\u1eddi \u0111\u0103ng k\u00fd: &#8230; <a title=\"Li\u00ean H\u1ec7 Ch\u00fang T\u00f4i\" class=\"read-more\" href=\"https:\/\/beststringer.com\/vi\/contact\/\" aria-label=\"Read more about Li\u00ean H\u1ec7 Ch\u00fang T\u00f4i\">Read more<\/a><\/p>\n","protected":false},"author":1,"featured_media":0,"parent":0,"menu_order":0,"comment_status":"closed","ping_status":"closed","template":"","meta":{"footnotes":""},"class_list":{"0":"post-44236","1":"page","2":"type-page","3":"status-publish","5":"infinite-scroll-item"},"_links":{"self":[{"href":"https:\/\/beststringer.com\/vi\/wp-json\/wp\/v2\/pages\/44236","targetHints":{"allow":["GET"]}}],"collection":[{"href":"https:\/\/beststringer.com\/vi\/wp-json\/wp\/v2\/pages"}],"about":[{"href":"https:\/\/beststringer.com\/vi\/wp-json\/wp\/v2\/types\/page"}],"author":[{"embeddable":true,"href":"https:\/\/beststringer.com\/vi\/wp-json\/wp\/v2\/users\/1"}],"replies":[{"embeddable":true,"href":"https:\/\/beststringer.com\/vi\/wp-json\/wp\/v2\/comments?post=44236"}],"version-history":[{"count":0,"href":"https:\/\/beststringer.com\/vi\/wp-json\/wp\/v2\/pages\/44236\/revisions"}],"wp:attachment":[{"href":"https:\/\/beststringer.com\/vi\/wp-json\/wp\/v2\/media?parent=44236"}],"curies":[{"name":"wp","href":"https:\/\/api.w.org\/{rel}","templated":true}]}}