{"id":42603,"date":"2024-08-30T02:53:33","date_gmt":"2024-08-30T02:53:33","guid":{"rendered":"https:\/\/beststringer.com\/find-best-stringer\/"},"modified":"2026-04-17T08:07:44","modified_gmt":"2026-04-17T08:07:44","slug":"find-best-stringer","status":"publish","type":"page","link":"https:\/\/beststringer.com\/vi\/find-best-stringer\/","title":{"rendered":"T\u00ecm Stringer Pro \u0110\u01b0\u1ee3c Ch\u1ee9ng Nh\u1eadn T\u1ed1t Nh\u1ea5t G\u1ea7n B\u1ea1n"},"content":{"rendered":"<section class=\"gb-container gb-container-3a9f20fb\">\n\n<h3 class=\"gb-headline gb-headline-5cf408ee gb-headline-text\">C\u00e1c Th\u1ee3 \u0110an V\u1ee3t H\u00e0ng \u0110\u1ea7u Th\u1ebf Gi\u1edbi \u0110\u01b0\u1ee3c Ch\u1ee9ng Nh\u1eadn Qu\u1ed1c T\u1ebf<\/h3>\n\n\n<div class=\"gb-container gb-container-daaa2e63\">\n<div class=\"gb-container gb-container-bda621fe\"><\/div>\n\n<div class=\"gb-container gb-container-4b0ac72b\"><\/div>\n<\/div>\n\n\n<p>Best Stringer Worldwide (BSW) li\u1ec7t k\u00ea c\u00e1c th\u1ee3 \u0111an v\u1ee3t t\u1eeb kh\u1eafp n\u01a1i tr\u00ean th\u1ebf gi\u1edbi \u0111\u00e3 \u0111\u1ea1t \u0111\u01b0\u1ee3c tr\u00ecnh \u0111\u1ed9 chuy\u00ean m\u00f4n cao nh\u1ea5t trong d\u1ecbch v\u1ee5 \u0111an c\u01b0\u1edbc v\u1ee3t. Vi\u1ec7c c\u00f3 t\u00ean trong danh s\u00e1ch n\u00e0y ch\u1ee9ng t\u1ecf s\u1ef1 am hi\u1ec3u to\u00e0n di\u1ec7n c\u1ee7a h\u1ecd v\u1ec1 ki\u1ebfn th\u1ee9c \u0111an c\u01b0\u1edbc v\u1ee3t v\u00e0 kh\u1eb3ng \u0111\u1ecbnh v\u1ecb th\u1ebf c\u1ee7a h\u1ecd l\u00e0 nh\u1eefng th\u1ee3 \u0111an v\u1ee3t chuy\u00ean nghi\u1ec7p h\u00e0ng \u0111\u1ea7u.<\/p>\n\n\n<div id=\"footable_parent_68908\"\n         class=\" footable_parent ninja_table_wrapper loading_ninja_table wp_table_data_press_parent bootstrap3 colored_table\">\n                <table data-ninja_table_instance=\"ninja_table_instance_0\" data-footable_id=\"68908\" data-filter-delay=\"1000\" aria-label=\"Best Stringer List - VI\"            id=\"footable_68908\"\n           data-unique_identifier=\"ninja_table_unique_id_3717583518_68908\"\n           class=\" foo-table ninja_footable foo_table_68908 ninja_table_unique_id_3717583518_68908 table  ninja_search_right nt_type_legacy_table vertical_centered ninja_custom_color inverted footable-paging-right ninja_table_pro\">\n                <colgroup>\n                            <col class=\"ninja_column_0 \">\n                            <col class=\"ninja_column_1 \">\n                            <col class=\"ninja_column_2 \">\n                            <col class=\"ninja_column_3 \">\n                            <col class=\"ninja_column_4 \">\n                            <col class=\"ninja_column_5 \">\n                            <col class=\"ninja_column_6 \">\n                            <col class=\"ninja_column_7 \">\n                            <col class=\"ninja_column_8 \">\n                    <\/colgroup>\n        <thead>\n<tr class=\"footable-header\">\n                                                                                                                                                        <th scope=\"col\"  class=\"ninja_column_0 ninja_clmn_nm_plugin \">T\u00ean<\/th><th scope=\"col\"  class=\"ninja_column_1 ninja_clmn_nm_image \">Stringer<\/th><th scope=\"col\"  class=\"ninja_column_2 ninja_clmn_nm_gender \">Gi\u1edbi t\u00ednh<\/th><th scope=\"col\"  class=\"ninja_column_3 ninja_clmn_nm_id \">ID<\/th><th scope=\"col\"  class=\"ninja_column_4 ninja_clmn_nm_contact  \">Qu\u1ed1c gia<\/th><th scope=\"col\"  class=\"ninja_column_5 ninja_clmn_nm_specialty \">Chuy\u00ean m\u00f4n<\/th><th scope=\"col\"  class=\"ninja_column_6 ninja_clmn_nm_strength \">Th\u1ebf m\u1ea1nh<\/th><th scope=\"col\"  class=\"ninja_column_7 ninja_clmn_nm_rating \">Ch\u1ee9ng nh\u1eadn<\/th><th scope=\"col\"  class=\"ninja_column_8 ninja_clmn_nm_download \">H\u1ed3 s\u01a1 khu v\u1ef1c<\/th><\/tr>\n<\/thead>\n<tbody>\n\n        <tr data-row_id=\"6951\" class=\"ninja_table_row_0 nt_row_id_6951\">\n            <td><strong>Jimmy Johanes Tjandra<\/strong><\/td><td data-json_values={\"permalink\":\"\",\"image_thumb\":\"https:\\\/\\\/beststringer.com\\\/wp-content\\\/uploads\\\/2026\\\/01\\\/Jimmy-Johanes-Tjandra-BSW-Certified-Badminton-Stringer-from-Kupang-Indonesia-Certified-Stringer-Pro-Stringer-300x300.jpg\",\"image_full\":\"https:\\\/\\\/beststringer.com\\\/wp-content\\\/uploads\\\/2026\\\/01\\\/Jimmy-Johanes-Tjandra-BSW-Certified-Badminton-Stringer-from-Kupang-Indonesia-Certified-Stringer-Pro-Stringer.jpg\",\"alt_text\":\"Jimmy Johanes Tjandra - BSW Certified Badminton Stringer from Kupang Indonesia Certified Stringer Pro Stringer\"}><img decoding=\"async\" alt=\"Jimmy Johanes Tjandra - BSW Certified Badminton Stringer from Kupang Indonesia Certified Stringer Pro Stringer\" class=\"nt_image_type_thumb\" src=\"https:\/\/beststringer.com\/wp-content\/uploads\/2026\/01\/Jimmy-Johanes-Tjandra-BSW-Certified-Badminton-Stringer-from-Kupang-Indonesia-Certified-Stringer-Pro-Stringer-300x300.jpg\"\/><\/td><td>Nam<\/td><td>BS260100013<\/td><td>Indonesia<\/td><td>C\u1ea7u l\u00f4ng<\/td><td>2 n\u00fat, 4 n\u00fat, Around the World<\/td><td><p style=\"text-align: center;\">Stringer C\u1ea7u l\u00f4ng \u0110\u01b0\u1ee3c Ch\u1ee9ng nh\u1eadn (CBS)\u00a0<br \/>Stringer Pro \u0110\u01b0\u1ee3c Ch\u1ee9ng nh\u1eadn<strong><\/strong><\/p><\/td><td><a target=\"_self\"  class=\"nt_btn nt_rounded_btn\" style=\"color: rgba(255, 255, 255, 1);background-color: rgba(47, 69, 157, 1);border-color: rgba(54, 184, 42, 1);\" rel=\"\" href=\"https:\/\/beststringer.com\/vi\/stringers\/indonesia\/kupang\/jimmy-johanes-tjandra\/\">Xem Stringer<\/a><\/td>        <\/tr>\n            <tr data-row_id=\"6950\" class=\"ninja_table_row_1 nt_row_id_6950\">\n            <td><strong><span class=\"OYPEnA font-feature-liga-off font-feature-clig-off font-feature-calt-off text-decoration-none text-strikethrough-none\">Purnomo<\/span><\/strong><\/td><td data-json_values={\"permalink\":\"\",\"image_thumb\":\"https:\\\/\\\/beststringer.com\\\/wp-content\\\/uploads\\\/2025\\\/08\\\/Purnomo-BSW-Certified-Badminton-Stringer-from-Batam-Indonesia-Certified-Stringer-Pro-Stringer-300x300.jpg\",\"image_full\":\"https:\\\/\\\/beststringer.com\\\/wp-content\\\/uploads\\\/2025\\\/08\\\/Purnomo-BSW-Certified-Badminton-Stringer-from-Batam-Indonesia-Certified-Stringer-Pro-Stringer.jpg\",\"alt_text\":\"Purnomo - BSW Certified Badminton Stringer from Batam Indonesia Certified Stringer Pro Stringer\"}><img decoding=\"async\" alt=\"Purnomo - BSW Certified Badminton Stringer from Batam Indonesia Certified Stringer Pro Stringer\" class=\"nt_image_type_thumb\" src=\"https:\/\/beststringer.com\/wp-content\/uploads\/2025\/08\/Purnomo-BSW-Certified-Badminton-Stringer-from-Batam-Indonesia-Certified-Stringer-Pro-Stringer-300x300.jpg\"\/><\/td><td>Nam<\/td><td>BS250828010<\/td><td>Indonesia<\/td><td>C\u1ea7u l\u00f4ng<\/td><td>2 n\u00fat, 4 n\u00fat, Around the World<\/td><td><p style=\"text-align: center;\">Stringer C\u1ea7u l\u00f4ng \u0110\u01b0\u1ee3c Ch\u1ee9ng nh\u1eadn (CBS)\u00a0<br \/>Stringer Pro \u0110\u01b0\u1ee3c Ch\u1ee9ng nh\u1eadn<strong><\/strong><\/p><\/td><td><a target=\"_self\"  class=\"nt_btn nt_rounded_btn\" style=\"color: rgba(255, 255, 255, 1);background-color: rgba(47, 69, 157, 1);border-color: rgba(54, 184, 42, 1);\" rel=\"\" href=\"https:\/\/beststringer.com\/vi\/stringers\/indonesia\/batam\/purnomo\/\">Xem Stringer<\/a><\/td>        <\/tr>\n            <tr data-row_id=\"6949\" class=\"ninja_table_row_2 nt_row_id_6949\">\n            <td><strong><span class=\"OYPEnA font-feature-liga-off font-feature-clig-off font-feature-calt-off text-decoration-none text-strikethrough-none\">Mevyn Chin<\/span><\/strong><\/td><td data-json_values={\"permalink\":\"\",\"image_thumb\":\"https:\\\/\\\/beststringer.com\\\/wp-content\\\/uploads\\\/2025\\\/09\\\/Melvin-Chin-BSW-Certified-Badminton-Stringer-from-Ireland-300x300.jpg\",\"image_full\":\"https:\\\/\\\/beststringer.com\\\/wp-content\\\/uploads\\\/2025\\\/09\\\/Melvin-Chin-BSW-Certified-Badminton-Stringer-from-Ireland.jpg\",\"alt_text\":\"Melvin Chin - BSW Certified Badminton Stringer from Ireland\"}><img decoding=\"async\" alt=\"Melvin Chin - BSW Certified Badminton Stringer from Ireland\" class=\"nt_image_type_thumb\" src=\"https:\/\/beststringer.com\/wp-content\/uploads\/2025\/09\/Melvin-Chin-BSW-Certified-Badminton-Stringer-from-Ireland-300x300.jpg\"\/><\/td><td>Nam<\/td><td>BS250112005<\/td><td>Ireland<\/td><td>C\u1ea7u l\u00f4ng<\/td><td>2 n\u00fat, 4 n\u00fat, Around the World<\/td><td><p style=\"text-align: center;\">Stringer C\u1ea7u l\u00f4ng \u0110\u01b0\u1ee3c Ch\u1ee9ng nh\u1eadn (CBS)\u00a0<br \/>Stringer Pro \u0110\u01b0\u1ee3c Ch\u1ee9ng nh\u1eadn<strong><\/strong><\/p><\/td><td><a target=\"_self\"  class=\"nt_btn nt_rounded_btn\" style=\"color: rgba(255, 255, 255, 1);background-color: rgba(47, 69, 157, 1);border-color: rgba(54, 184, 42, 1);\" rel=\"\" href=\"https:\/\/beststringer.com\/vi\/stringers\/ireland\/cork\/mevyn-chin\/\">Xem Stringer<\/a><\/td>        <\/tr>\n            <tr data-row_id=\"6948\" class=\"ninja_table_row_3 nt_row_id_6948\">\n            <td><strong><span class=\"OYPEnA font-feature-liga-off font-feature-clig-off font-feature-calt-off text-decoration-none text-strikethrough-none\">Leow Yee Peng<\/span><\/strong><\/td><td data-json_values={\"permalink\":\"\",\"image_thumb\":\"https:\\\/\\\/beststringer.com\\\/wp-content\\\/uploads\\\/2025\\\/05\\\/Leow-Yee-Peng-participating-in-BSW-stringing-training-session-Certified-Stringer-300x300.jpg\",\"image_full\":\"https:\\\/\\\/beststringer.com\\\/wp-content\\\/uploads\\\/2025\\\/05\\\/Leow-Yee-Peng-participating-in-BSW-stringing-training-session-Certified-Stringer.jpg\",\"alt_text\":\"Leow Yee Peng participating in BSW stringing training session Certified Stringer\"}><img decoding=\"async\" alt=\"Leow Yee Peng participating in BSW stringing training session Certified Stringer\" class=\"nt_image_type_thumb\" src=\"https:\/\/beststringer.com\/wp-content\/uploads\/2025\/05\/Leow-Yee-Peng-participating-in-BSW-stringing-training-session-Certified-Stringer-300x300.jpg\"\/><\/td><td>N\u1eef<\/td><td>BS250112003<\/td><td>Malaysia<\/td><td>C\u1ea7u l\u00f4ng<\/td><td>2 n\u00fat, 4 n\u00fat, Around the World<\/td><td><p style=\"text-align: center;\">Stringer C\u1ea7u l\u00f4ng \u0110\u01b0\u1ee3c Ch\u1ee9ng nh\u1eadn (CBS)<br \/>Stringer Pro \u0110\u01b0\u1ee3c Ch\u1ee9ng nh\u1eadn<strong><br \/><\/strong><\/p><\/td><td><a target=\"_self\"  class=\"nt_btn nt_rounded_btn\" style=\"color: rgba(255, 255, 255, 1);background-color: rgba(47, 69, 157, 1);border-color: rgba(54, 184, 42, 1);\" rel=\"\" href=\"https:\/\/beststringer.com\/vi\/stringers\/malaysia\/kedah\/langkawi\/kuah\/leow-yee-peng\/\">Xem Stringer<\/a><\/td>        <\/tr>\n            <tr data-row_id=\"6947\" class=\"ninja_table_row_4 nt_row_id_6947\">\n            <td><strong>Jeremy Chiang<\/strong><\/td><td data-json_values={\"permalink\":\"\",\"image_thumb\":\"https:\\\/\\\/beststringer.com\\\/wp-content\\\/uploads\\\/2025\\\/04\\\/jeremy-chiang-certified-badminton-stringer-300x300.jpg\",\"image_full\":\"https:\\\/\\\/beststringer.com\\\/wp-content\\\/uploads\\\/2025\\\/04\\\/jeremy-chiang-certified-badminton-stringer.jpg\",\"alt_text\":\"Jeremy Chiang Certified Badminton Stringer Singapore\"}><img decoding=\"async\" alt=\"Jeremy Chiang Certified Badminton Stringer Singapore\" class=\"nt_image_type_thumb\" src=\"https:\/\/beststringer.com\/wp-content\/uploads\/2025\/04\/jeremy-chiang-certified-badminton-stringer-300x300.jpg\"\/><\/td><td>Nam<\/td><td>BS250323008<\/td><td>Singapore<\/td><td>C\u1ea7u l\u00f4ng<\/td><td>2 n\u00fat, 4 n\u00fat, Around the World<\/td><td><p style=\"text-align: center;\">Stringer C\u1ea7u l\u00f4ng \u0110\u01b0\u1ee3c Ch\u1ee9ng nh\u1eadn (CBS)<br \/>Stringer Pro \u0110\u01b0\u1ee3c Ch\u1ee9ng nh\u1eadn<strong><br \/><\/strong><\/p><\/td><td><a target=\"_self\"  class=\"nt_btn nt_rounded_btn\" style=\"color: rgba(255, 255, 255, 1);background-color: rgba(47, 69, 157, 1);border-color: rgba(54, 184, 42, 1);\" rel=\"\" href=\"https:\/\/beststringer.com\/vi\/stringers\/singapore\/paya-lebar\/jeremy-chiang\/\">Xem Stringer<\/a><\/td>        <\/tr>\n            <tr data-row_id=\"6946\" class=\"ninja_table_row_5 nt_row_id_6946\">\n            <td><strong>Kek He Jing<\/strong><\/td><td data-json_values={\"permalink\":\"\",\"image_thumb\":\"https:\\\/\\\/beststringer.com\\\/wp-content\\\/uploads\\\/2025\\\/01\\\/Personal-Badminton-Playing-and-Stringing-Background-Kek-He-Jing-Stringer-by-BSW-Certified-Stringer-300x300.jpg\",\"image_full\":\"https:\\\/\\\/beststringer.com\\\/wp-content\\\/uploads\\\/2025\\\/01\\\/Personal-Badminton-Playing-and-Stringing-Background-Kek-He-Jing-Stringer-by-BSW-Certified-Stringer.jpg\",\"alt_text\":\"Personal Badminton Playing and Stringing Background Kek He Jing Stringer by BSW Certified Stringer\"}><img decoding=\"async\" alt=\"Personal Badminton Playing and Stringing Background Kek He Jing Stringer by BSW Certified Stringer\" class=\"nt_image_type_thumb\" src=\"https:\/\/beststringer.com\/wp-content\/uploads\/2025\/01\/Personal-Badminton-Playing-and-Stringing-Background-Kek-He-Jing-Stringer-by-BSW-Certified-Stringer-300x300.jpg\"\/><\/td><td>Nam<\/td><td>BS25010007<\/td><td>Malaysia<\/td><td>C\u1ea7u l\u00f4ng<\/td><td>2 n\u00fat, 4 n\u00fat, Around the World<\/td><td><p style=\"text-align: center;\">Stringer C\u1ea7u l\u00f4ng \u0110\u01b0\u1ee3c Ch\u1ee9ng nh\u1eadn (CBS)<br \/>Stringer Pro \u0110\u01b0\u1ee3c Ch\u1ee9ng nh\u1eadn<strong><br \/><\/strong><\/p><\/td><td><a target=\"_self\"  class=\"nt_btn nt_rounded_btn\" style=\"color: rgba(255, 255, 255, 1);background-color: rgba(47, 69, 157, 1);border-color: rgba(54, 184, 42, 1);\" rel=\"\" href=\"https:\/\/beststringer.com\/vi\/stringers\/malaysia\/johor\/kluang\/kek-he-jing\/\">Xem Stringer<\/a><\/td>        <\/tr>\n            <tr data-row_id=\"6945\" class=\"ninja_table_row_6 nt_row_id_6945\">\n            <td><strong>Siew Ging Yang<\/strong><\/td><td data-json_values={\"permalink\":\"\",\"image_thumb\":\"https:\\\/\\\/beststringer.com\\\/wp-content\\\/uploads\\\/2024\\\/08\\\/Siew-GIng-Yang-Certified-Badminton-Stringer-by-Best-Stringer-Worldwide-300x300.jpg\",\"image_full\":\"https:\\\/\\\/beststringer.com\\\/wp-content\\\/uploads\\\/2024\\\/08\\\/Siew-GIng-Yang-Certified-Badminton-Stringer-by-Best-Stringer-Worldwide.jpg\",\"alt_text\":\"Siew GIng Yang Certified Badminton Stringer by Best Stringer Worldwide\"}><img decoding=\"async\" alt=\"Siew GIng Yang Certified Badminton Stringer by Best Stringer Worldwide\" class=\"nt_image_type_thumb\" src=\"https:\/\/beststringer.com\/wp-content\/uploads\/2024\/08\/Siew-GIng-Yang-Certified-Badminton-Stringer-by-Best-Stringer-Worldwide-300x300.jpg\"\/><\/td><td>Nam<\/td><td>BS24093001<\/td><td>Malaysia<\/td><td>C\u1ea7u l\u00f4ng<\/td><td>2 n\u00fat, 4 n\u00fat, Around the World<\/td><td><p style=\"text-align: center;\">Stringer C\u1ea7u l\u00f4ng \u0110\u01b0\u1ee3c Ch\u1ee9ng nh\u1eadn (CBS)<br \/>Stringer Pro \u0110\u01b0\u1ee3c Ch\u1ee9ng nh\u1eadn<strong><br \/><\/strong><\/p><\/td><td><a target=\"_self\"  class=\"nt_btn nt_rounded_btn\" style=\"color: rgba(255, 255, 255, 1);background-color: rgba(47, 69, 157, 1);border-color: rgba(54, 184, 42, 1);\" rel=\"\" href=\"https:\/\/beststringer.com\/vi\/stringers\/malaysia\/selangor\/cyber-jaya\/siew-ging-yang\/\">Xem Stringer<\/a><\/td>        <\/tr>\n            <tr data-row_id=\"6944\" class=\"ninja_table_row_7 nt_row_id_6944\">\n            <td><strong>Eric Chuar<\/strong><\/td><td data-json_values={\"permalink\":\"\",\"image_thumb\":\"https:\\\/\\\/beststringer.com\\\/wp-content\\\/uploads\\\/2024\\\/11\\\/Eric-Chuar-BSW-Certified-Badminton-Stringer-Malaysia-Setapak-300x300.jpg\",\"image_full\":\"https:\\\/\\\/beststringer.com\\\/wp-content\\\/uploads\\\/2024\\\/11\\\/Eric-Chuar-BSW-Certified-Badminton-Stringer-Malaysia-Setapak.jpg\",\"alt_text\":\"Eric Chuar BSW Certified Badminton Stringer Malaysia Setapak\"}><img decoding=\"async\" alt=\"Eric Chuar BSW Certified Badminton Stringer Malaysia Setapak\" class=\"nt_image_type_thumb\" src=\"https:\/\/beststringer.com\/wp-content\/uploads\/2024\/11\/Eric-Chuar-BSW-Certified-Badminton-Stringer-Malaysia-Setapak-300x300.jpg\"\/><\/td><td>Nam<\/td><td>BS19093000<\/td><td>Malaysia<\/td><td>C\u1ea7u l\u00f4ng, Qu\u1ea7n v\u1ee3t, Squash<\/td><td>2 n\u00fat, 4 n\u00fat, Around the World<\/td><td><p style=\"text-align: center;\">Stringer C\u1ea7u l\u00f4ng \u0110\u01b0\u1ee3c Ch\u1ee9ng nh\u1eadn (CBS)<br \/>Stringer Pro \u0110\u01b0\u1ee3c Ch\u1ee9ng nh\u1eadn<strong><br \/><\/strong><\/p><\/td><td><a target=\"_self\"  class=\"nt_btn nt_rounded_btn\" style=\"color: rgba(255, 255, 255, 1);background-color: rgba(47, 69, 157, 1);border-color: rgba(54, 184, 42, 1);\" rel=\"\" href=\"https:\/\/beststringer.com\/vi\/stringers\/malaysia\/kuala-lumpur\/setapak\/eric-chuar\/\">Xem Stringer<\/a><\/td>        <\/tr>\n    <\/tbody><!--ninja_tobody_rendering_done-->\n    <\/table>\n    \n    \n    \n<\/div>\n\n\n<\/section>\n\n<section class=\"gb-container gb-container-9d862364\">\n\n<figure class=\"gb-block-image gb-block-image-f0759e94\"><img loading=\"lazy\" decoding=\"async\" width=\"825\" height=\"282\" class=\"gb-image gb-image-f0759e94\" src=\"https:\/\/beststringer.com\/wp-content\/uploads\/2025\/06\/BSW-certified-stringer-Pro-directory-to-find-qualified-professionals-near-you-for-badminton-tennis-squash-stringing.png\" alt=\"Ch\u01b0\u01a1ng tr\u00ecnh \u0111\u00e0o t\u1ea1o Certified Stringer Pro d\u00e0nh cho ch\u1ee9ng nh\u1eadn qu\u1ed1c t\u1ebf v\u1ec1 \u0111an c\u01b0\u1edbc v\u1ee3t c\u1ea7u l\u00f4ng, tennis v\u00e0 squash c\u1ee7a BSW\" title=\"Ch\u01b0\u01a1ng tr\u00ecnh \u0111\u00e0o t\u1ea1o Certified Stringer Pro d\u00e0nh cho ch\u1ee9ng nh\u1eadn qu\u1ed1c t\u1ebf v\u1ec1 \u0111an c\u01b0\u1edbc v\u1ee3t c\u1ea7u l\u00f4ng, tennis v\u00e0 squash c\u1ee7a BSW\" srcset=\"https:\/\/beststringer.com\/wp-content\/uploads\/2025\/06\/BSW-certified-stringer-Pro-directory-to-find-qualified-professionals-near-you-for-badminton-tennis-squash-stringing.png 825w, https:\/\/beststringer.com\/wp-content\/uploads\/2025\/06\/BSW-certified-stringer-Pro-directory-to-find-qualified-professionals-near-you-for-badminton-tennis-squash-stringing-300x103.png 300w, https:\/\/beststringer.com\/wp-content\/uploads\/2025\/06\/BSW-certified-stringer-Pro-directory-to-find-qualified-professionals-near-you-for-badminton-tennis-squash-stringing-768x263.png 768w\" sizes=\"auto, (max-width: 825px) 100vw, 825px\" \/><\/figure>\n\n\n\n<h3 class=\"gb-headline gb-headline-3aa2bd12 gb-headline-text\"><br>L\u01b0u \u00fd t\u1eeb BSW<\/h3>\n\n\n<div class=\"gb-container gb-container-95bc86bb\">\n<div class=\"gb-container gb-container-dcef2d61\"><\/div>\n\n<div class=\"gb-container gb-container-e965f67a\"><\/div>\n<\/div>\n\n\n<p>Nh\u1eefng c\u00e1 nh\u00e2n n\u00e0y \u0111\u00e3 v\u01b0\u1ee3t qua th\u00e0nh c\u00f4ng c\u00e1c k\u1ef3 thi l\u00fd thuy\u1ebft v\u00e0 th\u1ef1c h\u00e0nh nghi\u00eam ng\u1eb7t trong khu\u00f4n kh\u1ed5 <strong>Ch\u1ee9ng nh\u1eadn Certified Stringer Pro<\/strong>, v\u00e0 \u0111\u1ea1t \u0111\u01b0\u1ee3c c\u00e1c ch\u1ee9ng nh\u1eadn nh\u01b0:<br><em><strong>CBS &#8211; Th\u1ee3 \u0110an V\u1ee3t C\u1ea7u L\u00f4ng \u0110\u01b0\u1ee3c Ch\u1ee9ng Nh\u1eadn<br>PBS &#8211; Th\u1ee3 \u0110an V\u1ee3t C\u1ea7u L\u00f4ng Chuy\u00ean Nghi\u1ec7p<br>MBTS &#8211; B\u1eadc Th\u1ea7y \u0110an V\u1ee3t C\u1ea7u L\u00f4ng Gi\u1ea3i \u0110\u1ea5u<br>CTA &#8211; C\u1ed1 V\u1ea5n Pound \u0110\u01b0\u1ee3c Ch\u1ee9ng Nh\u1eadn<br>CSA &#8211; C\u1ed1 V\u1ea5n \u0110an V\u1ee3t \u0110\u01b0\u1ee3c Ch\u1ee9ng Nh\u1eadn<br>PBSTC &#8211; Chuy\u00ean Gia T\u01b0 V\u1ea5n C\u01b0\u1edbc v\u00e0 Pound C\u1ea7u L\u00f4ng Chuy\u00ean Nghi\u1ec7p<\/strong><\/em><\/p>\n\n<\/section>","protected":false},"excerpt":{"rendered":"<p>C\u00e1c Th\u1ee3 \u0110an V\u1ee3t H\u00e0ng \u0110\u1ea7u Th\u1ebf Gi\u1edbi \u0110\u01b0\u1ee3c Ch\u1ee9ng Nh\u1eadn Qu\u1ed1c T\u1ebf Best Stringer Worldwide (BSW) li\u1ec7t k\u00ea c\u00e1c th\u1ee3 \u0111an v\u1ee3t t\u1eeb kh\u1eafp n\u01a1i tr\u00ean th\u1ebf gi\u1edbi \u0111\u00e3 \u0111\u1ea1t \u0111\u01b0\u1ee3c tr\u00ecnh \u0111\u1ed9 chuy\u00ean m\u00f4n cao nh\u1ea5t trong d\u1ecbch v\u1ee5 \u0111an c\u01b0\u1edbc v\u1ee3t. Vi\u1ec7c c\u00f3 t\u00ean trong danh s\u00e1ch n\u00e0y ch\u1ee9ng t\u1ecf s\u1ef1 am &#8230; <a title=\"T\u00ecm Stringer Pro \u0110\u01b0\u1ee3c Ch\u1ee9ng Nh\u1eadn T\u1ed1t Nh\u1ea5t G\u1ea7n B\u1ea1n\" class=\"read-more\" href=\"https:\/\/beststringer.com\/vi\/find-best-stringer\/\" aria-label=\"Read more about T\u00ecm Stringer Pro \u0110\u01b0\u1ee3c Ch\u1ee9ng Nh\u1eadn T\u1ed1t Nh\u1ea5t G\u1ea7n B\u1ea1n\">Read more<\/a><\/p>\n","protected":false},"author":1,"featured_media":42868,"parent":0,"menu_order":0,"comment_status":"closed","ping_status":"closed","template":"","meta":{"footnotes":""},"class_list":{"0":"post-42603","1":"page","2":"type-page","3":"status-publish","4":"has-post-thumbnail","6":"infinite-scroll-item"},"_links":{"self":[{"href":"https:\/\/beststringer.com\/vi\/wp-json\/wp\/v2\/pages\/42603","targetHints":{"allow":["GET"]}}],"collection":[{"href":"https:\/\/beststringer.com\/vi\/wp-json\/wp\/v2\/pages"}],"about":[{"href":"https:\/\/beststringer.com\/vi\/wp-json\/wp\/v2\/types\/page"}],"author":[{"embeddable":true,"href":"https:\/\/beststringer.com\/vi\/wp-json\/wp\/v2\/users\/1"}],"replies":[{"embeddable":true,"href":"https:\/\/beststringer.com\/vi\/wp-json\/wp\/v2\/comments?post=42603"}],"version-history":[{"count":0,"href":"https:\/\/beststringer.com\/vi\/wp-json\/wp\/v2\/pages\/42603\/revisions"}],"wp:featuredmedia":[{"embeddable":true,"href":"https:\/\/beststringer.com\/vi\/wp-json\/wp\/v2\/media\/42868"}],"wp:attachment":[{"href":"https:\/\/beststringer.com\/vi\/wp-json\/wp\/v2\/media?parent=42603"}],"curies":[{"name":"wp","href":"https:\/\/api.w.org\/{rel}","templated":true}]}}