{"id":42529,"date":"2024-09-06T14:15:15","date_gmt":"2024-09-06T14:15:15","guid":{"rendered":"https:\/\/beststringer.com\/latest-racquet-stringing-knowledge\/"},"modified":"2025-09-25T23:20:46","modified_gmt":"2025-09-25T23:20:46","slug":"latest-racquet-stringing-knowledge","status":"publish","type":"page","link":"https:\/\/beststringer.com\/vi\/latest-racquet-stringing-knowledge\/","title":{"rendered":"Ki\u1ebfn Th\u1ee9c M\u1edbi Nh\u1ea5t v\u1ec1 \u0110an V\u1ee3t"},"content":{"rendered":"<section class=\"gb-container gb-container-3a9f20fb\">\n\n\n\n<h3 class=\"gb-headline gb-headline-5cf408ee gb-headline-text\">Ki\u1ebfn Th\u1ee9c \u0110an C\u01b0\u1edbc V\u1ee3t M\u1edbi Nh\u1ea5t<\/h3>\n\n\n<div class=\"gb-container gb-container-daaa2e63\">\n\n<div class=\"gb-container gb-container-bda621fe\"><\/div>\n\n<div class=\"gb-container gb-container-4b0ac72b\"><\/div>\n\n<\/div>\n\n\n\n<p>Trang n\u00e0y cung c\u1ea5p th\u00f4ng tin c\u1eadp nh\u1eadt, c\u00e1c ph\u01b0\u01a1ng ph\u00e1p \u0111\u00e3 \u0111\u01b0\u1ee3c ki\u1ec3m ch\u1ee9ng v\u00e0 l\u1eddi khuy\u00ean chuy\u00ean m\u00f4n \u0111\u1ec3 n\u00e2ng cao k\u1ef9 n\u0103ng \u0111an v\u1ee3t c\u1ee7a b\u1ea1n. H\u00e3y lu\u00f4n c\u1eadp nh\u1eadt nh\u1eefng ph\u00e1t tri\u1ec3n m\u1edbi nh\u1ea5t trong l\u0129nh v\u1ef1c \u0111an c\u01b0\u1edbc v\u1ee3t \u0111\u1ec3 c\u1ea3i thi\u1ec7n c\u1ea3 hi\u1ec7u su\u1ea5t thi \u0111\u1ea5u v\u00e0 ch\u1ea5t l\u01b0\u1ee3ng d\u1ecbch v\u1ee5.<\/p>\n\n\n<div id=\"footable_parent_3739\"\n         class=\" footable_parent ninja_table_wrapper loading_ninja_table wp_table_data_press_parent bootstrap3 colored_table\">\n                <table data-ninja_table_instance=\"ninja_table_instance_0\" data-footable_id=\"3739\" data-filter-delay=\"1000\" aria-label=\"Knowledge sharing update\"            id=\"footable_3739\"\n           data-unique_identifier=\"ninja_table_unique_id_2746853027_3739\"\n           class=\" foo-table ninja_footable foo_table_3739 ninja_table_unique_id_2746853027_3739 table  ninja_search_right nt_type_legacy_table vertical_centered ninja_custom_color inverted footable-paging-right hide_stacked_th ninja_table_pro\">\n                <colgroup>\n                            <col class=\"ninja_column_0 \">\n                            <col class=\"ninja_column_1 \">\n                            <col class=\"ninja_column_2 \">\n                            <col class=\"ninja_column_3 \">\n                    <\/colgroup>\n        <thead>\n<tr class=\"footable-header\">\n                                                                        <th scope=\"col\"  class=\"ninja_column_0 ninja_clmn_nm_posttitle \">Title<\/th><th scope=\"col\"  class=\"ninja_column_1 ninja_clmn_nm_postcategory \">Category<\/th><th scope=\"col\"  class=\"ninja_column_2 ninja_clmn_nm_poststatus \">Status<\/th><th scope=\"col\"  class=\"ninja_column_3 ninja_clmn_nm_post_location \"><\/th><\/tr>\n<\/thead>\n<tbody>\n\n        <tr data-row_id=\"0\" class=\"ninja_table_row_0 nt_row_id_0\">\n            <td>Fundamentals of Badminton Rackets and Strings<\/td><td>Badminton<\/td><td>publish<\/td><td><a   class=\"nt_btn nt_rounded_btn\" style=\"color: rgba(255, 255, 255, 1);background-color: rgba(74, 144, 226, 1);border-color: rgba(58, 123, 200, 1);\" rel=\"\" href=\"https:\/\/beststringer.com\/vi\/badminton-racket-and-string-basics\/\">Read More<\/a><\/td>        <\/tr>\n            <tr data-row_id=\"1\" class=\"ninja_table_row_1 nt_row_id_1\">\n            <td>The Ultimate Badminton Racket Selection Guide - Best Stringer Worldwide (BSW) Certification Course<\/td><td>Interactive Guides<\/td><td>publish<\/td><td><a   class=\"nt_btn nt_rounded_btn\" style=\"color: rgba(255, 255, 255, 1);background-color: rgba(74, 144, 226, 1);border-color: rgba(58, 123, 200, 1);\" rel=\"\" href=\"https:\/\/beststringer.com\/vi\/racquet-selection-guide-interactive\/\">Read More<\/a><\/td>        <\/tr>\n    <\/tbody><!--ninja_tobody_rendering_done-->\n    <\/table>\n    \n    \n    \n<\/div>\n\n\n\n<\/section>\n","protected":false},"excerpt":{"rendered":"<p>Ki\u1ebfn Th\u1ee9c \u0110an C\u01b0\u1edbc V\u1ee3t M\u1edbi Nh\u1ea5t Trang n\u00e0y cung c\u1ea5p th\u00f4ng tin c\u1eadp nh\u1eadt, c\u00e1c ph\u01b0\u01a1ng ph\u00e1p \u0111\u00e3 \u0111\u01b0\u1ee3c ki\u1ec3m ch\u1ee9ng v\u00e0 l\u1eddi khuy\u00ean chuy\u00ean m\u00f4n \u0111\u1ec3 n\u00e2ng cao k\u1ef9 n\u0103ng \u0111an v\u1ee3t c\u1ee7a b\u1ea1n. H\u00e3y lu\u00f4n c\u1eadp nh\u1eadt nh\u1eefng ph\u00e1t tri\u1ec3n m\u1edbi nh\u1ea5t trong l\u0129nh v\u1ef1c \u0111an c\u01b0\u1edbc v\u1ee3t \u0111\u1ec3 c\u1ea3i thi\u1ec7n c\u1ea3 &#8230; <a title=\"Ki\u1ebfn Th\u1ee9c M\u1edbi Nh\u1ea5t v\u1ec1 \u0110an V\u1ee3t\" class=\"read-more\" href=\"https:\/\/beststringer.com\/vi\/latest-racquet-stringing-knowledge\/\" aria-label=\"Read more about Ki\u1ebfn Th\u1ee9c M\u1edbi Nh\u1ea5t v\u1ec1 \u0110an V\u1ee3t\">Read more<\/a><\/p>\n","protected":false},"author":1,"featured_media":42530,"parent":0,"menu_order":0,"comment_status":"closed","ping_status":"closed","template":"","meta":{"footnotes":""},"class_list":{"0":"post-42529","1":"page","2":"type-page","3":"status-publish","4":"has-post-thumbnail","6":"infinite-scroll-item"},"_links":{"self":[{"href":"https:\/\/beststringer.com\/vi\/wp-json\/wp\/v2\/pages\/42529","targetHints":{"allow":["GET"]}}],"collection":[{"href":"https:\/\/beststringer.com\/vi\/wp-json\/wp\/v2\/pages"}],"about":[{"href":"https:\/\/beststringer.com\/vi\/wp-json\/wp\/v2\/types\/page"}],"author":[{"embeddable":true,"href":"https:\/\/beststringer.com\/vi\/wp-json\/wp\/v2\/users\/1"}],"replies":[{"embeddable":true,"href":"https:\/\/beststringer.com\/vi\/wp-json\/wp\/v2\/comments?post=42529"}],"version-history":[{"count":0,"href":"https:\/\/beststringer.com\/vi\/wp-json\/wp\/v2\/pages\/42529\/revisions"}],"wp:featuredmedia":[{"embeddable":true,"href":"https:\/\/beststringer.com\/vi\/wp-json\/wp\/v2\/media\/42530"}],"wp:attachment":[{"href":"https:\/\/beststringer.com\/vi\/wp-json\/wp\/v2\/media?parent=42529"}],"curies":[{"name":"wp","href":"https:\/\/api.w.org\/{rel}","templated":true}]}}