{"id":41656,"date":"2023-01-21T22:52:31","date_gmt":"2023-01-21T22:52:31","guid":{"rendered":"https:\/\/beststringer.com\/racquet-stringing-training-courses-and-services\/"},"modified":"2025-09-25T07:24:47","modified_gmt":"2025-09-25T07:24:47","slug":"racquet-stringing-training-courses-and-services","status":"publish","type":"page","link":"https:\/\/beststringer.com\/vi\/racquet-stringing-training-courses-and-services\/","title":{"rendered":"Kh\u00f3a H\u1ecdc &amp; Ch\u1ee9ng Nh\u1eadn \u0110an L\u1ea1i V\u1ee3t C\u1ea7u L\u00f4ng"},"content":{"rendered":"<section class=\"gb-container gb-container-f2eb6521\">\n\n<p>T\u00ecm c\u00e1c kh\u00f3a h\u1ecdc v\u00e0 ch\u01b0\u01a1ng tr\u00ecnh \u0111\u00e0o t\u1ea1o \u0111an c\u01b0\u1edbc v\u1ee3t m\u1edbi nh\u1ea5t c\u1ee7a BSW, \u0111\u01b0\u1ee3c gi\u1ea3ng d\u1ea1y b\u1edfi c\u00e1c h\u01b0\u1edbng d\u1eabn vi\u00ean chuy\u00ean nghi\u1ec7p c\u1ee7a ch\u00fang t\u00f4i.<\/p>\n\n\n<div class=\"gb-grid-wrapper gb-grid-wrapper-4b9b7e10\">\n<div class=\"gb-grid-column gb-grid-column-491939a3\"><div class=\"gb-container gb-container-491939a3\">\n\n<p class=\"gb-headline gb-headline-6035f175 gb-headline-text\"><strong>BSW<\/strong><\/p>\n\n\n<div class=\"gb-container gb-container-731ae20e\">\n<div class=\"gb-container gb-container-d96e7a76\"><\/div>\n<\/div>\n\n\n<h2 class=\"gb-headline gb-headline-2834ed4d gb-headline-text\">KH\u00d3A H\u1eccC \u0110AN C\u01af\u1edaC V\u1ee2T C\u1ea6U L\u00d4NG<\/h2>\n\n\n\n<p class=\"gb-headline gb-headline-23954af5 gb-headline-text\">H\u1ecdc c\u00e1c k\u1ef9 n\u0103ng \u0111an c\u01b0\u1edbc c\u01a1 b\u1ea3n v\u00e0 k\u1ef9 thu\u1eadt chu\u1ea9n b\u1ecb v\u1ee3t.<\/p>\n\n\n\n<a class=\"gb-button gb-button-78ef4961\" href=\"https:\/\/beststringer.com\/zh-hans\/badminton-stringing-course\/\"><span class=\"gb-button-text\">T\u00ecm hi\u1ec3u th\u00eam<\/span><span class=\"gb-icon\"><svg viewBox=\"0 0 512 512\" xmlns=\"http:\/\/www.w3.org\/2000\/svg\"><path d=\"M502.6 278.6c12.5-12.5 12.5-32.8 0-45.3l-128-128c-12.5-12.5-32.8-12.5-45.3 0s-12.5 32.8 0 45.3l73.4 73.4H32c-17.7 0-32 14.3-32 32s14.3 32 32 32h370.7l-73.4 73.4c-12.5 12.5-12.5 32.8 0 45.3s32.8 12.5 45.3 0l128-128z\"><\/path><\/svg><\/span><\/a>\n\n<\/div><\/div>\n\n<div class=\"gb-grid-column gb-grid-column-29bf4487\"><div class=\"gb-container gb-container-29bf4487\">\n\n<p class=\"gb-headline gb-headline-0a24fd0f gb-headline-text\"><strong>BSW<\/strong><\/p>\n\n\n<div class=\"gb-container gb-container-d0553944\">\n<div class=\"gb-container gb-container-09d00176\"><\/div>\n<\/div>\n\n\n<h2 class=\"gb-headline gb-headline-4addc0f7 gb-headline-text\">H\u1ed8I TH\u1ea2O \u0110AN C\u01af\u1edaC V\u1ee2T C\u1ea6U L\u00d4NG<\/h2>\n\n\n\n<p class=\"gb-headline gb-headline-1c19adbf gb-headline-text\">N\u1eafm v\u1eefng c\u00e1c ph\u01b0\u01a1ng ph\u00e1p \u0111an c\u01b0\u1edbc v\u1ee3t c\u1ea7u l\u00f4ng chuy\u00ean nghi\u1ec7p v\u00e0 \u0111\u00fang chu\u1ea9n.<\/p>\n\n\n\n<a class=\"gb-button gb-button-80adbc84\" href=\"https:\/\/beststringer.com\/zh-hans\/badminton-stringing-workshop\/\"><span class=\"gb-button-text\">T\u00ecm hi\u1ec3u th\u00eam<\/span><span class=\"gb-icon\"><svg viewBox=\"0 0 512 512\" xmlns=\"http:\/\/www.w3.org\/2000\/svg\"><path d=\"M502.6 278.6c12.5-12.5 12.5-32.8 0-45.3l-128-128c-12.5-12.5-32.8-12.5-45.3 0s-12.5 32.8 0 45.3l73.4 73.4H32c-17.7 0-32 14.3-32 32s14.3 32 32 32h370.7l-73.4 73.4c-12.5 12.5-12.5 32.8 0 45.3s32.8 12.5 45.3 0l128-128z\"><\/path><\/svg><\/span><\/a>\n\n<\/div><\/div>\n\n<div class=\"gb-grid-column gb-grid-column-38a22b00\"><div class=\"gb-container gb-container-38a22b00\">\n\n<p class=\"gb-headline gb-headline-6f3ccaa8 gb-headline-text\"><strong>BSW<\/strong><\/p>\n\n\n<div class=\"gb-container gb-container-cc33d305\">\n<div class=\"gb-container gb-container-c7d96b73\"><\/div>\n<\/div>\n\n\n<h2 class=\"gb-headline gb-headline-09f4131c gb-headline-text\">\u0110\u00c0O T\u1ea0O \u0110AN C\u01af\u1edaC V\u1ee2T C\u1ea6U L\u00d4NG CHO NH\u00c2N VI\u00caN<\/h2>\n\n\n\n<p class=\"gb-headline gb-headline-085d8440 gb-headline-text\">Truy\u1ec1n \u0111\u1ea1t th\u00f4ng \u0111i\u1ec7p ph\u00f9 h\u1ee3p \u0111\u1ebfn kh\u00e1ch h\u00e0ng \u0111\u1ec3 \u0111\u1ea3m b\u1ea3o h\u1ecd ti\u1ebfp t\u1ee5c g\u1eafn b\u00f3 v\u1edbi b\u1ea1n.<\/p>\n\n\n\n<a class=\"gb-button gb-button-449fedff\" href=\"https:\/\/beststringer.com\/zh-hans\/badminton-stringing-training-for-staff\/\"><span class=\"gb-button-text\">T\u00ecm hi\u1ec3u th\u00eam<\/span><span class=\"gb-icon\"><svg viewBox=\"0 0 512 512\" xmlns=\"http:\/\/www.w3.org\/2000\/svg\"><path d=\"M502.6 278.6c12.5-12.5 12.5-32.8 0-45.3l-128-128c-12.5-12.5-32.8-12.5-45.3 0s-12.5 32.8 0 45.3l73.4 73.4H32c-17.7 0-32 14.3-32 32s14.3 32 32 32h370.7l-73.4 73.4c-12.5 12.5-12.5 32.8 0 45.3s32.8 12.5 45.3 0l128-128z\"><\/path><\/svg><\/span><\/a>\n\n<\/div><\/div>\n\n<div class=\"gb-grid-column gb-grid-column-09ceebfb\"><div class=\"gb-container gb-container-09ceebfb\">\n\n<p class=\"gb-headline gb-headline-1022f806 gb-headline-text\"><strong>BSW<\/strong><\/p>\n\n\n<div class=\"gb-container gb-container-15a0880c\">\n<div class=\"gb-container gb-container-5490e8ff\"><\/div>\n<\/div>\n\n\n<h2 class=\"gb-headline gb-headline-3e7d338d gb-headline-text\">H\u1eccC \u0110AN C\u01af\u1edaC V\u1ee2T C\u1ea6U L\u00d4NG &amp; C\u1ea4P CH\u1ee8NG NH\u1eacN<\/h2>\n\n\n\n<p class=\"gb-headline gb-headline-50701001 gb-headline-text\">H\u1ecdc \u0111an c\u01b0\u1edbc v\u1ee3t c\u1ea7u l\u00f4ng chuy\u00ean nghi\u1ec7p v\u00e0 tham gia k\u1ef3 thi v\u00e0o ng\u00e0y cu\u1ed1i c\u00f9ng.<\/p>\n\n\n\n<a class=\"gb-button gb-button-d196416b\" href=\"https:\/\/beststringer.com\/zh-hans\/badminton-stringing-learning-w-certification\/\"><span class=\"gb-button-text\">T\u00ecm hi\u1ec3u th\u00eam<\/span><span class=\"gb-icon\"><svg viewBox=\"0 0 512 512\" xmlns=\"http:\/\/www.w3.org\/2000\/svg\"><path d=\"M502.6 278.6c12.5-12.5 12.5-32.8 0-45.3l-128-128c-12.5-12.5-32.8-12.5-45.3 0s-12.5 32.8 0 45.3l73.4 73.4H32c-17.7 0-32 14.3-32 32s14.3 32 32 32h370.7l-73.4 73.4c-12.5 12.5-12.5 32.8 0 45.3s32.8 12.5 45.3 0l128-128z\"><\/path><\/svg><\/span><\/a>\n\n<\/div><\/div>\n\n<div class=\"gb-grid-column gb-grid-column-6d7e80ba\"><div class=\"gb-container gb-container-6d7e80ba\">\n\n<p class=\"gb-headline gb-headline-d2e3bb04 gb-headline-text\"><strong>BSW<\/strong><\/p>\n\n\n<div class=\"gb-container gb-container-ae4f62c8\">\n<div class=\"gb-container gb-container-4cbbfba4\"><\/div>\n<\/div>\n\n\n<h2 class=\"gb-headline gb-headline-c51243d4 gb-headline-text\">\u0110\u00c0O T\u1ea0O NH\u00c2N VI\u00caN C\u1eecA H\u00c0NG C\u1ea6U L\u00d4NG CHUY\u00caN NGHI\u1ec6P<\/h2>\n\n\n\n<p class=\"gb-headline gb-headline-7e4f5a8c gb-headline-text\">H\u1ecdc c\u00e1ch ph\u1ee5c v\u1ee5 kh\u00e1ch h\u00e0ng b\u1eb1ng vi\u1ec7c \u0111\u01b0a ra l\u1ef1a ch\u1ecdn ph\u00f9 h\u1ee3p d\u1ef1a tr\u00ean nhu c\u1ea7u c\u1ee7a h\u1ecd, \u0111\u1eb7c bi\u1ec7t l\u00e0 trong l\u0129nh v\u1ef1c \u0111an c\u01b0\u1edbc v\u1ee3t.<\/p>\n\n\n\n<a class=\"gb-button gb-button-08a6b2e1\" href=\"https:\/\/beststringer.com\/zh-hans\/pro-badminton-shop-staff-training\/\"><span class=\"gb-button-text\">T\u00ecm hi\u1ec3u th\u00eam<\/span><span class=\"gb-icon\"><svg viewBox=\"0 0 512 512\" xmlns=\"http:\/\/www.w3.org\/2000\/svg\"><path d=\"M502.6 278.6c12.5-12.5 12.5-32.8 0-45.3l-128-128c-12.5-12.5-32.8-12.5-45.3 0s-12.5 32.8 0 45.3l73.4 73.4H32c-17.7 0-32 14.3-32 32s14.3 32 32 32h370.7l-73.4 73.4c-12.5 12.5-12.5 32.8 0 45.3s32.8 12.5 45.3 0l128-128z\"><\/path><\/svg><\/span><\/a>\n\n<\/div><\/div>\n\n<div class=\"gb-grid-column gb-grid-column-f86684a3\"><div class=\"gb-container gb-container-f86684a3\">\n\n<p class=\"gb-headline gb-headline-c61dd94e gb-headline-text\"><strong>BSW<\/strong><\/p>\n\n\n<div class=\"gb-container gb-container-7aca502d\">\n<div class=\"gb-container gb-container-5ee444a6\"><\/div>\n<\/div>\n\n\n<h2 class=\"gb-headline gb-headline-faabea64 gb-headline-text\">\u0110AN C\u01af\u1edaC V\u1ee2T V\u00c0 C\u1ea4P CH\u1ee8NG NH\u1eacN CHO NH\u00c2N VI\u00caN<\/h2>\n\n\n\n<p class=\"gb-headline gb-headline-ac676b58 gb-headline-text\">\u0110\u00e0o t\u1ea1o nh\u00e2n vi\u00ean c\u1ee7a b\u1ea1n v\u1ec1 \u0111an c\u01b0\u1edbc v\u1ee3t chuy\u00ean nghi\u1ec7p v\u00e0 nh\u1eadn ch\u1ee9ng ch\u1ec9 v\u00e0o ng\u00e0y cu\u1ed1i \u0111\u1ec3 tr\u1edf th\u00e0nh Th\u1ee3 \u0111an v\u1ee3t \u0111\u01b0\u1ee3c ch\u1ee9ng nh\u1eadn qu\u1ed1c t\u1ebf.<\/p>\n\n\n\n<a class=\"gb-button gb-button-7a7f243a\" href=\"https:\/\/beststringer.com\/zh-hans\/staff-racquet-stringing-and-certification\/\"><span class=\"gb-button-text\">T\u00ecm hi\u1ec3u th\u00eam<\/span><span class=\"gb-icon\"><svg viewBox=\"0 0 512 512\" xmlns=\"http:\/\/www.w3.org\/2000\/svg\"><path d=\"M502.6 278.6c12.5-12.5 12.5-32.8 0-45.3l-128-128c-12.5-12.5-32.8-12.5-45.3 0s-12.5 32.8 0 45.3l73.4 73.4H32c-17.7 0-32 14.3-32 32s14.3 32 32 32h370.7l-73.4 73.4c-12.5 12.5-12.5 32.8 0 45.3s32.8 12.5 45.3 0l128-128z\"><\/path><\/svg><\/span><\/a>\n\n<\/div><\/div>\n<\/div>\n<\/section>\n\n<section class=\"gb-container gb-container-49b9586e\">\n<div class=\"gb-container gb-container-a2e9522c\"><\/div>\n\n<div class=\"gb-container gb-container-0e11192a\">\n\n<h3 class=\"gb-headline gb-headline-5cf408ee gb-headline-text\">C\u00e1c Kh\u00f3a H\u1ecdc V\u00e0 \u0110\u00e0o T\u1ea1o \u0110an C\u01b0\u1edbc V\u1ee3t<\/h3>\n\n\n<div class=\"gb-container gb-container-daaa2e63\">\n<div class=\"gb-container gb-container-bda621fe\"><\/div>\n\n<div class=\"gb-container gb-container-4b0ac72b\"><\/div>\n<\/div>\n\n\n<p class=\"gb-headline gb-headline-edf98545 gb-headline-text\">Kh\u00e1m ph\u00e1 c\u00e1c trang web BSW khu v\u1ef1c c\u1ee7a ch\u00fang t\u00f4i \u0111\u1ec3 bi\u1ebft c\u00e1c h\u1ed9i th\u1ea3o v\u00e0 kh\u00f3a \u0111\u00e0o t\u1ea1o m\u1edbi nh\u1ea5t. N\u00e2ng cao k\u1ef9 n\u0103ng \u0111an c\u01b0\u1edbc c\u1ee7a b\u1ea1n v\u00e0 c\u1eadp nh\u1eadt c\u00e1c k\u1ef9 thu\u1eadt chuy\u00ean nghi\u1ec7p c\u00f9ng nh\u1eefng ti\u1ebfn b\u1ed9 trong ng\u00e0nh.<\/p>\n\n\n\n<a class=\"gb-button gb-button-a29641e0 gb-button-text\" href=\"https:\/\/beststringer.com\/zh-hans\/countries\/\">Kh\u00e1m Ph\u00e1 Khu V\u1ef1c<\/a>\n\n<\/div>\n<\/section>","protected":false},"excerpt":{"rendered":"<p>T\u00ecm c\u00e1c kh\u00f3a h\u1ecdc v\u00e0 ch\u01b0\u01a1ng tr\u00ecnh \u0111\u00e0o t\u1ea1o \u0111an c\u01b0\u1edbc v\u1ee3t m\u1edbi nh\u1ea5t c\u1ee7a BSW, \u0111\u01b0\u1ee3c gi\u1ea3ng d\u1ea1y b\u1edfi c\u00e1c h\u01b0\u1edbng d\u1eabn vi\u00ean chuy\u00ean nghi\u1ec7p c\u1ee7a ch\u00fang t\u00f4i. C\u00e1c Kh\u00f3a H\u1ecdc V\u00e0 \u0110\u00e0o T\u1ea1o \u0110an C\u01b0\u1edbc V\u1ee3t Kh\u00e1m ph\u00e1 c\u00e1c trang web BSW khu v\u1ef1c c\u1ee7a ch\u00fang t\u00f4i \u0111\u1ec3 bi\u1ebft c\u00e1c h\u1ed9i th\u1ea3o v\u00e0 &#8230; <a title=\"Kh\u00f3a H\u1ecdc &amp; Ch\u1ee9ng Nh\u1eadn \u0110an L\u1ea1i V\u1ee3t C\u1ea7u L\u00f4ng\" class=\"read-more\" href=\"https:\/\/beststringer.com\/vi\/racquet-stringing-training-courses-and-services\/\" aria-label=\"Read more about Kh\u00f3a H\u1ecdc &amp; Ch\u1ee9ng Nh\u1eadn \u0110an L\u1ea1i V\u1ee3t C\u1ea7u L\u00f4ng\">Read more<\/a><\/p>\n","protected":false},"author":1,"featured_media":0,"parent":0,"menu_order":0,"comment_status":"closed","ping_status":"closed","template":"","meta":{"footnotes":""},"class_list":{"0":"post-41656","1":"page","2":"type-page","3":"status-publish","5":"infinite-scroll-item"},"_links":{"self":[{"href":"https:\/\/beststringer.com\/vi\/wp-json\/wp\/v2\/pages\/41656","targetHints":{"allow":["GET"]}}],"collection":[{"href":"https:\/\/beststringer.com\/vi\/wp-json\/wp\/v2\/pages"}],"about":[{"href":"https:\/\/beststringer.com\/vi\/wp-json\/wp\/v2\/types\/page"}],"author":[{"embeddable":true,"href":"https:\/\/beststringer.com\/vi\/wp-json\/wp\/v2\/users\/1"}],"replies":[{"embeddable":true,"href":"https:\/\/beststringer.com\/vi\/wp-json\/wp\/v2\/comments?post=41656"}],"version-history":[{"count":0,"href":"https:\/\/beststringer.com\/vi\/wp-json\/wp\/v2\/pages\/41656\/revisions"}],"wp:attachment":[{"href":"https:\/\/beststringer.com\/vi\/wp-json\/wp\/v2\/media?parent=41656"}],"curies":[{"name":"wp","href":"https:\/\/api.w.org\/{rel}","templated":true}]}}