{"id":40448,"date":"2024-08-18T11:12:19","date_gmt":"2024-08-18T11:12:19","guid":{"rendered":"https:\/\/beststringer.com\/tennis-stringing-certificate\/"},"modified":"2025-09-25T05:18:25","modified_gmt":"2025-09-25T05:18:25","slug":"tennis-stringing-certificate","status":"publish","type":"page","link":"https:\/\/beststringer.com\/vi\/tennis-stringing-certificate\/","title":{"rendered":"Ch\u1ee9ng Ch\u1ec9 \u0110an V\u1ee3t Qu\u1ea7n V\u1ee3t"},"content":{"rendered":"<div class=\"gb-container gb-container-f66bc834\">\n\n<div class=\"gb-container gb-container-3423e27e\">\n\n<div class=\"gb-container gb-container-4ea2fbf1\">\n\n\n\n<h2 class=\"gb-headline gb-headline-79589317 gb-headline-text\">Ch\u1ee9ng Nh\u1eadn <mark style=\"background-color:rgba(0, 0, 0, 0)\" class=\"has-inline-color has-global-color-9-color\">\u0110an C\u01b0\u1edbc V\u1ee3t Tennis<\/mark><\/h2>\n\n\n\n\n<p class=\"gb-headline gb-headline-d07d49cf gb-headline-text\">Best Stringer Worldwide (BSW) cung c\u1ea5p c\u00e1c ch\u1ee9ng nh\u1eadn v\u1ec1 \u0111an c\u01b0\u1edbc v\u1ee3t tennis. C\u00e1c ch\u1ee9ng nh\u1eadn n\u00e0y d\u00f9ng \u0111\u1ec3 ki\u1ec3m tra k\u1ef9 n\u0103ng \u0111an c\u01b0\u1edbc. Ch\u01b0\u01a1ng tr\u00ecnh c\u1ee7a ch\u00fang t\u00f4i ki\u1ec3m tra t\u1eeb c\u00e1c ph\u01b0\u01a1ng ph\u00e1p \u0111an c\u01b0\u1edbc c\u01a1 b\u1ea3n \u0111\u1ebfn c\u00e1c k\u1ef9 thu\u1eadt x\u1eed l\u00fd v\u1ee3t tennis n\u00e2ng cao.<\/p>\n\n\n\n\n<figure class=\"wp-block-image size-full is-resized\"><img loading=\"lazy\" decoding=\"async\" width=\"1024\" height=\"1024\" src=\"https:\/\/beststringer.com\/wp-content\/uploads\/2025\/05\/Tennis-Stringing-Certificate-Certification-BSW-Certified-Stringer.jpg\" alt=\"Ch\u1ee9ng nh\u1eadn \u0111an c\u01b0\u1edbc v\u1ee3t Tennis BSW, th\u1ee3 \u0111an v\u1ee3t \u0111\u01b0\u1ee3c ch\u1ee9ng nh\u1eadn qu\u1ed1c t\u1ebf\" class=\"wp-image-18592\" style=\"width:538px\" srcset=\"https:\/\/beststringer.com\/wp-content\/uploads\/2025\/05\/Tennis-Stringing-Certificate-Certification-BSW-Certified-Stringer.jpg 1024w, https:\/\/beststringer.com\/wp-content\/uploads\/2025\/05\/Tennis-Stringing-Certificate-Certification-BSW-Certified-Stringer-300x300.jpg 300w, https:\/\/beststringer.com\/wp-content\/uploads\/2025\/05\/Tennis-Stringing-Certificate-Certification-BSW-Certified-Stringer-150x150.jpg 150w, https:\/\/beststringer.com\/wp-content\/uploads\/2025\/05\/Tennis-Stringing-Certificate-Certification-BSW-Certified-Stringer-768x768.jpg 768w\" sizes=\"auto, (max-width: 1024px) 100vw, 1024px\" \/><\/figure>\n\n<\/div>\n<\/div>\n\n<div class=\"gb-container gb-container-37db13f4\">\n\n<div class=\"gb-container gb-container-3021f73c\">\n\n\n\n<h3 class=\"gb-headline gb-headline-e5c79f72 gb-headline-text\">C\u00e1c C\u1ea5p \u0110\u1ed9 <mark style=\"background-color:rgba(0, 0, 0, 0)\" class=\"has-inline-color has-global-color-9-color\">Ch\u1ee9ng Nh\u1eadn \u0110an C\u01b0\u1edbc V\u1ee3t Tennis<\/mark><\/h3>\n\n\n\n\n<p class=\"gb-headline gb-headline-7d760a3f gb-headline-text\">BSW c\u00f3 c\u00e1c lo\u1ea1i ch\u1ee9ng nh\u1eadn kh\u00e1c nhau v\u1ec1 \u0111an c\u01b0\u1edbc v\u1ee3t tennis:<\/p>\n\n\n\n\n<ol class=\"wp-block-list\">\n<li><a href=\"https:\/\/beststringer.com\/vi\/bsw-certified-tennis-stringer-cts-certification\/\">BSW Certified Tennis Stringer (CTS)<\/a><\/li>\n\n\n\n\n<li><a href=\"https:\/\/beststringer.com\/vi\/professional-tennis-stringer-pts-certification\/\">Professional Tennis Stringer (PTS)<\/a><\/li>\n\n\n\n\n<li><a href=\"https:\/\/beststringer.com\/vi\/master-tennis-tour-stringer-mtts-certification\/\">Master Tennis Tour Stringer (MTTS)<\/a><\/li>\n\n\n\n\n<li>BSW Certified Tennis Tension Advisor (CTTA)<\/li>\n\n\n\n\n<li>BSW Certified Tennis String Advisor (CTSA)<\/li>\n<\/ol>\n\n<\/div>\n<\/div>\n\n<div class=\"gb-container gb-container-8072e76b\">\n\n<div class=\"gb-container gb-container-eabf3753\">\n\n\n\n<h3 class=\"gb-headline gb-headline-0ad93116 gb-headline-text\">C\u1ea5u Tr\u00fac <mark style=\"background-color:rgba(0, 0, 0, 0)\" class=\"has-inline-color has-global-color-9-color\">Ch\u1ee9ng Nh\u1eadn \u0110an C\u01b0\u1edbc V\u1ee3t Tennis<\/mark><\/h3>\n\n\n\n\n<p class=\"gb-headline gb-headline-0e4cbc73 gb-headline-text\">T\u1ea5t c\u1ea3 c\u00e1c b\u00e0i ki\u1ec3m tra \u0111an c\u01b0\u1edbc v\u1ee3t tennis c\u1ee7a BSW \u0111\u1ec1u c\u00f3 hai ph\u1ea7n ch\u00ednh:<br><\/p>\n\n\n\n\n<p>1. <strong>B\u00e0i ki\u1ec3m tra tr\u1eafc nghi\u1ec7m v\u00e0 t\u1ef1 lu\u1eadn:<\/strong><br>&#8211; C\u00e1ch \u0111an c\u01b0\u1edbc v\u1ee3t tennis<br>&#8211; Ki\u1ebfn th\u1ee9c v\u1ec1 v\u1ee3t v\u00e0 d\u00e2y c\u01b0\u1edbc tennis<br>&#8211; Nhu c\u1ea7u c\u1ee7a ng\u01b0\u1eddi ch\u01a1i tennis<br><br>2. <strong>B\u00e0i ki\u1ec3m tra th\u1ef1c h\u00e0nh:<\/strong><br>&#8211; \u0110an c\u01b0\u1edbc v\u1ee3t tennis<br>&#8211; C\u00e1c ki\u1ec3u \u0111an c\u01b0\u1edbc kh\u00e1c nhau<br>&#8211; \u0110\u1ea1t \u0111\u01b0\u1ee3c m\u1ee9c pound (lbs) ch\u00ednh x\u00e1c<br>&#8211; B\u1ea3o qu\u1ea3n khung v\u1ee3t<\/p>\n\n<\/div>\n<\/div>\n\n<div class=\"gb-container gb-container-0bc9ddf8\">\n\n<div class=\"gb-container gb-container-4a1593e5\">\n\n\n\n<h3 class=\"gb-headline gb-headline-f300e849 gb-headline-text\"><mark style=\"background-color:rgba(0, 0, 0, 0)\" class=\"has-inline-color has-global-color-9-color\">C\u00e1c Y\u1ebfu T\u1ed1 Ch\u00ednh<\/mark> c\u1ee7a Ch\u1ee9ng Nh\u1eadn Tennis<\/h3>\n\n\n\n\n<p class=\"gb-headline gb-headline-1f171057 gb-headline-text\">&#8211; C\u00e1c ph\u01b0\u01a1ng ph\u00e1p \u0111an c\u01b0\u1edbc v\u1ee3t tennis kh\u00e1c nhau<br>&#8211; X\u1eed l\u00fd c\u00e1c lo\u1ea1i v\u1ee3t tennis kh\u00e1c nhau<br>&#8211; T\u00ecm hi\u1ec3u v\u1ec1 c\u00e1c lo\u1ea1i d\u00e2y c\u01b0\u1edbc tennis<br>&#8211; Hi\u1ec3u v\u1ec1 pound (lbs) c\u1ee7a d\u00e2y c\u01b0\u1edbc<br>&#8211; C\u00e1ch gi\u00fap ng\u01b0\u1eddi ch\u01a1i tennis ch\u1ecdn lo\u1ea1i c\u01b0\u1edbc ph\u00f9 h\u1ee3p<br>&#8211; S\u1eed d\u1ee5ng c\u00e1c d\u1ee5ng c\u1ee5 \u0111an c\u01b0\u1edbc<\/p>\n\n<\/div>\n<\/div>\n\n<div class=\"gb-container gb-container-bc7f3ef7\">\n\n<div class=\"gb-container gb-container-c402b7cb\">\n\n\n\n<h3 class=\"gb-headline gb-headline-9ac68257 gb-headline-text\">Quy Tr\u00ecnh <mark style=\"background-color:rgba(0, 0, 0, 0)\" class=\"has-inline-color has-global-color-9-color\">Ch\u1ee9ng Nh\u1eadn<\/mark><\/h3>\n\n\n\n\n<p>1. <strong>\u0110\u0103ng k\u00fd<\/strong> b\u00e0i ki\u1ec3m tra b\u1ea1n mu\u1ed1n tham gia<br>2. <strong>Ch\u00fang t\u00f4i ki\u1ec3m tra<\/strong> xem b\u1ea1n \u0111\u00e3 s\u1eb5n s\u00e0ng cho b\u00e0i ki\u1ec3m tra ch\u01b0a<br>3. <strong>B\u1ea1n th\u1ef1c hi\u1ec7n<\/strong> b\u00e0i ki\u1ec3m tra l\u00fd thuy\u1ebft v\u00e0 th\u1ef1c h\u00e0nh<br>4. <strong>Ch\u00fang t\u00f4i ch\u1ea5m \u0111i\u1ec3m<\/strong> b\u00e0i ki\u1ec3m tra c\u1ee7a b\u1ea1n<br>5. <strong>N\u1ebfu \u0111\u1ea1t<\/strong>, b\u1ea1n s\u1ebd nh\u1eadn \u0111\u01b0\u1ee3c ch\u1ee9ng nh\u1eadn<\/p>\n\n\n\n\n<p>BSW mu\u1ed1n \u0111\u1ea3m b\u1ea3o r\u1eb1ng c\u00e1c ch\u1ee9ng nh\u1eadn c\u1ee7a ch\u00fang t\u00f4i c\u00f3 gi\u00e1 tr\u1ecb. Ch\u00fang t\u00f4i \u0111\u1eb7t ra m\u1ee9c ph\u00ed \u0111\u1ec3 trang tr\u1ea3i chi ph\u00ed cho vi\u1ec7c ki\u1ec3m tra ch\u1ea5t l\u01b0\u1ee3ng nh\u1eb1m \u0111\u00e1nh gi\u00e1 ch\u00ednh x\u00e1c k\u1ef9 n\u0103ng \u0111an c\u01b0\u1edbc.<\/p>\n\n<\/div>\n<\/div>\n\n<div class=\"gb-container gb-container-48cde7af\">\n\n<div class=\"gb-container gb-container-90b016f1\">\n\n\n\n<h3 class=\"gb-headline gb-headline-56d4264c gb-headline-text\">\u1ee8ng D\u1ee5ng c\u1ee7a <mark style=\"background-color:rgba(0, 0, 0, 0)\" class=\"has-inline-color has-global-color-9-color\">Ch\u1ee9ng Nh\u1eadn \u0110an C\u01b0\u1edbc V\u1ee3t Tennis<\/mark><\/h3>\n\n\n\n\n<p>B\u1ea1n c\u00f3 th\u1ec3 \u00e1p d\u1ee5ng ki\u1ebfn th\u1ee9c t\u1eeb c\u00e1c ch\u1ee9ng nh\u1eadn n\u00e0y \u1edf nhi\u1ec1u n\u01a1i: <br>&#8211; \u0110an c\u01b0\u1edbc v\u1ee3t cho b\u1ea3n th\u00e2n ho\u1eb7c cho nh\u00f3m tennis c\u1ee7a b\u1ea1n<br>&#8211; L\u00e0m vi\u1ec7c t\u1ea1i c\u00e1c c\u00e2u l\u1ea1c b\u1ed9 tennis ho\u1eb7c trung t\u00e2m hu\u1ea5n luy\u1ec7n<br>&#8211; T\u1ea1i c\u00e1c c\u1eeda h\u00e0ng th\u1ec3 thao ho\u1eb7c c\u1eeda h\u00e0ng tennis<br>&#8211; T\u1ea1i c\u00e1c gi\u1ea3i \u0111\u1ea5u tennis chuy\u00ean nghi\u1ec7p ho\u1eb7c s\u1ef1 ki\u1ec7n \u0111\u1ecba ph\u01b0\u01a1ng<\/p>\n\n\n\n\n<figure class=\"gb-block-image gb-block-image-495efa05\"><img loading=\"lazy\" decoding=\"async\" width=\"1070\" height=\"800\" class=\"gb-image gb-image-495efa05\" src=\"https:\/\/beststringer.com\/wp-content\/uploads\/2024\/10\/Tennis-Stringing-Certificate-Certification-BSW-Best-Stringer-Worldwide.png\" alt=\"Ch\u1ee9ng nh\u1eadn \u0111an c\u01b0\u1edbc v\u1ee3t Tennis t\u1eeb BSW Best Stringer Worldwide\" title=\"Ch\u1ee9ng nh\u1eadn \u0111an c\u01b0\u1edbc v\u1ee3t Tennis t\u1eeb BSW Best Stringer Worldwide\" srcset=\"https:\/\/beststringer.com\/wp-content\/uploads\/2024\/10\/Tennis-Stringing-Certificate-Certification-BSW-Best-Stringer-Worldwide.png 1070w, https:\/\/beststringer.com\/wp-content\/uploads\/2024\/10\/Tennis-Stringing-Certificate-Certification-BSW-Best-Stringer-Worldwide-300x224.png 300w, https:\/\/beststringer.com\/wp-content\/uploads\/2024\/10\/Tennis-Stringing-Certificate-Certification-BSW-Best-Stringer-Worldwide-1024x766.png 1024w, https:\/\/beststringer.com\/wp-content\/uploads\/2024\/10\/Tennis-Stringing-Certificate-Certification-BSW-Best-Stringer-Worldwide-768x574.png 768w\" sizes=\"auto, (max-width: 1070px) 100vw, 1070px\" \/><\/figure>\n\n<\/div>\n<\/div>\n\n<div class=\"gb-container gb-container-b96c1957\">\n\n<div class=\"gb-container gb-container-5667abb6\">\n\n\n\n<h3 class=\"gb-headline gb-headline-a125c315 gb-headline-text\"><mark style=\"background-color:rgba(0, 0, 0, 0)\" class=\"has-inline-color has-global-color-9-color\">Kh\u00f4ng Ng\u1eebng H\u1ecdc H\u1ecfi<\/mark> v\u1ec1 \u0110an C\u01b0\u1edbc V\u1ee3t Tennis<\/h3>\n\n\n\n\n<p>BSW khuy\u1ebfn kh\u00edch c\u00e1c th\u1ee3 \u0111an v\u1ee3t \u0111\u01b0\u1ee3c ch\u1ee9ng nh\u1eadn qu\u1ed1c t\u1ebf ti\u1ebfp t\u1ee5c h\u1ecdc h\u1ecfi b\u1eb1ng c\u00e1ch:<br>&#8211; Tham gia c\u00e1c b\u00e0i ki\u1ec3m tra \u0111an c\u01b0\u1edbc v\u1ee3t tennis c\u1ea5p \u0111\u1ed9 cao h\u01a1n<br>&#8211; Tham d\u1ef1 c\u00e1c h\u1ed9i th\u1ea3o v\u1ec1 ph\u01b0\u01a1ng ph\u00e1p \u0111an c\u01b0\u1edbc m\u1edbi<br>&#8211; T\u00ecm hi\u1ec3u v\u1ec1 c\u00e1c lo\u1ea1i v\u1ee3t v\u00e0 d\u00e2y c\u01b0\u1edbc m\u1edbi<br>&#8211; Trao \u0111\u1ed5i v\u1edbi c\u00e1c th\u1ee3 \u0111an v\u1ee3t kh\u00e1c trong c\u1ed9ng \u0111\u1ed3ng<\/p>\n\n\n\n\n<p>B\u1eb1ng c\u00e1ch cung c\u1ea5p c\u00e1c ch\u1ee9ng nh\u1eadn \u0111an c\u01b0\u1edbc v\u1ee3t tennis n\u00e0y, BSW mong mu\u1ed1n \u0111\u1ea3m b\u1ea3o r\u1eb1ng v\u1ee3t tennis \u0111\u01b0\u1ee3c \u0111an m\u1ed9t c\u00e1ch ch\u1ea5t l\u01b0\u1ee3ng. \u0110i\u1ec1u n\u00e0y gi\u00fap ng\u01b0\u1eddi ch\u01a1i tennis \u1edf m\u1ecdi c\u1ea5p \u0111\u1ed9 c\u00f3 \u0111\u01b0\u1ee3c nh\u1eefng c\u00e2y v\u1ee3t t\u1ed1t h\u01a1n \u0111\u1ec3 thi \u0111\u1ea5u.<\/p>\n\n\n\n\n<p>M\u1ed7i c\u1ea5p \u0111\u1ed9 ch\u1ee9ng nh\u1eadn c\u00f3 c\u00e1c quy \u0111\u1ecbnh v\u00e0 n\u1ed9i dung h\u1ecdc t\u1eadp ri\u00eang. \u0110\u1ec3 t\u00ecm hi\u1ec3u th\u00eam v\u1ec1 m\u1ed9t ch\u1ee9ng nh\u1eadn \u0111an c\u01b0\u1edbc v\u1ee3t tennis c\u1ee5 th\u1ec3, h\u00e3y nh\u1ea5p v\u00e0o t\u00ean c\u1ee7a ch\u1ee9ng nh\u1eadn \u0111\u00f3 b\u00ean d\u01b0\u1edbi.<\/p>\n\n<\/div>\n<\/div>\n<\/div>\n\n<section class=\"gb-container gb-container-f2eb6521\">\n\n<div class=\"gb-grid-wrapper gb-grid-wrapper-4b9b7e10\">\n\n<div class=\"gb-grid-column gb-grid-column-491939a3\"><div class=\"gb-container gb-container-491939a3\">\n\n\n\n<p class=\"gb-headline gb-headline-6035f175 gb-headline-text\"><strong>BSW<\/strong><\/p>\n\n\n<div class=\"gb-container gb-container-731ae20e\">\n\n<div class=\"gb-container gb-container-d96e7a76\"><\/div>\n\n<\/div>\n\n\n\n<h2 class=\"gb-headline gb-headline-2834ed4d gb-headline-text\">Certified Tennis Stringer (CTS)<\/h2>\n\n\n\n\n<p class=\"gb-headline gb-headline-23954af5 gb-headline-text\">K\u1ef9 n\u0103ng \u0111an c\u01b0\u1edbc v\u1ee3t tennis c\u01a1 b\u1ea3n v\u00e0 k\u1ef9 thu\u1eadt chu\u1ea9n b\u1ecb v\u1ee3t.<\/p>\n\n\n\n\n\n<a class=\"gb-button gb-button-78ef4961\" href=\"https:\/\/beststringer.com\/vi\/bsw-certified-tennis-stringer-cts-certification\/\"><span class=\"gb-button-text\">T\u00ecm hi\u1ec3u th\u00eam<\/span><span class=\"gb-icon\"><svg viewBox=\"0 0 512 512\" xmlns=\"http:\/\/www.w3.org\/2000\/svg\"><path d=\"M502.6 278.6c12.5-12.5 12.5-32.8 0-45.3l-128-128c-12.5-12.5-32.8-12.5-45.3 0s-12.5 32.8 0 45.3l73.4 73.4H32c-17.7 0-32 14.3-32 32s14.3 32 32 32h370.7l-73.4 73.4c-12.5 12.5-12.5 32.8 0 45.3s32.8 12.5 45.3 0l128-128z\"><\/path><\/svg><\/span><\/a>\n\n\n\n<\/div><\/div>\n\n<div class=\"gb-grid-column gb-grid-column-29bf4487\"><div class=\"gb-container gb-container-29bf4487\">\n\n\n\n<p class=\"gb-headline gb-headline-0a24fd0f gb-headline-text\"><strong>BSW<\/strong><\/p>\n\n\n<div class=\"gb-container gb-container-d0553944\">\n\n<div class=\"gb-container gb-container-09d00176\"><\/div>\n\n<\/div>\n\n\n\n<h2 class=\"gb-headline gb-headline-4addc0f7 gb-headline-text\">Professional Tennis Stringer (PTS)<\/h2>\n\n\n\n\n<p class=\"gb-headline gb-headline-1c19adbf gb-headline-text\">Ph\u01b0\u01a1ng ph\u00e1p \u0111an c\u01b0\u1edbc n\u00e2ng cao cho nhi\u1ec1u lo\u1ea1i v\u1ee3t tennis kh\u00e1c nhau.<\/p>\n\n\n\n\n\n<a class=\"gb-button gb-button-80adbc84\" href=\"https:\/\/beststringer.com\/vi\/professional-tennis-stringer-pts-certification\/\"><span class=\"gb-button-text\">T\u00ecm hi\u1ec3u th\u00eam<\/span><span class=\"gb-icon\"><svg viewBox=\"0 0 512 512\" xmlns=\"http:\/\/www.w3.org\/2000\/svg\"><path d=\"M502.6 278.6c12.5-12.5 12.5-32.8 0-45.3l-128-128c-12.5-12.5-32.8-12.5-45.3 0s-12.5 32.8 0 45.3l73.4 73.4H32c-17.7 0-32 14.3-32 32s14.3 32 32 32h370.7l-73.4 73.4c-12.5 12.5-12.5 32.8 0 45.3s32.8 12.5 45.3 0l128-128z\"><\/path><\/svg><\/span><\/a>\n\n\n\n<\/div><\/div>\n\n<div class=\"gb-grid-column gb-grid-column-38a22b00\"><div class=\"gb-container gb-container-38a22b00\">\n\n\n\n<p class=\"gb-headline gb-headline-6f3ccaa8 gb-headline-text\"><strong>BSW<\/strong><\/p>\n\n\n<div class=\"gb-container gb-container-cc33d305\">\n\n<div class=\"gb-container gb-container-c7d96b73\"><\/div>\n\n<\/div>\n\n\n\n<h2 class=\"gb-headline gb-headline-09f4131c gb-headline-text\">Master Tennis Tour Stringer (MTTS)<\/h2>\n\n\n\n\n<p class=\"gb-headline gb-headline-085d8440 gb-headline-text\">K\u1ef9 n\u0103ng \u0111an c\u01b0\u1edbc c\u1ea5p chuy\u00ean gia cho c\u00e1c gi\u1ea3i \u0111\u1ea5u v\u00e0 v\u1eadn \u0111\u1ed9ng vi\u00ean chuy\u00ean nghi\u1ec7p.<\/p>\n\n\n\n\n\n<a class=\"gb-button gb-button-449fedff\" href=\"https:\/\/beststringer.com\/vi\/master-tennis-tour-stringer-mtts-certification\/\"><span class=\"gb-button-text\">T\u00ecm hi\u1ec3u th\u00eam<\/span><span class=\"gb-icon\"><svg viewBox=\"0 0 512 512\" xmlns=\"http:\/\/www.w3.org\/2000\/svg\"><path d=\"M502.6 278.6c12.5-12.5 12.5-32.8 0-45.3l-128-128c-12.5-12.5-32.8-12.5-45.3 0s-12.5 32.8 0 45.3l73.4 73.4H32c-17.7 0-32 14.3-32 32s14.3 32 32 32h370.7l-73.4 73.4c-12.5 12.5-12.5 32.8 0 45.3s32.8 12.5 45.3 0l128-128z\"><\/path><\/svg><\/span><\/a>\n\n\n\n<\/div><\/div>\n\n<div class=\"gb-grid-column gb-grid-column-09ceebfb\"><div class=\"gb-container gb-container-09ceebfb\">\n\n\n\n<p class=\"gb-headline gb-headline-1022f806 gb-headline-text\"><strong>BSW<\/strong><\/p>\n\n\n<div class=\"gb-container gb-container-15a0880c\">\n\n<div class=\"gb-container gb-container-5490e8ff\"><\/div>\n\n<\/div>\n\n\n\n<h2 class=\"gb-headline gb-headline-3e7d338d gb-headline-text\">Certified Tennis Tension Advisor (CTTA)<\/h2>\n\n\n\n\n<p class=\"gb-headline gb-headline-50701001 gb-headline-text\">Ki\u1ebfn th\u1ee9c chuy\u00ean s\u00e2u v\u1ec1 t\u00e1c \u0111\u1ed9ng c\u1ee7a pound (lbs) d\u00e2y c\u01b0\u1edbc v\u00e0 c\u00e1ch t\u01b0 v\u1ea5n.<\/p>\n\n\n\n\n\n<a class=\"gb-button gb-button-d196416b\" href=\"#\"><span class=\"gb-button-text\">T\u00ecm hi\u1ec3u th\u00eam<\/span><span class=\"gb-icon\"><svg viewBox=\"0 0 512 512\" xmlns=\"http:\/\/www.w3.org\/2000\/svg\"><path d=\"M502.6 278.6c12.5-12.5 12.5-32.8 0-45.3l-128-128c-12.5-12.5-32.8-12.5-45.3 0s-12.5 32.8 0 45.3l73.4 73.4H32c-17.7 0-32 14.3-32 32s14.3 32 32 32h370.7l-73.4 73.4c-12.5 12.5-12.5 32.8 0 45.3s32.8 12.5 45.3 0l128-128z\"><\/path><\/svg><\/span><\/a>\n\n\n\n<\/div><\/div>\n\n<div class=\"gb-grid-column gb-grid-column-6d7e80ba\"><div class=\"gb-container gb-container-6d7e80ba\">\n\n\n\n<p class=\"gb-headline gb-headline-d2e3bb04 gb-headline-text\"><strong>BSW<\/strong><\/p>\n\n\n<div class=\"gb-container gb-container-ae4f62c8\">\n\n<div class=\"gb-container gb-container-4cbbfba4\"><\/div>\n\n<\/div>\n\n\n\n<h2 class=\"gb-headline gb-headline-c51243d4 gb-headline-text\">Certified Tennis String Advisor (CTSA)<\/h2>\n\n\n\n\n<p class=\"gb-headline gb-headline-7e4f5a8c gb-headline-text\">Hi\u1ec3u bi\u1ebft s\u00e2u s\u1eafc v\u1ec1 c\u00e1c lo\u1ea1i d\u00e2y c\u01b0\u1edbc tennis v\u00e0 \u0111\u1eb7c t\u00ednh c\u1ee7a ch\u00fang.<\/p>\n\n\n\n\n\n<a class=\"gb-button gb-button-08a6b2e1\" href=\"#\"><span class=\"gb-button-text\">T\u00ecm hi\u1ec3u th\u00eam<\/span><span class=\"gb-icon\"><svg viewBox=\"0 0 512 512\" xmlns=\"http:\/\/www.w3.org\/2000\/svg\"><path d=\"M502.6 278.6c12.5-12.5 12.5-32.8 0-45.3l-128-128c-12.5-12.5-32.8-12.5-45.3 0s-12.5 32.8 0 45.3l73.4 73.4H32c-17.7 0-32 14.3-32 32s14.3 32 32 32h370.7l-73.4 73.4c-12.5 12.5-12.5 32.8 0 45.3s32.8 12.5 45.3 0l128-128z\"><\/path><\/svg><\/span><\/a>\n\n\n\n<\/div><\/div>\n\n<div class=\"gb-grid-column gb-grid-column-f86684a3\"><div class=\"gb-container gb-container-f86684a3\">\n\n\n\n<p class=\"gb-headline gb-headline-c61dd94e gb-headline-text\"><strong>BSW<\/strong><\/p>\n\n\n<div class=\"gb-container gb-container-7aca502d\">\n\n<div class=\"gb-container gb-container-5ee444a6\"><\/div>\n\n<\/div>\n\n\n\n<h2 class=\"gb-headline gb-headline-faabea64 gb-headline-text\">Professional Tennis String &amp; Tension Advisor (PTSTA)<\/h2>\n\n\n\n\n<p class=\"gb-headline gb-headline-ac676b58 gb-headline-text\">Chuy\u00ean m\u00f4n to\u00e0n di\u1ec7n v\u1ec1 l\u1ef1a ch\u1ecdn d\u00e2y c\u01b0\u1edbc v\u00e0 t\u1ed1i \u01b0u h\u00f3a pound (lbs).<\/p>\n\n\n\n\n\n<a class=\"gb-button gb-button-7a7f243a\" href=\"#\"><span class=\"gb-button-text\">T\u00ecm hi\u1ec3u th\u00eam<\/span><span class=\"gb-icon\"><svg viewBox=\"0 0 512 512\" xmlns=\"http:\/\/www.w3.org\/2000\/svg\"><path d=\"M502.6 278.6c12.5-12.5 12.5-32.8 0-45.3l-128-128c-12.5-12.5-32.8-12.5-45.3 0s-12.5 32.8 0 45.3l73.4 73.4H32c-17.7 0-32 14.3-32 32s14.3 32 32 32h370.7l-73.4 73.4c-12.5 12.5-12.5 32.8 0 45.3s32.8 12.5 45.3 0l128-128z\"><\/path><\/svg><\/span><\/a>\n\n\n\n<\/div><\/div>\n\n<\/div>\n\n<\/section>\n\n<section class=\"gb-container gb-container-21e3c652\">\n\n<div class=\"gb-container gb-container-11344779\">\n\n\n\n<h3 class=\"gb-headline gb-headline-39f4cce2 gb-headline-text\">T\u00ecm Hi\u1ec3u v\u1ec1 C\u00e1c Ch\u1ee9ng Nh\u1eadn \u0110an C\u01b0\u1edbc V\u1ee3t Tennis<\/h3>\n\n\n\n\n<p class=\"gb-headline gb-headline-c6c5990e gb-headline-text\">Video n\u00e0y kh\u00e1m ph\u00e1 ch\u01b0\u01a1ng tr\u00ecnh Ch\u1ee9ng Nh\u1eadn \u0110an C\u01b0\u1edbc V\u1ee3t Tennis c\u1ee7a Best Stringer Worldwide (BSW), m\u1ed9t s\u00e1ng ki\u1ebfn gi\u00e1o d\u1ee5c \u0111\u01b0\u1ee3c thi\u1ebft k\u1ebf \u0111\u1ec3 n\u00e2ng cao ti\u00eau chu\u1ea9n \u0111an c\u01b0\u1edbc v\u1ee3t. Ch\u00fang ta s\u1ebd xem x\u00e9t s\u00e1u c\u1ea5p \u0111\u1ed9 ch\u1ee9ng nh\u1eadn do BSW cung c\u1ea5p, t\u1eeb Certified Tennis Stringer \u0111\u1ebfn Professional Tennis String &amp; Tension Advisor.<\/p>\n\n\n<div class=\"gb-container gb-container-ec1a2ce6\">\n\n<div class=\"gb-container gb-container-238a634b\"><\/div>\n\n<\/div>\n\n\n\n<div id=\"youtube-player\"><\/div>\n<script>\nvar videoLoaded = false;\n\n\nfunction loadYouTubeVideo() {\nif (videoLoaded) return;\nvideoLoaded = true;\nvar tag = document.createElement('script');\ntag.src = \"https:\/\/www.youtube.com\/iframe_api\";\nvar firstScriptTag = document.getElementsByTagName('script')[0];\nfirstScriptTag.parentNode.insertBefore(tag, firstScriptTag);\n}\n\nfunction onYouTubeIframeAPIReady() {\nnew YT.Player('youtube-player', {\nheight: '360',\nwidth: '640',\nvideoId: 'AtGBRRdPgDU', \/\/ Your video ID\nevents: {\n'onReady': onPlayerReady\n}\n});\n}\n\nfunction onPlayerReady(event) {\n\/\/ Video is ready to play\n}\n\n\/\/ Load the YouTube API script when the page is scrolled\nwindow.addEventListener('scroll', loadYouTubeVideo, { once: true });\n\n\/\/ Also load if the user hasn't scrolled after 3 seconds\nsetTimeout(loadYouTubeVideo, 3000);\n<\/script>\n\n\n\n<\/div>\n\n<\/section>\n","protected":false},"excerpt":{"rendered":"<p>Ch\u1ee9ng Nh\u1eadn \u0110an C\u01b0\u1edbc V\u1ee3t Tennis Best Stringer Worldwide (BSW) cung c\u1ea5p c\u00e1c ch\u1ee9ng nh\u1eadn v\u1ec1 \u0111an c\u01b0\u1edbc v\u1ee3t tennis. C\u00e1c ch\u1ee9ng nh\u1eadn n\u00e0y d\u00f9ng \u0111\u1ec3 ki\u1ec3m tra k\u1ef9 n\u0103ng \u0111an c\u01b0\u1edbc. Ch\u01b0\u01a1ng tr\u00ecnh c\u1ee7a ch\u00fang t\u00f4i ki\u1ec3m tra t\u1eeb c\u00e1c ph\u01b0\u01a1ng ph\u00e1p \u0111an c\u01b0\u1edbc c\u01a1 b\u1ea3n \u0111\u1ebfn c\u00e1c k\u1ef9 thu\u1eadt x\u1eed l\u00fd v\u1ee3t tennis &#8230; <a title=\"Ch\u1ee9ng Ch\u1ec9 \u0110an V\u1ee3t Qu\u1ea7n V\u1ee3t\" class=\"read-more\" href=\"https:\/\/beststringer.com\/vi\/tennis-stringing-certificate\/\" aria-label=\"Read more about Ch\u1ee9ng Ch\u1ec9 \u0110an V\u1ee3t Qu\u1ea7n V\u1ee3t\">Read more<\/a><\/p>\n","protected":false},"author":1,"featured_media":40450,"parent":0,"menu_order":0,"comment_status":"closed","ping_status":"closed","template":"","meta":{"footnotes":""},"class_list":{"0":"post-40448","1":"page","2":"type-page","3":"status-publish","4":"has-post-thumbnail","6":"infinite-scroll-item"},"_links":{"self":[{"href":"https:\/\/beststringer.com\/vi\/wp-json\/wp\/v2\/pages\/40448","targetHints":{"allow":["GET"]}}],"collection":[{"href":"https:\/\/beststringer.com\/vi\/wp-json\/wp\/v2\/pages"}],"about":[{"href":"https:\/\/beststringer.com\/vi\/wp-json\/wp\/v2\/types\/page"}],"author":[{"embeddable":true,"href":"https:\/\/beststringer.com\/vi\/wp-json\/wp\/v2\/users\/1"}],"replies":[{"embeddable":true,"href":"https:\/\/beststringer.com\/vi\/wp-json\/wp\/v2\/comments?post=40448"}],"version-history":[{"count":0,"href":"https:\/\/beststringer.com\/vi\/wp-json\/wp\/v2\/pages\/40448\/revisions"}],"wp:featuredmedia":[{"embeddable":true,"href":"https:\/\/beststringer.com\/vi\/wp-json\/wp\/v2\/media\/40450"}],"wp:attachment":[{"href":"https:\/\/beststringer.com\/vi\/wp-json\/wp\/v2\/media?parent=40448"}],"curies":[{"name":"wp","href":"https:\/\/api.w.org\/{rel}","templated":true}]}}