{"id":39378,"date":"2024-08-05T14:09:16","date_gmt":"2024-08-05T14:09:16","guid":{"rendered":"https:\/\/beststringer.com\/stringing-certificate\/"},"modified":"2025-09-25T05:12:40","modified_gmt":"2025-09-25T05:12:40","slug":"stringing-certificate","status":"publish","type":"page","link":"https:\/\/beststringer.com\/vi\/stringing-certificate\/","title":{"rendered":"Ch\u1ee9ng Ch\u1ec9 \u0110an V\u1ee3t BSW"},"content":{"rendered":"<div class=\"gb-container gb-container-f66bc834\">\n\n<div class=\"gb-container gb-container-3423e27e\">\n\n<div class=\"gb-container gb-container-4ea2fbf1\">\n\n<div id=\"ez-toc-container\" class=\"ez-toc-v2_0_82_2 ez-toc-wrap-left counter-hierarchy ez-toc-counter ez-toc-custom ez-toc-container-direction\">\n<div class=\"ez-toc-title-container\">\n<p class=\"ez-toc-title\" style=\"cursor:inherit\">Topics<\/p>\n<span class=\"ez-toc-title-toggle\"><a href=\"#\" class=\"ez-toc-pull-right ez-toc-btn ez-toc-btn-xs ez-toc-btn-default ez-toc-toggle\" aria-label=\"Toggle Table of Content\"><span class=\"ez-toc-js-icon-con\"><span class=\"\"><span class=\"eztoc-hide\" style=\"display:none;\">Toggle<\/span><span class=\"ez-toc-icon-toggle-span\"><svg style=\"fill: #ffffff;color:#ffffff\" xmlns=\"http:\/\/www.w3.org\/2000\/svg\" class=\"list-377408\" width=\"20px\" height=\"20px\" viewBox=\"0 0 24 24\" fill=\"none\"><path d=\"M6 6H4v2h2V6zm14 0H8v2h12V6zM4 11h2v2H4v-2zm16 0H8v2h12v-2zM4 16h2v2H4v-2zm16 0H8v2h12v-2z\" fill=\"currentColor\"><\/path><\/svg><svg style=\"fill: #ffffff;color:#ffffff\" class=\"arrow-unsorted-368013\" xmlns=\"http:\/\/www.w3.org\/2000\/svg\" width=\"10px\" height=\"10px\" viewBox=\"0 0 24 24\" version=\"1.2\" baseProfile=\"tiny\"><path d=\"M18.2 9.3l-6.2-6.3-6.2 6.3c-.2.2-.3.4-.3.7s.1.5.3.7c.2.2.4.3.7.3h11c.3 0 .5-.1.7-.3.2-.2.3-.5.3-.7s-.1-.5-.3-.7zM5.8 14.7l6.2 6.3 6.2-6.3c.2-.2.3-.5.3-.7s-.1-.5-.3-.7c-.2-.2-.4-.3-.7-.3h-11c-.3 0-.5.1-.7.3-.2.2-.3.5-.3.7s.1.5.3.7z\"\/><\/svg><\/span><\/span><\/span><\/a><\/span><\/div>\n<nav><ul class='ez-toc-list ez-toc-list-level-1 eztoc-toggle-hide-by-default' ><li class='ez-toc-page-1 ez-toc-heading-level-2'><a class=\"ez-toc-link ez-toc-heading-1\" href=\"https:\/\/beststringer.com\/vi\/stringing-certificate\/#Chung_Nhan_Dan_Cuoc_Vot\" >Ch\u1ee9ng Nh\u1eadn \u0110an C\u01b0\u1edbc V\u1ee3t<\/a><ul class='ez-toc-list-level-3' ><li class='ez-toc-heading-level-3'><a class=\"ez-toc-link ez-toc-heading-2\" href=\"https:\/\/beststringer.com\/vi\/stringing-certificate\/#Cac_Cap_Do_Chung_Nhan\" >C\u00e1c C\u1ea5p \u0110\u1ed9 Ch\u1ee9ng Nh\u1eadn<\/a><\/li><li class='ez-toc-page-1 ez-toc-heading-level-3'><a class=\"ez-toc-link ez-toc-heading-3\" href=\"https:\/\/beststringer.com\/vi\/stringing-certificate\/#Cau_Truc_Bai_Thi\" >C\u1ea5u Tr\u00fac B\u00e0i Thi<\/a><\/li><li class='ez-toc-page-1 ez-toc-heading-level-3'><a class=\"ez-toc-link ez-toc-heading-4\" href=\"https:\/\/beststringer.com\/vi\/stringing-certificate\/#Lua_Chon_Thi_Truc_Tiep\" >L\u1ef1a Ch\u1ecdn Thi Tr\u1ef1c Ti\u1ebfp<\/a><\/li><li class='ez-toc-page-1 ez-toc-heading-level-3'><a class=\"ez-toc-link ez-toc-heading-5\" href=\"https:\/\/beststringer.com\/vi\/stringing-certificate\/#Le_Phi_Thi\" >L\u1ec7 Ph\u00ed Thi<\/a><\/li><li class='ez-toc-page-1 ez-toc-heading-level-3'><a class=\"ez-toc-link ez-toc-heading-6\" href=\"https:\/\/beststringer.com\/vi\/stringing-certificate\/#Quy_Trinh_Thi\" >Quy Tr\u00ecnh Thi<\/a><\/li><li class='ez-toc-page-1 ez-toc-heading-level-3'><a class=\"ez-toc-link ez-toc-heading-7\" href=\"https:\/\/beststringer.com\/vi\/stringing-certificate\/#Chuyen_Mon_Hoa_Chung_Nhan_va_Su_Cong_Nhan\" >Chuy\u00ean M\u00f4n H\u00f3a Ch\u1ee9ng Nh\u1eadn v\u00e0 S\u1ef1 C\u00f4ng Nh\u1eadn<\/a><\/li><li class='ez-toc-page-1 ez-toc-heading-level-3'><a class=\"ez-toc-link ez-toc-heading-8\" href=\"https:\/\/beststringer.com\/vi\/stringing-certificate\/#Minh_Bach_va_Chinh_Truc\" >Minh B\u1ea1ch v\u00e0 Ch\u00ednh Tr\u1ef1c<\/a><\/li><li class='ez-toc-page-1 ez-toc-heading-level-3'><a class=\"ez-toc-link ez-toc-heading-9\" href=\"https:\/\/beststringer.com\/vi\/stringing-certificate\/#Cac_Ky_Thi_Chung_Nhan_Dan_Cuoc_Vot_cua_BSW\" >C\u00e1c K\u1ef3 Thi Ch\u1ee9ng Nh\u1eadn \u0110an C\u01b0\u1edbc V\u1ee3t c\u1ee7a BSW<\/a><\/li><li class='ez-toc-page-1 ez-toc-heading-level-3'><a class=\"ez-toc-link ez-toc-heading-10\" href=\"https:\/\/beststringer.com\/vi\/stringing-certificate\/#Quy_Trinh_Chung_Nhan_Dan_Cuoc_Vot_cua_BSW\" >Quy Tr\u00ecnh Ch\u1ee9ng Nh\u1eadn \u0110an C\u01b0\u1edbc V\u1ee3t c\u1ee7a BSW<\/a><\/li><\/ul><\/li><\/ul><\/nav><\/div>\n\n\n\n\n\n<h2 class=\"gb-headline gb-headline-79589317 gb-headline-text\"><span class=\"ez-toc-section\" id=\"Chung_Nhan_Dan_Cuoc_Vot\"><\/span>Ch\u1ee9ng Nh\u1eadn <mark style=\"background-color:rgba(0, 0, 0, 0)\" class=\"has-inline-color has-global-color-9-color\">\u0110an C\u01b0\u1edbc V\u1ee3t<\/mark><span class=\"ez-toc-section-end\"><\/span><\/h2>\n\n\n\n\n<p class=\"gb-headline gb-headline-d07d49cf gb-headline-text\">Best Stringer Worldwide (BSW) cung c\u1ea5p c\u00e1c k\u1ef3 thi ch\u1ee9ng nh\u1eadn to\u00e0n di\u1ec7n cho c\u00e1c chuy\u00ean gia \u0111an c\u01b0\u1edbc v\u1ee3t. C\u00e1c k\u1ef3 thi c\u1ee7a ch\u00fang t\u00f4i bao g\u1ed3m ba m\u00f4n th\u1ec3 thao v\u1ee3t ch\u00ednh:<\/p>\n\n\n\n\n<ol class=\"wp-block-list\">\n<li><a href=\"https:\/\/beststringer.com\/vi\/badminton-stringing-certificate\/\">C\u1ea7u l\u00f4ng<\/a><\/li>\n\n\n\n\n<li><a href=\"https:\/\/beststringer.com\/vi\/tennis-stringing-certificate\/\">Tennis<\/a><\/li>\n\n\n\n\n<li>Squash<\/li>\n<\/ol>\n\n<\/div>\n<\/div>\n\n<div class=\"gb-container gb-container-37db13f4\">\n\n<div class=\"gb-container gb-container-3021f73c\">\n\n\n\n<h3 class=\"gb-headline gb-headline-e5c79f72 gb-headline-text\"><span class=\"ez-toc-section\" id=\"Cac_Cap_Do_Chung_Nhan\"><\/span>C\u00e1c C\u1ea5p \u0110\u1ed9 <mark style=\"background-color:rgba(0, 0, 0, 0)\" class=\"has-inline-color has-global-color-9-color\">Ch\u1ee9ng Nh\u1eadn<\/mark><span class=\"ez-toc-section-end\"><\/span><\/h3>\n\n\n\n\n<p class=\"gb-headline gb-headline-7d760a3f gb-headline-text\">BSW cung c\u1ea5p nhi\u1ec1u lo\u1ea1i ch\u1ee9ng nh\u1eadn \u0111\u1ec3 \u0111\u00e1p \u1ee9ng c\u00e1c chuy\u00ean m\u00f4n kh\u00e1c nhau trong l\u0129nh v\u1ef1c \u0111an c\u01b0\u1edbc v\u1ee3t:<\/p>\n\n\n\n\n<ol class=\"wp-block-list\">\n<li><a href=\"https:\/\/beststringer.com\/vi\/certified-badminton-stringer-cbs-certification\/\">Th\u1ee3 \u0110an V\u1ee3t C\u1ea7u L\u00f4ng \u0111\u01b0\u1ee3c Ch\u1ee9ng nh\u1eadn (CBS)<\/a><\/li>\n\n\n\n\n<li><a href=\"https:\/\/beststringer.com\/vi\/professional-badminton-stringer-pbs-certification\/\">Th\u1ee3 \u0110an V\u1ee3t C\u1ea7u L\u00f4ng Chuy\u00ean nghi\u1ec7p (PBS)<\/a><\/li>\n\n\n\n\n<li><a href=\"https:\/\/beststringer.com\/vi\/master-badminton-tour-stringer-mbts-certification\/\">B\u1eadc Th\u1ea7y \u0110an V\u1ee3t C\u1ea7u L\u00f4ng Tour \u0110\u1ea5u (MTBS)<\/a><\/li>\n\n\n\n\n<li><a href=\"https:\/\/beststringer.com\/vi\/bsw-certified-tennis-stringer-cts-certification\/\">Th\u1ee3 \u0110an V\u1ee3t Tennis \u0111\u01b0\u1ee3c Ch\u1ee9ng nh\u1eadn (CTS)<\/a><\/li>\n\n\n\n\n<li><a href=\"https:\/\/beststringer.com\/vi\/professional-tennis-stringer-pts-certification\/\">Th\u1ee3 \u0110an V\u1ee3t Tennis Chuy\u00ean nghi\u1ec7p (PTS)<\/a><\/li>\n\n\n\n\n<li><a href=\"https:\/\/beststringer.com\/vi\/master-tennis-tour-stringer-mtts-certification\/\">B\u1eadc Th\u1ea7y \u0110an V\u1ee3t Tennis Tour \u0110\u1ea5u (MTTS)<\/a><\/li>\n\n\n\n\n<li>Th\u1ee3 \u0110an V\u1ee3t Squash \u0111\u01b0\u1ee3c Ch\u1ee9ng nh\u1eadn (CSS)<\/li>\n\n\n\n\n<li>Th\u1ee3 \u0110an V\u1ee3t Squash Chuy\u00ean nghi\u1ec7p (PSS)<\/li>\n\n\n\n\n<li>B\u1eadc Th\u1ea7y \u0110an V\u1ee3t Squash (MSS)<\/li>\n\n\n\n\n<li>C\u1ed1 v\u1ea5n Pound \u0111\u01b0\u1ee3c Ch\u1ee9ng nh\u1eadn &#8211; C\u1ea7u l\u00f4ng (CTA-B)<\/li>\n\n\n\n\n<li>C\u1ed1 v\u1ea5n C\u01b0\u1edbc V\u1ee3t \u0111\u01b0\u1ee3c Ch\u1ee9ng nh\u1eadn &#8211; C\u1ea7u l\u00f4ng (CSA-B)<\/li>\n\n\n\n\n<li>C\u1ed1 v\u1ea5n C\u01b0\u1edbc v\u00e0 Pound C\u1ea7u L\u00f4ng Chuy\u00ean nghi\u1ec7p (PBSTA)<\/li>\n<\/ol>\n\n<\/div>\n<\/div>\n\n<div class=\"gb-container gb-container-8072e76b\">\n\n<div class=\"gb-container gb-container-eabf3753\">\n\n\n\n<h3 class=\"gb-headline gb-headline-0ad93116 gb-headline-text\"><span class=\"ez-toc-section\" id=\"Cau_Truc_Bai_Thi\"><\/span>C\u1ea5u Tr\u00fac <mark style=\"background-color:rgba(0, 0, 0, 0)\" class=\"has-inline-color has-global-color-9-color\">B\u00e0i Thi<\/mark><span class=\"ez-toc-section-end\"><\/span><\/h3>\n\n\n\n\n<p class=\"gb-headline gb-headline-0e4cbc73 gb-headline-text\">M\u1ed7i c\u1ea5p \u0111\u1ed9 ch\u1ee9ng nh\u1eadn bao g\u1ed3m hai ph\u1ea7n:<br><br>1. <strong>Thi L\u00fd Thuy\u1ebft<\/strong>: Ki\u1ec3m tra ki\u1ebfn th\u1ee9c v\u1ec1 nguy\u00ean t\u1eafc \u0111an c\u01b0\u1edbc, c\u00f4ng ngh\u1ec7 v\u1ee3t v\u00e0 c\u00e1c y\u00eau c\u1ea7u c\u1ee5 th\u1ec3 c\u1ee7a t\u1eebng m\u00f4n th\u1ec3 thao.<br>2. <strong>Thi Th\u1ef1c H\u00e0nh<\/strong>: \u0110\u00e1nh gi\u00e1 k\u1ef9 n\u0103ng, k\u1ef9 thu\u1eadt v\u00e0 hi\u1ec7u qu\u1ea3 \u0111an c\u01b0\u1edbc th\u1ef1c t\u1ebf.<br><br>Th\u00ed sinh ph\u1ea3i v\u01b0\u1ee3t qua c\u1ea3 hai ph\u1ea7n thi \u0111\u1ec3 \u0111\u01b0\u1ee3c c\u1ea5p ch\u1ee9ng nh\u1eadn.<\/p>\n\n<\/div>\n<\/div>\n\n<div class=\"gb-container gb-container-0bc9ddf8\">\n\n<div class=\"gb-container gb-container-4a1593e5\">\n\n\n\n<h3 class=\"gb-headline gb-headline-f300e849 gb-headline-text\"><span class=\"ez-toc-section\" id=\"Lua_Chon_Thi_Truc_Tiep\"><\/span>L\u1ef1a Ch\u1ecdn <mark style=\"background-color:rgba(0, 0, 0, 0)\" class=\"has-inline-color has-global-color-9-color\">Thi Tr\u1ef1c Ti\u1ebfp<\/mark><span class=\"ez-toc-section-end\"><\/span><\/h3>\n\n\n\n\n<p class=\"gb-headline gb-headline-1f171057 gb-headline-text\">Nh\u1eefng th\u1ee3 \u0111an v\u1ee3t c\u00f3 kinh nghi\u1ec7m c\u00f3 th\u1ec3 ch\u1ecdn thi tr\u1ef1c ti\u1ebfp m\u00e0 kh\u00f4ng c\u1ea7n tham gia c\u00e1c kh\u00f3a h\u1ecdc c\u1ee7a BSW. Tuy nhi\u00ean, ch\u00fang t\u00f4i khuy\u00ean b\u1ea1n n\u00ean xem l\u1ea1i gi\u00e1o tr\u00ecnh c\u1ee7a ch\u00fang t\u00f4i \u0111\u1ec3 \u0111\u1ea3m b\u1ea3o s\u1ef1 chu\u1ea9n b\u1ecb t\u1ed1t nh\u1ea5t cho quy tr\u00ecnh ki\u1ec3m tra nghi\u00eam ng\u1eb7t.<\/p>\n\n<\/div>\n<\/div>\n\n<div class=\"gb-container gb-container-bc7f3ef7\">\n\n<div class=\"gb-container gb-container-c402b7cb\">\n\n\n\n<h3 class=\"gb-headline gb-headline-9ac68257 gb-headline-text\"><span class=\"ez-toc-section\" id=\"Le_Phi_Thi\"><\/span>L\u1ec7 Ph\u00ed <mark style=\"background-color:rgba(0, 0, 0, 0)\" class=\"has-inline-color has-global-color-9-color\">Thi<\/mark><span class=\"ez-toc-section-end\"><\/span><\/h3>\n\n\n\n\n<p><br>\u0110\u1ec3 bi\u1ebft th\u00f4ng tin l\u1ec7 ph\u00ed ch\u00ednh x\u00e1c:<\/p>\n\n\n\n\n<p>1. Truy c\u1eadp trang web BSW c\u1ee7a qu\u1ed1c gia ho\u1eb7c khu v\u1ef1c c\u1ee7a b\u1ea1n<br>2. Ki\u1ec3m tra m\u1ee5c &#8216;Ch\u1ee9ng nh\u1eadn&#8217; ho\u1eb7c &#8216;L\u1ec7 ph\u00ed thi&#8217;<br>3. N\u1ebfu kh\u00f4ng c\u00f3 th\u00f4ng tin tr\u00ean trang web, h\u00e3y li\u00ean h\u1ec7 v\u1edbi \u0111\u1ea1i di\u1ec7n BSW t\u1ea1i \u0111\u1ecba ph\u01b0\u01a1ng c\u1ee7a b\u1ea1n<\/p>\n\n\n\n\n<p>BSW cam k\u1ebft duy tr\u00ec t\u00ednh to\u00e0n v\u1eb9n v\u00e0 gi\u00e1 tr\u1ecb c\u1ee7a c\u00e1c ch\u1ee9ng nh\u1eadn c\u1ee7a ch\u00fang t\u00f4i. L\u1ec7 ph\u00ed \u0111\u01b0\u1ee3c \u0111\u1eb7t ra \u0111\u1ec3 \u0111\u1ea3m b\u1ea3o ch\u00fang t\u00f4i c\u00f3 th\u1ec3 ti\u1ebfp t\u1ee5c cung c\u1ea5p c\u00e1c b\u00e0i \u0111\u00e1nh gi\u00e1 ch\u1ea5t l\u01b0\u1ee3ng cao, \u0111o l\u01b0\u1eddng ch\u00ednh x\u00e1c n\u0103ng l\u1ef1c \u0111an c\u01b0\u1edbc.<\/p>\n\n<\/div>\n<\/div>\n\n<div class=\"gb-container gb-container-662e9de9\">\n\n<div class=\"gb-container gb-container-c6cfc8d8\">\n\n\n\n<h3 class=\"gb-headline gb-headline-6755f7b2 gb-headline-text\"><span class=\"ez-toc-section\" id=\"Quy_Trinh_Thi\"><\/span>Quy Tr\u00ecnh <mark style=\"background-color:rgba(0, 0, 0, 0)\" class=\"has-inline-color has-global-color-9-color\">Thi<\/mark><span class=\"ez-toc-section-end\"><\/span><\/h3>\n\n\n\n\n<p>1. <strong>K\u1ebft qu\u1ea3 &#8211;<\/strong> Nh\u1eadn k\u1ebft qu\u1ea3 v\u00e0 ch\u1ee9ng nh\u1eadn BSW n\u1ebfu b\u1ea1n thi \u0111\u1ed7.<br>2. <strong>\u0110\u0103ng k\u00fd &#8211;<\/strong> N\u1ed9p \u0111\u01a1n \u0111\u0103ng k\u00fd cho c\u1ea5p \u0111\u1ed9 ch\u1ee9ng nh\u1eadn mong mu\u1ed1n.<br>3. <strong>Ki\u1ec3m tra \u0110i\u1ec1u ki\u1ec7n &#8211;<\/strong> BSW xem x\u00e9t kinh nghi\u1ec7m v\u00e0 tr\u00ecnh \u0111\u1ed9 c\u1ee7a b\u1ea1n.<br>4. <strong>L\u00ean l\u1ecbch thi &#8211;<\/strong> Sau khi \u0111\u01b0\u1ee3c ch\u1ea5p thu\u1eadn, ch\u00fang t\u00f4i s\u1ebd l\u00ean l\u1ecbch cho c\u00e1c b\u00e0i thi l\u00fd thuy\u1ebft v\u00e0 th\u1ef1c h\u00e0nh c\u1ee7a b\u1ea1n.<br>5. <strong>D\u1ef1 thi &#8211;<\/strong> Ho\u00e0n th\u00e0nh c\u1ea3 hai ph\u1ea7n thi l\u00fd thuy\u1ebft v\u00e0 th\u1ef1c h\u00e0nh.<\/p>\n\n<\/div>\n<\/div>\n\n<div class=\"gb-container gb-container-b371e412\">\n\n<div class=\"gb-container gb-container-fce12110\">\n\n\n\n<h3 class=\"gb-headline gb-headline-31525bc7 gb-headline-text\"><span class=\"ez-toc-section\" id=\"Chuyen_Mon_Hoa_Chung_Nhan_va_Su_Cong_Nhan\"><\/span>Chuy\u00ean M\u00f4n H\u00f3a <mark style=\"background-color:rgba(0, 0, 0, 0)\" class=\"has-inline-color has-global-color-9-color\">Ch\u1ee9ng Nh\u1eadn<\/mark> v\u00e0 <mark style=\"background-color:rgba(0, 0, 0, 0)\" class=\"has-inline-color has-global-color-9-color\">S\u1ef1 C\u00f4ng Nh\u1eadn<\/mark><span class=\"ez-toc-section-end\"><\/span><\/h3>\n\n\n\n\n<p>C\u00e1c k\u1ef3 thi ch\u1ee9ng nh\u1eadn c\u1ee7a BSW \u0111\u01b0\u1ee3c thi\u1ebft k\u1ebf \u0111\u1ec3 \u0111\u00e1nh gi\u00e1 chuy\u00ean m\u00f4n trong c\u00e1c m\u00f4n th\u1ec3 thao v\u1ee3t c\u1ee5 th\u1ec3. Sau khi ho\u00e0n th\u00e0nh th\u00e0nh c\u00f4ng quy tr\u00ecnh ch\u1ee9ng nh\u1eadn:<\/p>\n\n\n\n\n<p>1. <strong>Ch\u1ee9ng ch\u1ec9 &#8211;<\/strong> M\u1ed7i ch\u1ee9ng ch\u1ec9 BSW s\u1ebd ghi r\u00f5 (c\u00e1c) m\u00f4n th\u1ec3 thao v\u1ee3t m\u00e0 th\u1ee3 \u0111an v\u1ee3t \u0111\u00e3 th\u1ec3 hi\u1ec7n \u0111\u01b0\u1ee3c n\u0103ng l\u1ef1c.<br>2. <strong>Danh b\u1ea1 Th\u1ee3 \u0111an v\u1ee3t &#8211;<\/strong> <br>BSW duy tr\u00ec m\u1ed9t danh b\u1ea1 tr\u1ef1c tuy\u1ebfn to\u00e0n di\u1ec7n g\u1ed3m c\u00e1c th\u1ee3 \u0111an v\u1ee3t \u0111\u01b0\u1ee3c ch\u1ee9ng nh\u1eadn, hi\u1ec3n th\u1ecb:<br>&#8211; T\u00ean th\u1ee3 \u0111an v\u1ee3t<br>&#8211; (C\u00e1c) c\u1ea5p \u0111\u1ed9 ch\u1ee9ng nh\u1eadn \u0111\u00e3 \u0111\u1ea1t \u0111\u01b0\u1ee3c<br>&#8211; Chuy\u00ean m\u00f4n v\u1ec1 c\u00e1c m\u00f4n th\u1ec3 thao v\u1ee3t c\u1ee5 th\u1ec3<br>&#8211; Qu\u1ed1c gia, Khu v\u1ef1c, Ti\u1ec3u bang, th\u00f4ng tin li\u00ean h\u1ec7 c\u1ee7a th\u1ee3 \u0111an v\u1ee3t<br>&#8211; H\u1ed3 s\u01a1 \u0110an c\u01b0\u1edbc To\u00e0n di\u1ec7n c\u1ee7a Th\u1ee3 \u0111an v\u1ee3t<br>&#8211; Ng\u00e0y \u0111\u01b0\u1ee3c Ch\u1ee9ng nh\u1eadn<\/p>\n\n<\/div>\n<\/div>\n\n<div class=\"gb-container gb-container-a407e389\">\n\n<div class=\"gb-container gb-container-9d376a97\">\n\n\n\n<h3 class=\"gb-headline gb-headline-cb18dbc0 gb-headline-text\"><span class=\"ez-toc-section\" id=\"Minh_Bach_va_Chinh_Truc\"><\/span><mark style=\"background-color:rgba(0, 0, 0, 0)\" class=\"has-inline-color has-global-color-9-color\">Minh B\u1ea1ch<\/mark> v\u00e0 <mark style=\"background-color:rgba(0, 0, 0, 0)\" class=\"has-inline-color has-global-color-9-color\">Ch\u00ednh Tr\u1ef1c<\/mark><span class=\"ez-toc-section-end\"><\/span><\/h3>\n\n\n\n\n<p>BSW cam k\u1ebft duy tr\u00ec c\u00e1c ti\u00eau chu\u1ea9n cao nh\u1ea5t v\u1ec1 t\u00ednh minh b\u1ea1ch v\u00e0 ch\u00ednh tr\u1ef1c trong quy tr\u00ecnh ch\u1ee9ng nh\u1eadn c\u1ee7a ch\u00fang t\u00f4i. C\u00e1c b\u00e0i thi c\u1ee7a ch\u00fang t\u00f4i \u0111\u01b0\u1ee3c xem x\u00e9t v\u00e0 c\u1eadp nh\u1eadt th\u01b0\u1eddng xuy\u00ean \u0111\u1ec3 ph\u1ea3n \u00e1nh c\u00e1c ti\u00eau chu\u1ea9n ng\u00e0nh hi\u1ec7n t\u1ea1i v\u00e0 nh\u1eefng ti\u1ebfn b\u1ed9 c\u00f4ng ngh\u1ec7 trong c\u00e1c m\u00f4n th\u1ec3 thao v\u1ee3t.<\/p>\n\n\n\n\n<p>\u0110\u1ec3 bi\u1ebft th\u00eam th\u00f4ng tin ho\u1eb7c \u0111\u0103ng k\u00fd thi l\u1ea5y ch\u1ee9ng nh\u1eadn, vui l\u00f2ng li\u00ean h\u1ec7 <strong><a href=\"mailto:info@beststringer.com\">info@beststringer.com<\/a><\/strong><\/p>\n\n\n\n\n<p>Ph\u00e1t tri\u1ec3n s\u1ef1 nghi\u1ec7p \u0111an c\u01b0\u1edbc c\u1ee7a b\u1ea1n v\u1edbi ch\u1ee9ng nh\u1eadn BSW &#8211; ti\u00eau chu\u1ea9n to\u00e0n c\u1ea7u v\u1ec1 s\u1ef1 xu\u1ea5t s\u1eafc trong l\u0129nh v\u1ef1c \u0111an c\u01b0\u1edbc v\u1ee3t.<\/p>\n\n<\/div>\n<\/div>\n<\/div>\n\n<section class=\"gb-container gb-container-21e3c652\">\n\n<div class=\"gb-container gb-container-11344779\">\n\n\n\n<h3 class=\"gb-headline gb-headline-39f4cce2 gb-headline-text\"><span class=\"ez-toc-section\" id=\"Cac_Ky_Thi_Chung_Nhan_Dan_Cuoc_Vot_cua_BSW\"><\/span>C\u00e1c K\u1ef3 Thi Ch\u1ee9ng Nh\u1eadn \u0110an C\u01b0\u1edbc V\u1ee3t c\u1ee7a BSW<span class=\"ez-toc-section-end\"><\/span><\/h3>\n\n\n\n\n<p class=\"gb-headline gb-headline-c6c5990e gb-headline-text\">Kh\u00e1m ph\u00e1 th\u1ebf gi\u1edbi ch\u1ee9ng nh\u1eadn \u0111an c\u01b0\u1edbc v\u1ee3t chuy\u00ean nghi\u1ec7p c\u00f9ng BSW. Video n\u00e0y gi\u1ea3i th\u00edch c\u00e1c c\u1ea5p \u0111\u1ed9 ch\u1ee9ng nh\u1eadn kh\u00e1c nhau cho c\u1ea7u l\u00f4ng, tennis v\u00e0 squash, c\u0169ng nh\u01b0 n\u1ed9i dung c\u1ee7a m\u1ed7i k\u1ef3 thi. T\u00ecm hi\u1ec3u v\u1ec1 c\u00e1c ph\u1ea7n thi l\u00fd thuy\u1ebft v\u00e0 th\u1ef1c h\u00e0nh, t\u1ea1i sao ch\u1ee9ng nh\u1eadn l\u1ea1i quan tr\u1ecdng, v\u00e0 n\u00f3 c\u00f3 th\u1ec3 mang l\u1ea1i l\u1ee3i \u00edch nh\u01b0 th\u1ebf n\u00e0o cho c\u1ea3 th\u1ee3 \u0111an v\u1ee3t v\u00e0 ng\u01b0\u1eddi ch\u01a1i.<\/p>\n\n\n<div class=\"gb-container gb-container-ec1a2ce6\">\n\n<div class=\"gb-container gb-container-238a634b\"><\/div>\n\n<\/div>\n\n\n\n<div id=\"youtube-player\"><\/div>\n<script>\nvar videoLoaded = false;\n\n\nfunction loadYouTubeVideo() {\nif (videoLoaded) return;\nvideoLoaded = true;\nvar tag = document.createElement('script');\ntag.src = \"https:\/\/www.youtube.com\/iframe_api\";\nvar firstScriptTag = document.getElementsByTagName('script')[0];\nfirstScriptTag.parentNode.insertBefore(tag, firstScriptTag);\n}\n\nfunction onYouTubeIframeAPIReady() {\nnew YT.Player('youtube-player', {\nheight: '360',\nwidth: '640',\nvideoId: 'xrWc7Y7Pz-0', \/\/ Your video ID\nevents: {\n'onReady': onPlayerReady\n}\n});\n}\n\nfunction onPlayerReady(event) {\n\/\/ Video is ready to play\n}\n\n\/\/ Load the YouTube API script when the page is scrolled\nwindow.addEventListener('scroll', loadYouTubeVideo, { once: true });\n\n\/\/ Also load if the user hasn't scrolled after 3 seconds\nsetTimeout(loadYouTubeVideo, 3000);\n<\/script>\n\n\n\n<\/div>\n\n<\/section>\n\n<section class=\"gb-container gb-container-49b9586e\">\n\n<div class=\"gb-container gb-container-a2e9522c\"><\/div>\n\n<div class=\"gb-container gb-container-0e11192a\">\n\n\n\n<h3 class=\"gb-headline gb-headline-5cf408ee gb-headline-text\"><span class=\"ez-toc-section\" id=\"Quy_Trinh_Chung_Nhan_Dan_Cuoc_Vot_cua_BSW\"><\/span>Quy Tr\u00ecnh Ch\u1ee9ng Nh\u1eadn \u0110an C\u01b0\u1edbc V\u1ee3t c\u1ee7a BSW<span class=\"ez-toc-section-end\"><\/span><\/h3>\n\n\n<div class=\"gb-container gb-container-daaa2e63\">\n\n<div class=\"gb-container gb-container-bda621fe\"><\/div>\n\n<div class=\"gb-container gb-container-4b0ac72b\"><\/div>\n\n<\/div>\n\n\n\n<p class=\"gb-headline gb-headline-edf98545 gb-headline-text\">T\u00ecm hi\u1ec3u v\u1ec1 c\u00e1c k\u1ef3 thi \u0111an c\u01b0\u1edbc to\u00e0n di\u1ec7n c\u1ee7a BSW cho c\u1ea7u l\u00f4ng, tennis v\u00e0 squash. C\u00e1c b\u00e0i \u0111\u00e1nh gi\u00e1 c\u1ee7a ch\u00fang t\u00f4i ki\u1ec3m tra c\u1ea3 ki\u1ebfn th\u1ee9c l\u00fd thuy\u1ebft v\u00e0 k\u1ef9 n\u0103ng th\u1ef1c h\u00e0nh trong vi\u1ec7c \u0111an c\u01b0\u1edbc v\u1ee3t.<\/p>\n\n\n\n\n\n<a class=\"gb-button gb-button-a29641e0 gb-button-text\" href=\"https:\/\/beststringer.com\/vi\/stringing-certificate\/\">Th\u00f4ng Tin Ch\u1ee9ng Nh\u1eadn<\/a>\n\n\n\n<\/div>\n\n<\/section>\n","protected":false},"excerpt":{"rendered":"<p>Ch\u1ee9ng Nh\u1eadn \u0110an C\u01b0\u1edbc V\u1ee3t Best Stringer Worldwide (BSW) cung c\u1ea5p c\u00e1c k\u1ef3 thi ch\u1ee9ng nh\u1eadn to\u00e0n di\u1ec7n cho c\u00e1c chuy\u00ean gia \u0111an c\u01b0\u1edbc v\u1ee3t. C\u00e1c k\u1ef3 thi c\u1ee7a ch\u00fang t\u00f4i bao g\u1ed3m ba m\u00f4n th\u1ec3 thao v\u1ee3t ch\u00ednh: C\u00e1c C\u1ea5p \u0110\u1ed9 Ch\u1ee9ng Nh\u1eadn BSW cung c\u1ea5p nhi\u1ec1u lo\u1ea1i ch\u1ee9ng nh\u1eadn \u0111\u1ec3 \u0111\u00e1p \u1ee9ng c\u00e1c &#8230; <a title=\"Ch\u1ee9ng Ch\u1ec9 \u0110an V\u1ee3t BSW\" class=\"read-more\" href=\"https:\/\/beststringer.com\/vi\/stringing-certificate\/\" aria-label=\"Read more about Ch\u1ee9ng Ch\u1ec9 \u0110an V\u1ee3t BSW\">Read more<\/a><\/p>\n","protected":false},"author":1,"featured_media":39379,"parent":0,"menu_order":0,"comment_status":"closed","ping_status":"closed","template":"","meta":{"footnotes":""},"class_list":{"0":"post-39378","1":"page","2":"type-page","3":"status-publish","4":"has-post-thumbnail","6":"infinite-scroll-item"},"_links":{"self":[{"href":"https:\/\/beststringer.com\/vi\/wp-json\/wp\/v2\/pages\/39378","targetHints":{"allow":["GET"]}}],"collection":[{"href":"https:\/\/beststringer.com\/vi\/wp-json\/wp\/v2\/pages"}],"about":[{"href":"https:\/\/beststringer.com\/vi\/wp-json\/wp\/v2\/types\/page"}],"author":[{"embeddable":true,"href":"https:\/\/beststringer.com\/vi\/wp-json\/wp\/v2\/users\/1"}],"replies":[{"embeddable":true,"href":"https:\/\/beststringer.com\/vi\/wp-json\/wp\/v2\/comments?post=39378"}],"version-history":[{"count":0,"href":"https:\/\/beststringer.com\/vi\/wp-json\/wp\/v2\/pages\/39378\/revisions"}],"wp:featuredmedia":[{"embeddable":true,"href":"https:\/\/beststringer.com\/vi\/wp-json\/wp\/v2\/media\/39379"}],"wp:attachment":[{"href":"https:\/\/beststringer.com\/vi\/wp-json\/wp\/v2\/media?parent=39378"}],"curies":[{"name":"wp","href":"https:\/\/api.w.org\/{rel}","templated":true}]}}