{"id":39231,"date":"2024-08-01T05:39:17","date_gmt":"2024-08-01T05:39:17","guid":{"rendered":"https:\/\/beststringer.com\/vision-mission-strategic-outcomes\/"},"modified":"2025-09-25T05:16:19","modified_gmt":"2025-09-25T05:16:19","slug":"vision-mission-strategic-outcomes","status":"publish","type":"page","link":"https:\/\/beststringer.com\/vi\/vision-mission-strategic-outcomes\/","title":{"rendered":"T\u1ea7m Nh\u00ecn &#038; S\u1ee9 M\u1ec7nh BSW"},"content":{"rendered":"<section class=\"gb-container gb-container-21e3c652\">\n<div class=\"gb-container gb-container-11344779\">\n\n<h3 class=\"gb-headline gb-headline-39f4cce2 gb-headline-text\">N\u00e2ng cao Ch\u1ea5t l\u01b0\u1ee3ng v\u00e0 S\u1ef1 tin c\u1eady trong Ch\u1ee9ng nh\u1eadn \u0110an c\u01b0\u1edbc V\u1ee3t<\/h3>\n\n\n\n<p class=\"gb-headline gb-headline-c6c5990e gb-headline-text\">T\u00ecm hi\u1ec3u v\u1ec1 t\u1ea7m nh\u00ecn c\u1ee7a BSW v\u1edbi vai tr\u00f2 l\u00e0 \u0111\u1ed1i t\u00e1c \u0111\u1ea3m b\u1ea3o ch\u1ea5t l\u01b0\u1ee3ng \u0111\u00e1ng tin c\u1eady v\u00e0 s\u1ee9 m\u1ec7nh h\u1ed7 tr\u1ee3 ng\u00e0nh c\u00f4ng nghi\u1ec7p v\u1ee3t c\u0169ng nh\u01b0 ng\u01b0\u1eddi ch\u01a1i th\u00f4ng qua h\u1ec7 th\u1ed1ng ch\u1ee9ng nh\u1eadn v\u1eefng ch\u1eafc. Ch\u00fang t\u00f4i s\u1ebd \u0111\u1ec1 c\u1eadp \u0111\u1ebfn c\u00e1c m\u1ee5c ti\u00eau chi\u1ebfn l\u01b0\u1ee3c, cam k\u1ebft v\u1ec1 t\u00ednh kh\u00e1ch quan v\u00e0 m\u00f4 h\u00ecnh phi l\u1ee3i nhu\u1eadn c\u1ee7a BSW.<\/p>\n\n\n<div class=\"gb-container gb-container-ec1a2ce6\">\n<div class=\"gb-container gb-container-238a634b\"><\/div>\n<\/div>\n\n\n<div id=\"youtube-player\"><\/div>\n<script>\n  var videoLoaded = false;\n\n  function loadYouTubeVideo() {\n    if (videoLoaded) return;\n    videoLoaded = true;\n    var tag = document.createElement('script');\n    tag.src = \"https:\/\/www.youtube.com\/iframe_api\";\n    var firstScriptTag = document.getElementsByTagName('script')[0];\n    firstScriptTag.parentNode.insertBefore(tag, firstScriptTag);\n  }\n\n  function onYouTubeIframeAPIReady() {\n    new YT.Player('youtube-player', {\n      height: '360',\n      width: '640',\n      videoId: 'oFo8iVctF90', \/\/ Your video ID\n      events: {\n        'onReady': onPlayerReady\n      }\n    });\n  }\n\n  function onPlayerReady(event) {\n    \/\/ Video is ready to play\n  }\n\n  \/\/ Load the YouTube API script when the page is scrolled\n  window.addEventListener('scroll', loadYouTubeVideo, { once: true });\n\n  \/\/ Also load if the user hasn't scrolled after 3 seconds\n  setTimeout(loadYouTubeVideo, 3000);\n<\/script>\n\n<\/div>\n<\/section>\n\n<div class=\"gb-container gb-container-f66bc834\">\n<div class=\"gb-container gb-container-3423e27e\">\n<div class=\"gb-container gb-container-4ea2fbf1\">\n\n<h2 class=\"gb-headline gb-headline-79589317 gb-headline-text\"><strong><mark style=\"background-color:rgba(0, 0, 0, 0)\" class=\"has-inline-color has-global-color-9-color\">T\u1ea7m nh\u00ecn<\/mark> c\u1ee7a BSW l\u00e0 g\u00ec?<\/strong><\/h2>\n\n\n\n<p class=\"gb-headline gb-headline-d07d49cf gb-headline-text\">L\u00e0 \u0111\u1ed1i t\u00e1c \u0111\u00e1ng tin c\u1eady trong vi\u1ec7c \u0111\u1ea3m b\u1ea3o ch\u1ea5t l\u01b0\u1ee3ng d\u1ecbch v\u1ee5 \u0111an c\u01b0\u1edbc v\u1ee3t c\u1ea7u l\u00f4ng v\u00e0 tennis.<\/p>\n\n<\/div>\n<\/div>\n\n<div class=\"gb-container gb-container-37db13f4\">\n<div class=\"gb-container gb-container-3021f73c\">\n\n<h3 class=\"gb-headline gb-headline-e5c79f72 gb-headline-text\"><strong><mark style=\"background-color:rgba(0, 0, 0, 0)\" class=\"has-inline-color has-global-color-9-color\">S\u1ee9 m\u1ec7nh<\/mark> c\u1ee7a BSW l\u00e0 g\u00ec?<\/strong><\/h3>\n\n\n\n<p class=\"gb-headline gb-headline-7d760a3f gb-headline-text\">Cung c\u1ea5p h\u1ec7 th\u1ed1ng ch\u1ee9ng nh\u1eadn v\u1eefng ch\u1eafc nh\u1eb1m h\u1ed7 tr\u1ee3 ng\u00e0nh c\u00f4ng nghi\u1ec7p th\u1ec3 thao d\u00f9ng v\u1ee3t v\u00e0 \u0111\u00e1p \u1ee9ng nhu c\u1ea7u c\u1ee7a ng\u01b0\u1eddi ch\u01a1i.<\/p>\n\n<\/div>\n<\/div>\n\n<div class=\"gb-container gb-container-8072e76b\">\n<div class=\"gb-container gb-container-eabf3753\">\n\n<h3 class=\"gb-headline gb-headline-0ad93116 gb-headline-text\"><strong><mark style=\"background-color:rgba(0, 0, 0, 0)\" class=\"has-inline-color has-global-color-9-color\">C\u00e1c k\u1ebft qu\u1ea3 chi\u1ebfn l\u01b0\u1ee3c<\/mark> c\u1ee7a BSW l\u00e0 g\u00ec?<\/strong><\/h3>\n\n\n\n<p class=\"gb-headline gb-headline-0e4cbc73 gb-headline-text\">BSW s\u1ebd cung c\u1ea5p m\u1ed9t h\u1ec7 th\u1ed1ng ch\u1ee9ng nh\u1eadn \u0111\u00e1ng tin c\u1eady tr\u00ean to\u00e0n c\u1ea7u v\u00e0 ph\u00e1t tri\u1ec3n c\u00e1c ch\u01b0\u01a1ng tr\u00ecnh \u0111\u00e1nh gi\u00e1 m\u1edbi \u0111\u1ec3 \u0111\u00e1p \u1ee9ng nhu c\u1ea7u c\u1ee7a c\u1ea3 qu\u1ed1c t\u1ebf v\u00e0 ng\u00e0nh. BSW s\u1ebd n\u1ed7 l\u1ef1c n\u00e2ng cao n\u0103ng l\u1ef1c c\u1ee7a c\u00e1c th\u1ee3 \u0111an v\u1ee3t th\u00f4ng qua vi\u1ec7c x\u00e2y d\u1ef1ng k\u1ef9 n\u0103ng, \u0111\u1ed3ng th\u1eddi th\u00fac \u0111\u1ea9y s\u1ef1 c\u00f4ng nh\u1eadn v\u00e0 nhu c\u1ea7u \u0111\u1ed1i v\u1edbi c\u00e1c d\u1ecbch v\u1ee5 \u0111\u01b0\u1ee3c BSW ch\u1ee9ng nh\u1eadn. Ngo\u00e0i vi\u1ec7c thi\u1ebft l\u1eadp c\u00e1c th\u1ecfa thu\u1eadn c\u00f4ng nh\u1eadn, BSW s\u1ebd ch\u1ee7 \u0111\u1ed9ng th\u00fac \u0111\u1ea9y c\u00e1c m\u1ed1i quan h\u1ec7 \u0111\u1ec3 t\u1ea1o \u0111i\u1ec1u ki\u1ec7n cho vi\u1ec7c ch\u1ea5p nh\u1eadn c\u00e1c th\u1ee3 \u0111an v\u1ee3t \u0111\u01b0\u1ee3c ch\u1ee9ng nh\u1eadn qu\u1ed1c t\u1ebf t\u1ea1i c\u00e1c th\u1ecb tr\u01b0\u1eddng m\u1ee5c ti\u00eau.<\/p>\n\n<\/div>\n<\/div>\n\n<div class=\"gb-container gb-container-0bc9ddf8\">\n<div class=\"gb-container gb-container-4a1593e5\">\n\n<h3 class=\"gb-headline gb-headline-f300e849 gb-headline-text\"><strong>BSW <mark style=\"background-color:rgba(0, 0, 0, 0)\" class=\"has-inline-color has-global-color-9-color\">\u0111\u1ea3m b\u1ea3o t\u00ednh kh\u00e1ch quan<\/mark> nh\u01b0 th\u1ebf n\u00e0o?<\/strong><\/h3>\n\n\n\n<p class=\"gb-headline gb-headline-1f171057 gb-headline-text\">BSW cam k\u1ebft b\u1ea3o v\u1ec7 v\u00e0 \u0111\u1ea3m b\u1ea3o t\u00ednh kh\u00e1ch quan trong c\u00e1c ho\u1ea1t \u0111\u1ed9ng ch\u1ee9ng nh\u1eadn c\u1ee7a m\u00ecnh \u1edf c\u1ea5p \u0111\u1ed9 chi\u1ebfn l\u01b0\u1ee3c v\u00e0 v\u1eadn h\u00e0nh. BSW s\u1ebd kh\u00f4ng cho ph\u00e9p c\u00e1c \u00e1p l\u1ef1c th\u01b0\u01a1ng m\u1ea1i, t\u00e0i ch\u00ednh v\u00e0 c\u00e1c \u00e1p l\u1ef1c kh\u00e1c l\u00e0m \u1ea3nh h\u01b0\u1edfng \u0111\u1ebfn t\u00ednh kh\u00e1ch quan. BSW \u0111\u1ea3m b\u1ea3o c\u00e1c \u1ee7y ban c\u1ee7a m\u00ecnh ho\u1ea1t \u0111\u1ed9ng v\u1edbi quan \u0111i\u1ec3m c\u00e2n b\u1eb1ng v\u00e0 c\u00f3 s\u1ef1 \u0111\u1ea1i di\u1ec7n t\u1eeb c\u00e1c b\u00ean li\u00ean quan ch\u00ednh, bao g\u1ed3m c\u00e1c nh\u00e0 s\u1ea3n xu\u1ea5t thi\u1ebft b\u1ecb, v\u1eadn \u0111\u1ed9ng vi\u00ean chuy\u00ean nghi\u1ec7p, nh\u00e0 khoa h\u1ecdc th\u1ec3 thao v\u00e0 chuy\u00ean gia ph\u00e2n t\u00edch d\u1eef li\u1ec7u, kh\u00f4ng cho ph\u00e9p b\u1ea5t k\u1ef3 l\u1ee3i \u00edch n\u00e0o chi\u1ebfm \u01b0u th\u1ebf ho\u1eb7c \u0111\u01b0\u1ee3c \u01b0u \u00e1i.<\/p>\n\n<\/div>\n<\/div>\n\n<div class=\"gb-container gb-container-bc7f3ef7\">\n<div class=\"gb-container gb-container-c402b7cb\">\n\n<h3 class=\"gb-headline gb-headline-9ac68257 gb-headline-text\"><strong>BSW \u0111\u01b0\u1ee3c <mark style=\"background-color:rgba(0, 0, 0, 0)\" class=\"has-inline-color has-global-color-9-color\">t\u00e0i tr\u1ee3<\/mark> nh\u01b0 th\u1ebf n\u00e0o?<\/strong><\/h3>\n\n\n\n<p class=\"gb-headline gb-headline-99f4af0d gb-headline-text\">BSW l\u00e0 m\u1ed9t t\u1ed5 ch\u1ee9c phi l\u1ee3i nhu\u1eadn. Ngu\u1ed3n doanh thu ch\u00ednh c\u1ee7a BSW \u0111\u1ebfn t\u1eeb ph\u00ed thu \u0111\u01b0\u1ee3c t\u1eeb c\u00e1c \u1ee9ng vi\u00ean \u0111\u0103ng k\u00fd ch\u1ee9ng nh\u1eadn c\u0169ng nh\u01b0 t\u1eeb c\u00e1c ho\u1ea1t \u0111\u1ed9ng \u0111\u00e1nh gi\u00e1. M\u1ecdi kho\u1ea3n th\u1eb7ng d\u01b0 \u0111\u1ec1u \u0111\u01b0\u1ee3c t\u00e1i \u0111\u1ea7u t\u01b0 \u0111\u1ec3 c\u1ea3i thi\u1ec7n quy tr\u00ecnh ch\u1ee9ng nh\u1eadn v\u00e0 th\u00fac \u0111\u1ea9y s\u1ef1 ph\u00e1t tri\u1ec3n c\u1ee7a l\u0129nh v\u1ef1c \u0111an c\u01b0\u1edbc v\u1ee3t. BSW cam k\u1ebft duy tr\u00ec s\u1ef1 minh b\u1ea1ch v\u1ec1 t\u00e0i ch\u00ednh.<\/p>\n\n\n\n<figure class=\"gb-block-image gb-block-image-b00566f0\"><img loading=\"lazy\" decoding=\"async\" width=\"753\" height=\"621\" class=\"gb-image gb-image-b00566f0\" src=\"https:\/\/beststringer.com\/wp-content\/uploads\/2024\/10\/BSW-Certification-Process-Best-Stringer-Worldwide-Certification.png\" alt=\"S\u01a1 \u0111\u1ed3 Quy tr\u00ecnh Ch\u1ee9ng nh\u1eadn c\u1ee7a BSW - D\u1ecbch v\u1ee5 \u0111an c\u01b0\u1edbc v\u1ee3t chuy\u00ean nghi\u1ec7p t\u1ea1i {{COUNTRY_LOCAL}}\" title=\"S\u01a1 \u0111\u1ed3 Quy tr\u00ecnh Ch\u1ee9ng nh\u1eadn c\u1ee7a BSW - Best Stringer Worldwide\" srcset=\"https:\/\/beststringer.com\/wp-content\/uploads\/2024\/10\/BSW-Certification-Process-Best-Stringer-Worldwide-Certification.png 753w, https:\/\/beststringer.com\/wp-content\/uploads\/2024\/10\/BSW-Certification-Process-Best-Stringer-Worldwide-Certification-300x247.png 300w\" sizes=\"auto, (max-width: 753px) 100vw, 753px\" \/><\/figure>\n\n<\/div>\n<\/div>\n<\/div>\n\n<section class=\"gb-container gb-container-49b9586e\">\n<div class=\"gb-container gb-container-a2e9522c\"><\/div>\n\n<div class=\"gb-container gb-container-0e11192a\">\n\n<h3 class=\"gb-headline gb-headline-5cf408ee gb-headline-text\">V\u1ec1 Best Stringer Worldwide<\/h3>\n\n\n<div class=\"gb-container gb-container-daaa2e63\">\n<div class=\"gb-container gb-container-bda621fe\"><\/div>\n\n<div class=\"gb-container gb-container-4b0ac72b\"><\/div>\n<\/div>\n\n\n<p class=\"gb-headline gb-headline-edf98545 gb-headline-text\">Best Stringer Worldwide l\u00e0 t\u1ed5 ch\u1ee9c ch\u1ee9ng nh\u1eadn h\u00e0ng \u0111\u1ea7u v\u1ec1 \u0111an c\u01b0\u1edbc v\u1ee3t c\u1ea7u l\u00f4ng v\u00e0 tennis. Ch\u00fang t\u00f4i duy tr\u00ec s\u1ef1 ch\u00ednh tr\u1ef1c v\u00e0 kh\u00e1ch quan trong c\u00e1c ph\u01b0\u01a1ng ph\u00e1p \u0111\u00e1nh gi\u00e1 vi\u1ec7c \u0111an c\u01b0\u1edbc. S\u1ee9 m\u1ec7nh c\u1ee7a ch\u00fang t\u00f4i l\u00e0 cung c\u1ea5p m\u1ed9t h\u1ec7 th\u1ed1ng ch\u1ee9ng nh\u1eadn v\u1eefng ch\u1eafc nh\u1eb1m h\u1ed7 tr\u1ee3 ng\u00e0nh c\u00f4ng nghi\u1ec7p th\u1ec3 thao d\u00f9ng v\u1ee3t v\u00e0 \u0111\u00e1p \u1ee9ng nhu c\u1ea7u c\u1ee7a ng\u01b0\u1eddi ch\u01a1i.<\/p>\n\n\n\n<a class=\"gb-button gb-button-a29641e0 gb-button-text\" href=\"https:\/\/beststringer.com\/vi\/bsw-history\/\">T\u00ecm hi\u1ec3u th\u00eam<\/a>\n\n<\/div>\n<\/section>","protected":false},"excerpt":{"rendered":"<p>N\u00e2ng cao Ch\u1ea5t l\u01b0\u1ee3ng v\u00e0 S\u1ef1 tin c\u1eady trong Ch\u1ee9ng nh\u1eadn \u0110an c\u01b0\u1edbc V\u1ee3t T\u00ecm hi\u1ec3u v\u1ec1 t\u1ea7m nh\u00ecn c\u1ee7a BSW v\u1edbi vai tr\u00f2 l\u00e0 \u0111\u1ed1i t\u00e1c \u0111\u1ea3m b\u1ea3o ch\u1ea5t l\u01b0\u1ee3ng \u0111\u00e1ng tin c\u1eady v\u00e0 s\u1ee9 m\u1ec7nh h\u1ed7 tr\u1ee3 ng\u00e0nh c\u00f4ng nghi\u1ec7p v\u1ee3t c\u0169ng nh\u01b0 ng\u01b0\u1eddi ch\u01a1i th\u00f4ng qua h\u1ec7 th\u1ed1ng ch\u1ee9ng nh\u1eadn v\u1eefng ch\u1eafc. &#8230; <a title=\"T\u1ea7m Nh\u00ecn &#038; S\u1ee9 M\u1ec7nh BSW\" class=\"read-more\" href=\"https:\/\/beststringer.com\/vi\/vision-mission-strategic-outcomes\/\" aria-label=\"Read more about T\u1ea7m Nh\u00ecn &#038; S\u1ee9 M\u1ec7nh BSW\">Read more<\/a><\/p>\n","protected":false},"author":1,"featured_media":39232,"parent":0,"menu_order":0,"comment_status":"closed","ping_status":"closed","template":"","meta":{"footnotes":""},"class_list":{"0":"post-39231","1":"page","2":"type-page","3":"status-publish","4":"has-post-thumbnail","6":"infinite-scroll-item"},"_links":{"self":[{"href":"https:\/\/beststringer.com\/vi\/wp-json\/wp\/v2\/pages\/39231","targetHints":{"allow":["GET"]}}],"collection":[{"href":"https:\/\/beststringer.com\/vi\/wp-json\/wp\/v2\/pages"}],"about":[{"href":"https:\/\/beststringer.com\/vi\/wp-json\/wp\/v2\/types\/page"}],"author":[{"embeddable":true,"href":"https:\/\/beststringer.com\/vi\/wp-json\/wp\/v2\/users\/1"}],"replies":[{"embeddable":true,"href":"https:\/\/beststringer.com\/vi\/wp-json\/wp\/v2\/comments?post=39231"}],"version-history":[{"count":0,"href":"https:\/\/beststringer.com\/vi\/wp-json\/wp\/v2\/pages\/39231\/revisions"}],"wp:featuredmedia":[{"embeddable":true,"href":"https:\/\/beststringer.com\/vi\/wp-json\/wp\/v2\/media\/39232"}],"wp:attachment":[{"href":"https:\/\/beststringer.com\/vi\/wp-json\/wp\/v2\/media?parent=39231"}],"curies":[{"name":"wp","href":"https:\/\/api.w.org\/{rel}","templated":true}]}}