{"id":39133,"date":"2024-08-01T03:06:52","date_gmt":"2024-08-01T03:06:52","guid":{"rendered":"https:\/\/beststringer.com\/our-role\/"},"modified":"2025-09-25T05:16:10","modified_gmt":"2025-09-25T05:16:10","slug":"our-role","status":"publish","type":"page","link":"https:\/\/beststringer.com\/vi\/our-role\/","title":{"rendered":"Vai Tr\u00f2 C\u1ee7a Ch\u00fang T\u00f4i"},"content":{"rendered":"<section class=\"gb-container gb-container-25bc6b91\">\n<section class=\"gb-container gb-container-f914b566\">\n<div class=\"gb-container gb-container-d07e4266\">\n\n<figure class=\"gb-block-image gb-block-image-b3389bf5\"><img loading=\"lazy\" decoding=\"async\" width=\"538\" height=\"538\" class=\"gb-image gb-image-b3389bf5\" src=\"https:\/\/beststringer.com\/wp-content\/uploads\/2024\/08\/Certified-stringer-demonstrating-advanced-racquet-stringing-techniques-for-badminton-and-tennis.jpg\" alt=\"Th\u1ee3 \u0111an v\u1ee3t \u0111\u01b0\u1ee3c ch\u1ee9ng nh\u1eadn qu\u1ed1c t\u1ebf \u0111ang tr\u00ecnh di\u1ec5n k\u1ef9 thu\u1eadt \u0111an c\u01b0\u1edbc v\u1ee3t c\u1ea7u l\u00f4ng v\u00e0 tennis n\u00e2ng cao.\" title=\"Th\u1ee3 \u0111an v\u1ee3t \u0111\u01b0\u1ee3c ch\u1ee9ng nh\u1eadn qu\u1ed1c t\u1ebf \u0111ang tr\u00ecnh di\u1ec5n k\u1ef9 thu\u1eadt \u0111an c\u01b0\u1edbc v\u1ee3t c\u1ea7u l\u00f4ng v\u00e0 tennis n\u00e2ng cao.\" srcset=\"https:\/\/beststringer.com\/wp-content\/uploads\/2024\/08\/Certified-stringer-demonstrating-advanced-racquet-stringing-techniques-for-badminton-and-tennis.jpg 538w, https:\/\/beststringer.com\/wp-content\/uploads\/2024\/08\/Certified-stringer-demonstrating-advanced-racquet-stringing-techniques-for-badminton-and-tennis-300x300.jpg 300w, https:\/\/beststringer.com\/wp-content\/uploads\/2024\/08\/Certified-stringer-demonstrating-advanced-racquet-stringing-techniques-for-badminton-and-tennis-150x150.jpg 150w\" sizes=\"auto, (max-width: 538px) 100vw, 538px\" \/><\/figure>\n\n<\/div>\n\n<div class=\"gb-container gb-container-1102ab7a\">\n\n<h2 class=\"gb-headline gb-headline-d879851e gb-headline-text\">S\u1ee9 m\u1ec7nh v\u00e0 Cam k\u1ebft c\u1ee7a ch\u00fang t\u00f4i v\u1ec1 s\u1ef1 <mark style=\"background-color:rgba(0, 0, 0, 0)\" class=\"has-inline-color has-global-color-9-color\">Xu\u1ea5t s\u1eafc<\/mark><\/h2>\n\n\n\n<p>Best Stringer Worldwide (BSW) l\u00e0 t\u1ed5 ch\u1ee9c gi\u00e1o d\u1ee5c h\u00e0ng \u0111\u1ea7u v\u1ec1 \u0111an c\u01b0\u1edbc v\u1ee3t c\u1ea7u l\u00f4ng v\u00e0 tennis. Ho\u1ea1t \u0111\u1ed9ng \u0111\u1ed9c l\u1eadp, Best Stringer Worldwide duy tr\u00ec t\u00ednh to\u00e0n v\u1eb9n v\u00e0 kh\u00e1ch quan trong c\u00e1c ho\u1ea1t \u0111\u1ed9ng \u0111\u00e0o t\u1ea1o v\u00e0 ch\u1ee9ng nh\u1eadn v\u1ec1 \u0111an c\u01b0\u1edbc v\u1ee3t.<\/p>\n\n\n\n<p>T\u1ed5 ch\u1ee9c x\u00e2y d\u1ef1ng ni\u1ec1m tin to\u00e0n c\u1ea7u v\u00e0o tay ngh\u1ec1 c\u1ee7a c\u00e1c th\u1ee3 \u0111an v\u1ee3t \u0111\u01b0\u1ee3c ch\u1ee9ng nh\u1eadn qu\u1ed1c t\u1ebf b\u1eb1ng c\u00e1ch c\u1ee7ng c\u1ed1 c\u01a1 s\u1edf h\u1ea1 t\u1ea7ng k\u1ef9 thu\u1eadt \u0111\u1ec3 \u0111\u00e1nh gi\u00e1 tay ngh\u1ec1, c\u0169ng nh\u01b0 thi\u1ebft l\u1eadp c\u00e1c th\u1ecfa thu\u1eadn c\u00f4ng nh\u1eadn v\u1edbi c\u00e1c hi\u1ec7p h\u1ed9i c\u1ea7u l\u00f4ng v\u00e0 tennis tr\u00ean to\u00e0n th\u1ebf gi\u1edbi.<\/p>\n\n\n\n<p>Best Stringer Worldwide c\u00f3 s\u1ef1 tham gia c\u1ee7a nhi\u1ec1u b\u00ean li\u00ean quan trong ng\u00e0nh th\u1ec3 thao, bao g\u1ed3m c\u00e1c nh\u00e0 s\u1ea3n xu\u1ea5t thi\u1ebft b\u1ecb, v\u1eadn \u0111\u1ed9ng vi\u00ean chuy\u00ean nghi\u1ec7p, vi\u1ec7n nghi\u00ean c\u1ee9u, nh\u00e0 khoa h\u1ecdc th\u1ec3 thao v\u00e0 chuy\u00ean gia ph\u00e2n t\u00edch d\u1eef li\u1ec7u. T\u1ed5 ch\u1ee9c \u0111\u01b0\u1ee3c h\u1ed7 tr\u1ee3 b\u1edfi nhi\u1ec1u h\u1ed9i \u0111\u1ed3ng chuy\u00ean m\u00f4n, m\u1ed7i h\u1ed9i \u0111\u1ed3ng gi\u00e1m s\u00e1t c\u00e1c l\u0129nh v\u1ef1c c\u1ee5 th\u1ec3 c\u1ee7a vi\u1ec7c ch\u1ee9ng nh\u1eadn \u0111an c\u01b0\u1edbc v\u1ee3t, bao g\u1ed3m k\u1ef9 n\u0103ng k\u1ef9 thu\u1eadt, \u1ee9ng d\u1ee5ng khoa h\u1ecdc th\u1ec3 thao v\u00e0 ph\u00e2n t\u00edch hi\u1ec7u su\u1ea5t d\u1ef1a tr\u00ean d\u1eef li\u1ec7u.<\/p>\n\n<\/div>\n<\/section>\n<\/section>\n\n<section class=\"gb-container gb-container-f0ad9a48\">\n<div class=\"gb-container gb-container-0f286597\">\n\n<h2 class=\"gb-headline gb-headline-2c770bbc gb-headline-text\"><mark style=\"background-color:rgba(0, 0, 0, 0)\" class=\"has-inline-color has-global-color-9-color\">Best Stringer Worldwide<\/mark> l\u00e0m g\u00ec?<\/h2>\n\n\n\n<p>Best Stringer Worldwide qu\u1ea3n l\u00fd v\u00e0 th\u00fac \u0111\u1ea9y c\u00e1c ch\u01b0\u01a1ng tr\u00ecnh gi\u00e1o d\u1ee5c v\u00e0 ch\u1ee9ng nh\u1eadn \u0111an c\u01b0\u1edbc v\u1ee3t b\u1eb1ng c\u00e1ch th\u1ef1c hi\u1ec7n c\u00e1c ch\u1ee9c n\u0103ng sau:<\/p>\n\n\n\n<p class=\"gb-headline gb-headline-6fb9b297\"><span class=\"gb-icon\"><svg aria-hidden=\"true\" role=\"img\" height=\"1em\" width=\"1em\" viewBox=\"0 0 512 512\" xmlns=\"http:\/\/www.w3.org\/2000\/svg\"><path fill=\"currentColor\" d=\"M256 8C119 8 8 119 8 256s111 248 248 248 248-111 248-248S393 8 256 8zm0 448c-110.5 0-200-89.5-200-200S145.5 56 256 56s200 89.5 200 200-89.5 200-200 200z\"><\/path><\/svg><\/span><span class=\"gb-headline-text\">\u0110\u00e1nh gi\u00e1 v\u00e0 ch\u1ee9ng nh\u1eadn c\u00e1c th\u1ee3 \u0111an v\u1ee3t c\u1ea7u l\u00f4ng v\u00e0 tennis c\u00f3 n\u0103ng l\u1ef1c<\/span><\/p>\n\n\n\n<p class=\"gb-headline gb-headline-73b4cb0b\"><span class=\"gb-icon\"><svg aria-hidden=\"true\" role=\"img\" height=\"1em\" width=\"1em\" viewBox=\"0 0 512 512\" xmlns=\"http:\/\/www.w3.org\/2000\/svg\"><path fill=\"currentColor\" d=\"M256 8C119 8 8 119 8 256s111 248 248 248 248-111 248-248S393 8 256 8zm0 448c-110.5 0-200-89.5-200-200S145.5 56 256 56s200 89.5 200 200-89.5 200-200 200z\"><\/path><\/svg><\/span><span class=\"gb-headline-text\">Th\u00fac \u0111\u1ea9y quan h\u1ec7 \u0111\u1ed1i t\u00e1c v\u1edbi c\u00e1c c\u01a1 quan qu\u1ea3n l\u00fd th\u1ec3 thao v\u00e0 ng\u00e0nh c\u00f4ng nghi\u1ec7p v\u1ee3t v\u1ec1 c\u00e1c v\u1ea5n \u0111\u1ec1 gi\u00e1o d\u1ee5c \u0111an c\u01b0\u1edbc v\u1ee3t<\/span><\/p>\n\n\n\n<p class=\"gb-headline gb-headline-b9176875\"><span class=\"gb-icon\"><svg aria-hidden=\"true\" role=\"img\" height=\"1em\" width=\"1em\" viewBox=\"0 0 512 512\" xmlns=\"http:\/\/www.w3.org\/2000\/svg\"><path fill=\"currentColor\" d=\"M256 8C119 8 8 119 8 256s111 248 248 248 248-111 248-248S393 8 256 8zm0 448c-110.5 0-200-89.5-200-200S145.5 56 256 56s200 89.5 200 200-89.5 200-200 200z\"><\/path><\/svg><\/span><span class=\"gb-headline-text\">Thi\u1ebft l\u1eadp v\u00e0 duy tr\u00ec m\u1ed9t m\u1ea1ng l\u01b0\u1edbi qu\u1ed1c t\u1ebf \u0111\u1ec3 c\u00f4ng nh\u1eadn tay ngh\u1ec1 c\u1ee7a c\u00e1c th\u1ee3 \u0111an v\u1ee3t \u0111\u01b0\u1ee3c ch\u1ee9ng nh\u1eadn qu\u1ed1c t\u1ebf xuy\u00ean qu\u1ed1c gia<\/span><\/p>\n\n\n\n<p class=\"gb-headline gb-headline-58192992\"><span class=\"gb-icon\"><svg aria-hidden=\"true\" role=\"img\" height=\"1em\" width=\"1em\" viewBox=\"0 0 512 512\" xmlns=\"http:\/\/www.w3.org\/2000\/svg\"><path fill=\"currentColor\" d=\"M256 8C119 8 8 119 8 256s111 248 248 248 248-111 248-248S393 8 256 8zm0 448c-110.5 0-200-89.5-200-200S145.5 56 256 56s200 89.5 200 200-89.5 200-200 200z\"><\/path><\/svg><\/span><span class=\"gb-headline-text\">N\u00e2ng cao nh\u1eadn th\u1ee9c v\u00e0 khuy\u1ebfn kh\u00edch vi\u1ec7c s\u1eed d\u1ee5ng c\u00e1c d\u1ecbch v\u1ee5 \u0111an c\u01b0\u1edbc v\u1ee3t \u0111\u01b0\u1ee3c ch\u1ee9ng nh\u1eadn th\u00f4ng qua c\u00e1c n\u1ed7 l\u1ef1c ti\u1ebfp c\u1eadn v\u00e0 t\u01b0\u01a1ng t\u00e1c th\u01b0\u1eddng xuy\u00ean v\u1edbi c\u00e1c t\u1ed5 ch\u1ee9c th\u1ec3 thao v\u00e0 ng\u00e0nh c\u00f4ng nghi\u1ec7p<\/span><\/p>\n\n<\/div>\n\n<div class=\"gb-container gb-container-63389023\">\n\n<figure class=\"gb-block-image gb-block-image-e6425b07\"><img loading=\"lazy\" decoding=\"async\" width=\"538\" height=\"538\" class=\"gb-image gb-image-e6425b07\" src=\"https:\/\/beststringer.com\/wp-content\/uploads\/2024\/08\/Best-Stringer-Worldwide-expert-committee-meeting-to-discuss-stringing-certification-standards.jpg\" alt=\"Cu\u1ed9c h\u1ecdp c\u1ee7a h\u1ed9i \u0111\u1ed3ng chuy\u00ean m\u00f4n Best Stringer Worldwide \u0111\u1ec3 th\u1ea3o lu\u1eadn v\u1ec1 c\u00e1c ti\u00eau chu\u1ea9n ch\u1ee9ng nh\u1eadn \u0111an c\u01b0\u1edbc v\u1ee3t.\" title=\"Cu\u1ed9c h\u1ecdp c\u1ee7a h\u1ed9i \u0111\u1ed3ng chuy\u00ean m\u00f4n Best Stringer Worldwide \u0111\u1ec3 th\u1ea3o lu\u1eadn v\u1ec1 c\u00e1c ti\u00eau chu\u1ea9n ch\u1ee9ng nh\u1eadn \u0111an c\u01b0\u1edbc v\u1ee3t.\" srcset=\"https:\/\/beststringer.com\/wp-content\/uploads\/2024\/08\/Best-Stringer-Worldwide-expert-committee-meeting-to-discuss-stringing-certification-standards.jpg 538w, https:\/\/beststringer.com\/wp-content\/uploads\/2024\/08\/Best-Stringer-Worldwide-expert-committee-meeting-to-discuss-stringing-certification-standards-300x300.jpg 300w, https:\/\/beststringer.com\/wp-content\/uploads\/2024\/08\/Best-Stringer-Worldwide-expert-committee-meeting-to-discuss-stringing-certification-standards-150x150.jpg 150w\" sizes=\"auto, (max-width: 538px) 100vw, 538px\" \/><\/figure>\n\n<\/div>\n<\/section>\n\n<section class=\"gb-container gb-container-f7510210\">\n<div class=\"gb-container gb-container-dc2d5fd7\">\n\n<figure class=\"gb-block-image gb-block-image-a57ee528\"><img loading=\"lazy\" decoding=\"async\" width=\"538\" height=\"538\" class=\"gb-image gb-image-a57ee528\" src=\"https:\/\/beststringer.com\/wp-content\/uploads\/2024\/08\/Best-Stringer-Worldwide-representatives-collaborating-with-sports-scientists-and-data-analysts-to-improve-stringing-assessment-methods.jpg\" alt=\"\u0110\u1ea1i di\u1ec7n Best Stringer Worldwide h\u1ee3p t\u00e1c v\u1edbi c\u00e1c nh\u00e0 khoa h\u1ecdc th\u1ec3 thao v\u00e0 chuy\u00ean gia ph\u00e2n t\u00edch d\u1eef li\u1ec7u \u0111\u1ec3 c\u1ea3i thi\u1ec7n ph\u01b0\u01a1ng ph\u00e1p \u0111\u00e1nh gi\u00e1 \u0111an c\u01b0\u1edbc v\u1ee3t.\" title=\"\u0110\u1ea1i di\u1ec7n Best Stringer Worldwide h\u1ee3p t\u00e1c v\u1edbi c\u00e1c nh\u00e0 khoa h\u1ecdc th\u1ec3 thao v\u00e0 chuy\u00ean gia ph\u00e2n t\u00edch d\u1eef li\u1ec7u \u0111\u1ec3 c\u1ea3i thi\u1ec7n ph\u01b0\u01a1ng ph\u00e1p \u0111\u00e1nh gi\u00e1 \u0111an c\u01b0\u1edbc v\u1ee3t.\" srcset=\"https:\/\/beststringer.com\/wp-content\/uploads\/2024\/08\/Best-Stringer-Worldwide-representatives-collaborating-with-sports-scientists-and-data-analysts-to-improve-stringing-assessment-methods.jpg 538w, https:\/\/beststringer.com\/wp-content\/uploads\/2024\/08\/Best-Stringer-Worldwide-representatives-collaborating-with-sports-scientists-and-data-analysts-to-improve-stringing-assessment-methods-300x300.jpg 300w, https:\/\/beststringer.com\/wp-content\/uploads\/2024\/08\/Best-Stringer-Worldwide-representatives-collaborating-with-sports-scientists-and-data-analysts-to-improve-stringing-assessment-methods-150x150.jpg 150w\" sizes=\"auto, (max-width: 538px) 100vw, 538px\" \/><\/figure>\n\n<\/div>\n\n<div class=\"gb-container gb-container-46f22206\">\n\n<h2 class=\"gb-headline gb-headline-9828ae87 gb-headline-text\">N\u00e2ng t\u1ea7m Xu\u1ea5t s\u1eafc trong \u0110an c\u01b0\u1edbc v\u1ee3t cho <mark style=\"background-color:rgba(0, 0, 0, 0)\" class=\"has-inline-color has-global-color-9-color\">M\u00f4n th\u1ec3 thao V\u1ee3t Hi\u1ec7n \u0111\u1ea1i<\/mark><\/h2>\n\n\n\n<p>L\u00e0 m\u1ed9t t\u1ed5 ch\u1ee9c th\u1ebf h\u1ec7 m\u1edbi trong l\u0129nh v\u1ef1c \u0111\u00e0o t\u1ea1o \u0111an c\u01b0\u1edbc v\u1ee3t, c\u00e1c ch\u1ee9ng nh\u1eadn c\u1ee7a Best Stringer Worldwide \u0111\u01b0\u1ee3c thi\u1ebft k\u1ebf \u0111\u1ec3 \u0111\u00e1p \u1ee9ng nhu c\u1ea7u ng\u00e0y c\u00e0ng ph\u00e1t tri\u1ec3n c\u1ee7a c\u00e1c m\u00f4n th\u1ec3 thao d\u00f9ng v\u1ee3t hi\u1ec7n \u0111\u1ea1i. C\u00e1c th\u1ee3 \u0111an v\u1ee3t \u0111\u01b0\u1ee3c ch\u1ee9ng nh\u1eadn qu\u1ed1c t\u1ebf \u0111\u01b0\u1ee3c c\u00f4ng nh\u1eadn v\u1ec1 k\u1ef9 n\u0103ng v\u00e0 chuy\u00ean m\u00f4n c\u1eadp nh\u1eadt trong c\u1ed9ng \u0111\u1ed3ng th\u1ec3 thao v\u1ee3t to\u00e0n c\u1ea7u.<\/p>\n\n\n\n<p>Best Stringer Worldwide cam k\u1ebft ch\u1ec9 c\u00f4ng nh\u1eadn nh\u1eefng th\u1ee3 \u0111an v\u1ee3t c\u00f3 tr\u00ecnh \u0111\u1ed9 v\u00e0 t\u00e2m huy\u1ebft nh\u1ea5t. Danh s\u00e1ch ch\u1ee9ng nh\u1eadn c\u1ee7a ch\u00fang t\u00f4i ch\u1ec9 bao g\u1ed3m nh\u1eefng ng\u01b0\u1eddi \u0111\u00e3 v\u01b0\u1ee3t qua quy tr\u00ecnh ki\u1ec3m tra minh b\u1ea1ch v\u00e0 to\u00e0n di\u1ec7n, th\u1ec3 hi\u1ec7n kh\u00f4ng ch\u1ec9 tr\u00ecnh \u0111\u1ed9 k\u1ef9 thu\u1eadt m\u00e0 c\u00f2n c\u1ea3 ph\u1ea9m ch\u1ea5t t\u1ed1t v\u00e0 s\u1ef1 am hi\u1ec3u s\u00e2u s\u1eafc v\u1ec1 c\u00e1c m\u00f4n th\u1ec3 thao d\u00f9ng v\u1ee3t. Ti\u00eau chu\u1ea9n kh\u1eaft khe n\u00e0y \u0111\u1ea3m b\u1ea3o r\u1eb1ng c\u00e1c th\u1ee3 \u0111an v\u1ee3t \u0111\u01b0\u1ee3c ch\u1ee9ng nh\u1eadn c\u1ee7a ch\u00fang t\u00f4i th\u1ef1c s\u1ef1 l\u00e0 nh\u1eefng ng\u01b0\u1eddi gi\u1ecfi nh\u1ea5t trong l\u0129nh v\u1ef1c.<\/p>\n\n\n\n<p>M\u1ee5c ti\u00eau c\u1ee7a ch\u00fang t\u00f4i kh\u00f4ng ph\u1ea3i l\u00e0 l\u1ee3i nhu\u1eadn, m\u00e0 l\u00e0 n\u00e2ng cao ch\u1ea5t l\u01b0\u1ee3ng d\u1ecbch v\u1ee5 \u0111an c\u01b0\u1edbc v\u1ee3t tr\u00ean to\u00e0n th\u1ebf gi\u1edbi v\u00ec l\u1ee3i \u00edch c\u1ee7a t\u1ea5t c\u1ea3 ng\u01b0\u1eddi ch\u01a1i v\u00e0 ch\u00ednh m\u00f4n th\u1ec3 thao.<\/p>\n\n<\/div>\n<\/section>\n\n\n<figure class=\"gb-block-image gb-block-image-976b7830\"><img loading=\"lazy\" decoding=\"async\" width=\"887\" height=\"443\" class=\"gb-image gb-image-976b7830\" src=\"https:\/\/beststringer.com\/wp-content\/uploads\/2024\/10\/Best-Stringer-Worldwide-Role-in-Racquet-Stringing.png\" alt=\"S\u01a1 \u0111\u1ed3 vai tr\u00f2 c\u1ee7a Best Stringer Worldwide trong ng\u00e0nh \u0111an c\u01b0\u1edbc v\u1ee3t\" title=\"Vai tr\u00f2 c\u1ee7a Best Stringer Worldwide trong ng\u00e0nh \u0110an c\u01b0\u1edbc v\u1ee3t\" srcset=\"https:\/\/beststringer.com\/wp-content\/uploads\/2024\/10\/Best-Stringer-Worldwide-Role-in-Racquet-Stringing.png 887w, https:\/\/beststringer.com\/wp-content\/uploads\/2024\/10\/Best-Stringer-Worldwide-Role-in-Racquet-Stringing-300x150.png 300w, https:\/\/beststringer.com\/wp-content\/uploads\/2024\/10\/Best-Stringer-Worldwide-Role-in-Racquet-Stringing-768x384.png 768w\" sizes=\"auto, (max-width: 887px) 100vw, 887px\" \/><\/figure>\n\n\n<section class=\"gb-container gb-container-21e3c652\">\n<div class=\"gb-container gb-container-11344779\">\n\n<h3 class=\"gb-headline gb-headline-39f4cce2 gb-headline-text\">Vai tr\u00f2 c\u1ee7a BSW trong \u0110an c\u01b0\u1edbc v\u1ee3t: T\u1ea1i sao l\u1ea1i Quan tr\u1ecdng<\/h3>\n\n\n\n<p class=\"gb-headline gb-headline-c6c5990e gb-headline-text\">B\u1ea1n c\u00f3 bao gi\u1edd th\u1eafc m\u1eafc t\u1ea1i sao v\u1ee3t c\u1ee7a m\u00ecnh kh\u00f4ng mang l\u1ea1i c\u1ea3m gi\u00e1c t\u1ed1t nh\u1ea5t? Nguy\u00ean nh\u00e2n c\u00f3 th\u1ec3 n\u1eb1m \u1edf vi\u1ec7c \u0111an c\u01b0\u1edbc. Trong video n\u00e0y, ch\u00fang t\u00f4i s\u1ebd ph\u00e2n t\u00edch c\u00e1ch BSW \u0111ang thay \u0111\u1ed5i cu\u1ed9c ch\u01a1i trong l\u0129nh v\u1ef1c \u0111an c\u01b0\u1edbc v\u1ee3t. Ch\u00fang t\u00f4i s\u1ebd gi\u1ea3i th\u00edch BSW l\u00e0m g\u00ec, t\u1ea1i sao vi\u1ec7c \u0111an c\u01b0\u1edbc \u0111\u00fang c\u00e1ch l\u1ea1i quan tr\u1ecdng \u0111\u1ed1i v\u1edbi l\u1ed1i ch\u01a1i c\u1ee7a b\u1ea1n, v\u00e0 n\u00f3 \u0111ang t\u1ea1o ra s\u1ef1 kh\u00e1c bi\u1ec7t cho ng\u01b0\u1eddi ch\u01a1i tr\u00ean to\u00e0n th\u1ebf gi\u1edbi nh\u01b0 th\u1ebf n\u00e0o. Kh\u00f4ng c\u00f3 l\u1eddi hoa m\u1ef9 &#8211; ch\u1ec9 c\u00f3 nh\u1eefng s\u1ef1 th\u1eadt th\u1eb3ng th\u1eafn v\u1ec1 c\u00e1ch BSW \u0111ang n\u1ed7 l\u1ef1c c\u1ea3i thi\u1ec7n tr\u1ea3i nghi\u1ec7m v\u1ee3t c\u1ee7a b\u1ea1n. H\u00e3y xem \u0111\u1ec3 t\u00ecm hi\u1ec3u \u0111i\u1ec1u g\u00ec \u0111\u00f3 m\u1edbi m\u1ebb v\u1ec1 nh\u1eefng s\u1ee3i c\u01b0\u1edbc m\u00e0 b\u1ea1n tin d\u00f9ng m\u1ed7i khi ra s\u00e2n!<\/p>\n\n\n<div class=\"gb-container gb-container-ec1a2ce6\">\n<div class=\"gb-container gb-container-238a634b\"><\/div>\n<\/div>\n\n\n<div id=\"youtube-player\"><\/div>\n<script>\n  var videoLoaded = false;\n\n  function loadYouTubeVideo() {\n    if (videoLoaded) return;\n    videoLoaded = true;\n    var tag = document.createElement('script');\n    tag.src = \"https:\/\/www.youtube.com\/iframe_api\";\n    var firstScriptTag = document.getElementsByTagName('script')[0];\n    firstScriptTag.parentNode.insertBefore(tag, firstScriptTag);\n  }\n\n  function onYouTubeIframeAPIReady() {\n    new YT.Player('youtube-player', {\n      height: '360',\n      width: '640',\n      videoId: 'xG9u1-DWX7E', \/\/ Your video ID\n      events: {\n        'onReady': onPlayerReady\n      }\n    });\n  }\n\n  function onPlayerReady(event) {\n    \/\/ Video is ready to play\n  }\n\n  \/\/ Load the YouTube API script when the page is scrolled\n  window.addEventListener('scroll', loadYouTubeVideo, { once: true });\n\n  \/\/ Also load if the user hasn't scrolled after 3 seconds\n  setTimeout(loadYouTubeVideo, 3000);\n<\/script>\n\n<\/div>\n<\/section>","protected":false},"excerpt":{"rendered":"<p>S\u1ee9 m\u1ec7nh v\u00e0 Cam k\u1ebft c\u1ee7a ch\u00fang t\u00f4i v\u1ec1 s\u1ef1 Xu\u1ea5t s\u1eafc Best Stringer Worldwide (BSW) l\u00e0 t\u1ed5 ch\u1ee9c gi\u00e1o d\u1ee5c h\u00e0ng \u0111\u1ea7u v\u1ec1 \u0111an c\u01b0\u1edbc v\u1ee3t c\u1ea7u l\u00f4ng v\u00e0 tennis. Ho\u1ea1t \u0111\u1ed9ng \u0111\u1ed9c l\u1eadp, Best Stringer Worldwide duy tr\u00ec t\u00ednh to\u00e0n v\u1eb9n v\u00e0 kh\u00e1ch quan trong c\u00e1c ho\u1ea1t \u0111\u1ed9ng \u0111\u00e0o t\u1ea1o v\u00e0 ch\u1ee9ng nh\u1eadn &#8230; <a title=\"Vai Tr\u00f2 C\u1ee7a Ch\u00fang T\u00f4i\" class=\"read-more\" href=\"https:\/\/beststringer.com\/vi\/our-role\/\" aria-label=\"Read more about Vai Tr\u00f2 C\u1ee7a Ch\u00fang T\u00f4i\">Read more<\/a><\/p>\n","protected":false},"author":1,"featured_media":39135,"parent":0,"menu_order":0,"comment_status":"closed","ping_status":"closed","template":"","meta":{"footnotes":""},"class_list":{"0":"post-39133","1":"page","2":"type-page","3":"status-publish","4":"has-post-thumbnail","6":"infinite-scroll-item"},"_links":{"self":[{"href":"https:\/\/beststringer.com\/vi\/wp-json\/wp\/v2\/pages\/39133","targetHints":{"allow":["GET"]}}],"collection":[{"href":"https:\/\/beststringer.com\/vi\/wp-json\/wp\/v2\/pages"}],"about":[{"href":"https:\/\/beststringer.com\/vi\/wp-json\/wp\/v2\/types\/page"}],"author":[{"embeddable":true,"href":"https:\/\/beststringer.com\/vi\/wp-json\/wp\/v2\/users\/1"}],"replies":[{"embeddable":true,"href":"https:\/\/beststringer.com\/vi\/wp-json\/wp\/v2\/comments?post=39133"}],"version-history":[{"count":0,"href":"https:\/\/beststringer.com\/vi\/wp-json\/wp\/v2\/pages\/39133\/revisions"}],"wp:featuredmedia":[{"embeddable":true,"href":"https:\/\/beststringer.com\/vi\/wp-json\/wp\/v2\/media\/39135"}],"wp:attachment":[{"href":"https:\/\/beststringer.com\/vi\/wp-json\/wp\/v2\/media?parent=39133"}],"curies":[{"name":"wp","href":"https:\/\/api.w.org\/{rel}","templated":true}]}}