{"id":38871,"date":"2024-08-05T02:34:36","date_gmt":"2024-08-05T02:34:36","guid":{"rendered":"https:\/\/beststringer.com\/join-us-volunteer-with-bsw\/"},"modified":"2025-09-25T05:15:57","modified_gmt":"2025-09-25T05:15:57","slug":"join-us-volunteer-with-bsw","status":"publish","type":"page","link":"https:\/\/beststringer.com\/vi\/join-us-volunteer-with-bsw\/","title":{"rendered":"T\u00ecnh Nguy\u1ec7n Vi\u00ean l\u00e0m Gi\u00e1m Kh\u1ea3o Ch\u1ee9ng Nh\u1eadn BSW"},"content":{"rendered":"<div class=\"gb-container gb-container-f66bc834\">\n<div class=\"gb-container gb-container-3423e27e\">\n<div class=\"gb-container gb-container-4ea2fbf1\">\n<div id=\"ez-toc-container\" class=\"ez-toc-v2_0_82_2 ez-toc-wrap-left counter-hierarchy ez-toc-counter ez-toc-custom ez-toc-container-direction\">\n<div class=\"ez-toc-title-container\">\n<p class=\"ez-toc-title\" style=\"cursor:inherit\">Topics<\/p>\n<span class=\"ez-toc-title-toggle\"><a href=\"#\" class=\"ez-toc-pull-right ez-toc-btn ez-toc-btn-xs ez-toc-btn-default ez-toc-toggle\" aria-label=\"Toggle Table of Content\"><span class=\"ez-toc-js-icon-con\"><span class=\"\"><span class=\"eztoc-hide\" style=\"display:none;\">Toggle<\/span><span class=\"ez-toc-icon-toggle-span\"><svg style=\"fill: #ffffff;color:#ffffff\" xmlns=\"http:\/\/www.w3.org\/2000\/svg\" class=\"list-377408\" width=\"20px\" height=\"20px\" viewBox=\"0 0 24 24\" fill=\"none\"><path d=\"M6 6H4v2h2V6zm14 0H8v2h12V6zM4 11h2v2H4v-2zm16 0H8v2h12v-2zM4 16h2v2H4v-2zm16 0H8v2h12v-2z\" fill=\"currentColor\"><\/path><\/svg><svg style=\"fill: #ffffff;color:#ffffff\" class=\"arrow-unsorted-368013\" xmlns=\"http:\/\/www.w3.org\/2000\/svg\" width=\"10px\" height=\"10px\" viewBox=\"0 0 24 24\" version=\"1.2\" baseProfile=\"tiny\"><path d=\"M18.2 9.3l-6.2-6.3-6.2 6.3c-.2.2-.3.4-.3.7s.1.5.3.7c.2.2.4.3.7.3h11c.3 0 .5-.1.7-.3.2-.2.3-.5.3-.7s-.1-.5-.3-.7zM5.8 14.7l6.2 6.3 6.2-6.3c.2-.2.3-.5.3-.7s-.1-.5-.3-.7c-.2-.2-.4-.3-.7-.3h-11c-.3 0-.5.1-.7.3-.2.2-.3.5-.3.7s.1.5.3.7z\"\/><\/svg><\/span><\/span><\/span><\/a><\/span><\/div>\n<nav><ul class='ez-toc-list ez-toc-list-level-1 eztoc-toggle-hide-by-default' ><li class='ez-toc-page-1 ez-toc-heading-level-2'><a class=\"ez-toc-link ez-toc-heading-1\" href=\"https:\/\/beststringer.com\/vi\/join-us-volunteer-with-bsw\/#Tinh_nguyen_lam_Giam_dinh_vien_Chung_nhan\" >T\u00ecnh nguy\u1ec7n l\u00e0m Gi\u00e1m \u0111\u1ecbnh vi\u00ean Ch\u1ee9ng nh\u1eadn<\/a><ul class='ez-toc-list-level-3' ><li class='ez-toc-heading-level-3'><a class=\"ez-toc-link ez-toc-heading-2\" href=\"https:\/\/beststringer.com\/vi\/join-us-volunteer-with-bsw\/#Tinh_nguyen_lam_Giam_dinh_vien_Truong\" >T\u00ecnh nguy\u1ec7n l\u00e0m Gi\u00e1m \u0111\u1ecbnh vi\u00ean Tr\u01b0\u1edfng<\/a><\/li><li class='ez-toc-page-1 ez-toc-heading-level-3'><a class=\"ez-toc-link ez-toc-heading-3\" href=\"https:\/\/beststringer.com\/vi\/join-us-volunteer-with-bsw\/#Tinh_nguyen_lam_Giam_dinh_vien_Ky_thuat\" >T\u00ecnh nguy\u1ec7n l\u00e0m Gi\u00e1m \u0111\u1ecbnh vi\u00ean K\u1ef9 thu\u1eadt<\/a><\/li><li class='ez-toc-page-1 ez-toc-heading-level-3'><a class=\"ez-toc-link ez-toc-heading-4\" href=\"https:\/\/beststringer.com\/vi\/join-us-volunteer-with-bsw\/#Tinh_nguyen_lam_Nguoi_khao_sat_tai_cho\" >T\u00ecnh nguy\u1ec7n l\u00e0m Ng\u01b0\u1eddi kh\u1ea3o s\u00e1t t\u1ea1i ch\u1ed7<\/a><\/li><li class='ez-toc-page-1 ez-toc-heading-level-3'><a class=\"ez-toc-link ez-toc-heading-5\" href=\"https:\/\/beststringer.com\/vi\/join-us-volunteer-with-bsw\/#Lien_he_de_Tinh_nguyen_lam_Giam_dinh_vien_Dan_cuoc\" >Li\u00ean h\u1ec7 \u0111\u1ec3 T\u00ecnh nguy\u1ec7n l\u00e0m Gi\u00e1m \u0111\u1ecbnh vi\u00ean \u0110an c\u01b0\u1edbc<\/a><\/li><li class='ez-toc-page-1 ez-toc-heading-level-3'><a class=\"ez-toc-link ez-toc-heading-6\" href=\"https:\/\/beststringer.com\/vi\/join-us-volunteer-with-bsw\/#Nang_cao_Ky_nang_Dan_cuoc_Co_hoi_Tinh_nguyen_cung_BSW\" >N\u00e2ng cao K\u1ef9 n\u0103ng \u0110an c\u01b0\u1edbc: C\u01a1 h\u1ed9i T\u00ecnh nguy\u1ec7n c\u00f9ng BSW<\/a><\/li><li class='ez-toc-page-1 ez-toc-heading-level-3'><a class=\"ez-toc-link ez-toc-heading-7\" href=\"https:\/\/beststringer.com\/vi\/join-us-volunteer-with-bsw\/#Mang_luoi_Dan_cuoc_cua_BSW\" >M\u1ea1ng l\u01b0\u1edbi \u0110an c\u01b0\u1edbc c\u1ee7a BSW<\/a><\/li><\/ul><\/li><\/ul><\/nav><\/div>\n\n\n\n\n<h2 class=\"gb-headline gb-headline-79589317 gb-headline-text\"><span class=\"ez-toc-section\" id=\"Tinh_nguyen_lam_Giam_dinh_vien_Chung_nhan\"><\/span>T\u00ecnh nguy\u1ec7n l\u00e0m <mark style=\"background-color:rgba(0, 0, 0, 0)\" class=\"has-inline-color has-global-color-9-color\">Gi\u00e1m \u0111\u1ecbnh vi\u00ean Ch\u1ee9ng nh\u1eadn<\/mark><span class=\"ez-toc-section-end\"><\/span><\/h2>\n\n\n\n<p class=\"gb-headline gb-headline-d07d49cf gb-headline-text\">Gi\u00e1m \u0111\u1ecbnh vi\u00ean Ch\u1ee9ng nh\u1eadn \u0111\u00f3ng vai tr\u00f2 quan tr\u1ecdng trong quy tr\u00ecnh c\u1ea5p ch\u1ee9ng nh\u1eadn c\u1ee7a BSW v\u00e0 trong vi\u1ec7c n\u00e2ng cao ti\u00eau chu\u1ea9n \u0111an c\u01b0\u1edbc. Ch\u00fang t\u00f4i t\u00ecm ki\u1ebfm nh\u1eefng th\u1ee3 \u0111an v\u1ee3t gi\u00e0u kinh nghi\u1ec7m, mong mu\u1ed1n \u0111\u00f3ng g\u00f3p th\u1eddi gian, ki\u1ebfn th\u1ee9c v\u00e0 k\u1ef9 n\u0103ng c\u1ee7a m\u00ecnh v\u1edbi t\u01b0 c\u00e1ch l\u00e0 Gi\u00e1m \u0111\u1ecbnh vi\u00ean Ch\u1ee9ng nh\u1eadn. V\u1edbi vai tr\u00f2 l\u00e0 m\u1ed9t gi\u00e1m \u0111\u1ecbnh vi\u00ean, b\u1ea1n s\u1ebd l\u00e0m vi\u1ec7c v\u1edbi c\u00e1c th\u1ee3 \u0111an v\u1ee3t chuy\u00ean nghi\u1ec7p v\u00e0 quan s\u00e1t c\u00e1c ph\u01b0\u01a1ng ph\u00e1p \u0111an c\u01b0\u1edbc kh\u00e1c nhau. B\u1ea1n c\u0169ng c\u00f3 th\u1ec3 tham gia c\u00e1c bu\u1ed5i h\u1ecdp c\u1ee7a ch\u00fang t\u00f4i, n\u01a1i c\u00e1c th\u1ee3 \u0111an v\u1ee3t chia s\u1ebb kinh nghi\u1ec7m c\u1ee7a h\u1ecd.<\/p>\n\n<\/div>\n<\/div>\n\n<div class=\"gb-container gb-container-37db13f4\">\n<div class=\"gb-container gb-container-3021f73c\">\n\n<h3 class=\"gb-headline gb-headline-e5c79f72 gb-headline-text\"><span class=\"ez-toc-section\" id=\"Tinh_nguyen_lam_Giam_dinh_vien_Truong\"><\/span>T\u00ecnh nguy\u1ec7n l\u00e0m <mark style=\"background-color:rgba(0, 0, 0, 0)\" class=\"has-inline-color has-global-color-9-color\">Gi\u00e1m \u0111\u1ecbnh vi\u00ean Tr\u01b0\u1edfng<\/mark><span class=\"ez-toc-section-end\"><\/span><\/h3>\n\n\n\n<p class=\"gb-headline gb-headline-7d760a3f gb-headline-text\">Gi\u00e1m \u0111\u1ecbnh vi\u00ean Tr\u01b0\u1edfng h\u01b0\u1edbng d\u1eabn c\u00e1c \u0111\u1ed9i ki\u1ec3m \u0111\u1ecbnh trong vi\u1ec7c \u0111\u00e1nh gi\u00e1 k\u1ef9 n\u0103ng \u0111an c\u01b0\u1edbc v\u1ee3t. H\u1ecd \u0111\u00e1nh gi\u00e1 m\u1ee9c \u0111\u1ed9 tu\u00e2n th\u1ee7 c\u1ee7a c\u00e1c th\u1ee3 \u0111an v\u1ee3t theo ti\u00eau chu\u1ea9n c\u1ee7a BSW \u0111\u1ed1i v\u1edbi c\u1ea7u l\u00f4ng, qu\u1ea7n v\u1ee3t v\u00e0 squash. Ch\u00fang t\u00f4i ch\u00e0o \u0111\u00f3n nh\u1eefng c\u00e1 nh\u00e2n c\u00f3 kinh nghi\u1ec7m s\u00e2u r\u1ed9ng v\u1ec1 \u0111an c\u01b0\u1edbc v\u1ee3t v\u00e0 c\u00f3 hi\u1ec3u bi\u1ebft v\u1eefng ch\u1eafc v\u1ec1 k\u1ef9 thu\u1eadt \u0111an c\u0169ng nh\u01b0 c\u00f4ng ngh\u1ec7 v\u1ee3t.<\/p>\n\n<\/div>\n<\/div>\n\n<div class=\"gb-container gb-container-8072e76b\">\n<div class=\"gb-container gb-container-eabf3753\">\n\n<h3 class=\"gb-headline gb-headline-0ad93116 gb-headline-text\"><span class=\"ez-toc-section\" id=\"Tinh_nguyen_lam_Giam_dinh_vien_Ky_thuat\"><\/span>T\u00ecnh nguy\u1ec7n l\u00e0m <mark style=\"background-color:rgba(0, 0, 0, 0)\" class=\"has-inline-color has-global-color-9-color\">Gi\u00e1m \u0111\u1ecbnh vi\u00ean K\u1ef9 thu\u1eadt<\/mark><span class=\"ez-toc-section-end\"><\/span><\/h3>\n\n\n\n<p class=\"gb-headline gb-headline-0e4cbc73 gb-headline-text\">Gi\u00e1m \u0111\u1ecbnh vi\u00ean K\u1ef9 thu\u1eadt t\u1eadp trung v\u00e0o vi\u1ec7c \u0111\u00e1nh gi\u00e1 c\u00e1c k\u1ef9 n\u0103ng v\u00e0 ki\u1ebfn th\u1ee9c \u0111an c\u01b0\u1edbc c\u1ee5 th\u1ec3. Ch\u00fang t\u00f4i ch\u00e0o \u0111\u00f3n nh\u1eefng th\u1ee3 \u0111an v\u1ee3t gi\u00e0u kinh nghi\u1ec7m, c\u00f3 chuy\u00ean m\u00f4n trong c\u00e1c l\u0129nh v\u1ef1c nh\u01b0 \u0111o pound, \u0111\u1eb7c t\u00ednh c\u1ee7a d\u00e2y c\u01b0\u1edbc, ho\u1eb7c t\u00f9y ch\u1ec9nh v\u1ee3t.<\/p>\n\n<\/div>\n<\/div>\n\n<div class=\"gb-container gb-container-0bc9ddf8\">\n<div class=\"gb-container gb-container-4a1593e5\">\n\n<h3 class=\"gb-headline gb-headline-f300e849 gb-headline-text\"><span class=\"ez-toc-section\" id=\"Tinh_nguyen_lam_Nguoi_khao_sat_tai_cho\"><\/span>T\u00ecnh nguy\u1ec7n l\u00e0m <mark style=\"background-color:rgba(0, 0, 0, 0)\" class=\"has-inline-color has-global-color-9-color\">Ng\u01b0\u1eddi kh\u1ea3o s\u00e1t t\u1ea1i ch\u1ed7<\/mark><span class=\"ez-toc-section-end\"><\/span><\/h3>\n\n\n\n<p class=\"gb-headline gb-headline-1f171057 gb-headline-text\">Ng\u01b0\u1eddi kh\u1ea3o s\u00e1t t\u1ea1i ch\u1ed7 gi\u00fap \u0111\u00e1nh gi\u00e1 m\u00f4i tr\u01b0\u1eddng l\u00e0m vi\u1ec7c v\u00e0 d\u1ecbch v\u1ee5 kh\u00e1ch h\u00e0ng c\u1ee7a c\u00e1c th\u1ee3 \u0111an v\u1ee3t \u0111\u01b0\u1ee3c ch\u1ee9ng nh\u1eadn qu\u1ed1c t\u1ebf. Vai tr\u00f2 n\u00e0y bao g\u1ed3m vi\u1ec7c \u0111\u1ebfn c\u00e1c \u0111\u1ecba \u0111i\u1ec3m \u0111an c\u01b0\u1edbc v\u00e0 quan s\u00e1t c\u00e1ch c\u00e1c th\u1ee3 \u0111an v\u1ee3t \u0111\u01b0\u1ee3c ch\u1ee9ng nh\u1eadn qu\u1ed1c t\u1ebf t\u01b0\u01a1ng t\u00e1c v\u1edbi kh\u00e1ch h\u00e0ng v\u00e0 duy tr\u00ec kh\u00f4ng gian l\u00e0m vi\u1ec7c c\u1ee7a h\u1ecd.<\/p>\n\n<\/div>\n<\/div>\n\n<div class=\"gb-container gb-container-bc7f3ef7\">\n<div class=\"gb-container gb-container-c402b7cb\">\n\n<h3 class=\"gb-headline gb-headline-9ac68257 gb-headline-text\"><span class=\"ez-toc-section\" id=\"Lien_he_de_Tinh_nguyen_lam_Giam_dinh_vien_Dan_cuoc\"><\/span>Li\u00ean h\u1ec7 \u0111\u1ec3 T\u00ecnh nguy\u1ec7n l\u00e0m <mark style=\"background-color:rgba(0, 0, 0, 0)\" class=\"has-inline-color has-global-color-9-color\">Gi\u00e1m \u0111\u1ecbnh vi\u00ean \u0110an c\u01b0\u1edbc<\/mark><span class=\"ez-toc-section-end\"><\/span><\/h3>\n\n\n\n<p class=\"gb-headline gb-headline-99f4af0d gb-headline-text\">N\u1ebfu b\u1ea1n c\u00f3 kinh nghi\u1ec7m \u0111an c\u01b0\u1edbc v\u00e0 mu\u1ed1n gi\u00fap c\u1ea3i thi\u1ec7n ch\u01b0\u01a1ng tr\u00ecnh \u0111\u00e0o t\u1ea1o \u0111an c\u01b0\u1edbc, vui l\u00f2ng li\u00ean h\u1ec7 qua email <a href=\"mailto:tester@beststringer.com\"><strong>tester@beststringer.com<\/strong><\/a>. Vui l\u00f2ng ghi r\u00f5 qu\u1ed1c gia v\u00e0 th\u00f4ng tin chi ti\u1ebft v\u1ec1 kinh nghi\u1ec7m \u0111an c\u01b0\u1edbc c\u1ee7a b\u1ea1n.<br><br><\/p>\n\n\n\n<figure class=\"gb-block-image gb-block-image-7bd1746b\"><img loading=\"lazy\" decoding=\"async\" width=\"1043\" height=\"371\" class=\"gb-image gb-image-7bd1746b\" src=\"https:\/\/beststringer.com\/wp-content\/uploads\/2024\/10\/Join-us-Volunteer-with-BSW-Badminton-Stringing-Certification.png\" alt=\"Tham gia t\u00ecnh nguy\u1ec7n c\u00f9ng BSW, ch\u1ee9ng nh\u1eadn \u0111an c\u01b0\u1edbc v\u1ee3t c\u1ea7u l\u00f4ng qu\u1ed1c t\u1ebf t\u1ea1i {{CITY_LOCAL}}\" title=\"C\u01a1 h\u1ed9i t\u00ecnh nguy\u1ec7n vi\u00ean ki\u1ec3m \u0111\u1ecbnh BSW - N\u00e2ng cao ti\u00eau chu\u1ea9n \u0111an c\u01b0\u1edbc v\u1ee3t {{COUNTRY_LOCAL}}\" srcset=\"https:\/\/beststringer.com\/wp-content\/uploads\/2024\/10\/Join-us-Volunteer-with-BSW-Badminton-Stringing-Certification.png 1043w, https:\/\/beststringer.com\/wp-content\/uploads\/2024\/10\/Join-us-Volunteer-with-BSW-Badminton-Stringing-Certification-300x107.png 300w, https:\/\/beststringer.com\/wp-content\/uploads\/2024\/10\/Join-us-Volunteer-with-BSW-Badminton-Stringing-Certification-1024x364.png 1024w, https:\/\/beststringer.com\/wp-content\/uploads\/2024\/10\/Join-us-Volunteer-with-BSW-Badminton-Stringing-Certification-768x273.png 768w\" sizes=\"auto, (max-width: 1043px) 100vw, 1043px\" \/><\/figure>\n\n<\/div>\n<\/div>\n<\/div>\n\n<section class=\"gb-container gb-container-21e3c652\">\n<div class=\"gb-container gb-container-11344779\">\n\n<h3 class=\"gb-headline gb-headline-39f4cce2 gb-headline-text\"><span class=\"ez-toc-section\" id=\"Nang_cao_Ky_nang_Dan_cuoc_Co_hoi_Tinh_nguyen_cung_BSW\"><\/span>N\u00e2ng cao K\u1ef9 n\u0103ng \u0110an c\u01b0\u1edbc: C\u01a1 h\u1ed9i T\u00ecnh nguy\u1ec7n c\u00f9ng BSW<span class=\"ez-toc-section-end\"><\/span><\/h3>\n\n\n\n<p class=\"gb-headline gb-headline-c6c5990e gb-headline-text\">B\u1ea1n mu\u1ed1n t\u00ecm hi\u1ec3u v\u1ec1 vi\u1ec7c n\u00e2ng cao c\u00e1c ti\u00eau chu\u1ea9n \u0111an c\u01b0\u1edbc v\u1ee3t? Video n\u00e0y s\u1ebd gi\u1edbi thi\u1ec7u c\u00e1c vai tr\u00f2 t\u00ecnh nguy\u1ec7n vi\u00ean t\u1ea1i Best Stringer Worldwide (BSW). H\u00e3y t\u00ecm hi\u1ec3u c\u00e1ch b\u1ea1n c\u00f3 th\u1ec3 tr\u1edf th\u00e0nh Gi\u00e1m \u0111\u1ecbnh vi\u00ean Ch\u1ee9ng nh\u1eadn, Gi\u00e1m \u0111\u1ecbnh vi\u00ean Tr\u01b0\u1edfng, Gi\u00e1m \u0111\u1ecbnh vi\u00ean K\u1ef9 thu\u1eadt, ho\u1eb7c Ng\u01b0\u1eddi kh\u1ea3o s\u00e1t t\u1ea1i ch\u1ed7. Ch\u00fang t\u00f4i s\u1ebd gi\u1ea3i th\u00edch c\u00f4ng vi\u1ec7c c\u1ee7a t\u1eebng vai tr\u00f2, \u0111i\u1ec1u ki\u1ec7n tham gia, v\u00e0 c\u00e1ch c\u00e1c v\u1ecb tr\u00ed n\u00e0y g\u00f3p ph\u1ea7n c\u1ea3i thi\u1ec7n ch\u1ea5t l\u01b0\u1ee3ng \u0111an c\u01b0\u1edbc trong qu\u1ea7n v\u1ee3t, c\u1ea7u l\u00f4ng v\u00e0 squash.<\/p>\n\n\n<div class=\"gb-container gb-container-ec1a2ce6\">\n<div class=\"gb-container gb-container-238a634b\"><\/div>\n<\/div>\n\n\n<div id=\"youtube-player\"><\/div>\n<script>\n  var videoLoaded = false;\n\n  function loadYouTubeVideo() {\n    if (videoLoaded) return;\n    videoLoaded = true;\n    var tag = document.createElement('script');\n    tag.src = \"https:\/\/www.youtube.com\/iframe_api\";\n    var firstScriptTag = document.getElementsByTagName('script')[0];\n    firstScriptTag.parentNode.insertBefore(tag, firstScriptTag);\n  }\n\n  function onYouTubeIframeAPIReady() {\n    new YT.Player('youtube-player', {\n      height: '360',\n      width: '640',\n      videoId: 'mnLp79WF_Qk', \/\/ Your video ID\n      events: {\n        'onReady': onPlayerReady\n      }\n    });\n  }\n\n  function onPlayerReady(event) {\n    \/\/ Video is ready to play\n  }\n\n  \/\/ Load the YouTube API script when the page is scrolled\n  window.addEventListener('scroll', loadYouTubeVideo, { once: true });\n\n  \/\/ Also load if the user hasn't scrolled after 3 seconds\n  setTimeout(loadYouTubeVideo, 3000);\n<\/script>\n\n<\/div>\n<\/section>\n\n<section class=\"gb-container gb-container-49b9586e\">\n<div class=\"gb-container gb-container-a2e9522c\"><\/div>\n\n<div class=\"gb-container gb-container-0e11192a\">\n\n<h3 class=\"gb-headline gb-headline-5cf408ee gb-headline-text\"><span class=\"ez-toc-section\" id=\"Mang_luoi_Dan_cuoc_cua_BSW\"><\/span>M\u1ea1ng l\u01b0\u1edbi \u0110an c\u01b0\u1edbc c\u1ee7a BSW<span class=\"ez-toc-section-end\"><\/span><\/h3>\n\n\n<div class=\"gb-container gb-container-daaa2e63\">\n<div class=\"gb-container gb-container-bda621fe\"><\/div>\n\n<div class=\"gb-container gb-container-4b0ac72b\"><\/div>\n<\/div>\n\n\n<p class=\"gb-headline gb-headline-edf98545 gb-headline-text\">Best Stringer Worldwide cung c\u1ea5p m\u1ed9t n\u1ec1n t\u1ea3ng \u0111\u1ec3 c\u00e1c th\u1ee3 \u0111an v\u1ee3t h\u1ecdc h\u1ecfi v\u00e0 n\u00e2ng cao tay ngh\u1ec1. M\u1ea1ng l\u01b0\u1edbi c\u1ee7a ch\u00fang t\u00f4i bao g\u1ed3m:<\/p>\n\n\n\n<p class=\"gb-headline gb-headline-aa123983\"><span class=\"gb-icon\"><svg aria-hidden=\"true\" role=\"img\" height=\"1em\" width=\"1em\" viewBox=\"0 0 512 512\" xmlns=\"http:\/\/www.w3.org\/2000\/svg\"><path fill=\"currentColor\" d=\"M504 256c0 136.967-111.033 248-248 248S8 392.967 8 256 119.033 8 256 8s248 111.033 248 248zM227.314 387.314l184-184c6.248-6.248 6.248-16.379 0-22.627l-22.627-22.627c-6.248-6.249-16.379-6.249-22.628 0L216 308.118l-70.059-70.059c-6.248-6.248-16.379-6.248-22.628 0l-22.627 22.627c-6.248 6.248-6.248 16.379 0 22.627l104 104c6.249 6.249 16.379 6.249 22.628.001z\"><\/path><\/svg><\/span><span class=\"gb-headline-text\">T\u00e0i li\u1ec7u \u0111\u00e0o t\u1ea1o \u0111an c\u01b0\u1edbc<\/span><\/p>\n\n\n\n<p class=\"gb-headline gb-headline-22e91ee1\"><span class=\"gb-icon\"><svg aria-hidden=\"true\" role=\"img\" height=\"1em\" width=\"1em\" viewBox=\"0 0 512 512\" xmlns=\"http:\/\/www.w3.org\/2000\/svg\"><path fill=\"currentColor\" d=\"M504 256c0 136.967-111.033 248-248 248S8 392.967 8 256 119.033 8 256 8s248 111.033 248 248zM227.314 387.314l184-184c6.248-6.248 6.248-16.379 0-22.627l-22.627-22.627c-6.248-6.249-16.379-6.249-22.628 0L216 308.118l-70.059-70.059c-6.248-6.248-16.379-6.248-22.628 0l-22.627 22.627c-6.248 6.248-6.248 16.379 0 22.627l104 104c6.249 6.249 16.379 6.249 22.628.001z\"><\/path><\/svg><\/span><span class=\"gb-headline-text\">C\u00e1c bu\u1ed5i c\u1eadp nh\u1eadt k\u1ef9 n\u0103ng th\u01b0\u1eddng xuy\u00ean<\/span><\/p>\n\n\n\n<p class=\"gb-headline gb-headline-f4b88c87\"><span class=\"gb-icon\"><svg aria-hidden=\"true\" role=\"img\" height=\"1em\" width=\"1em\" viewBox=\"0 0 512 512\" xmlns=\"http:\/\/www.w3.org\/2000\/svg\"><path fill=\"currentColor\" d=\"M504 256c0 136.967-111.033 248-248 248S8 392.967 8 256 119.033 8 256 8s248 111.033 248 248zM227.314 387.314l184-184c6.248-6.248 6.248-16.379 0-22.627l-22.627-22.627c-6.248-6.249-16.379-6.249-22.628 0L216 308.118l-70.059-70.059c-6.248-6.248-16.379-6.248-22.628 0l-22.627 22.627c-6.248 6.248-6.248 16.379 0 22.627l104 104c6.249 6.249 16.379 6.249 22.628.001z\"><\/path><\/svg><\/span><span class=\"gb-headline-text\">Di\u1ec5n \u0111\u00e0n th\u1ea3o lu\u1eadn \u0111\u1ec3 chia s\u1ebb ki\u1ebfn th\u1ee9c \u0111an c\u01b0\u1edbc<\/span><\/p>\n\n\n\n<p class=\"gb-headline gb-headline-cd74c374 gb-headline-text\">C\u00e1c th\u1ee3 \u0111an v\u1ee3t \u0111\u01b0\u1ee3c ch\u1ee9ng nh\u1eadn qu\u1ed1c t\u1ebf c\u00f3 th\u1ec3 t\u01b0\u01a1ng t\u00e1c v\u1edbi nh\u1eefng ng\u01b0\u1eddi ch\u01a1i c\u1ea7n d\u1ecbch v\u1ee5 \u0111an c\u01b0\u1edbc. \u0110i\u1ec1u n\u00e0y gi\u00fap c\u1ea3 th\u1ee3 \u0111an v\u1ee3t v\u00e0 ng\u01b0\u1eddi ch\u01a1i hi\u1ec3u r\u00f5 h\u01a1n v\u1ec1 nhu c\u1ea7u chu\u1ea9n b\u1ecb v\u1ee3t.<\/p>\n\n\n\n<a class=\"gb-button gb-button-a29641e0 gb-button-text\" href=\"https:\/\/beststringer.com\/vi\/contact\/\">T\u00ecm hi\u1ec3u th\u00eam<\/a>\n\n<\/div>\n<\/section>","protected":false},"excerpt":{"rendered":"<p>T\u00ecnh nguy\u1ec7n l\u00e0m Gi\u00e1m \u0111\u1ecbnh vi\u00ean Ch\u1ee9ng nh\u1eadn Gi\u00e1m \u0111\u1ecbnh vi\u00ean Ch\u1ee9ng nh\u1eadn \u0111\u00f3ng vai tr\u00f2 quan tr\u1ecdng trong quy tr\u00ecnh c\u1ea5p ch\u1ee9ng nh\u1eadn c\u1ee7a BSW v\u00e0 trong vi\u1ec7c n\u00e2ng cao ti\u00eau chu\u1ea9n \u0111an c\u01b0\u1edbc. Ch\u00fang t\u00f4i t\u00ecm ki\u1ebfm nh\u1eefng th\u1ee3 \u0111an v\u1ee3t gi\u00e0u kinh nghi\u1ec7m, mong mu\u1ed1n \u0111\u00f3ng g\u00f3p th\u1eddi gian, ki\u1ebfn th\u1ee9c v\u00e0 &#8230; <a title=\"T\u00ecnh Nguy\u1ec7n Vi\u00ean l\u00e0m Gi\u00e1m Kh\u1ea3o Ch\u1ee9ng Nh\u1eadn BSW\" class=\"read-more\" href=\"https:\/\/beststringer.com\/vi\/join-us-volunteer-with-bsw\/\" aria-label=\"Read more about T\u00ecnh Nguy\u1ec7n Vi\u00ean l\u00e0m Gi\u00e1m Kh\u1ea3o Ch\u1ee9ng Nh\u1eadn BSW\">Read more<\/a><\/p>\n","protected":false},"author":1,"featured_media":38873,"parent":0,"menu_order":0,"comment_status":"closed","ping_status":"closed","template":"","meta":{"footnotes":""},"class_list":{"0":"post-38871","1":"page","2":"type-page","3":"status-publish","4":"has-post-thumbnail","6":"infinite-scroll-item"},"_links":{"self":[{"href":"https:\/\/beststringer.com\/vi\/wp-json\/wp\/v2\/pages\/38871","targetHints":{"allow":["GET"]}}],"collection":[{"href":"https:\/\/beststringer.com\/vi\/wp-json\/wp\/v2\/pages"}],"about":[{"href":"https:\/\/beststringer.com\/vi\/wp-json\/wp\/v2\/types\/page"}],"author":[{"embeddable":true,"href":"https:\/\/beststringer.com\/vi\/wp-json\/wp\/v2\/users\/1"}],"replies":[{"embeddable":true,"href":"https:\/\/beststringer.com\/vi\/wp-json\/wp\/v2\/comments?post=38871"}],"version-history":[{"count":0,"href":"https:\/\/beststringer.com\/vi\/wp-json\/wp\/v2\/pages\/38871\/revisions"}],"wp:featuredmedia":[{"embeddable":true,"href":"https:\/\/beststringer.com\/vi\/wp-json\/wp\/v2\/media\/38873"}],"wp:attachment":[{"href":"https:\/\/beststringer.com\/vi\/wp-json\/wp\/v2\/media?parent=38871"}],"curies":[{"name":"wp","href":"https:\/\/api.w.org\/{rel}","templated":true}]}}