{"id":38767,"date":"2024-08-05T01:47:32","date_gmt":"2024-08-05T01:47:32","guid":{"rendered":"https:\/\/beststringer.com\/benefits-bsw-certification\/"},"modified":"2025-09-25T05:10:41","modified_gmt":"2025-09-25T05:10:41","slug":"benefits-bsw-certification","status":"publish","type":"page","link":"https:\/\/beststringer.com\/vi\/benefits-bsw-certification\/","title":{"rendered":"L\u1ee3i \u00cdch c\u1ee7a Ch\u1ee9ng Nh\u1eadn BSW Stringer cho Vi\u1ec7c \u0110an V\u1ee3t"},"content":{"rendered":"<div class=\"gb-container gb-container-f66bc834\">\n<div class=\"gb-container gb-container-37db13f4\">\n<div class=\"gb-container gb-container-3021f73c\">\n<div id=\"ez-toc-container\" class=\"ez-toc-v2_0_82_2 ez-toc-wrap-left counter-hierarchy ez-toc-counter ez-toc-custom ez-toc-container-direction\">\n<div class=\"ez-toc-title-container\">\n<p class=\"ez-toc-title\" style=\"cursor:inherit\">Topics<\/p>\n<span class=\"ez-toc-title-toggle\"><a href=\"#\" class=\"ez-toc-pull-right ez-toc-btn ez-toc-btn-xs ez-toc-btn-default ez-toc-toggle\" aria-label=\"Toggle Table of Content\"><span class=\"ez-toc-js-icon-con\"><span class=\"\"><span class=\"eztoc-hide\" style=\"display:none;\">Toggle<\/span><span class=\"ez-toc-icon-toggle-span\"><svg style=\"fill: #ffffff;color:#ffffff\" xmlns=\"http:\/\/www.w3.org\/2000\/svg\" class=\"list-377408\" width=\"20px\" height=\"20px\" viewBox=\"0 0 24 24\" fill=\"none\"><path d=\"M6 6H4v2h2V6zm14 0H8v2h12V6zM4 11h2v2H4v-2zm16 0H8v2h12v-2zM4 16h2v2H4v-2zm16 0H8v2h12v-2z\" fill=\"currentColor\"><\/path><\/svg><svg style=\"fill: #ffffff;color:#ffffff\" class=\"arrow-unsorted-368013\" xmlns=\"http:\/\/www.w3.org\/2000\/svg\" width=\"10px\" height=\"10px\" viewBox=\"0 0 24 24\" version=\"1.2\" baseProfile=\"tiny\"><path d=\"M18.2 9.3l-6.2-6.3-6.2 6.3c-.2.2-.3.4-.3.7s.1.5.3.7c.2.2.4.3.7.3h11c.3 0 .5-.1.7-.3.2-.2.3-.5.3-.7s-.1-.5-.3-.7zM5.8 14.7l6.2 6.3 6.2-6.3c.2-.2.3-.5.3-.7s-.1-.5-.3-.7c-.2-.2-.4-.3-.7-.3h-11c-.3 0-.5.1-.7.3-.2.2-.3.5-.3.7s.1.5.3.7z\"\/><\/svg><\/span><\/span><\/span><\/a><\/span><\/div>\n<nav><ul class='ez-toc-list ez-toc-list-level-1 eztoc-toggle-hide-by-default' ><li class='ez-toc-page-1 ez-toc-heading-level-3'><a class=\"ez-toc-link ez-toc-heading-1\" href=\"https:\/\/beststringer.com\/vi\/benefits-bsw-certification\/#Danh_cho_Tho_dan_vot\" >D\u00e0nh cho Th\u1ee3 \u0111an v\u1ee3t<\/a><\/li><li class='ez-toc-page-1 ez-toc-heading-level-3'><a class=\"ez-toc-link ez-toc-heading-2\" href=\"https:\/\/beststringer.com\/vi\/benefits-bsw-certification\/#Dam_bao_chat_luong\" >\u0110\u1ea3m b\u1ea3o ch\u1ea5t l\u01b0\u1ee3ng<\/a><\/li><li class='ez-toc-page-1 ez-toc-heading-level-3'><a class=\"ez-toc-link ez-toc-heading-3\" href=\"https:\/\/beststringer.com\/vi\/benefits-bsw-certification\/#Tiem_nang_tiet_kiem_chi_phi\" >Ti\u1ec1m n\u0103ng ti\u1ebft ki\u1ec7m chi ph\u00ed<\/a><\/li><li class='ez-toc-page-1 ez-toc-heading-level-3'><a class=\"ez-toc-link ez-toc-heading-4\" href=\"https:\/\/beststringer.com\/vi\/benefits-bsw-certification\/#Su_cong_nhan_quoc_te\" >S\u1ef1 c\u00f4ng nh\u1eadn qu\u1ed1c t\u1ebf<\/a><\/li><li class='ez-toc-page-1 ez-toc-heading-level-3'><a class=\"ez-toc-link ez-toc-heading-5\" href=\"https:\/\/beststringer.com\/vi\/benefits-bsw-certification\/#Danh_cho_Nguoi_choi_va_cac_To_chuc_The_thao\" >D\u00e0nh cho Ng\u01b0\u1eddi ch\u01a1i v\u00e0 c\u00e1c T\u1ed5 ch\u1ee9c Th\u1ec3 thao<\/a><\/li><li class='ez-toc-page-1 ez-toc-heading-level-3'><a class=\"ez-toc-link ez-toc-heading-6\" href=\"https:\/\/beststringer.com\/vi\/benefits-bsw-certification\/#Danh_cho_Nganh_The_thao_dung_vot\" >D\u00e0nh cho Ng\u00e0nh Th\u1ec3 thao d\u00f9ng v\u1ee3t<\/a><\/li><li class='ez-toc-page-1 ez-toc-heading-level-3'><a class=\"ez-toc-link ez-toc-heading-7\" href=\"https:\/\/beststringer.com\/vi\/benefits-bsw-certification\/#Linh_hoat\" >Linh ho\u1ea1t<\/a><\/li><li class='ez-toc-page-1 ez-toc-heading-level-3'><a class=\"ez-toc-link ez-toc-heading-8\" href=\"https:\/\/beststringer.com\/vi\/benefits-bsw-certification\/#Loi_ich_cua_Chung_nhan_Tho_dan_vot_BSW\" >L\u1ee3i \u00edch c\u1ee7a Ch\u1ee9ng nh\u1eadn Th\u1ee3 \u0111an v\u1ee3t BSW<\/a><\/li><li class='ez-toc-page-1 ez-toc-heading-level-3'><a class=\"ez-toc-link ez-toc-heading-9\" href=\"https:\/\/beststringer.com\/vi\/benefits-bsw-certification\/#Chung_nhan_Dan_cuoc_vot_BSW\" >Ch\u1ee9ng nh\u1eadn \u0110an c\u01b0\u1edbc v\u1ee3t BSW<\/a><\/li><\/ul><\/nav><\/div>\n\n\n\n\n<h3 class=\"gb-headline gb-headline-e5c79f72 gb-headline-text\"><span class=\"ez-toc-section\" id=\"Danh_cho_Tho_dan_vot\"><\/span><strong>D\u00e0nh cho <mark style=\"background-color:rgba(0, 0, 0, 0)\" class=\"has-inline-color has-global-color-9-color\">Th\u1ee3 \u0111an v\u1ee3t<\/mark><\/strong><span class=\"ez-toc-section-end\"><\/span><\/h3>\n\n\n\n<p class=\"gb-headline gb-headline-7d760a3f gb-headline-text\">Ch\u1ee9ng nh\u1eadn BSW kh\u1eb3ng \u0111\u1ecbnh ch\u1ea5t l\u01b0\u1ee3ng d\u1ecbch v\u1ee5 \u0111an c\u01b0\u1edbc v\u1ee3t c\u1ee7a b\u1ea1n. \u0110i\u1ec1u n\u00e0y gi\u00fap x\u00e2y d\u1ef1ng l\u00f2ng tin v\u1edbi ng\u01b0\u1eddi ch\u01a1i v\u00e0 th\u1ec3 hi\u1ec7n k\u1ef9 n\u0103ng c\u1ee7a b\u1ea1n v\u1edbi c\u00e1c kh\u00e1ch h\u00e0ng ti\u1ec1m n\u0103ng.<\/p>\n\n<\/div>\n<\/div>\n\n<div class=\"gb-container gb-container-8072e76b\">\n<div class=\"gb-container gb-container-eabf3753\">\n\n<h3 class=\"gb-headline gb-headline-0ad93116 gb-headline-text\"><span class=\"ez-toc-section\" id=\"Dam_bao_chat_luong\"><\/span><strong>\u0110\u1ea3m b\u1ea3o <mark style=\"background-color:rgba(0, 0, 0, 0)\" class=\"has-inline-color has-global-color-9-color\">ch\u1ea5t l\u01b0\u1ee3ng<\/mark><\/strong><span class=\"ez-toc-section-end\"><\/span><\/h3>\n\n\n\n<p class=\"gb-headline gb-headline-0e4cbc73 gb-headline-text\">Ng\u01b0\u1eddi ch\u01a1i s\u1ebd bi\u1ebft m\u00ecnh nh\u1eadn \u0111\u01b0\u1ee3c g\u00ec khi ch\u1ecdn m\u1ed9t Th\u1ee3 \u0111an v\u1ee3t \u0111\u01b0\u1ee3c ch\u1ee9ng nh\u1eadn qu\u1ed1c t\u1ebf c\u1ee7a BSW. C\u00e1c th\u1ee3 \u0111an v\u1ee3t \u0111\u01b0\u1ee3c ch\u1ee9ng nh\u1eadn \u0111\u00e3 v\u01b0\u1ee3t qua c\u00e1c b\u00e0i ki\u1ec3m tra d\u1ef1a tr\u00ean ti\u00eau chu\u1ea9n qu\u1ed1c t\u1ebf. \u0110i\u1ec1u n\u00e0y gi\u00fap \u0111\u1ea3m b\u1ea3o ng\u01b0\u1eddi ch\u01a1i nh\u1eadn \u0111\u01b0\u1ee3c d\u1ecbch v\u1ee5 t\u1ed1t, \u0111\u00e1p \u1ee9ng nhu c\u1ea7u c\u1ee7a h\u1ecd.<\/p>\n\n<\/div>\n<\/div>\n\n<div class=\"gb-container gb-container-90ecf704\">\n<div class=\"gb-container gb-container-5939e332\">\n\n<h3 class=\"gb-headline gb-headline-fd44004c gb-headline-text\"><span class=\"ez-toc-section\" id=\"Tiem_nang_tiet_kiem_chi_phi\"><\/span><strong>Ti\u1ec1m n\u0103ng ti\u1ebft ki\u1ec7m <mark style=\"background-color:rgba(0, 0, 0, 0)\" class=\"has-inline-color has-global-color-9-color\">chi ph\u00ed<\/mark><\/strong><span class=\"ez-toc-section-end\"><\/span><\/h3>\n\n\n\n<p class=\"gb-headline gb-headline-053891c0 gb-headline-text\">Ch\u1ee9ng nh\u1eadn c\u00f3 th\u1ec3 gi\u00fap gi\u1ea3m thi\u1ec3u:<br>1. Vi\u1ec7c ph\u1ea3i \u0111an l\u1ea1i v\u1ee3t do k\u1ef9 thu\u1eadt kh\u00f4ng ch\u00ednh x\u00e1c<br>2. Ng\u01b0\u1eddi ch\u01a1i kh\u00f4ng h\u00e0i l\u00f2ng<br>3. Thi\u1ec7t h\u1ea1i v\u1ec1 uy t\u00edn c\u1ee7a b\u1ea1n<\/p>\n\n<\/div>\n<\/div>\n\n<div class=\"gb-container gb-container-8a50ef37\">\n<div class=\"gb-container gb-container-5c1bafc8\">\n\n<h3 class=\"gb-headline gb-headline-1f4c776e gb-headline-text\"><span class=\"ez-toc-section\" id=\"Su_cong_nhan_quoc_te\"><\/span><strong>S\u1ef1 c\u00f4ng nh\u1eadn <mark style=\"background-color:rgba(0, 0, 0, 0)\" class=\"has-inline-color has-global-color-9-color\">qu\u1ed1c t\u1ebf<\/mark><\/strong><span class=\"ez-toc-section-end\"><\/span><\/h3>\n\n\n\n<p class=\"gb-headline gb-headline-242fa714 gb-headline-text\">BSW h\u1ee3p t\u00e1c v\u1edbi nhi\u1ec1u t\u1ed5 ch\u1ee9c th\u1ec3 thao kh\u00e1c nhau. \u0110i\u1ec1u n\u00e0y c\u00f3 ngh\u0129a l\u00e0 c\u00e1c th\u1ee3 \u0111an v\u1ee3t \u0111\u01b0\u1ee3c ch\u1ee9ng nh\u1eadn qu\u1ed1c t\u1ebf c\u1ee7a BSW c\u00f3 th\u1ec3 \u0111\u01b0\u1ee3c c\u00f4ng nh\u1eadn \u1edf nhi\u1ec1u qu\u1ed1c gia h\u01a1n. Vi\u1ec7c c\u00f3 ch\u1ee9ng nh\u1eadn BSW c\u00f3 th\u1ec3 mang l\u1ea1i nhi\u1ec1u c\u01a1 h\u1ed9i vi\u1ec7c l\u00e0m h\u01a1n tr\u00ean to\u00e0n th\u1ebf gi\u1edbi.<\/p>\n\n<\/div>\n<\/div>\n\n<div class=\"gb-container gb-container-0787b207\">\n<div class=\"gb-container gb-container-eed18cdf\">\n\n<h3 class=\"gb-headline gb-headline-59f1817a gb-headline-text\"><span class=\"ez-toc-section\" id=\"Danh_cho_Nguoi_choi_va_cac_To_chuc_The_thao\"><\/span><strong>D\u00e0nh cho <mark style=\"background-color:rgba(0, 0, 0, 0)\" class=\"has-inline-color has-global-color-9-color\">Ng\u01b0\u1eddi ch\u01a1i<\/mark> v\u00e0 c\u00e1c T\u1ed5 ch\u1ee9c <mark style=\"background-color:rgba(0, 0, 0, 0)\" class=\"has-inline-color has-global-color-9-color\">Th\u1ec3 thao<\/mark><\/strong><span class=\"ez-toc-section-end\"><\/span><\/h3>\n\n\n\n<p class=\"gb-headline gb-headline-cfca2887 gb-headline-text\"><strong>T\u0103ng c\u01b0\u1eddng ni\u1ec1m tin:<\/strong><br>Ch\u1ee9ng nh\u1eadn BSW th\u1ec3 hi\u1ec7n k\u1ef9 n\u0103ng c\u1ee7a m\u1ed9t th\u1ee3 \u0111an v\u1ee3t. \u0110i\u1ec1u n\u00e0y gi\u00fap ng\u01b0\u1eddi ch\u01a1i tin t\u01b0\u1edfng v\u00e0o d\u1ecbch v\u1ee5 \u0111an c\u01b0\u1edbc, v\u1ed1n r\u1ea5t quan tr\u1ecdng \u0111\u1ed1i v\u1edbi hi\u1ec7u su\u1ea5t c\u1ee7a v\u1ee3t. Ch\u1ee9ng nh\u1eadn c\u0169ng cho th\u1ea5y s\u1ef1 cam k\u1ebft trong vi\u1ec7c ch\u0103m s\u00f3c d\u1ee5ng c\u1ee5 v\u00e0 \u0111\u1ea3m b\u1ea3o s\u1ef1 h\u00e0i l\u00f2ng c\u1ee7a ng\u01b0\u1eddi ch\u01a1i.<\/p>\n\n<\/div>\n<\/div>\n\n<div class=\"gb-container gb-container-5cce018f\">\n<div class=\"gb-container gb-container-71c468d8\">\n\n<h3 class=\"gb-headline gb-headline-322e667e gb-headline-text\"><span class=\"ez-toc-section\" id=\"Danh_cho_Nganh_The_thao_dung_vot\"><\/span><strong>D\u00e0nh cho Ng\u00e0nh <mark style=\"background-color:rgba(0, 0, 0, 0)\" class=\"has-inline-color has-global-color-9-color\">Th\u1ec3 thao d\u00f9ng v\u1ee3t<\/mark><\/strong><span class=\"ez-toc-section-end\"><\/span><\/h3>\n\n\n\n<p class=\"gb-headline gb-headline-547ac4a2 gb-headline-text\">Ch\u1ee9ng nh\u1eadn BSW gi\u00fap c\u1ea3i thi\u1ec7n ch\u1ea5t l\u01b0\u1ee3ng d\u1ecbch v\u1ee5 \u0111an c\u01b0\u1edbc v\u1ee3t n\u00f3i chung. Qu\u00e1 tr\u00ecnh c\u1ea5p ch\u1ee9ng nh\u1eadn ch\u1ec9 ra cho th\u1ee3 \u0111an v\u1ee3t nh\u1eefng \u0111i\u1ec3m c\u1ea7n c\u1ea3i thi\u1ec7n, gi\u00fap h\u1ecd h\u1ecdc h\u1ecfi nhi\u1ec1u h\u01a1n. \u0110i\u1ec1u n\u00e0y c\u0169ng khuy\u1ebfn kh\u00edch c\u1ea1nh tranh l\u00e0nh m\u1ea1nh v\u00e0 g\u00f3p ph\u1ea7n n\u00e2ng cao ch\u1ea5t l\u01b0\u1ee3ng d\u1ecbch v\u1ee5 \u0111an c\u01b0\u1edbc tr\u00ean to\u00e0n ng\u00e0nh.<\/p>\n\n<\/div>\n<\/div>\n\n<div class=\"gb-container gb-container-79c3d10c\">\n<div class=\"gb-container gb-container-6cec1a21\">\n\n<h3 class=\"gb-headline gb-headline-31ecb21f gb-headline-text\"><span class=\"ez-toc-section\" id=\"Linh_hoat\"><\/span><strong>Linh ho\u1ea1t<\/strong><span class=\"ez-toc-section-end\"><\/span><\/h3>\n\n\n\n<p class=\"gb-headline gb-headline-dee6187b gb-headline-text\">Ng\u01b0\u1eddi ch\u01a1i v\u00e0 c\u00e1c t\u1ed5 ch\u1ee9c c\u00f3 th\u1ec3 quy\u1ebft \u0111\u1ecbnh nh\u1eefng g\u00ec h\u1ecd c\u1ea7n v\u00e0 tin t\u01b0\u1edfng v\u00e0o c\u00e1c Th\u1ee3 \u0111an v\u1ee3t \u0111\u01b0\u1ee3c ch\u1ee9ng nh\u1eadn qu\u1ed1c t\u1ebf c\u1ee7a BSW \u0111\u1ec3 nh\u1eadn \u0111\u01b0\u1ee3c d\u1ecbch v\u1ee5 t\u1ed1t.<br><br><\/p>\n\n\n\n<figure class=\"gb-block-image gb-block-image-ed37640b\"><img loading=\"lazy\" decoding=\"async\" width=\"1043\" height=\"721\" class=\"gb-image gb-image-ed37640b\" src=\"https:\/\/beststringer.com\/wp-content\/uploads\/2024\/10\/Benefits-of-BSW-Certification-Stringer-Racquet-Stringing-Certification.png\" alt=\"Th\u1ee3 \u0111an v\u1ee3t chuy\u00ean nghi\u1ec7p nh\u1eadn ch\u1ee9ng nh\u1eadn \u0111an c\u01b0\u1edbc v\u1ee3t BSW t\u1ea1i {{CITY_LOCAL}}\" title=\"L\u1ee3i \u00edch c\u1ee7a ch\u1ee9ng nh\u1eadn BSW \u0111\u1ed1i v\u1edbi d\u1ecbch v\u1ee5 \u0111an c\u01b0\u1edbc v\u1ee3t t\u1ea1i {{CITY_LOCAL}}\" srcset=\"https:\/\/beststringer.com\/wp-content\/uploads\/2024\/10\/Benefits-of-BSW-Certification-Stringer-Racquet-Stringing-Certification.png 1043w, https:\/\/beststringer.com\/wp-content\/uploads\/2024\/10\/Benefits-of-BSW-Certification-Stringer-Racquet-Stringing-Certification-300x207.png 300w, https:\/\/beststringer.com\/wp-content\/uploads\/2024\/10\/Benefits-of-BSW-Certification-Stringer-Racquet-Stringing-Certification-1024x708.png 1024w, https:\/\/beststringer.com\/wp-content\/uploads\/2024\/10\/Benefits-of-BSW-Certification-Stringer-Racquet-Stringing-Certification-768x531.png 768w\" sizes=\"auto, (max-width: 1043px) 100vw, 1043px\" \/><\/figure>\n\n<\/div>\n<\/div>\n<\/div>\n\n<section class=\"gb-container gb-container-21e3c652\">\n<div class=\"gb-container gb-container-11344779\">\n\n<h3 class=\"gb-headline gb-headline-39f4cce2 gb-headline-text\"><span class=\"ez-toc-section\" id=\"Loi_ich_cua_Chung_nhan_Tho_dan_vot_BSW\"><\/span>L\u1ee3i \u00edch c\u1ee7a Ch\u1ee9ng nh\u1eadn Th\u1ee3 \u0111an v\u1ee3t BSW<span class=\"ez-toc-section-end\"><\/span><\/h3>\n\n\n\n<p class=\"gb-headline gb-headline-c6c5990e gb-headline-text\">Video n\u00e0y n\u00eau b\u1eadt nh\u1eefng l\u1ee3i \u00edch c\u1ee7a Ch\u1ee9ng nh\u1eadn Th\u1ee3 \u0111an v\u1ee3t BSW \u0111\u1ed1i v\u1edbi c\u00e1c m\u00f4n th\u1ec3 thao d\u00f9ng v\u1ee3t. T\u00ecm hi\u1ec3u c\u00e1ch ch\u1ee9ng nh\u1eadn gi\u00fap th\u1ee3 \u0111an v\u1ee3t n\u00e2ng cao k\u1ef9 n\u0103ng v\u00e0 x\u00e2y d\u1ef1ng l\u00f2ng tin v\u1edbi ng\u01b0\u1eddi ch\u01a1i. Ch\u00fang t\u00f4i gi\u1ea3i th\u00edch c\u00e1ch c\u00e1c th\u1ee3 \u0111an v\u1ee3t \u0111\u01b0\u1ee3c ch\u1ee9ng nh\u1eadn qu\u1ed1c t\u1ebf th\u1ec3 hi\u1ec7n n\u0103ng l\u1ef1c k\u1ef9 thu\u1eadt, ki\u1ebfn th\u1ee9c v\u1ec1 c\u00f4ng ngh\u1ec7 v\u1ee3t v\u00e0 s\u1ef1 th\u1ea5u hi\u1ec3u nhu c\u1ea7u c\u1ee7a ng\u01b0\u1eddi ch\u01a1i. Video c\u0169ng \u0111\u1ec1 c\u1eadp \u0111\u1ebfn c\u00e1ch ch\u1ee9ng nh\u1eadn th\u00fac \u0111\u1ea9y c\u00e1c ti\u00eau chu\u1ea9n chuy\u00ean nghi\u1ec7p v\u00e0 vi\u1ec7c h\u1ecdc h\u1ecfi kh\u00f4ng ng\u1eebng trong ng\u00e0nh.<\/p>\n\n\n<div class=\"gb-container gb-container-ec1a2ce6\">\n<div class=\"gb-container gb-container-238a634b\"><\/div>\n<\/div>\n\n\n<div id=\"youtube-player\"><\/div>\n<script>\n  var videoLoaded = false;\n\n  function loadYouTubeVideo() {\n    if (videoLoaded) return;\n    videoLoaded = true;\n    var tag = document.createElement('script');\n    tag.src = \"https:\/\/www.youtube.com\/iframe_api\";\n    var firstScriptTag = document.getElementsByTagName('script')[0];\n    firstScriptTag.parentNode.insertBefore(tag, firstScriptTag);\n  }\n\n  function onYouTubeIframeAPIReady() {\n    new YT.Player('youtube-player', {\n      height: '360',\n      width: '640',\n      videoId: 'PVFRpb_r9lA', \/\/ Your video ID\n      events: {\n        'onReady': onPlayerReady\n      }\n    });\n  }\n\n  function onPlayerReady(event) {\n    \/\/ Video is ready to play\n  }\n\n  \/\/ Load the YouTube API script when the page is scrolled\n  window.addEventListener('scroll', loadYouTubeVideo, { once: true });\n\n  \/\/ Also load if the user hasn't scrolled after 3 seconds\n  setTimeout(loadYouTubeVideo, 3000);\n<\/script>\n\n<\/div>\n<\/section>\n\n<section class=\"gb-container gb-container-49b9586e\">\n<div class=\"gb-container gb-container-a2e9522c\"><\/div>\n\n<div class=\"gb-container gb-container-0e11192a\">\n\n<h3 class=\"gb-headline gb-headline-5cf408ee gb-headline-text\"><span class=\"ez-toc-section\" id=\"Chung_nhan_Dan_cuoc_vot_BSW\"><\/span>Ch\u1ee9ng nh\u1eadn \u0110an c\u01b0\u1edbc v\u1ee3t BSW<span class=\"ez-toc-section-end\"><\/span><\/h3>\n\n\n<div class=\"gb-container gb-container-daaa2e63\">\n<div class=\"gb-container gb-container-bda621fe\"><\/div>\n\n<div class=\"gb-container gb-container-4b0ac72b\"><\/div>\n<\/div>\n\n\n<p class=\"gb-headline gb-headline-edf98545 gb-headline-text\">H\u1ecdc c\u00e1c k\u1ef9 n\u0103ng \u0111an c\u01b0\u1edbc v\u1ee3t chuy\u00ean nghi\u1ec7p cho c\u1ea7u l\u00f4ng, tennis v\u00e0 squash. Ch\u1ee9ng nh\u1eadn BSW bao g\u1ed3m c\u00e1c k\u1ef9 thu\u1eadt chu\u1ea9n, c\u00f4ng ngh\u1ec7 v\u1ee3t v\u00e0 \u0111\u00e1nh gi\u00e1 nhu c\u1ea7u c\u1ee7a ng\u01b0\u1eddi ch\u01a1i.<\/p>\n\n\n\n<a class=\"gb-button gb-button-a29641e0 gb-button-text\" href=\"https:\/\/beststringer.com\/vi\/stringing-certificate\/\">Chi ti\u1ebft Ch\u1ee9ng nh\u1eadn<\/a>\n\n<\/div>\n<\/section>","protected":false},"excerpt":{"rendered":"<p>D\u00e0nh cho Th\u1ee3 \u0111an v\u1ee3t Ch\u1ee9ng nh\u1eadn BSW kh\u1eb3ng \u0111\u1ecbnh ch\u1ea5t l\u01b0\u1ee3ng d\u1ecbch v\u1ee5 \u0111an c\u01b0\u1edbc v\u1ee3t c\u1ee7a b\u1ea1n. \u0110i\u1ec1u n\u00e0y gi\u00fap x\u00e2y d\u1ef1ng l\u00f2ng tin v\u1edbi ng\u01b0\u1eddi ch\u01a1i v\u00e0 th\u1ec3 hi\u1ec7n k\u1ef9 n\u0103ng c\u1ee7a b\u1ea1n v\u1edbi c\u00e1c kh\u00e1ch h\u00e0ng ti\u1ec1m n\u0103ng. \u0110\u1ea3m b\u1ea3o ch\u1ea5t l\u01b0\u1ee3ng Ng\u01b0\u1eddi ch\u01a1i s\u1ebd bi\u1ebft m\u00ecnh nh\u1eadn \u0111\u01b0\u1ee3c g\u00ec khi &#8230; <a title=\"L\u1ee3i \u00cdch c\u1ee7a Ch\u1ee9ng Nh\u1eadn BSW Stringer cho Vi\u1ec7c \u0110an V\u1ee3t\" class=\"read-more\" href=\"https:\/\/beststringer.com\/vi\/benefits-bsw-certification\/\" aria-label=\"Read more about L\u1ee3i \u00cdch c\u1ee7a Ch\u1ee9ng Nh\u1eadn BSW Stringer cho Vi\u1ec7c \u0110an V\u1ee3t\">Read more<\/a><\/p>\n","protected":false},"author":1,"featured_media":38768,"parent":0,"menu_order":0,"comment_status":"closed","ping_status":"closed","template":"","meta":{"footnotes":""},"class_list":{"0":"post-38767","1":"page","2":"type-page","3":"status-publish","4":"has-post-thumbnail","6":"infinite-scroll-item"},"_links":{"self":[{"href":"https:\/\/beststringer.com\/vi\/wp-json\/wp\/v2\/pages\/38767","targetHints":{"allow":["GET"]}}],"collection":[{"href":"https:\/\/beststringer.com\/vi\/wp-json\/wp\/v2\/pages"}],"about":[{"href":"https:\/\/beststringer.com\/vi\/wp-json\/wp\/v2\/types\/page"}],"author":[{"embeddable":true,"href":"https:\/\/beststringer.com\/vi\/wp-json\/wp\/v2\/users\/1"}],"replies":[{"embeddable":true,"href":"https:\/\/beststringer.com\/vi\/wp-json\/wp\/v2\/comments?post=38767"}],"version-history":[{"count":0,"href":"https:\/\/beststringer.com\/vi\/wp-json\/wp\/v2\/pages\/38767\/revisions"}],"wp:featuredmedia":[{"embeddable":true,"href":"https:\/\/beststringer.com\/vi\/wp-json\/wp\/v2\/media\/38768"}],"wp:attachment":[{"href":"https:\/\/beststringer.com\/vi\/wp-json\/wp\/v2\/media?parent=38767"}],"curies":[{"name":"wp","href":"https:\/\/api.w.org\/{rel}","templated":true}]}}