{"id":38668,"date":"2024-08-03T15:01:38","date_gmt":"2024-08-03T15:01:38","guid":{"rendered":"https:\/\/beststringer.com\/about-bsw-certification\/"},"modified":"2025-09-25T05:12:29","modified_gmt":"2025-09-25T05:12:29","slug":"about-bsw-certification","status":"publish","type":"page","link":"https:\/\/beststringer.com\/vi\/about-bsw-certification\/","title":{"rendered":"Ch\u1ee9ng Nh\u1eadn BSW"},"content":{"rendered":"<div class=\"gb-container gb-container-f66bc834\">\n<div class=\"gb-container gb-container-37db13f4\">\n<div class=\"gb-container gb-container-3021f73c\">\n<div id=\"ez-toc-container\" class=\"ez-toc-v2_0_82_2 ez-toc-wrap-left counter-hierarchy ez-toc-counter ez-toc-custom ez-toc-container-direction\">\n<div class=\"ez-toc-title-container\">\n<p class=\"ez-toc-title\" style=\"cursor:inherit\">Topics<\/p>\n<span class=\"ez-toc-title-toggle\"><a href=\"#\" class=\"ez-toc-pull-right ez-toc-btn ez-toc-btn-xs ez-toc-btn-default ez-toc-toggle\" aria-label=\"Toggle Table of Content\"><span class=\"ez-toc-js-icon-con\"><span class=\"\"><span class=\"eztoc-hide\" style=\"display:none;\">Toggle<\/span><span class=\"ez-toc-icon-toggle-span\"><svg style=\"fill: #ffffff;color:#ffffff\" xmlns=\"http:\/\/www.w3.org\/2000\/svg\" class=\"list-377408\" width=\"20px\" height=\"20px\" viewBox=\"0 0 24 24\" fill=\"none\"><path d=\"M6 6H4v2h2V6zm14 0H8v2h12V6zM4 11h2v2H4v-2zm16 0H8v2h12v-2zM4 16h2v2H4v-2zm16 0H8v2h12v-2z\" fill=\"currentColor\"><\/path><\/svg><svg style=\"fill: #ffffff;color:#ffffff\" class=\"arrow-unsorted-368013\" xmlns=\"http:\/\/www.w3.org\/2000\/svg\" width=\"10px\" height=\"10px\" viewBox=\"0 0 24 24\" version=\"1.2\" baseProfile=\"tiny\"><path d=\"M18.2 9.3l-6.2-6.3-6.2 6.3c-.2.2-.3.4-.3.7s.1.5.3.7c.2.2.4.3.7.3h11c.3 0 .5-.1.7-.3.2-.2.3-.5.3-.7s-.1-.5-.3-.7zM5.8 14.7l6.2 6.3 6.2-6.3c.2-.2.3-.5.3-.7s-.1-.5-.3-.7c-.2-.2-.4-.3-.7-.3h-11c-.3 0-.5.1-.7.3-.2.2-.3.5-.3.7s.1.5.3.7z\"\/><\/svg><\/span><\/span><\/span><\/a><\/span><\/div>\n<nav><ul class='ez-toc-list ez-toc-list-level-1 eztoc-toggle-hide-by-default' ><li class='ez-toc-page-1 ez-toc-heading-level-3'><a class=\"ez-toc-link ez-toc-heading-1\" href=\"https:\/\/beststringer.com\/vi\/about-bsw-certification\/#Chung_nhan_Tho_dan_vot_BSW_la_gi\" >Ch\u1ee9ng nh\u1eadn Th\u1ee3 \u0111an v\u1ee3t BSW l\u00e0 g\u00ec?<\/a><\/li><li class='ez-toc-page-1 ez-toc-heading-level-3'><a class=\"ez-toc-link ez-toc-heading-2\" href=\"https:\/\/beststringer.com\/vi\/about-bsw-certification\/#Chung_nhan_BSW_bao_gom_nhung_ky_nang_ky_thuat_nao\" >Ch\u1ee9ng nh\u1eadn BSW bao g\u1ed3m nh\u1eefng k\u1ef9 n\u0103ng k\u1ef9 thu\u1eadt n\u00e0o?<\/a><\/li><li class='ez-toc-page-1 ez-toc-heading-level-3'><a class=\"ez-toc-link ez-toc-heading-3\" href=\"https:\/\/beststringer.com\/vi\/about-bsw-certification\/#Chung_nhan_BSW_co_bao_gom_kien_thuc_ve_cong_nghe_vot_khong\" >Ch\u1ee9ng nh\u1eadn BSW c\u00f3 bao g\u1ed3m ki\u1ebfn th\u1ee9c v\u1ec1 c\u00f4ng ngh\u1ec7 v\u1ee3t kh\u00f4ng?<\/a><\/li><li class='ez-toc-page-1 ez-toc-heading-level-3'><a class=\"ez-toc-link ez-toc-heading-4\" href=\"https:\/\/beststringer.com\/vi\/about-bsw-certification\/#Chung_nhan_BSW_dap_ung_nhu_cau_cua_nguoi_choi_nhu_the_nao\" >Ch\u1ee9ng nh\u1eadn BSW \u0111\u00e1p \u1ee9ng nhu c\u1ea7u c\u1ee7a ng\u01b0\u1eddi ch\u01a1i nh\u01b0 th\u1ebf n\u00e0o?<\/a><\/li><li class='ez-toc-page-1 ez-toc-heading-level-3'><a class=\"ez-toc-link ez-toc-heading-5\" href=\"https:\/\/beststringer.com\/vi\/about-bsw-certification\/#Chung_nhan_BSW_co_bao_gom_cac_phuong_phap_kinh_doanh_khong\" >Ch\u1ee9ng nh\u1eadn BSW c\u00f3 bao g\u1ed3m c\u00e1c ph\u01b0\u01a1ng ph\u00e1p kinh doanh kh\u00f4ng?<\/a><\/li><li class='ez-toc-page-1 ez-toc-heading-level-3'><a class=\"ez-toc-link ez-toc-heading-6\" href=\"https:\/\/beststringer.com\/vi\/about-bsw-certification\/#Viec_hoc_hoi_khong_ngung_co_phai_la_mot_phan_cua_chung_nhan_BSW_khong\" >Vi\u1ec7c h\u1ecdc h\u1ecfi kh\u00f4ng ng\u1eebng c\u00f3 ph\u1ea3i l\u00e0 m\u1ed9t ph\u1ea7n c\u1ee7a ch\u1ee9ng nh\u1eadn BSW kh\u00f4ng?<\/a><\/li><li class='ez-toc-page-1 ez-toc-heading-level-3'><a class=\"ez-toc-link ez-toc-heading-7\" href=\"https:\/\/beststringer.com\/vi\/about-bsw-certification\/#Tim_hieu_ve_Chung_nhan_Tho_dan_vot_BSW\" >T\u00ecm hi\u1ec3u v\u1ec1 Ch\u1ee9ng nh\u1eadn Th\u1ee3 \u0111an v\u1ee3t BSW<\/a><\/li><li class='ez-toc-page-1 ez-toc-heading-level-3'><a class=\"ez-toc-link ez-toc-heading-8\" href=\"https:\/\/beststringer.com\/vi\/about-bsw-certification\/#Quy_trinh_Chung_nhan_BSW\" >Quy tr\u00ecnh Ch\u1ee9ng nh\u1eadn BSW<\/a><\/li><\/ul><\/nav><\/div>\n\n\n\n\n<h3 class=\"gb-headline gb-headline-e5c79f72 gb-headline-text\"><span class=\"ez-toc-section\" id=\"Chung_nhan_Tho_dan_vot_BSW_la_gi\"><\/span><strong>Ch\u1ee9ng nh\u1eadn <mark style=\"background-color:rgba(0, 0, 0, 0)\" class=\"has-inline-color has-global-color-9-color\">Th\u1ee3 \u0111an v\u1ee3t BSW<\/mark> l\u00e0 g\u00ec?<\/strong><span class=\"ez-toc-section-end\"><\/span><\/h3>\n\n\n\n<p class=\"gb-headline gb-headline-7d760a3f gb-headline-text\">Ch\u1ee9ng nh\u1eadn BSW n\u00e2ng cao uy t\u00edn c\u1ee7a c\u00e1c d\u1ecbch v\u1ee5 \u0111an c\u01b0\u1edbc v\u1ee3t c\u1ea7u l\u00f4ng, tennis v\u00e0 squash b\u1eb1ng c\u00e1ch cung c\u1ea5p s\u1ef1 \u0111\u1ea3m b\u1ea3o \u0111\u1ed9c l\u1eadp, \u0111\u00e1ng tin c\u1eady r\u1eb1ng c\u00e1c d\u1ecbch v\u1ee5 n\u00e0y \u0111\u01b0\u1ee3c th\u1ef1c hi\u1ec7n chuy\u00ean nghi\u1ec7p v\u00e0 \u0111\u00e1p \u1ee9ng c\u00e1c ti\u00eau chu\u1ea9n \u0111\u01b0\u1ee3c c\u00f4ng nh\u1eadn to\u00e0n c\u1ea7u. C\u00e1c th\u1ee3 \u0111an v\u1ee3t \u0111\u01b0\u1ee3c ch\u1ee9ng nh\u1eadn qu\u1ed1c t\u1ebf s\u1ebd \u0111\u01b0\u1ee3c \u0111\u00e1nh gi\u00e1 d\u1ef1a tr\u00ean c\u00e1c ti\u00eau chu\u1ea9n ng\u00e0nh to\u00e0n di\u1ec7n do BSW ph\u00e1t tri\u1ec3n. \u0110i\u1ec1u n\u00e0y \u0111\u1ea3m b\u1ea3o n\u0103ng l\u1ef1c, t\u00ednh kh\u00e1ch quan v\u00e0 hi\u1ec7u su\u1ea5t c\u1ee7a d\u1ecbch v\u1ee5 \u0111an c\u01b0\u1edbc c\u1ee7a h\u1ecd cho c\u00e1c m\u00f4n th\u1ec3 thao d\u00f9ng v\u1ee3t n\u00e0y.<\/p>\n\n<\/div>\n<\/div>\n\n<div class=\"gb-container gb-container-8072e76b\">\n<div class=\"gb-container gb-container-eabf3753\">\n\n<h3 class=\"gb-headline gb-headline-0ad93116 gb-headline-text\"><span class=\"ez-toc-section\" id=\"Chung_nhan_BSW_bao_gom_nhung_ky_nang_ky_thuat_nao\"><\/span><strong>Ch\u1ee9ng nh\u1eadn BSW bao g\u1ed3m nh\u1eefng <mark style=\"background-color:rgba(0, 0, 0, 0)\" class=\"has-inline-color has-global-color-9-color\">k\u1ef9 n\u0103ng k\u1ef9 thu\u1eadt<\/mark> n\u00e0o?<\/strong><span class=\"ez-toc-section-end\"><\/span><\/h3>\n\n\n\n<p class=\"gb-headline gb-headline-0e4cbc73 gb-headline-text\">Ch\u1ee9ng nh\u1eadn BSW bao g\u1ed3m c\u00e1c k\u1ef9 n\u0103ng k\u1ef9 thu\u1eadt \u0111an c\u01b0\u1edbc cho v\u1ee3t c\u1ea7u l\u00f4ng, tennis v\u00e0 squash.<\/p>\n\n<\/div>\n<\/div>\n\n<div class=\"gb-container gb-container-90ecf704\">\n<div class=\"gb-container gb-container-5939e332\">\n\n<h3 class=\"gb-headline gb-headline-fd44004c gb-headline-text\"><span class=\"ez-toc-section\" id=\"Chung_nhan_BSW_co_bao_gom_kien_thuc_ve_cong_nghe_vot_khong\"><\/span><strong>Ch\u1ee9ng nh\u1eadn BSW c\u00f3 bao g\u1ed3m ki\u1ebfn th\u1ee9c v\u1ec1 <mark style=\"background-color:rgba(0, 0, 0, 0)\" class=\"has-inline-color has-global-color-9-color\">c\u00f4ng ngh\u1ec7 v\u1ee3t<\/mark> kh\u00f4ng?<\/strong><span class=\"ez-toc-section-end\"><\/span><\/h3>\n\n\n\n<p class=\"gb-headline gb-headline-053891c0 gb-headline-text\">C\u00f3, ch\u1ee9ng nh\u1eadn BSW bao g\u1ed3m ki\u1ebfn th\u1ee9c v\u1ec1 c\u00f4ng ngh\u1ec7 v\u1ee3t d\u00e0nh ri\u00eang cho c\u1ea7u l\u00f4ng, tennis v\u00e0 squash.<\/p>\n\n<\/div>\n<\/div>\n\n<div class=\"gb-container gb-container-dcf6e123\">\n<div class=\"gb-container gb-container-0a32c8df\">\n\n<h3 class=\"gb-headline gb-headline-3402a474 gb-headline-text\"><span class=\"ez-toc-section\" id=\"Chung_nhan_BSW_dap_ung_nhu_cau_cua_nguoi_choi_nhu_the_nao\"><\/span><strong>Ch\u1ee9ng nh\u1eadn BSW \u0111\u00e1p \u1ee9ng <mark style=\"background-color:rgba(0, 0, 0, 0)\" class=\"has-inline-color has-global-color-9-color\">nhu c\u1ea7u c\u1ee7a ng\u01b0\u1eddi ch\u01a1i<\/mark> nh\u01b0 th\u1ebf n\u00e0o?<\/strong><span class=\"ez-toc-section-end\"><\/span><\/h3>\n\n\n\n<p class=\"gb-headline gb-headline-b2d473bc gb-headline-text\">Ch\u1ee9ng nh\u1eadn BSW \u0111\u1ea3m b\u1ea3o s\u1ef1 am hi\u1ec3u v\u1ec1 nhu c\u1ea7u c\u1ee7a ng\u01b0\u1eddi ch\u01a1i trong c\u00e1c m\u00f4n th\u1ec3 thao d\u00f9ng v\u1ee3t kh\u00e1c nhau.<\/p>\n\n<\/div>\n<\/div>\n\n<div class=\"gb-container gb-container-8ac5ebbf\">\n<div class=\"gb-container gb-container-5f1551dd\">\n\n<h3 class=\"gb-headline gb-headline-2062a1ca gb-headline-text\"><span class=\"ez-toc-section\" id=\"Chung_nhan_BSW_co_bao_gom_cac_phuong_phap_kinh_doanh_khong\"><\/span><strong>Ch\u1ee9ng nh\u1eadn BSW c\u00f3 bao g\u1ed3m c\u00e1c <mark style=\"background-color:rgba(0, 0, 0, 0)\" class=\"has-inline-color has-global-color-9-color\">ph\u01b0\u01a1ng ph\u00e1p kinh doanh<\/mark> kh\u00f4ng?<\/strong><span class=\"ez-toc-section-end\"><\/span><\/h3>\n\n\n\n<p class=\"gb-headline gb-headline-0020ca67 gb-headline-text\">C\u00f3, ch\u1ee9ng nh\u1eadn BSW bao g\u1ed3m c\u00e1c ph\u01b0\u01a1ng ph\u00e1p kinh doanh c\u00f3 \u0111\u1ea1o \u0111\u1ee9c nh\u01b0 m\u1ed9t ph\u1ea7n c\u1ee7a ch\u01b0\u01a1ng tr\u00ecnh.<\/p>\n\n<\/div>\n<\/div>\n\n<div class=\"gb-container gb-container-f2403813\">\n<div class=\"gb-container gb-container-7d2783cc\">\n\n<h3 class=\"gb-headline gb-headline-999574a7 gb-headline-text\"><span class=\"ez-toc-section\" id=\"Viec_hoc_hoi_khong_ngung_co_phai_la_mot_phan_cua_chung_nhan_BSW_khong\"><\/span><strong><mark style=\"background-color:rgba(0, 0, 0, 0)\" class=\"has-inline-color has-global-color-9-color\">Vi\u1ec7c h\u1ecdc h\u1ecfi kh\u00f4ng ng\u1eebng<\/mark> c\u00f3 ph\u1ea3i l\u00e0 m\u1ed9t ph\u1ea7n c\u1ee7a ch\u1ee9ng nh\u1eadn BSW kh\u00f4ng?<\/strong><span class=\"ez-toc-section-end\"><\/span><\/h3>\n\n\n\n<p class=\"gb-headline gb-headline-505dd667 gb-headline-text\">Ch\u1eafc ch\u1eafn r\u1ed3i. Ch\u1ee9ng nh\u1eadn BSW nh\u1ea5n m\u1ea1nh vi\u1ec7c ph\u00e1t tri\u1ec3n chuy\u00ean m\u00f4n li\u00ean t\u1ee5c cho c\u00e1c th\u1ee3 \u0111an v\u1ee3t \u0111\u01b0\u1ee3c ch\u1ee9ng nh\u1eadn qu\u1ed1c t\u1ebf.<\/p>\n\n<\/div>\n<\/div>\n\n\n<figure class=\"gb-block-image gb-block-image-7091db9d\"><img loading=\"lazy\" decoding=\"async\" width=\"898\" height=\"536\" class=\"gb-image gb-image-7091db9d\" src=\"https:\/\/beststringer.com\/wp-content\/uploads\/2024\/10\/BSW-Certification-Stringer-Racquet-Stringing.png\" alt=\"Ch\u1ee9ng nh\u1eadn Th\u1ee3 \u0111an v\u1ee3t BSW cho d\u1ecbch v\u1ee5 \u0111an c\u01b0\u1edbc v\u1ee3t chuy\u00ean nghi\u1ec7p t\u1ea1i {{CITY_LOCAL}}, {{COUNTRY_LOCAL}}\" title=\"Ch\u1ee9ng nh\u1eadn Th\u1ee3 \u0111an v\u1ee3t BSW cho d\u1ecbch v\u1ee5 \u0111an c\u01b0\u1edbc v\u1ee3t chuy\u00ean nghi\u1ec7p t\u1ea1i {{CITY_LOCAL}}, {{COUNTRY_LOCAL}}\" srcset=\"https:\/\/beststringer.com\/wp-content\/uploads\/2024\/10\/BSW-Certification-Stringer-Racquet-Stringing.png 898w, https:\/\/beststringer.com\/wp-content\/uploads\/2024\/10\/BSW-Certification-Stringer-Racquet-Stringing-300x179.png 300w, https:\/\/beststringer.com\/wp-content\/uploads\/2024\/10\/BSW-Certification-Stringer-Racquet-Stringing-768x458.png 768w\" sizes=\"auto, (max-width: 898px) 100vw, 898px\" \/><\/figure>\n\n<\/div>\n\n<section class=\"gb-container gb-container-21e3c652\">\n<div class=\"gb-container gb-container-11344779\">\n\n<h3 class=\"gb-headline gb-headline-39f4cce2 gb-headline-text\"><span class=\"ez-toc-section\" id=\"Tim_hieu_ve_Chung_nhan_Tho_dan_vot_BSW\"><\/span>T\u00ecm hi\u1ec3u v\u1ec1 Ch\u1ee9ng nh\u1eadn Th\u1ee3 \u0111an v\u1ee3t BSW<span class=\"ez-toc-section-end\"><\/span><\/h3>\n\n\n\n<p class=\"gb-headline gb-headline-c6c5990e gb-headline-text\">Video n\u00e0y gi\u1ea3i th\u00edch v\u1ec1 Ch\u1ee9ng nh\u1eadn Th\u1ee3 \u0111an v\u1ee3t BSW cho c\u1ea7u l\u00f4ng, tennis v\u00e0 squash. T\u00ecm hi\u1ec3u nh\u1eefng k\u1ef9 n\u0103ng m\u00e0 th\u1ee3 \u0111an v\u1ee3t \u0111\u01b0\u1ee3c ch\u1ee9ng nh\u1eadn qu\u1ed1c t\u1ebf ph\u1ea3i th\u1ec3 hi\u1ec7n, bao g\u1ed3m kh\u1ea3 n\u0103ng \u0111an c\u01b0\u1edbc k\u1ef9 thu\u1eadt, ki\u1ebfn th\u1ee9c c\u00f4ng ngh\u1ec7 v\u1ee3t v\u00e0 s\u1ef1 am hi\u1ec3u v\u1ec1 nhu c\u1ea7u c\u1ee7a ng\u01b0\u1eddi ch\u01a1i.<\/p>\n\n\n<div class=\"gb-container gb-container-ec1a2ce6\">\n<div class=\"gb-container gb-container-238a634b\"><\/div>\n<\/div>\n\n\n<div id=\"youtube-player\"><\/div>\n<script>\n  var videoLoaded = false;\n\n  function loadYouTubeVideo() {\n    if (videoLoaded) return;\n    videoLoaded = true;\n    var tag = document.createElement('script');\n    tag.src = \"https:\/\/www.youtube.com\/iframe_api\";\n    var firstScriptTag = document.getElementsByTagName('script')[0];\n    firstScriptTag.parentNode.insertBefore(tag, firstScriptTag);\n  }\n\n  function onYouTubeIframeAPIReady() {\n    new YT.Player('youtube-player', {\n      height: '360',\n      width: '640',\n      videoId: '4CKR-Ghjfes', \/\/ Your video ID\n      events: {\n        'onReady': onPlayerReady\n      }\n    });\n  }\n\n  function onPlayerReady(event) {\n    \/\/ Video is ready to play\n  }\n\n  \/\/ Load the YouTube API script when the page is scrolled\n  window.addEventListener('scroll', loadYouTubeVideo, { once: true });\n\n  \/\/ Also load if the user hasn't scrolled after 3 seconds\n  setTimeout(loadYouTubeVideo, 3000);\n<\/script>\n\n<\/div>\n<\/section>\n\n<section class=\"gb-container gb-container-49b9586e\">\n<div class=\"gb-container gb-container-a2e9522c\"><\/div>\n\n<div class=\"gb-container gb-container-0e11192a\">\n\n<h3 class=\"gb-headline gb-headline-5cf408ee gb-headline-text\"><span class=\"ez-toc-section\" id=\"Quy_trinh_Chung_nhan_BSW\"><\/span>Quy tr\u00ecnh Ch\u1ee9ng nh\u1eadn BSW<span class=\"ez-toc-section-end\"><\/span><\/h3>\n\n\n<div class=\"gb-container gb-container-daaa2e63\">\n<div class=\"gb-container gb-container-bda621fe\"><\/div>\n\n<div class=\"gb-container gb-container-4b0ac72b\"><\/div>\n<\/div>\n\n\n<p class=\"gb-headline gb-headline-edf98545 gb-headline-text\">Th\u00f4ng qua quy tr\u00ecnh \u0111\u00e1nh gi\u00e1 nghi\u00eam ng\u1eb7t v\u00e0 t\u00e1i ch\u1ee9ng nh\u1eadn \u0111\u1ecbnh k\u1ef3, BSW \u0111\u1ea3m b\u1ea3o r\u1eb1ng c\u00e1c th\u1ee3 \u0111an v\u1ee3t \u0111\u01b0\u1ee3c ch\u1ee9ng nh\u1eadn qu\u1ed1c t\u1ebf duy tr\u00ec c\u00e1c ti\u00eau chu\u1ea9n cao nh\u1ea5t trong ng\u00e0nh, mang l\u1ea1i l\u1ee3i \u00edch cho ng\u01b0\u1eddi ch\u01a1i v\u00e0 to\u00e0n th\u1ec3 c\u1ed9ng \u0111\u1ed3ng th\u1ec3 thao d\u00f9ng v\u1ee3t.<\/p>\n\n\n\n<a class=\"gb-button gb-button-a29641e0 gb-button-text\" href=\"https:\/\/beststringer.com\/vi\/stringing-certificate\/\">T\u00ccM HI\u1ec2U TH\u00caM<\/a>\n\n<\/div>\n<\/section>","protected":false},"excerpt":{"rendered":"<p>Ch\u1ee9ng nh\u1eadn Th\u1ee3 \u0111an v\u1ee3t BSW l\u00e0 g\u00ec? Ch\u1ee9ng nh\u1eadn BSW n\u00e2ng cao uy t\u00edn c\u1ee7a c\u00e1c d\u1ecbch v\u1ee5 \u0111an c\u01b0\u1edbc v\u1ee3t c\u1ea7u l\u00f4ng, tennis v\u00e0 squash b\u1eb1ng c\u00e1ch cung c\u1ea5p s\u1ef1 \u0111\u1ea3m b\u1ea3o \u0111\u1ed9c l\u1eadp, \u0111\u00e1ng tin c\u1eady r\u1eb1ng c\u00e1c d\u1ecbch v\u1ee5 n\u00e0y \u0111\u01b0\u1ee3c th\u1ef1c hi\u1ec7n chuy\u00ean nghi\u1ec7p v\u00e0 \u0111\u00e1p \u1ee9ng c\u00e1c ti\u00eau chu\u1ea9n &#8230; <a title=\"Ch\u1ee9ng Nh\u1eadn BSW\" class=\"read-more\" href=\"https:\/\/beststringer.com\/vi\/about-bsw-certification\/\" aria-label=\"Read more about Ch\u1ee9ng Nh\u1eadn BSW\">Read more<\/a><\/p>\n","protected":false},"author":1,"featured_media":0,"parent":0,"menu_order":0,"comment_status":"closed","ping_status":"closed","template":"","meta":{"footnotes":""},"class_list":{"0":"post-38668","1":"page","2":"type-page","3":"status-publish","5":"infinite-scroll-item"},"_links":{"self":[{"href":"https:\/\/beststringer.com\/vi\/wp-json\/wp\/v2\/pages\/38668","targetHints":{"allow":["GET"]}}],"collection":[{"href":"https:\/\/beststringer.com\/vi\/wp-json\/wp\/v2\/pages"}],"about":[{"href":"https:\/\/beststringer.com\/vi\/wp-json\/wp\/v2\/types\/page"}],"author":[{"embeddable":true,"href":"https:\/\/beststringer.com\/vi\/wp-json\/wp\/v2\/users\/1"}],"replies":[{"embeddable":true,"href":"https:\/\/beststringer.com\/vi\/wp-json\/wp\/v2\/comments?post=38668"}],"version-history":[{"count":0,"href":"https:\/\/beststringer.com\/vi\/wp-json\/wp\/v2\/pages\/38668\/revisions"}],"wp:attachment":[{"href":"https:\/\/beststringer.com\/vi\/wp-json\/wp\/v2\/media?parent=38668"}],"curies":[{"name":"wp","href":"https:\/\/api.w.org\/{rel}","templated":true}]}}