{"id":38569,"date":"2024-08-01T13:14:36","date_gmt":"2024-08-01T13:14:36","guid":{"rendered":"https:\/\/beststringer.com\/certification-integrity\/"},"modified":"2025-09-25T05:12:57","modified_gmt":"2025-09-25T05:12:57","slug":"certification-integrity","status":"publish","type":"page","link":"https:\/\/beststringer.com\/vi\/certification-integrity\/","title":{"rendered":"Ch\u1ee9ng Nh\u1eadn BSW"},"content":{"rendered":"<div class=\"gb-container gb-container-f66bc834\">\n<div class=\"gb-container gb-container-3423e27e\">\n<div class=\"gb-container gb-container-4ea2fbf1\">\n<div id=\"ez-toc-container\" class=\"ez-toc-v2_0_82_2 ez-toc-wrap-left counter-hierarchy ez-toc-counter ez-toc-custom ez-toc-container-direction\">\n<div class=\"ez-toc-title-container\">\n<p class=\"ez-toc-title\" style=\"cursor:inherit\">Topics<\/p>\n<span class=\"ez-toc-title-toggle\"><a href=\"#\" class=\"ez-toc-pull-right ez-toc-btn ez-toc-btn-xs ez-toc-btn-default ez-toc-toggle\" aria-label=\"Toggle Table of Content\"><span class=\"ez-toc-js-icon-con\"><span class=\"\"><span class=\"eztoc-hide\" style=\"display:none;\">Toggle<\/span><span class=\"ez-toc-icon-toggle-span\"><svg style=\"fill: #ffffff;color:#ffffff\" xmlns=\"http:\/\/www.w3.org\/2000\/svg\" class=\"list-377408\" width=\"20px\" height=\"20px\" viewBox=\"0 0 24 24\" fill=\"none\"><path d=\"M6 6H4v2h2V6zm14 0H8v2h12V6zM4 11h2v2H4v-2zm16 0H8v2h12v-2zM4 16h2v2H4v-2zm16 0H8v2h12v-2z\" fill=\"currentColor\"><\/path><\/svg><svg style=\"fill: #ffffff;color:#ffffff\" class=\"arrow-unsorted-368013\" xmlns=\"http:\/\/www.w3.org\/2000\/svg\" width=\"10px\" height=\"10px\" viewBox=\"0 0 24 24\" version=\"1.2\" baseProfile=\"tiny\"><path d=\"M18.2 9.3l-6.2-6.3-6.2 6.3c-.2.2-.3.4-.3.7s.1.5.3.7c.2.2.4.3.7.3h11c.3 0 .5-.1.7-.3.2-.2.3-.5.3-.7s-.1-.5-.3-.7zM5.8 14.7l6.2 6.3 6.2-6.3c.2-.2.3-.5.3-.7s-.1-.5-.3-.7c-.2-.2-.4-.3-.7-.3h-11c-.3 0-.5.1-.7.3-.2.2-.3.5-.3.7s.1.5.3.7z\"\/><\/svg><\/span><\/span><\/span><\/a><\/span><\/div>\n<nav><ul class='ez-toc-list ez-toc-list-level-1 eztoc-toggle-hide-by-default' ><li class='ez-toc-page-1 ez-toc-heading-level-2'><a class=\"ez-toc-link ez-toc-heading-1\" href=\"https:\/\/beststringer.com\/vi\/certification-integrity\/#Bao_ve_Nguoi_choi_va_Duy_tri_Su_xuat_sac_cua_Tho_dan_vot\" >B\u1ea3o v\u1ec7 Ng\u01b0\u1eddi ch\u01a1i v\u00e0 Duy tr\u00ec S\u1ef1 xu\u1ea5t s\u1eafc c\u1ee7a Th\u1ee3 \u0111an v\u1ee3t<\/a><ul class='ez-toc-list-level-3' ><li class='ez-toc-heading-level-3'><a class=\"ez-toc-link ez-toc-heading-2\" href=\"https:\/\/beststringer.com\/vi\/certification-integrity\/#1_Cai_tien_Lien_tuc_va_Tai_chung_nhan\" >1. C\u1ea3i ti\u1ebfn Li\u00ean t\u1ee5c v\u00e0 T\u00e1i ch\u1ee9ng nh\u1eadn<\/a><\/li><li class='ez-toc-page-1 ez-toc-heading-level-3'><a class=\"ez-toc-link ez-toc-heading-3\" href=\"https:\/\/beststringer.com\/vi\/certification-integrity\/#2_Cac_Bien_phap_Bao_ve_Nguoi_choi\" >2. C\u00e1c Bi\u1ec7n ph\u00e1p B\u1ea3o v\u1ec7 Ng\u01b0\u1eddi ch\u01a1i<\/a><\/li><li class='ez-toc-page-1 ez-toc-heading-level-3'><a class=\"ez-toc-link ez-toc-heading-4\" href=\"https:\/\/beststringer.com\/vi\/certification-integrity\/#21_Bao_cao_Hanh_vi_sai_trai\" >2.1 B\u00e1o c\u00e1o H\u00e0nh vi sai tr\u00e1i<\/a><\/li><li class='ez-toc-page-1 ez-toc-heading-level-3'><a class=\"ez-toc-link ez-toc-heading-5\" href=\"https:\/\/beststringer.com\/vi\/certification-integrity\/#22_Quy_trinh_Dieu_tra\" >2.2 Quy tr\u00ecnh \u0110i\u1ec1u tra<\/a><\/li><li class='ez-toc-page-1 ez-toc-heading-level-3'><a class=\"ez-toc-link ez-toc-heading-6\" href=\"https:\/\/beststringer.com\/vi\/certification-integrity\/#23_Cac_bien_phap_Ky_luat\" >2.3 C\u00e1c bi\u1ec7n ph\u00e1p K\u1ef7 lu\u1eadt<\/a><\/li><li class='ez-toc-page-1 ez-toc-heading-level-3'><a class=\"ez-toc-link ez-toc-heading-7\" href=\"https:\/\/beststringer.com\/vi\/certification-integrity\/#3_Cam_ket_ve_Su_xuat_sac\" >3. Cam k\u1ebft v\u1ec1 S\u1ef1 xu\u1ea5t s\u1eafc<\/a><\/li><li class='ez-toc-page-1 ez-toc-heading-level-3'><a class=\"ez-toc-link ez-toc-heading-8\" href=\"https:\/\/beststringer.com\/vi\/certification-integrity\/#Tinh_Liem_chinh_trong_Chung_nhan_cua_BSW\" >T\u00ednh Li\u00eam ch\u00ednh trong Ch\u1ee9ng nh\u1eadn c\u1ee7a BSW<\/a><\/li><li class='ez-toc-page-1 ez-toc-heading-level-3'><a class=\"ez-toc-link ez-toc-heading-9\" href=\"https:\/\/beststringer.com\/vi\/certification-integrity\/#Tham_gia_Cong_dong_BSW\" >Tham gia C\u1ed9ng \u0111\u1ed3ng BSW<\/a><\/li><\/ul><\/li><\/ul><\/nav><\/div>\n\n\n\n\n<h2 class=\"gb-headline gb-headline-79589317 gb-headline-text\"><span class=\"ez-toc-section\" id=\"Bao_ve_Nguoi_choi_va_Duy_tri_Su_xuat_sac_cua_Tho_dan_vot\"><\/span>B\u1ea3o v\u1ec7 Ng\u01b0\u1eddi ch\u01a1i v\u00e0 Duy tr\u00ec <mark style=\"background-color:rgba(0, 0, 0, 0)\" class=\"has-inline-color has-global-color-9-color\">S\u1ef1 xu\u1ea5t s\u1eafc c\u1ee7a Th\u1ee3 \u0111an v\u1ee3t<\/mark><span class=\"ez-toc-section-end\"><\/span><\/h2>\n\n\n\n<p class=\"gb-headline gb-headline-d07d49cf gb-headline-text\">BSW \u0111\u1ea3m b\u1ea3o d\u1ecbch v\u1ee5 \u0111an c\u01b0\u1edbc v\u1ee3t ch\u1ea5t l\u01b0\u1ee3ng cao th\u00f4ng qua c\u00e1c ti\u00eau chu\u1ea9n ch\u1ee9ng nh\u1eadn nghi\u00eam ng\u1eb7t v\u00e0 b\u1ed9 quy t\u1eafc \u1ee9ng x\u1eed ch\u1eb7t ch\u1ebd. Ch\u00fang t\u00f4i b\u1ea3o v\u1ec7 quy\u1ec1n l\u1ee3i c\u1ee7a ng\u01b0\u1eddi ch\u01a1i v\u00e0 duy tr\u00ec s\u1ef1 xu\u1ea5t s\u1eafc c\u1ee7a th\u1ee3 \u0111an v\u1ee3t th\u00f4ng qua vi\u1ec7c t\u00e1i ch\u1ee9ng nh\u1eadn \u0111\u1ecbnh k\u1ef3, h\u1ec7 th\u1ed1ng b\u00e1o c\u00e1o b\u1ea3o m\u1eadt v\u00e0 c\u00e1c cu\u1ed9c \u0111i\u1ec1u tra k\u1ef9 l\u01b0\u1ee1ng \u0111\u1ed1i v\u1edbi b\u1ea5t k\u1ef3 v\u1ea5n \u0111\u1ec1 n\u00e0o \u0111\u01b0\u1ee3c b\u00e1o c\u00e1o.<\/p>\n\n<\/div>\n<\/div>\n\n<div class=\"gb-container gb-container-37db13f4\">\n<div class=\"gb-container gb-container-3021f73c\">\n\n<h3 class=\"gb-headline gb-headline-e5c79f72 gb-headline-text\"><span class=\"ez-toc-section\" id=\"1_Cai_tien_Lien_tuc_va_Tai_chung_nhan\"><\/span>1. <strong>C\u1ea3i ti\u1ebfn Li\u00ean t\u1ee5c v\u00e0 <mark style=\"background-color:rgba(0, 0, 0, 0)\" class=\"has-inline-color has-global-color-9-color\">T\u00e1i ch\u1ee9ng nh\u1eadn<\/mark><\/strong><span class=\"ez-toc-section-end\"><\/span><\/h3>\n\n\n\n<p class=\"gb-headline gb-headline-7d760a3f gb-headline-text\">T\u1ea1i Best Stringer Worldwide (BSW), ch\u00fang t\u00f4i cam k\u1ebft duy tr\u00ec c\u00e1c ti\u00eau chu\u1ea9n cao nh\u1ea5t trong l\u0129nh v\u1ef1c \u0111an c\u01b0\u1edbc v\u1ee3t. \u0110\u1ec3 \u0111\u1ea3m b\u1ea3o c\u00e1c Th\u1ee3 \u0111an v\u1ee3t \u0111\u01b0\u1ee3c ch\u1ee9ng nh\u1eadn qu\u1ed1c t\u1ebf c\u1ee7a ch\u00fang t\u00f4i lu\u00f4n \u0111i \u0111\u1ea7u trong c\u00e1c ph\u00e1t tri\u1ec3n c\u1ee7a ng\u00e0nh:<\/p>\n\n\n\n<p>T\u1ea5t c\u1ea3 Th\u1ee3 \u0111an v\u1ee3t \u0111\u01b0\u1ee3c ch\u1ee9ng nh\u1eadn qu\u1ed1c t\u1ebf c\u1ee7a BSW ph\u1ea3i tr\u1ea3i qua k\u1ef3 t\u00e1i ch\u1ee9ng nh\u1eadn m\u1ed7i n\u0103m m\u1ed9t l\u1ea7n. K\u1ef3 t\u00e1i ch\u1ee9ng nh\u1eadn bao g\u1ed3m c\u00e1c b\u00e0i \u0111\u00e1nh gi\u00e1 v\u1ec1:<br><strong>1.1<\/strong> C\u00f4ng ngh\u1ec7 m\u1edbi nh\u1ea5t trong m\u00f4n th\u1ec3 thao v\u1ee3t<br><strong>1.2<\/strong> K\u1ef9 thu\u1eadt \u0111an c\u01b0\u1edbc v\u1ee3t n\u00e2ng cao<br><strong>1.3<\/strong> K\u1ef9 n\u0103ng d\u1ecbch v\u1ee5 kh\u00e1ch h\u00e0ng<br><strong>1.4<\/strong> Quy t\u1eafc kinh doanh c\u00f3 \u0111\u1ea1o \u0111\u1ee9c<br>Vi\u1ec7c kh\u00f4ng ho\u00e0n th\u00e0nh t\u00e1i ch\u1ee9ng nh\u1eadn s\u1ebd d\u1eabn \u0111\u1ebfn vi\u1ec7c \u0111\u00ecnh ch\u1ec9 tr\u1ea1ng th\u00e1i ch\u1ee9ng nh\u1eadn c\u1ee7a BSW.<\/p>\n\n<\/div>\n<\/div>\n\n<div class=\"gb-container gb-container-8072e76b\">\n<div class=\"gb-container gb-container-eabf3753\">\n\n<h3 class=\"gb-headline gb-headline-0ad93116 gb-headline-text\"><span class=\"ez-toc-section\" id=\"2_Cac_Bien_phap_Bao_ve_Nguoi_choi\"><\/span><strong>2. C\u00e1c Bi\u1ec7n ph\u00e1p <mark style=\"background-color:rgba(0, 0, 0, 0)\" class=\"has-inline-color has-global-color-9-color\">B\u1ea3o v\u1ec7<\/mark> Ng\u01b0\u1eddi ch\u01a1i<\/strong><span class=\"ez-toc-section-end\"><\/span><\/h3>\n\n\n\n<p class=\"gb-headline gb-headline-0e4cbc73 gb-headline-text\">BSW r\u1ea5t coi tr\u1ecdng t\u00ednh ch\u00ednh tr\u1ef1c c\u1ee7a ch\u1ee9ng nh\u1eadn c\u1ee7a ch\u00fang t\u00f4i. Ch\u00fang t\u00f4i \u0111\u00e3 thi\u1ebft l\u1eadp c\u00e1c quy tr\u00ecnh nghi\u00eam ng\u1eb7t \u0111\u1ec3 b\u1ea3o v\u1ec7 ng\u01b0\u1eddi ch\u01a1i s\u1eed d\u1ee5ng d\u1ecbch v\u1ee5 c\u1ee7a c\u00e1c Th\u1ee3 \u0111an v\u1ee3t \u0111\u01b0\u1ee3c ch\u1ee9ng nh\u1eadn qu\u1ed1c t\u1ebf c\u1ee7a BSW:<\/p>\n\n<\/div>\n<\/div>\n\n<div class=\"gb-container gb-container-90ecf704\">\n<div class=\"gb-container gb-container-5939e332\">\n\n<h3 class=\"gb-headline gb-headline-fd44004c gb-headline-text\"><span class=\"ez-toc-section\" id=\"21_Bao_cao_Hanh_vi_sai_trai\"><\/span><strong>2.1 B\u00e1o c\u00e1o <mark style=\"background-color:rgba(0, 0, 0, 0)\" class=\"has-inline-color has-global-color-9-color\">H\u00e0nh vi sai tr\u00e1i<\/mark><\/strong><span class=\"ez-toc-section-end\"><\/span><\/h3>\n\n\n\n<p class=\"gb-headline gb-headline-053891c0 gb-headline-text\">Ng\u01b0\u1eddi Gh\u00e9 th\u0103m Trang web gi\u00fap \u0111\u00e1nh gi\u00e1 m\u00f4i tr\u01b0\u1eddng l\u00e0m vi\u1ec7c v\u00e0 d\u1ecbch v\u1ee5 kh\u00e1ch h\u00e0ng c\u1ee7a c\u00e1c th\u1ee3 \u0111an v\u1ee3t \u0111\u01b0\u1ee3c ch\u1ee9ng nh\u1eadn qu\u1ed1c t\u1ebf. Vai tr\u00f2 n\u00e0y bao g\u1ed3m vi\u1ec7c \u0111\u1ebfn c\u00e1c \u0111\u1ecba \u0111i\u1ec3m \u0111an v\u1ee3t v\u00e0 quan s\u00e1t c\u00e1ch c\u00e1c th\u1ee3 \u0111an v\u1ee3t \u0111\u01b0\u1ee3c ch\u1ee9ng nh\u1eadn qu\u1ed1c t\u1ebf t\u01b0\u01a1ng t\u00e1c v\u1edbi kh\u00e1ch h\u00e0ng v\u00e0 duy tr\u00ec kh\u00f4ng gian l\u00e0m vi\u1ec7c c\u1ee7a h\u1ecd.<\/p>\n\n\n\n<p>Ng\u01b0\u1eddi ch\u01a1i g\u1eb7p v\u1ea5n \u0111\u1ec1 v\u1edbi c\u00e1c Th\u1ee3 \u0111an v\u1ee3t \u0111\u01b0\u1ee3c ch\u1ee9ng nh\u1eadn qu\u1ed1c t\u1ebf c\u1ee7a BSW c\u00f3 th\u1ec3 g\u1eedi khi\u1ebfu n\u1ea1i b\u1ea3o m\u1eadt th\u00f4ng qua c\u1ed5ng th\u00f4ng tin tr\u1ef1c tuy\u1ebfn an to\u00e0n c\u1ee7a ch\u00fang t\u00f4i. C\u00e1c v\u1ea5n \u0111\u1ec1 c\u00f3 th\u1ec3 b\u00e1o c\u00e1o bao g\u1ed3m:<\/p>\n\n\n<div class=\"gb-container gb-container-86f37ad3\">\n\n<p>1. D\u1ecbch v\u1ee5 kh\u00e1ch h\u00e0ng k\u00e9m ho\u1eb7c h\u00e0nh vi kh\u00f4ng chuy\u00ean nghi\u1ec7p<br>2. Ch\u1ea5t l\u01b0\u1ee3ng \u0111an c\u01b0\u1edbc v\u1ee3t kh\u00f4ng \u0111\u1ea1t chu\u1ea9n<br>3. H\u00e0nh vi kh\u00f4ng trung th\u1ef1c (v\u00ed d\u1ee5: tr\u00ecnh b\u00e0y sai v\u1ec1 lo\u1ea1i c\u01b0\u1edbc, cung c\u1ea5p th\u00f4ng tin sai l\u1ec7ch)<br>4. S\u1eed d\u1ee5ng c\u00e1c k\u1ef9 thu\u1eadt b\u1ecb c\u1ea5m (v\u00ed d\u1ee5: \u0111an c\u01b0\u1edbc tr\u01b0\u1edbc, kh\u00f4ng l\u00e0m tr\u1ed1ng khung v\u1ee3t)<\/p>\n\n<\/div>\n<\/div>\n<\/div>\n\n<div class=\"gb-container gb-container-bc7f3ef7\">\n<div class=\"gb-container gb-container-c402b7cb\">\n\n<h3 class=\"gb-headline gb-headline-9ac68257 gb-headline-text\"><span class=\"ez-toc-section\" id=\"22_Quy_trinh_Dieu_tra\"><\/span><strong>2.2 Quy tr\u00ecnh <mark style=\"background-color:rgba(0, 0, 0, 0)\" class=\"has-inline-color has-global-color-9-color\">\u0110i\u1ec1u tra<\/mark><\/strong><span class=\"ez-toc-section-end\"><\/span><\/h3>\n\n\n\n<p class=\"gb-headline gb-headline-99f4af0d gb-headline-text\">Sau khi nh\u1eadn \u0111\u01b0\u1ee3c khi\u1ebfu n\u1ea1i:<br>1. M\u1ed9t b\u00e1o c\u00e1o \u0111i\u1ec1u tra s\u1ebd \u0111\u01b0\u1ee3c l\u1eadp.<br>2. BSW s\u1ebd ti\u1ebfn h\u00e0nh m\u1ed9t cu\u1ed9c \u0111i\u1ec1u tra b\u1ea3o m\u1eadt.<br>3. \u0110\u1ed9i ng\u0169 c\u1ee7a ch\u00fang t\u00f4i s\u1ebd ti\u1ebfn h\u00e0nh ki\u1ec3m tra \u0111\u1ed9t xu\u1ea5t \u0111\u1ed1i v\u1edbi th\u1ee3 \u0111an v\u1ee3t ho\u1eb7c c\u01a1 s\u1edf.<br>4. Vi\u1ec7c xem x\u00e9t k\u1ef9 l\u01b0\u1ee1ng c\u00e1c ph\u01b0\u01a1ng ph\u00e1p l\u00e0m vi\u1ec7c c\u1ee7a th\u1ee3 \u0111an v\u1ee3t s\u1ebd \u0111\u01b0\u1ee3c th\u1ef1c hi\u1ec7n.<\/p>\n\n<\/div>\n<\/div>\n\n<div class=\"gb-container gb-container-0bc9ddf8\">\n<div class=\"gb-container gb-container-4a1593e5\">\n\n<h3 class=\"gb-headline gb-headline-f300e849 gb-headline-text\"><span class=\"ez-toc-section\" id=\"23_Cac_bien_phap_Ky_luat\"><\/span><strong>2.3 C\u00e1c bi\u1ec7n ph\u00e1p <mark style=\"background-color:rgba(0, 0, 0, 0)\" class=\"has-inline-color has-global-color-9-color\">K\u1ef7 lu\u1eadt<\/mark><\/strong><span class=\"ez-toc-section-end\"><\/span><\/h3>\n\n\n<div class=\"gb-container gb-container-1e94798b\">\n\n<p>N\u1ebfu vi ph\u1ea1m \u0111\u01b0\u1ee3c x\u00e1c nh\u1eadn, BSW c\u00f3 th\u1ec3 th\u1ef1c hi\u1ec7n c\u00e1c h\u00e0nh \u0111\u1ed9ng sau:<br>1. Thu h\u1ed3i ch\u1ee9ng nh\u1eadn v\u0129nh vi\u1ec5n<br>2. \u0110\u01b0a ra c\u1ea3nh c\u00e1o<br>3. Y\u00eau c\u1ea7u \u0111\u00e0o t\u1ea1o b\u1ed5 sung<br>4. T\u1ea1m th\u1eddi \u0111\u00ecnh ch\u1ec9 ch\u1ee9ng nh\u1eadn<br>5. Thu h\u1ed3i ch\u1ee9ng nh\u1eadn v\u0129nh vi\u1ec5n<br>T\u1ea5t c\u1ea3 c\u00e1c bi\u1ec7n ph\u00e1p k\u1ef7 lu\u1eadt s\u1ebd \u0111\u01b0\u1ee3c ghi l\u1ea1i trong c\u01a1 s\u1edf d\u1eef li\u1ec7u c\u00f4ng khai c\u1ee7a BSW.<\/p>\n\n<\/div>\n<\/div>\n<\/div>\n\n<div class=\"gb-container gb-container-8ae3b9c0\">\n<div class=\"gb-container gb-container-0033085e\">\n\n<h3 class=\"gb-headline gb-headline-89f46c83 gb-headline-text\"><span class=\"ez-toc-section\" id=\"3_Cam_ket_ve_Su_xuat_sac\"><\/span><strong>3. Cam k\u1ebft v\u1ec1 <mark style=\"background-color:rgba(0, 0, 0, 0)\" class=\"has-inline-color has-global-color-9-color\">S\u1ef1 xu\u1ea5t s\u1eafc<\/mark><\/strong><span class=\"ez-toc-section-end\"><\/span><\/h3>\n\n\n\n<p>C\u00e1c ti\u00eau chu\u1ea9n nghi\u00eam ng\u1eb7t v\u00e0 bi\u1ec7n ph\u00e1p b\u1ea3o v\u1ec7 c\u1ee7a BSW \u0111\u1ea3m b\u1ea3o ng\u01b0\u1eddi ch\u01a1i c\u00f3 th\u1ec3 tin t\u01b0\u1edfng v\u00e0o ch\u1ea5t l\u01b0\u1ee3ng v\u00e0 s\u1ef1 ch\u00ednh tr\u1ef1c c\u1ee7a c\u00e1c <strong>Th\u1ee3 \u0111an v\u1ee3t \u0111\u01b0\u1ee3c ch\u1ee9ng nh\u1eadn qu\u1ed1c t\u1ebf<\/strong> c\u1ee7a ch\u00fang t\u00f4i. Ch\u00fang t\u00f4i t\u1eadn t\u00e2m duy tr\u00ec m\u1ee9c \u0111\u1ed9 chuy\u00ean nghi\u1ec7p v\u00e0 chuy\u00ean m\u00f4n cao nh\u1ea5t trong ng\u00e0nh \u0111an c\u01b0\u1edbc v\u1ee3t.<\/p>\n\n\n\n<p>\u0110\u1ed1i v\u1edbi b\u1ea5t k\u1ef3 th\u1eafc m\u1eafc n\u00e0o ho\u1eb7c \u0111\u1ec3 b\u00e1o c\u00e1o s\u1ef1 c\u1ed1, vui l\u00f2ng li\u00ean h\u1ec7 v\u1edbi B\u1ed9 ph\u1eadn Li\u00eam ch\u00ednh c\u1ee7a ch\u00fang t\u00f4i t\u1ea1i <strong><a href=\"mailto:issue.beststringer@gmail.com\">issue.beststringer@gmail.com<\/a><\/strong><\/p>\n\n\n\n<figure class=\"gb-block-image gb-block-image-a652a1eb\"><img loading=\"lazy\" decoding=\"async\" width=\"727\" height=\"489\" class=\"gb-image gb-image-a652a1eb\" src=\"https:\/\/beststringer.com\/wp-content\/uploads\/2024\/10\/Certification-Integrity-Best-Stringer-Worldwide.png\" alt=\"Bi\u1ec3u \u0111\u1ed3 th\u1ec3 hi\u1ec7n cam k\u1ebft c\u1ee7a BSW v\u1ec1 t\u00ednh li\u00eam ch\u00ednh trong ch\u1ee9ng nh\u1eadn th\u1ee3 \u0111an v\u1ee3t tr\u00ean to\u00e0n th\u1ebf gi\u1edbi.\" title=\"T\u00ednh Li\u00eam ch\u00ednh trong Ch\u1ee9ng nh\u1eadn c\u1ee7a Best Stringer Worldwide\" srcset=\"https:\/\/beststringer.com\/wp-content\/uploads\/2024\/10\/Certification-Integrity-Best-Stringer-Worldwide.png 727w, https:\/\/beststringer.com\/wp-content\/uploads\/2024\/10\/Certification-Integrity-Best-Stringer-Worldwide-300x202.png 300w\" sizes=\"auto, (max-width: 727px) 100vw, 727px\" \/><\/figure>\n\n<\/div>\n<\/div>\n<\/div>\n\n<section class=\"gb-container gb-container-21e3c652\">\n<div class=\"gb-container gb-container-11344779\">\n\n<h3 class=\"gb-headline gb-headline-39f4cce2 gb-headline-text\"><span class=\"ez-toc-section\" id=\"Tinh_Liem_chinh_trong_Chung_nhan_cua_BSW\"><\/span>T\u00ednh Li\u00eam ch\u00ednh trong Ch\u1ee9ng nh\u1eadn c\u1ee7a BSW<span class=\"ez-toc-section-end\"><\/span><\/h3>\n\n\n\n<p class=\"gb-headline gb-headline-c6c5990e gb-headline-text\">B\u1ea1n \u0111\u00e3 m\u1ec7t v\u00ec ph\u1ea3i \u0111\u1ecdc? Ch\u00fang t\u00f4i c\u00f3 gi\u1ea3i ph\u00e1p cho b\u1ea1n! H\u00e3y l\u1eafng nghe podcast c\u1ee7a ch\u00fang t\u00f4i \u0111\u1ec3 kh\u00e1m ph\u00e1 m\u1ed9t c\u00e1ch h\u1ea5p d\u1eabn v\u1ec1 cam k\u1ebft c\u1ee7a BSW \u0111\u1ed1i v\u1edbi t\u00ednh li\u00eam ch\u00ednh trong ch\u1ee9ng nh\u1eadn. Ch\u1ec9 trong v\u00e0i ph\u00fat, b\u1ea1n s\u1ebd hi\u1ec3u r\u00f5 c\u00e1ch ch\u00fang t\u00f4i duy tr\u00ec s\u1ef1 xu\u1ea5t s\u1eafc trong l\u0129nh v\u1ef1c \u0111an c\u01b0\u1edbc v\u1ee3t v\u00e0 b\u1ea3o v\u1ec7 quy\u1ec1n l\u1ee3i c\u1ee7a ng\u01b0\u1eddi ch\u01a1i.<\/p>\n\n\n<div class=\"gb-container gb-container-ec1a2ce6\">\n<div class=\"gb-container gb-container-238a634b\"><\/div>\n<\/div>\n\n\n<div id=\"youtube-player\"><\/div>\n<script>\n  var videoLoaded = false;\n\n  function loadYouTubeVideo() {\n    if (videoLoaded) return;\n    videoLoaded = true;\n    var tag = document.createElement('script');\n    tag.src = \"https:\/\/www.youtube.com\/iframe_api\";\n    var firstScriptTag = document.getElementsByTagName('script')[0];\n    firstScriptTag.parentNode.insertBefore(tag, firstScriptTag);\n  }\n\n  function onYouTubeIframeAPIReady() {\n    new YT.Player('youtube-player', {\n      height: '360',\n      width: '640',\n      videoId: 'u1pRyD3oepw', \/\/ Your video ID\n      events: {\n        'onReady': onPlayerReady\n      }\n    });\n  }\n\n  function onPlayerReady(event) {\n    \/\/ Video is ready to play\n  }\n\n  \/\/ Load the YouTube API script when the page is scrolled\n  window.addEventListener('scroll', loadYouTubeVideo, { once: true });\n\n  \/\/ Also load if the user hasn't scrolled after 3 seconds\n  setTimeout(loadYouTubeVideo, 3000);\n<\/script>\n\n<\/div>\n<\/section>\n\n<section class=\"gb-container gb-container-49b9586e\">\n<div class=\"gb-container gb-container-a2e9522c\"><\/div>\n\n<div class=\"gb-container gb-container-0e11192a\">\n\n<h3 class=\"gb-headline gb-headline-5cf408ee gb-headline-text\"><span class=\"ez-toc-section\" id=\"Tham_gia_Cong_dong_BSW\"><\/span>Tham gia C\u1ed9ng \u0111\u1ed3ng BSW<span class=\"ez-toc-section-end\"><\/span><\/h3>\n\n\n<div class=\"gb-container gb-container-daaa2e63\">\n<div class=\"gb-container gb-container-bda621fe\"><\/div>\n\n<div class=\"gb-container gb-container-4b0ac72b\"><\/div>\n<\/div>\n\n\n<p class=\"gb-headline gb-headline-edf98545 gb-headline-text\">Best Stringer Worldwide m\u1eddi c\u00e1c th\u1ee3 \u0111an v\u1ee3t v\u00e0 ng\u01b0\u1eddi ch\u01a1i tr\u1edf th\u00e0nh m\u1ed9t ph\u1ea7n c\u1ee7a m\u1ea1ng l\u01b0\u1edbi to\u00e0n c\u1ea7u \u0111ang ph\u00e1t tri\u1ec3n c\u1ee7a ch\u00fang t\u00f4i. Ch\u00fang t\u00f4i cung c\u1ea5p c\u00e1c ngu\u1ed3n t\u00e0i nguy\u00ean to\u00e0n di\u1ec7n, c\u01a1 h\u1ed9i h\u1ecdc h\u1ecfi li\u00ean t\u1ee5c v\u00e0 m\u1ed9t n\u1ec1n t\u1ea3ng \u0111\u1ec3 trao \u0111\u1ed5i ki\u1ebfn th\u1ee9c. C\u1ed9ng \u0111\u1ed3ng c\u1ee7a ch\u00fang t\u00f4i k\u1ebft n\u1ed1i c\u00e1c th\u1ee3 \u0111an v\u1ee3t \u0111\u01b0\u1ee3c ch\u1ee9ng nh\u1eadn qu\u1ed1c t\u1ebf v\u1edbi nh\u1eefng ng\u01b0\u1eddi ch\u01a1i \u0111ang t\u00ecm ki\u1ebfm d\u1ecbch v\u1ee5 ch\u1ea5t l\u01b0\u1ee3ng, th\u00fac \u0111\u1ea9y ni\u1ec1m tin v\u00e0 s\u1ef1 xu\u1ea5t s\u1eafc trong c\u00e1c m\u00f4n th\u1ec3 thao v\u1ee3t tr\u00ean to\u00e0n th\u1ebf gi\u1edbi.<\/p>\n\n\n\n<a class=\"gb-button gb-button-a29641e0 gb-button-text\" href=\"https:\/\/beststringer.com\/collaborations-and-recognitions\/\">T\u00ecm hi\u1ec3u th\u00eam<\/a>\n\n<\/div>\n<\/section>","protected":false},"excerpt":{"rendered":"<p>B\u1ea3o v\u1ec7 Ng\u01b0\u1eddi ch\u01a1i v\u00e0 Duy tr\u00ec S\u1ef1 xu\u1ea5t s\u1eafc c\u1ee7a Th\u1ee3 \u0111an v\u1ee3t BSW \u0111\u1ea3m b\u1ea3o d\u1ecbch v\u1ee5 \u0111an c\u01b0\u1edbc v\u1ee3t ch\u1ea5t l\u01b0\u1ee3ng cao th\u00f4ng qua c\u00e1c ti\u00eau chu\u1ea9n ch\u1ee9ng nh\u1eadn nghi\u00eam ng\u1eb7t v\u00e0 b\u1ed9 quy t\u1eafc \u1ee9ng x\u1eed ch\u1eb7t ch\u1ebd. Ch\u00fang t\u00f4i b\u1ea3o v\u1ec7 quy\u1ec1n l\u1ee3i c\u1ee7a ng\u01b0\u1eddi ch\u01a1i v\u00e0 duy tr\u00ec s\u1ef1 &#8230; <a title=\"Ch\u1ee9ng Nh\u1eadn BSW\" class=\"read-more\" href=\"https:\/\/beststringer.com\/vi\/certification-integrity\/\" aria-label=\"Read more about Ch\u1ee9ng Nh\u1eadn BSW\">Read more<\/a><\/p>\n","protected":false},"author":1,"featured_media":38570,"parent":0,"menu_order":0,"comment_status":"closed","ping_status":"closed","template":"","meta":{"footnotes":""},"class_list":{"0":"post-38569","1":"page","2":"type-page","3":"status-publish","4":"has-post-thumbnail","6":"infinite-scroll-item"},"_links":{"self":[{"href":"https:\/\/beststringer.com\/vi\/wp-json\/wp\/v2\/pages\/38569","targetHints":{"allow":["GET"]}}],"collection":[{"href":"https:\/\/beststringer.com\/vi\/wp-json\/wp\/v2\/pages"}],"about":[{"href":"https:\/\/beststringer.com\/vi\/wp-json\/wp\/v2\/types\/page"}],"author":[{"embeddable":true,"href":"https:\/\/beststringer.com\/vi\/wp-json\/wp\/v2\/users\/1"}],"replies":[{"embeddable":true,"href":"https:\/\/beststringer.com\/vi\/wp-json\/wp\/v2\/comments?post=38569"}],"version-history":[{"count":0,"href":"https:\/\/beststringer.com\/vi\/wp-json\/wp\/v2\/pages\/38569\/revisions"}],"wp:featuredmedia":[{"embeddable":true,"href":"https:\/\/beststringer.com\/vi\/wp-json\/wp\/v2\/media\/38570"}],"wp:attachment":[{"href":"https:\/\/beststringer.com\/vi\/wp-json\/wp\/v2\/media?parent=38569"}],"curies":[{"name":"wp","href":"https:\/\/api.w.org\/{rel}","templated":true}]}}