{"id":38396,"date":"2024-08-05T04:02:40","date_gmt":"2024-08-05T04:02:40","guid":{"rendered":"https:\/\/beststringer.com\/bsw-certified-stringer\/"},"modified":"2025-09-25T05:19:04","modified_gmt":"2025-09-25T05:19:04","slug":"bsw-certified-stringer","status":"publish","type":"page","link":"https:\/\/beststringer.com\/vi\/bsw-certified-stringer\/","title":{"rendered":"BSW Professional Stringer l\u00e0 g\u00ec?"},"content":{"rendered":"<div class=\"gb-container gb-container-f66bc834\">\n<div class=\"gb-container gb-container-3423e27e\">\n<div class=\"gb-container gb-container-4ea2fbf1\">\n<div id=\"ez-toc-container\" class=\"ez-toc-v2_0_82_2 ez-toc-wrap-left counter-hierarchy ez-toc-counter ez-toc-custom ez-toc-container-direction\">\n<div class=\"ez-toc-title-container\">\n<p class=\"ez-toc-title\" style=\"cursor:inherit\">Topics<\/p>\n<span class=\"ez-toc-title-toggle\"><a href=\"#\" class=\"ez-toc-pull-right ez-toc-btn ez-toc-btn-xs ez-toc-btn-default ez-toc-toggle\" aria-label=\"Toggle Table of Content\"><span class=\"ez-toc-js-icon-con\"><span class=\"\"><span class=\"eztoc-hide\" style=\"display:none;\">Toggle<\/span><span class=\"ez-toc-icon-toggle-span\"><svg style=\"fill: #ffffff;color:#ffffff\" xmlns=\"http:\/\/www.w3.org\/2000\/svg\" class=\"list-377408\" width=\"20px\" height=\"20px\" viewBox=\"0 0 24 24\" fill=\"none\"><path d=\"M6 6H4v2h2V6zm14 0H8v2h12V6zM4 11h2v2H4v-2zm16 0H8v2h12v-2zM4 16h2v2H4v-2zm16 0H8v2h12v-2z\" fill=\"currentColor\"><\/path><\/svg><svg style=\"fill: #ffffff;color:#ffffff\" class=\"arrow-unsorted-368013\" xmlns=\"http:\/\/www.w3.org\/2000\/svg\" width=\"10px\" height=\"10px\" viewBox=\"0 0 24 24\" version=\"1.2\" baseProfile=\"tiny\"><path d=\"M18.2 9.3l-6.2-6.3-6.2 6.3c-.2.2-.3.4-.3.7s.1.5.3.7c.2.2.4.3.7.3h11c.3 0 .5-.1.7-.3.2-.2.3-.5.3-.7s-.1-.5-.3-.7zM5.8 14.7l6.2 6.3 6.2-6.3c.2-.2.3-.5.3-.7s-.1-.5-.3-.7c-.2-.2-.4-.3-.7-.3h-11c-.3 0-.5.1-.7.3-.2.2-.3.5-.3.7s.1.5.3.7z\"\/><\/svg><\/span><\/span><\/span><\/a><\/span><\/div>\n<nav><ul class='ez-toc-list ez-toc-list-level-1 eztoc-toggle-hide-by-default' ><li class='ez-toc-page-1 ez-toc-heading-level-2'><a class=\"ez-toc-link ez-toc-heading-1\" href=\"https:\/\/beststringer.com\/vi\/bsw-certified-stringer\/#Tho_dan_vot_duoc_chung_nhan_quoc_te_BSW_la_gi\" >Th\u1ee3 \u0111an v\u1ee3t \u0111\u01b0\u1ee3c ch\u1ee9ng nh\u1eadn qu\u1ed1c t\u1ebf BSW l\u00e0 g\u00ec?<\/a><ul class='ez-toc-list-level-3' ><li class='ez-toc-heading-level-3'><a class=\"ez-toc-link ez-toc-heading-2\" href=\"https:\/\/beststringer.com\/vi\/bsw-certified-stringer\/#Cac_khia_canh_chinh_cua_Tho_dan_vot_duoc_chung_nhan_quoc_te_BSW\" >C\u00e1c kh\u00eda c\u1ea1nh ch\u00ednh c\u1ee7a Th\u1ee3 \u0111an v\u1ee3t \u0111\u01b0\u1ee3c ch\u1ee9ng nh\u1eadn qu\u1ed1c t\u1ebf BSW<\/a><\/li><li class='ez-toc-page-1 ez-toc-heading-level-3'><a class=\"ez-toc-link ez-toc-heading-3\" href=\"https:\/\/beststringer.com\/vi\/bsw-certified-stringer\/#2_Chuyen_mon_ve_Cong_nghe_Vot\" >2. Chuy\u00ean m\u00f4n v\u1ec1 C\u00f4ng ngh\u1ec7 V\u1ee3t<\/a><\/li><li class='ez-toc-page-1 ez-toc-heading-level-3'><a class=\"ez-toc-link ez-toc-heading-4\" href=\"https:\/\/beststringer.com\/vi\/bsw-certified-stringer\/#3_Danh_gia_Nhu_cau_cua_Nguoi_choi\" >3. \u0110\u00e1nh gi\u00e1 Nhu c\u1ea7u c\u1ee7a Ng\u01b0\u1eddi ch\u01a1i:<\/a><\/li><li class='ez-toc-page-1 ez-toc-heading-level-3'><a class=\"ez-toc-link ez-toc-heading-5\" href=\"https:\/\/beststringer.com\/vi\/bsw-certified-stringer\/#4_Quy_tac_Dao_duc_Nghe_nghiep\" >4. Quy t\u1eafc \u0110\u1ea1o \u0111\u1ee9c Ngh\u1ec1 nghi\u1ec7p<\/a><\/li><li class='ez-toc-page-1 ez-toc-heading-level-3'><a class=\"ez-toc-link ez-toc-heading-6\" href=\"https:\/\/beststringer.com\/vi\/bsw-certified-stringer\/#5_Hoc_hoi_Khong_ngung\" >5. H\u1ecdc h\u1ecfi Kh\u00f4ng ng\u1eebng<\/a><\/li><li class='ez-toc-page-1 ez-toc-heading-level-3'><a class=\"ez-toc-link ez-toc-heading-7\" href=\"https:\/\/beststringer.com\/vi\/bsw-certified-stringer\/#Tho_dan_vot_duoc_chung_nhan_quoc_te_BSW_la_gi-2\" >Th\u1ee3 \u0111an v\u1ee3t \u0111\u01b0\u1ee3c ch\u1ee9ng nh\u1eadn qu\u1ed1c t\u1ebf BSW l\u00e0 g\u00ec?<\/a><\/li><li class='ez-toc-page-1 ez-toc-heading-level-3'><a class=\"ez-toc-link ez-toc-heading-8\" href=\"https:\/\/beststringer.com\/vi\/bsw-certified-stringer\/#Tro_thanh_Tho_dan_vot_duoc_chung_nhan_quoc_te_BSW\" >Tr\u1edf th\u00e0nh Th\u1ee3 \u0111an v\u1ee3t \u0111\u01b0\u1ee3c ch\u1ee9ng nh\u1eadn qu\u1ed1c t\u1ebf BSW<\/a><\/li><\/ul><\/li><\/ul><\/nav><\/div>\n\n\n\n\n<h2 class=\"gb-headline gb-headline-79589317 gb-headline-text\"><span class=\"ez-toc-section\" id=\"Tho_dan_vot_duoc_chung_nhan_quoc_te_BSW_la_gi\"><\/span>Th\u1ee3 \u0111an v\u1ee3t \u0111\u01b0\u1ee3c ch\u1ee9ng nh\u1eadn qu\u1ed1c t\u1ebf <mark style=\"background-color:rgba(0, 0, 0, 0)\" class=\"has-inline-color has-global-color-9-color\">BSW<\/mark> l\u00e0 g\u00ec?<span class=\"ez-toc-section-end\"><\/span><\/h2>\n\n\n\n<p class=\"gb-headline gb-headline-d07d49cf gb-headline-text\">Th\u1ee3 \u0111an v\u1ee3t \u0111\u01b0\u1ee3c ch\u1ee9ng nh\u1eadn qu\u1ed1c t\u1ebf BSW l\u00e0 m\u1ed9t chuy\u00ean gia \u0111\u00e3 ho\u00e0n th\u00e0nh th\u00e0nh c\u00f4ng ch\u01b0\u01a1ng tr\u00ecnh ch\u1ee9ng nh\u1eadn c\u1ee7a Best Stringer Worldwide (BSW). Ch\u1ee9ng nh\u1eadn n\u00e0y x\u00e1c nh\u1eadn r\u1eb1ng th\u1ee3 \u0111an v\u1ee3t \u0111\u00e3 \u0111\u00e1p \u1ee9ng c\u00e1c ti\u00eau chu\u1ea9n \u0111\u01b0\u1ee3c c\u00f4ng nh\u1eadn qu\u1ed1c t\u1ebf v\u1ec1 \u0111an c\u01b0\u1edbc v\u1ee3t cho c\u1ea7u l\u00f4ng, tennis v\u00e0 squash.<br><br>Ch\u1ee9ng nh\u1eadn BSW n\u00e2ng cao uy t\u00edn c\u1ee7a d\u1ecbch v\u1ee5 \u0111an c\u01b0\u1edbc v\u1ee3t b\u1eb1ng c\u00e1ch cung c\u1ea5p s\u1ef1 x\u00e1c nh\u1eadn \u0111\u1ed9c l\u1eadp r\u1eb1ng c\u00e1c d\u1ecbch v\u1ee5 n\u00e0y \u0111\u01b0\u1ee3c th\u1ef1c hi\u1ec7n m\u1ed9t c\u00e1ch chuy\u00ean nghi\u1ec7p v\u00e0 \u0111\u00e1p \u1ee9ng c\u00e1c ti\u00eau chu\u1ea9n to\u00e0n c\u1ea7u. C\u00e1c th\u1ee3 \u0111an v\u1ee3t \u0111\u01b0\u1ee3c ch\u1ee9ng nh\u1eadn \u0111\u01b0\u1ee3c \u0111\u00e1nh gi\u00e1 d\u1ef1a tr\u00ean c\u00e1c ti\u00eau ch\u00ed to\u00e0n di\u1ec7n do BSW ph\u00e1t tri\u1ec3n, \u0111\u1ea3m b\u1ea3o n\u0103ng l\u1ef1c, t\u00ednh kh\u00e1ch quan v\u00e0 kh\u1ea3 n\u0103ng th\u1ef1c hi\u1ec7n c\u1ee7a h\u1ecd.<\/p>\n\n\n\n<figure class=\"wp-block-image size-full is-resized\"><img loading=\"lazy\" decoding=\"async\" width=\"1024\" height=\"1024\" src=\"https:\/\/beststringer.com\/wp-content\/uploads\/2025\/05\/What-is-a-BSW-Certified-Stringer.jpg\" alt=\"Th\u1ee3 \u0111an v\u1ee3t \u0111\u01b0\u1ee3c ch\u1ee9ng nh\u1eadn qu\u1ed1c t\u1ebf BSW l\u00e0 g\u00ec - D\u1ecbch v\u1ee5 \u0111an c\u01b0\u1edbc v\u1ee3t t\u1ea1i {{CITY_LOCAL}}\" class=\"wp-image-18726\" style=\"width:538px\" srcset=\"https:\/\/beststringer.com\/wp-content\/uploads\/2025\/05\/What-is-a-BSW-Certified-Stringer.jpg 1024w, https:\/\/beststringer.com\/wp-content\/uploads\/2025\/05\/What-is-a-BSW-Certified-Stringer-300x300.jpg 300w, https:\/\/beststringer.com\/wp-content\/uploads\/2025\/05\/What-is-a-BSW-Certified-Stringer-150x150.jpg 150w, https:\/\/beststringer.com\/wp-content\/uploads\/2025\/05\/What-is-a-BSW-Certified-Stringer-768x768.jpg 768w\" sizes=\"auto, (max-width: 1024px) 100vw, 1024px\" \/><\/figure>\n\n<\/div>\n<\/div>\n\n<div class=\"gb-container gb-container-37db13f4\">\n<div class=\"gb-container gb-container-3021f73c\">\n\n<h3 class=\"gb-headline gb-headline-e5c79f72 gb-headline-text\"><span class=\"ez-toc-section\" id=\"Cac_khia_canh_chinh_cua_Tho_dan_vot_duoc_chung_nhan_quoc_te_BSW\"><\/span>C\u00e1c <mark style=\"background-color:rgba(0, 0, 0, 0)\" class=\"has-inline-color has-global-color-9-color\">kh\u00eda c\u1ea1nh ch\u00ednh<\/mark> c\u1ee7a Th\u1ee3 \u0111an v\u1ee3t \u0111\u01b0\u1ee3c ch\u1ee9ng nh\u1eadn qu\u1ed1c t\u1ebf BSW<span class=\"ez-toc-section-end\"><\/span><\/h3>\n\n\n\n<p class=\"gb-headline gb-headline-7d760a3f gb-headline-text\"><strong>1. N\u0103ng l\u1ef1c k\u1ef9 thu\u1eadt:<\/strong> <br><strong>1.1<\/strong> Th\u00e0nh th\u1ea1o k\u1ef9 thu\u1eadt \u0111an c\u01b0\u1edbc v\u1ee3t c\u1ea7u l\u00f4ng, tennis v\u00e0 squash<br><strong>1.2<\/strong> Hi\u1ec3u bi\u1ebft v\u1ec1 c\u00e1c lo\u1ea1i c\u01b0\u1edbc kh\u00e1c nhau v\u00e0 \u0111\u1eb7c t\u00ednh c\u1ee7a ch\u00fang<br><strong>1.3<\/strong> Ki\u1ebfn th\u1ee9c v\u1ec1 m\u1ee9c pound (lbs) ph\u00f9 h\u1ee3p cho c\u00e1c l\u1ed1i ch\u01a1i kh\u00e1c nhau<\/p>\n\n<\/div>\n<\/div>\n\n<div class=\"gb-container gb-container-8072e76b\">\n<div class=\"gb-container gb-container-eabf3753\">\n\n<h3 class=\"gb-headline gb-headline-0ad93116 gb-headline-text\"><span class=\"ez-toc-section\" id=\"2_Chuyen_mon_ve_Cong_nghe_Vot\"><\/span><strong>2. Chuy\u00ean m\u00f4n v\u1ec1 <mark style=\"background-color:rgba(0, 0, 0, 0)\" class=\"has-inline-color has-global-color-9-color\">C\u00f4ng ngh\u1ec7 V\u1ee3t<\/mark><\/strong><span class=\"ez-toc-section-end\"><\/span><\/h3>\n\n\n\n<p class=\"gb-headline gb-headline-0e4cbc73 gb-headline-text\"><strong>2.1<\/strong> Quen thu\u1ed9c v\u1edbi c\u00e1c thi\u1ebft k\u1ebf v\u00e0 v\u1eadt li\u1ec7u v\u1ee3t kh\u00e1c nhau<br><strong>2.2<\/strong> Hi\u1ec3u r\u00f5 c\u00e1c \u0111\u1eb7c t\u00ednh c\u1ee7a v\u1ee3t \u1ea3nh h\u01b0\u1edfng \u0111\u1ebfn vi\u1ec7c \u0111an c\u01b0\u1edbc nh\u01b0 th\u1ebf n\u00e0o<\/p>\n\n<\/div>\n<\/div>\n\n<div class=\"gb-container gb-container-90ecf704\">\n<div class=\"gb-container gb-container-5939e332\">\n\n<h3 class=\"gb-headline gb-headline-fd44004c gb-headline-text\"><span class=\"ez-toc-section\" id=\"3_Danh_gia_Nhu_cau_cua_Nguoi_choi\"><\/span><strong>3. \u0110\u00e1nh gi\u00e1 <mark style=\"background-color:rgba(0, 0, 0, 0)\" class=\"has-inline-color has-global-color-9-color\">Nhu c\u1ea7u c\u1ee7a Ng\u01b0\u1eddi ch\u01a1i<\/mark>:<\/strong><span class=\"ez-toc-section-end\"><\/span><\/h3>\n\n\n\n<p class=\"gb-headline gb-headline-053891c0 gb-headline-text\"><strong>3.1<\/strong> Kh\u1ea3 n\u0103ng \u0111\u00e1nh gi\u00e1 y\u00eau c\u1ea7u c\u1ee7a ng\u01b0\u1eddi ch\u01a1i d\u1ef1a tr\u00ean tr\u00ecnh \u0111\u1ed9 v\u00e0 l\u1ed1i ch\u01a1i<br><strong>3.2<\/strong> K\u1ef9 n\u0103ng \u0111\u1ec1 xu\u1ea5t lo\u1ea1i c\u01b0\u1edbc v\u00e0 m\u1ee9c pound (lbs) ph\u00f9 h\u1ee3p<\/p>\n\n<\/div>\n<\/div>\n\n<div class=\"gb-container gb-container-bc7f3ef7\">\n<div class=\"gb-container gb-container-c402b7cb\">\n\n<h3 class=\"gb-headline gb-headline-9ac68257 gb-headline-text\"><span class=\"ez-toc-section\" id=\"4_Quy_tac_Dao_duc_Nghe_nghiep\"><\/span><strong>4. Quy t\u1eafc <mark style=\"background-color:rgba(0, 0, 0, 0)\" class=\"has-inline-color has-global-color-9-color\">\u0110\u1ea1o \u0111\u1ee9c<\/mark> Ngh\u1ec1 nghi\u1ec7p<\/strong><span class=\"ez-toc-section-end\"><\/span><\/h3>\n\n\n\n<p class=\"gb-headline gb-headline-99f4af0d gb-headline-text\"><strong>4.1<\/strong> Cam k\u1ebft cung c\u1ea5p d\u1ecbch v\u1ee5 trung th\u1ef1c v\u00e0 minh b\u1ea1ch<br><strong>4.2<\/strong> Tu\u00e2n th\u1ee7 quy t\u1eafc \u1ee9ng x\u1eed c\u1ee7a BSW<\/p>\n\n<\/div>\n<\/div>\n\n<div class=\"gb-container gb-container-0bc9ddf8\">\n<div class=\"gb-container gb-container-4a1593e5\">\n\n<h3 class=\"gb-headline gb-headline-f300e849 gb-headline-text\"><span class=\"ez-toc-section\" id=\"5_Hoc_hoi_Khong_ngung\"><\/span><strong>5. H\u1ecdc h\u1ecfi <mark style=\"background-color:rgba(0, 0, 0, 0)\" class=\"has-inline-color has-global-color-9-color\">Kh\u00f4ng ng\u1eebng<\/mark><\/strong><span class=\"ez-toc-section-end\"><\/span><\/h3>\n\n\n<div class=\"gb-container gb-container-1e94798b\">\n\n<p><strong>5.1<\/strong> C\u1eadp nh\u1eadt th\u01b0\u1eddng xuy\u00ean c\u00e1c c\u00f4ng ngh\u1ec7 v\u00e0 k\u1ef9 thu\u1eadt \u0111an c\u01b0\u1edbc m\u1edbi<br><strong>5.2<\/strong> Li\u00ean t\u1ee5c h\u1ecdc h\u1ecfi v\u1ec1 nh\u1eefng ph\u00e1t tri\u1ec3n trong c\u00e1c m\u00f4n th\u1ec3 thao d\u00f9ng v\u1ee3t<\/p>\n\n<\/div>\n<\/div>\n<\/div>\n\n<div class=\"gb-container gb-container-8ae3b9c0\">\n<div class=\"gb-container gb-container-0033085e\">\n\n<p>C\u00e1c Th\u1ee3 \u0111an v\u1ee3t \u0111\u01b0\u1ee3c ch\u1ee9ng nh\u1eadn qu\u1ed1c t\u1ebf BSW ph\u1ea3i tr\u1ea3i qua c\u00e1c k\u1ef3 t\u00e1i \u0111\u00e1nh gi\u00e1 \u0111\u1ecbnh k\u1ef3 \u0111\u1ec3 duy tr\u00ec ch\u1ee9ng nh\u1eadn, \u0111\u1ea3m b\u1ea3o h\u1ecd lu\u00f4n c\u1eadp nh\u1eadt c\u00e1c ti\u00eau chu\u1ea9n v\u00e0 c\u00f4ng ngh\u1ec7 m\u1edbi trong l\u0129nh v\u1ef1c \u0111an c\u01b0\u1edbc v\u1ee3t.<\/p>\n\n\n\n<p>B\u1eb1ng c\u00e1ch ch\u1ecdn m\u1ed9t Th\u1ee3 \u0111an v\u1ee3t \u0111\u01b0\u1ee3c ch\u1ee9ng nh\u1eadn qu\u1ed1c t\u1ebf BSW, ng\u01b0\u1eddi ch\u01a1i c\u00f3 th\u1ec3 y\u00ean t\u00e2m r\u1eb1ng h\u1ecd \u0111ang nh\u1eadn \u0111\u01b0\u1ee3c d\u1ecbch v\u1ee5 \u0111an c\u01b0\u1edbc t\u1eeb m\u1ed9t chuy\u00ean gia \u0111\u00e3 ch\u1ee9ng minh \u0111\u01b0\u1ee3c tr\u00ecnh \u0111\u1ed9 k\u1ef9 n\u0103ng v\u00e0 ki\u1ebfn th\u1ee9c cao trong vi\u1ec7c chu\u1ea9n b\u1ecb v\u1ee3t.<br><\/p>\n\n\n\n<figure class=\"gb-block-image gb-block-image-41284c03\"><img loading=\"lazy\" decoding=\"async\" width=\"804\" height=\"698\" class=\"gb-image gb-image-41284c03\" src=\"https:\/\/beststringer.com\/wp-content\/uploads\/2025\/05\/What-is-a-BSW-Certified-Stringer-Best-Stringer-Worldwide-Stringer-Certification.png\" alt=\"Ch\u1ee9ng nh\u1eadn Th\u1ee3 \u0111an v\u1ee3t qu\u1ed1c t\u1ebf BSW - Best Stringer Worldwide t\u1ea1i {{COUNTRY_LOCAL}}\" title=\"Ch\u1ee9ng nh\u1eadn Th\u1ee3 \u0111an v\u1ee3t qu\u1ed1c t\u1ebf BSW - Best Stringer Worldwide t\u1ea1i {{COUNTRY_LOCAL}}\" srcset=\"https:\/\/beststringer.com\/wp-content\/uploads\/2025\/05\/What-is-a-BSW-Certified-Stringer-Best-Stringer-Worldwide-Stringer-Certification.png 804w, https:\/\/beststringer.com\/wp-content\/uploads\/2025\/05\/What-is-a-BSW-Certified-Stringer-Best-Stringer-Worldwide-Stringer-Certification-300x260.png 300w, https:\/\/beststringer.com\/wp-content\/uploads\/2025\/05\/What-is-a-BSW-Certified-Stringer-Best-Stringer-Worldwide-Stringer-Certification-768x667.png 768w\" sizes=\"auto, (max-width: 804px) 100vw, 804px\" \/><\/figure>\n\n<\/div>\n<\/div>\n<\/div>\n\n<section class=\"gb-container gb-container-21e3c652\">\n<div class=\"gb-container gb-container-11344779\">\n\n<h3 class=\"gb-headline gb-headline-39f4cce2 gb-headline-text\"><span class=\"ez-toc-section\" id=\"Tho_dan_vot_duoc_chung_nhan_quoc_te_BSW_la_gi-2\"><\/span>Th\u1ee3 \u0111an v\u1ee3t \u0111\u01b0\u1ee3c ch\u1ee9ng nh\u1eadn qu\u1ed1c t\u1ebf BSW l\u00e0 g\u00ec?<span class=\"ez-toc-section-end\"><\/span><\/h3>\n\n\n\n<p class=\"gb-headline gb-headline-c6c5990e gb-headline-text\">B\u1ea1n \u0111\u00e3 bao gi\u1edd t\u1ef1 h\u1ecfi ai l\u00e0 ng\u01b0\u1eddi \u0111\u1ee9ng sau m\u1ed9t c\u00e2y v\u1ee3t \u0111\u01b0\u1ee3c \u0111an c\u01b0\u1edbc ho\u00e0n h\u1ea3o ch\u01b0a? Video n\u00e0y gi\u1ea3i th\u00edch v\u1ec1 Th\u1ee3 \u0111an v\u1ee3t \u0111\u01b0\u1ee3c ch\u1ee9ng nh\u1eadn qu\u1ed1c t\u1ebf BSW v\u00e0 vai tr\u00f2 c\u1ee7a h\u1ecd trong c\u00e1c m\u00f4n th\u1ec3 thao d\u00f9ng v\u1ee3t. H\u00e3y c\u00f9ng t\u00ecm hi\u1ec3u nh\u1eefng k\u1ef9 n\u0103ng m\u00e0 c\u00e1c chuy\u00ean gia n\u00e0y s\u1edf h\u1eefu trong vi\u1ec7c chu\u1ea9n b\u1ecb v\u1ee3t tennis, c\u1ea7u l\u00f4ng v\u00e0 squash.<\/p>\n\n\n<div class=\"gb-container gb-container-ec1a2ce6\">\n<div class=\"gb-container gb-container-238a634b\"><\/div>\n<\/div>\n\n\n<div id=\"youtube-player\"><\/div>\n<script>\n  var videoLoaded = false;\n\n  function loadYouTubeVideo() {\n    if (videoLoaded) return;\n    videoLoaded = true;\n    var tag = document.createElement('script');\n    tag.src = \"https:\/\/www.youtube.com\/iframe_api\";\n    var firstScriptTag = document.getElementsByTagName('script')[0];\n    firstScriptTag.parentNode.insertBefore(tag, firstScriptTag);\n  }\n\n  function onYouTubeIframeAPIReady() {\n    new YT.Player('youtube-player', {\n      height: '360',\n      width: '640',\n      videoId: 'LZsHlgh99CE', \/\/ Your video ID\n      events: {\n        'onReady': onPlayerReady\n      }\n    });\n  }\n\n  function onPlayerReady(event) {\n    \/\/ Video is ready to play\n  }\n\n  \/\/ Load the YouTube API script when the page is scrolled\n  window.addEventListener('scroll', loadYouTubeVideo, { once: true });\n\n  \/\/ Also load if the user hasn't scrolled after 3 seconds\n  setTimeout(loadYouTubeVideo, 3000);\n<\/script>\n\n<\/div>\n<\/section>\n\n<section class=\"gb-container gb-container-49b9586e\">\n<div class=\"gb-container gb-container-a2e9522c\"><\/div>\n\n<div class=\"gb-container gb-container-0e11192a\">\n\n<h3 class=\"gb-headline gb-headline-5cf408ee gb-headline-text\"><span class=\"ez-toc-section\" id=\"Tro_thanh_Tho_dan_vot_duoc_chung_nhan_quoc_te_BSW\"><\/span>Tr\u1edf th\u00e0nh Th\u1ee3 \u0111an v\u1ee3t \u0111\u01b0\u1ee3c ch\u1ee9ng nh\u1eadn qu\u1ed1c t\u1ebf BSW<span class=\"ez-toc-section-end\"><\/span><\/h3>\n\n\n<div class=\"gb-container gb-container-daaa2e63\">\n<div class=\"gb-container gb-container-bda621fe\"><\/div>\n\n<div class=\"gb-container gb-container-4b0ac72b\"><\/div>\n<\/div>\n\n\n<p class=\"gb-headline gb-headline-edf98545 gb-headline-text\">H\u1ecdc c\u00e1c k\u1ef9 n\u0103ng \u0111an c\u01b0\u1edbc v\u1ee3t chuy\u00ean nghi\u1ec7p cho c\u1ea7u l\u00f4ng, tennis v\u00e0 squash. T\u00edch l\u0169y ki\u1ebfn th\u1ee9c v\u1ec1 c\u00f4ng ngh\u1ec7 v\u1ee3t, \u0111\u00e1nh gi\u00e1 nhu c\u1ea7u ng\u01b0\u1eddi ch\u01a1i v\u00e0 c\u00e1c quy t\u1eafc \u0111\u1ea1o \u0111\u1ee9c ngh\u1ec1 nghi\u1ec7p.<\/p>\n\n\n\n<a class=\"gb-button gb-button-a29641e0 gb-button-text\" href=\"https:\/\/beststringer.com\/vi\/stringing-certificate\/\">Quy tr\u00ecnh ch\u1ee9ng nh\u1eadn<\/a>\n\n<\/div>\n<\/section>","protected":false},"excerpt":{"rendered":"<p>Th\u1ee3 \u0111an v\u1ee3t \u0111\u01b0\u1ee3c ch\u1ee9ng nh\u1eadn qu\u1ed1c t\u1ebf BSW l\u00e0 g\u00ec? Th\u1ee3 \u0111an v\u1ee3t \u0111\u01b0\u1ee3c ch\u1ee9ng nh\u1eadn qu\u1ed1c t\u1ebf BSW l\u00e0 m\u1ed9t chuy\u00ean gia \u0111\u00e3 ho\u00e0n th\u00e0nh th\u00e0nh c\u00f4ng ch\u01b0\u01a1ng tr\u00ecnh ch\u1ee9ng nh\u1eadn c\u1ee7a Best Stringer Worldwide (BSW). Ch\u1ee9ng nh\u1eadn n\u00e0y x\u00e1c nh\u1eadn r\u1eb1ng th\u1ee3 \u0111an v\u1ee3t \u0111\u00e3 \u0111\u00e1p \u1ee9ng c\u00e1c ti\u00eau chu\u1ea9n \u0111\u01b0\u1ee3c c\u00f4ng &#8230; <a title=\"BSW Professional Stringer l\u00e0 g\u00ec?\" class=\"read-more\" href=\"https:\/\/beststringer.com\/vi\/bsw-certified-stringer\/\" aria-label=\"Read more about BSW Professional Stringer l\u00e0 g\u00ec?\">Read more<\/a><\/p>\n","protected":false},"author":1,"featured_media":38398,"parent":0,"menu_order":0,"comment_status":"closed","ping_status":"closed","template":"","meta":{"footnotes":""},"class_list":{"0":"post-38396","1":"page","2":"type-page","3":"status-publish","4":"has-post-thumbnail","6":"infinite-scroll-item"},"_links":{"self":[{"href":"https:\/\/beststringer.com\/vi\/wp-json\/wp\/v2\/pages\/38396","targetHints":{"allow":["GET"]}}],"collection":[{"href":"https:\/\/beststringer.com\/vi\/wp-json\/wp\/v2\/pages"}],"about":[{"href":"https:\/\/beststringer.com\/vi\/wp-json\/wp\/v2\/types\/page"}],"author":[{"embeddable":true,"href":"https:\/\/beststringer.com\/vi\/wp-json\/wp\/v2\/users\/1"}],"replies":[{"embeddable":true,"href":"https:\/\/beststringer.com\/vi\/wp-json\/wp\/v2\/comments?post=38396"}],"version-history":[{"count":0,"href":"https:\/\/beststringer.com\/vi\/wp-json\/wp\/v2\/pages\/38396\/revisions"}],"wp:featuredmedia":[{"embeddable":true,"href":"https:\/\/beststringer.com\/vi\/wp-json\/wp\/v2\/media\/38398"}],"wp:attachment":[{"href":"https:\/\/beststringer.com\/vi\/wp-json\/wp\/v2\/media?parent=38396"}],"curies":[{"name":"wp","href":"https:\/\/api.w.org\/{rel}","templated":true}]}}