{"id":38270,"date":"2024-08-05T03:37:42","date_gmt":"2024-08-05T03:37:42","guid":{"rendered":"https:\/\/beststringer.com\/global-stringing-skills-certification\/"},"modified":"2025-09-25T05:19:58","modified_gmt":"2025-09-25T05:19:58","slug":"global-stringing-skills-certification","status":"publish","type":"page","link":"https:\/\/beststringer.com\/vi\/global-stringing-skills-certification\/","title":{"rendered":"Ch\u1ee9ng Nh\u1eadn K\u1ef9 N\u0103ng \u0110an V\u1ee3t To\u00e0n C\u1ea7u"},"content":{"rendered":"<div class=\"gb-container gb-container-f66bc834\">\n<div class=\"gb-container gb-container-3423e27e\">\n<div class=\"gb-container gb-container-4ea2fbf1\">\n<div id=\"ez-toc-container\" class=\"ez-toc-v2_0_82_2 ez-toc-wrap-left counter-hierarchy ez-toc-counter ez-toc-custom ez-toc-container-direction\">\n<div class=\"ez-toc-title-container\">\n<p class=\"ez-toc-title\" style=\"cursor:inherit\">Topics<\/p>\n<span class=\"ez-toc-title-toggle\"><a href=\"#\" class=\"ez-toc-pull-right ez-toc-btn ez-toc-btn-xs ez-toc-btn-default ez-toc-toggle\" aria-label=\"Toggle Table of Content\"><span class=\"ez-toc-js-icon-con\"><span class=\"\"><span class=\"eztoc-hide\" style=\"display:none;\">Toggle<\/span><span class=\"ez-toc-icon-toggle-span\"><svg style=\"fill: #ffffff;color:#ffffff\" xmlns=\"http:\/\/www.w3.org\/2000\/svg\" class=\"list-377408\" width=\"20px\" height=\"20px\" viewBox=\"0 0 24 24\" fill=\"none\"><path d=\"M6 6H4v2h2V6zm14 0H8v2h12V6zM4 11h2v2H4v-2zm16 0H8v2h12v-2zM4 16h2v2H4v-2zm16 0H8v2h12v-2z\" fill=\"currentColor\"><\/path><\/svg><svg style=\"fill: #ffffff;color:#ffffff\" class=\"arrow-unsorted-368013\" xmlns=\"http:\/\/www.w3.org\/2000\/svg\" width=\"10px\" height=\"10px\" viewBox=\"0 0 24 24\" version=\"1.2\" baseProfile=\"tiny\"><path d=\"M18.2 9.3l-6.2-6.3-6.2 6.3c-.2.2-.3.4-.3.7s.1.5.3.7c.2.2.4.3.7.3h11c.3 0 .5-.1.7-.3.2-.2.3-.5.3-.7s-.1-.5-.3-.7zM5.8 14.7l6.2 6.3 6.2-6.3c.2-.2.3-.5.3-.7s-.1-.5-.3-.7c-.2-.2-.4-.3-.7-.3h-11c-.3 0-.5.1-.7.3-.2.2-.3.5-.3.7s.1.5.3.7z\"\/><\/svg><\/span><\/span><\/span><\/a><\/span><\/div>\n<nav><ul class='ez-toc-list ez-toc-list-level-1 eztoc-toggle-hide-by-default' ><li class='ez-toc-page-1 ez-toc-heading-level-2'><a class=\"ez-toc-link ez-toc-heading-1\" href=\"https:\/\/beststringer.com\/vi\/global-stringing-skills-certification\/#Mot_Tam_Ho_Chieu_Toan_Cau_cho_cac_Mon_The_Thao_Dung_Vot\" >M\u1ed9t T\u1ea5m H\u1ed9 Chi\u1ebfu To\u00e0n C\u1ea7u cho c\u00e1c M\u00f4n Th\u1ec3 Thao D\u00f9ng V\u1ee3t<\/a><ul class='ez-toc-list-level-3' ><li class='ez-toc-heading-level-3'><a class=\"ez-toc-link ez-toc-heading-2\" href=\"https:\/\/beststringer.com\/vi\/global-stringing-skills-certification\/#Hieu_Ro_Tam_Quan_Trong_cua_Viec_Dan_Vot\" >Hi\u1ec3u R\u00f5 T\u1ea7m Quan Tr\u1ecdng c\u1ee7a Vi\u1ec7c \u0110an V\u1ee3t<\/a><\/li><li class='ez-toc-page-1 ez-toc-heading-level-3'><a class=\"ez-toc-link ez-toc-heading-3\" href=\"https:\/\/beststringer.com\/vi\/global-stringing-skills-certification\/#Hon_Ca_mot_Chung_nhan\" >H\u01a1n C\u1ea3 m\u1ed9t Ch\u1ee9ng nh\u1eadn<\/a><\/li><li class='ez-toc-page-1 ez-toc-heading-level-3'><a class=\"ez-toc-link ez-toc-heading-4\" href=\"https:\/\/beststringer.com\/vi\/global-stringing-skills-certification\/#Loi_ich_Lau_dai\" >L\u1ee3i \u00edch L\u00e2u d\u00e0i<\/a><\/li><li class='ez-toc-page-1 ez-toc-heading-level-3'><a class=\"ez-toc-link ez-toc-heading-5\" href=\"https:\/\/beststringer.com\/vi\/global-stringing-skills-certification\/#Tinh_Ung_dung_Toan_cau\" >T\u00ednh \u1ee8ng d\u1ee5ng To\u00e0n c\u1ea7u<\/a><\/li><li class='ez-toc-page-1 ez-toc-heading-level-3'><a class=\"ez-toc-link ez-toc-heading-6\" href=\"https:\/\/beststringer.com\/vi\/global-stringing-skills-certification\/#Ho_tro_Nguoi_choi_Moi_noi\" >H\u1ed7 tr\u1ee3 Ng\u01b0\u1eddi ch\u01a1i M\u1ecdi n\u01a1i<\/a><\/li><li class='ez-toc-page-1 ez-toc-heading-level-3'><a class=\"ez-toc-link ez-toc-heading-7\" href=\"https:\/\/beststringer.com\/vi\/global-stringing-skills-certification\/#Hoc_hoi_Lien_tuc\" >H\u1ecdc h\u1ecfi Li\u00ean t\u1ee5c<\/a><\/li><li class='ez-toc-page-1 ez-toc-heading-level-3'><a class=\"ez-toc-link ez-toc-heading-8\" href=\"https:\/\/beststringer.com\/vi\/global-stringing-skills-certification\/#Chung_nhan_Ky_nang_Dan_cuoc_Vot_Toan_cau\" >Ch\u1ee9ng nh\u1eadn K\u1ef9 n\u0103ng \u0110an c\u01b0\u1edbc V\u1ee3t To\u00e0n c\u1ea7u<\/a><\/li><li class='ez-toc-page-1 ez-toc-heading-level-3'><a class=\"ez-toc-link ez-toc-heading-9\" href=\"https:\/\/beststringer.com\/vi\/global-stringing-skills-certification\/#Dao_tao_Dan_cuoc_Vot_Toan_cau\" >\u0110\u00e0o t\u1ea1o \u0110an c\u01b0\u1edbc V\u1ee3t To\u00e0n c\u1ea7u<\/a><\/li><\/ul><\/li><\/ul><\/nav><\/div>\n\n\n\n\n<h2 class=\"gb-headline gb-headline-79589317 gb-headline-text\"><span class=\"ez-toc-section\" id=\"Mot_Tam_Ho_Chieu_Toan_Cau_cho_cac_Mon_The_Thao_Dung_Vot\"><\/span>M\u1ed9t <mark style=\"background-color:rgba(0, 0, 0, 0)\" class=\"has-inline-color has-global-color-9-color\">T\u1ea5m H\u1ed9 Chi\u1ebfu To\u00e0n C\u1ea7u<\/mark> cho c\u00e1c M\u00f4n Th\u1ec3 Thao D\u00f9ng V\u1ee3t<span class=\"ez-toc-section-end\"><\/span><\/h2>\n\n\n\n<p class=\"gb-headline gb-headline-d07d49cf gb-headline-text\">Ch\u1ee9ng nh\u1eadn BSW trang b\u1ecb cho c\u00e1c th\u1ee3 \u0111an v\u1ee3t nh\u1eefng k\u1ef9 n\u0103ng \u0111\u01b0\u1ee3c c\u00f4ng nh\u1eadn qu\u1ed1c t\u1ebf. Ki\u1ebfn th\u1ee9c n\u00e0y gi\u00fap h\u1ecd h\u1ed7 tr\u1ee3 ng\u01b0\u1eddi ch\u01a1i tr\u00ean to\u00e0n th\u1ebf gi\u1edbi c\u1ea3i thi\u1ec7n tr\u1eadn \u0111\u1ea5u c\u1ee7a m\u00ecnh.<\/p>\n\n<\/div>\n<\/div>\n\n<div class=\"gb-container gb-container-37db13f4\">\n<div class=\"gb-container gb-container-3021f73c\">\n\n<h3 class=\"gb-headline gb-headline-e5c79f72 gb-headline-text\"><span class=\"ez-toc-section\" id=\"Hieu_Ro_Tam_Quan_Trong_cua_Viec_Dan_Vot\"><\/span>Hi\u1ec3u R\u00f5 <mark style=\"background-color:rgba(0, 0, 0, 0)\" class=\"has-inline-color has-global-color-9-color\">T\u1ea7m Quan Tr\u1ecdng c\u1ee7a Vi\u1ec7c \u0110an V\u1ee3t<\/mark><span class=\"ez-toc-section-end\"><\/span><\/h3>\n\n\n\n<p class=\"gb-headline gb-headline-7d760a3f gb-headline-text\">Vi\u1ec7c \u0111an c\u01b0\u1edbc v\u1ee3t \u0111\u00fang c\u00e1ch \u1ea3nh h\u01b0\u1edfng \u0111\u1ebfn hi\u1ec7u su\u1ea5t c\u1ee7a v\u1ee3t. C\u00e1c th\u1ee3 \u0111an v\u1ee3t \u0111\u01b0\u1ee3c BSW ch\u1ee9ng nh\u1eadn s\u1ebd h\u1ecdc c\u00e1ch:<\/p>\n\n\n\n<p>1. \u0110\u00e1nh gi\u00e1 nhu c\u1ea7u c\u1ee7a ng\u01b0\u1eddi ch\u01a1i \u1edf m\u1ecdi c\u1ea5p \u0111\u1ed9 k\u1ef9 n\u0103ng<br>2. L\u1ef1a ch\u1ecdn lo\u1ea1i c\u01b0\u1edbc v\u00e0 m\u1ee9c pound (lbs) ph\u00f9 h\u1ee3p<br>3. \u00c1p d\u1ee5ng k\u1ef9 thu\u1eadt \u0111an c\u01b0\u1edbc ch\u00ednh x\u00e1c cho c\u00e1c lo\u1ea1i v\u1ee3t kh\u00e1c nhau<\/p>\n\n<\/div>\n<\/div>\n\n<div class=\"gb-container gb-container-8072e76b\">\n<div class=\"gb-container gb-container-eabf3753\">\n\n<h3 class=\"gb-headline gb-headline-0ad93116 gb-headline-text\"><span class=\"ez-toc-section\" id=\"Hon_Ca_mot_Chung_nhan\"><\/span><strong><mark style=\"background-color:rgba(0, 0, 0, 0)\" class=\"has-inline-color has-global-color-9-color\">H\u01a1n C\u1ea3<\/mark> m\u1ed9t Ch\u1ee9ng nh\u1eadn<\/strong><span class=\"ez-toc-section-end\"><\/span><\/h3>\n\n\n\n<p class=\"gb-headline gb-headline-0e4cbc73 gb-headline-text\">BSW ch\u00fa tr\u1ecdng v\u00e0o vi\u1ec7c h\u1ecdc c\u00e1c k\u1ef9 n\u0103ng th\u1ef1c t\u1ebf \u0111\u1ec3 gi\u00fap ng\u01b0\u1eddi ch\u01a1i:<br>1. Ch\u01a1i t\u1ed1t h\u01a1n<br>2. C\u1ea3m th\u1ea5y tho\u1ea3i m\u00e1i h\u01a1n v\u1edbi c\u00e2y v\u1ee3t c\u1ee7a m\u00ecnh<br>3. T\u1eadn h\u01b0\u1edfng m\u00f4n th\u1ec3 thao c\u1ee7a m\u00ecnh nhi\u1ec1u h\u01a1n<\/p>\n\n<\/div>\n<\/div>\n\n<div class=\"gb-container gb-container-90ecf704\">\n<div class=\"gb-container gb-container-5939e332\">\n\n<h3 class=\"gb-headline gb-headline-fd44004c gb-headline-text\"><span class=\"ez-toc-section\" id=\"Loi_ich_Lau_dai\"><\/span><strong>L\u1ee3i \u00edch <mark style=\"background-color:rgba(0, 0, 0, 0)\" class=\"has-inline-color has-global-color-9-color\">L\u00e2u d\u00e0i<\/mark><\/strong><span class=\"ez-toc-section-end\"><\/span><\/h3>\n\n\n\n<p class=\"gb-headline gb-headline-053891c0 gb-headline-text\">Vi\u1ec7c t\u1eadp trung v\u00e0o s\u1ef1 ti\u1ebfn b\u1ed9 c\u1ee7a ng\u01b0\u1eddi ch\u01a1i thay v\u00ec ch\u1ec9 l\u1ee3i nhu\u1eadn s\u1ebd mang l\u1ea1i:<\/p>\n\n\n\n<p>1. M\u1ed1i quan h\u1ec7 b\u1ec1n v\u1eefng v\u1edbi ng\u01b0\u1eddi ch\u01a1i <br>2. Hi\u1ec3u bi\u1ebft s\u00e2u s\u1eafc h\u01a1n v\u1ec1 c\u00e1c m\u00f4n th\u1ec3 thao d\u00f9ng v\u1ee3t <br>3. H\u1ecdc h\u1ecfi v\u00e0 ph\u00e1t tri\u1ec3n k\u1ef9 n\u0103ng li\u00ean t\u1ee5c<\/p>\n\n<\/div>\n<\/div>\n\n<div class=\"gb-container gb-container-bc7f3ef7\">\n<div class=\"gb-container gb-container-c402b7cb\">\n\n<h3 class=\"gb-headline gb-headline-9ac68257 gb-headline-text\"><span class=\"ez-toc-section\" id=\"Tinh_Ung_dung_Toan_cau\"><\/span><strong>T\u00ednh <mark style=\"background-color:rgba(0, 0, 0, 0)\" class=\"has-inline-color has-global-color-9-color\">\u1ee8ng d\u1ee5ng<\/mark> To\u00e0n c\u1ea7u<\/strong><span class=\"ez-toc-section-end\"><\/span><\/h3>\n\n\n\n<p class=\"gb-headline gb-headline-99f4af0d gb-headline-text\">K\u1ef9 n\u0103ng \u0111an c\u01b0\u1edbc v\u1ee3t c\u1ee7a BSW h\u1eefu \u00edch tr\u00ean to\u00e0n th\u1ebf gi\u1edbi:<br>1. K\u1ef9 thu\u1eadt \u00e1p d\u1ee5ng \u0111\u01b0\u1ee3c cho c\u00e1c lo\u1ea1i v\u1ee3t s\u1eed d\u1ee5ng to\u00e0n c\u1ea7u<br>2. S\u1ef1 th\u1ea5u hi\u1ec3u nhu c\u1ea7u ng\u01b0\u1eddi ch\u01a1i v\u01b0\u1ee3t qua r\u00e0o c\u1ea3n v\u0103n h\u00f3a<br>3. Ki\u1ebfn th\u1ee9c v\u1ec1 c\u00e1c lo\u1ea1i c\u01b0\u1edbc v\u00e0 \u0111\u1eb7c t\u00ednh c\u1ee7a ch\u00fang c\u00f3 t\u00ednh \u1ee9ng d\u1ee5ng chung<\/p>\n\n<\/div>\n<\/div>\n\n<div class=\"gb-container gb-container-0bc9ddf8\">\n<div class=\"gb-container gb-container-4a1593e5\">\n\n<h3 class=\"gb-headline gb-headline-f300e849 gb-headline-text\"><span class=\"ez-toc-section\" id=\"Ho_tro_Nguoi_choi_Moi_noi\"><\/span><strong>H\u1ed7 tr\u1ee3 Ng\u01b0\u1eddi ch\u01a1i <mark style=\"background-color:rgba(0, 0, 0, 0)\" class=\"has-inline-color has-global-color-9-color\">M\u1ecdi n\u01a1i<\/mark><\/strong><span class=\"ez-toc-section-end\"><\/span><\/h3>\n\n\n<div class=\"gb-container gb-container-1e94798b\">\n\n<p>C\u00e1c th\u1ee3 \u0111an v\u1ee3t \u0111\u01b0\u1ee3c BSW ch\u1ee9ng nh\u1eadn c\u00f3 th\u1ec3:<br>1. H\u1ed7 tr\u1ee3 ng\u01b0\u1eddi ch\u01a1i t\u1ea1i c\u00e1c c\u00e2u l\u1ea1c b\u1ed9 \u0111\u1ecba ph\u01b0\u01a1ng<br>2. H\u1ed7 tr\u1ee3 c\u00e1c v\u1eadn \u0111\u1ed9ng vi\u00ean chuy\u00ean nghi\u1ec7p thi \u0111\u1ea5u<br>3. H\u01b0\u1edbng d\u1eabn ng\u01b0\u1eddi ch\u01a1i v\u1ec1 c\u00e1ch b\u1ea3o qu\u1ea3n v\u00e0 hi\u1ec7u su\u1ea5t c\u1ee7a v\u1ee3t<\/p>\n\n<\/div>\n<\/div>\n<\/div>\n\n<div class=\"gb-container gb-container-8ae3b9c0\">\n<div class=\"gb-container gb-container-0033085e\">\n\n<h3 class=\"gb-headline gb-headline-89f46c83 gb-headline-text\"><span class=\"ez-toc-section\" id=\"Hoc_hoi_Lien_tuc\"><\/span><strong>H\u1ecdc h\u1ecfi <mark style=\"background-color:rgba(0, 0, 0, 0)\" class=\"has-inline-color has-global-color-9-color\">Li\u00ean t\u1ee5c<\/mark><\/strong><span class=\"ez-toc-section-end\"><\/span><\/h3>\n\n\n\n<p>Ng\u00e0nh c\u00f4ng nghi\u1ec7p th\u1ec3 thao d\u00f9ng v\u1ee3t lu\u00f4n ph\u00e1t tri\u1ec3n. BSW khuy\u1ebfn kh\u00edch c\u00e1c th\u1ee3 \u0111an v\u1ee3t:<br>1. Lu\u00f4n c\u1eadp nh\u1eadt c\u00e1c c\u00f4ng ngh\u1ec7 m\u1edbi<br>2. \u0110i\u1ec1u ch\u1ec9nh k\u1ef9 thu\u1eadt cho c\u00e1c thi\u1ebft k\u1ebf v\u1ee3t m\u1edbi<br>3. Ti\u1ebfp t\u1ee5c nghi\u00ean c\u1ee9u nhu c\u1ea7u v\u00e0 s\u1edf th\u00edch c\u1ee7a ng\u01b0\u1eddi ch\u01a1i<\/p>\n\n\n\n<p>B\u1eb1ng c\u00e1ch t\u1eadp trung v\u00e0o \u0111\u00e0o t\u1ea1o v\u00e0 h\u1ed7 tr\u1ee3 ng\u01b0\u1eddi ch\u01a1i, ch\u1ee9ng nh\u1eadn BSW chu\u1ea9n b\u1ecb cho c\u00e1c th\u1ee3 \u0111an v\u1ee3t h\u00e0nh trang \u0111\u1ec3 \u0111\u00f3ng g\u00f3p m\u1ed9t c\u00e1ch \u00fd ngh\u0129a cho c\u00e1c m\u00f4n th\u1ec3 thao d\u00f9ng v\u1ee3t tr\u00ean to\u00e0n th\u1ebf gi\u1edbi.<\/p>\n\n<\/div>\n<\/div>\n\n\n<figure class=\"gb-block-image gb-block-image-8fe2ab54\"><img loading=\"lazy\" decoding=\"async\" width=\"944\" height=\"411\" class=\"gb-image gb-image-8fe2ab54\" src=\"https:\/\/beststringer.com\/wp-content\/uploads\/2024\/10\/Global-Stringing-Skills-Certification-Best-Stringer-Worldwide-Badminton-Stringing-Certification.png\" alt=\"Ch\u1ee9ng nh\u1eadn K\u1ef9 n\u0103ng \u0110an c\u01b0\u1edbc V\u1ee3t To\u00e0n c\u1ea7u c\u1ee7a Best Stringer Worldwide cho c\u00e1c th\u1ee3 \u0111an v\u1ee3t chuy\u00ean nghi\u1ec7p.\" title=\"Ch\u1ee9ng nh\u1eadn K\u1ef9 n\u0103ng \u0110an c\u01b0\u1edbc V\u1ee3t To\u00e0n c\u1ea7u - Best Stringer Worldwide\" srcset=\"https:\/\/beststringer.com\/wp-content\/uploads\/2024\/10\/Global-Stringing-Skills-Certification-Best-Stringer-Worldwide-Badminton-Stringing-Certification.png 944w, https:\/\/beststringer.com\/wp-content\/uploads\/2024\/10\/Global-Stringing-Skills-Certification-Best-Stringer-Worldwide-Badminton-Stringing-Certification-300x131.png 300w, https:\/\/beststringer.com\/wp-content\/uploads\/2024\/10\/Global-Stringing-Skills-Certification-Best-Stringer-Worldwide-Badminton-Stringing-Certification-768x334.png 768w\" sizes=\"auto, (max-width: 944px) 100vw, 944px\" \/><\/figure>\n\n<\/div>\n\n<section class=\"gb-container gb-container-21e3c652\">\n<div class=\"gb-container gb-container-11344779\">\n\n<h3 class=\"gb-headline gb-headline-39f4cce2 gb-headline-text\"><span class=\"ez-toc-section\" id=\"Chung_nhan_Ky_nang_Dan_cuoc_Vot_Toan_cau\"><\/span>Ch\u1ee9ng nh\u1eadn K\u1ef9 n\u0103ng \u0110an c\u01b0\u1edbc V\u1ee3t To\u00e0n c\u1ea7u<span class=\"ez-toc-section-end\"><\/span><\/h3>\n\n\n\n<p class=\"gb-headline gb-headline-c6c5990e gb-headline-text\">Video n\u00e0y gi\u1edbi thi\u1ec7u v\u1ec1 Ch\u1ee9ng nh\u1eadn K\u1ef9 n\u0103ng \u0110an c\u01b0\u1edbc V\u1ee3t To\u00e0n c\u1ea7u c\u1ee7a BSW v\u00e0 t\u1ea7m \u1ea3nh h\u01b0\u1edfng c\u1ee7a n\u00f3 \u0111\u1ed1i v\u1edbi c\u00e1c m\u00f4n th\u1ec3 thao d\u00f9ng v\u1ee3t tr\u00ean to\u00e0n th\u1ebf gi\u1edbi. Ch\u00fang t\u00f4i s\u1ebd gi\u1ea3i th\u00edch nh\u1eefng g\u00ec c\u00e1c th\u1ee3 \u0111an v\u1ee3t \u0111\u01b0\u1ee3c ch\u1ee9ng nh\u1eadn s\u1ebd h\u1ecdc v\u00e0 c\u00e1ch nh\u1eefng k\u1ef9 n\u0103ng n\u00e0y mang l\u1ea1i l\u1ee3i \u00edch cho ng\u01b0\u1eddi ch\u01a1i tennis, c\u1ea7u l\u00f4ng v\u00e0 squash.<\/p>\n\n\n<div class=\"gb-container gb-container-ec1a2ce6\">\n<div class=\"gb-container gb-container-238a634b\"><\/div>\n<\/div>\n\n\n<div id=\"youtube-player\"><\/div>\n<script>\n  var videoLoaded = false;\n\n  function loadYouTubeVideo() {\n    if (videoLoaded) return;\n    videoLoaded = true;\n    var tag = document.createElement('script');\n    tag.src = \"https:\/\/www.youtube.com\/iframe_api\";\n    var firstScriptTag = document.getElementsByTagName('script')[0];\n    firstScriptTag.parentNode.insertBefore(tag, firstScriptTag);\n  }\n\n  function onYouTubeIframeAPIReady() {\n    new YT.Player('youtube-player', {\n      height: '360',\n      width: '640',\n      videoId: 'oWcEjWGOxOg', \/\/ Your video ID\n      events: {\n        'onReady': onPlayerReady\n      }\n    });\n  }\n\n  function onPlayerReady(event) {\n    \/\/ Video is ready to play\n  }\n\n  \/\/ Load the YouTube API script when the page is scrolled\n  window.addEventListener('scroll', loadYouTubeVideo, { once: true });\n\n  \/\/ Also load if the user hasn't scrolled after 3 seconds\n  setTimeout(loadYouTubeVideo, 3000);\n<\/script>\n\n<\/div>\n<\/section>\n\n<section class=\"gb-container gb-container-49b9586e\">\n<div class=\"gb-container gb-container-a2e9522c\"><\/div>\n\n<div class=\"gb-container gb-container-0e11192a\">\n\n<h3 class=\"gb-headline gb-headline-5cf408ee gb-headline-text\"><span class=\"ez-toc-section\" id=\"Dao_tao_Dan_cuoc_Vot_Toan_cau\"><\/span>\u0110\u00e0o t\u1ea1o \u0110an c\u01b0\u1edbc V\u1ee3t To\u00e0n c\u1ea7u<span class=\"ez-toc-section-end\"><\/span><\/h3>\n\n\n<div class=\"gb-container gb-container-daaa2e63\">\n<div class=\"gb-container gb-container-bda621fe\"><\/div>\n\n<div class=\"gb-container gb-container-4b0ac72b\"><\/div>\n<\/div>\n\n\n<p class=\"gb-headline gb-headline-edf98545 gb-headline-text\">Ch\u1ee9ng nh\u1eadn BSW \u0111\u00e0o t\u1ea1o c\u00e1c ti\u00eau chu\u1ea9n \u0111an c\u01b0\u1edbc v\u1ee3t qu\u1ed1c t\u1ebf. H\u00e3y h\u1ecdc c\u00e1ch h\u1ed7 tr\u1ee3 ng\u01b0\u1eddi ch\u01a1i tr\u00ean to\u00e0n th\u1ebf gi\u1edbi v\u1edbi c\u00e1c k\u1ef9 n\u0103ng \u0111\u00e1nh gi\u00e1 v\u1ee3t, l\u1ef1a ch\u1ecdn c\u01b0\u1edbc v\u00e0 \u0111i\u1ec1u ch\u1ec9nh pound (lbs).<\/p>\n\n\n\n<a class=\"gb-button gb-button-a29641e0 gb-button-text\" href=\"https:\/\/beststringer.com\/vi\/stringing-certificate\/\">Chi ti\u1ebft Ch\u1ee9ng nh\u1eadn<\/a>\n\n<\/div>\n<\/section>","protected":false},"excerpt":{"rendered":"<p>M\u1ed9t T\u1ea5m H\u1ed9 Chi\u1ebfu To\u00e0n C\u1ea7u cho c\u00e1c M\u00f4n Th\u1ec3 Thao D\u00f9ng V\u1ee3t Ch\u1ee9ng nh\u1eadn BSW trang b\u1ecb cho c\u00e1c th\u1ee3 \u0111an v\u1ee3t nh\u1eefng k\u1ef9 n\u0103ng \u0111\u01b0\u1ee3c c\u00f4ng nh\u1eadn qu\u1ed1c t\u1ebf. Ki\u1ebfn th\u1ee9c n\u00e0y gi\u00fap h\u1ecd h\u1ed7 tr\u1ee3 ng\u01b0\u1eddi ch\u01a1i tr\u00ean to\u00e0n th\u1ebf gi\u1edbi c\u1ea3i thi\u1ec7n tr\u1eadn \u0111\u1ea5u c\u1ee7a m\u00ecnh. Hi\u1ec3u R\u00f5 T\u1ea7m Quan Tr\u1ecdng &#8230; <a title=\"Ch\u1ee9ng Nh\u1eadn K\u1ef9 N\u0103ng \u0110an V\u1ee3t To\u00e0n C\u1ea7u\" class=\"read-more\" href=\"https:\/\/beststringer.com\/vi\/global-stringing-skills-certification\/\" aria-label=\"Read more about Ch\u1ee9ng Nh\u1eadn K\u1ef9 N\u0103ng \u0110an V\u1ee3t To\u00e0n C\u1ea7u\">Read more<\/a><\/p>\n","protected":false},"author":1,"featured_media":38271,"parent":0,"menu_order":0,"comment_status":"closed","ping_status":"closed","template":"","meta":{"footnotes":""},"class_list":{"0":"post-38270","1":"page","2":"type-page","3":"status-publish","4":"has-post-thumbnail","6":"infinite-scroll-item"},"_links":{"self":[{"href":"https:\/\/beststringer.com\/vi\/wp-json\/wp\/v2\/pages\/38270","targetHints":{"allow":["GET"]}}],"collection":[{"href":"https:\/\/beststringer.com\/vi\/wp-json\/wp\/v2\/pages"}],"about":[{"href":"https:\/\/beststringer.com\/vi\/wp-json\/wp\/v2\/types\/page"}],"author":[{"embeddable":true,"href":"https:\/\/beststringer.com\/vi\/wp-json\/wp\/v2\/users\/1"}],"replies":[{"embeddable":true,"href":"https:\/\/beststringer.com\/vi\/wp-json\/wp\/v2\/comments?post=38270"}],"version-history":[{"count":0,"href":"https:\/\/beststringer.com\/vi\/wp-json\/wp\/v2\/pages\/38270\/revisions"}],"wp:featuredmedia":[{"embeddable":true,"href":"https:\/\/beststringer.com\/vi\/wp-json\/wp\/v2\/media\/38271"}],"wp:attachment":[{"href":"https:\/\/beststringer.com\/vi\/wp-json\/wp\/v2\/media?parent=38270"}],"curies":[{"name":"wp","href":"https:\/\/api.w.org\/{rel}","templated":true}]}}