{"id":51189,"date":"2024-08-05T05:02:01","date_gmt":"2024-08-05T05:02:01","guid":{"rendered":"https:\/\/beststringer.com\/collaborations-and-recognitions\/"},"modified":"2025-10-01T10:25:08","modified_gmt":"2025-10-01T10:25:08","slug":"collaborations-and-recognitions","status":"publish","type":"page","link":"https:\/\/beststringer.com\/ga\/collaborations-and-recognitions\/","title":{"rendered":"Comhph\u00e1irt\u00edochta\u00ed BSW | Ag Cur Chun Cinn Oideachas Strenging do Strengers"},"content":{"rendered":"<div class=\"gb-container gb-container-f66bc834\">\n<div class=\"gb-container gb-container-3423e27e\">\n<div class=\"gb-container gb-container-4ea2fbf1\">\n<div id=\"ez-toc-container\" class=\"ez-toc-v2_0_82_2 ez-toc-wrap-left counter-hierarchy ez-toc-counter ez-toc-custom ez-toc-container-direction\">\n<div class=\"ez-toc-title-container\">\n<p class=\"ez-toc-title\" style=\"cursor:inherit\">Topics<\/p>\n<span class=\"ez-toc-title-toggle\"><a href=\"#\" class=\"ez-toc-pull-right ez-toc-btn ez-toc-btn-xs ez-toc-btn-default ez-toc-toggle\" aria-label=\"Toggle Table of Content\"><span class=\"ez-toc-js-icon-con\"><span class=\"\"><span class=\"eztoc-hide\" style=\"display:none;\">Toggle<\/span><span class=\"ez-toc-icon-toggle-span\"><svg style=\"fill: #ffffff;color:#ffffff\" xmlns=\"http:\/\/www.w3.org\/2000\/svg\" class=\"list-377408\" width=\"20px\" height=\"20px\" viewBox=\"0 0 24 24\" fill=\"none\"><path d=\"M6 6H4v2h2V6zm14 0H8v2h12V6zM4 11h2v2H4v-2zm16 0H8v2h12v-2zM4 16h2v2H4v-2zm16 0H8v2h12v-2z\" fill=\"currentColor\"><\/path><\/svg><svg style=\"fill: #ffffff;color:#ffffff\" class=\"arrow-unsorted-368013\" xmlns=\"http:\/\/www.w3.org\/2000\/svg\" width=\"10px\" height=\"10px\" viewBox=\"0 0 24 24\" version=\"1.2\" baseProfile=\"tiny\"><path d=\"M18.2 9.3l-6.2-6.3-6.2 6.3c-.2.2-.3.4-.3.7s.1.5.3.7c.2.2.4.3.7.3h11c.3 0 .5-.1.7-.3.2-.2.3-.5.3-.7s-.1-.5-.3-.7zM5.8 14.7l6.2 6.3 6.2-6.3c.2-.2.3-.5.3-.7s-.1-.5-.3-.7c-.2-.2-.4-.3-.7-.3h-11c-.3 0-.5.1-.7.3-.2.2-.3.5-.3.7s.1.5.3.7z\"\/><\/svg><\/span><\/span><\/span><\/a><\/span><\/div>\n<nav><ul class='ez-toc-list ez-toc-list-level-1 eztoc-toggle-hide-by-default' ><li class='ez-toc-page-1 ez-toc-heading-level-3'><a class=\"ez-toc-link ez-toc-heading-1\" href=\"https:\/\/beststringer.com\/ga\/collaborations-and-recognitions\/#Ar_gCur_Chuige_Comhoibrioch\" >\u00c1r gCur Chuige Comhoibr\u00edoch<\/a><\/li><li class='ez-toc-page-1 ez-toc-heading-level-3'><a class=\"ez-toc-link ez-toc-heading-2\" href=\"https:\/\/beststringer.com\/ga\/collaborations-and-recognitions\/#Proiseas_Aitheantais\" >Pr\u00f3iseas Aitheantais<\/a><\/li><li class='ez-toc-page-1 ez-toc-heading-level-3'><a class=\"ez-toc-link ez-toc-heading-3\" href=\"https:\/\/beststringer.com\/ga\/collaborations-and-recognitions\/#Buntaisti_an_Chomhoibrithe\" >Bunt\u00e1ist\u00ed an Chomhoibrithe<\/a><\/li><li class='ez-toc-page-1 ez-toc-heading-level-3'><a class=\"ez-toc-link ez-toc-heading-4\" href=\"https:\/\/beststringer.com\/ga\/collaborations-and-recognitions\/#Comhoibrithe_agus_Aitheantas_i_Sreangu_Racaid_ar_Fud_an_Domhain\" >Comhoibrithe agus Aitheantas i Sreang\u00fa Racaid ar Fud an Domhain<\/a><\/li><li class='ez-toc-page-1 ez-toc-heading-level-3'><a class=\"ez-toc-link ez-toc-heading-5\" href=\"https:\/\/beststringer.com\/ga\/collaborations-and-recognitions\/#Bi_Pairteach_i_Lionra_Domhanda_Sreangaithe_BSW\" >B\u00ed P\u00e1irteach i L\u00edonra Domhanda Sreangaithe BSW<\/a><\/li><\/ul><\/nav><\/div>\n\n\n\n\n<p class=\"gb-headline gb-headline-d07d49cf gb-headline-text\">Ag Best Stringer Worldwide (BSW), creidimid i gcumhacht an chomhoibrithe chun oideachas sreangaithe a chur chun cinn agus sp\u00f3irt raic\u00e9id a fheabhs\u00fa ar fud an domhain. Cuirimid f\u00e1ilte roimh chomhph\u00e1irt\u00edochta\u00ed le heagra\u00edochta\u00ed a bhfuil an fh\u00eds ch\u00e9anna acu is at\u00e1 againne: cabhr\u00fa le himreoir\u00ed feidhmi\u00fa n\u00edos fearr tr\u00ed shreang\u00fa ardchaighde\u00e1in.<\/p>\n\n<\/div>\n<\/div>\n\n<div class=\"gb-container gb-container-37db13f4\">\n<div class=\"gb-container gb-container-3021f73c\">\n\n<h3 class=\"gb-headline gb-headline-e5c79f72 gb-headline-text\"><span class=\"ez-toc-section\" id=\"Ar_gCur_Chuige_Comhoibrioch\"><\/span>\u00c1r gCur Chuige <mark style=\"background-color:rgba(0, 0, 0, 0)\" class=\"has-inline-color has-global-color-9-color\">Comhoibr\u00edoch<\/mark><span class=\"ez-toc-section-end\"><\/span><\/h3>\n\n\n\n<p class=\"gb-headline gb-headline-7d760a3f gb-headline-text\">1.<strong> Comhfh\u00eds:<\/strong><br>T\u00e1imid ag lorg eagra\u00edochta\u00ed at\u00e1 tiomanta d\u2019fheidhm\u00edocht imreoir\u00ed a fheabhs\u00fa, n\u00ed hamh\u00e1in brab\u00fas.<br>2.<strong> Ionracas Oideachais:<\/strong><br>Ba cheart do chomhph\u00e1irtithe pr\u00f3isis scr\u00fadaithe dochta, thr\u00e9dhearcacha a choinne\u00e1il.<br>3. <strong> Oili\u00faint Chuimsitheach:<\/strong><br>Is m\u00f3r againn cl\u00e1ir a chl\u00fada\u00edonn coincheapa, loighic agus teoiric an tsreangaithe go mion.<br>4.<strong> F\u00f3cas ar an Imreoir:<\/strong><br>Caithfidh comhoibritheoir\u00ed t\u00fas \u00e1ite a thabhairt do riachtanais agus d\u2019fheabhs\u00fach\u00e1n an imreora.<br>5.<strong> Feabhs\u00fa Lean\u00fanach:<\/strong><br>T\u00e1imid ag lorg eagra\u00edochta\u00ed at\u00e1 tiomanta do theicn\u00edc\u00ed sreangaithe agus don oideachas a bheacht\u00fa go lean\u00fanach.<\/p>\n\n<\/div>\n<\/div>\n\n<div class=\"gb-container gb-container-8072e76b\">\n<div class=\"gb-container gb-container-eabf3753\">\n\n<h3 class=\"gb-headline gb-headline-0ad93116 gb-headline-text\"><span class=\"ez-toc-section\" id=\"Proiseas_Aitheantais\"><\/span><strong>Pr\u00f3iseas <mark style=\"background-color:rgba(0, 0, 0, 0)\" class=\"has-inline-color has-global-color-9-color\">Aitheantais<\/mark><\/strong><span class=\"ez-toc-section-end\"><\/span><\/h3>\n\n\n\n<p class=\"gb-headline gb-headline-0e4cbc73 gb-headline-text\">Is f\u00e9idir le heagra\u00edochta\u00ed ar sp\u00e9is leo aitheantas frithph\u00e1irteach:<br>1. A gcuraclam agus a bpr\u00f3iseas scr\u00fadaithe a chur isteach le haghaidh athbhreithnithe<br>2. A l\u00e9iri\u00fa go bhfuil siad ag teacht le caighde\u00e1in oideachais BSW<br>3. Fianaise a thabhairt ar a dtiomantas d\u2019fheabhs\u00fa imreoir\u00ed<br>4. Sampla\u00ed a shol\u00e1thar den chaoi a gcuireann siad teoiric an tsreangaithe i bhfeidhm go praitici\u00fail<\/p>\n\n<\/div>\n<\/div>\n\n<div class=\"gb-container gb-container-90ecf704\">\n<div class=\"gb-container gb-container-5939e332\">\n\n<h3 class=\"gb-headline gb-headline-fd44004c gb-headline-text\"><span class=\"ez-toc-section\" id=\"Buntaisti_an_Chomhoibrithe\"><\/span><strong><mark style=\"background-color:rgba(0, 0, 0, 0)\" class=\"has-inline-color has-global-color-9-color\">Bunt\u00e1ist\u00ed<\/mark> an Chomhoibrithe<\/strong><span class=\"ez-toc-section-end\"><\/span><\/h3>\n\n\n\n<p class=\"gb-headline gb-headline-053891c0 gb-headline-text\">1. Dea-chleachtais in oideachas sreangaithe a chomhroinnt<br>2. Tras-aitheantas ar dheimhnithe, ag leathn\u00fa deiseanna do shreang\u00f3ir\u00ed<br>3. Comhthionscnaimh taighde chun tuiscint ar theicneola\u00edocht raic\u00e9id a chur chun cinn<br>4. Ceardlanna comhoibr\u00edocha chun caighde\u00e1in dhomhanda sreangaithe a fheabhs\u00fa<\/p>\n\n<\/div>\n<\/div>\n\n<div class=\"gb-container gb-container-8ae3b9c0\">\n<div class=\"gb-container gb-container-0033085e\">\n\n<p>Is \u00e9 an sprioc at\u00e1 againn n\u00e1 l\u00edonra de shol\u00e1thraithe oideachais sreangaithe d\u2019ardchaighde\u00e1n a chruth\u00fa. Tr\u00ed na comhoibrithe seo, t\u00e1 s\u00e9 mar aidhm againn caighde\u00e1n an tsreangaithe a ard\u00fa ar fud an domhain, rud a rachaidh chun tairbhe d\u2019imreoir\u00ed ag gach leibh\u00e9al ar deireadh thiar.<\/p>\n\n\n\n<p>M\u00e1 chreideann d\u2019eagra\u00edocht sna luachanna seo agus m\u00e1s mian leat comhoibri\u00fa a phl\u00e9, d\u00e9an teagmh\u00e1il linn ag <strong><a href=\"mailto:info@beststringer.com\">info@beststringer.com<\/a><\/strong>.<\/p>\n\n\n\n<p>Le ch\u00e9ile, is f\u00e9idir linn sp\u00f3irt raic\u00e9id a fheabhs\u00fa tr\u00ed oideachas sreangaithe n\u00edos fearr.<\/p>\n\n\n\n<figure class=\"gb-block-image gb-block-image-5ab81a85\"><img loading=\"lazy\" decoding=\"async\" width=\"819\" height=\"372\" class=\"gb-image gb-image-5ab81a85\" src=\"https:\/\/beststringer.com\/wp-content\/uploads\/2024\/10\/Collaborations-and-Recognitions-Best-Stringer-Worldwide-Racquet-Stringing-Certification.png\" alt=\"Deimhni\u00fa Sreangaithe Racaid \u00f3 Best Stringer Worldwide - Comhoibrithe agus Aitheantas\" title=\"Deimhni\u00fa Sreangaithe Racaid \u00f3 Best Stringer Worldwide - Comhoibrithe agus Aitheantas\" srcset=\"https:\/\/beststringer.com\/wp-content\/uploads\/2024\/10\/Collaborations-and-Recognitions-Best-Stringer-Worldwide-Racquet-Stringing-Certification.png 819w, https:\/\/beststringer.com\/wp-content\/uploads\/2024\/10\/Collaborations-and-Recognitions-Best-Stringer-Worldwide-Racquet-Stringing-Certification-300x136.png 300w, https:\/\/beststringer.com\/wp-content\/uploads\/2024\/10\/Collaborations-and-Recognitions-Best-Stringer-Worldwide-Racquet-Stringing-Certification-768x349.png 768w\" sizes=\"auto, (max-width: 819px) 100vw, 819px\" \/><\/figure>\n\n<\/div>\n<\/div>\n<\/div>\n\n<section class=\"gb-container gb-container-21e3c652\">\n<div class=\"gb-container gb-container-11344779\">\n\n<h3 class=\"gb-headline gb-headline-39f4cce2 gb-headline-text\"><span class=\"ez-toc-section\" id=\"Comhoibrithe_agus_Aitheantas_i_Sreangu_Racaid_ar_Fud_an_Domhain\"><\/span>Comhoibrithe agus Aitheantas i Sreang\u00fa Racaid ar Fud an Domhain<span class=\"ez-toc-section-end\"><\/span><\/h3>\n\n\n\n<p class=\"gb-headline gb-headline-c6c5990e gb-headline-text\">Faigh amach conas at\u00e1 BSW ag dul i gcomhph\u00e1irt\u00edocht le heagra\u00edochta\u00ed ar fud an domhain chun oideachas i sreang\u00fa racaid a fheabhs\u00fa. M\u00edn\u00edonn an f\u00edse\u00e1n seo an cur chuige comhoibr\u00edoch at\u00e1 againn, lena n-\u00e1ir\u00edtear an chaoi a roghna\u00edmid comhph\u00e1irtithe, \u00e1r bpr\u00f3iseas aitheantais, agus na bunt\u00e1ist\u00ed do shreang\u00f3ir\u00ed agus d&#8217;imreoir\u00ed. Faigh amach c\u00e9n f\u00e1th a bhfuil comhoibri\u00fa san oideachas sreangaithe t\u00e1bhachtach do thodhcha\u00ed an lead\u00f3ige, na badmantaine agus na scuaise.<\/p>\n\n\n<div class=\"gb-container gb-container-ec1a2ce6\">\n<div class=\"gb-container gb-container-238a634b\"><\/div>\n<\/div>\n\n\n<div id=\"youtube-player\"><\/div>\n<script>\n  var videoLoaded = false;\n\n  function loadYouTubeVideo() {\n    if (videoLoaded) return;\n    videoLoaded = true;\n    var tag = document.createElement('script');\n    tag.src = \"https:\/\/www.youtube.com\/iframe_api\";\n    var firstScriptTag = document.getElementsByTagName('script')[0];\n    firstScriptTag.parentNode.insertBefore(tag, firstScriptTag);\n  }\n\n  function onYouTubeIframeAPIReady() {\n    new YT.Player('youtube-player', {\n      height: '360',\n      width: '640',\n      videoId: 'B_reXwT_Stw', \/\/ Your video ID\n      events: {\n        'onReady': onPlayerReady\n      }\n    });\n  }\n\n  function onPlayerReady(event) {\n    \/\/ Video is ready to play\n  }\n\n  \/\/ Load the YouTube API script when the page is scrolled\n  window.addEventListener('scroll', loadYouTubeVideo, { once: true });\n\n  \/\/ Also load if the user hasn't scrolled after 3 seconds\n  setTimeout(loadYouTubeVideo, 3000);\n<\/script>\n\n<\/div>\n<\/section>\n\n<section class=\"gb-container gb-container-49b9586e\">\n<div class=\"gb-container gb-container-a2e9522c\"><\/div>\n\n<div class=\"gb-container gb-container-0e11192a\">\n\n<h3 class=\"gb-headline gb-headline-5cf408ee gb-headline-text\"><span class=\"ez-toc-section\" id=\"Bi_Pairteach_i_Lionra_Domhanda_Sreangaithe_BSW\"><\/span>B\u00ed P\u00e1irteach i L\u00edonra Domhanda Sreangaithe BSW<span class=\"ez-toc-section-end\"><\/span><\/h3>\n\n\n<div class=\"gb-container gb-container-daaa2e63\">\n<div class=\"gb-container gb-container-bda621fe\"><\/div>\n\n<div class=\"gb-container gb-container-4b0ac72b\"><\/div>\n<\/div>\n\n\n<p class=\"gb-headline gb-headline-edf98545 gb-headline-text\">Comhroinn eolas agus feabhsaigh an t-oideachas sreangaithe ar fud an domhain. Faigh amach conas is f\u00e9idir le d\u2019eagra\u00edocht comhoibri\u00fa le BSW chun caighde\u00e1in sp\u00f3irt raic\u00e9id a chur chun cinn.<\/p>\n\n\n\n<a class=\"gb-button gb-button-a29641e0 gb-button-text\" href=\"https:\/\/beststringer.com\/ga\/global-stringing-skills-certification\/\">Deimhni\u00fa Scileanna Domhanda<\/a>\n\n<\/div>\n<\/section>","protected":false},"excerpt":{"rendered":"<p>Ag Best Stringer Worldwide (BSW), creidimid i gcumhacht an chomhoibrithe chun oideachas sreangaithe a chur chun cinn agus sp\u00f3irt raic\u00e9id a fheabhs\u00fa ar fud an domhain. Cuirimid f\u00e1ilte roimh chomhph\u00e1irt\u00edochta\u00ed le heagra\u00edochta\u00ed a bhfuil an fh\u00eds ch\u00e9anna acu is at\u00e1 againne: cabhr\u00fa le himreoir\u00ed feidhmi\u00fa n\u00edos fearr tr\u00ed shreang\u00fa ardchaighde\u00e1in. \u00c1r gCur Chuige Comhoibr\u00edoch 1. &#8230; <a title=\"Comhph\u00e1irt\u00edochta\u00ed BSW | Ag Cur Chun Cinn Oideachas Strenging do Strengers\" class=\"read-more\" href=\"https:\/\/beststringer.com\/ga\/collaborations-and-recognitions\/\" aria-label=\"Read more about Comhph\u00e1irt\u00edochta\u00ed BSW | Ag Cur Chun Cinn Oideachas Strenging do Strengers\">Read more<\/a><\/p>\n","protected":false},"author":1,"featured_media":51190,"parent":0,"menu_order":0,"comment_status":"closed","ping_status":"closed","template":"","meta":{"footnotes":""},"class_list":{"0":"post-51189","1":"page","2":"type-page","3":"status-publish","4":"has-post-thumbnail","6":"infinite-scroll-item"},"_links":{"self":[{"href":"https:\/\/beststringer.com\/ga\/wp-json\/wp\/v2\/pages\/51189","targetHints":{"allow":["GET"]}}],"collection":[{"href":"https:\/\/beststringer.com\/ga\/wp-json\/wp\/v2\/pages"}],"about":[{"href":"https:\/\/beststringer.com\/ga\/wp-json\/wp\/v2\/types\/page"}],"author":[{"embeddable":true,"href":"https:\/\/beststringer.com\/ga\/wp-json\/wp\/v2\/users\/1"}],"replies":[{"embeddable":true,"href":"https:\/\/beststringer.com\/ga\/wp-json\/wp\/v2\/comments?post=51189"}],"version-history":[{"count":0,"href":"https:\/\/beststringer.com\/ga\/wp-json\/wp\/v2\/pages\/51189\/revisions"}],"wp:featuredmedia":[{"embeddable":true,"href":"https:\/\/beststringer.com\/ga\/wp-json\/wp\/v2\/media\/51190"}],"wp:attachment":[{"href":"https:\/\/beststringer.com\/ga\/wp-json\/wp\/v2\/media?parent=51189"}],"curies":[{"name":"wp","href":"https:\/\/api.w.org\/{rel}","templated":true}]}}