{"id":44232,"date":"2023-01-21T22:53:14","date_gmt":"2023-01-21T22:53:14","guid":{"rendered":"https:\/\/beststringer.com\/contact\/"},"modified":"2025-09-26T07:37:25","modified_gmt":"2025-09-26T07:37:25","slug":"contact","status":"publish","type":"page","link":"https:\/\/beststringer.com\/ga\/contact\/","title":{"rendered":"D\u00e9an Teagmh\u00e1il Linn"},"content":{"rendered":"<section class=\"gb-container gb-container-59128a37\">\n<div class=\"gb-container gb-container-2a36c822\">\n\n<h2 class=\"gb-headline gb-headline-6907d725 gb-headline-text\">D\u00e9an Teagmh\u00e1il le Best Stringer Worldwide (C\u00farsa\u00ed Sreang\u00f3ra Badmantain, Lead\u00f3ige agus Scuaise) <\/h2>\n\n\n\n<p><strong>Tabhair faoi deara<\/strong>: I gc\u00e1s fiosruithe maidir le hoili\u00faint i sreang\u00fa racaid n\u00f3 c\u00farsa\u00ed deimhni\u00fach\u00e1in at\u00e1 le teacht, tabhair cuairt ar do shu\u00edomh gr\u00e9as\u00e1in r\u00e9igi\u00fanach, le do thoil. <\/p>\n\n\n\n<p><strong>D&#8217;Iarratas\u00f3ir\u00ed<\/strong>: Chun iarratas a dh\u00e9anamh ar ch\u00farsa n\u00f3 ar dheimhni\u00fach\u00e1n sreang\u00f3ra badmantain, lead\u00f3ige n\u00f3 scuaise, bain \u00fas\u00e1id as an gcnaipe \u201c<a href=\"https:\/\/beststringer.com\/stringing-course-application\/\"><strong>Iarratas<\/strong><\/a>\u201d thuas. Cuid\u00edonn s\u00e9 seo len\u00e1r dt\u00e1st\u00e1laithe deimhni\u00fach\u00e1in BSW n\u00edos m\u00f3 a fhoghlaim faoi do ch\u00falra.<\/p>\n\n\n<div class=\"gb-container gb-container-5b4ac1a6\">\n\n<h2 class=\"gb-headline gb-headline-dcb2ee94 gb-headline-text\">Maidir le Deimhni\u00fach\u00e1n Sreang\u00f3ra Gairmi\u00fail BSW (Athshreang\u00fa Racaid)<\/h2>\n\n\n\n<p>Cuireann Best Stringer Worldwide <strong>C\u00farsa\u00ed Sreang\u00f3ra Badmantain, Lead\u00f3ige agus Scuaise<\/strong> ar f\u00e1il do gach leibh\u00e9al scile. Sol\u00e1thra\u00edonn \u00e1r <strong>gC\u00farsa Sreang\u00f3ra Deimhnithe<\/strong> oili\u00faint ar leibh\u00e9al gairmi\u00fail d\u00f3ibh si\u00fad ar mian leo dul chun cinn a dh\u00e9anamh.<\/p>\n\n\n\n<p>Faigheann mic l\u00e9inn a chr\u00edochna\u00edonn \u00e1r gcl\u00e1ir <strong>Teastas Sreangaithe Badmantain, Lead\u00f3ige agus Scuaise<\/strong> a l\u00e9ir\u00edonn an m\u00e9id at\u00e1 foghlamtha acu. Aithn\u00edonn Best Stringer Worldwide an <strong>Teastas Sreang\u00f3ra Deimhnithe<\/strong> in \u00e9ineacht le <a href=\"https:\/\/beststringer.com\/ga\/international-stringer-accreditation-isa\/\"><strong>ISA (Creidi\u00fan\u00fa Idirn\u00e1isi\u00fanta Sreang\u00f3ir\u00ed)<\/strong><\/a>. Is f\u00e9idir le c\u00e9imithe a bheith p\u00e1irteach in\u00e1r <strong>L\u00edonra Domhanda Pro Stringer<\/strong> de ghairmithe deimhnithe.<\/p>\n\n\n\n<p><strong>N\u00f3ta<\/strong>: Le haghaidh faisn\u00e9ise faoi ch\u00farsa\u00ed sreangaithe badmantain i do cheantar, f\u00e9ach ar do shu\u00edomh gr\u00e9as\u00e1in r\u00e9igi\u00fanach le do thoil.<\/p>\n\n\n\n<iframe src=\"https:\/\/www.google.com\/maps\/embed?pb=!1m18!1m12!1m3!1d3983.512110481107!2d101.72853037497148!3d3.22182909675331!2m3!1f0!2f0!3f0!3m2!1i1024!2i768!4f13.1!3m3!1m2!1s0x31cc3940e852d0e3%3A0xe7b0509976b40fd3!2sBest%20Stringer%20Worldwide%20(BSW)!5e0!3m2!1sen!2smy!4v1732376142879!5m2!1sen!2smy\" width=\"600\" height=\"450\" style=\"border:0;\" allowfullscreen=\"\" loading=\"lazy\" referrerpolicy=\"no-referrer-when-downgrade\"><\/iframe>\n\n<\/div>\n<\/div>\n\n<div class=\"gb-container gb-container-3ad0dd62\">\n<div class=\"gb-container gb-container-98d407db\">\n\n<h3 class=\"gb-headline gb-headline-641c0722 gb-headline-text\">Eolas Teagmh\u00e1la BSW<\/h3>\n\n\n\n<p class=\"gb-headline gb-headline-dfc34795 gb-headline-text\">( C\u00farsa agus Deimhni\u00fach\u00e1n um Shreang\u00fa Racaid )<\/p>\n\n\n\n<p>Fiosruithe Ginear\u00e1lta agus Eolas: <a href=\"mailto:general@beststringer.com\">beststringerworldwide@gmail.com<\/a><\/p>\n\n\n\n<p>T\u00e1 BSW (Best Stringer Worldwide) tiomanta do chaighde\u00e1in ch\u00e1il\u00edochta deimhni\u00fach\u00e1in a chothabh\u00e1il agus tabharfaidh s\u00e9 aghaidh ar ghear\u00e1in n\u00f3 ar aiseolas maidir le seirbh\u00eds\u00ed sreangaithe m\u00edsh\u00e1s\u00fala a shol\u00e1thra\u00edonn Sreang\u00f3ir\u00ed Deimhnithe BSW.<\/p>\n\n<\/div>\n\n<div class=\"gb-container gb-container-979a73e3\">\n\n<h3 class=\"gb-headline gb-headline-4270ba4f gb-headline-text\">Cl\u00e1r Sreangaithe: Uaireanta <mark class=\"gb-highlight\">Oibre<\/mark><\/h3>\n\n\n<div class=\"gb-container gb-container-3afbe1fd\">\n\n<p class=\"gb-headline gb-headline-c9e792f4 gb-headline-text\">An Luan<\/p>\n\n\n\n<p class=\"gb-headline gb-headline-f5f04483 gb-headline-text\">09:00 &#8211; 18:00<\/p>\n\n<\/div>\n\n<div class=\"gb-container gb-container-96995c8e\">\n\n<p class=\"gb-headline gb-headline-213d30b6 gb-headline-text\">An Mh\u00e1irt<\/p>\n\n\n\n<p class=\"gb-headline gb-headline-6c963cee gb-headline-text\">09:00 &#8211; 18:00<\/p>\n\n<\/div>\n\n<div class=\"gb-container gb-container-0701bc76\">\n\n<p class=\"gb-headline gb-headline-7952cce9 gb-headline-text\">An Ch\u00e9adaoin<\/p>\n\n\n\n<p class=\"gb-headline gb-headline-c2bd6fe9 gb-headline-text\">09:00 &#8211; 18:00<\/p>\n\n<\/div>\n\n<div class=\"gb-container gb-container-19030fca\">\n\n<p class=\"gb-headline gb-headline-ca89f9a0 gb-headline-text\">An D\u00e9ardaoin<\/p>\n\n\n\n<p class=\"gb-headline gb-headline-c1d739e4 gb-headline-text\">09:00 &#8211; 18:00<\/p>\n\n<\/div>\n\n<div class=\"gb-container gb-container-1020cc21\">\n\n<p class=\"gb-headline gb-headline-87c5890e gb-headline-text\">An Aoine<\/p>\n\n\n\n<p class=\"gb-headline gb-headline-969b20ce gb-headline-text\">09:00 &#8211; 18:00<\/p>\n\n<\/div>\n\n<div class=\"gb-container gb-container-3cd40d1a\">\n\n<p class=\"gb-headline gb-headline-9b3ff58c gb-headline-text\">An Satharn<\/p>\n\n\n\n<p class=\"gb-headline gb-headline-1c223e37 gb-headline-text\">09:00 &#8211; 18:00<\/p>\n\n<\/div>\n\n<div class=\"gb-container gb-container-6b5d7a89\">\n\n<p class=\"gb-headline gb-headline-f7d34d62 gb-headline-text\">An Domhnach<\/p>\n\n\n\n<span class=\"gb-button gb-button-3411c3f5 gb-button-text\">D\u00fanta<\/span>\n\n<\/div>\n<\/div>\n<\/div>\n<\/section>","protected":false},"excerpt":{"rendered":"<p>D\u00e9an Teagmh\u00e1il le Best Stringer Worldwide (C\u00farsa\u00ed Sreang\u00f3ra Badmantain, Lead\u00f3ige agus Scuaise) Tabhair faoi deara: I gc\u00e1s fiosruithe maidir le hoili\u00faint i sreang\u00fa racaid n\u00f3 c\u00farsa\u00ed deimhni\u00fach\u00e1in at\u00e1 le teacht, tabhair cuairt ar do shu\u00edomh gr\u00e9as\u00e1in r\u00e9igi\u00fanach, le do thoil. D&#8217;Iarratas\u00f3ir\u00ed: Chun iarratas a dh\u00e9anamh ar ch\u00farsa n\u00f3 ar dheimhni\u00fach\u00e1n sreang\u00f3ra badmantain, lead\u00f3ige n\u00f3 scuaise, &#8230; <a title=\"D\u00e9an Teagmh\u00e1il Linn\" class=\"read-more\" href=\"https:\/\/beststringer.com\/ga\/contact\/\" aria-label=\"Read more about D\u00e9an Teagmh\u00e1il Linn\">Read more<\/a><\/p>\n","protected":false},"author":1,"featured_media":0,"parent":0,"menu_order":0,"comment_status":"closed","ping_status":"closed","template":"","meta":{"footnotes":""},"class_list":{"0":"post-44232","1":"page","2":"type-page","3":"status-publish","5":"infinite-scroll-item"},"_links":{"self":[{"href":"https:\/\/beststringer.com\/ga\/wp-json\/wp\/v2\/pages\/44232","targetHints":{"allow":["GET"]}}],"collection":[{"href":"https:\/\/beststringer.com\/ga\/wp-json\/wp\/v2\/pages"}],"about":[{"href":"https:\/\/beststringer.com\/ga\/wp-json\/wp\/v2\/types\/page"}],"author":[{"embeddable":true,"href":"https:\/\/beststringer.com\/ga\/wp-json\/wp\/v2\/users\/1"}],"replies":[{"embeddable":true,"href":"https:\/\/beststringer.com\/ga\/wp-json\/wp\/v2\/comments?post=44232"}],"version-history":[{"count":0,"href":"https:\/\/beststringer.com\/ga\/wp-json\/wp\/v2\/pages\/44232\/revisions"}],"wp:attachment":[{"href":"https:\/\/beststringer.com\/ga\/wp-json\/wp\/v2\/media?parent=44232"}],"curies":[{"name":"wp","href":"https:\/\/api.w.org\/{rel}","templated":true}]}}