{"id":42525,"date":"2024-09-06T14:15:15","date_gmt":"2024-09-06T14:15:15","guid":{"rendered":"https:\/\/beststringer.com\/latest-racquet-stringing-knowledge\/"},"modified":"2025-09-25T23:19:31","modified_gmt":"2025-09-25T23:19:31","slug":"latest-racquet-stringing-knowledge","status":"publish","type":"page","link":"https:\/\/beststringer.com\/ga\/latest-racquet-stringing-knowledge\/","title":{"rendered":"Eolas is D\u00e9ana\u00ed ar Theann\u00e1il Raic\u00e9id"},"content":{"rendered":"<section class=\"gb-container gb-container-3a9f20fb\">\n\n<h3 class=\"gb-headline gb-headline-5cf408ee gb-headline-text\">An tEolas is D\u00e9ana\u00ed ar Shreang\u00fa Racaid<\/h3>\n\n\n<div class=\"gb-container gb-container-daaa2e63\">\n<div class=\"gb-container gb-container-bda621fe\"><\/div>\n\n<div class=\"gb-container gb-container-4b0ac72b\"><\/div>\n<\/div>\n\n\n<p>Ar an leathanach seo, gheobhaidh t\u00fa eolas cothrom le d\u00e1ta, modhanna cruthaithe, agus comhairle \u00f3 shaineolaithe chun do scileanna sreangaithe a fheabhs\u00fa. Coinnigh ar an eolas faoi na forbairt\u00ed is d\u00e9ana\u00ed i sreang\u00fa racaid chun d&#8217;fheidhm\u00edocht agus c\u00e1il\u00edocht do sheirbh\u00edse a fheabhs\u00fa.<\/p>\n\n\n<div id=\"footable_parent_3739\"\n         class=\" footable_parent ninja_table_wrapper loading_ninja_table wp_table_data_press_parent bootstrap3 colored_table\">\n                <table data-ninja_table_instance=\"ninja_table_instance_0\" data-footable_id=\"3739\" data-filter-delay=\"1000\" aria-label=\"Knowledge sharing update\"            id=\"footable_3739\"\n           data-unique_identifier=\"ninja_table_unique_id_1909313299_3739\"\n           class=\" foo-table ninja_footable foo_table_3739 ninja_table_unique_id_1909313299_3739 table  ninja_search_right nt_type_legacy_table vertical_centered ninja_custom_color inverted footable-paging-right hide_stacked_th ninja_table_pro\">\n                <colgroup>\n                            <col class=\"ninja_column_0 \">\n                            <col class=\"ninja_column_1 \">\n                            <col class=\"ninja_column_2 \">\n                            <col class=\"ninja_column_3 \">\n                    <\/colgroup>\n        <thead>\n<tr class=\"footable-header\">\n                                                                        <th scope=\"col\"  class=\"ninja_column_0 ninja_clmn_nm_posttitle \">Title<\/th><th scope=\"col\"  class=\"ninja_column_1 ninja_clmn_nm_postcategory \">Category<\/th><th scope=\"col\"  class=\"ninja_column_2 ninja_clmn_nm_poststatus \">Status<\/th><th scope=\"col\"  class=\"ninja_column_3 ninja_clmn_nm_post_location \"><\/th><\/tr>\n<\/thead>\n<tbody>\n\n        <tr data-row_id=\"0\" class=\"ninja_table_row_0 nt_row_id_0\">\n            <td>Fundamentals of Badminton Rackets and Strings<\/td><td>Badminton<\/td><td>publish<\/td><td><a   class=\"nt_btn nt_rounded_btn\" style=\"color: rgba(255, 255, 255, 1);background-color: rgba(74, 144, 226, 1);border-color: rgba(58, 123, 200, 1);\" rel=\"\" href=\"https:\/\/beststringer.com\/ga\/badminton-racket-and-string-basics\/\">Read More<\/a><\/td>        <\/tr>\n            <tr data-row_id=\"1\" class=\"ninja_table_row_1 nt_row_id_1\">\n            <td>The Ultimate Badminton Racket Selection Guide - Best Stringer Worldwide (BSW) Certification Course<\/td><td>Interactive Guides<\/td><td>publish<\/td><td><a   class=\"nt_btn nt_rounded_btn\" style=\"color: rgba(255, 255, 255, 1);background-color: rgba(74, 144, 226, 1);border-color: rgba(58, 123, 200, 1);\" rel=\"\" href=\"https:\/\/beststringer.com\/ga\/racquet-selection-guide-interactive\/\">Read More<\/a><\/td>        <\/tr>\n            <tr data-row_id=\"2\" class=\"ninja_table_row_2 nt_row_id_2\">\n            <td>Raic\u00e9id badmantain n\u00edos righne agus freagairt chomhsheasmhach ar fud aghaidh na raic\u00e9id<\/td><td>Badminton<\/td><td>publish<\/td><td><a   class=\"nt_btn nt_rounded_btn\" style=\"color: rgba(255, 255, 255, 1);background-color: rgba(74, 144, 226, 1);border-color: rgba(58, 123, 200, 1);\" rel=\"\" href=\"https:\/\/beststringer.com\/ga\/how-does-racquet-stiffness-affect-consistent-returns\/\">Read More<\/a><\/td>        <\/tr>\n            <tr data-row_id=\"3\" class=\"ninja_table_row_3 nt_row_id_3\">\n            <td>Teaghr\u00e1na\u00ed Deimhnithe Gosen Haribito vs BSW: C\u00e9n f\u00e1th nach ionann deimhni\u00fa branda agus f\u00edorscileanna teaghr\u00e1naithe<\/td><td>Certified Stringer Knowledge<\/td><td>publish<\/td><td><a   class=\"nt_btn nt_rounded_btn\" style=\"color: rgba(255, 255, 255, 1);background-color: rgba(74, 144, 226, 1);border-color: rgba(58, 123, 200, 1);\" rel=\"\" href=\"https:\/\/beststringer.com\/ga\/gosen-haribito-certified-stringer-vs-bsw-why-brand-certification-is-not-the-same-as-real-stringer-skill\/\">Read More<\/a><\/td>        <\/tr>\n            <tr data-row_id=\"4\" class=\"ninja_table_row_4 nt_row_id_4\">\n            <td>Gosen Haribito vs BSW: C\u00e9n f\u00e1th nach ionann brand\u00e1il modh teaghr\u00e1naithe agus f\u00edorscileanna teaghr\u00e1naithe<\/td><td>Certified Stringer Knowledge<\/td><td>publish<\/td><td><a   class=\"nt_btn nt_rounded_btn\" style=\"color: rgba(255, 255, 255, 1);background-color: rgba(74, 144, 226, 1);border-color: rgba(58, 123, 200, 1);\" rel=\"\" href=\"https:\/\/beststringer.com\/ga\/gosen-haribito-vs-bsw-why-stringing-method-branding-is-not-the-same-as-real-stringing-skill\/\">Read More<\/a><\/td>        <\/tr>\n            <tr data-row_id=\"5\" class=\"ninja_table_row_5 nt_row_id_5\">\n            <td>ERSA vs BSW 2026: C\u00e9n f\u00e1th a dteasta\u00edonn f\u00edorchaighde\u00e1in \u00f3 dheimhni\u00fa iontaofa teaghr\u00e1naithe<\/td><td>Certified Stringer Knowledge<\/td><td>publish<\/td><td><a   class=\"nt_btn nt_rounded_btn\" style=\"color: rgba(255, 255, 255, 1);background-color: rgba(74, 144, 226, 1);border-color: rgba(58, 123, 200, 1);\" rel=\"\" href=\"https:\/\/beststringer.com\/ga\/ersa-vs-bsw-2026-why-reliable-stringer-certification-needs-real-standards\/\">Read More<\/a><\/td>        <\/tr>\n            <tr data-row_id=\"6\" class=\"ninja_table_row_6 nt_row_id_6\">\n            <td>Foireann Teaghr\u00e1naithe Yonex vs BSW: C\u00e9n f\u00e1th nach ionann \u00edomh\u00e1 branda agus f\u00edoroideachas teaghr\u00e1naithe<\/td><td>Certified Stringer Knowledge<\/td><td>publish<\/td><td><a   class=\"nt_btn nt_rounded_btn\" style=\"color: rgba(255, 255, 255, 1);background-color: rgba(74, 144, 226, 1);border-color: rgba(58, 123, 200, 1);\" rel=\"\" href=\"https:\/\/beststringer.com\/ga\/yonex-stringing-team-vs-bsw-why-brand-image-is-not-the-same-as-real-stringing-education\/\">Read More<\/a><\/td>        <\/tr>\n            <tr data-row_id=\"7\" class=\"ninja_table_row_7 nt_row_id_7\">\n            <td>GRSA vs BSW 2026: C\u00e9n f\u00e1th a bhfuil deimhni\u00fa teaghr\u00e1naithe nuashonraithe i ranganna beaga t\u00e1bhachtach<\/td><td>Certified Stringer Knowledge<\/td><td>publish<\/td><td><a   class=\"nt_btn nt_rounded_btn\" style=\"color: rgba(255, 255, 255, 1);background-color: rgba(74, 144, 226, 1);border-color: rgba(58, 123, 200, 1);\" rel=\"\" href=\"https:\/\/beststringer.com\/ga\/grsa-vs-bsw-2026-why-small-class-updated-stringer-certification-matters\/\">Read More<\/a><\/td>        <\/tr>\n            <tr data-row_id=\"8\" class=\"ninja_table_row_8 nt_row_id_8\">\n            <td>USRSA vs BSW 2026: C\u00e9n f\u00e1th a bhfuil deimhni\u00fa teaghr\u00e1naithe nuashonraithe t\u00e1bhachtach<\/td><td>Certified Stringer Knowledge<\/td><td>publish<\/td><td><a   class=\"nt_btn nt_rounded_btn\" style=\"color: rgba(255, 255, 255, 1);background-color: rgba(74, 144, 226, 1);border-color: rgba(58, 123, 200, 1);\" rel=\"\" href=\"https:\/\/beststringer.com\/ga\/usrsa-vs-bsw-2026-why-updated-stringer-certification-matters\/\">Read More<\/a><\/td>        <\/tr>\n            <tr data-row_id=\"9\" class=\"ninja_table_row_9 nt_row_id_9\">\n            <td>Treoir maidir le Me\u00e1chan Luascadh Raic\u00e9id Badmantain: Me\u00e1chan, Cothroma\u00edocht agus Fad le Ch\u00e9ile<\/td><td>Uncategorized @ga<\/td><td>publish<\/td><td><a   class=\"nt_btn nt_rounded_btn\" style=\"color: rgba(255, 255, 255, 1);background-color: rgba(74, 144, 226, 1);border-color: rgba(58, 123, 200, 1);\" rel=\"\" href=\"https:\/\/beststringer.com\/ga\/badminton-racquet-swing-weight-guide-weight-balance-and-length-combined\/\">Read More<\/a><\/td>        <\/tr>\n            <tr data-row_id=\"10\" class=\"ninja_table_row_10 nt_row_id_10\">\n            <td>Treoir maidir le Fad Raic\u00e9id Badmantain: Raic\u00e9id Chaighde\u00e1nacha vs Raic\u00e9id N\u00edos Faide<\/td><td>Uncategorized @ga<\/td><td>publish<\/td><td><a   class=\"nt_btn nt_rounded_btn\" style=\"color: rgba(255, 255, 255, 1);background-color: rgba(74, 144, 226, 1);border-color: rgba(58, 123, 200, 1);\" rel=\"\" href=\"https:\/\/beststringer.com\/ga\/badminton-racquet-length-guide-standard-vs-longer-racquets\/\">Read More<\/a><\/td>        <\/tr>\n            <tr data-row_id=\"11\" class=\"ninja_table_row_11 nt_row_id_11\">\n            <td>Treoir maidir le Pointe Cothroma\u00edochta Raic\u00e9id Badmantain: Raic\u00e9id ceann-throm vs ceann-\u00e9adrom<\/td><td>Uncategorized @ga<\/td><td>publish<\/td><td><a   class=\"nt_btn nt_rounded_btn\" style=\"color: rgba(255, 255, 255, 1);background-color: rgba(74, 144, 226, 1);border-color: rgba(58, 123, 200, 1);\" rel=\"\" href=\"https:\/\/beststringer.com\/ga\/badminton-racquet-balance-point-head-heavy-vs-head-light-racquets\/\">Read More<\/a><\/td>        <\/tr>\n            <tr data-row_id=\"12\" class=\"ninja_table_row_12 nt_row_id_12\">\n            <td>Anail\u00eds ar Mhe\u00e1chan Raic\u00e9id Badmantain: U, 2U, 3U, 4U agus Oiri\u00fanacht don Imreoir<\/td><td>Uncategorized @ga<\/td><td>publish<\/td><td><a   class=\"nt_btn nt_rounded_btn\" style=\"color: rgba(255, 255, 255, 1);background-color: rgba(74, 144, 226, 1);border-color: rgba(58, 123, 200, 1);\" rel=\"\" href=\"https:\/\/beststringer.com\/ga\/badminton-racquet-weight-analysis-u-2u-3u-4u-and-player-suitability\/\">Read More<\/a><\/td>        <\/tr>\n            <tr data-row_id=\"13\" class=\"ninja_table_row_13 nt_row_id_13\">\n            <td>Treoir maidir le Roghn\u00fa Raic\u00e9id Badmantain agus Comhairli\u00fach\u00e1n Imreoir\u00ed<\/td><td>Uncategorized @ga<\/td><td>publish<\/td><td><a   class=\"nt_btn nt_rounded_btn\" style=\"color: rgba(255, 255, 255, 1);background-color: rgba(74, 144, 226, 1);border-color: rgba(58, 123, 200, 1);\" rel=\"\" href=\"https:\/\/beststringer.com\/ga\/badminton-racquet-selection-and-player-consultation-guide\/\">Read More<\/a><\/td>        <\/tr>\n            <tr data-row_id=\"14\" class=\"ninja_table_row_14 nt_row_id_14\">\n            <td>Dl\u00fas teaghr\u00e1n badmantain n\u00edos \u00edsle agus n\u00edos m\u00f3 casadh ar an eite\u00e1n<\/td><td>Uncategorized @ga<\/td><td>publish<\/td><td><a   class=\"nt_btn nt_rounded_btn\" style=\"color: rgba(255, 255, 255, 1);background-color: rgba(74, 144, 226, 1);border-color: rgba(58, 123, 200, 1);\" rel=\"\" href=\"https:\/\/beststringer.com\/ga\/lower-badminton-string-density-and-more-shuttle-spin\/\">Read More<\/a><\/td>        <\/tr>\n            <tr data-row_id=\"15\" class=\"ninja_table_row_15 nt_row_id_15\">\n            <td>Teaghr\u00e1in badmantain n\u00edos tana\u00ed agus n\u00edos m\u00f3 casadh ar an eite\u00e1n<\/td><td>Uncategorized @ga<\/td><td>publish<\/td><td><a   class=\"nt_btn nt_rounded_btn\" style=\"color: rgba(255, 255, 255, 1);background-color: rgba(74, 144, 226, 1);border-color: rgba(58, 123, 200, 1);\" rel=\"\" href=\"https:\/\/beststringer.com\/ga\/thinner-badminton-strings-and-more-shuttle-spin\/\">Read More<\/a><\/td>        <\/tr>\n            <tr data-row_id=\"16\" class=\"ninja_table_row_16 nt_row_id_16\">\n            <td>Teaghr\u00e1in badmantain n\u00edos boige, bratuithe n\u00edos boige agus creathadh laghdaithe<\/td><td>Uncategorized @ga<\/td><td>publish<\/td><td><a   class=\"nt_btn nt_rounded_btn\" style=\"color: rgba(255, 255, 255, 1);background-color: rgba(74, 144, 226, 1);border-color: rgba(58, 123, 200, 1);\" rel=\"\" href=\"https:\/\/beststringer.com\/ga\/softer-badminton-strings-softer-coatings-and-reduced-vibration\/\">Read More<\/a><\/td>        <\/tr>\n            <tr data-row_id=\"17\" class=\"ninja_table_row_17 nt_row_id_17\">\n            <td>Teaghr\u00e1in badmantain n\u00edos leaisteacha agus gini\u00faint cumhachta n\u00edos \u00e9asca<\/td><td>Uncategorized @ga<\/td><td>publish<\/td><td><a   class=\"nt_btn nt_rounded_btn\" style=\"color: rgba(255, 255, 255, 1);background-color: rgba(74, 144, 226, 1);border-color: rgba(58, 123, 200, 1);\" rel=\"\" href=\"https:\/\/beststringer.com\/ga\/more-elastic-badminton-strings-and-easier-power-generation\/\">Read More<\/a><\/td>        <\/tr>\n            <tr data-row_id=\"18\" class=\"ninja_table_row_18 nt_row_id_18\">\n            <td>Teaghr\u00e1in badmantain n\u00edos tana\u00ed agus gini\u00faint cumhachta n\u00edos \u00e9asca<\/td><td>Uncategorized @ga<\/td><td>publish<\/td><td><a   class=\"nt_btn nt_rounded_btn\" style=\"color: rgba(255, 255, 255, 1);background-color: rgba(74, 144, 226, 1);border-color: rgba(58, 123, 200, 1);\" rel=\"\" href=\"https:\/\/beststringer.com\/ga\/thinner-badminton-strings-and-easier-power-generation\/\">Read More<\/a><\/td>        <\/tr>\n            <tr data-row_id=\"19\" class=\"ninja_table_row_19 nt_row_id_19\">\n            <td>Dl\u00fas teaghr\u00e1n badmantain n\u00edos \u00edsle agus n\u00edos m\u00f3 cumhachta \u00f3n leaba teaghr\u00e1n<\/td><td>Uncategorized @ga<\/td><td>publish<\/td><td><a   class=\"nt_btn nt_rounded_btn\" style=\"color: rgba(255, 255, 255, 1);background-color: rgba(74, 144, 226, 1);border-color: rgba(58, 123, 200, 1);\" rel=\"\" href=\"https:\/\/beststringer.com\/ga\/lower-badminton-string-density-and-more-stringbed-power\/\">Read More<\/a><\/td>        <\/tr>\n            <tr data-row_id=\"20\" class=\"ninja_table_row_20 nt_row_id_20\">\n            <td>Teaghr\u00e1in badmantain n\u00edos faide, achar leaba teaghr\u00e1n n\u00edos m\u00f3 agus n\u00edos m\u00f3 cumhachta<\/td><td>Uncategorized @ga<\/td><td>publish<\/td><td><a   class=\"nt_btn nt_rounded_btn\" style=\"color: rgba(255, 255, 255, 1);background-color: rgba(74, 144, 226, 1);border-color: rgba(58, 123, 200, 1);\" rel=\"\" href=\"https:\/\/beststringer.com\/ga\/longer-badminton-strings-larger-stringbed-area-and-more-power\/\">Read More<\/a><\/td>        <\/tr>\n            <tr data-row_id=\"21\" class=\"ninja_table_row_21 nt_row_id_21\">\n            <td>Teannas teaghr\u00e1n badmantain n\u00edos airde agus smacht n\u00edos fearr ar an eite\u00e1n<\/td><td>Uncategorized @ga<\/td><td>publish<\/td><td><a   class=\"nt_btn nt_rounded_btn\" style=\"color: rgba(255, 255, 255, 1);background-color: rgba(74, 144, 226, 1);border-color: rgba(58, 123, 200, 1);\" rel=\"\" href=\"https:\/\/beststringer.com\/ga\/higher-badminton-string-tension-and-better-shuttle-control\/\">Read More<\/a><\/td>        <\/tr>\n            <tr data-row_id=\"22\" class=\"ninja_table_row_22 nt_row_id_22\">\n            <td>Teannas teaghr\u00e1n badmantain n\u00edos \u00edsle agus gini\u00faint cumhachta<\/td><td>Uncategorized @ga<\/td><td>publish<\/td><td><a   class=\"nt_btn nt_rounded_btn\" style=\"color: rgba(255, 255, 255, 1);background-color: rgba(74, 144, 226, 1);border-color: rgba(58, 123, 200, 1);\" rel=\"\" href=\"https:\/\/beststringer.com\/ga\/lower-badminton-string-tension-and-power-generation\/\">Read More<\/a><\/td>        <\/tr>\n            <tr data-row_id=\"23\" class=\"ninja_table_row_23 nt_row_id_23\">\n            <td>Raic\u00e9id badmantain n\u00edos faide, luas luascadh n\u00edos tap\u00fala agus n\u00edos m\u00f3 casadh ar an eite\u00e1n<\/td><td>Uncategorized @ga<\/td><td>publish<\/td><td><a   class=\"nt_btn nt_rounded_btn\" style=\"color: rgba(255, 255, 255, 1);background-color: rgba(74, 144, 226, 1);border-color: rgba(58, 123, 200, 1);\" rel=\"\" href=\"https:\/\/beststringer.com\/ga\/longer-badminton-racquets-faster-swing-speed-and-more-shuttle-spin\/\">Read More<\/a><\/td>        <\/tr>\n            <tr data-row_id=\"24\" class=\"ninja_table_row_24 nt_row_id_24\">\n            <td>Raic\u00e9id badmantain n\u00edos faide agus luas luascadh n\u00edos airde le haghaidh n\u00edos m\u00f3 cumhachta<\/td><td>Uncategorized @ga<\/td><td>publish<\/td><td><a   class=\"nt_btn nt_rounded_btn\" style=\"color: rgba(255, 255, 255, 1);background-color: rgba(74, 144, 226, 1);border-color: rgba(58, 123, 200, 1);\" rel=\"\" href=\"https:\/\/beststringer.com\/ga\/longer-badminton-racquets-and-higher-swing-speed-for-more-power\/\">Read More<\/a><\/td>        <\/tr>\n            <tr data-row_id=\"25\" class=\"ninja_table_row_25 nt_row_id_25\">\n            <td>Aghaidh raic\u00e9id badmantain n\u00edos m\u00f3 agus sweet spot n\u00edos m\u00f3<\/td><td>Uncategorized @ga<\/td><td>publish<\/td><td><a   class=\"nt_btn nt_rounded_btn\" style=\"color: rgba(255, 255, 255, 1);background-color: rgba(74, 144, 226, 1);border-color: rgba(58, 123, 200, 1);\" rel=\"\" href=\"https:\/\/beststringer.com\/ga\/what-are-the-fundamentals-of-racquet-face-size-sweet-spot\/\">Read More<\/a><\/td>        <\/tr>\n            <tr data-row_id=\"26\" class=\"ninja_table_row_26 nt_row_id_26\">\n            <td>Aghaidh raic\u00e9id badmantain n\u00edos m\u00f3 agus cobhsa\u00edocht torsionach n\u00edos l\u00e1idre<\/td><td>Uncategorized @ga<\/td><td>publish<\/td><td><a   class=\"nt_btn nt_rounded_btn\" style=\"color: rgba(255, 255, 255, 1);background-color: rgba(74, 144, 226, 1);border-color: rgba(58, 123, 200, 1);\" rel=\"\" href=\"https:\/\/beststringer.com\/ga\/what-are-the-fundamentals-of-face-size-stability\/\">Read More<\/a><\/td>        <\/tr>\n            <tr data-row_id=\"27\" class=\"ninja_table_row_27 nt_row_id_27\">\n            <td>Aghaidh raic\u00e9id badmantain n\u00edos m\u00f3 agus gini\u00faint cumhachta<\/td><td>Uncategorized @ga<\/td><td>publish<\/td><td><a   class=\"nt_btn nt_rounded_btn\" style=\"color: rgba(255, 255, 255, 1);background-color: rgba(74, 144, 226, 1);border-color: rgba(58, 123, 200, 1);\" rel=\"\" href=\"https:\/\/beststringer.com\/ga\/how-does-racquet-face-size-affect-power-generation\/\">Read More<\/a><\/td>        <\/tr>\n            <tr data-row_id=\"28\" class=\"ninja_table_row_28 nt_row_id_28\">\n            <td>Fr\u00e1ma\u00ed raic\u00e9id badmantain n\u00edos righne agus m\u00e9id an sweet spot<\/td><td>Badminton<\/td><td>publish<\/td><td><a   class=\"nt_btn nt_rounded_btn\" style=\"color: rgba(255, 255, 255, 1);background-color: rgba(74, 144, 226, 1);border-color: rgba(58, 123, 200, 1);\" rel=\"\" href=\"https:\/\/beststringer.com\/ga\/stiffer-badminton-racquet-frames-and-sweet-spot-size\/\">Read More<\/a><\/td>        <\/tr>\n            <tr data-row_id=\"29\" class=\"ninja_table_row_29 nt_row_id_29\">\n            <td>Tuiscint ar Righneas an Fhr\u00e1ma agus M\u00e9id an Sweet Spot<\/td><td>Badminton<\/td><td>publish<\/td><td><a   class=\"nt_btn nt_rounded_btn\" style=\"color: rgba(255, 255, 255, 1);background-color: rgba(74, 144, 226, 1);border-color: rgba(58, 123, 200, 1);\" rel=\"\" href=\"https:\/\/beststringer.com\/ga\/understanding-frame-stiffness-and-sweet-spot-size\/\">Read More<\/a><\/td>        <\/tr>\n            <tr data-row_id=\"30\" class=\"ninja_table_row_30 nt_row_id_30\">\n            <td>Tuiscint ar Righneas an Fhr\u00e1ma agus Cumhacht<\/td><td>Badminton<\/td><td>publish<\/td><td><a   class=\"nt_btn nt_rounded_btn\" style=\"color: rgba(255, 255, 255, 1);background-color: rgba(74, 144, 226, 1);border-color: rgba(58, 123, 200, 1);\" rel=\"\" href=\"https:\/\/beststringer.com\/ga\/understanding-frame-stiffness-and-power\/\">Read More<\/a><\/td>        <\/tr>\n            <tr data-row_id=\"31\" class=\"ninja_table_row_31 nt_row_id_31\">\n            <td>Tuiscint ar Mhe\u00e1chan na Raic\u00e9id agus M\u00e9id an Sweet Spot<\/td><td>Badminton<\/td><td>publish<\/td><td><a   class=\"nt_btn nt_rounded_btn\" style=\"color: rgba(255, 255, 255, 1);background-color: rgba(74, 144, 226, 1);border-color: rgba(58, 123, 200, 1);\" rel=\"\" href=\"https:\/\/beststringer.com\/ga\/understanding-racquet-weight-and-sweet-spot-size\/\">Read More<\/a><\/td>        <\/tr>\n    <\/tbody><!--ninja_tobody_rendering_done-->\n    <\/table>\n    \n    \n    \n<\/div>\n\n\n<\/section>","protected":false},"excerpt":{"rendered":"<p>An tEolas is D\u00e9ana\u00ed ar Shreang\u00fa Racaid Ar an leathanach seo, gheobhaidh t\u00fa eolas cothrom le d\u00e1ta, modhanna cruthaithe, agus comhairle \u00f3 shaineolaithe chun do scileanna sreangaithe a fheabhs\u00fa. Coinnigh ar an eolas faoi na forbairt\u00ed is d\u00e9ana\u00ed i sreang\u00fa racaid chun d&#8217;fheidhm\u00edocht agus c\u00e1il\u00edocht do sheirbh\u00edse a fheabhs\u00fa.<\/p>\n","protected":false},"author":1,"featured_media":42526,"parent":0,"menu_order":0,"comment_status":"closed","ping_status":"closed","template":"","meta":{"footnotes":""},"class_list":{"0":"post-42525","1":"page","2":"type-page","3":"status-publish","4":"has-post-thumbnail","6":"infinite-scroll-item"},"_links":{"self":[{"href":"https:\/\/beststringer.com\/ga\/wp-json\/wp\/v2\/pages\/42525","targetHints":{"allow":["GET"]}}],"collection":[{"href":"https:\/\/beststringer.com\/ga\/wp-json\/wp\/v2\/pages"}],"about":[{"href":"https:\/\/beststringer.com\/ga\/wp-json\/wp\/v2\/types\/page"}],"author":[{"embeddable":true,"href":"https:\/\/beststringer.com\/ga\/wp-json\/wp\/v2\/users\/1"}],"replies":[{"embeddable":true,"href":"https:\/\/beststringer.com\/ga\/wp-json\/wp\/v2\/comments?post=42525"}],"version-history":[{"count":0,"href":"https:\/\/beststringer.com\/ga\/wp-json\/wp\/v2\/pages\/42525\/revisions"}],"wp:featuredmedia":[{"embeddable":true,"href":"https:\/\/beststringer.com\/ga\/wp-json\/wp\/v2\/media\/42526"}],"wp:attachment":[{"href":"https:\/\/beststringer.com\/ga\/wp-json\/wp\/v2\/media?parent=42525"}],"curies":[{"name":"wp","href":"https:\/\/api.w.org\/{rel}","templated":true}]}}