{"id":41652,"date":"2023-01-21T22:52:31","date_gmt":"2023-01-21T22:52:31","guid":{"rendered":"https:\/\/beststringer.com\/racquet-stringing-training-courses-and-services\/"},"modified":"2025-09-25T07:23:42","modified_gmt":"2025-09-25T07:23:42","slug":"racquet-stringing-training-courses-and-services","status":"publish","type":"page","link":"https:\/\/beststringer.com\/ga\/racquet-stringing-training-courses-and-services\/","title":{"rendered":"C\u00farsa\u00ed &amp; Deimhni\u00fach\u00e1n i nAth-theannadh Raic\u00e9id Badminton"},"content":{"rendered":"<section class=\"gb-container gb-container-f2eb6521\">\n\n\n\n<p>Faigh an c\u00farsa agus an oili\u00faint is d\u00e9ana\u00ed i sreang\u00fa racaid\u00ed \u00f3 BSW, \u00e1 dtairiscint ag \u00e1r dteagasc\u00f3ir sreangaithe gairmi\u00fail.<\/p>\n\n\n<div class=\"gb-grid-wrapper gb-grid-wrapper-4b9b7e10\">\n\n<div class=\"gb-grid-column gb-grid-column-491939a3\"><div class=\"gb-container gb-container-491939a3\">\n\n\n\n<p class=\"gb-headline gb-headline-6035f175 gb-headline-text\"><strong>BSW<\/strong><\/p>\n\n\n<div class=\"gb-container gb-container-731ae20e\">\n\n<div class=\"gb-container gb-container-d96e7a76\"><\/div>\n\n<\/div>\n\n\n\n<h2 class=\"gb-headline gb-headline-2834ed4d gb-headline-text\">C\u00farsa Sreangaithe Badmantain<\/h2>\n\n\n\n\n<p class=\"gb-headline gb-headline-23954af5 gb-headline-text\">Foghlaim bunchumais sreangaithe agus teicn\u00edc\u00ed chun racaid\u00ed a ullmh\u00fa.<\/p>\n\n\n\n\n\n<a class=\"gb-button gb-button-78ef4961\" href=\"https:\/\/beststringer.com\/zh-hans\/badminton-stringing-course\/\"><span class=\"gb-button-text\">Tuilleadh eolais<\/span><span class=\"gb-icon\"><svg viewBox=\"0 0 512 512\" xmlns=\"http:\/\/www.w3.org\/2000\/svg\"><path d=\"M502.6 278.6c12.5-12.5 12.5-32.8 0-45.3l-128-128c-12.5-12.5-32.8-12.5-45.3 0s-12.5 32.8 0 45.3l73.4 73.4H32c-17.7 0-32 14.3-32 32s14.3 32 32 32h370.7l-73.4 73.4c-12.5 12.5-12.5 32.8 0 45.3s32.8 12.5 45.3 0l128-128z\"><\/path><\/svg><\/span><\/a>\n\n\n\n<\/div><\/div>\n\n<div class=\"gb-grid-column gb-grid-column-29bf4487\"><div class=\"gb-container gb-container-29bf4487\">\n\n\n\n<p class=\"gb-headline gb-headline-0a24fd0f gb-headline-text\"><strong>BSW<\/strong><\/p>\n\n\n<div class=\"gb-container gb-container-d0553944\">\n\n<div class=\"gb-container gb-container-09d00176\"><\/div>\n\n<\/div>\n\n\n\n<h2 class=\"gb-headline gb-headline-4addc0f7 gb-headline-text\">Ceardlann Sreangaithe Badmantain<\/h2>\n\n\n\n\n<p class=\"gb-headline gb-headline-1c19adbf gb-headline-text\">Foghlaim modhanna sreangaithe gairmi\u00fala agus cu\u00ed do racaid\u00ed badmantain.<\/p>\n\n\n\n\n\n<a class=\"gb-button gb-button-80adbc84\" href=\"https:\/\/beststringer.com\/zh-hans\/badminton-stringing-workshop\/\"><span class=\"gb-button-text\">Tuilleadh eolais<\/span><span class=\"gb-icon\"><svg viewBox=\"0 0 512 512\" xmlns=\"http:\/\/www.w3.org\/2000\/svg\"><path d=\"M502.6 278.6c12.5-12.5 12.5-32.8 0-45.3l-128-128c-12.5-12.5-32.8-12.5-45.3 0s-12.5 32.8 0 45.3l73.4 73.4H32c-17.7 0-32 14.3-32 32s14.3 32 32 32h370.7l-73.4 73.4c-12.5 12.5-12.5 32.8 0 45.3s32.8 12.5 45.3 0l128-128z\"><\/path><\/svg><\/span><\/a>\n\n\n\n<\/div><\/div>\n\n<div class=\"gb-grid-column gb-grid-column-38a22b00\"><div class=\"gb-container gb-container-38a22b00\">\n\n\n\n<p class=\"gb-headline gb-headline-6f3ccaa8 gb-headline-text\"><strong>BSW<\/strong><\/p>\n\n\n<div class=\"gb-container gb-container-cc33d305\">\n\n<div class=\"gb-container gb-container-c7d96b73\"><\/div>\n\n<\/div>\n\n\n\n<h2 class=\"gb-headline gb-headline-09f4131c gb-headline-text\">Oili\u00faint Sreangaithe Badmantain don Fhoireann<\/h2>\n\n\n\n\n<p class=\"gb-headline gb-headline-085d8440 gb-headline-text\">Cuir an teachtaireacht cheart in i\u00fal do chliaint chun a chinnti\u00fa go bhfanfaidh siad leat.<\/p>\n\n\n\n\n\n<a class=\"gb-button gb-button-449fedff\" href=\"https:\/\/beststringer.com\/zh-hans\/badminton-stringing-training-for-staff\/\"><span class=\"gb-button-text\">Tuilleadh eolais<\/span><span class=\"gb-icon\"><svg viewBox=\"0 0 512 512\" xmlns=\"http:\/\/www.w3.org\/2000\/svg\"><path d=\"M502.6 278.6c12.5-12.5 12.5-32.8 0-45.3l-128-128c-12.5-12.5-32.8-12.5-45.3 0s-12.5 32.8 0 45.3l73.4 73.4H32c-17.7 0-32 14.3-32 32s14.3 32 32 32h370.7l-73.4 73.4c-12.5 12.5-12.5 32.8 0 45.3s32.8 12.5 45.3 0l128-128z\"><\/path><\/svg><\/span><\/a>\n\n\n\n<\/div><\/div>\n\n<div class=\"gb-grid-column gb-grid-column-09ceebfb\"><div class=\"gb-container gb-container-09ceebfb\">\n\n\n\n<p class=\"gb-headline gb-headline-1022f806 gb-headline-text\"><strong>BSW<\/strong><\/p>\n\n\n<div class=\"gb-container gb-container-15a0880c\">\n\n<div class=\"gb-container gb-container-5490e8ff\"><\/div>\n\n<\/div>\n\n\n\n<h2 class=\"gb-headline gb-headline-3e7d338d gb-headline-text\">Foghlaim Sreangaithe Badmantain le Deimhni\u00fa<\/h2>\n\n\n\n\n<p class=\"gb-headline gb-headline-50701001 gb-headline-text\">Foghlaim sreang\u00fa gairmi\u00fail badmantain agus d\u00e9an an scr\u00fad\u00fa ar an l\u00e1 deiridh.<\/p>\n\n\n\n\n\n<a class=\"gb-button gb-button-d196416b\" href=\"https:\/\/beststringer.com\/zh-hans\/badminton-stringing-learning-w-certification\/\"><span class=\"gb-button-text\">Tuilleadh eolais<\/span><span class=\"gb-icon\"><svg viewBox=\"0 0 512 512\" xmlns=\"http:\/\/www.w3.org\/2000\/svg\"><path d=\"M502.6 278.6c12.5-12.5 12.5-32.8 0-45.3l-128-128c-12.5-12.5-32.8-12.5-45.3 0s-12.5 32.8 0 45.3l73.4 73.4H32c-17.7 0-32 14.3-32 32s14.3 32 32 32h370.7l-73.4 73.4c-12.5 12.5-12.5 32.8 0 45.3s32.8 12.5 45.3 0l128-128z\"><\/path><\/svg><\/span><\/a>\n\n\n\n<\/div><\/div>\n\n<div class=\"gb-grid-column gb-grid-column-6d7e80ba\"><div class=\"gb-container gb-container-6d7e80ba\">\n\n\n\n<p class=\"gb-headline gb-headline-d2e3bb04 gb-headline-text\"><strong>BSW<\/strong><\/p>\n\n\n<div class=\"gb-container gb-container-ae4f62c8\">\n\n<div class=\"gb-container gb-container-4cbbfba4\"><\/div>\n\n<\/div>\n\n\n\n<h2 class=\"gb-headline gb-headline-c51243d4 gb-headline-text\">Oili\u00faint d\u2019Fhoireann Siopa Gairmi\u00fail Badmantain<\/h2>\n\n\n\n\n<p class=\"gb-headline gb-headline-7e4f5a8c gb-headline-text\">Foghlaim conas freastal ar chustaim\u00e9ir\u00ed leis na roghanna cearta bunaithe ar a gcuid riachtanas, go h\u00e1irithe i sreang\u00fa badmantain.<\/p>\n\n\n\n\n\n<a class=\"gb-button gb-button-08a6b2e1\" href=\"https:\/\/beststringer.com\/zh-hans\/pro-badminton-shop-staff-training\/\"><span class=\"gb-button-text\">Tuilleadh eolais<\/span><span class=\"gb-icon\"><svg viewBox=\"0 0 512 512\" xmlns=\"http:\/\/www.w3.org\/2000\/svg\"><path d=\"M502.6 278.6c12.5-12.5 12.5-32.8 0-45.3l-128-128c-12.5-12.5-32.8-12.5-45.3 0s-12.5 32.8 0 45.3l73.4 73.4H32c-17.7 0-32 14.3-32 32s14.3 32 32 32h370.7l-73.4 73.4c-12.5 12.5-12.5 32.8 0 45.3s32.8 12.5 45.3 0l128-128z\"><\/path><\/svg><\/span><\/a>\n\n\n\n<\/div><\/div>\n\n<div class=\"gb-grid-column gb-grid-column-f86684a3\"><div class=\"gb-container gb-container-f86684a3\">\n\n\n\n<p class=\"gb-headline gb-headline-c61dd94e gb-headline-text\"><strong>BSW<\/strong><\/p>\n\n\n<div class=\"gb-container gb-container-7aca502d\">\n\n<div class=\"gb-container gb-container-5ee444a6\"><\/div>\n\n<\/div>\n\n\n\n<h2 class=\"gb-headline gb-headline-faabea64 gb-headline-text\">Sreang\u00fa Racaid\u00ed agus Deimhni\u00fa don Fhoireann<\/h2>\n\n\n\n\n<p class=\"gb-headline gb-headline-ac676b58 gb-headline-text\">Cuir oili\u00faint ar d&#8217;fhoireann i sreang\u00fa gairmi\u00fail badmantain agus faigh deimhni\u00fa ar an l\u00e1 deiridh le bheith i do shreang\u00f3ir l\u00e1n-deimhnithe.<\/p>\n\n\n\n\n\n<a class=\"gb-button gb-button-7a7f243a\" href=\"https:\/\/beststringer.com\/zh-hans\/staff-racquet-stringing-and-certification\/\"><span class=\"gb-button-text\">Tuilleadh eolais<\/span><span class=\"gb-icon\"><svg viewBox=\"0 0 512 512\" xmlns=\"http:\/\/www.w3.org\/2000\/svg\"><path d=\"M502.6 278.6c12.5-12.5 12.5-32.8 0-45.3l-128-128c-12.5-12.5-32.8-12.5-45.3 0s-12.5 32.8 0 45.3l73.4 73.4H32c-17.7 0-32 14.3-32 32s14.3 32 32 32h370.7l-73.4 73.4c-12.5 12.5-12.5 32.8 0 45.3s32.8 12.5 45.3 0l128-128z\"><\/path><\/svg><\/span><\/a>\n\n\n\n<\/div><\/div>\n\n<\/div>\n\n<\/section>\n\n<section class=\"gb-container gb-container-49b9586e\">\n\n<div class=\"gb-container gb-container-a2e9522c\"><\/div>\n\n<div class=\"gb-container gb-container-0e11192a\">\n\n\n\n<h3 class=\"gb-headline gb-headline-5cf408ee gb-headline-text\">C\u00farsa\u00ed agus Oili\u00faint i Sreang\u00fa Racaid\u00ed<\/h3>\n\n\n<div class=\"gb-container gb-container-daaa2e63\">\n\n<div class=\"gb-container gb-container-bda621fe\"><\/div>\n\n<div class=\"gb-container gb-container-4b0ac72b\"><\/div>\n\n<\/div>\n\n\n\n<p class=\"gb-headline gb-headline-edf98545 gb-headline-text\">Breathnaigh ar \u00e1r su\u00edomhanna gr\u00e9as\u00e1in r\u00e9igi\u00fanacha BSW chun na ceardlanna agus na c\u00farsa\u00ed oili\u00fana is d\u00e9ana\u00ed a fh\u00e1il. Feabhsaigh do scileanna sreangaithe agus coinnigh suas chun d\u00e1ta leis na teicn\u00edc\u00ed gairmi\u00fala agus na forbairt\u00ed is nua sa tionscal.<\/p>\n\n\n\n\n\n<a class=\"gb-button gb-button-a29641e0 gb-button-text\" href=\"https:\/\/beststringer.com\/zh-hans\/countries\/\">Breathnaigh ar an R\u00e9igi\u00fan<\/a>\n\n\n\n<\/div>\n\n<\/section>\n","protected":false},"excerpt":{"rendered":"<p>Faigh an c\u00farsa agus an oili\u00faint is d\u00e9ana\u00ed i sreang\u00fa racaid\u00ed \u00f3 BSW, \u00e1 dtairiscint ag \u00e1r dteagasc\u00f3ir sreangaithe gairmi\u00fail. C\u00farsa\u00ed agus Oili\u00faint i Sreang\u00fa Racaid\u00ed Breathnaigh ar \u00e1r su\u00edomhanna gr\u00e9as\u00e1in r\u00e9igi\u00fanacha BSW chun na ceardlanna agus na c\u00farsa\u00ed oili\u00fana is d\u00e9ana\u00ed a fh\u00e1il. Feabhsaigh do scileanna sreangaithe agus coinnigh suas chun d\u00e1ta leis na &#8230; <a title=\"C\u00farsa\u00ed &amp; Deimhni\u00fach\u00e1n i nAth-theannadh Raic\u00e9id Badminton\" class=\"read-more\" href=\"https:\/\/beststringer.com\/ga\/racquet-stringing-training-courses-and-services\/\" aria-label=\"Read more about C\u00farsa\u00ed &amp; Deimhni\u00fach\u00e1n i nAth-theannadh Raic\u00e9id Badminton\">Read more<\/a><\/p>\n","protected":false},"author":1,"featured_media":0,"parent":0,"menu_order":0,"comment_status":"closed","ping_status":"closed","template":"","meta":{"footnotes":""},"class_list":{"0":"post-41652","1":"page","2":"type-page","3":"status-publish","5":"infinite-scroll-item"},"_links":{"self":[{"href":"https:\/\/beststringer.com\/ga\/wp-json\/wp\/v2\/pages\/41652","targetHints":{"allow":["GET"]}}],"collection":[{"href":"https:\/\/beststringer.com\/ga\/wp-json\/wp\/v2\/pages"}],"about":[{"href":"https:\/\/beststringer.com\/ga\/wp-json\/wp\/v2\/types\/page"}],"author":[{"embeddable":true,"href":"https:\/\/beststringer.com\/ga\/wp-json\/wp\/v2\/users\/1"}],"replies":[{"embeddable":true,"href":"https:\/\/beststringer.com\/ga\/wp-json\/wp\/v2\/comments?post=41652"}],"version-history":[{"count":0,"href":"https:\/\/beststringer.com\/ga\/wp-json\/wp\/v2\/pages\/41652\/revisions"}],"wp:attachment":[{"href":"https:\/\/beststringer.com\/ga\/wp-json\/wp\/v2\/media?parent=41652"}],"curies":[{"name":"wp","href":"https:\/\/api.w.org\/{rel}","templated":true}]}}