{"id":41600,"date":"2024-09-02T03:30:17","date_gmt":"2024-09-02T03:30:17","guid":{"rendered":"https:\/\/beststringer.com\/upcoming-racquet-stringing-course-workshop\/"},"modified":"2026-04-17T06:24:19","modified_gmt":"2026-04-17T06:24:19","slug":"upcoming-racquet-stringing-course-workshop","status":"publish","type":"page","link":"https:\/\/beststringer.com\/ga\/upcoming-racquet-stringing-course-workshop\/","title":{"rendered":"Ceardlann an Ch\u00farsa Teann\u00e1la Raic\u00e9id at\u00e1 Le Teacht"},"content":{"rendered":"<section class=\"gb-container gb-container-3a9f20fb\">\n\n<h3 class=\"gb-headline gb-headline-5cf408ee gb-headline-text\">Imeachta\u00ed Best Stringer at\u00e1 le Teacht<\/h3>\n\n\n<div class=\"gb-container gb-container-daaa2e63\">\n<div class=\"gb-container gb-container-bda621fe\"><\/div>\n\n<div class=\"gb-container gb-container-4b0ac72b\"><\/div>\n<\/div>\n\n\n<p>T\u00e1 c\u00farsa\u00ed sreangaithe raic\u00e9id agus imeachta\u00ed at\u00e1 le teacht \u00f3 Best Stringer Worldwide (BSW) liostaithe anseo. Chun sonra\u00ed ioml\u00e1na na gc\u00farsa\u00ed a fh\u00e1il agus le cl\u00e1r\u00fa, f\u00e9ach ar shu\u00edomh gr\u00e9as\u00e1in sonrach do th\u00edre mar is ar na leathanaigh sin a fhaightear an t-eolas is d\u00e9ana\u00ed maidir le sceidil na gc\u00farsa\u00ed, an t-\u00e1bhar, agus na riachtanais \u00e1iti\u00fala.<\/p>\n\n\n\n\n<\/section>\n\n<section class=\"gb-container gb-container-9d862364\">\n\n<h3 class=\"gb-headline gb-headline-3aa2bd12 gb-headline-text\">N\u00f3ta \u00f3 BSW<\/h3>\n\n\n<div class=\"gb-container gb-container-95bc86bb\">\n<div class=\"gb-container gb-container-dcef2d61\"><\/div>\n\n<div class=\"gb-container gb-container-e965f67a\"><\/div>\n<\/div>\n\n\n<p>Maidir le c\u00farsa\u00ed sreangaithe raic\u00e9id, ceardlanna n\u00f3 oili\u00faint \u00f3 BSW, f\u00e9ach ar leathanach do r\u00e9igi\u00fain chun sonra\u00ed a fh\u00e1il faoi ch\u00farsa\u00ed at\u00e1 le teacht agus faisn\u00e9is faoin scr\u00fadaitheoir deimhni\u00fach\u00e1in.<\/p>\n\n<\/section>","protected":false},"excerpt":{"rendered":"<p>Imeachta\u00ed Best Stringer at\u00e1 le Teacht T\u00e1 c\u00farsa\u00ed sreangaithe raic\u00e9id agus imeachta\u00ed at\u00e1 le teacht \u00f3 Best Stringer Worldwide (BSW) liostaithe anseo. Chun sonra\u00ed ioml\u00e1na na gc\u00farsa\u00ed a fh\u00e1il agus le cl\u00e1r\u00fa, f\u00e9ach ar shu\u00edomh gr\u00e9as\u00e1in sonrach do th\u00edre mar is ar na leathanaigh sin a fhaightear an t-eolas is d\u00e9ana\u00ed maidir le sceidil na &#8230; <a title=\"Ceardlann an Ch\u00farsa Teann\u00e1la Raic\u00e9id at\u00e1 Le Teacht\" class=\"read-more\" href=\"https:\/\/beststringer.com\/ga\/upcoming-racquet-stringing-course-workshop\/\" aria-label=\"Read more about Ceardlann an Ch\u00farsa Teann\u00e1la Raic\u00e9id at\u00e1 Le Teacht\">Read more<\/a><\/p>\n","protected":false},"author":1,"featured_media":0,"parent":0,"menu_order":0,"comment_status":"closed","ping_status":"closed","template":"","meta":{"footnotes":""},"class_list":{"0":"post-41600","1":"page","2":"type-page","3":"status-publish","5":"infinite-scroll-item"},"_links":{"self":[{"href":"https:\/\/beststringer.com\/ga\/wp-json\/wp\/v2\/pages\/41600","targetHints":{"allow":["GET"]}}],"collection":[{"href":"https:\/\/beststringer.com\/ga\/wp-json\/wp\/v2\/pages"}],"about":[{"href":"https:\/\/beststringer.com\/ga\/wp-json\/wp\/v2\/types\/page"}],"author":[{"embeddable":true,"href":"https:\/\/beststringer.com\/ga\/wp-json\/wp\/v2\/users\/1"}],"replies":[{"embeddable":true,"href":"https:\/\/beststringer.com\/ga\/wp-json\/wp\/v2\/comments?post=41600"}],"version-history":[{"count":0,"href":"https:\/\/beststringer.com\/ga\/wp-json\/wp\/v2\/pages\/41600\/revisions"}],"wp:attachment":[{"href":"https:\/\/beststringer.com\/ga\/wp-json\/wp\/v2\/media?parent=41600"}],"curies":[{"name":"wp","href":"https:\/\/api.w.org\/{rel}","templated":true}]}}