{"id":40442,"date":"2024-08-18T11:12:19","date_gmt":"2024-08-18T11:12:19","guid":{"rendered":"https:\/\/beststringer.com\/tennis-stringing-certificate\/"},"modified":"2025-09-25T02:22:35","modified_gmt":"2025-09-25T02:22:35","slug":"tennis-stringing-certificate","status":"publish","type":"page","link":"https:\/\/beststringer.com\/ga\/tennis-stringing-certificate\/","title":{"rendered":"Tennis Stringing Certificate (Certification)"},"content":{"rendered":"<div class=\"gb-container gb-container-f66bc834\">\n<div class=\"gb-container gb-container-3423e27e\">\n<div class=\"gb-container gb-container-4ea2fbf1\">\n\n<h2 class=\"gb-headline gb-headline-79589317 gb-headline-text\">Deimhni\u00fach\u00e1n <mark style=\"background-color:rgba(0, 0, 0, 0)\" class=\"has-inline-color has-global-color-9-color\">Sreangaithe Lead\u00f3ige<\/mark><\/h2>\n\n\n\n<p class=\"gb-headline gb-headline-d07d49cf gb-headline-text\">Cuireann Best Stringer Worldwide (BSW) teastais sreangaithe lead\u00f3ige ar f\u00e1il. D\u00e9anann na teastais seo scileanna sreangaithe a mheas. D\u00e9anann \u00e1r gcl\u00e1r t\u00e1st\u00e1il ar bhunmhodhanna sreangaithe agus ar ardobair raic\u00e9id don lead\u00f3g.<\/p>\n\n\n\n<figure class=\"wp-block-image size-full is-resized\"><img loading=\"lazy\" decoding=\"async\" width=\"1024\" height=\"1024\" src=\"https:\/\/beststringer.com\/wp-content\/uploads\/2025\/05\/Tennis-Stringing-Certificate-Certification-BSW-Certified-Stringer.jpg\" alt=\"Teastas Sreangaithe Raic\u00e9id Lead\u00f3ige (Deimhni\u00fach\u00e1n) Sreang\u00f3ir Deimhnithe BSW\" class=\"wp-image-18592\" style=\"width:538px\" srcset=\"https:\/\/beststringer.com\/wp-content\/uploads\/2025\/05\/Tennis-Stringing-Certificate-Certification-BSW-Certified-Stringer.jpg 1024w, https:\/\/beststringer.com\/wp-content\/uploads\/2025\/05\/Tennis-Stringing-Certificate-Certification-BSW-Certified-Stringer-300x300.jpg 300w, https:\/\/beststringer.com\/wp-content\/uploads\/2025\/05\/Tennis-Stringing-Certificate-Certification-BSW-Certified-Stringer-150x150.jpg 150w, https:\/\/beststringer.com\/wp-content\/uploads\/2025\/05\/Tennis-Stringing-Certificate-Certification-BSW-Certified-Stringer-768x768.jpg 768w\" sizes=\"auto, (max-width: 1024px) 100vw, 1024px\" \/><\/figure>\n\n<\/div>\n<\/div>\n\n<div class=\"gb-container gb-container-37db13f4\">\n<div class=\"gb-container gb-container-3021f73c\">\n\n<h3 class=\"gb-headline gb-headline-e5c79f72 gb-headline-text\">Leibh\u00e9il na dTeastas <mark style=\"background-color:rgba(0, 0, 0, 0)\" class=\"has-inline-color has-global-color-9-color\">Sreangaithe Lead\u00f3ige<\/mark><\/h3>\n\n\n\n<p class=\"gb-headline gb-headline-7d760a3f gb-headline-text\">T\u00e1 teastais \u00e9ags\u00fala ag BSW do shreang\u00fa raic\u00e9ad lead\u00f3ige:<\/p>\n\n\n\n<ol class=\"wp-block-list\">\n<li><a href=\"https:\/\/beststringer.com\/ga\/bsw-certified-tennis-stringer-cts-certification\/\">Sreang\u00f3ir Lead\u00f3ige Deimhnithe BSW (CTS)<\/a><\/li>\n\n\n\n<li><a href=\"https:\/\/beststringer.com\/ga\/professional-tennis-stringer-pts-certification\/\">Sreang\u00f3ir Lead\u00f3ige Gairmi\u00fail (PTS)<\/a><\/li>\n\n\n\n<li><a href=\"https:\/\/beststringer.com\/ga\/master-tennis-tour-stringer-mtts-certification\/\">M\u00e1istir-Sreang\u00f3ir Turais Lead\u00f3ige (MTTS)<\/a><\/li>\n\n\n\n<li>Comhairleoir Puint Lead\u00f3ige Deimhnithe BSW (CTTA)<\/li>\n\n\n\n<li>Comhairleoir Sreinge Lead\u00f3ige Deimhnithe BSW (CTSA)<\/li>\n<\/ol>\n\n<\/div>\n<\/div>\n\n<div class=\"gb-container gb-container-8072e76b\">\n<div class=\"gb-container gb-container-eabf3753\">\n\n<h3 class=\"gb-headline gb-headline-0ad93116 gb-headline-text\">Strucht\u00far an Deimhni\u00fach\u00e1in <mark style=\"background-color:rgba(0, 0, 0, 0)\" class=\"has-inline-color has-global-color-9-color\">Sreangaithe Raic\u00e9ad Lead\u00f3ige<\/mark><\/h3>\n\n\n\n<p class=\"gb-headline gb-headline-0e4cbc73 gb-headline-text\">T\u00e1 dh\u00e1 phr\u00edomhchuid i ngach t\u00e1st\u00e1il sreangaithe lead\u00f3ige de chuid BSW:<br><\/p>\n\n\n\n<p>1. <strong>T\u00e1st\u00e1il Ilroghnach agus Scr\u00edofa:<\/strong><br>&#8211; Conas raic\u00e9id lead\u00f3ige a shreang\u00fa<br>&#8211; Eolas ar raic\u00e9id agus ar shreanga lead\u00f3ige<br>&#8211; Riachtanais imreoir\u00ed lead\u00f3ige<br><br>2. <strong>T\u00e1st\u00e1il Phraitici\u00fail L\u00e1imhsithe:<\/strong><br>&#8211; Sreang\u00fa raic\u00e9ad lead\u00f3ige<br>&#8211; Patr\u00fain \u00e9ags\u00fala sreangaithe<br>&#8211; An punt ceart a bhaint amach<br>&#8211; C\u00faram a thabhairt do fhr\u00e1ma an raic\u00e9id<\/p>\n\n<\/div>\n<\/div>\n\n<div class=\"gb-container gb-container-0bc9ddf8\">\n<div class=\"gb-container gb-container-4a1593e5\">\n\n<h3 class=\"gb-headline gb-headline-f300e849 gb-headline-text\"><mark style=\"background-color:rgba(0, 0, 0, 0)\" class=\"has-inline-color has-global-color-9-color\">Pr\u00edomhghn\u00e9ithe<\/mark> an Deimhni\u00fach\u00e1in Lead\u00f3ige<\/h3>\n\n\n\n<p class=\"gb-headline gb-headline-1f171057 gb-headline-text\">&#8211; Beala\u00ed \u00e9ags\u00fala le raic\u00e9id lead\u00f3ige a shreang\u00fa<br>&#8211; Obair le cine\u00e1lacha \u00e9ags\u00fala raic\u00e9ad lead\u00f3ige<br>&#8211; Foghlaim faoi shreanga lead\u00f3ige<br>&#8211; Tuiscint ar phunt na sreinge<br>&#8211; Conas cabhr\u00fa le himreoir\u00ed lead\u00f3ige na sreanga cearta a roghn\u00fa<br>&#8211; \u00das\u00e1id uirlis\u00ed sreangaithe<\/p>\n\n<\/div>\n<\/div>\n\n<div class=\"gb-container gb-container-bc7f3ef7\">\n<div class=\"gb-container gb-container-c402b7cb\">\n\n<h3 class=\"gb-headline gb-headline-9ac68257 gb-headline-text\">An Pr\u00f3iseas <mark style=\"background-color:rgba(0, 0, 0, 0)\" class=\"has-inline-color has-global-color-9-color\">Deimhni\u00fach\u00e1in<\/mark><\/h3>\n\n\n\n<p>1. <strong>Cl\u00e1raigh<\/strong> don t\u00e1st\u00e1il at\u00e1 uait<br>2. <strong>Seice\u00e1laimid<\/strong> an bhfuil t\u00fa r\u00e9idh don t\u00e1st\u00e1il<br>3. <strong>D\u00e9anann t\u00fa<\/strong> na t\u00e1st\u00e1lacha scr\u00edofa agus praitici\u00fala<br>4. <strong>Marc\u00e1laimid<\/strong> do chuid t\u00e1st\u00e1lacha<br>5. <strong>M\u00e1 \u00e9ir\u00edonn leat<\/strong>, faigheann t\u00fa do theastas<\/p>\n\n\n\n<p>T\u00e1 BSW ag iarraidh a chinnti\u00fa go bhfuil luach len\u00e1r gcuid teastas. Socra\u00edmid \u00e1r dt\u00e1ill\u00ed chun costais t\u00e1st\u00e1la ardchaighde\u00e1in a chl\u00fadach, a l\u00e9ir\u00edonn scileanna sreangaithe go cruinn.<\/p>\n\n<\/div>\n<\/div>\n\n<div class=\"gb-container gb-container-48cde7af\">\n<div class=\"gb-container gb-container-90b016f1\">\n\n<h3 class=\"gb-headline gb-headline-56d4264c gb-headline-text\">\u00das\u00e1id\u00ed an Teastais <mark style=\"background-color:rgba(0, 0, 0, 0)\" class=\"has-inline-color has-global-color-9-color\">Sreangaithe Lead\u00f3ige<\/mark><\/h3>\n\n\n\n<p>Is f\u00e9idir leat an m\u00e9id a fhoghlaim\u00edonn t\u00fa \u00f3 na teastais seo a \u00fas\u00e1id in go leor \u00e1iteanna: <br>&#8211; Raic\u00e9id a shreang\u00fa duit f\u00e9in n\u00f3 do do ghr\u00fapa lead\u00f3ige<br>&#8211; Ag obair i gclubanna lead\u00f3ige n\u00f3 in ionaid traen\u00e1la<br>&#8211; I siopa\u00ed sp\u00f3irt n\u00f3 i siopa\u00ed lead\u00f3ige<br>&#8211; Ag com\u00f3rtais lead\u00f3ige ghairmi\u00fala n\u00f3 ag imeachta\u00ed \u00e1iti\u00fala<\/p>\n\n\n\n<figure class=\"gb-block-image gb-block-image-495efa05\"><img loading=\"lazy\" decoding=\"async\" width=\"1070\" height=\"800\" class=\"gb-image gb-image-495efa05\" src=\"https:\/\/beststringer.com\/wp-content\/uploads\/2024\/10\/Tennis-Stringing-Certificate-Certification-BSW-Best-Stringer-Worldwide.png\" alt=\"Teastas Sreangaithe Lead\u00f3ige (Deimhni\u00fach\u00e1n) BSW Best Stringer Worldwide\" title=\"Teastas Sreangaithe Lead\u00f3ige (Deimhni\u00fach\u00e1n) BSW Best Stringer Worldwide\" srcset=\"https:\/\/beststringer.com\/wp-content\/uploads\/2024\/10\/Tennis-Stringing-Certificate-Certification-BSW-Best-Stringer-Worldwide.png 1070w, https:\/\/beststringer.com\/wp-content\/uploads\/2024\/10\/Tennis-Stringing-Certificate-Certification-BSW-Best-Stringer-Worldwide-300x224.png 300w, https:\/\/beststringer.com\/wp-content\/uploads\/2024\/10\/Tennis-Stringing-Certificate-Certification-BSW-Best-Stringer-Worldwide-1024x766.png 1024w, https:\/\/beststringer.com\/wp-content\/uploads\/2024\/10\/Tennis-Stringing-Certificate-Certification-BSW-Best-Stringer-Worldwide-768x574.png 768w\" sizes=\"auto, (max-width: 1070px) 100vw, 1070px\" \/><\/figure>\n\n<\/div>\n<\/div>\n\n<div class=\"gb-container gb-container-b96c1957\">\n<div class=\"gb-container gb-container-5667abb6\">\n\n<h3 class=\"gb-headline gb-headline-a125c315 gb-headline-text\"><mark style=\"background-color:rgba(0, 0, 0, 0)\" class=\"has-inline-color has-global-color-9-color\">Lean Ort ag Foghlaim<\/mark> faoi Shreang\u00fa Raic\u00e9ad Lead\u00f3ige<\/h3>\n\n\n\n<p>T\u00e1 BSW ag iarraidh go leanfadh sreang\u00f3ir\u00ed deimhnithe orthu ag foghlaim tr\u00ed:<br>&#8211; T\u00e1st\u00e1lacha sreangaithe lead\u00f3ige ardleibh\u00e9il a dh\u00e9anamh<br>&#8211; Freastal ar cheardlanna faoi mhodhanna nua sreangaithe<br>&#8211; Foghlaim faoi raic\u00e9id agus sreanga nua<br>&#8211; Labhairt le sreang\u00f3ir\u00ed eile i ngr\u00fapa\u00ed<\/p>\n\n\n\n<p>Tr\u00ed na teastais sreangaithe lead\u00f3ige seo a thairiscint, t\u00e1 BSW ag iarraidh a chinnti\u00fa go nd\u00e9antar raic\u00e9id lead\u00f3ige a shreang\u00fa go maith. Cuid\u00edonn s\u00e9 seo le himreoir\u00ed lead\u00f3ige ag gach leibh\u00e9al raic\u00e9id n\u00edos fearr a bheith acu le himirt.<\/p>\n\n\n\n<p>T\u00e1 a rialacha agus a h\u00e1bhair foghlama f\u00e9in ag gach leibh\u00e9al teastais. Chun tuilleadh eolais a fh\u00e1il faoi theastas sreangaithe lead\u00f3ige ar leith, clice\u00e1il ar a ainm th\u00edos.<\/p>\n\n<\/div>\n<\/div>\n<\/div>\n\n<section class=\"gb-container gb-container-f2eb6521\">\n<div class=\"gb-grid-wrapper gb-grid-wrapper-4b9b7e10\">\n<div class=\"gb-grid-column gb-grid-column-491939a3\"><div class=\"gb-container gb-container-491939a3\">\n\n<p class=\"gb-headline gb-headline-6035f175 gb-headline-text\"><strong>BSW<\/strong><\/p>\n\n\n<div class=\"gb-container gb-container-731ae20e\">\n<div class=\"gb-container gb-container-d96e7a76\"><\/div>\n<\/div>\n\n\n<h2 class=\"gb-headline gb-headline-2834ed4d gb-headline-text\">Sreang\u00f3ir Lead\u00f3ige Deimhnithe (CTS)<\/h2>\n\n\n\n<p class=\"gb-headline gb-headline-23954af5 gb-headline-text\">Bunscileanna sreangaithe lead\u00f3ige agus teicn\u00edc\u00ed ullmh\u00fach\u00e1in raic\u00e9id.<\/p>\n\n\n\n<a class=\"gb-button gb-button-78ef4961\" href=\"https:\/\/beststringer.com\/ga\/bsw-certified-tennis-stringer-cts-certification\/\"><span class=\"gb-button-text\">Tuilleadh eolais<\/span><span class=\"gb-icon\"><svg viewBox=\"0 0 512 512\" xmlns=\"http:\/\/www.w3.org\/2000\/svg\"><path d=\"M502.6 278.6c12.5-12.5 12.5-32.8 0-45.3l-128-128c-12.5-12.5-32.8-12.5-45.3 0s-12.5 32.8 0 45.3l73.4 73.4H32c-17.7 0-32 14.3-32 32s14.3 32 32 32h370.7l-73.4 73.4c-12.5 12.5-12.5 32.8 0 45.3s32.8 12.5 45.3 0l128-128z\"><\/path><\/svg><\/span><\/a>\n\n<\/div><\/div>\n\n<div class=\"gb-grid-column gb-grid-column-29bf4487\"><div class=\"gb-container gb-container-29bf4487\">\n\n<p class=\"gb-headline gb-headline-0a24fd0f gb-headline-text\"><strong>BSW<\/strong><\/p>\n\n\n<div class=\"gb-container gb-container-d0553944\">\n<div class=\"gb-container gb-container-09d00176\"><\/div>\n<\/div>\n\n\n<h2 class=\"gb-headline gb-headline-4addc0f7 gb-headline-text\">Sreang\u00f3ir Lead\u00f3ige Gairmi\u00fail (PTS)<\/h2>\n\n\n\n<p class=\"gb-headline gb-headline-1c19adbf gb-headline-text\">Ardmhodhanna sreangaithe do chine\u00e1lacha \u00e9ags\u00fala raic\u00e9ad lead\u00f3ige.<\/p>\n\n\n\n<a class=\"gb-button gb-button-80adbc84\" href=\"https:\/\/beststringer.com\/ga\/professional-tennis-stringer-pts-certification\/\"><span class=\"gb-button-text\">Tuilleadh eolais<\/span><span class=\"gb-icon\"><svg viewBox=\"0 0 512 512\" xmlns=\"http:\/\/www.w3.org\/2000\/svg\"><path d=\"M502.6 278.6c12.5-12.5 12.5-32.8 0-45.3l-128-128c-12.5-12.5-32.8-12.5-45.3 0s-12.5 32.8 0 45.3l73.4 73.4H32c-17.7 0-32 14.3-32 32s14.3 32 32 32h370.7l-73.4 73.4c-12.5 12.5-12.5 32.8 0 45.3s32.8 12.5 45.3 0l128-128z\"><\/path><\/svg><\/span><\/a>\n\n<\/div><\/div>\n\n<div class=\"gb-grid-column gb-grid-column-38a22b00\"><div class=\"gb-container gb-container-38a22b00\">\n\n<p class=\"gb-headline gb-headline-6f3ccaa8 gb-headline-text\"><strong>BSW<\/strong><\/p>\n\n\n<div class=\"gb-container gb-container-cc33d305\">\n<div class=\"gb-container gb-container-c7d96b73\"><\/div>\n<\/div>\n\n\n<h2 class=\"gb-headline gb-headline-09f4131c gb-headline-text\">M\u00e1istir-Sreang\u00f3ir Turais Lead\u00f3ige (MTTS)<\/h2>\n\n\n\n<p class=\"gb-headline gb-headline-085d8440 gb-headline-text\">Sreang\u00fa ar leibh\u00e9al saineola\u00ed do chom\u00f3rtais agus d\u2019imreoir\u00ed gairmi\u00fala.<\/p>\n\n\n\n<a class=\"gb-button gb-button-449fedff\" href=\"https:\/\/beststringer.com\/ga\/master-tennis-tour-stringer-mtts-certification\/\"><span class=\"gb-button-text\">Tuilleadh eolais<\/span><span class=\"gb-icon\"><svg viewBox=\"0 0 512 512\" xmlns=\"http:\/\/www.w3.org\/2000\/svg\"><path d=\"M502.6 278.6c12.5-12.5 12.5-32.8 0-45.3l-128-128c-12.5-12.5-32.8-12.5-45.3 0s-12.5 32.8 0 45.3l73.4 73.4H32c-17.7 0-32 14.3-32 32s14.3 32 32 32h370.7l-73.4 73.4c-12.5 12.5-12.5 32.8 0 45.3s32.8 12.5 45.3 0l128-128z\"><\/path><\/svg><\/span><\/a>\n\n<\/div><\/div>\n\n<div class=\"gb-grid-column gb-grid-column-09ceebfb\"><div class=\"gb-container gb-container-09ceebfb\">\n\n<p class=\"gb-headline gb-headline-1022f806 gb-headline-text\"><strong>BSW<\/strong><\/p>\n\n\n<div class=\"gb-container gb-container-15a0880c\">\n<div class=\"gb-container gb-container-5490e8ff\"><\/div>\n<\/div>\n\n\n<h2 class=\"gb-headline gb-headline-3e7d338d gb-headline-text\">Comhairleoir Puint Lead\u00f3ige Deimhnithe (CTTA)<\/h2>\n\n\n\n<p class=\"gb-headline gb-headline-50701001 gb-headline-text\">Saineolas ar \u00e9ifeachta\u00ed phunt na sreinge agus ar mholta\u00ed gaolmhara.<\/p>\n\n\n\n<a class=\"gb-button gb-button-d196416b\" href=\"#\"><span class=\"gb-button-text\">Tuilleadh eolais<\/span><span class=\"gb-icon\"><svg viewBox=\"0 0 512 512\" xmlns=\"http:\/\/www.w3.org\/2000\/svg\"><path d=\"M502.6 278.6c12.5-12.5 12.5-32.8 0-45.3l-128-128c-12.5-12.5-32.8-12.5-45.3 0s-12.5 32.8 0 45.3l73.4 73.4H32c-17.7 0-32 14.3-32 32s14.3 32 32 32h370.7l-73.4 73.4c-12.5 12.5-12.5 32.8 0 45.3s32.8 12.5 45.3 0l128-128z\"><\/path><\/svg><\/span><\/a>\n\n<\/div><\/div>\n\n<div class=\"gb-grid-column gb-grid-column-6d7e80ba\"><div class=\"gb-container gb-container-6d7e80ba\">\n\n<p class=\"gb-headline gb-headline-d2e3bb04 gb-headline-text\"><strong>BSW<\/strong><\/p>\n\n\n<div class=\"gb-container gb-container-ae4f62c8\">\n<div class=\"gb-container gb-container-4cbbfba4\"><\/div>\n<\/div>\n\n\n<h2 class=\"gb-headline gb-headline-c51243d4 gb-headline-text\">Comhairleoir Sreinge Lead\u00f3ige Deimhnithe (CTSA)<\/h2>\n\n\n\n<p class=\"gb-headline gb-headline-7e4f5a8c gb-headline-text\">Tuiscint dhomhain ar chine\u00e1lacha agus ar air\u00edonna sreinge lead\u00f3ige.<\/p>\n\n\n\n<a class=\"gb-button gb-button-08a6b2e1\" href=\"#\"><span class=\"gb-button-text\">Tuilleadh eolais<\/span><span class=\"gb-icon\"><svg viewBox=\"0 0 512 512\" xmlns=\"http:\/\/www.w3.org\/2000\/svg\"><path d=\"M502.6 278.6c12.5-12.5 12.5-32.8 0-45.3l-128-128c-12.5-12.5-32.8-12.5-45.3 0s-12.5 32.8 0 45.3l73.4 73.4H32c-17.7 0-32 14.3-32 32s14.3 32 32 32h370.7l-73.4 73.4c-12.5 12.5-12.5 32.8 0 45.3s32.8 12.5 45.3 0l128-128z\"><\/path><\/svg><\/span><\/a>\n\n<\/div><\/div>\n\n<div class=\"gb-grid-column gb-grid-column-f86684a3\"><div class=\"gb-container gb-container-f86684a3\">\n\n<p class=\"gb-headline gb-headline-c61dd94e gb-headline-text\"><strong>BSW<\/strong><\/p>\n\n\n<div class=\"gb-container gb-container-7aca502d\">\n<div class=\"gb-container gb-container-5ee444a6\"><\/div>\n<\/div>\n\n\n<h2 class=\"gb-headline gb-headline-faabea64 gb-headline-text\">Comhairleoir Gairmi\u00fail Sreinge &amp; Puint Lead\u00f3ige (PTSTA)<\/h2>\n\n\n\n<p class=\"gb-headline gb-headline-ac676b58 gb-headline-text\">Saineolas cuimsitheach ar roghn\u00fa sreinge agus ar an bpunt is fearr a bhaint amach.<\/p>\n\n\n\n<a class=\"gb-button gb-button-7a7f243a\" href=\"#\"><span class=\"gb-button-text\">Tuilleadh eolais<\/span><span class=\"gb-icon\"><svg viewBox=\"0 0 512 512\" xmlns=\"http:\/\/www.w3.org\/2000\/svg\"><path d=\"M502.6 278.6c12.5-12.5 12.5-32.8 0-45.3l-128-128c-12.5-12.5-32.8-12.5-45.3 0s-12.5 32.8 0 45.3l73.4 73.4H32c-17.7 0-32 14.3-32 32s14.3 32 32 32h370.7l-73.4 73.4c-12.5 12.5-12.5 32.8 0 45.3s32.8 12.5 45.3 0l128-128z\"><\/path><\/svg><\/span><\/a>\n\n<\/div><\/div>\n<\/div>\n<\/section>\n\n<section class=\"gb-container gb-container-21e3c652\">\n<div class=\"gb-container gb-container-11344779\">\n\n<h3 class=\"gb-headline gb-headline-39f4cce2 gb-headline-text\">Tuiscint ar Dheimhni\u00fach\u00e1in Sreangaithe Raic\u00e9ad Lead\u00f3ige<\/h3>\n\n\n\n<p class=\"gb-headline gb-headline-c6c5990e gb-headline-text\">Scr\u00fada\u00edonn an f\u00edse\u00e1n seo cl\u00e1r Deimhni\u00fach\u00e1in Sreangaithe Lead\u00f3ige Best Stringer Worldwide (BSW), tionscnamh oideachais at\u00e1 deartha chun caighde\u00e1in sreangaithe raic\u00e9id a fheabhs\u00fa. Breathn\u00f3imid ar na s\u00e9 leibh\u00e9al deimhni\u00fach\u00e1in a thairgeann BSW, \u00f3 Sreang\u00f3ir Lead\u00f3ige Deimhnithe go Comhairleoir Gairmi\u00fail Sreinge &amp; Puint Lead\u00f3ige.<\/p>\n\n\n<div class=\"gb-container gb-container-ec1a2ce6\">\n<div class=\"gb-container gb-container-238a634b\"><\/div>\n<\/div>\n\n\n<div id=\"youtube-player\"><\/div>\n<script>\n  var videoLoaded = false;\n\n  function loadYouTubeVideo() {\n    if (videoLoaded) return;\n    videoLoaded = true;\n    var tag = document.createElement('script');\n    tag.src = \"https:\/\/www.youtube.com\/iframe_api\";\n    var firstScriptTag = document.getElementsByTagName('script')[0];\n    firstScriptTag.parentNode.insertBefore(tag, firstScriptTag);\n  }\n\n  function onYouTubeIframeAPIReady() {\n    new YT.Player('youtube-player', {\n      height: '360',\n      width: '640',\n      videoId: 'AtGBRRdPgDU', \/\/ Your video ID\n      events: {\n        'onReady': onPlayerReady\n      }\n    });\n  }\n\n  function onPlayerReady(event) {\n    \/\/ Video is ready to play\n  }\n\n  \/\/ Load the YouTube API script when the page is scrolled\n  window.addEventListener('scroll', loadYouTubeVideo, { once: true });\n\n  \/\/ Also load if the user hasn't scrolled after 3 seconds\n  setTimeout(loadYouTubeVideo, 3000);\n<\/script>\n\n<\/div>\n<\/section>","protected":false},"excerpt":{"rendered":"<p>Deimhni\u00fach\u00e1n Sreangaithe Lead\u00f3ige Cuireann Best Stringer Worldwide (BSW) teastais sreangaithe lead\u00f3ige ar f\u00e1il. D\u00e9anann na teastais seo scileanna sreangaithe a mheas. D\u00e9anann \u00e1r gcl\u00e1r t\u00e1st\u00e1il ar bhunmhodhanna sreangaithe agus ar ardobair raic\u00e9id don lead\u00f3g. Leibh\u00e9il na dTeastas Sreangaithe Lead\u00f3ige T\u00e1 teastais \u00e9ags\u00fala ag BSW do shreang\u00fa raic\u00e9ad lead\u00f3ige: Strucht\u00far an Deimhni\u00fach\u00e1in Sreangaithe Raic\u00e9ad Lead\u00f3ige T\u00e1 &#8230; <a title=\"Tennis Stringing Certificate (Certification)\" class=\"read-more\" href=\"https:\/\/beststringer.com\/ga\/tennis-stringing-certificate\/\" aria-label=\"Read more about Tennis Stringing Certificate (Certification)\">Read more<\/a><\/p>\n","protected":false},"author":1,"featured_media":40444,"parent":0,"menu_order":0,"comment_status":"closed","ping_status":"closed","template":"","meta":{"footnotes":""},"class_list":{"0":"post-40442","1":"page","2":"type-page","3":"status-publish","4":"has-post-thumbnail","6":"infinite-scroll-item"},"_links":{"self":[{"href":"https:\/\/beststringer.com\/ga\/wp-json\/wp\/v2\/pages\/40442","targetHints":{"allow":["GET"]}}],"collection":[{"href":"https:\/\/beststringer.com\/ga\/wp-json\/wp\/v2\/pages"}],"about":[{"href":"https:\/\/beststringer.com\/ga\/wp-json\/wp\/v2\/types\/page"}],"author":[{"embeddable":true,"href":"https:\/\/beststringer.com\/ga\/wp-json\/wp\/v2\/users\/1"}],"replies":[{"embeddable":true,"href":"https:\/\/beststringer.com\/ga\/wp-json\/wp\/v2\/comments?post=40442"}],"version-history":[{"count":0,"href":"https:\/\/beststringer.com\/ga\/wp-json\/wp\/v2\/pages\/40442\/revisions"}],"wp:featuredmedia":[{"embeddable":true,"href":"https:\/\/beststringer.com\/ga\/wp-json\/wp\/v2\/media\/40444"}],"wp:attachment":[{"href":"https:\/\/beststringer.com\/ga\/wp-json\/wp\/v2\/media?parent=40442"}],"curies":[{"name":"wp","href":"https:\/\/api.w.org\/{rel}","templated":true}]}}