{"id":39610,"date":"2024-08-06T04:55:03","date_gmt":"2024-08-06T04:55:03","guid":{"rendered":"https:\/\/beststringer.com\/certified-badminton-stringer-cbs-certification\/"},"modified":"2025-09-25T05:59:00","modified_gmt":"2025-09-25T05:59:00","slug":"certified-badminton-stringer-cbs-certification","status":"publish","type":"page","link":"https:\/\/beststringer.com\/ga\/certified-badminton-stringer-cbs-certification\/","title":{"rendered":"Deimhni\u00fach\u00e1n mar Theannaire Badminton Deimhnithe (CBS)"},"content":{"rendered":"<div class=\"gb-container gb-container-f66bc834\">\n<div class=\"gb-container gb-container-37db13f4\">\n<div class=\"gb-container gb-container-3021f73c\">\n<div id=\"ez-toc-container\" class=\"ez-toc-v2_0_82_2 ez-toc-wrap-left counter-hierarchy ez-toc-counter ez-toc-custom ez-toc-container-direction\">\n<div class=\"ez-toc-title-container\">\n<p class=\"ez-toc-title\" style=\"cursor:inherit\">Topics<\/p>\n<span class=\"ez-toc-title-toggle\"><a href=\"#\" class=\"ez-toc-pull-right ez-toc-btn ez-toc-btn-xs ez-toc-btn-default ez-toc-toggle\" aria-label=\"Toggle Table of Content\"><span class=\"ez-toc-js-icon-con\"><span class=\"\"><span class=\"eztoc-hide\" style=\"display:none;\">Toggle<\/span><span class=\"ez-toc-icon-toggle-span\"><svg style=\"fill: #ffffff;color:#ffffff\" xmlns=\"http:\/\/www.w3.org\/2000\/svg\" class=\"list-377408\" width=\"20px\" height=\"20px\" viewBox=\"0 0 24 24\" fill=\"none\"><path d=\"M6 6H4v2h2V6zm14 0H8v2h12V6zM4 11h2v2H4v-2zm16 0H8v2h12v-2zM4 16h2v2H4v-2zm16 0H8v2h12v-2z\" fill=\"currentColor\"><\/path><\/svg><svg style=\"fill: #ffffff;color:#ffffff\" class=\"arrow-unsorted-368013\" xmlns=\"http:\/\/www.w3.org\/2000\/svg\" width=\"10px\" height=\"10px\" viewBox=\"0 0 24 24\" version=\"1.2\" baseProfile=\"tiny\"><path d=\"M18.2 9.3l-6.2-6.3-6.2 6.3c-.2.2-.3.4-.3.7s.1.5.3.7c.2.2.4.3.7.3h11c.3 0 .5-.1.7-.3.2-.2.3-.5.3-.7s-.1-.5-.3-.7zM5.8 14.7l6.2 6.3 6.2-6.3c.2-.2.3-.5.3-.7s-.1-.5-.3-.7c-.2-.2-.4-.3-.7-.3h-11c-.3 0-.5.1-.7.3-.2.2-.3.5-.3.7s.1.5.3.7z\"\/><\/svg><\/span><\/span><\/span><\/a><\/span><\/div>\n<nav><ul class='ez-toc-list ez-toc-list-level-1 eztoc-toggle-hide-by-default' ><li class='ez-toc-page-1 ez-toc-heading-level-3'><a class=\"ez-toc-link ez-toc-heading-1\" href=\"https:\/\/beststringer.com\/ga\/certified-badminton-stringer-cbs-certification\/#Cuspoiri_Foghlama_an_tSreangora_Dheimhnithe_Badmantain\" >Cusp\u00f3ir\u00ed Foghlama an tSreang\u00f3ra Dheimhnithe Badmantain<\/a><\/li><li class='ez-toc-page-1 ez-toc-heading-level-3'><a class=\"ez-toc-link ez-toc-heading-2\" href=\"https:\/\/beststringer.com\/ga\/certified-badminton-stringer-cbs-certification\/#Riachtanais_do_Dheimhniuchan_an_tSreangora_Dheimhnithe_Badmantain_CBS\" >Riachtanais do Dheimhni\u00fach\u00e1n an tSreang\u00f3ra Dheimhnithe Badmantain (CBS)<\/a><\/li><li class='ez-toc-page-1 ez-toc-heading-level-3'><a class=\"ez-toc-link ez-toc-heading-3\" href=\"https:\/\/beststringer.com\/ga\/certified-badminton-stringer-cbs-certification\/#Scrudu_Teoiriciuil_Scriofa\" >Scr\u00fad\u00fa Teoirici\u00fail Scr\u00edofa<\/a><\/li><li class='ez-toc-page-1 ez-toc-heading-level-3'><a class=\"ez-toc-link ez-toc-heading-4\" href=\"https:\/\/beststringer.com\/ga\/certified-badminton-stringer-cbs-certification\/#Scrudu_Praiticiuil_ar_Scileanna_Sreangaithe_CBS\" >Scr\u00fad\u00fa Praitici\u00fail ar Scileanna Sreangaithe (CBS)<\/a><\/li><li class='ez-toc-page-1 ez-toc-heading-level-3'><a class=\"ez-toc-link ez-toc-heading-5\" href=\"https:\/\/beststringer.com\/ga\/certified-badminton-stringer-cbs-certification\/#Measunoir_an_Deimhniuchain\" >Meas\u00fan\u00f3ir an Deimhni\u00fach\u00e1in<\/a><\/li><li class='ez-toc-page-1 ez-toc-heading-level-3'><a class=\"ez-toc-link ez-toc-heading-6\" href=\"https:\/\/beststringer.com\/ga\/certified-badminton-stringer-cbs-certification\/#Gradam_an_Deimhniuchain\" >Gradam an Deimhni\u00fach\u00e1in<\/a><\/li><li class='ez-toc-page-1 ez-toc-heading-level-3'><a class=\"ez-toc-link ez-toc-heading-7\" href=\"https:\/\/beststringer.com\/ga\/certified-badminton-stringer-cbs-certification\/#Teastas_Samplach_Amhain\" >Teastas Samplach Amh\u00e1in<\/a><\/li><li class='ez-toc-page-1 ez-toc-heading-level-3'><a class=\"ez-toc-link ez-toc-heading-8\" href=\"https:\/\/beststringer.com\/ga\/certified-badminton-stringer-cbs-certification\/#Conair_an_Deimhniuchain\" >Conair an Deimhni\u00fach\u00e1in<\/a><\/li><li class='ez-toc-page-1 ez-toc-heading-level-3'><a class=\"ez-toc-link ez-toc-heading-9\" href=\"https:\/\/beststringer.com\/ga\/certified-badminton-stringer-cbs-certification\/#Sreangoir_Deimhnithe_Badmantain_CBS\" >Sreang\u00f3ir Deimhnithe Badmantain (CBS)<\/a><\/li><li class='ez-toc-page-1 ez-toc-heading-level-3'><a class=\"ez-toc-link ez-toc-heading-10\" href=\"https:\/\/beststringer.com\/ga\/certified-badminton-stringer-cbs-certification\/#Clar_Sreangoir_Deimhnithe_Badmantain_BSW\" >Cl\u00e1r Sreang\u00f3ir Deimhnithe Badmantain BSW<\/a><\/li><\/ul><\/nav><\/div>\n\n\n\n\n<p class=\"gb-headline gb-headline-7d760a3f gb-headline-text\">M\u00faineann cl\u00e1r Sreang\u00f3ir Deimhnithe Badmantain BSW na bunscileanna a bhaineann le sreang\u00fa raic\u00e9id. Ullmha\u00edonn an deimhni\u00fach\u00e1n seo sreang\u00f3ir\u00ed chun freastal ar imreoir\u00ed \u00f3c\u00e1ideacha, arb iad 90% de phobal an bhadmantain iad.<\/p>\n\n<\/div>\n<\/div>\n\n<div class=\"gb-container gb-container-0787b207\">\n<div class=\"gb-container gb-container-eed18cdf\">\n\n<h3 class=\"gb-headline gb-headline-59f1817a gb-headline-text\"><span class=\"ez-toc-section\" id=\"Cuspoiri_Foghlama_an_tSreangora_Dheimhnithe_Badmantain\"><\/span><strong><mark style=\"background-color:rgba(0, 0, 0, 0)\" class=\"has-inline-color has-global-color-9-color\">Cusp\u00f3ir\u00ed Foghlama<\/mark> an tSreang\u00f3ra Dheimhnithe Badmantain<\/strong><span class=\"ez-toc-section-end\"><\/span><\/h3>\n\n\n\n<ul class=\"wp-block-list\">\n<li>Strucht\u00far bun\u00fasach raic\u00e9ad badmantain a thuiscint<\/li>\n\n\n\n<li>M\u00e1istreacht a fh\u00e1il ar theicn\u00edc\u00ed sreangaithe 2 n\u00f3d agus 4 n\u00f3d<\/li>\n\n\n\n<li>Foghlaim conas teannas comhsheasmhach sreinge a choinne\u00e1il<\/li>\n\n\n\n<li>Scileanna cumars\u00e1ide \u00e9ifeachtacha le custaim\u00e9ir\u00ed a fhorbairt<\/li>\n\n\n\n<li>Eolas cuimsitheach ar shreang\u00fa a fh\u00e1il<\/li>\n\n\n\n<li>Tuiscint n\u00edos doimhne a fh\u00e1il n\u00e1 mar a thairgeann siopa\u00ed sp\u00f3irt badmantain traidisi\u00fanta<\/li>\n\n\n\n<li>Teicn\u00edc\u00ed gairmi\u00fala sreangaithe agus na cleachtais is fearr a fhoghlaim<\/li>\n\n\n\n<li>Scileanna sreangaithe a fhorbairt at\u00e1 n\u00edos fearr \u00f3 thaobh c\u00e1il\u00edochta agus cruinnis n\u00e1 modhanna traidisi\u00fanta sreangaithe badmantain<\/li>\n\n\n\n<li>Coincheapa ginear\u00e1lta sreangaithe a mh\u00edni\u00fa d\u2019imreoir\u00ed \u00f3c\u00e1ideacha<\/li>\n\n\n\n<li>Sreanga agus teannais oiri\u00fanacha badmantain a mholadh<\/li>\n\n\n\n<li>Feabhas a chur ar chluiche na n-imreoir\u00ed tr\u00ed ullmh\u00fach\u00e1n eolasach raic\u00e9id<\/li>\n<\/ul>\n\n<\/div>\n<\/div>\n\n<div class=\"gb-container gb-container-227b6b28\">\n\n<h3 class=\"gb-headline gb-headline-e5c79f72 gb-headline-text\"><span class=\"ez-toc-section\" id=\"Riachtanais_do_Dheimhniuchan_an_tSreangora_Dheimhnithe_Badmantain_CBS\"><\/span><mark style=\"background-color:rgba(0, 0, 0, 0)\" class=\"has-inline-color has-global-color-9-color\">Riachtanais<\/mark> do Dheimhni\u00fach\u00e1n an tSreang\u00f3ra Dheimhnithe Badmantain (CBS)<span class=\"ez-toc-section-end\"><\/span><\/h3>\n\n\n\n<p>Chun a bheith inch\u00e1ilithe don deimhni\u00fach\u00e1n seo, n\u00ed m\u00f3r do shreang\u00f3ir\u00ed na riachtanais seo a leanas a chomhl\u00edonadh:<\/p>\n\n\n\n<ul class=\"wp-block-list\">\n<li>\u00cdosmh\u00e9id de 3 bliana de thaith\u00ed ag imirt badmantain<\/li>\n\n\n\n<li>N\u00ed m\u00f3r tuiscint a bheith acu ar bhunchleachtais chearta an bhadmantain<\/li>\n\n\n\n<li>Caithfidh Comhairleoir Sreinge Deimhnithe BSW \u2013 Badmantan (CSA-B) a bheith bainte amach acu<\/li>\n\n\n\n<li>\u00cdosmh\u00e9id de 5 bliana de thaith\u00ed sreangaithe ghairmi\u00fail ag freastal ar an bpobal<\/li>\n\n\n\n<li>Meais\u00edn sreangaithe digiteach caighde\u00e1nach m\u00edn a bheith acu le feisteas 6 phointe, clamp agus glas maighn\u00e9id, agus cruinneas maith comhsheasmhach sa cheann teannais.<\/li>\n\n\n\n<li>18 mbliana d\u2019aois n\u00f3 os a chionn<\/li>\n<\/ul>\n\n\n\n<p>N\u00ed chead\u00f3far ach d\u2019iarrth\u00f3ir\u00ed a chomhl\u00edonann na crit\u00e9ir seo tabhairt faoi phr\u00f3iseas deimhni\u00fach\u00e1in an tSreang\u00f3ra Dheimhnithe Badmantain.<\/p>\n\n<\/div>\n\n<div class=\"gb-container gb-container-8072e76b\">\n<div class=\"gb-container gb-container-eabf3753\">\n\n<h3 class=\"gb-headline gb-headline-0ad93116 gb-headline-text\"><span class=\"ez-toc-section\" id=\"Scrudu_Teoiriciuil_Scriofa\"><\/span><strong>Scr\u00fad\u00fa <mark style=\"background-color:rgba(0, 0, 0, 0)\" class=\"has-inline-color has-global-color-9-color\">Teoirici\u00fail Scr\u00edofa<\/mark><\/strong><span class=\"ez-toc-section-end\"><\/span><\/h3>\n\n\n\n<p>Is ionann an tEolas Teoirici\u00fail agus <strong>50% den deimhni\u00fach\u00e1n<\/strong>. Beidh ar an iarrth\u00f3ir an m\u00e9id seo a leanas a dh\u00e9anamh:<\/p>\n\n\n\n<p>Scr\u00fad\u00fa Scr\u00edofa:<br>50 ceist ilroghnacha ar bhunghn\u00e9ithe an tsreangaithe badmantain.<br>I measc na n-\u00e1bhar t\u00e1:<\/p>\n\n\n\n<ul class=\"wp-block-list\">\n<li>Teicn\u00edc\u00ed sreangaithe badmantain<\/li>\n\n\n\n<li>Buntuiscint ar theannas<\/li>\n\n\n\n<li>Cine\u00e1lacha agus strucht\u00fair fr\u00e1ma\u00ed raic\u00e9id<\/li>\n\n\n\n<li>Patr\u00fain sreangaithe<\/li>\n\n\n\n<li>Cine\u00e1lacha gream\u00e1n agus a gcur i bhfeidhm<\/li>\n\n\n\n<li>Tomhsaire agus air\u00edonna sreinge<\/li>\n\n\n\n<li>Prionsabail an tsreang\u00f3ra<\/li>\n\n\n\n<li>Cine\u00e1lacha sreinge agus a n-\u00e9ifeachta\u00ed<\/li>\n\n\n\n<li>\u00c9ifeachta\u00ed an teannais ar an imirt<\/li>\n\n\n\n<li>Teicneola\u00edocht raic\u00e9id<\/li>\n<\/ul>\n\n\n\n<p>Insamhalta Seirbh\u00edse do Chustaim\u00e9ir\u00ed:<\/p>\n\n\n\n<ul class=\"wp-block-list\">\n<li>Agallamh 5 n\u00f3im\u00e9ad chun scileanna seirbh\u00edse do chustaim\u00e9ir\u00ed a l\u00e9iri\u00fa<\/li>\n\n\n\n<li>Meas\u00fan\u00fa ar an gcumas coincheapa sreangaithe a chur in i\u00fal do chustaim\u00e9ir\u00ed<\/li>\n\n\n\n<li>Meast\u00f3ireacht ar an gcur chuige i leith fiosruithe agus imn\u00ed custaim\u00e9ir\u00ed<\/li>\n<\/ul>\n\n\n\n<p>N\u00ed m\u00f3r d\u2019iarrth\u00f3ir\u00ed an t\u00e1st\u00e1il scr\u00edofa agus an t-agallamh seirbh\u00edse do chustaim\u00e9ir\u00ed a dh\u00e9anamh chun an chuid den deimhni\u00fach\u00e1n a bhaineann le heolas teoirici\u00fail a chomhl\u00edonadh.<\/p>\n\n<\/div>\n<\/div>\n\n<div class=\"gb-container gb-container-90ecf704\">\n<div class=\"gb-container gb-container-5939e332\">\n\n<h3 class=\"gb-headline gb-headline-fd44004c gb-headline-text\"><span class=\"ez-toc-section\" id=\"Scrudu_Praiticiuil_ar_Scileanna_Sreangaithe_CBS\"><\/span><strong>Scr\u00fad\u00fa <mark style=\"background-color:rgba(0, 0, 0, 0)\" class=\"has-inline-color has-global-color-9-color\">Praitici\u00fail<\/mark> ar Scileanna Sreangaithe (CBS) <\/strong><span class=\"ez-toc-section-end\"><\/span><\/h3>\n\n\n\n<p class=\"gb-headline gb-headline-053891c0 gb-headline-text\">Is ionann na Scileanna Praitici\u00fala Sreangaithe agus <strong>50% de dheinmhni\u00fach\u00e1n an tSreang\u00f3ra Dheimhnithe Badmantain<\/strong>. Beidh ar an iarrth\u00f3ir an m\u00e9id seo a leanas a dh\u00e9anamh:<\/p>\n\n\n\n<p>Ceithre raic\u00e9ad badmantain caighde\u00e1nach a shreang\u00fa (22 phr\u00edomhshreang, 22 chros-shreang):<\/p>\n\n\n\n<ul class=\"wp-block-list\">\n<li>Dh\u00e1 raic\u00e9ad ag \u00fas\u00e1id an mhodha 2 n\u00f3d<\/li>\n\n\n\n<li>Dh\u00e1 raic\u00e9ad ag \u00fas\u00e1id an mhodha 4 n\u00f3d<\/li>\n<\/ul>\n\n\n\n<p>Do gach raic\u00e9ad:<\/p>\n\n\n\n<ul class=\"wp-block-list\">\n<li>An sreang\u00fa a chr\u00edochn\u00fa laistigh de 60 n\u00f3im\u00e9ad<\/li>\n\n\n\n<li>An fr\u00e1ma agus na grom\u00f3id\u00ed a ini\u00fachadh le haghaidh dam\u00e1iste<\/li>\n\n\n\n<li>Na seansreanga a ghearradh agus a bhaint d\u00edobh i gceart<\/li>\n\n\n\n<li>An raic\u00e9ad a fheisti\u00fa i gceart<\/li>\n\n\n\n<li>Sreanga a chur tr\u00ed na grom\u00f3id\u00ed go m\u00edn gan dam\u00e1iste a dh\u00e9anamh<\/li>\n\n\n\n<li>Snaidhmeanna cearta, daingne a cheangal<\/li>\n\n\n\n<li>A chinnti\u00fa nach bhfuil an tsreang dheireanach r\u00f3scaoilte tar \u00e9is an tsnaidhm a cheangal<\/li>\n\n\n\n<li>Sreanga forluite n\u00f3 trasnaithe a sheachaint<\/li>\n\n\n\n<li>Na pr\u00edomhshreanga agus na cros-shreanga a choinne\u00e1il d\u00edreach agus slachtmhar<\/li>\n<\/ul>\n\n\n\n<p>Teannas comhsheasmhach a chinnti\u00fa ar fud na raic\u00e9ad go l\u00e9ir:<\/p>\n\n\n\n<ul class=\"wp-block-list\">\n<li>Uasdifr\u00edocht 2 DT nuair a dh\u00e9antar t\u00e1st\u00e1il le gl\u00e9as<\/li>\n\n\n\n<li>Gach raic\u00e9ad sreangaithe ag an teannas c\u00e9anna<\/li>\n<\/ul>\n\n\n\n<figure class=\"gb-block-image gb-block-image-9aefddeb\"><img loading=\"lazy\" decoding=\"async\" width=\"846\" height=\"622\" class=\"gb-image gb-image-9aefddeb\" src=\"https:\/\/beststringer.com\/wp-content\/uploads\/2024\/10\/Certified-Badminton-Stringer-CBS-Certification-Badminton-Stringing-Certification.png\" alt=\"Deimhni\u00fach\u00e1n Sreang\u00f3ir Deimhnithe Badmantain (CBS) do shreang\u00fa gairmi\u00fail raic\u00e9id\" title=\"Deimhni\u00fach\u00e1n Sreang\u00f3ir Deimhnithe Badmantain (CBS) do shreang\u00fa gairmi\u00fail raic\u00e9id\" srcset=\"https:\/\/beststringer.com\/wp-content\/uploads\/2024\/10\/Certified-Badminton-Stringer-CBS-Certification-Badminton-Stringing-Certification.png 846w, https:\/\/beststringer.com\/wp-content\/uploads\/2024\/10\/Certified-Badminton-Stringer-CBS-Certification-Badminton-Stringing-Certification-300x221.png 300w, https:\/\/beststringer.com\/wp-content\/uploads\/2024\/10\/Certified-Badminton-Stringer-CBS-Certification-Badminton-Stringing-Certification-768x565.png 768w\" sizes=\"auto, (max-width: 846px) 100vw, 846px\" \/><\/figure>\n\n<\/div>\n<\/div>\n\n<div class=\"gb-container gb-container-f0989cee\">\n<div class=\"gb-container gb-container-e0d32fa5\">\n\n<h3 class=\"gb-headline gb-headline-fb417e2a gb-headline-text\"><span class=\"ez-toc-section\" id=\"Measunoir_an_Deimhniuchain\"><\/span><strong><mark style=\"background-color:rgba(0, 0, 0, 0)\" class=\"has-inline-color has-global-color-9-color\">Meas\u00fan\u00f3ir<\/mark> an Deimhni\u00fach\u00e1in<\/strong><span class=\"ez-toc-section-end\"><\/span><\/h3>\n\n\n\n<p>D\u00e9anfaidh meas\u00fan\u00f3ir an deimhni\u00fach\u00e1in na scileanna seo a mheas de r\u00e9ir na gcrit\u00e9ar th\u00edos chun a chinnti\u00fa go gcomhl\u00edonann an t-iarrth\u00f3ir na caighde\u00e1in riachtanacha do dheimhni\u00fach\u00e1n an tSreang\u00f3ra Dheimhnithe Badmantain (CBS).<\/p>\n\n\n\n<ul class=\"wp-block-list\">\n<li>Teicn\u00edc cheart sreangaithe do mhodhanna 2 n\u00f3d agus 4 n\u00f3d araon<\/li>\n\n\n\n<li>Gan aon chros-sreanga sa leaba sreinge<\/li>\n\n\n\n<li>Cruth an fhr\u00e1ma coinnithe<\/li>\n\n\n\n<li>Gan dam\u00e1iste do shreanga n\u00e1 do ghrom\u00f3id\u00ed<\/li>\n\n\n\n<li>Sreanga d\u00edreacha le teannas cothrom<\/li>\n\n\n\n<li>Sti\u00fanas comhsheasmhach sa leaba sreinge ar fud na gceithre raic\u00e9ad<\/li>\n\n\n\n<li>Bainist\u00edocht ama chu\u00ed (60 n\u00f3im\u00e9ad in aghaidh an raic\u00e9id)<\/li>\n\n\n\n<li>Freagra\u00ed cruinne ar cheisteanna teoirici\u00fala<\/li>\n\n\n\n<li>Cur chuige cu\u00ed i leith seirbh\u00eds do chustaim\u00e9ir\u00ed<\/li>\n<\/ul>\n\n\n<div class=\"gb-container gb-container-79c3d10c\">\n<div class=\"gb-container gb-container-6cec1a21\">\n\n<h3 class=\"gb-headline gb-headline-31ecb21f gb-headline-text\"><span class=\"ez-toc-section\" id=\"Gradam_an_Deimhniuchain\"><\/span><strong>Gradam an <mark style=\"background-color:rgba(0, 0, 0, 0)\" class=\"has-inline-color has-global-color-9-color\">Deimhni\u00fach\u00e1in<\/mark><\/strong><span class=\"ez-toc-section-end\"><\/span><\/h3>\n\n\n\n<p class=\"gb-headline gb-headline-dee6187b gb-headline-text\">Gheobhaidh sreang\u00f3ir\u00ed a n-\u00e9ir\u00edonn leo sa d\u00e1 chuid den scr\u00fad\u00fa teastas <mark style=\"background-color:rgba(0, 0, 0, 0)\" class=\"has-inline-color has-accent-color\"><strong><a href=\"https:\/\/beststringer.com\/ga\/certified-badminton-stringer-cbs-certification\/\">Sreang\u00f3ir Deimhnithe Badmantain<\/a><\/strong><\/mark> \u00f3 BSW. Aithn\u00edonn an doicim\u00e9ad oifigi\u00fail seo, arna eisi\u00faint ag Best Stringer Worldwide (BSW), na scileanna agus an t-eolas at\u00e1 l\u00e9irithe ag an sreang\u00f3ir. Seolfar an bunch\u00f3ip den teastas Sreang\u00f3ir Deimhnithe Badmantain chuig iarrth\u00f3ir\u00ed rath\u00fala in aon t\u00edr, mar chruth\u00fanas ar a bhfuil bainte amach acu i sreang\u00fa raic\u00e9ad badmantain.<\/p>\n\n\n\n<h3 class=\"gb-headline gb-headline-fff45e8d gb-headline-text\"><span class=\"ez-toc-section\" id=\"Teastas_Samplach_Amhain\"><\/span><strong>Teastas Samplach <mark style=\"background-color:rgba(0, 0, 0, 0)\" class=\"has-inline-color has-global-color-9-color\">Amh\u00e1in<\/mark><\/strong><span class=\"ez-toc-section-end\"><\/span><\/h3>\n\n\n\n<p class=\"gb-headline gb-headline-bc007b36 gb-headline-text\">\u00das\u00e1ideann BSW bearta sl\u00e1nd\u00e1la dochta chun bar\u00e1nt\u00falacht gach sreang\u00f3ra dheimhnithe a fh\u00edor\u00fa. Cinnt\u00edonn s\u00e9 seo gur f\u00e9idir le himreoir\u00ed na sreang\u00f3ir\u00ed is oilte agus is dlisteana\u00ed ina dt\u00edr a aithint agus teacht orthu go muin\u00edneach. Coinn\u00edonn \u00e1r bpr\u00f3iseas deimhni\u00fach\u00e1in na caighde\u00e1in is airde feabhais i sreang\u00fa raic\u00e9ad badmantain ar fud an domhain.<\/p>\n\n<\/div>\n<\/div>\n\n<div class=\"gb-container gb-container-4afbca5d\">\n<div class=\"gb-container gb-container-4ad5da32\">\n\n<figure class=\"gb-block-image gb-block-image-92769f8f\"><img loading=\"lazy\" decoding=\"async\" width=\"1414\" height=\"2000\" class=\"gb-image gb-image-92769f8f\" src=\"https:\/\/beststringer.com\/wp-content\/uploads\/2024\/09\/Certified-Badminton-Stringer-Certificate-by-Best-Stringer-Worldwide-Recognize.png\" alt=\"Teastas Sreang\u00f3ir Deimhnithe Badmantain \u00f3 Best Stringer Worldwide aitheanta\" title=\"Teastas Sreang\u00f3ir Deimhnithe Badmantain \u00f3 Best Stringer Worldwide aitheanta\" srcset=\"https:\/\/beststringer.com\/wp-content\/uploads\/2024\/09\/Certified-Badminton-Stringer-Certificate-by-Best-Stringer-Worldwide-Recognize.png 1414w, https:\/\/beststringer.com\/wp-content\/uploads\/2024\/09\/Certified-Badminton-Stringer-Certificate-by-Best-Stringer-Worldwide-Recognize-212x300.png 212w, https:\/\/beststringer.com\/wp-content\/uploads\/2024\/09\/Certified-Badminton-Stringer-Certificate-by-Best-Stringer-Worldwide-Recognize-724x1024.png 724w, https:\/\/beststringer.com\/wp-content\/uploads\/2024\/09\/Certified-Badminton-Stringer-Certificate-by-Best-Stringer-Worldwide-Recognize-768x1086.png 768w, https:\/\/beststringer.com\/wp-content\/uploads\/2024\/09\/Certified-Badminton-Stringer-Certificate-by-Best-Stringer-Worldwide-Recognize-1086x1536.png 1086w\" sizes=\"auto, (max-width: 1414px) 100vw, 1414px\" \/><\/figure>\n\n\n\n<p><em>Teastas Samplach Amh\u00e1in<\/em>, is f\u00e9idir le t\u00edortha \u00e9ags\u00fala teastais sreang\u00f3ra dheimhnithe a bhaineann go sonrach lena dt\u00edr f\u00e9in a iarraidh ar BSW.<\/p>\n\n<\/div>\n<\/div>\n<\/div>\n<\/div>\n\n<div class=\"gb-container gb-container-e795a955\">\n<div class=\"gb-container gb-container-d066f1b5\">\n\n<h3 class=\"gb-headline gb-headline-acc2e1f3 gb-headline-text\"><span class=\"ez-toc-section\" id=\"Conair_an_Deimhniuchain\"><\/span><strong>Conair an <mark style=\"background-color:rgba(0, 0, 0, 0)\" class=\"has-inline-color has-global-color-9-color\">Deimhni\u00fach\u00e1in<\/mark><\/strong><span class=\"ez-toc-section-end\"><\/span><\/h3>\n\n\n\n<p class=\"gb-headline gb-headline-4bd3f787 gb-headline-text\">Cuireann Conair Sreang\u00f3ra Badmantain BSW aistear cuimsitheach ar f\u00e1il do shreang\u00f3ir\u00ed chun barr feabhais a bhaint amach. Ag tos\u00fa leis an leibh\u00e9al Sreang\u00f3ir Deimhnithe Badmantain (CBS), is f\u00e9idir le sreang\u00f3ir\u00ed dul ar aghaidh tr\u00ed Sreang\u00f3ir Gairmi\u00fail Badmantain (PBS) go dt\u00ed go sroicheann siad st\u00e1das M\u00e1istir-Shreang\u00f3ir Turais Badmantain (MBTS) sa deireadh. \u00c1ir\u00edtear sa chonair seo freisin deimhnithe speisialaithe i r\u00f3il chomhairleacha teannais agus sreinge. Tr\u00ed gach leibh\u00e9al a chr\u00edochn\u00fa, l\u00e9ir\u00edonn sreang\u00f3ir\u00ed saineolas m\u00e9adaitheach, agus is \u00e9 an sprioc deiridh n\u00e1 aitheantas a fh\u00e1il mar &#8220;Best Stringer Worldwide&#8221; &#8211; comhartha den scoth i bpobal an bhadmantain.<\/p>\n\n<\/div>\n<\/div>\n\n<div class=\"gb-container gb-container-3f6cf47c\">\n<div class=\"gb-container gb-container-5ab047f1\">\n\n<figure class=\"gb-block-image gb-block-image-e9098f01\"><img loading=\"lazy\" decoding=\"async\" width=\"800\" height=\"482\" class=\"gb-image gb-image-e9098f01\" src=\"https:\/\/beststringer.com\/wp-content\/uploads\/2024\/08\/Certified-Badminton-Stringer-CBS-Certification-by-Best-Stringer-Worldwide-Badminton-Stringing-Certificate.jpg\" alt=\"Deimhni\u00fach\u00e1n Sreang\u00f3ir Deimhnithe Badmantain (CBS) \u00f3 Best Stringer Worldwide\" title=\"Deimhni\u00fach\u00e1n Sreang\u00f3ir Deimhnithe Badmantain (CBS) \u00f3 Best Stringer Worldwide\" srcset=\"https:\/\/beststringer.com\/wp-content\/uploads\/2024\/08\/Certified-Badminton-Stringer-CBS-Certification-by-Best-Stringer-Worldwide-Badminton-Stringing-Certificate.jpg 800w, https:\/\/beststringer.com\/wp-content\/uploads\/2024\/08\/Certified-Badminton-Stringer-CBS-Certification-by-Best-Stringer-Worldwide-Badminton-Stringing-Certificate-300x181.jpg 300w, https:\/\/beststringer.com\/wp-content\/uploads\/2024\/08\/Certified-Badminton-Stringer-CBS-Certification-by-Best-Stringer-Worldwide-Badminton-Stringing-Certificate-768x463.jpg 768w\" sizes=\"auto, (max-width: 800px) 100vw, 800px\" \/><\/figure>\n\n<\/div>\n<\/div>\n<\/div>\n\n<section class=\"gb-container gb-container-21e3c652\">\n<div class=\"gb-container gb-container-11344779\">\n\n<h3 class=\"gb-headline gb-headline-39f4cce2 gb-headline-text\"><span class=\"ez-toc-section\" id=\"Sreangoir_Deimhnithe_Badmantain_CBS\"><\/span>Sreang\u00f3ir Deimhnithe Badmantain (CBS)<span class=\"ez-toc-section-end\"><\/span><\/h3>\n\n\n\n<p class=\"gb-headline gb-headline-c6c5990e gb-headline-text\">Faigh amach cad a theasta\u00edonn chun a bheith i do Shreang\u00f3ir Deimhnithe Badmantain (CBS) sa treoir chuimsitheach seo. Foghlaim faoi na scileanna, an t-eolas, agus an taith\u00ed at\u00e1 riachtanach do dheimhni\u00fach\u00e1n CBS, lena n-\u00e1ir\u00edtear m\u00e1istreacht a fh\u00e1il ar theicn\u00edc\u00ed sreangaithe 2 n\u00f3d agus 4 n\u00f3d, tuiscint ar theannas sreinge, agus scileanna r\u00edth\u00e1bhachtacha seirbh\u00edse do chustaim\u00e9ir\u00ed a fhorbairt.<\/p>\n\n\n<div class=\"gb-container gb-container-ec1a2ce6\">\n<div class=\"gb-container gb-container-238a634b\"><\/div>\n<\/div>\n\n\n<div id=\"youtube-player\"><\/div>\n<script>\n  var videoLoaded = false;\n\n  function loadYouTubeVideo() {\n    if (videoLoaded) return;\n    videoLoaded = true;\n    var tag = document.createElement('script');\n    tag.src = \"https:\/\/www.youtube.com\/iframe_api\";\n    var firstScriptTag = document.getElementsByTagName('script')[0];\n    firstScriptTag.parentNode.insertBefore(tag, firstScriptTag);\n  }\n\n  function onYouTubeIframeAPIReady() {\n    new YT.Player('youtube-player', {\n      height: '360',\n      width: '640',\n      videoId: 'bA-kSy0NDiQ', \/\/ Your video ID\n      events: {\n        'onReady': onPlayerReady\n      }\n    });\n  }\n\n  function onPlayerReady(event) {\n    \/\/ Video is ready to play\n  }\n\n  \/\/ Load the YouTube API script when the page is scrolled\n  window.addEventListener('scroll', loadYouTubeVideo, { once: true });\n\n  \/\/ Also load if the user hasn't scrolled after 3 seconds\n  setTimeout(loadYouTubeVideo, 3000);\n<\/script>\n\n<\/div>\n<\/section>\n\n<section class=\"gb-container gb-container-49b9586e\">\n<div class=\"gb-container gb-container-a2e9522c\"><\/div>\n\n<div class=\"gb-container gb-container-0e11192a\">\n\n<h3 class=\"gb-headline gb-headline-5cf408ee gb-headline-text\"><span class=\"ez-toc-section\" id=\"Clar_Sreangoir_Deimhnithe_Badmantain_BSW\"><\/span>Cl\u00e1r Sreang\u00f3ir Deimhnithe Badmantain BSW<span class=\"ez-toc-section-end\"><\/span><\/h3>\n\n\n<div class=\"gb-container gb-container-daaa2e63\">\n<div class=\"gb-container gb-container-bda621fe\"><\/div>\n\n<div class=\"gb-container gb-container-4b0ac72b\"><\/div>\n<\/div>\n\n\n<p class=\"gb-headline gb-headline-edf98545 gb-headline-text\">Foghlaim scileanna gairmi\u00fala sreangaithe badmantain. Cl\u00fada\u00edonn an deimhni\u00fach\u00e1n seo teicn\u00edc\u00ed cearta, teicneola\u00edocht raic\u00e9id, agus meas\u00fan\u00fa ar riachtanais imreoir\u00ed, idir imreoir\u00ed \u00f3c\u00e1ideacha agus imreoir\u00ed ioma\u00edocha.<\/p>\n\n\n\n<a class=\"gb-button gb-button-a29641e0 gb-button-text\" href=\"#\">Sonra\u00ed an Deimhni\u00fach\u00e1in<\/a>\n\n<\/div>\n<\/section>","protected":false},"excerpt":{"rendered":"<p>M\u00faineann cl\u00e1r Sreang\u00f3ir Deimhnithe Badmantain BSW na bunscileanna a bhaineann le sreang\u00fa raic\u00e9id. Ullmha\u00edonn an deimhni\u00fach\u00e1n seo sreang\u00f3ir\u00ed chun freastal ar imreoir\u00ed \u00f3c\u00e1ideacha, arb iad 90% de phobal an bhadmantain iad. Cusp\u00f3ir\u00ed Foghlama an tSreang\u00f3ra Dheimhnithe Badmantain Riachtanais do Dheimhni\u00fach\u00e1n an tSreang\u00f3ra Dheimhnithe Badmantain (CBS) Chun a bheith inch\u00e1ilithe don deimhni\u00fach\u00e1n seo, n\u00ed m\u00f3r do &#8230; <a title=\"Deimhni\u00fach\u00e1n mar Theannaire Badminton Deimhnithe (CBS)\" class=\"read-more\" href=\"https:\/\/beststringer.com\/ga\/certified-badminton-stringer-cbs-certification\/\" aria-label=\"Read more about Deimhni\u00fach\u00e1n mar Theannaire Badminton Deimhnithe (CBS)\">Read more<\/a><\/p>\n","protected":false},"author":1,"featured_media":39612,"parent":0,"menu_order":0,"comment_status":"closed","ping_status":"closed","template":"","meta":{"footnotes":""},"class_list":{"0":"post-39610","1":"page","2":"type-page","3":"status-publish","4":"has-post-thumbnail","6":"infinite-scroll-item"},"_links":{"self":[{"href":"https:\/\/beststringer.com\/ga\/wp-json\/wp\/v2\/pages\/39610","targetHints":{"allow":["GET"]}}],"collection":[{"href":"https:\/\/beststringer.com\/ga\/wp-json\/wp\/v2\/pages"}],"about":[{"href":"https:\/\/beststringer.com\/ga\/wp-json\/wp\/v2\/types\/page"}],"author":[{"embeddable":true,"href":"https:\/\/beststringer.com\/ga\/wp-json\/wp\/v2\/users\/1"}],"replies":[{"embeddable":true,"href":"https:\/\/beststringer.com\/ga\/wp-json\/wp\/v2\/comments?post=39610"}],"version-history":[{"count":0,"href":"https:\/\/beststringer.com\/ga\/wp-json\/wp\/v2\/pages\/39610\/revisions"}],"wp:featuredmedia":[{"embeddable":true,"href":"https:\/\/beststringer.com\/ga\/wp-json\/wp\/v2\/media\/39612"}],"wp:attachment":[{"href":"https:\/\/beststringer.com\/ga\/wp-json\/wp\/v2\/media?parent=39610"}],"curies":[{"name":"wp","href":"https:\/\/api.w.org\/{rel}","templated":true}]}}