{"id":39374,"date":"2024-08-05T14:09:16","date_gmt":"2024-08-05T14:09:16","guid":{"rendered":"https:\/\/beststringer.com\/stringing-certificate\/"},"modified":"2025-09-25T05:58:38","modified_gmt":"2025-09-25T05:58:38","slug":"stringing-certificate","status":"publish","type":"page","link":"https:\/\/beststringer.com\/ga\/stringing-certificate\/","title":{"rendered":"Teastas Teann\u00e1la Raic\u00e9id BSW &#8211; Pr\u00f3iseas Scr\u00fadaithe agus Leibh\u00e9il"},"content":{"rendered":"<div class=\"gb-container gb-container-f66bc834\">\n<div class=\"gb-container gb-container-3423e27e\">\n<div class=\"gb-container gb-container-4ea2fbf1\">\n<div id=\"ez-toc-container\" class=\"ez-toc-v2_0_82_2 ez-toc-wrap-left counter-hierarchy ez-toc-counter ez-toc-custom ez-toc-container-direction\">\n<div class=\"ez-toc-title-container\">\n<p class=\"ez-toc-title\" style=\"cursor:inherit\">Topics<\/p>\n<span class=\"ez-toc-title-toggle\"><a href=\"#\" class=\"ez-toc-pull-right ez-toc-btn ez-toc-btn-xs ez-toc-btn-default ez-toc-toggle\" aria-label=\"Toggle Table of Content\"><span class=\"ez-toc-js-icon-con\"><span class=\"\"><span class=\"eztoc-hide\" style=\"display:none;\">Toggle<\/span><span class=\"ez-toc-icon-toggle-span\"><svg style=\"fill: #ffffff;color:#ffffff\" xmlns=\"http:\/\/www.w3.org\/2000\/svg\" class=\"list-377408\" width=\"20px\" height=\"20px\" viewBox=\"0 0 24 24\" fill=\"none\"><path d=\"M6 6H4v2h2V6zm14 0H8v2h12V6zM4 11h2v2H4v-2zm16 0H8v2h12v-2zM4 16h2v2H4v-2zm16 0H8v2h12v-2z\" fill=\"currentColor\"><\/path><\/svg><svg style=\"fill: #ffffff;color:#ffffff\" class=\"arrow-unsorted-368013\" xmlns=\"http:\/\/www.w3.org\/2000\/svg\" width=\"10px\" height=\"10px\" viewBox=\"0 0 24 24\" version=\"1.2\" baseProfile=\"tiny\"><path d=\"M18.2 9.3l-6.2-6.3-6.2 6.3c-.2.2-.3.4-.3.7s.1.5.3.7c.2.2.4.3.7.3h11c.3 0 .5-.1.7-.3.2-.2.3-.5.3-.7s-.1-.5-.3-.7zM5.8 14.7l6.2 6.3 6.2-6.3c.2-.2.3-.5.3-.7s-.1-.5-.3-.7c-.2-.2-.4-.3-.7-.3h-11c-.3 0-.5.1-.7.3-.2.2-.3.5-.3.7s.1.5.3.7z\"\/><\/svg><\/span><\/span><\/span><\/a><\/span><\/div>\n<nav><ul class='ez-toc-list ez-toc-list-level-1 eztoc-toggle-hide-by-default' ><li class='ez-toc-page-1 ez-toc-heading-level-2'><a class=\"ez-toc-link ez-toc-heading-1\" href=\"https:\/\/beststringer.com\/ga\/stringing-certificate\/#Teastas_Sreangaithe_Racaid\" >Teastas Sreangaithe Racaid<\/a><ul class='ez-toc-list-level-3' ><li class='ez-toc-heading-level-3'><a class=\"ez-toc-link ez-toc-heading-2\" href=\"https:\/\/beststringer.com\/ga\/stringing-certificate\/#Leibheil_Deimhniuchain\" >Leibh\u00e9il Deimhni\u00fach\u00e1in<\/a><\/li><li class='ez-toc-page-1 ez-toc-heading-level-3'><a class=\"ez-toc-link ez-toc-heading-3\" href=\"https:\/\/beststringer.com\/ga\/stringing-certificate\/#Struchtur_an_Scrudaithe\" >Strucht\u00far an Scr\u00fadaithe<\/a><\/li><li class='ez-toc-page-1 ez-toc-heading-level-3'><a class=\"ez-toc-link ez-toc-heading-4\" href=\"https:\/\/beststringer.com\/ga\/stringing-certificate\/#Rogha_an_Scrudaithe_Dhirigh\" >Rogha an Scr\u00fadaithe Dh\u00edrigh<\/a><\/li><li class='ez-toc-page-1 ez-toc-heading-level-3'><a class=\"ez-toc-link ez-toc-heading-5\" href=\"https:\/\/beststringer.com\/ga\/stringing-certificate\/#Tailli_Scrudaithe\" >T\u00e1ill\u00ed Scr\u00fadaithe<\/a><\/li><li class='ez-toc-page-1 ez-toc-heading-level-3'><a class=\"ez-toc-link ez-toc-heading-6\" href=\"https:\/\/beststringer.com\/ga\/stringing-certificate\/#Proiseas_an_Scrudaithe\" >Pr\u00f3iseas an Scr\u00fadaithe<\/a><\/li><li class='ez-toc-page-1 ez-toc-heading-level-3'><a class=\"ez-toc-link ez-toc-heading-7\" href=\"https:\/\/beststringer.com\/ga\/stringing-certificate\/#Sainreimse_agus_Aitheantas_an_Deimhniuchain\" >Sainr\u00e9imse agus Aitheantas an Deimhni\u00fach\u00e1in<\/a><\/li><li class='ez-toc-page-1 ez-toc-heading-level-3'><a class=\"ez-toc-link ez-toc-heading-8\" href=\"https:\/\/beststringer.com\/ga\/stringing-certificate\/#Tredhearcacht_agus_Slaine\" >Tr\u00e9dhearcacht agus Sl\u00e1ine<\/a><\/li><li class='ez-toc-page-1 ez-toc-heading-level-3'><a class=\"ez-toc-link ez-toc-heading-9\" href=\"https:\/\/beststringer.com\/ga\/stringing-certificate\/#Scruduithe_Deimhniuchain_Sreangaithe_BSW\" >Scr\u00faduithe Deimhni\u00fach\u00e1in Sreangaithe BSW<\/a><\/li><li class='ez-toc-page-1 ez-toc-heading-level-3'><a class=\"ez-toc-link ez-toc-heading-10\" href=\"https:\/\/beststringer.com\/ga\/stringing-certificate\/#Proiseas_Deimhniuchain_Sreangaithe_BSW\" >Pr\u00f3iseas Deimhni\u00fach\u00e1in Sreangaithe BSW<\/a><\/li><\/ul><\/li><\/ul><\/nav><\/div>\n\n\n\n\n<h2 class=\"gb-headline gb-headline-79589317 gb-headline-text\"><span class=\"ez-toc-section\" id=\"Teastas_Sreangaithe_Racaid\"><\/span>Teastas <mark style=\"background-color:rgba(0, 0, 0, 0)\" class=\"has-inline-color has-global-color-9-color\">Sreangaithe Racaid<\/mark><span class=\"ez-toc-section-end\"><\/span><\/h2>\n\n\n\n<p class=\"gb-headline gb-headline-d07d49cf gb-headline-text\">Cuireann Best Stringer Worldwide (BSW) scr\u00faduithe cuimsitheacha deimhni\u00fach\u00e1in ar f\u00e1il do ghairmithe i sreang\u00fa racaid. Cl\u00fada\u00edonn \u00e1r scr\u00faduithe tr\u00ed phr\u00edomhsp\u00f3rt raic\u00e9id:<\/p>\n\n\n\n<ol class=\"wp-block-list\">\n<li><a href=\"https:\/\/beststringer.com\/ga\/badminton-stringing-certificate\/\">Badmantan<\/a><\/li>\n\n\n\n<li><a href=\"https:\/\/beststringer.com\/ga\/tennis-stringing-certificate\/\">Lead\u00f3g<\/a><\/li>\n\n\n\n<li>Scuais<\/li>\n<\/ol>\n\n<\/div>\n<\/div>\n\n<div class=\"gb-container gb-container-37db13f4\">\n<div class=\"gb-container gb-container-3021f73c\">\n\n<h3 class=\"gb-headline gb-headline-e5c79f72 gb-headline-text\"><span class=\"ez-toc-section\" id=\"Leibheil_Deimhniuchain\"><\/span>Leibh\u00e9il <mark style=\"background-color:rgba(0, 0, 0, 0)\" class=\"has-inline-color has-global-color-9-color\">Deimhni\u00fach\u00e1in<\/mark><span class=\"ez-toc-section-end\"><\/span><\/h3>\n\n\n\n<p class=\"gb-headline gb-headline-7d760a3f gb-headline-text\">Cuireann BSW r\u00e9imse deimhni\u00fach\u00e1n ar f\u00e1il a fhreastala\u00edonn ar shainr\u00e9ims\u00ed \u00e9ags\u00fala i sreang\u00fa racaid:<\/p>\n\n\n\n<ol class=\"wp-block-list\">\n<li><a href=\"https:\/\/beststringer.com\/ga\/certified-badminton-stringer-cbs-certification\/\">Sreang\u00f3ir Badmantain Deimhnithe (CBS)<\/a><\/li>\n\n\n\n<li><a href=\"https:\/\/beststringer.com\/ga\/professional-badminton-stringer-pbs-certification\/\">Sreang\u00f3ir Gairmi\u00fail Badmantain (PBS)<\/a><\/li>\n\n\n\n<li><a href=\"https:\/\/beststringer.com\/ga\/master-badminton-tour-stringer-mbts-certification\/\">M\u00e1istir-Shreang\u00f3ir Turais Badmantain (MTBS)<\/a><\/li>\n\n\n\n<li><a href=\"https:\/\/beststringer.com\/ga\/bsw-certified-tennis-stringer-cts-certification\/\">Sreang\u00f3ir Lead\u00f3ige Deimhnithe (CTS)<\/a><\/li>\n\n\n\n<li><a href=\"https:\/\/beststringer.com\/ga\/professional-tennis-stringer-pts-certification\/\">Sreang\u00f3ir Gairmi\u00fail Lead\u00f3ige (PTS)<\/a><\/li>\n\n\n\n<li><a href=\"https:\/\/beststringer.com\/ga\/master-tennis-tour-stringer-mtts-certification\/\">M\u00e1istir-Shreang\u00f3ir Turais Lead\u00f3ige (MTTS)<\/a><\/li>\n\n\n\n<li>Sreang\u00f3ir Scuaise Deimhnithe (CSS)<\/li>\n\n\n\n<li>Sreang\u00f3ir Gairmi\u00fail Scuaise (PSS)<\/li>\n\n\n\n<li>M\u00e1istir-Shreang\u00f3ir Scuaise (MSS)<\/li>\n\n\n\n<li>Comhairleoir Teannais Deimhnithe &#8211; Badmantan (CTA-B)<\/li>\n\n\n\n<li>Comhairleoir Sreinge Deimhnithe &#8211; Badmantan (CSA-B)<\/li>\n\n\n\n<li>Comhairleoir Gairmi\u00fail Sreinge &amp; Teannais Badmantain (PBSTA)<\/li>\n<\/ol>\n\n<\/div>\n<\/div>\n\n<div class=\"gb-container gb-container-8072e76b\">\n<div class=\"gb-container gb-container-eabf3753\">\n\n<h3 class=\"gb-headline gb-headline-0ad93116 gb-headline-text\"><span class=\"ez-toc-section\" id=\"Struchtur_an_Scrudaithe\"><\/span>Strucht\u00far an <mark style=\"background-color:rgba(0, 0, 0, 0)\" class=\"has-inline-color has-global-color-9-color\">Scr\u00fadaithe<\/mark><span class=\"ez-toc-section-end\"><\/span><\/h3>\n\n\n\n<p class=\"gb-headline gb-headline-0e4cbc73 gb-headline-text\">T\u00e1 dh\u00e1 chuid i ngach leibh\u00e9al deimhni\u00fach\u00e1in:<br><br>1. <strong>Scr\u00fad\u00fa Teoirice<\/strong>: D\u00e9anann s\u00e9 t\u00e1st\u00e1il ar eolas ar phrionsabail sreangaithe, ar theicneola\u00edocht racaid, agus ar riachtanais shonracha an sp\u00f3irt.<br>2. <strong>Meas\u00fan\u00fa Praitici\u00fail<\/strong>: D\u00e9antar meast\u00f3ireacht ann ar scileanna praitici\u00fala sreangaithe, ar theicn\u00edc agus ar \u00e9ifeacht\u00falacht.<br><br>Caithfidh iarrth\u00f3ir\u00ed pas a fh\u00e1il sa d\u00e1 chuid chun an deimhni\u00fa a bhaint amach.<\/p>\n\n<\/div>\n<\/div>\n\n<div class=\"gb-container gb-container-0bc9ddf8\">\n<div class=\"gb-container gb-container-4a1593e5\">\n\n<h3 class=\"gb-headline gb-headline-f300e849 gb-headline-text\"><span class=\"ez-toc-section\" id=\"Rogha_an_Scrudaithe_Dhirigh\"><\/span>Rogha an <mark style=\"background-color:rgba(0, 0, 0, 0)\" class=\"has-inline-color has-global-color-9-color\">Scr\u00fadaithe Dh\u00edrigh<\/mark><span class=\"ez-toc-section-end\"><\/span><\/h3>\n\n\n\n<p class=\"gb-headline gb-headline-1f171057 gb-headline-text\">Is f\u00e9idir le sreang\u00f3ir\u00ed a bhfuil taith\u00ed acu an scr\u00fad\u00fa d\u00edreach a roghn\u00fa gan freastal ar ch\u00farsa\u00ed BSW. Mar sin f\u00e9in, molaimid athbhreithni\u00fa a dh\u00e9anamh ar \u00e1r siollabas chun a chinnti\u00fa go bhfuil t\u00fa r\u00e9idh don phr\u00f3iseas dian t\u00e1st\u00e1la.<\/p>\n\n<\/div>\n<\/div>\n\n<div class=\"gb-container gb-container-bc7f3ef7\">\n<div class=\"gb-container gb-container-c402b7cb\">\n\n<h3 class=\"gb-headline gb-headline-9ac68257 gb-headline-text\"><span class=\"ez-toc-section\" id=\"Tailli_Scrudaithe\"><\/span>T\u00e1ill\u00ed <mark style=\"background-color:rgba(0, 0, 0, 0)\" class=\"has-inline-color has-global-color-9-color\">Scr\u00fadaithe<\/mark><span class=\"ez-toc-section-end\"><\/span><\/h3>\n\n\n\n<p><br>Chun eolas cruinn ar th\u00e1ill\u00ed a fh\u00e1il:<\/p>\n\n\n\n<p>1. Tabhair cuairt ar shu\u00edomh gr\u00e9as\u00e1in BSW do do th\u00edr n\u00f3 do do r\u00e9igi\u00fan<br>2. Seice\u00e1il an rann\u00e1n &#8216;Deimhni\u00fach\u00e1n&#8217; n\u00f3 &#8216;T\u00e1ill\u00ed Scr\u00fadaithe&#8217;<br>3. Mura bhfuil s\u00e9 ar f\u00e1il ar l\u00edne, t\u00e9igh i dteagmh\u00e1il le d&#8217;ionada\u00ed \u00e1iti\u00fail BSW<\/p>\n\n\n\n<p>T\u00e1 BSW tiomanta do shl\u00e1ine agus do luach \u00e1r gcuid deimhni\u00fach\u00e1n a chothabh\u00e1il. Socra\u00edtear na t\u00e1ill\u00ed chun a chinnti\u00fa gur f\u00e9idir linn lean\u00faint ar aghaidh ag sol\u00e1thar meas\u00fanuithe d&#8217;ardchaighde\u00e1n a thomhaiseann inni\u00falacht sreangaithe go cruinn.<\/p>\n\n<\/div>\n<\/div>\n\n<div class=\"gb-container gb-container-662e9de9\">\n<div class=\"gb-container gb-container-c6cfc8d8\">\n\n<h3 class=\"gb-headline gb-headline-6755f7b2 gb-headline-text\"><span class=\"ez-toc-section\" id=\"Proiseas_an_Scrudaithe\"><\/span>Pr\u00f3iseas an <mark style=\"background-color:rgba(0, 0, 0, 0)\" class=\"has-inline-color has-global-color-9-color\">Scr\u00fadaithe<\/mark><span class=\"ez-toc-section-end\"><\/span><\/h3>\n\n\n\n<p>1. <strong>Tortha\u00ed &#8211;<\/strong> Faigh do thortha\u00ed agus, m\u00e1 \u00e9ir\u00edonn leat, do dheimhni\u00fa BSW.<br>2. <strong>Iarratas &#8211;<\/strong> Cuir isteach d&#8217;iarratas don leibh\u00e9al deimhni\u00fach\u00e1in at\u00e1 uait.<br>3. <strong>Seice\u00e1il Inch\u00e1ilitheachta &#8211;<\/strong> D\u00e9anann BSW athbhreithni\u00fa ar do thaith\u00ed agus ar do ch\u00e1il\u00edochta\u00ed.<br>4. <strong>Sceideal\u00fa &#8211;<\/strong> Nuair a bheidh s\u00e9 ceadaithe, socr\u00f3imid do scr\u00faduithe teoirice agus praitici\u00fala.<br>5. <strong>Scr\u00fad\u00fa &#8211;<\/strong> Cuir an d\u00e1 chuid, teoiric agus praitici\u00fail, i gcr\u00edch.<\/p>\n\n<\/div>\n<\/div>\n\n<div class=\"gb-container gb-container-b371e412\">\n<div class=\"gb-container gb-container-fce12110\">\n\n<h3 class=\"gb-headline gb-headline-31525bc7 gb-headline-text\"><span class=\"ez-toc-section\" id=\"Sainreimse_agus_Aitheantas_an_Deimhniuchain\"><\/span><mark style=\"background-color:rgba(0, 0, 0, 0)\" class=\"has-inline-color has-global-color-9-color\">Sainr\u00e9imse<\/mark> agus <mark style=\"background-color:rgba(0, 0, 0, 0)\" class=\"has-inline-color has-global-color-9-color\">Aitheantas<\/mark> an Deimhni\u00fach\u00e1in<span class=\"ez-toc-section-end\"><\/span><\/h3>\n\n\n\n<p>T\u00e1 scr\u00faduithe deimhni\u00fach\u00e1in BSW deartha chun saineolas i sp\u00f3irt raic\u00e9id ar leith a mheas. Nuair a chuirtear an pr\u00f3iseas deimhni\u00fach\u00e1in i gcr\u00edch go rath\u00fail:<\/p>\n\n\n\n<p>1. <strong>Teastais &#8211;<\/strong> L\u00e9ireoidh gach teastas BSW go soil\u00e9ir an sp\u00f3rt raic\u00e9id (n\u00f3 na sp\u00f3irt) ina bhfuil inni\u00falacht l\u00e9irithe ag an sreang\u00f3ir.<br>2. <strong>Eolaire na Sreang\u00f3ir\u00ed &#8211;<\/strong> <br>Coime\u00e1dann BSW eolaire cuimsitheach ar l\u00edne de shreang\u00f3ir\u00ed deimhnithe, a thaispe\u00e1nann:<br>&#8211; Ainm an tsreang\u00f3ra<br>&#8211; An leibh\u00e9al\/Na leibh\u00e9il deimhni\u00fach\u00e1in a baineadh amach<br>&#8211; Sainr\u00e9ims\u00ed sonracha i sp\u00f3irt raic\u00e9id<br>&#8211; T\u00edr, R\u00e9igi\u00fan, st\u00e1t agus sonra\u00ed teagmh\u00e1la an tsreang\u00f3ra<br>&#8211; Pr\u00f3if\u00edl Chuimsitheach Sreangaithe an tsreang\u00f3ra<br>&#8211; D\u00e1ta an Deimhni\u00fach\u00e1in<\/p>\n\n<\/div>\n<\/div>\n\n<div class=\"gb-container gb-container-a407e389\">\n<div class=\"gb-container gb-container-9d376a97\">\n\n<h3 class=\"gb-headline gb-headline-cb18dbc0 gb-headline-text\"><span class=\"ez-toc-section\" id=\"Tredhearcacht_agus_Slaine\"><\/span><mark style=\"background-color:rgba(0, 0, 0, 0)\" class=\"has-inline-color has-global-color-9-color\">Tr\u00e9dhearcacht<\/mark> agus <mark style=\"background-color:rgba(0, 0, 0, 0)\" class=\"has-inline-color has-global-color-9-color\">Sl\u00e1ine<\/mark><span class=\"ez-toc-section-end\"><\/span><\/h3>\n\n\n\n<p>T\u00e1 BSW tiomanta do na caighde\u00e1in is airde tr\u00e9dhearcachta agus sl\u00e1ine a chothabh\u00e1il in\u00e1r bpr\u00f3iseas deimhni\u00fach\u00e1in. D\u00e9antar \u00e1r gcuid scr\u00faduithe a athbhreithni\u00fa agus a nuashonr\u00fa go rialta chun caighde\u00e1in reatha an tionscail agus an dul chun cinn teicneola\u00edoch i sp\u00f3irt raic\u00e9id a l\u00e9iri\u00fa.<\/p>\n\n\n\n<p>Le haghaidh tuilleadh eolais n\u00f3 chun iarratas a dh\u00e9anamh ar scr\u00fad\u00fa deimhni\u00fach\u00e1in, t\u00e9igh i dteagmh\u00e1il le <strong><a href=\"mailto:info@beststringer.com\">info@beststringer.com<\/a><\/strong><\/p>\n\n\n\n<p>Cuir borradh faoi do ghairm sreangaithe le deimhni\u00fa BSW \u2013 an caighde\u00e1n domhanda i s\u00e1rmhaitheas sreangaithe racaid.<\/p>\n\n<\/div>\n<\/div>\n<\/div>\n\n<section class=\"gb-container gb-container-21e3c652\">\n<div class=\"gb-container gb-container-11344779\">\n\n<h3 class=\"gb-headline gb-headline-39f4cce2 gb-headline-text\"><span class=\"ez-toc-section\" id=\"Scruduithe_Deimhniuchain_Sreangaithe_BSW\"><\/span>Scr\u00faduithe Deimhni\u00fach\u00e1in Sreangaithe BSW<span class=\"ez-toc-section-end\"><\/span><\/h3>\n\n\n\n<p class=\"gb-headline gb-headline-c6c5990e gb-headline-text\">Fionn amach faoi dheimhni\u00fach\u00e1n gairmi\u00fail i sreang\u00fa racaid le BSW. M\u00edn\u00edonn an f\u00edse\u00e1n seo na leibh\u00e9il \u00e9ags\u00fala deimhni\u00fach\u00e1in don bhadmantan, don lead\u00f3g agus don scuais, agus cad a bhaineann le gach scr\u00fad\u00fa. Foghlaim faoi na codanna teoirici\u00fala agus praitici\u00fala de na scr\u00faduithe, an f\u00e1th a bhfuil t\u00e1bhacht le deimhni\u00fa, agus conas is f\u00e9idir leis tairbhe a dh\u00e9anamh do shreang\u00f3ir\u00ed agus d&#8217;imreoir\u00ed araon.<\/p>\n\n\n<div class=\"gb-container gb-container-ec1a2ce6\">\n<div class=\"gb-container gb-container-238a634b\"><\/div>\n<\/div>\n\n\n<div id=\"youtube-player\"><\/div>\n<script>\n  var videoLoaded = false;\n\n  function loadYouTubeVideo() {\n    if (videoLoaded) return;\n    videoLoaded = true;\n    var tag = document.createElement('script');\n    tag.src = \"https:\/\/www.youtube.com\/iframe_api\";\n    var firstScriptTag = document.getElementsByTagName('script')[0];\n    firstScriptTag.parentNode.insertBefore(tag, firstScriptTag);\n  }\n\n  function onYouTubeIframeAPIReady() {\n    new YT.Player('youtube-player', {\n      height: '360',\n      width: '640',\n      videoId: 'xrWc7Y7Pz-0', \/\/ Your video ID\n      events: {\n        'onReady': onPlayerReady\n      }\n    });\n  }\n\n  function onPlayerReady(event) {\n    \/\/ Video is ready to play\n  }\n\n  \/\/ Load the YouTube API script when the page is scrolled\n  window.addEventListener('scroll', loadYouTubeVideo, { once: true });\n\n  \/\/ Also load if the user hasn't scrolled after 3 seconds\n  setTimeout(loadYouTubeVideo, 3000);\n<\/script>\n\n<\/div>\n<\/section>\n\n<section class=\"gb-container gb-container-49b9586e\">\n<div class=\"gb-container gb-container-a2e9522c\"><\/div>\n\n<div class=\"gb-container gb-container-0e11192a\">\n\n<h3 class=\"gb-headline gb-headline-5cf408ee gb-headline-text\"><span class=\"ez-toc-section\" id=\"Proiseas_Deimhniuchain_Sreangaithe_BSW\"><\/span>Pr\u00f3iseas Deimhni\u00fach\u00e1in Sreangaithe BSW<span class=\"ez-toc-section-end\"><\/span><\/h3>\n\n\n<div class=\"gb-container gb-container-daaa2e63\">\n<div class=\"gb-container gb-container-bda621fe\"><\/div>\n\n<div class=\"gb-container gb-container-4b0ac72b\"><\/div>\n<\/div>\n\n\n<p class=\"gb-headline gb-headline-edf98545 gb-headline-text\">Faigh amach faoi scr\u00faduithe cuimsitheacha sreangaithe BSW don bhadmantan, don lead\u00f3g agus don scuais. D\u00e9anann \u00e1r meas\u00fanuithe meast\u00f3ireacht ar eolas teoirici\u00fail agus ar scileanna praitici\u00fala araon i sreang\u00fa racaid.<\/p>\n\n\n\n<a class=\"gb-button gb-button-a29641e0 gb-button-text\" href=\"https:\/\/beststringer.com\/ga\/stringing-certificate\/\">Eolas faoin Deimhni\u00fach\u00e1n<\/a>\n\n<\/div>\n<\/section>","protected":false},"excerpt":{"rendered":"<p>Teastas Sreangaithe Racaid Cuireann Best Stringer Worldwide (BSW) scr\u00faduithe cuimsitheacha deimhni\u00fach\u00e1in ar f\u00e1il do ghairmithe i sreang\u00fa racaid. Cl\u00fada\u00edonn \u00e1r scr\u00faduithe tr\u00ed phr\u00edomhsp\u00f3rt raic\u00e9id: Leibh\u00e9il Deimhni\u00fach\u00e1in Cuireann BSW r\u00e9imse deimhni\u00fach\u00e1n ar f\u00e1il a fhreastala\u00edonn ar shainr\u00e9ims\u00ed \u00e9ags\u00fala i sreang\u00fa racaid: Strucht\u00far an Scr\u00fadaithe T\u00e1 dh\u00e1 chuid i ngach leibh\u00e9al deimhni\u00fach\u00e1in: 1. Scr\u00fad\u00fa Teoirice: D\u00e9anann s\u00e9 &#8230; <a title=\"Teastas Teann\u00e1la Raic\u00e9id BSW &#8211; Pr\u00f3iseas Scr\u00fadaithe agus Leibh\u00e9il\" class=\"read-more\" href=\"https:\/\/beststringer.com\/ga\/stringing-certificate\/\" aria-label=\"Read more about Teastas Teann\u00e1la Raic\u00e9id BSW &#8211; Pr\u00f3iseas Scr\u00fadaithe agus Leibh\u00e9il\">Read more<\/a><\/p>\n","protected":false},"author":1,"featured_media":39375,"parent":0,"menu_order":0,"comment_status":"closed","ping_status":"closed","template":"","meta":{"footnotes":""},"class_list":{"0":"post-39374","1":"page","2":"type-page","3":"status-publish","4":"has-post-thumbnail","6":"infinite-scroll-item"},"_links":{"self":[{"href":"https:\/\/beststringer.com\/ga\/wp-json\/wp\/v2\/pages\/39374","targetHints":{"allow":["GET"]}}],"collection":[{"href":"https:\/\/beststringer.com\/ga\/wp-json\/wp\/v2\/pages"}],"about":[{"href":"https:\/\/beststringer.com\/ga\/wp-json\/wp\/v2\/types\/page"}],"author":[{"embeddable":true,"href":"https:\/\/beststringer.com\/ga\/wp-json\/wp\/v2\/users\/1"}],"replies":[{"embeddable":true,"href":"https:\/\/beststringer.com\/ga\/wp-json\/wp\/v2\/comments?post=39374"}],"version-history":[{"count":0,"href":"https:\/\/beststringer.com\/ga\/wp-json\/wp\/v2\/pages\/39374\/revisions"}],"wp:featuredmedia":[{"embeddable":true,"href":"https:\/\/beststringer.com\/ga\/wp-json\/wp\/v2\/media\/39375"}],"wp:attachment":[{"href":"https:\/\/beststringer.com\/ga\/wp-json\/wp\/v2\/media?parent=39374"}],"curies":[{"name":"wp","href":"https:\/\/api.w.org\/{rel}","templated":true}]}}