{"id":39227,"date":"2024-08-01T05:39:17","date_gmt":"2024-08-01T05:39:17","guid":{"rendered":"https:\/\/beststringer.com\/vision-mission-strategic-outcomes\/"},"modified":"2025-09-24T07:58:59","modified_gmt":"2025-09-24T07:58:59","slug":"vision-mission-strategic-outcomes","status":"publish","type":"page","link":"https:\/\/beststringer.com\/ga\/vision-mission-strategic-outcomes\/","title":{"rendered":"Our Vision, Mission And Strategic Outcomes"},"content":{"rendered":"<section class=\"gb-container gb-container-21e3c652\">\n<div class=\"gb-container gb-container-11344779\">\n\n<h3 class=\"gb-headline gb-headline-39f4cce2 gb-headline-text\">Ag Cur le C\u00e1il\u00edocht agus Iontaofacht i nDeimhni\u00fa Sreangaithe Racaid\u00ed<\/h3>\n\n\n\n<p class=\"gb-headline gb-headline-c6c5990e gb-headline-text\">Faigh amach faoi fh\u00eds BSW mar chomhph\u00e1irt\u00ed iontaofa um dhearbh\u00fa c\u00e1il\u00edochta agus a mhisean chun tac\u00fa leis an tionscal agus le himreoir\u00ed araon tr\u00ed dheimhni\u00fach\u00e1n l\u00e1idir. Cl\u00fad\u00f3imid spriocanna strait\u00e9iseacha BSW, a dtiomantas don neamhchlaontacht, agus a mh\u00fanla neamhbhrab\u00fais.<\/p>\n\n\n<div class=\"gb-container gb-container-ec1a2ce6\">\n<div class=\"gb-container gb-container-238a634b\"><\/div>\n<\/div>\n\n\n<div id=\"youtube-player\"><\/div>\n<script>\n  var videoLoaded = false;\n\n  function loadYouTubeVideo() {\n    if (videoLoaded) return;\n    videoLoaded = true;\n    var tag = document.createElement('script');\n    tag.src = \"https:\/\/www.youtube.com\/iframe_api\";\n    var firstScriptTag = document.getElementsByTagName('script')[0];\n    firstScriptTag.parentNode.insertBefore(tag, firstScriptTag);\n  }\n\n  function onYouTubeIframeAPIReady() {\n    new YT.Player('youtube-player', {\n      height: '360',\n      width: '640',\n      videoId: 'oFo8iVctF90', \/\/ Your video ID\n      events: {\n        'onReady': onPlayerReady\n      }\n    });\n  }\n\n  function onPlayerReady(event) {\n    \/\/ Video is ready to play\n  }\n\n  \/\/ Load the YouTube API script when the page is scrolled\n  window.addEventListener('scroll', loadYouTubeVideo, { once: true });\n\n  \/\/ Also load if the user hasn't scrolled after 3 seconds\n  setTimeout(loadYouTubeVideo, 3000);\n<\/script>\n\n<\/div>\n<\/section>\n\n<div class=\"gb-container gb-container-f66bc834\">\n<div class=\"gb-container gb-container-3423e27e\">\n<div class=\"gb-container gb-container-4ea2fbf1\">\n\n<h2 class=\"gb-headline gb-headline-79589317 gb-headline-text\"><strong>Cad \u00ed f\u00eds <mark style=\"background-color:rgba(0, 0, 0, 0)\" class=\"has-inline-color has-global-color-9-color\">BSW?<\/mark><\/strong><\/h2>\n\n\n\n<p class=\"gb-headline gb-headline-d07d49cf gb-headline-text\">Comhph\u00e1irt\u00ed iontaofa chun c\u00e1il\u00edocht seirbh\u00eds\u00ed sreangaithe badmantain agus lead\u00f3ige a chinnti\u00fa<\/p>\n\n<\/div>\n<\/div>\n\n<div class=\"gb-container gb-container-37db13f4\">\n<div class=\"gb-container gb-container-3021f73c\">\n\n<h3 class=\"gb-headline gb-headline-e5c79f72 gb-headline-text\"><strong>Cad \u00e9 misean <mark style=\"background-color:rgba(0, 0, 0, 0)\" class=\"has-inline-color has-global-color-9-color\">BSW?<\/mark><\/strong><\/h3>\n\n\n\n<p class=\"gb-headline gb-headline-7d760a3f gb-headline-text\">C\u00f3ras deimhni\u00fach\u00e1in l\u00e1idir a shol\u00e1thar chun tac\u00fa le tionscal na sp\u00f3rt racaid\u00ed agus le riachtanais na n-imreoir\u00ed<\/p>\n\n<\/div>\n<\/div>\n\n<div class=\"gb-container gb-container-8072e76b\">\n<div class=\"gb-container gb-container-eabf3753\">\n\n<h3 class=\"gb-headline gb-headline-0ad93116 gb-headline-text\"><strong>Cad iad tortha\u00ed strait\u00e9iseacha <mark style=\"background-color:rgba(0, 0, 0, 0)\" class=\"has-inline-color has-global-color-9-color\">BSW?<\/mark><\/strong><\/h3>\n\n\n\n<p class=\"gb-headline gb-headline-0e4cbc73 gb-headline-text\">Sol\u00e1thr\u00f3idh BSW c\u00f3ras deimhni\u00fach\u00e1in a bhfuil muin\u00edn ann ar fud an domhain agus forbr\u00f3idh s\u00e9 cl\u00e1ir mheas\u00fanaithe nua chun freastal ar riachtanais idirn\u00e1isi\u00fanta agus an tionscail. D\u00e9anfaidh BSW s\u00e1riarracht chun inni\u00falacht sreang\u00f3ir\u00ed a fheabhs\u00fa tr\u00ed fhorbairt acmhainne, agus chun aitheantas agus \u00e9ileamh ar sheirbh\u00eds\u00ed deimhnithe BSW a spreagadh. Chomh maith le socruithe aitheantais a bhun\u00fa, \u00e9asc\u00f3idh BSW go r\u00e9amhghn\u00edomhach caidrimh chun go mbeidh s\u00e9 n\u00edos fusa glacadh le sreang\u00f3ir\u00ed deimhnithe i spriocmharga\u00ed.<\/p>\n\n<\/div>\n<\/div>\n\n<div class=\"gb-container gb-container-0bc9ddf8\">\n<div class=\"gb-container gb-container-4a1593e5\">\n\n<h3 class=\"gb-headline gb-headline-f300e849 gb-headline-text\"><strong>Conas a chinnt\u00edonn BSW an <mark style=\"background-color:rgba(0, 0, 0, 0)\" class=\"has-inline-color has-global-color-9-color\">neamhchlaontacht?<\/mark><\/strong><\/h3>\n\n\n\n<p class=\"gb-headline gb-headline-1f171057 gb-headline-text\">T\u00e1 BSW tiomanta do neamhchlaontacht a ghn\u00edomha\u00edochta\u00ed deimhni\u00fach\u00e1in a chosaint agus a chinnti\u00fa ar leibh\u00e9al strait\u00e9iseach agus oibr\u00edocht\u00fail. N\u00ed ligfidh BSW do bhr\u00fanna tr\u00e1cht\u00e1la, airgeadais n\u00e1 br\u00fanna eile an neamhchlaontacht a chur i mbaol. Cinnt\u00edonn BSW go n-oibr\u00edonn a choist\u00ed le dearctha\u00ed cothroma agus le hionada\u00edocht \u00f3 phr\u00edomhph\u00e1irtithe leasmhara agus \u00f3 ph\u00e1irtithe leasmhara eile, lena n-\u00e1ir\u00edtear monar\u00f3ir\u00ed trealaimh, imreoir\u00ed gairmi\u00fala, eolaithe sp\u00f3irt, agus anail\u00edsithe sonra\u00ed, gan ligean d\u2019aon leas amh\u00e1in a bheith i gceannas n\u00e1 fabhar a fh\u00e1il.<\/p>\n\n<\/div>\n<\/div>\n\n<div class=\"gb-container gb-container-bc7f3ef7\">\n<div class=\"gb-container gb-container-c402b7cb\">\n\n<h3 class=\"gb-headline gb-headline-9ac68257 gb-headline-text\"><strong>Conas a <mark style=\"background-color:rgba(0, 0, 0, 0)\" class=\"has-inline-color has-global-color-9-color\">mhaoin\u00edtear<\/mark> BSW?<\/strong><\/h3>\n\n\n\n<p class=\"gb-headline gb-headline-99f4af0d gb-headline-text\">Is eagra\u00edocht neamhbhrab\u00fais \u00e9 BSW. Tagann pr\u00edomhfhoinse ioncaim BSW \u00f3 th\u00e1ill\u00ed a bhail\u00edtear \u00f3 iarratas\u00f3ir\u00ed ar dheimhni\u00fa chomh maith lena ghn\u00edomha\u00edochta\u00ed meas\u00fanaithe. D\u00e9antar aon bharrachas a athinfheisti\u00fa chun \u00e1r bpr\u00f3isis deimhni\u00fach\u00e1in a fheabhs\u00fa agus chun r\u00e9imse an tsreangaithe racaid\u00ed a chur chun cinn. T\u00e1 BSW tiomanta do thr\u00e9dhearcacht airgeadais a choinne\u00e1il.<\/p>\n\n\n\n<figure class=\"gb-block-image gb-block-image-b00566f0\"><img loading=\"lazy\" decoding=\"async\" width=\"753\" height=\"621\" class=\"gb-image gb-image-b00566f0\" src=\"https:\/\/beststringer.com\/wp-content\/uploads\/2024\/10\/BSW-Certification-Process-Best-Stringer-Worldwide-Certification.png\" alt=\"Pr\u00f3iseas Deimhni\u00fach\u00e1in BSW do Shreang\u00f3ir\u00ed Racaid\u00ed ar fud an Domhain\" title=\"Pr\u00f3iseas Deimhni\u00fach\u00e1in BSW do Shreang\u00f3ir\u00ed Racaid\u00ed ar fud an Domhain\" srcset=\"https:\/\/beststringer.com\/wp-content\/uploads\/2024\/10\/BSW-Certification-Process-Best-Stringer-Worldwide-Certification.png 753w, https:\/\/beststringer.com\/wp-content\/uploads\/2024\/10\/BSW-Certification-Process-Best-Stringer-Worldwide-Certification-300x247.png 300w\" sizes=\"auto, (max-width: 753px) 100vw, 753px\" \/><\/figure>\n\n<\/div>\n<\/div>\n<\/div>\n\n<section class=\"gb-container gb-container-49b9586e\">\n<div class=\"gb-container gb-container-a2e9522c\"><\/div>\n\n<div class=\"gb-container gb-container-0e11192a\">\n\n<h3 class=\"gb-headline gb-headline-5cf408ee gb-headline-text\">Maidir le Best Stringer Worldwide<\/h3>\n\n\n<div class=\"gb-container gb-container-daaa2e63\">\n<div class=\"gb-container gb-container-bda621fe\"><\/div>\n\n<div class=\"gb-container gb-container-4b0ac72b\"><\/div>\n<\/div>\n\n\n<p class=\"gb-headline gb-headline-edf98545 gb-headline-text\">Is \u00e9 Best Stringer Worldwide an pr\u00edomhchomhlacht deimhni\u00fach\u00e1in do shreang\u00fa badmantain agus lead\u00f3ige. Coinn\u00edmid sl\u00e1ine agus neamhchlaontacht na gcleachtas meas\u00fanaithe sreangaithe. Is \u00e9 an misean at\u00e1 againn n\u00e1 c\u00f3ras deimhni\u00fach\u00e1in l\u00e1idir a shol\u00e1thar a thaca\u00edonn le tionscal na sp\u00f3rt racaid\u00ed agus le riachtanais na n-imreoir\u00ed.<\/p>\n\n\n\n<a class=\"gb-button gb-button-a29641e0 gb-button-text\" href=\"https:\/\/beststringer.com\/ga\/bsw-history\/\">L\u00e9igh Tuilleadh<\/a>\n\n<\/div>\n<\/section>","protected":false},"excerpt":{"rendered":"<p>Ag Cur le C\u00e1il\u00edocht agus Iontaofacht i nDeimhni\u00fa Sreangaithe Racaid\u00ed Faigh amach faoi fh\u00eds BSW mar chomhph\u00e1irt\u00ed iontaofa um dhearbh\u00fa c\u00e1il\u00edochta agus a mhisean chun tac\u00fa leis an tionscal agus le himreoir\u00ed araon tr\u00ed dheimhni\u00fach\u00e1n l\u00e1idir. Cl\u00fad\u00f3imid spriocanna strait\u00e9iseacha BSW, a dtiomantas don neamhchlaontacht, agus a mh\u00fanla neamhbhrab\u00fais. Cad \u00ed f\u00eds BSW? Comhph\u00e1irt\u00ed iontaofa chun &#8230; <a title=\"Our Vision, Mission And Strategic Outcomes\" class=\"read-more\" href=\"https:\/\/beststringer.com\/ga\/vision-mission-strategic-outcomes\/\" aria-label=\"Read more about Our Vision, Mission And Strategic Outcomes\">Read more<\/a><\/p>\n","protected":false},"author":1,"featured_media":39228,"parent":0,"menu_order":0,"comment_status":"closed","ping_status":"closed","template":"","meta":{"footnotes":""},"class_list":{"0":"post-39227","1":"page","2":"type-page","3":"status-publish","4":"has-post-thumbnail","6":"infinite-scroll-item"},"_links":{"self":[{"href":"https:\/\/beststringer.com\/ga\/wp-json\/wp\/v2\/pages\/39227","targetHints":{"allow":["GET"]}}],"collection":[{"href":"https:\/\/beststringer.com\/ga\/wp-json\/wp\/v2\/pages"}],"about":[{"href":"https:\/\/beststringer.com\/ga\/wp-json\/wp\/v2\/types\/page"}],"author":[{"embeddable":true,"href":"https:\/\/beststringer.com\/ga\/wp-json\/wp\/v2\/users\/1"}],"replies":[{"embeddable":true,"href":"https:\/\/beststringer.com\/ga\/wp-json\/wp\/v2\/comments?post=39227"}],"version-history":[{"count":0,"href":"https:\/\/beststringer.com\/ga\/wp-json\/wp\/v2\/pages\/39227\/revisions"}],"wp:featuredmedia":[{"embeddable":true,"href":"https:\/\/beststringer.com\/ga\/wp-json\/wp\/v2\/media\/39228"}],"wp:attachment":[{"href":"https:\/\/beststringer.com\/ga\/wp-json\/wp\/v2\/media?parent=39227"}],"curies":[{"name":"wp","href":"https:\/\/api.w.org\/{rel}","templated":true}]}}