{"id":39127,"date":"2024-08-01T03:06:52","date_gmt":"2024-08-01T03:06:52","guid":{"rendered":"https:\/\/beststringer.com\/our-role\/"},"modified":"2025-09-24T06:34:06","modified_gmt":"2025-09-24T06:34:06","slug":"our-role","status":"publish","type":"page","link":"https:\/\/beststringer.com\/ga\/our-role\/","title":{"rendered":"Our Role in Racquet Stringing"},"content":{"rendered":"<section class=\"gb-container gb-container-25bc6b91\">\n<section class=\"gb-container gb-container-f914b566\">\n<div class=\"gb-container gb-container-d07e4266\">\n\n<figure class=\"gb-block-image gb-block-image-b3389bf5\"><img loading=\"lazy\" decoding=\"async\" width=\"538\" height=\"538\" class=\"gb-image gb-image-b3389bf5\" src=\"https:\/\/beststringer.com\/wp-content\/uploads\/2024\/08\/Certified-stringer-demonstrating-advanced-racquet-stringing-techniques-for-badminton-and-tennis.jpg\" alt=\"Sreang\u00f3ir deimhnithe ag l\u00e9iri\u00fa ardteicn\u00edc\u00ed sreangaithe racaid don bhadminton agus don lead\u00f3g\" title=\"Sreang\u00f3ir deimhnithe ag l\u00e9iri\u00fa ardteicn\u00edc\u00ed sreangaithe racaid don bhadminton agus don lead\u00f3g\" srcset=\"https:\/\/beststringer.com\/wp-content\/uploads\/2024\/08\/Certified-stringer-demonstrating-advanced-racquet-stringing-techniques-for-badminton-and-tennis.jpg 538w, https:\/\/beststringer.com\/wp-content\/uploads\/2024\/08\/Certified-stringer-demonstrating-advanced-racquet-stringing-techniques-for-badminton-and-tennis-300x300.jpg 300w, https:\/\/beststringer.com\/wp-content\/uploads\/2024\/08\/Certified-stringer-demonstrating-advanced-racquet-stringing-techniques-for-badminton-and-tennis-150x150.jpg 150w\" sizes=\"auto, (max-width: 538px) 100vw, 538px\" \/><\/figure>\n\n<\/div>\n\n<div class=\"gb-container gb-container-1102ab7a\">\n\n<h2 class=\"gb-headline gb-headline-d879851e gb-headline-text\">\u00c1r Misean agus \u00e1r dTiomantas don <mark style=\"background-color:rgba(0, 0, 0, 0)\" class=\"has-inline-color has-global-color-9-color\">Fheabhas<\/mark><\/h2>\n\n\n\n<p>Is \u00e9 Best Stringer Worldwide (BSW) an pr\u00edomhchomhlacht oideachais do shreang\u00fa racaid\u00ed badmantain agus lead\u00f3ige. Agus \u00e9 \u00e1 bhainisti\u00fa go neamhsple\u00e1ch, coinn\u00edonn Best Stringer Worldwide sl\u00e1ine agus neamhchlaontacht na gcleachtas oideachais agus deimhni\u00fach\u00e1in sa sreang\u00fa.<\/p>\n\n\n\n<p>Cotha\u00edonn an eagra\u00edocht muin\u00edn dhomhanda i scileanna na sreang\u00f3ir\u00ed deimhnithe tr\u00ed bhonneagar teicni\u00fail an mheas\u00fanaithe sreangaithe a neart\u00fa, chomh maith le socruithe aitheantais a bhun\u00fa le cumainn badmantain agus lead\u00f3ige ar fud an domhain.<\/p>\n\n\n\n<p>T\u00e1 ionadaithe \u00f3 ph\u00e1irtithe leasmhara \u00e9ags\u00fala \u00f3 thionscal an sp\u00f3irt ag Best Stringer Worldwide, lena n-\u00e1ir\u00edtear monar\u00f3ir\u00ed trealaimh, imreoir\u00ed gairmi\u00fala, institi\u00faid\u00ed acad\u00fala, eolaithe sp\u00f3irt, agus anail\u00edsithe sonra\u00ed. Tugann roinnt coist\u00ed saineolaithe taca\u00edocht d\u00f3, agus gach ceann acu ag d\u00e9anamh maoirseachta ar r\u00e9ims\u00ed sonracha den deimhni\u00fa sreangaithe, lena n-\u00e1ir\u00edtear scileanna teicni\u00fala, feidhmeanna na heola\u00edochta sp\u00f3irt, agus anail\u00eds feidhm\u00edochta at\u00e1 bunaithe ar shonra\u00ed.<\/p>\n\n<\/div>\n<\/section>\n<\/section>\n\n<section class=\"gb-container gb-container-f0ad9a48\">\n<div class=\"gb-container gb-container-0f286597\">\n\n<h2 class=\"gb-headline gb-headline-2c770bbc gb-headline-text\">Cad a dh\u00e9anann <mark style=\"background-color:rgba(0, 0, 0, 0)\" class=\"has-inline-color has-global-color-9-color\">Best Stringer Worldwide<\/mark>?<\/h2>\n\n\n\n<p>Bainist\u00edonn agus cuireann Best Stringer Worldwide cl\u00e1ir oideachais agus deimhni\u00fach\u00e1in sa sreang\u00fa chun cinn tr\u00ed na feidhmeanna seo a leanas a chomhl\u00edonadh:<\/p>\n\n\n\n<p class=\"gb-headline gb-headline-6fb9b297\"><span class=\"gb-icon\"><svg aria-hidden=\"true\" role=\"img\" height=\"1em\" width=\"1em\" viewBox=\"0 0 512 512\" xmlns=\"http:\/\/www.w3.org\/2000\/svg\"><path fill=\"currentColor\" d=\"M256 8C119 8 8 119 8 256s111 248 248 248 248-111 248-248S393 8 256 8zm0 448c-110.5 0-200-89.5-200-200S145.5 56 256 56s200 89.5 200 200-89.5 200-200 200z\"><\/path><\/svg><\/span><span class=\"gb-headline-text\">Meas\u00fan\u00fa agus deimhni\u00fa a dh\u00e9anamh ar shreang\u00f3ir\u00ed badmantain agus lead\u00f3ige at\u00e1 inni\u00fail<\/span><\/p>\n\n\n\n<p class=\"gb-headline gb-headline-73b4cb0b\"><span class=\"gb-icon\"><svg aria-hidden=\"true\" role=\"img\" height=\"1em\" width=\"1em\" viewBox=\"0 0 512 512\" xmlns=\"http:\/\/www.w3.org\/2000\/svg\"><path fill=\"currentColor\" d=\"M256 8C119 8 8 119 8 256s111 248 248 248 248-111 248-248S393 8 256 8zm0 448c-110.5 0-200-89.5-200-200S145.5 56 256 56s200 89.5 200 200-89.5 200-200 200z\"><\/path><\/svg><\/span><span class=\"gb-headline-text\">Comhph\u00e1irt\u00edochta\u00ed a \u00e9asc\u00fa le comhlachta\u00ed rialaithe sp\u00f3irt agus le tionscal na sp\u00f3rt racaide maidir le c\u00farsa\u00ed oideachais sreangaithe<\/span><\/p>\n\n\n\n<p class=\"gb-headline gb-headline-b9176875\"><span class=\"gb-icon\"><svg aria-hidden=\"true\" role=\"img\" height=\"1em\" width=\"1em\" viewBox=\"0 0 512 512\" xmlns=\"http:\/\/www.w3.org\/2000\/svg\"><path fill=\"currentColor\" d=\"M256 8C119 8 8 119 8 256s111 248 248 248 248-111 248-248S393 8 256 8zm0 448c-110.5 0-200-89.5-200-200S145.5 56 256 56s200 89.5 200 200-89.5 200-200 200z\"><\/path><\/svg><\/span><span class=\"gb-headline-text\">L\u00edonra idirn\u00e1isi\u00fanta a bhun\u00fa agus a chothabh\u00e1il chun aitheantas a thabhairt do scileanna sreang\u00f3ir\u00ed deimhnithe thar theorainneacha n\u00e1isi\u00fanta<\/span><\/p>\n\n\n\n<p class=\"gb-headline gb-headline-58192992\"><span class=\"gb-icon\"><svg aria-hidden=\"true\" role=\"img\" height=\"1em\" width=\"1em\" viewBox=\"0 0 512 512\" xmlns=\"http:\/\/www.w3.org\/2000\/svg\"><path fill=\"currentColor\" d=\"M256 8C119 8 8 119 8 256s111 248 248 248 248-111 248-248S393 8 256 8zm0 448c-110.5 0-200-89.5-200-200S145.5 56 256 56s200 89.5 200 200-89.5 200-200 200z\"><\/path><\/svg><\/span><span class=\"gb-headline-text\">Feasacht a ard\u00fa agus \u00fas\u00e1id seirbh\u00eds\u00ed sreangaithe deimhnithe a spreagadh tr\u00ed iarrachta\u00ed for-rochtana agus tr\u00ed theagmh\u00e1il rialta le heagra\u00edochta\u00ed sp\u00f3irt agus leis an tionscal<\/span><\/p>\n\n<\/div>\n\n<div class=\"gb-container gb-container-63389023\">\n\n<figure class=\"gb-block-image gb-block-image-e6425b07\"><img loading=\"lazy\" decoding=\"async\" width=\"538\" height=\"538\" class=\"gb-image gb-image-e6425b07\" src=\"https:\/\/beststringer.com\/wp-content\/uploads\/2024\/08\/Best-Stringer-Worldwide-expert-committee-meeting-to-discuss-stringing-certification-standards.jpg\" alt=\"Cruinni\u00fa de choiste saineolaithe Best Stringer Worldwide ag pl\u00e9 caighde\u00e1in deimhni\u00fach\u00e1in sreangaithe\" title=\"Cruinni\u00fa de choiste saineolaithe Best Stringer Worldwide ag pl\u00e9 caighde\u00e1in deimhni\u00fach\u00e1in sreangaithe\" srcset=\"https:\/\/beststringer.com\/wp-content\/uploads\/2024\/08\/Best-Stringer-Worldwide-expert-committee-meeting-to-discuss-stringing-certification-standards.jpg 538w, https:\/\/beststringer.com\/wp-content\/uploads\/2024\/08\/Best-Stringer-Worldwide-expert-committee-meeting-to-discuss-stringing-certification-standards-300x300.jpg 300w, https:\/\/beststringer.com\/wp-content\/uploads\/2024\/08\/Best-Stringer-Worldwide-expert-committee-meeting-to-discuss-stringing-certification-standards-150x150.jpg 150w\" sizes=\"auto, (max-width: 538px) 100vw, 538px\" \/><\/figure>\n\n<\/div>\n<\/section>\n\n<section class=\"gb-container gb-container-f7510210\">\n<div class=\"gb-container gb-container-dc2d5fd7\">\n\n<figure class=\"gb-block-image gb-block-image-a57ee528\"><img loading=\"lazy\" decoding=\"async\" width=\"538\" height=\"538\" class=\"gb-image gb-image-a57ee528\" src=\"https:\/\/beststringer.com\/wp-content\/uploads\/2024\/08\/Best-Stringer-Worldwide-representatives-collaborating-with-sports-scientists-and-data-analysts-to-improve-stringing-assessment-methods.jpg\" alt=\"Ionadaithe Best Stringer Worldwide i gcomhar le heolaithe sp\u00f3irt chun modhanna meas\u00fanaithe a fheabhs\u00fa\" title=\"Ionadaithe Best Stringer Worldwide i gcomhar le heolaithe sp\u00f3irt agus anail\u00edsithe sonra\u00ed chun modhanna meas\u00fanaithe sreangaithe a fheabhs\u00fa\" srcset=\"https:\/\/beststringer.com\/wp-content\/uploads\/2024\/08\/Best-Stringer-Worldwide-representatives-collaborating-with-sports-scientists-and-data-analysts-to-improve-stringing-assessment-methods.jpg 538w, https:\/\/beststringer.com\/wp-content\/uploads\/2024\/08\/Best-Stringer-Worldwide-representatives-collaborating-with-sports-scientists-and-data-analysts-to-improve-stringing-assessment-methods-300x300.jpg 300w, https:\/\/beststringer.com\/wp-content\/uploads\/2024\/08\/Best-Stringer-Worldwide-representatives-collaborating-with-sports-scientists-and-data-analysts-to-improve-stringing-assessment-methods-150x150.jpg 150w\" sizes=\"auto, (max-width: 538px) 100vw, 538px\" \/><\/figure>\n\n<\/div>\n\n<div class=\"gb-container gb-container-46f22206\">\n\n<h2 class=\"gb-headline gb-headline-9828ae87 gb-headline-text\">Feabhas sa Sreang\u00fa a Chur Chun Cinn do <mark style=\"background-color:rgba(0, 0, 0, 0)\" class=\"has-inline-color has-global-color-9-color\">Sp\u00f3irt Racaide an Lae Inniu<\/mark><\/h2>\n\n\n\n<p>Mar eagra\u00edocht den ghl\u00fain nua san oideachas sreangaithe, t\u00e1 deimhnithe Best Stringer Worldwide deartha chun freastal ar riachtanais athraitheacha sp\u00f3irt racaide an lae inniu. Aithn\u00edtear sreang\u00f3ir\u00ed deimhnithe as a gcuid scileanna agus saineolais at\u00e1 cothrom le d\u00e1ta ar fud phobal domhanda na sp\u00f3rt racaide.<\/p>\n\n\n\n<p>T\u00e1 Best Stringer Worldwide tiomanta d&#8217;aitheantas a thabhairt do na sreang\u00f3ir\u00ed is c\u00e1ilithe agus is d\u00edograis\u00ed amh\u00e1in. N\u00ed chuirtear ar \u00e1r liosta deimhni\u00fach\u00e1in ach iad si\u00fad a bhfuil pas faighte acu in\u00e1r bpr\u00f3iseas scr\u00fadaithe tr\u00e9dhearcach agus cuimsitheach, pr\u00f3iseas a l\u00e9ir\u00edonn n\u00ed hamh\u00e1in inni\u00falacht theicni\u00fail ach carachtar l\u00e1idir agus tuiscint dhomhain ar sp\u00f3irt racaide freisin. Cinnt\u00edonn an caighde\u00e1n dian seo gurb iad \u00e1r sreang\u00f3ir\u00ed deimhnithe na daoine is fearr sa r\u00e9imse go f\u00edrinneach.<\/p>\n\n\n\n<p>N\u00ed h\u00e9 an brab\u00fas an sprioc at\u00e1 againn, ach caighde\u00e1n na seirbh\u00eds\u00ed sreangaithe a ard\u00fa ar fud an domhain ar mhaithe leis na himreoir\u00ed go l\u00e9ir agus leis an sp\u00f3rt f\u00e9in.<\/p>\n\n<\/div>\n<\/section>\n\n\n<figure class=\"gb-block-image gb-block-image-976b7830\"><img loading=\"lazy\" decoding=\"async\" width=\"887\" height=\"443\" class=\"gb-image gb-image-976b7830\" src=\"https:\/\/beststringer.com\/wp-content\/uploads\/2024\/10\/Best-Stringer-Worldwide-Role-in-Racquet-Stringing.png\" alt=\"L\u00e9ar\u00e1id faisn\u00e9ise a mh\u00edn\u00edonn r\u00f3l Best Stringer Worldwide i sreang\u00fa racaid\u00ed.\" title=\"R\u00f3l Best Stringer Worldwide i Sreang\u00fa Racaid\u00ed\" srcset=\"https:\/\/beststringer.com\/wp-content\/uploads\/2024\/10\/Best-Stringer-Worldwide-Role-in-Racquet-Stringing.png 887w, https:\/\/beststringer.com\/wp-content\/uploads\/2024\/10\/Best-Stringer-Worldwide-Role-in-Racquet-Stringing-300x150.png 300w, https:\/\/beststringer.com\/wp-content\/uploads\/2024\/10\/Best-Stringer-Worldwide-Role-in-Racquet-Stringing-768x384.png 768w\" sizes=\"auto, (max-width: 887px) 100vw, 887px\" \/><\/figure>\n\n\n<section class=\"gb-container gb-container-21e3c652\">\n<div class=\"gb-container gb-container-11344779\">\n\n<h3 class=\"gb-headline gb-headline-39f4cce2 gb-headline-text\">R\u00f3l BSW i Sreang\u00fa Racaid\u00ed: An F\u00e1th a bhfuil s\u00e9 T\u00e1bhachtach<\/h3>\n\n\n\n<p class=\"gb-headline gb-headline-c6c5990e gb-headline-text\">Ar smaoinigh t\u00fa riamh c\u00e9n f\u00e1th nach mbraitheann do racaid ceart go leor? B&#8217;fh\u00e9idir gurb \u00e9 an sreang\u00fa is c\u00fais leis. San fh\u00edse\u00e1n seo, m\u00edn\u00edmid conas at\u00e1 BSW ag athr\u00fa c\u00farsa\u00ed i saol an tsreangaithe racaid\u00ed. M\u00edneoimid cad a dh\u00e9anann BSW, an f\u00e1th a bhfuil sreang\u00fa ceart r\u00edth\u00e1bhachtach do do chluiche, agus an difr\u00edocht at\u00e1 \u00e1 d\u00e9anamh aige d&#8217;imreoir\u00ed ar fud an domhain. Gan chaint chasta \u2013 gan ach f\u00edric\u00ed lom faoin gcaoi a bhfuil BSW ag obair chun d&#8217;eisp\u00e9ireas racaide a fheabhs\u00fa. Breathnaigh air chun rud \u00e9igin nua a fhoghlaim faoi na sreanga a mb\u00edonn t\u00fa ag brath orthu gach uair a imr\u00edonn t\u00fa!<\/p>\n\n\n<div class=\"gb-container gb-container-ec1a2ce6\">\n<div class=\"gb-container gb-container-238a634b\"><\/div>\n<\/div>\n\n\n<div id=\"youtube-player\"><\/div>\n<script>\n  var videoLoaded = false;\n\n  function loadYouTubeVideo() {\n    if (videoLoaded) return;\n    videoLoaded = true;\n    var tag = document.createElement('script');\n    tag.src = \"https:\/\/www.youtube.com\/iframe_api\";\n    var firstScriptTag = document.getElementsByTagName('script')[0];\n    firstScriptTag.parentNode.insertBefore(tag, firstScriptTag);\n  }\n\n  function onYouTubeIframeAPIReady() {\n    new YT.Player('youtube-player', {\n      height: '360',\n      width: '640',\n      videoId: 'xG9u1-DWX7E', \/\/ Your video ID\n      events: {\n        'onReady': onPlayerReady\n      }\n    });\n  }\n\n  function onPlayerReady(event) {\n    \/\/ Video is ready to play\n  }\n\n  \/\/ Load the YouTube API script when the page is scrolled\n  window.addEventListener('scroll', loadYouTubeVideo, { once: true });\n\n  \/\/ Also load if the user hasn't scrolled after 3 seconds\n  setTimeout(loadYouTubeVideo, 3000);\n<\/script>\n\n<\/div>\n<\/section>","protected":false},"excerpt":{"rendered":"<p>\u00c1r Misean agus \u00e1r dTiomantas don Fheabhas Is \u00e9 Best Stringer Worldwide (BSW) an pr\u00edomhchomhlacht oideachais do shreang\u00fa racaid\u00ed badmantain agus lead\u00f3ige. Agus \u00e9 \u00e1 bhainisti\u00fa go neamhsple\u00e1ch, coinn\u00edonn Best Stringer Worldwide sl\u00e1ine agus neamhchlaontacht na gcleachtas oideachais agus deimhni\u00fach\u00e1in sa sreang\u00fa. Cotha\u00edonn an eagra\u00edocht muin\u00edn dhomhanda i scileanna na sreang\u00f3ir\u00ed deimhnithe tr\u00ed bhonneagar teicni\u00fail &#8230; <a title=\"Our Role in Racquet Stringing\" class=\"read-more\" href=\"https:\/\/beststringer.com\/ga\/our-role\/\" aria-label=\"Read more about Our Role in Racquet Stringing\">Read more<\/a><\/p>\n","protected":false},"author":1,"featured_media":39129,"parent":0,"menu_order":0,"comment_status":"closed","ping_status":"closed","template":"","meta":{"footnotes":""},"class_list":{"0":"post-39127","1":"page","2":"type-page","3":"status-publish","4":"has-post-thumbnail","6":"infinite-scroll-item"},"_links":{"self":[{"href":"https:\/\/beststringer.com\/ga\/wp-json\/wp\/v2\/pages\/39127","targetHints":{"allow":["GET"]}}],"collection":[{"href":"https:\/\/beststringer.com\/ga\/wp-json\/wp\/v2\/pages"}],"about":[{"href":"https:\/\/beststringer.com\/ga\/wp-json\/wp\/v2\/types\/page"}],"author":[{"embeddable":true,"href":"https:\/\/beststringer.com\/ga\/wp-json\/wp\/v2\/users\/1"}],"replies":[{"embeddable":true,"href":"https:\/\/beststringer.com\/ga\/wp-json\/wp\/v2\/comments?post=39127"}],"version-history":[{"count":0,"href":"https:\/\/beststringer.com\/ga\/wp-json\/wp\/v2\/pages\/39127\/revisions"}],"wp:featuredmedia":[{"embeddable":true,"href":"https:\/\/beststringer.com\/ga\/wp-json\/wp\/v2\/media\/39129"}],"wp:attachment":[{"href":"https:\/\/beststringer.com\/ga\/wp-json\/wp\/v2\/media?parent=39127"}],"curies":[{"name":"wp","href":"https:\/\/api.w.org\/{rel}","templated":true}]}}