{"id":38865,"date":"2024-08-05T02:34:36","date_gmt":"2024-08-05T02:34:36","guid":{"rendered":"https:\/\/beststringer.com\/join-us-volunteer-with-bsw\/"},"modified":"2025-09-25T06:01:00","modified_gmt":"2025-09-25T06:01:00","slug":"join-us-volunteer-with-bsw","status":"publish","type":"page","link":"https:\/\/beststringer.com\/ga\/join-us-volunteer-with-bsw\/","title":{"rendered":"D\u00e9an Oibrithe Deonacha mar Th\u00e1st\u00e1la\u00ed Deimhni\u00fach\u00e1in BSW"},"content":{"rendered":"<div class=\"gb-container gb-container-f66bc834\">\n<div class=\"gb-container gb-container-3423e27e\">\n<div class=\"gb-container gb-container-4ea2fbf1\">\n<div id=\"ez-toc-container\" class=\"ez-toc-v2_0_82_2 ez-toc-wrap-left counter-hierarchy ez-toc-counter ez-toc-custom ez-toc-container-direction\">\n<div class=\"ez-toc-title-container\">\n<p class=\"ez-toc-title\" style=\"cursor:inherit\">Topics<\/p>\n<span class=\"ez-toc-title-toggle\"><a href=\"#\" class=\"ez-toc-pull-right ez-toc-btn ez-toc-btn-xs ez-toc-btn-default ez-toc-toggle\" aria-label=\"Toggle Table of Content\"><span class=\"ez-toc-js-icon-con\"><span class=\"\"><span class=\"eztoc-hide\" style=\"display:none;\">Toggle<\/span><span class=\"ez-toc-icon-toggle-span\"><svg style=\"fill: #ffffff;color:#ffffff\" xmlns=\"http:\/\/www.w3.org\/2000\/svg\" class=\"list-377408\" width=\"20px\" height=\"20px\" viewBox=\"0 0 24 24\" fill=\"none\"><path d=\"M6 6H4v2h2V6zm14 0H8v2h12V6zM4 11h2v2H4v-2zm16 0H8v2h12v-2zM4 16h2v2H4v-2zm16 0H8v2h12v-2z\" fill=\"currentColor\"><\/path><\/svg><svg style=\"fill: #ffffff;color:#ffffff\" class=\"arrow-unsorted-368013\" xmlns=\"http:\/\/www.w3.org\/2000\/svg\" width=\"10px\" height=\"10px\" viewBox=\"0 0 24 24\" version=\"1.2\" baseProfile=\"tiny\"><path d=\"M18.2 9.3l-6.2-6.3-6.2 6.3c-.2.2-.3.4-.3.7s.1.5.3.7c.2.2.4.3.7.3h11c.3 0 .5-.1.7-.3.2-.2.3-.5.3-.7s-.1-.5-.3-.7zM5.8 14.7l6.2 6.3 6.2-6.3c.2-.2.3-.5.3-.7s-.1-.5-.3-.7c-.2-.2-.4-.3-.7-.3h-11c-.3 0-.5.1-.7.3-.2.2-.3.5-.3.7s.1.5.3.7z\"\/><\/svg><\/span><\/span><\/span><\/a><\/span><\/div>\n<nav><ul class='ez-toc-list ez-toc-list-level-1 eztoc-toggle-hide-by-default' ><li class='ez-toc-page-1 ez-toc-heading-level-2'><a class=\"ez-toc-link ez-toc-heading-1\" href=\"https:\/\/beststringer.com\/ga\/join-us-volunteer-with-bsw\/#Obair_Dheonach_mar_Thastalaithe_Deimhniuchain\" >Obair Dheonach mar Th\u00e1st\u00e1laithe Deimhni\u00fach\u00e1in<\/a><ul class='ez-toc-list-level-3' ><li class='ez-toc-heading-level-3'><a class=\"ez-toc-link ez-toc-heading-2\" href=\"https:\/\/beststringer.com\/ga\/join-us-volunteer-with-bsw\/#Obair_Dheonach_mar_Phriomhthastalaithe\" >Obair Dheonach mar Phr\u00edomhth\u00e1st\u00e1laithe<\/a><\/li><li class='ez-toc-page-1 ez-toc-heading-level-3'><a class=\"ez-toc-link ez-toc-heading-3\" href=\"https:\/\/beststringer.com\/ga\/join-us-volunteer-with-bsw\/#Obair_Dheonach_mar_Thastalaithe_Teicniula\" >Obair Dheonach mar Th\u00e1st\u00e1laithe Teicni\u00fala<\/a><\/li><li class='ez-toc-page-1 ez-toc-heading-level-3'><a class=\"ez-toc-link ez-toc-heading-4\" href=\"https:\/\/beststringer.com\/ga\/join-us-volunteer-with-bsw\/#Obair_Dheonach_mar_Chuairteoiri_Suimh\" >Obair Dheonach mar Chuairteoir\u00ed Su\u00edmh<\/a><\/li><li class='ez-toc-page-1 ez-toc-heading-level-3'><a class=\"ez-toc-link ez-toc-heading-5\" href=\"https:\/\/beststringer.com\/ga\/join-us-volunteer-with-bsw\/#Dean_Teagmhail_Linn_le_hObair_Dheonach_a_Dheanamh_mar_Thastalai_Sreangaithe\" >D\u00e9an Teagmh\u00e1il Linn le hObair Dheonach a Dh\u00e9anamh mar Th\u00e1st\u00e1la\u00ed Sreangaithe<\/a><\/li><li class='ez-toc-page-1 ez-toc-heading-level-3'><a class=\"ez-toc-link ez-toc-heading-6\" href=\"https:\/\/beststringer.com\/ga\/join-us-volunteer-with-bsw\/#Feabhas_a_chur_ar_do_Scileanna_Sreangaithe_Deiseanna_Oibre_Deonai_le_BSW\" >Feabhas a chur ar do Scileanna Sreangaithe: Deiseanna Oibre Deona\u00ed le BSW<\/a><\/li><li class='ez-toc-page-1 ez-toc-heading-level-3'><a class=\"ez-toc-link ez-toc-heading-7\" href=\"https:\/\/beststringer.com\/ga\/join-us-volunteer-with-bsw\/#Lionra_Sreangaithe_BSW\" >L\u00edonra Sreangaithe BSW<\/a><\/li><\/ul><\/li><\/ul><\/nav><\/div>\n\n\n\n\n<h2 class=\"gb-headline gb-headline-79589317 gb-headline-text\"><span class=\"ez-toc-section\" id=\"Obair_Dheonach_mar_Thastalaithe_Deimhniuchain\"><\/span>Obair Dheonach mar <mark style=\"background-color:rgba(0, 0, 0, 0)\" class=\"has-inline-color has-global-color-9-color\">Th\u00e1st\u00e1laithe Deimhni\u00fach\u00e1in<\/mark><span class=\"ez-toc-section-end\"><\/span><\/h2>\n\n\n\n<p class=\"gb-headline gb-headline-d07d49cf gb-headline-text\">T\u00e1 r\u00f3l t\u00e1bhachtach ag T\u00e1st\u00e1laithe Deimhni\u00fach\u00e1in i bpr\u00f3iseas deimhni\u00fach\u00e1in BSW agus i bhfeabhs\u00fa caighde\u00e1n sreangaithe. T\u00e1imid ag lorg sreang\u00f3ir\u00ed le taith\u00ed ar mian leo a gcuid ama, eolais agus scileanna a thairiscint mar Th\u00e1st\u00e1laithe Deimhni\u00fach\u00e1in. Mar th\u00e1st\u00e1la\u00ed, oibreoidh t\u00fa le sreang\u00f3ir\u00ed gairmi\u00fala agus feicfidh t\u00fa cleachtais \u00e9ags\u00fala sreangaithe. Is f\u00e9idir leat p\u00e1irt a ghlacadh freisin in\u00e1r gcruinnithe t\u00e1st\u00e1laithe, \u00e1it a roinneann sreang\u00f3ir\u00ed a dtaith\u00ed lena ch\u00e9ile.<\/p>\n\n<\/div>\n<\/div>\n\n<div class=\"gb-container gb-container-37db13f4\">\n<div class=\"gb-container gb-container-3021f73c\">\n\n<h3 class=\"gb-headline gb-headline-e5c79f72 gb-headline-text\"><span class=\"ez-toc-section\" id=\"Obair_Dheonach_mar_Phriomhthastalaithe\"><\/span>Obair Dheonach mar <mark style=\"background-color:rgba(0, 0, 0, 0)\" class=\"has-inline-color has-global-color-9-color\">Phr\u00edomhth\u00e1st\u00e1laithe<\/mark><span class=\"ez-toc-section-end\"><\/span><\/h3>\n\n\n\n<p class=\"gb-headline gb-headline-7d760a3f gb-headline-text\">Treora\u00edonn Pr\u00edomhth\u00e1st\u00e1laithe foirne t\u00e1st\u00e1la agus iad ag meas\u00fan\u00fa scileanna sreangaithe. D\u00e9anann siad meas\u00fan\u00fa ar c\u00e9 chomh maith agus a chlo\u00edonn sreang\u00f3ir\u00ed le caighde\u00e1in BSW don bhadmantan, don lead\u00f3g agus don scuais. Cuirimid f\u00e1ilte roimh dhaoine a bhfuil an-taith\u00ed acu ar shreang\u00fa racaid agus tuiscint l\u00e1idir ar theicn\u00edc\u00ed sreangaithe agus ar theicneola\u00edocht racaid.<\/p>\n\n<\/div>\n<\/div>\n\n<div class=\"gb-container gb-container-8072e76b\">\n<div class=\"gb-container gb-container-eabf3753\">\n\n<h3 class=\"gb-headline gb-headline-0ad93116 gb-headline-text\"><span class=\"ez-toc-section\" id=\"Obair_Dheonach_mar_Thastalaithe_Teicniula\"><\/span>Obair Dheonach mar <mark style=\"background-color:rgba(0, 0, 0, 0)\" class=\"has-inline-color has-global-color-9-color\">Th\u00e1st\u00e1laithe Teicni\u00fala<\/mark><span class=\"ez-toc-section-end\"><\/span><\/h3>\n\n\n\n<p class=\"gb-headline gb-headline-0e4cbc73 gb-headline-text\">D\u00edr\u00edonn T\u00e1st\u00e1laithe Teicni\u00fala ar scileanna agus eolas sonrach sreangaithe a mheas\u00fan\u00fa. Cuirimid f\u00e1ilte roimh shreang\u00f3ir\u00ed le taith\u00ed a bhfuil saineolas acu i r\u00e9ims\u00ed cos\u00fail le tomhas teannais, air\u00edonna sreinge, n\u00f3 saincheapadh racaid.<\/p>\n\n<\/div>\n<\/div>\n\n<div class=\"gb-container gb-container-0bc9ddf8\">\n<div class=\"gb-container gb-container-4a1593e5\">\n\n<h3 class=\"gb-headline gb-headline-f300e849 gb-headline-text\"><span class=\"ez-toc-section\" id=\"Obair_Dheonach_mar_Chuairteoiri_Suimh\"><\/span>Obair Dheonach mar <mark style=\"background-color:rgba(0, 0, 0, 0)\" class=\"has-inline-color has-global-color-9-color\">Chuairteoir\u00ed Su\u00edmh<\/mark><span class=\"ez-toc-section-end\"><\/span><\/h3>\n\n\n\n<p class=\"gb-headline gb-headline-1f171057 gb-headline-text\">Cuid\u00edonn Cuairteoir\u00ed Su\u00edmh le meas\u00fan\u00fa a dh\u00e9anamh ar thimpeallacht oibre agus ar sheirbh\u00eds do chustaim\u00e9ir\u00ed na sreang\u00f3ir\u00ed deimhnithe. Is \u00e9ard at\u00e1 i gceist leis an r\u00f3l seo n\u00e1 cuairt a thabhairt ar l\u00e1ithreacha sreangaithe agus f\u00e9achaint ar an gcaoi a dt\u00e9ann sreang\u00f3ir\u00ed deimhnithe i ngleic le custaim\u00e9ir\u00ed agus a gcoinn\u00edonn siad a sp\u00e1s oibre.<\/p>\n\n<\/div>\n<\/div>\n\n<div class=\"gb-container gb-container-bc7f3ef7\">\n<div class=\"gb-container gb-container-c402b7cb\">\n\n<h3 class=\"gb-headline gb-headline-9ac68257 gb-headline-text\"><span class=\"ez-toc-section\" id=\"Dean_Teagmhail_Linn_le_hObair_Dheonach_a_Dheanamh_mar_Thastalai_Sreangaithe\"><\/span>D\u00e9an Teagmh\u00e1il Linn le hObair Dheonach a Dh\u00e9anamh mar <mark style=\"background-color:rgba(0, 0, 0, 0)\" class=\"has-inline-color has-global-color-9-color\">Th\u00e1st\u00e1la\u00ed Sreangaithe<\/mark><span class=\"ez-toc-section-end\"><\/span><\/h3>\n\n\n\n<p class=\"gb-headline gb-headline-99f4af0d gb-headline-text\">M\u00e1 t\u00e1 taith\u00ed sreangaithe agat agus m\u00e1s mian leat cabhr\u00fa le hoideachas sreangaithe a fheabhs\u00fa, d\u00e9an teagmh\u00e1il le <a href=\"mailto:tester@beststringer.com\"><strong>tester@beststringer.com<\/strong><\/a>. Cuir do th\u00edr san \u00e1ireamh agus sonra\u00ed faoi do ch\u00falra sreangaithe.<br><br><\/p>\n\n\n\n<figure class=\"gb-block-image gb-block-image-7bd1746b\"><img loading=\"lazy\" decoding=\"async\" width=\"1043\" height=\"371\" class=\"gb-image gb-image-7bd1746b\" src=\"https:\/\/beststringer.com\/wp-content\/uploads\/2024\/10\/Join-us-Volunteer-with-BSW-Badminton-Stringing-Certification.png\" alt=\"B\u00ed in\u00e1r bhfoireann oibrithe deonacha BSW do dheimhni\u00fa sreangaithe badmantain i {{CITY_LOCAL}}\" title=\"B\u00ed in\u00e1r bhfoireann oibrithe deonacha BSW do dheimhni\u00fa sreangaithe badmantain i {{CITY_LOCAL}}\" srcset=\"https:\/\/beststringer.com\/wp-content\/uploads\/2024\/10\/Join-us-Volunteer-with-BSW-Badminton-Stringing-Certification.png 1043w, https:\/\/beststringer.com\/wp-content\/uploads\/2024\/10\/Join-us-Volunteer-with-BSW-Badminton-Stringing-Certification-300x107.png 300w, https:\/\/beststringer.com\/wp-content\/uploads\/2024\/10\/Join-us-Volunteer-with-BSW-Badminton-Stringing-Certification-1024x364.png 1024w, https:\/\/beststringer.com\/wp-content\/uploads\/2024\/10\/Join-us-Volunteer-with-BSW-Badminton-Stringing-Certification-768x273.png 768w\" sizes=\"auto, (max-width: 1043px) 100vw, 1043px\" \/><\/figure>\n\n<\/div>\n<\/div>\n<\/div>\n\n<section class=\"gb-container gb-container-21e3c652\">\n<div class=\"gb-container gb-container-11344779\">\n\n<h3 class=\"gb-headline gb-headline-39f4cce2 gb-headline-text\"><span class=\"ez-toc-section\" id=\"Feabhas_a_chur_ar_do_Scileanna_Sreangaithe_Deiseanna_Oibre_Deonai_le_BSW\"><\/span>Feabhas a chur ar do Scileanna Sreangaithe: Deiseanna Oibre Deona\u00ed le BSW<span class=\"ez-toc-section-end\"><\/span><\/h3>\n\n\n\n<p class=\"gb-headline gb-headline-c6c5990e gb-headline-text\">An bhfuil fonn ort caighde\u00e1in sreangaithe racaid a chur chun cinn? Scr\u00fada\u00edonn an f\u00edse\u00e1n seo na r\u00f3il dheonacha at\u00e1 ar f\u00e1il le Best Stringer Worldwide (BSW). Faigh amach conas is f\u00e9idir leat a bheith i do Th\u00e1st\u00e1la\u00ed Deimhni\u00fach\u00e1in, i do Phr\u00edomhth\u00e1st\u00e1la\u00ed, i do Th\u00e1st\u00e1la\u00ed Teicni\u00fail, n\u00f3 i do Chuairteoir Su\u00edmh. M\u00edneoimid cad at\u00e1 i gceist le gach r\u00f3l, c\u00e9 at\u00e1 inch\u00e1ilithe, agus conas a chuid\u00edonn na poist seo le c\u00e1il\u00edocht an tsreangaithe sa lead\u00f3g, sa bhadmantan agus sa scuais a fheabhs\u00fa.<\/p>\n\n\n<div class=\"gb-container gb-container-ec1a2ce6\">\n<div class=\"gb-container gb-container-238a634b\"><\/div>\n<\/div>\n\n\n<div id=\"youtube-player\"><\/div>\n<script>\n  var videoLoaded = false;\n\n  function loadYouTubeVideo() {\n    if (videoLoaded) return;\n    videoLoaded = true;\n    var tag = document.createElement('script');\n    tag.src = \"https:\/\/www.youtube.com\/iframe_api\";\n    var firstScriptTag = document.getElementsByTagName('script')[0];\n    firstScriptTag.parentNode.insertBefore(tag, firstScriptTag);\n  }\n\n  function onYouTubeIframeAPIReady() {\n    new YT.Player('youtube-player', {\n      height: '360',\n      width: '640',\n      videoId: 'mnLp79WF_Qk', \/\/ Your video ID\n      events: {\n        'onReady': onPlayerReady\n      }\n    });\n  }\n\n  function onPlayerReady(event) {\n    \/\/ Video is ready to play\n  }\n\n  \/\/ Load the YouTube API script when the page is scrolled\n  window.addEventListener('scroll', loadYouTubeVideo, { once: true });\n\n  \/\/ Also load if the user hasn't scrolled after 3 seconds\n  setTimeout(loadYouTubeVideo, 3000);\n<\/script>\n\n<\/div>\n<\/section>\n\n<section class=\"gb-container gb-container-49b9586e\">\n<div class=\"gb-container gb-container-a2e9522c\"><\/div>\n\n<div class=\"gb-container gb-container-0e11192a\">\n\n<h3 class=\"gb-headline gb-headline-5cf408ee gb-headline-text\"><span class=\"ez-toc-section\" id=\"Lionra_Sreangaithe_BSW\"><\/span>L\u00edonra Sreangaithe BSW<span class=\"ez-toc-section-end\"><\/span><\/h3>\n\n\n<div class=\"gb-container gb-container-daaa2e63\">\n<div class=\"gb-container gb-container-bda621fe\"><\/div>\n\n<div class=\"gb-container gb-container-4b0ac72b\"><\/div>\n<\/div>\n\n\n<p class=\"gb-headline gb-headline-edf98545 gb-headline-text\">Cuireann Best Stringer Worldwide ard\u00e1n ar f\u00e1il do shreang\u00f3ir\u00ed chun a gcuid scileanna a fhoghlaim agus a fheabhs\u00fa. \u00c1ir\u00edtear in\u00e1r l\u00edonra:<\/p>\n\n\n\n<p class=\"gb-headline gb-headline-aa123983\"><span class=\"gb-icon\"><svg aria-hidden=\"true\" role=\"img\" height=\"1em\" width=\"1em\" viewBox=\"0 0 512 512\" xmlns=\"http:\/\/www.w3.org\/2000\/svg\"><path fill=\"currentColor\" d=\"M504 256c0 136.967-111.033 248-248 248S8 392.967 8 256 119.033 8 256 8s248 111.033 248 248zM227.314 387.314l184-184c6.248-6.248 6.248-16.379 0-22.627l-22.627-22.627c-6.248-6.249-16.379-6.249-22.628 0L216 308.118l-70.059-70.059c-6.248-6.248-16.379-6.248-22.628 0l-22.627 22.627c-6.248 6.248-6.248 16.379 0 22.627l104 104c6.249 6.249 16.379 6.249 22.628.001z\"><\/path><\/svg><\/span><span class=\"gb-headline-text\">\u00c1bhair oideachais sreangaithe<\/span><\/p>\n\n\n\n<p class=\"gb-headline gb-headline-22e91ee1\"><span class=\"gb-icon\"><svg aria-hidden=\"true\" role=\"img\" height=\"1em\" width=\"1em\" viewBox=\"0 0 512 512\" xmlns=\"http:\/\/www.w3.org\/2000\/svg\"><path fill=\"currentColor\" d=\"M504 256c0 136.967-111.033 248-248 248S8 392.967 8 256 119.033 8 256 8s248 111.033 248 248zM227.314 387.314l184-184c6.248-6.248 6.248-16.379 0-22.627l-22.627-22.627c-6.248-6.249-16.379-6.249-22.628 0L216 308.118l-70.059-70.059c-6.248-6.248-16.379-6.248-22.628 0l-22.627 22.627c-6.248 6.248-6.248 16.379 0 22.627l104 104c6.249 6.249 16.379 6.249 22.628.001z\"><\/path><\/svg><\/span><span class=\"gb-headline-text\">Seisi\u00fain rialta chun scileanna a nuashonr\u00fa<\/span><\/p>\n\n\n\n<p class=\"gb-headline gb-headline-f4b88c87\"><span class=\"gb-icon\"><svg aria-hidden=\"true\" role=\"img\" height=\"1em\" width=\"1em\" viewBox=\"0 0 512 512\" xmlns=\"http:\/\/www.w3.org\/2000\/svg\"><path fill=\"currentColor\" d=\"M504 256c0 136.967-111.033 248-248 248S8 392.967 8 256 119.033 8 256 8s248 111.033 248 248zM227.314 387.314l184-184c6.248-6.248 6.248-16.379 0-22.627l-22.627-22.627c-6.248-6.249-16.379-6.249-22.628 0L216 308.118l-70.059-70.059c-6.248-6.248-16.379-6.248-22.628 0l-22.627 22.627c-6.248 6.248-6.248 16.379 0 22.627l104 104c6.249 6.249 16.379 6.249 22.628.001z\"><\/path><\/svg><\/span><span class=\"gb-headline-text\">F\u00f3raim phl\u00e9 chun eolas sreangaithe a chomhroinnt<\/span><\/p>\n\n\n\n<p class=\"gb-headline gb-headline-cd74c374 gb-headline-text\">Is f\u00e9idir le sreang\u00f3ir\u00ed deimhnithe idirghn\u00edomh\u00fa le himreoir\u00ed a dteasta\u00edonn seirbh\u00eds\u00ed sreangaithe uathu. Cuid\u00edonn s\u00e9 seo le sreang\u00f3ir\u00ed agus le himreoir\u00ed araon tuiscint n\u00edos fearr a fh\u00e1il ar riachtanais ullmh\u00fach\u00e1in racaid.<\/p>\n\n\n\n<a class=\"gb-button gb-button-a29641e0 gb-button-text\" href=\"https:\/\/beststringer.com\/ga\/contact\/\">Tuilleadh Eolais<\/a>\n\n<\/div>\n<\/section>","protected":false},"excerpt":{"rendered":"<p>Obair Dheonach mar Th\u00e1st\u00e1laithe Deimhni\u00fach\u00e1in T\u00e1 r\u00f3l t\u00e1bhachtach ag T\u00e1st\u00e1laithe Deimhni\u00fach\u00e1in i bpr\u00f3iseas deimhni\u00fach\u00e1in BSW agus i bhfeabhs\u00fa caighde\u00e1n sreangaithe. T\u00e1imid ag lorg sreang\u00f3ir\u00ed le taith\u00ed ar mian leo a gcuid ama, eolais agus scileanna a thairiscint mar Th\u00e1st\u00e1laithe Deimhni\u00fach\u00e1in. Mar th\u00e1st\u00e1la\u00ed, oibreoidh t\u00fa le sreang\u00f3ir\u00ed gairmi\u00fala agus feicfidh t\u00fa cleachtais \u00e9ags\u00fala sreangaithe. Is f\u00e9idir &#8230; <a title=\"D\u00e9an Oibrithe Deonacha mar Th\u00e1st\u00e1la\u00ed Deimhni\u00fach\u00e1in BSW\" class=\"read-more\" href=\"https:\/\/beststringer.com\/ga\/join-us-volunteer-with-bsw\/\" aria-label=\"Read more about D\u00e9an Oibrithe Deonacha mar Th\u00e1st\u00e1la\u00ed Deimhni\u00fach\u00e1in BSW\">Read more<\/a><\/p>\n","protected":false},"author":1,"featured_media":38867,"parent":0,"menu_order":0,"comment_status":"closed","ping_status":"closed","template":"","meta":{"footnotes":""},"class_list":{"0":"post-38865","1":"page","2":"type-page","3":"status-publish","4":"has-post-thumbnail","6":"infinite-scroll-item"},"_links":{"self":[{"href":"https:\/\/beststringer.com\/ga\/wp-json\/wp\/v2\/pages\/38865","targetHints":{"allow":["GET"]}}],"collection":[{"href":"https:\/\/beststringer.com\/ga\/wp-json\/wp\/v2\/pages"}],"about":[{"href":"https:\/\/beststringer.com\/ga\/wp-json\/wp\/v2\/types\/page"}],"author":[{"embeddable":true,"href":"https:\/\/beststringer.com\/ga\/wp-json\/wp\/v2\/users\/1"}],"replies":[{"embeddable":true,"href":"https:\/\/beststringer.com\/ga\/wp-json\/wp\/v2\/comments?post=38865"}],"version-history":[{"count":0,"href":"https:\/\/beststringer.com\/ga\/wp-json\/wp\/v2\/pages\/38865\/revisions"}],"wp:featuredmedia":[{"embeddable":true,"href":"https:\/\/beststringer.com\/ga\/wp-json\/wp\/v2\/media\/38867"}],"wp:attachment":[{"href":"https:\/\/beststringer.com\/ga\/wp-json\/wp\/v2\/media?parent=38865"}],"curies":[{"name":"wp","href":"https:\/\/api.w.org\/{rel}","templated":true}]}}