{"id":38763,"date":"2024-08-05T01:47:32","date_gmt":"2024-08-05T01:47:32","guid":{"rendered":"https:\/\/beststringer.com\/benefits-bsw-certification\/"},"modified":"2025-09-25T05:57:42","modified_gmt":"2025-09-25T05:57:42","slug":"benefits-bsw-certification","status":"publish","type":"page","link":"https:\/\/beststringer.com\/ga\/benefits-bsw-certification\/","title":{"rendered":"Bunt\u00e1ist\u00ed an Deimhni\u00fach\u00e1in BSW Stringer do Theann\u00e1il Raic\u00e9id"},"content":{"rendered":"<div class=\"gb-container gb-container-f66bc834\">\n<div class=\"gb-container gb-container-37db13f4\">\n<div class=\"gb-container gb-container-3021f73c\">\n<div id=\"ez-toc-container\" class=\"ez-toc-v2_0_82_2 ez-toc-wrap-left counter-hierarchy ez-toc-counter ez-toc-custom ez-toc-container-direction\">\n<div class=\"ez-toc-title-container\">\n<p class=\"ez-toc-title\" style=\"cursor:inherit\">Topics<\/p>\n<span class=\"ez-toc-title-toggle\"><a href=\"#\" class=\"ez-toc-pull-right ez-toc-btn ez-toc-btn-xs ez-toc-btn-default ez-toc-toggle\" aria-label=\"Toggle Table of Content\"><span class=\"ez-toc-js-icon-con\"><span class=\"\"><span class=\"eztoc-hide\" style=\"display:none;\">Toggle<\/span><span class=\"ez-toc-icon-toggle-span\"><svg style=\"fill: #ffffff;color:#ffffff\" xmlns=\"http:\/\/www.w3.org\/2000\/svg\" class=\"list-377408\" width=\"20px\" height=\"20px\" viewBox=\"0 0 24 24\" fill=\"none\"><path d=\"M6 6H4v2h2V6zm14 0H8v2h12V6zM4 11h2v2H4v-2zm16 0H8v2h12v-2zM4 16h2v2H4v-2zm16 0H8v2h12v-2z\" fill=\"currentColor\"><\/path><\/svg><svg style=\"fill: #ffffff;color:#ffffff\" class=\"arrow-unsorted-368013\" xmlns=\"http:\/\/www.w3.org\/2000\/svg\" width=\"10px\" height=\"10px\" viewBox=\"0 0 24 24\" version=\"1.2\" baseProfile=\"tiny\"><path d=\"M18.2 9.3l-6.2-6.3-6.2 6.3c-.2.2-.3.4-.3.7s.1.5.3.7c.2.2.4.3.7.3h11c.3 0 .5-.1.7-.3.2-.2.3-.5.3-.7s-.1-.5-.3-.7zM5.8 14.7l6.2 6.3 6.2-6.3c.2-.2.3-.5.3-.7s-.1-.5-.3-.7c-.2-.2-.4-.3-.7-.3h-11c-.3 0-.5.1-.7.3-.2.2-.3.5-.3.7s.1.5.3.7z\"\/><\/svg><\/span><\/span><\/span><\/a><\/span><\/div>\n<nav><ul class='ez-toc-list ez-toc-list-level-1 eztoc-toggle-hide-by-default' ><li class='ez-toc-page-1 ez-toc-heading-level-3'><a class=\"ez-toc-link ez-toc-heading-1\" href=\"https:\/\/beststringer.com\/ga\/benefits-bsw-certification\/#Do_Shreangoiri\" >Do Shreang\u00f3ir\u00ed<\/a><\/li><li class='ez-toc-page-1 ez-toc-heading-level-3'><a class=\"ez-toc-link ez-toc-heading-2\" href=\"https:\/\/beststringer.com\/ga\/benefits-bsw-certification\/#Dearbhu_cailiochta\" >Dearbh\u00fa c\u00e1il\u00edochta<\/a><\/li><li class='ez-toc-page-1 ez-toc-heading-level-3'><a class=\"ez-toc-link ez-toc-heading-3\" href=\"https:\/\/beststringer.com\/ga\/benefits-bsw-certification\/#Coigilteas_costais_ionchasach\" >Coigilteas costais ionchasach<\/a><\/li><li class='ez-toc-page-1 ez-toc-heading-level-3'><a class=\"ez-toc-link ez-toc-heading-4\" href=\"https:\/\/beststringer.com\/ga\/benefits-bsw-certification\/#Aitheantas_idirnaisiunta\" >Aitheantas idirn\u00e1isi\u00fanta<\/a><\/li><li class='ez-toc-page-1 ez-toc-heading-level-3'><a class=\"ez-toc-link ez-toc-heading-5\" href=\"https:\/\/beststringer.com\/ga\/benefits-bsw-certification\/#DImreoiri_agus_dEagraiochtai_Spoirt\" >D&#8217;Imreoir\u00ed agus d&#8217;Eagra\u00edochta\u00ed Sp\u00f3irt<\/a><\/li><li class='ez-toc-page-1 ez-toc-heading-level-3'><a class=\"ez-toc-link ez-toc-heading-6\" href=\"https:\/\/beststringer.com\/ga\/benefits-bsw-certification\/#Do_Thionscal_na_Sport_Raiceid\" >Do Thionscal na Sp\u00f3rt Raic\u00e9id<\/a><\/li><li class='ez-toc-page-1 ez-toc-heading-level-3'><a class=\"ez-toc-link ez-toc-heading-7\" href=\"https:\/\/beststringer.com\/ga\/benefits-bsw-certification\/#Solubthacht\" >Sol\u00fabthacht<\/a><\/li><li class='ez-toc-page-1 ez-toc-heading-level-3'><a class=\"ez-toc-link ez-toc-heading-8\" href=\"https:\/\/beststringer.com\/ga\/benefits-bsw-certification\/#Buntaisti_Dheimhniu_Sreangora_BSW\" >Bunt\u00e1ist\u00ed Dheimhni\u00fa Sreang\u00f3ra BSW<\/a><\/li><li class='ez-toc-page-1 ez-toc-heading-level-3'><a class=\"ez-toc-link ez-toc-heading-9\" href=\"https:\/\/beststringer.com\/ga\/benefits-bsw-certification\/#Deimhniu_Sreangaithe_BSW\" >Deimhni\u00fa Sreangaithe BSW<\/a><\/li><\/ul><\/nav><\/div>\n\n\n\n\n<h3 class=\"gb-headline gb-headline-e5c79f72 gb-headline-text\"><span class=\"ez-toc-section\" id=\"Do_Shreangoiri\"><\/span><strong>Do <mark style=\"background-color:rgba(0, 0, 0, 0)\" class=\"has-inline-color has-global-color-9-color\">Shreang\u00f3ir\u00ed<\/mark><\/strong><span class=\"ez-toc-section-end\"><\/span><\/h3>\n\n\n\n<p class=\"gb-headline gb-headline-7d760a3f gb-headline-text\">Deimhn\u00edonn deimhni\u00fa BSW c\u00e1il\u00edocht do sheirbh\u00eds\u00ed sreangaithe. Cuid\u00edonn s\u00e9 seo le muin\u00edn a choth\u00fa i measc imreoir\u00ed agus taispe\u00e1nann s\u00e9 do scileanna do chustaim\u00e9ir\u00ed ionchasacha.<\/p>\n\n<\/div>\n<\/div>\n\n<div class=\"gb-container gb-container-8072e76b\">\n<div class=\"gb-container gb-container-eabf3753\">\n\n<h3 class=\"gb-headline gb-headline-0ad93116 gb-headline-text\"><span class=\"ez-toc-section\" id=\"Dearbhu_cailiochta\"><\/span><strong>Dearbh\u00fa <mark style=\"background-color:rgba(0, 0, 0, 0)\" class=\"has-inline-color has-global-color-9-color\">c\u00e1il\u00edochta<\/mark><\/strong><span class=\"ez-toc-section-end\"><\/span><\/h3>\n\n\n\n<p class=\"gb-headline gb-headline-0e4cbc73 gb-headline-text\">B\u00edonn a fhios ag imreoir\u00ed cad a bheith ag s\u00fail leis nuair a roghna\u00edonn siad sreang\u00f3ir at\u00e1 deimhnithe ag BSW. D&#8217;\u00e9irigh le sreang\u00f3ir\u00ed deimhnithe i dtrialacha at\u00e1 bunaithe ar chaighde\u00e1in idirn\u00e1isi\u00fanta. Cuid\u00edonn s\u00e9 seo lena chinnti\u00fa go bhfaigheann imreoir\u00ed seirbh\u00eds mhaith a fhreastala\u00edonn ar a gcuid riachtanas.<\/p>\n\n<\/div>\n<\/div>\n\n<div class=\"gb-container gb-container-90ecf704\">\n<div class=\"gb-container gb-container-5939e332\">\n\n<h3 class=\"gb-headline gb-headline-fd44004c gb-headline-text\"><span class=\"ez-toc-section\" id=\"Coigilteas_costais_ionchasach\"><\/span><strong>Coigilteas <mark style=\"background-color:rgba(0, 0, 0, 0)\" class=\"has-inline-color has-global-color-9-color\">costais<\/mark> ionchasach<\/strong><span class=\"ez-toc-section-end\"><\/span><\/h3>\n\n\n\n<p class=\"gb-headline gb-headline-053891c0 gb-headline-text\">D&#8217;fh\u00e9adfadh deimhni\u00fa cuidi\u00fa leis na nithe seo a leanas a laghd\u00fa:<br>1. Sreang\u00fa ar\u00eds agus ar\u00eds eile de bharr teicn\u00edce m\u00edchearte<br>2. Imreoir\u00ed m\u00edsh\u00e1sta<br>3. Dam\u00e1iste do do chl\u00fa<\/p>\n\n<\/div>\n<\/div>\n\n<div class=\"gb-container gb-container-8a50ef37\">\n<div class=\"gb-container gb-container-5c1bafc8\">\n\n<h3 class=\"gb-headline gb-headline-1f4c776e gb-headline-text\"><span class=\"ez-toc-section\" id=\"Aitheantas_idirnaisiunta\"><\/span><strong>Aitheantas <mark style=\"background-color:rgba(0, 0, 0, 0)\" class=\"has-inline-color has-global-color-9-color\">idirn\u00e1isi\u00fanta<\/mark><\/strong><span class=\"ez-toc-section-end\"><\/span><\/h3>\n\n\n\n<p class=\"gb-headline gb-headline-242fa714 gb-headline-text\">Oibr\u00edonn BSW le gr\u00fapa\u00ed sp\u00f3irt \u00e9ags\u00fala. Cialla\u00edonn s\u00e9 seo go bhf\u00e9adfa\u00ed aitheantas a thabhairt do shreang\u00f3ir\u00ed deimhnithe BSW i n\u00edos m\u00f3 t\u00edortha. D&#8217;fh\u00e9adfadh n\u00edos m\u00f3 deiseanna oibre a bheith mar thoradh ar dheimhni\u00fa BSW ar fud an domhain.<\/p>\n\n<\/div>\n<\/div>\n\n<div class=\"gb-container gb-container-0787b207\">\n<div class=\"gb-container gb-container-eed18cdf\">\n\n<h3 class=\"gb-headline gb-headline-59f1817a gb-headline-text\"><span class=\"ez-toc-section\" id=\"DImreoiri_agus_dEagraiochtai_Spoirt\"><\/span><strong>D&#8217;<mark style=\"background-color:rgba(0, 0, 0, 0)\" class=\"has-inline-color has-global-color-9-color\">Imreoir\u00ed<\/mark> agus d&#8217;<mark style=\"background-color:rgba(0, 0, 0, 0)\" class=\"has-inline-color has-global-color-9-color\">Eagra\u00edochta\u00ed<\/mark> Sp\u00f3irt<\/strong><span class=\"ez-toc-section-end\"><\/span><\/h3>\n\n\n\n<p class=\"gb-headline gb-headline-cfca2887 gb-headline-text\"><strong>Muin\u00edn mh\u00e9adaithe:<\/strong><br>L\u00e9ir\u00edonn deimhni\u00fa BSW scileanna sreang\u00f3ra. Cuid\u00edonn s\u00e9 seo le himreoir\u00ed muin\u00edn a bheith acu as an tseirbh\u00eds sreangaithe, rud at\u00e1 t\u00e1bhachtach d&#8217;fheidhm\u00edocht a raic\u00e9id. L\u00e9ir\u00edonn s\u00e9 freisin tiomantas do ch\u00faram maith trealaimh agus do sh\u00e1stacht na n-imreoir\u00ed.<\/p>\n\n<\/div>\n<\/div>\n\n<div class=\"gb-container gb-container-5cce018f\">\n<div class=\"gb-container gb-container-71c468d8\">\n\n<h3 class=\"gb-headline gb-headline-322e667e gb-headline-text\"><span class=\"ez-toc-section\" id=\"Do_Thionscal_na_Sport_Raiceid\"><\/span><strong>Do Thionscal na <mark style=\"background-color:rgba(0, 0, 0, 0)\" class=\"has-inline-color has-global-color-9-color\">Sp\u00f3rt Raic\u00e9id<\/mark><\/strong><span class=\"ez-toc-section-end\"><\/span><\/h3>\n\n\n\n<p class=\"gb-headline gb-headline-547ac4a2 gb-headline-text\">Cuid\u00edonn deimhni\u00fa BSW le seirbh\u00eds\u00ed sreangaithe a fheabhs\u00fa ar an ioml\u00e1n. L\u00e9ir\u00edonn an pr\u00f3iseas deimhni\u00fach\u00e1in do shreang\u00f3ir\u00ed na r\u00e9ims\u00ed inar f\u00e9idir leo feabhas a chur orthu, ag cuidi\u00fa leo n\u00edos m\u00f3 a fhoghlaim. Spreagann s\u00e9 freisin ioma\u00edocht ch\u00f3ir agus cuid\u00edonn s\u00e9 le seirbh\u00eds\u00ed sreangaithe a dh\u00e9anamh n\u00edos fearr ar fud an tionscail.<\/p>\n\n<\/div>\n<\/div>\n\n<div class=\"gb-container gb-container-79c3d10c\">\n<div class=\"gb-container gb-container-6cec1a21\">\n\n<h3 class=\"gb-headline gb-headline-31ecb21f gb-headline-text\"><span class=\"ez-toc-section\" id=\"Solubthacht\"><\/span><strong>Sol\u00fabthacht<\/strong><span class=\"ez-toc-section-end\"><\/span><\/h3>\n\n\n\n<p class=\"gb-headline gb-headline-dee6187b gb-headline-text\">Is f\u00e9idir le himreoir\u00ed agus le heagra\u00edochta\u00ed cinneadh a dh\u00e9anamh faoina bhfuil uathu, agus brath ar shreang\u00f3ir\u00ed deimhnithe BSW chun seirbh\u00eds mhaith a shol\u00e1thar.<br><br><\/p>\n\n\n\n<figure class=\"gb-block-image gb-block-image-ed37640b\"><img loading=\"lazy\" decoding=\"async\" width=\"1043\" height=\"721\" class=\"gb-image gb-image-ed37640b\" src=\"https:\/\/beststringer.com\/wp-content\/uploads\/2024\/10\/Benefits-of-BSW-Certification-Stringer-Racquet-Stringing-Certification.png\" alt=\"Bunt\u00e1ist\u00ed Deimhni\u00fach\u00e1in BSW do Shreang\u00f3ir\u00ed Raic\u00e9id\" title=\"Bunt\u00e1ist\u00ed Deimhni\u00fach\u00e1in BSW do Shreang\u00f3ir\u00ed Raic\u00e9id\" srcset=\"https:\/\/beststringer.com\/wp-content\/uploads\/2024\/10\/Benefits-of-BSW-Certification-Stringer-Racquet-Stringing-Certification.png 1043w, https:\/\/beststringer.com\/wp-content\/uploads\/2024\/10\/Benefits-of-BSW-Certification-Stringer-Racquet-Stringing-Certification-300x207.png 300w, https:\/\/beststringer.com\/wp-content\/uploads\/2024\/10\/Benefits-of-BSW-Certification-Stringer-Racquet-Stringing-Certification-1024x708.png 1024w, https:\/\/beststringer.com\/wp-content\/uploads\/2024\/10\/Benefits-of-BSW-Certification-Stringer-Racquet-Stringing-Certification-768x531.png 768w\" sizes=\"auto, (max-width: 1043px) 100vw, 1043px\" \/><\/figure>\n\n<\/div>\n<\/div>\n<\/div>\n\n<section class=\"gb-container gb-container-21e3c652\">\n<div class=\"gb-container gb-container-11344779\">\n\n<h3 class=\"gb-headline gb-headline-39f4cce2 gb-headline-text\"><span class=\"ez-toc-section\" id=\"Buntaisti_Dheimhniu_Sreangora_BSW\"><\/span>Bunt\u00e1ist\u00ed Dheimhni\u00fa Sreang\u00f3ra BSW<span class=\"ez-toc-section-end\"><\/span><\/h3>\n\n\n\n<p class=\"gb-headline gb-headline-c6c5990e gb-headline-text\">Leagann an f\u00edse\u00e1n seo amach na bunt\u00e1ist\u00ed a bhaineann le Deimhni\u00fa Sreang\u00f3ra BSW do sp\u00f3irt raic\u00e9id. Faigh amach conas a chuid\u00edonn an deimhni\u00fa le sreang\u00f3ir\u00ed a gcuid scileanna a fheabhs\u00fa agus muin\u00edn a choth\u00fa i measc imreoir\u00ed. M\u00edn\u00edmid an chaoi a l\u00e9ir\u00edonn sreang\u00f3ir\u00ed deimhnithe cumais theicni\u00fala, eolas ar theicneola\u00edocht raic\u00e9id, agus tuiscint ar riachtanais na n-imreoir\u00ed. Cl\u00fada\u00edonn an f\u00edse\u00e1n freisin an chaoi a gcuireann an deimhni\u00fa caighde\u00e1in ghairmi\u00fala agus foghlaim lean\u00fanach chun cinn sa tionscal.<\/p>\n\n\n<div class=\"gb-container gb-container-ec1a2ce6\">\n<div class=\"gb-container gb-container-238a634b\"><\/div>\n<\/div>\n\n\n<div id=\"youtube-player\"><\/div>\n<script>\n  var videoLoaded = false;\n\n  function loadYouTubeVideo() {\n    if (videoLoaded) return;\n    videoLoaded = true;\n    var tag = document.createElement('script');\n    tag.src = \"https:\/\/www.youtube.com\/iframe_api\";\n    var firstScriptTag = document.getElementsByTagName('script')[0];\n    firstScriptTag.parentNode.insertBefore(tag, firstScriptTag);\n  }\n\n  function onYouTubeIframeAPIReady() {\n    new YT.Player('youtube-player', {\n      height: '360',\n      width: '640',\n      videoId: 'PVFRpb_r9lA', \/\/ Your video ID\n      events: {\n        'onReady': onPlayerReady\n      }\n    });\n  }\n\n  function onPlayerReady(event) {\n    \/\/ Video is ready to play\n  }\n\n  \/\/ Load the YouTube API script when the page is scrolled\n  window.addEventListener('scroll', loadYouTubeVideo, { once: true });\n\n  \/\/ Also load if the user hasn't scrolled after 3 seconds\n  setTimeout(loadYouTubeVideo, 3000);\n<\/script>\n\n<\/div>\n<\/section>\n\n<section class=\"gb-container gb-container-49b9586e\">\n<div class=\"gb-container gb-container-a2e9522c\"><\/div>\n\n<div class=\"gb-container gb-container-0e11192a\">\n\n<h3 class=\"gb-headline gb-headline-5cf408ee gb-headline-text\"><span class=\"ez-toc-section\" id=\"Deimhniu_Sreangaithe_BSW\"><\/span>Deimhni\u00fa Sreangaithe BSW<span class=\"ez-toc-section-end\"><\/span><\/h3>\n\n\n<div class=\"gb-container gb-container-daaa2e63\">\n<div class=\"gb-container gb-container-bda621fe\"><\/div>\n\n<div class=\"gb-container gb-container-4b0ac72b\"><\/div>\n<\/div>\n\n\n<p class=\"gb-headline gb-headline-edf98545 gb-headline-text\">Foghlaim scileanna sreangaithe gairmi\u00fala don bhadmantan, lead\u00f3g agus scuais. Cl\u00fada\u00edonn deimhni\u00fa BSW teicn\u00edc\u00ed cu\u00ed, teicneola\u00edocht raic\u00e9id, agus meas\u00fan\u00fa ar riachtanais na n-imreoir\u00ed.<\/p>\n\n\n\n<a class=\"gb-button gb-button-a29641e0 gb-button-text\" href=\"https:\/\/beststringer.com\/ga\/stringing-certificate\/\">Sonra\u00ed an Deimhni\u00fach\u00e1in<\/a>\n\n<\/div>\n<\/section>","protected":false},"excerpt":{"rendered":"<p>Do Shreang\u00f3ir\u00ed Deimhn\u00edonn deimhni\u00fa BSW c\u00e1il\u00edocht do sheirbh\u00eds\u00ed sreangaithe. Cuid\u00edonn s\u00e9 seo le muin\u00edn a choth\u00fa i measc imreoir\u00ed agus taispe\u00e1nann s\u00e9 do scileanna do chustaim\u00e9ir\u00ed ionchasacha. Dearbh\u00fa c\u00e1il\u00edochta B\u00edonn a fhios ag imreoir\u00ed cad a bheith ag s\u00fail leis nuair a roghna\u00edonn siad sreang\u00f3ir at\u00e1 deimhnithe ag BSW. D&#8217;\u00e9irigh le sreang\u00f3ir\u00ed deimhnithe i dtrialacha &#8230; <a title=\"Bunt\u00e1ist\u00ed an Deimhni\u00fach\u00e1in BSW Stringer do Theann\u00e1il Raic\u00e9id\" class=\"read-more\" href=\"https:\/\/beststringer.com\/ga\/benefits-bsw-certification\/\" aria-label=\"Read more about Bunt\u00e1ist\u00ed an Deimhni\u00fach\u00e1in BSW Stringer do Theann\u00e1il Raic\u00e9id\">Read more<\/a><\/p>\n","protected":false},"author":1,"featured_media":38764,"parent":0,"menu_order":0,"comment_status":"closed","ping_status":"closed","template":"","meta":{"footnotes":""},"class_list":{"0":"post-38763","1":"page","2":"type-page","3":"status-publish","4":"has-post-thumbnail","6":"infinite-scroll-item"},"_links":{"self":[{"href":"https:\/\/beststringer.com\/ga\/wp-json\/wp\/v2\/pages\/38763","targetHints":{"allow":["GET"]}}],"collection":[{"href":"https:\/\/beststringer.com\/ga\/wp-json\/wp\/v2\/pages"}],"about":[{"href":"https:\/\/beststringer.com\/ga\/wp-json\/wp\/v2\/types\/page"}],"author":[{"embeddable":true,"href":"https:\/\/beststringer.com\/ga\/wp-json\/wp\/v2\/users\/1"}],"replies":[{"embeddable":true,"href":"https:\/\/beststringer.com\/ga\/wp-json\/wp\/v2\/comments?post=38763"}],"version-history":[{"count":0,"href":"https:\/\/beststringer.com\/ga\/wp-json\/wp\/v2\/pages\/38763\/revisions"}],"wp:featuredmedia":[{"embeddable":true,"href":"https:\/\/beststringer.com\/ga\/wp-json\/wp\/v2\/media\/38764"}],"wp:attachment":[{"href":"https:\/\/beststringer.com\/ga\/wp-json\/wp\/v2\/media?parent=38763"}],"curies":[{"name":"wp","href":"https:\/\/api.w.org\/{rel}","templated":true}]}}