{"id":38664,"date":"2024-08-03T15:01:38","date_gmt":"2024-08-03T15:01:38","guid":{"rendered":"https:\/\/beststringer.com\/about-bsw-certification\/"},"modified":"2025-09-25T05:58:26","modified_gmt":"2025-09-25T05:58:26","slug":"about-bsw-certification","status":"publish","type":"page","link":"https:\/\/beststringer.com\/ga\/about-bsw-certification\/","title":{"rendered":"Deimhni\u00fa BSW &#8211; Teannaire den Scoth i dTeann\u00e1il Raic\u00e9id"},"content":{"rendered":"<div class=\"gb-container gb-container-f66bc834\">\n\n<div class=\"gb-container gb-container-37db13f4\">\n\n<div class=\"gb-container gb-container-3021f73c\">\n\n\n\n\n\n\n<div id=\"ez-toc-container\" class=\"ez-toc-v2_0_83 ez-toc-wrap-left counter-hierarchy ez-toc-counter ez-toc-custom ez-toc-container-direction\">\n<div class=\"ez-toc-title-container\">\n<p class=\"ez-toc-title\" style=\"cursor:inherit\">Topics<\/p>\n<span class=\"ez-toc-title-toggle\"><a href=\"#\" class=\"ez-toc-pull-right ez-toc-btn ez-toc-btn-xs ez-toc-btn-default ez-toc-toggle\" aria-label=\"Toggle Table of Content\"><span class=\"ez-toc-js-icon-con\"><span class=\"\"><span class=\"eztoc-hide\" style=\"display:none;\">Toggle<\/span><span class=\"ez-toc-icon-toggle-span\"><svg style=\"fill: #ffffff;color:#ffffff\" xmlns=\"http:\/\/www.w3.org\/2000\/svg\" class=\"list-377408\" width=\"20px\" height=\"20px\" viewBox=\"0 0 24 24\" fill=\"none\"><path d=\"M6 6H4v2h2V6zm14 0H8v2h12V6zM4 11h2v2H4v-2zm16 0H8v2h12v-2zM4 16h2v2H4v-2zm16 0H8v2h12v-2z\" fill=\"currentColor\"><\/path><\/svg><svg style=\"fill: #ffffff;color:#ffffff\" class=\"arrow-unsorted-368013\" xmlns=\"http:\/\/www.w3.org\/2000\/svg\" width=\"10px\" height=\"10px\" viewBox=\"0 0 24 24\" version=\"1.2\" baseProfile=\"tiny\"><path d=\"M18.2 9.3l-6.2-6.3-6.2 6.3c-.2.2-.3.4-.3.7s.1.5.3.7c.2.2.4.3.7.3h11c.3 0 .5-.1.7-.3.2-.2.3-.5.3-.7s-.1-.5-.3-.7zM5.8 14.7l6.2 6.3 6.2-6.3c.2-.2.3-.5.3-.7s-.1-.5-.3-.7c-.2-.2-.4-.3-.7-.3h-11c-.3 0-.5.1-.7.3-.2.2-.3.5-.3.7s.1.5.3.7z\"\/><\/svg><\/span><\/span><\/span><\/a><\/span><\/div>\n<nav><ul class='ez-toc-list ez-toc-list-level-1 eztoc-toggle-hide-by-default' ><li class='ez-toc-page-1 ez-toc-heading-level-3'><a class=\"ez-toc-link ez-toc-heading-1\" href=\"https:\/\/beststringer.com\/ga\/about-bsw-certification\/#Cad_is_Deimhniu_Sreangora_BSW_ann\" >Cad is Deimhni\u00fa Sreang\u00f3ra BSW ann?<\/a><\/li><li class='ez-toc-page-1 ez-toc-heading-level-3'><a class=\"ez-toc-link ez-toc-heading-2\" href=\"https:\/\/beststringer.com\/ga\/about-bsw-certification\/#Ce_na_scileanna_teicniula_a_chludaionn_deimhniu_BSW\" >C\u00e9 na scileanna teicni\u00fala a chl\u00fada\u00edonn deimhni\u00fa BSW?<\/a><\/li><li class='ez-toc-page-1 ez-toc-heading-level-3'><a class=\"ez-toc-link ez-toc-heading-3\" href=\"https:\/\/beststringer.com\/ga\/about-bsw-certification\/#An_gcuimsionn_deimhniu_BSW_eolas_faoi_theicneolaiocht_raiceid\" >An gcuims\u00edonn deimhni\u00fa BSW eolas faoi theicneola\u00edocht raic\u00e9id?<\/a><\/li><li class='ez-toc-page-1 ez-toc-heading-level-3'><a class=\"ez-toc-link ez-toc-heading-4\" href=\"https:\/\/beststringer.com\/ga\/about-bsw-certification\/#Conas_a_fhreastalaionn_deimhniu_BSW_ar_riachtanais_imreoiri\" >Conas a fhreastala\u00edonn deimhni\u00fa BSW ar riachtanais imreoir\u00ed?<\/a><\/li><li class='ez-toc-page-1 ez-toc-heading-level-3'><a class=\"ez-toc-link ez-toc-heading-5\" href=\"https:\/\/beststringer.com\/ga\/about-bsw-certification\/#An_gcludaionn_deimhniu_BSW_cleachtais_ghno\" >An gcl\u00fada\u00edonn deimhni\u00fa BSW cleachtais ghn\u00f3?<\/a><\/li><li class='ez-toc-page-1 ez-toc-heading-level-3'><a class=\"ez-toc-link ez-toc-heading-6\" href=\"https:\/\/beststringer.com\/ga\/about-bsw-certification\/#An_bhfuil_foghlaim_leanunach_mar_chuid_de_dheimhniu_BSW\" >An bhfuil foghlaim lean\u00fanach mar chuid de dheimhni\u00fa BSW?<\/a><\/li><li class='ez-toc-page-1 ez-toc-heading-level-3'><a class=\"ez-toc-link ez-toc-heading-7\" href=\"https:\/\/beststringer.com\/ga\/about-bsw-certification\/#Deimhniu_Sreangora_BSW_a_Thuiscint\" >Deimhni\u00fa Sreang\u00f3ra BSW a Thuiscint<\/a><\/li><li class='ez-toc-page-1 ez-toc-heading-level-3'><a class=\"ez-toc-link ez-toc-heading-8\" href=\"https:\/\/beststringer.com\/ga\/about-bsw-certification\/#Proiseas_Deimhnithe_BSW\" >Pr\u00f3iseas Deimhnithe BSW<\/a><\/li><\/ul><\/nav><\/div>\n<h3 class=\"gb-headline gb-headline-e5c79f72 gb-headline-text\"><span class=\"ez-toc-section\" id=\"Cad_is_Deimhniu_Sreangora_BSW_ann\"><\/span><strong>Cad is <mark style=\"background-color:rgba(0, 0, 0, 0)\" class=\"has-inline-color has-global-color-9-color\">Deimhni\u00fa Sreang\u00f3ra BSW ann?<\/mark><\/strong><span class=\"ez-toc-section-end\"><\/span><\/h3>\n\n\n\n\n<p class=\"gb-headline gb-headline-7d760a3f gb-headline-text\">Cuireann deimhni\u00fa BSW le creidi\u00fanacht seirbh\u00eds\u00ed sreangaithe badmantain, lead\u00f3ige agus scuaise tr\u00ed dhearbh\u00fa iontaofa, neamhsple\u00e1ch a shol\u00e1thar go nd\u00e9antar na seirbh\u00eds\u00ed seo go gairmi\u00fail agus go gcomhl\u00edonann siad caighde\u00e1in a aithn\u00edtear go domhanda. D\u00e9antar sreang\u00f3ir\u00ed deimhnithe a thagarmharc\u00e1il i gcoinne caighde\u00e1in chuimsitheacha tionscail arna bhforbairt ag BSW. Cinnt\u00edonn s\u00e9 seo inni\u00falacht, neamhchlaontacht agus cumas feidhm\u00edochta a gcuid seirbh\u00eds\u00ed sreangaithe sna sp\u00f3irt raic\u00e9id seo.<\/p>\n\n<\/div>\n<\/div>\n\n<div class=\"gb-container gb-container-8072e76b\">\n\n<div class=\"gb-container gb-container-eabf3753\">\n\n\n\n<h3 class=\"gb-headline gb-headline-0ad93116 gb-headline-text\"><span class=\"ez-toc-section\" id=\"Ce_na_scileanna_teicniula_a_chludaionn_deimhniu_BSW\"><\/span><strong>C\u00e9 na <mark style=\"background-color:rgba(0, 0, 0, 0)\" class=\"has-inline-color has-global-color-9-color\">scileanna teicni\u00fala<\/mark> a chl\u00fada\u00edonn deimhni\u00fa BSW?<\/strong><span class=\"ez-toc-section-end\"><\/span><\/h3>\n\n\n\n\n<p class=\"gb-headline gb-headline-0e4cbc73 gb-headline-text\">Cl\u00fada\u00edonn deimhni\u00fa BSW scileanna teicni\u00fala sreangaithe do raic\u00e9id badmantain, lead\u00f3ige agus scuaise.<\/p>\n\n<\/div>\n<\/div>\n\n<div class=\"gb-container gb-container-90ecf704\">\n\n<div class=\"gb-container gb-container-5939e332\">\n\n\n\n<h3 class=\"gb-headline gb-headline-fd44004c gb-headline-text\"><span class=\"ez-toc-section\" id=\"An_gcuimsionn_deimhniu_BSW_eolas_faoi_theicneolaiocht_raiceid\"><\/span><strong>An gcuims\u00edonn deimhni\u00fa BSW eolas faoi <mark style=\"background-color:rgba(0, 0, 0, 0)\" class=\"has-inline-color has-global-color-9-color\">theicneola\u00edocht raic\u00e9id?<\/mark><\/strong><span class=\"ez-toc-section-end\"><\/span><\/h3>\n\n\n\n\n<p class=\"gb-headline gb-headline-053891c0 gb-headline-text\">Sea, cuims\u00edonn deimhni\u00fa BSW eolas ar theicneola\u00edocht raic\u00e9id a bhaineann go sonrach le badmantan, lead\u00f3g agus scuais.<\/p>\n\n<\/div>\n<\/div>\n\n<div class=\"gb-container gb-container-dcf6e123\">\n\n<div class=\"gb-container gb-container-0a32c8df\">\n\n\n\n<h3 class=\"gb-headline gb-headline-3402a474 gb-headline-text\"><span class=\"ez-toc-section\" id=\"Conas_a_fhreastalaionn_deimhniu_BSW_ar_riachtanais_imreoiri\"><\/span><strong>Conas a fhreastala\u00edonn deimhni\u00fa BSW ar <mark style=\"background-color:rgba(0, 0, 0, 0)\" class=\"has-inline-color has-global-color-9-color\">riachtanais imreoir\u00ed?<\/mark><\/strong><span class=\"ez-toc-section-end\"><\/span><\/h3>\n\n\n\n\n<p class=\"gb-headline gb-headline-b2d473bc gb-headline-text\">Cinnt\u00edonn deimhni\u00fa BSW go dtuigtear riachtanais imreoir\u00ed sna sp\u00f3irt raic\u00e9id \u00e9ags\u00fala.<\/p>\n\n<\/div>\n<\/div>\n\n<div class=\"gb-container gb-container-8ac5ebbf\">\n\n<div class=\"gb-container gb-container-5f1551dd\">\n\n\n\n<h3 class=\"gb-headline gb-headline-2062a1ca gb-headline-text\"><span class=\"ez-toc-section\" id=\"An_gcludaionn_deimhniu_BSW_cleachtais_ghno\"><\/span><strong>An gcl\u00fada\u00edonn deimhni\u00fa BSW <mark style=\"background-color:rgba(0, 0, 0, 0)\" class=\"has-inline-color has-global-color-9-color\">cleachtais ghn\u00f3?<\/mark><\/strong><span class=\"ez-toc-section-end\"><\/span><\/h3>\n\n\n\n\n<p class=\"gb-headline gb-headline-0020ca67 gb-headline-text\">Sea, cuims\u00edonn deimhni\u00fa BSW cleachtais ghn\u00f3 eitici\u00fala mar chuid d\u00e1 chl\u00e1r.<\/p>\n\n<\/div>\n<\/div>\n\n<div class=\"gb-container gb-container-f2403813\">\n\n<div class=\"gb-container gb-container-7d2783cc\">\n\n\n\n<h3 class=\"gb-headline gb-headline-999574a7 gb-headline-text\"><span class=\"ez-toc-section\" id=\"An_bhfuil_foghlaim_leanunach_mar_chuid_de_dheimhniu_BSW\"><\/span><strong>An bhfuil <mark style=\"background-color:rgba(0, 0, 0, 0)\" class=\"has-inline-color has-global-color-9-color\">foghlaim lean\u00fanach<\/mark> mar chuid de dheimhni\u00fa BSW?<\/strong><span class=\"ez-toc-section-end\"><\/span><\/h3>\n\n\n\n\n<p class=\"gb-headline gb-headline-505dd667 gb-headline-text\">Cinnte. Leagann deimhni\u00fa BSW b\u00e9im ar fhorbairt ghairmi\u00fail lean\u00fanach do shreang\u00f3ir\u00ed deimhnithe.<\/p>\n\n<\/div>\n<\/div>\n\n\n\n<figure class=\"gb-block-image gb-block-image-7091db9d\"><img loading=\"lazy\" decoding=\"async\" width=\"898\" height=\"536\" class=\"gb-image gb-image-7091db9d\" src=\"https:\/\/beststringer.com\/wp-content\/uploads\/2024\/10\/BSW-Certification-Stringer-Racquet-Stringing.png\" alt=\"Deimhni\u00fa Sreang\u00f3ra BSW do Shreang\u00fa Racaid\" title=\"Deimhni\u00fa Sreang\u00f3ra BSW do Shreang\u00fa Racaid\" srcset=\"https:\/\/beststringer.com\/wp-content\/uploads\/2024\/10\/BSW-Certification-Stringer-Racquet-Stringing.png 898w, https:\/\/beststringer.com\/wp-content\/uploads\/2024\/10\/BSW-Certification-Stringer-Racquet-Stringing-300x179.png 300w, https:\/\/beststringer.com\/wp-content\/uploads\/2024\/10\/BSW-Certification-Stringer-Racquet-Stringing-768x458.png 768w\" sizes=\"auto, (max-width: 898px) 100vw, 898px\" \/><\/figure>\n\n<\/div>\n\n<section class=\"gb-container gb-container-21e3c652\">\n\n<div class=\"gb-container gb-container-11344779\">\n\n\n\n<h3 class=\"gb-headline gb-headline-39f4cce2 gb-headline-text\"><span class=\"ez-toc-section\" id=\"Deimhniu_Sreangora_BSW_a_Thuiscint\"><\/span>Deimhni\u00fa Sreang\u00f3ra BSW a Thuiscint<span class=\"ez-toc-section-end\"><\/span><\/h3>\n\n\n\n\n<p class=\"gb-headline gb-headline-c6c5990e gb-headline-text\">M\u00edn\u00edonn an f\u00edse\u00e1n seo Deimhni\u00fa Sreang\u00f3ra BSW don bhadmantan, don lead\u00f3g agus don scuais. Faigh amach c\u00e9 na scileanna a chaithfidh sreang\u00f3ir\u00ed deimhnithe a l\u00e9iri\u00fa, lena n-\u00e1ir\u00edtear cumais theicni\u00fala sreangaithe, eolas ar theicneola\u00edocht raic\u00e9id, agus tuiscint ar riachtanais imreoir\u00ed.<\/p>\n\n\n<div class=\"gb-container gb-container-ec1a2ce6\">\n\n<div class=\"gb-container gb-container-238a634b\"><\/div>\n\n<\/div>\n\n\n\n<div id=\"youtube-player\"><\/div>\n<script>\nvar videoLoaded = false;\n\n\nfunction loadYouTubeVideo() {\nif (videoLoaded) return;\nvideoLoaded = true;\nvar tag = document.createElement('script');\ntag.src = \"https:\/\/www.youtube.com\/iframe_api\";\nvar firstScriptTag = document.getElementsByTagName('script')[0];\nfirstScriptTag.parentNode.insertBefore(tag, firstScriptTag);\n}\n\nfunction onYouTubeIframeAPIReady() {\nnew YT.Player('youtube-player', {\nheight: '360',\nwidth: '640',\nvideoId: '4CKR-Ghjfes', \/\/ Your video ID\nevents: {\n'onReady': onPlayerReady\n}\n});\n}\n\nfunction onPlayerReady(event) {\n\/\/ Video is ready to play\n}\n\n\/\/ Load the YouTube API script when the page is scrolled\nwindow.addEventListener('scroll', loadYouTubeVideo, { once: true });\n\n\/\/ Also load if the user hasn't scrolled after 3 seconds\nsetTimeout(loadYouTubeVideo, 3000);\n<\/script>\n\n\n\n<\/div>\n\n<\/section>\n\n<section class=\"gb-container gb-container-49b9586e\">\n\n<div class=\"gb-container gb-container-a2e9522c\"><\/div>\n\n<div class=\"gb-container gb-container-0e11192a\">\n\n\n\n<h3 class=\"gb-headline gb-headline-5cf408ee gb-headline-text\"><span class=\"ez-toc-section\" id=\"Proiseas_Deimhnithe_BSW\"><\/span>Pr\u00f3iseas Deimhnithe BSW<span class=\"ez-toc-section-end\"><\/span><\/h3>\n\n\n<div class=\"gb-container gb-container-daaa2e63\">\n\n<div class=\"gb-container gb-container-bda621fe\"><\/div>\n\n<div class=\"gb-container gb-container-4b0ac72b\"><\/div>\n\n<\/div>\n\n\n\n<p class=\"gb-headline gb-headline-edf98545 gb-headline-text\">Tr\u00ed mheas\u00fan\u00fa dian agus athdheimhni\u00fa rialta, cinnt\u00edonn BSW go gcoime\u00e1dann sreang\u00f3ir\u00ed deimhnithe na caighde\u00e1in is airde sa tionscal, rud a th\u00e9ann chun tairbhe d&#8217;imreoir\u00ed agus do phobal na sp\u00f3rt raic\u00e9id ina ioml\u00e1ine.<\/p>\n\n\n\n\n\n<a class=\"gb-button gb-button-a29641e0 gb-button-text\" href=\"https:\/\/beststringer.com\/ga\/stringing-certificate\/\">TUILLEADH EOLAIS<\/a>\n\n\n\n<\/div>\n\n<\/section>\n","protected":false},"excerpt":{"rendered":"<p>Cad is Deimhni\u00fa Sreang\u00f3ra BSW ann? Cuireann deimhni\u00fa BSW le creidi\u00fanacht seirbh\u00eds\u00ed sreangaithe badmantain, lead\u00f3ige agus scuaise tr\u00ed dhearbh\u00fa iontaofa, neamhsple\u00e1ch a shol\u00e1thar go nd\u00e9antar na seirbh\u00eds\u00ed seo go gairmi\u00fail agus go gcomhl\u00edonann siad caighde\u00e1in a aithn\u00edtear go domhanda. D\u00e9antar sreang\u00f3ir\u00ed deimhnithe a thagarmharc\u00e1il i gcoinne caighde\u00e1in chuimsitheacha tionscail arna bhforbairt ag BSW. Cinnt\u00edonn s\u00e9 &#8230; <a title=\"Deimhni\u00fa BSW &#8211; Teannaire den Scoth i dTeann\u00e1il Raic\u00e9id\" class=\"read-more\" href=\"https:\/\/beststringer.com\/ga\/about-bsw-certification\/\" aria-label=\"Read more about Deimhni\u00fa BSW &#8211; Teannaire den Scoth i dTeann\u00e1il Raic\u00e9id\">Read more<\/a><\/p>\n","protected":false},"author":1,"featured_media":0,"parent":0,"menu_order":0,"comment_status":"closed","ping_status":"closed","template":"","meta":{"footnotes":""},"class_list":{"0":"post-38664","1":"page","2":"type-page","3":"status-publish","5":"infinite-scroll-item"},"_links":{"self":[{"href":"https:\/\/beststringer.com\/ga\/wp-json\/wp\/v2\/pages\/38664","targetHints":{"allow":["GET"]}}],"collection":[{"href":"https:\/\/beststringer.com\/ga\/wp-json\/wp\/v2\/pages"}],"about":[{"href":"https:\/\/beststringer.com\/ga\/wp-json\/wp\/v2\/types\/page"}],"author":[{"embeddable":true,"href":"https:\/\/beststringer.com\/ga\/wp-json\/wp\/v2\/users\/1"}],"replies":[{"embeddable":true,"href":"https:\/\/beststringer.com\/ga\/wp-json\/wp\/v2\/comments?post=38664"}],"version-history":[{"count":0,"href":"https:\/\/beststringer.com\/ga\/wp-json\/wp\/v2\/pages\/38664\/revisions"}],"wp:attachment":[{"href":"https:\/\/beststringer.com\/ga\/wp-json\/wp\/v2\/media?parent=38664"}],"curies":[{"name":"wp","href":"https:\/\/api.w.org\/{rel}","templated":true}]}}