{"id":38565,"date":"2024-08-01T13:14:36","date_gmt":"2024-08-01T13:14:36","guid":{"rendered":"https:\/\/beststringer.com\/certification-integrity\/"},"modified":"2025-09-25T05:58:52","modified_gmt":"2025-09-25T05:58:52","slug":"certification-integrity","status":"publish","type":"page","link":"https:\/\/beststringer.com\/ga\/certification-integrity\/","title":{"rendered":"Deimhni\u00fa BSW &#8211; Ag Cinnti\u00fa Seirbh\u00eds\u00ed Teann\u00e1la Raic\u00e9id Ardchaighde\u00e1in"},"content":{"rendered":"<div class=\"gb-container gb-container-f66bc834\">\n\n<div class=\"gb-container gb-container-3423e27e\">\n\n<div class=\"gb-container gb-container-4ea2fbf1\">\n\n<div id=\"ez-toc-container\" class=\"ez-toc-v2_0_82_2 ez-toc-wrap-left counter-hierarchy ez-toc-counter ez-toc-custom ez-toc-container-direction\">\n<div class=\"ez-toc-title-container\">\n<p class=\"ez-toc-title\" style=\"cursor:inherit\">Topics<\/p>\n<span class=\"ez-toc-title-toggle\"><a href=\"#\" class=\"ez-toc-pull-right ez-toc-btn ez-toc-btn-xs ez-toc-btn-default ez-toc-toggle\" aria-label=\"Toggle Table of Content\"><span class=\"ez-toc-js-icon-con\"><span class=\"\"><span class=\"eztoc-hide\" style=\"display:none;\">Toggle<\/span><span class=\"ez-toc-icon-toggle-span\"><svg style=\"fill: #ffffff;color:#ffffff\" xmlns=\"http:\/\/www.w3.org\/2000\/svg\" class=\"list-377408\" width=\"20px\" height=\"20px\" viewBox=\"0 0 24 24\" fill=\"none\"><path d=\"M6 6H4v2h2V6zm14 0H8v2h12V6zM4 11h2v2H4v-2zm16 0H8v2h12v-2zM4 16h2v2H4v-2zm16 0H8v2h12v-2z\" fill=\"currentColor\"><\/path><\/svg><svg style=\"fill: #ffffff;color:#ffffff\" class=\"arrow-unsorted-368013\" xmlns=\"http:\/\/www.w3.org\/2000\/svg\" width=\"10px\" height=\"10px\" viewBox=\"0 0 24 24\" version=\"1.2\" baseProfile=\"tiny\"><path d=\"M18.2 9.3l-6.2-6.3-6.2 6.3c-.2.2-.3.4-.3.7s.1.5.3.7c.2.2.4.3.7.3h11c.3 0 .5-.1.7-.3.2-.2.3-.5.3-.7s-.1-.5-.3-.7zM5.8 14.7l6.2 6.3 6.2-6.3c.2-.2.3-.5.3-.7s-.1-.5-.3-.7c-.2-.2-.4-.3-.7-.3h-11c-.3 0-.5.1-.7.3-.2.2-.3.5-.3.7s.1.5.3.7z\"\/><\/svg><\/span><\/span><\/span><\/a><\/span><\/div>\n<nav><ul class='ez-toc-list ez-toc-list-level-1 eztoc-toggle-hide-by-default' ><li class='ez-toc-page-1 ez-toc-heading-level-2'><a class=\"ez-toc-link ez-toc-heading-1\" href=\"https:\/\/beststringer.com\/ga\/certification-integrity\/#Imreoiri_a_Chosaint_agus_Sarchaighdean_Sreangoiri_a_Choinneail\" >Imreoir\u00ed a Chosaint agus S\u00e1rchaighde\u00e1n Sreang\u00f3ir\u00ed a Choinne\u00e1il<\/a><ul class='ez-toc-list-level-3' ><li class='ez-toc-heading-level-3'><a class=\"ez-toc-link ez-toc-heading-2\" href=\"https:\/\/beststringer.com\/ga\/certification-integrity\/#1_Feabhsu_Leanunach_agus_Athdheimhniu\" >1. Feabhs\u00fa Lean\u00fanach agus Athdheimhni\u00fa<\/a><\/li><li class='ez-toc-page-1 ez-toc-heading-level-3'><a class=\"ez-toc-link ez-toc-heading-3\" href=\"https:\/\/beststringer.com\/ga\/certification-integrity\/#2_Bearta_Cosanta_dImreoiri\" >2. Bearta Cosanta d&#8217;Imreoir\u00ed<\/a><\/li><li class='ez-toc-page-1 ez-toc-heading-level-3'><a class=\"ez-toc-link ez-toc-heading-4\" href=\"https:\/\/beststringer.com\/ga\/certification-integrity\/#21_Mi-iompar_a_Thuairisciu\" >2.1 M\u00ed-iompar a Thuairisci\u00fa<\/a><\/li><li class='ez-toc-page-1 ez-toc-heading-level-3'><a class=\"ez-toc-link ez-toc-heading-5\" href=\"https:\/\/beststringer.com\/ga\/certification-integrity\/#22_An_Proiseas_Fiosruchain\" >2.2 An Pr\u00f3iseas Fiosr\u00fach\u00e1in<\/a><\/li><li class='ez-toc-page-1 ez-toc-heading-level-3'><a class=\"ez-toc-link ez-toc-heading-6\" href=\"https:\/\/beststringer.com\/ga\/certification-integrity\/#23_Bearta_Araionachta\" >2.3 Bearta Ara\u00edonachta<\/a><\/li><li class='ez-toc-page-1 ez-toc-heading-level-3'><a class=\"ez-toc-link ez-toc-heading-7\" href=\"https:\/\/beststringer.com\/ga\/certification-integrity\/#3_Tiomantas_don_Sarchaighdean\" >3. Tiomantas don S\u00e1rchaighde\u00e1n<\/a><\/li><li class='ez-toc-page-1 ez-toc-heading-level-3'><a class=\"ez-toc-link ez-toc-heading-8\" href=\"https:\/\/beststringer.com\/ga\/certification-integrity\/#Slaine_Deimhniuchain_BSW\" >Sl\u00e1ine Deimhni\u00fach\u00e1in BSW<\/a><\/li><li class='ez-toc-page-1 ez-toc-heading-level-3'><a class=\"ez-toc-link ez-toc-heading-9\" href=\"https:\/\/beststringer.com\/ga\/certification-integrity\/#Bi_i_do_Bhall_de_Phobal_BSW\" >B\u00ed i do Bhall de Phobal BSW<\/a><\/li><\/ul><\/li><\/ul><\/nav><\/div>\n\n\n\n\n\n<h2 class=\"gb-headline gb-headline-79589317 gb-headline-text\"><span class=\"ez-toc-section\" id=\"Imreoiri_a_Chosaint_agus_Sarchaighdean_Sreangoiri_a_Choinneail\"><\/span>Imreoir\u00ed a Chosaint agus <mark style=\"background-color:rgba(0, 0, 0, 0)\" class=\"has-inline-color has-global-color-9-color\">S\u00e1rchaighde\u00e1n Sreang\u00f3ir\u00ed<\/mark> a Choinne\u00e1il<span class=\"ez-toc-section-end\"><\/span><\/h2>\n\n\n\n\n<p class=\"gb-headline gb-headline-d07d49cf gb-headline-text\">Cinnt\u00edonn BSW seirbh\u00eds\u00ed sreangaithe d&#8217;ardchaighde\u00e1n tr\u00ed chaighde\u00e1in dhiana deimhni\u00fach\u00e1in agus c\u00f3d iompair docht. Cosna\u00edmid leas na n-imreoir\u00ed agus coinn\u00edmid s\u00e1rchaighde\u00e1n na sreang\u00f3ir\u00ed tr\u00ed athdheimhni\u00fa rialta, c\u00f3ras tuairiscithe faoi r\u00fan, agus fiosr\u00fach\u00e1in chr\u00edochn\u00fala ar aon saincheisteanna a thuairisc\u00edtear.<\/p>\n\n<\/div>\n<\/div>\n\n<div class=\"gb-container gb-container-37db13f4\">\n\n<div class=\"gb-container gb-container-3021f73c\">\n\n\n\n<h3 class=\"gb-headline gb-headline-e5c79f72 gb-headline-text\"><span class=\"ez-toc-section\" id=\"1_Feabhsu_Leanunach_agus_Athdheimhniu\"><\/span>1. <strong>Feabhs\u00fa Lean\u00fanach agus <mark style=\"background-color:rgba(0, 0, 0, 0)\" class=\"has-inline-color has-global-color-9-color\">Athdheimhni\u00fa<\/mark><\/strong><span class=\"ez-toc-section-end\"><\/span><\/h3>\n\n\n\n\n<p class=\"gb-headline gb-headline-7d760a3f gb-headline-text\">Ag Best Stringer Worldwide (BSW), t\u00e1imid tiomanta do na caighde\u00e1in is airde a choinne\u00e1il i sreang\u00fa racaid. Chun a chinnti\u00fa go bhfanann \u00e1r sreang\u00f3ir\u00ed deimhnithe ar th\u00fas cadhna\u00edochta i bhforbairt\u00ed an tionscail: <\/p>\n\n\n\n\n<p>N\u00ed m\u00f3r do gach sreang\u00f3ir at\u00e1 deimhnithe ag BSW athdheimhni\u00fa a dh\u00e9anamh uair sa bhliain. \u00c1ir\u00edtear san athdheimhni\u00fa meas\u00fanuithe ar:<br><strong>1.1<\/strong> Na teicneola\u00edochta\u00ed is d\u00e9ana\u00ed i sp\u00f3irt raic\u00e9id<br><strong>1.2<\/strong> Ardmhodhanna sreangaithe<br><strong>1.3<\/strong> Scileanna seirbh\u00edse do chustaim\u00e9ir\u00ed<br><strong>1.4<\/strong> Cleachtais ghn\u00f3 eitici\u00fala<br>Mura gcuirtear an t-athdheimhni\u00fa i gcr\u00edch, cuirfear st\u00e1das deimhni\u00fach\u00e1in BSW ar fionra\u00ed.<\/p>\n\n<\/div>\n<\/div>\n\n<div class=\"gb-container gb-container-8072e76b\">\n\n<div class=\"gb-container gb-container-eabf3753\">\n\n\n\n<h3 class=\"gb-headline gb-headline-0ad93116 gb-headline-text\"><span class=\"ez-toc-section\" id=\"2_Bearta_Cosanta_dImreoiri\"><\/span><strong>2. Bearta <mark style=\"background-color:rgba(0, 0, 0, 0)\" class=\"has-inline-color has-global-color-9-color\">Cosanta<\/mark> d&#8217;Imreoir\u00ed<\/strong><span class=\"ez-toc-section-end\"><\/span><\/h3>\n\n\n\n\n<p class=\"gb-headline gb-headline-0e4cbc73 gb-headline-text\">Glacann BSW sl\u00e1ine \u00e1r ndeimhni\u00fach\u00e1in an-d\u00e1ir\u00edre. T\u00e1 pr\u00f3tacail dhiana bunaithe againn chun imreoir\u00ed a \u00fas\u00e1ideann sreang\u00f3ir\u00ed deimhnithe BSW a chosaint:<\/p>\n\n<\/div>\n<\/div>\n\n<div class=\"gb-container gb-container-90ecf704\">\n\n<div class=\"gb-container gb-container-5939e332\">\n\n\n\n<h3 class=\"gb-headline gb-headline-fd44004c gb-headline-text\"><span class=\"ez-toc-section\" id=\"21_Mi-iompar_a_Thuairisciu\"><\/span><strong>2.1 <mark style=\"background-color:rgba(0, 0, 0, 0)\" class=\"has-inline-color has-global-color-9-color\">M\u00ed-iompar<\/mark> a Thuairisci\u00fa<\/strong><span class=\"ez-toc-section-end\"><\/span><\/h3>\n\n\n\n\n<p class=\"gb-headline gb-headline-053891c0 gb-headline-text\">Cuid\u00edonn Cuairteoir\u00ed L\u00e1ithre\u00e1in le meas\u00fan\u00fa a dh\u00e9anamh ar an timpeallacht oibre agus ar sheirbh\u00eds do chustaim\u00e9ir\u00ed na sreang\u00f3ir\u00ed deimhnithe. Is \u00e9ard at\u00e1 i gceist leis an r\u00f3l seo n\u00e1 cuairt a thabhairt ar ionaid sreangaithe agus breathn\u00fa ar an gcaoi a n-idirghn\u00edomha\u00edonn sreang\u00f3ir\u00ed deimhnithe le custaim\u00e9ir\u00ed agus a gcoinn\u00edonn siad a sp\u00e1s oibre.<\/p>\n\n\n\n\n<p>Is f\u00e9idir le himreoir\u00ed a mb\u00edonn fadhbanna acu le sreang\u00f3ir\u00ed deimhnithe BSW gear\u00e1n faoi r\u00fan a chomhd\u00fa tr\u00edn\u00e1r dtairseach shl\u00e1n ar l\u00edne. I measc na saincheisteanna is f\u00e9idir a thuairisci\u00fa t\u00e1:<\/p>\n\n\n<div class=\"gb-container gb-container-86f37ad3\">\n\n\n\n<p>1. Drochsheirbh\u00eds do chustaim\u00e9ir\u00ed n\u00f3 iompar neamhghairmi\u00fail<br>2. C\u00e1il\u00edocht sreangaithe faoi bhun an chaighde\u00e1in<br>3. Cleachtais mh\u00edmhac\u00e1nta (m.sh., m\u00edfhaisn\u00e9is faoi shreanga, eolas br\u00e9agach)<br>4. \u00das\u00e1id teicn\u00edc\u00ed coiscthe (m.sh., r\u00e9amhfh\u00ed, gan an fr\u00e1ma a fholmh\u00fa)<\/p>\n\n<\/div>\n<\/div>\n<\/div>\n\n<div class=\"gb-container gb-container-bc7f3ef7\">\n\n<div class=\"gb-container gb-container-c402b7cb\">\n\n\n\n<h3 class=\"gb-headline gb-headline-9ac68257 gb-headline-text\"><span class=\"ez-toc-section\" id=\"22_An_Proiseas_Fiosruchain\"><\/span><strong>2.2 An Pr\u00f3iseas <mark style=\"background-color:rgba(0, 0, 0, 0)\" class=\"has-inline-color has-global-color-9-color\">Fiosr\u00fach\u00e1in<\/mark><\/strong><span class=\"ez-toc-section-end\"><\/span><\/h3>\n\n\n\n\n<p class=\"gb-headline gb-headline-99f4af0d gb-headline-text\">Ar ghear\u00e1n a fh\u00e1il:<br>1. Tioms\u00f3far tuarasc\u00e1il imscr\u00fadaithe.<br>2. Cuirfidh BSW t\u00fas le fiosr\u00fach\u00e1n faoi r\u00fan.<br>3. D\u00e9anfaidh \u00e1r bhfoireann ini\u00fachadh gan choinne ar an sreang\u00f3ir n\u00f3 ar an \u00e1is.<br>4. D\u00e9anfar athbhreithni\u00fa cr\u00edochn\u00fail ar chleachtais an tsreang\u00f3ra.<\/p>\n\n<\/div>\n<\/div>\n\n<div class=\"gb-container gb-container-0bc9ddf8\">\n\n<div class=\"gb-container gb-container-4a1593e5\">\n\n\n\n<h3 class=\"gb-headline gb-headline-f300e849 gb-headline-text\"><span class=\"ez-toc-section\" id=\"23_Bearta_Araionachta\"><\/span><strong>2.3 Bearta <mark style=\"background-color:rgba(0, 0, 0, 0)\" class=\"has-inline-color has-global-color-9-color\">Ara\u00edonachta<\/mark><\/strong><span class=\"ez-toc-section-end\"><\/span><\/h3>\n\n\n<div class=\"gb-container gb-container-1e94798b\">\n\n\n\n<p>M\u00e1 dheimhn\u00edtear s\u00e1ruithe, f\u00e9adfaidh BSW na bearta seo a leanas a dh\u00e9anamh:<br>1. An deimhni\u00fa a ch\u00falghairm go buan<br>2. Rabhadh a eisi\u00faint<br>3. Oili\u00faint bhreise a \u00e9ileamh<br>4. An deimhni\u00fa a chur ar fionra\u00ed go sealadach<br>5. An deimhni\u00fa a ch\u00falghairm go buan<br>D\u00e9anfar gach beart ara\u00edonachta a thaifeadadh i mbunachar sonra\u00ed poibl\u00ed BSW.<\/p>\n\n<\/div>\n<\/div>\n<\/div>\n\n<div class=\"gb-container gb-container-8ae3b9c0\">\n\n<div class=\"gb-container gb-container-0033085e\">\n\n\n\n<h3 class=\"gb-headline gb-headline-89f46c83 gb-headline-text\"><span class=\"ez-toc-section\" id=\"3_Tiomantas_don_Sarchaighdean\"><\/span><strong>3. Tiomantas don <mark style=\"background-color:rgba(0, 0, 0, 0)\" class=\"has-inline-color has-global-color-9-color\">S\u00e1rchaighde\u00e1n<\/mark><\/strong><span class=\"ez-toc-section-end\"><\/span><\/h3>\n\n\n\n\n<p>Cinnt\u00edonn caighde\u00e1in dhiana agus bearta cosanta BSW gur f\u00e9idir le himreoir\u00ed muin\u00edn a bheith acu as c\u00e1il\u00edocht agus sl\u00e1ine \u00e1r <strong>sreang\u00f3ir\u00ed deimhnithe<\/strong>. T\u00e1imid tiomanta an leibh\u00e9al is airde gairmi\u00falachta agus saineolais a choinne\u00e1il i dtionscal an tsreangaithe racaid.<\/p>\n\n\n\n\n<p>I gc\u00e1s aon fhiosr\u00fach\u00e1in n\u00f3 chun saincheist a thuairisci\u00fa, d\u00e9an teagmh\u00e1il len\u00e1r Roinn Sl\u00e1ine ag <strong><a href=\"mailto:issue.beststringer@gmail.com\">issue.beststringer@gmail.com<\/a><\/strong><\/p>\n\n\n\n\n<figure class=\"gb-block-image gb-block-image-a652a1eb\"><img loading=\"lazy\" decoding=\"async\" width=\"727\" height=\"489\" class=\"gb-image gb-image-a652a1eb\" src=\"https:\/\/beststringer.com\/wp-content\/uploads\/2024\/10\/Certification-Integrity-Best-Stringer-Worldwide.png\" alt=\"Sl\u00e1ine deimhni\u00fach\u00e1in do shreang\u00f3ir\u00ed racaid in {{COUNTRY_LOCAL}}\" title=\"Sl\u00e1ine Deimhni\u00fach\u00e1in Best Stringer Worldwide\" srcset=\"https:\/\/beststringer.com\/wp-content\/uploads\/2024\/10\/Certification-Integrity-Best-Stringer-Worldwide.png 727w, https:\/\/beststringer.com\/wp-content\/uploads\/2024\/10\/Certification-Integrity-Best-Stringer-Worldwide-300x202.png 300w\" sizes=\"auto, (max-width: 727px) 100vw, 727px\" \/><\/figure>\n\n<\/div>\n<\/div>\n<\/div>\n\n<section class=\"gb-container gb-container-21e3c652\">\n\n<div class=\"gb-container gb-container-11344779\">\n\n\n\n<h3 class=\"gb-headline gb-headline-39f4cce2 gb-headline-text\"><span class=\"ez-toc-section\" id=\"Slaine_Deimhniuchain_BSW\"><\/span>Sl\u00e1ine Deimhni\u00fach\u00e1in BSW<span class=\"ez-toc-section-end\"><\/span><\/h3>\n\n\n\n\n<p class=\"gb-headline gb-headline-c6c5990e gb-headline-text\">Tuirseach den l\u00e9amh? T\u00e1 an sc\u00e9al againn duit! \u00c9ist len\u00e1r bpodchraoladh le haghaidh l\u00e9argas sp\u00e9isi\u00fail ar thiomantas BSW do shl\u00e1ine an deimhni\u00fach\u00e1in. I gceann c\u00fapla n\u00f3im\u00e9ad, gheobhaidh t\u00fa tuiscint shoil\u00e9ir ar an gcaoi a gcoinn\u00edmid s\u00e1rchaighde\u00e1n i sreang\u00fa racaid agus a gcosna\u00edmid leasanna na n-imreoir\u00ed.<\/p>\n\n\n<div class=\"gb-container gb-container-ec1a2ce6\">\n\n<div class=\"gb-container gb-container-238a634b\"><\/div>\n\n<\/div>\n\n\n\n<div id=\"youtube-player\"><\/div>\n<script>\nvar videoLoaded = false;\n\n\nfunction loadYouTubeVideo() {\nif (videoLoaded) return;\nvideoLoaded = true;\nvar tag = document.createElement('script');\ntag.src = \"https:\/\/www.youtube.com\/iframe_api\";\nvar firstScriptTag = document.getElementsByTagName('script')[0];\nfirstScriptTag.parentNode.insertBefore(tag, firstScriptTag);\n}\n\nfunction onYouTubeIframeAPIReady() {\nnew YT.Player('youtube-player', {\nheight: '360',\nwidth: '640',\nvideoId: 'u1pRyD3oepw', \/\/ Your video ID\nevents: {\n'onReady': onPlayerReady\n}\n});\n}\n\nfunction onPlayerReady(event) {\n\/\/ Video is ready to play\n}\n\n\/\/ Load the YouTube API script when the page is scrolled\nwindow.addEventListener('scroll', loadYouTubeVideo, { once: true });\n\n\/\/ Also load if the user hasn't scrolled after 3 seconds\nsetTimeout(loadYouTubeVideo, 3000);\n<\/script>\n\n\n\n<\/div>\n\n<\/section>\n\n<section class=\"gb-container gb-container-49b9586e\">\n\n<div class=\"gb-container gb-container-a2e9522c\"><\/div>\n\n<div class=\"gb-container gb-container-0e11192a\">\n\n\n\n<h3 class=\"gb-headline gb-headline-5cf408ee gb-headline-text\"><span class=\"ez-toc-section\" id=\"Bi_i_do_Bhall_de_Phobal_BSW\"><\/span>B\u00ed i do Bhall de Phobal BSW<span class=\"ez-toc-section-end\"><\/span><\/h3>\n\n\n<div class=\"gb-container gb-container-daaa2e63\">\n\n<div class=\"gb-container gb-container-bda621fe\"><\/div>\n\n<div class=\"gb-container gb-container-4b0ac72b\"><\/div>\n\n<\/div>\n\n\n\n<p class=\"gb-headline gb-headline-edf98545 gb-headline-text\">Tugann Best Stringer Worldwide cuireadh do shreang\u00f3ir\u00ed agus d\u2019imreoir\u00ed a bheith p\u00e1irteach in\u00e1r l\u00edonra domhanda at\u00e1 ag f\u00e1s. Cuirimid acmhainn\u00ed cuimsitheacha, deiseanna foghlama lean\u00fana\u00ed, agus ard\u00e1n ar f\u00e1il chun eolas a mhalart\u00fa. Ceangla\u00edonn \u00e1r bpobal sreang\u00f3ir\u00ed deimhnithe le himreoir\u00ed at\u00e1 ag lorg seirbh\u00eds\u00ed ardchaighde\u00e1in, ag coth\u00fa muin\u00edne agus s\u00e1rchaighde\u00e1in i sp\u00f3irt raic\u00e9id ar fud an domhain.<\/p>\n\n\n\n\n\n<a class=\"gb-button gb-button-a29641e0 gb-button-text\" href=\"https:\/\/beststringer.com\/collaborations-and-recognitions\/\">L\u00e9igh Tuilleadh<\/a>\n\n\n\n<\/div>\n\n<\/section>\n","protected":false},"excerpt":{"rendered":"<p>Imreoir\u00ed a Chosaint agus S\u00e1rchaighde\u00e1n Sreang\u00f3ir\u00ed a Choinne\u00e1il Cinnt\u00edonn BSW seirbh\u00eds\u00ed sreangaithe d&#8217;ardchaighde\u00e1n tr\u00ed chaighde\u00e1in dhiana deimhni\u00fach\u00e1in agus c\u00f3d iompair docht. Cosna\u00edmid leas na n-imreoir\u00ed agus coinn\u00edmid s\u00e1rchaighde\u00e1n na sreang\u00f3ir\u00ed tr\u00ed athdheimhni\u00fa rialta, c\u00f3ras tuairiscithe faoi r\u00fan, agus fiosr\u00fach\u00e1in chr\u00edochn\u00fala ar aon saincheisteanna a thuairisc\u00edtear. 1. Feabhs\u00fa Lean\u00fanach agus Athdheimhni\u00fa Ag Best Stringer Worldwide (BSW), &#8230; <a title=\"Deimhni\u00fa BSW &#8211; Ag Cinnti\u00fa Seirbh\u00eds\u00ed Teann\u00e1la Raic\u00e9id Ardchaighde\u00e1in\" class=\"read-more\" href=\"https:\/\/beststringer.com\/ga\/certification-integrity\/\" aria-label=\"Read more about Deimhni\u00fa BSW &#8211; Ag Cinnti\u00fa Seirbh\u00eds\u00ed Teann\u00e1la Raic\u00e9id Ardchaighde\u00e1in\">Read more<\/a><\/p>\n","protected":false},"author":1,"featured_media":38566,"parent":0,"menu_order":0,"comment_status":"closed","ping_status":"closed","template":"","meta":{"footnotes":""},"class_list":{"0":"post-38565","1":"page","2":"type-page","3":"status-publish","4":"has-post-thumbnail","6":"infinite-scroll-item"},"_links":{"self":[{"href":"https:\/\/beststringer.com\/ga\/wp-json\/wp\/v2\/pages\/38565","targetHints":{"allow":["GET"]}}],"collection":[{"href":"https:\/\/beststringer.com\/ga\/wp-json\/wp\/v2\/pages"}],"about":[{"href":"https:\/\/beststringer.com\/ga\/wp-json\/wp\/v2\/types\/page"}],"author":[{"embeddable":true,"href":"https:\/\/beststringer.com\/ga\/wp-json\/wp\/v2\/users\/1"}],"replies":[{"embeddable":true,"href":"https:\/\/beststringer.com\/ga\/wp-json\/wp\/v2\/comments?post=38565"}],"version-history":[{"count":0,"href":"https:\/\/beststringer.com\/ga\/wp-json\/wp\/v2\/pages\/38565\/revisions"}],"wp:featuredmedia":[{"embeddable":true,"href":"https:\/\/beststringer.com\/ga\/wp-json\/wp\/v2\/media\/38566"}],"wp:attachment":[{"href":"https:\/\/beststringer.com\/ga\/wp-json\/wp\/v2\/media?parent=38565"}],"curies":[{"name":"wp","href":"https:\/\/api.w.org\/{rel}","templated":true}]}}