{"id":38390,"date":"2024-08-05T04:02:40","date_gmt":"2024-08-05T04:02:40","guid":{"rendered":"https:\/\/beststringer.com\/bsw-certified-stringer\/"},"modified":"2025-09-25T06:02:07","modified_gmt":"2025-09-25T06:02:07","slug":"bsw-certified-stringer","status":"publish","type":"page","link":"https:\/\/beststringer.com\/ga\/bsw-certified-stringer\/","title":{"rendered":"Cad is Teannaire Gairmi\u00fail BSW ann?"},"content":{"rendered":"<div class=\"gb-container gb-container-f66bc834\">\n<div class=\"gb-container gb-container-3423e27e\">\n<div class=\"gb-container gb-container-4ea2fbf1\">\n<div id=\"ez-toc-container\" class=\"ez-toc-v2_0_82_2 ez-toc-wrap-left counter-hierarchy ez-toc-counter ez-toc-custom ez-toc-container-direction\">\n<div class=\"ez-toc-title-container\">\n<p class=\"ez-toc-title\" style=\"cursor:inherit\">Topics<\/p>\n<span class=\"ez-toc-title-toggle\"><a href=\"#\" class=\"ez-toc-pull-right ez-toc-btn ez-toc-btn-xs ez-toc-btn-default ez-toc-toggle\" aria-label=\"Toggle Table of Content\"><span class=\"ez-toc-js-icon-con\"><span class=\"\"><span class=\"eztoc-hide\" style=\"display:none;\">Toggle<\/span><span class=\"ez-toc-icon-toggle-span\"><svg style=\"fill: #ffffff;color:#ffffff\" xmlns=\"http:\/\/www.w3.org\/2000\/svg\" class=\"list-377408\" width=\"20px\" height=\"20px\" viewBox=\"0 0 24 24\" fill=\"none\"><path d=\"M6 6H4v2h2V6zm14 0H8v2h12V6zM4 11h2v2H4v-2zm16 0H8v2h12v-2zM4 16h2v2H4v-2zm16 0H8v2h12v-2z\" fill=\"currentColor\"><\/path><\/svg><svg style=\"fill: #ffffff;color:#ffffff\" class=\"arrow-unsorted-368013\" xmlns=\"http:\/\/www.w3.org\/2000\/svg\" width=\"10px\" height=\"10px\" viewBox=\"0 0 24 24\" version=\"1.2\" baseProfile=\"tiny\"><path d=\"M18.2 9.3l-6.2-6.3-6.2 6.3c-.2.2-.3.4-.3.7s.1.5.3.7c.2.2.4.3.7.3h11c.3 0 .5-.1.7-.3.2-.2.3-.5.3-.7s-.1-.5-.3-.7zM5.8 14.7l6.2 6.3 6.2-6.3c.2-.2.3-.5.3-.7s-.1-.5-.3-.7c-.2-.2-.4-.3-.7-.3h-11c-.3 0-.5.1-.7.3-.2.2-.3.5-.3.7s.1.5.3.7z\"\/><\/svg><\/span><\/span><\/span><\/a><\/span><\/div>\n<nav><ul class='ez-toc-list ez-toc-list-level-1 eztoc-toggle-hide-by-default' ><li class='ez-toc-page-1 ez-toc-heading-level-2'><a class=\"ez-toc-link ez-toc-heading-1\" href=\"https:\/\/beststringer.com\/ga\/bsw-certified-stringer\/#Cad_is_Sreangoir_Deimhnithe_BSW_ann\" >Cad is Sreang\u00f3ir Deimhnithe BSW ann?<\/a><ul class='ez-toc-list-level-3' ><li class='ez-toc-heading-level-3'><a class=\"ez-toc-link ez-toc-heading-2\" href=\"https:\/\/beststringer.com\/ga\/bsw-certified-stringer\/#Priomhghneithe_de_Shreangoiri_Deimhnithe_BSW\" >Pr\u00edomhghn\u00e9ithe de Shreang\u00f3ir\u00ed Deimhnithe BSW<\/a><\/li><li class='ez-toc-page-1 ez-toc-heading-level-3'><a class=\"ez-toc-link ez-toc-heading-3\" href=\"https:\/\/beststringer.com\/ga\/bsw-certified-stringer\/#2_Saineolas_ar_Theicneolaiocht_Racaidi\" >2. Saineolas ar Theicneola\u00edocht Racaid\u00ed<\/a><\/li><li class='ez-toc-page-1 ez-toc-heading-level-3'><a class=\"ez-toc-link ez-toc-heading-4\" href=\"https:\/\/beststringer.com\/ga\/bsw-certified-stringer\/#3_Measunu_ar_Riachtanais_an_Imreora\" >3. Meas\u00fan\u00fa ar Riachtanais an Imreora:<\/a><\/li><li class='ez-toc-page-1 ez-toc-heading-level-3'><a class=\"ez-toc-link ez-toc-heading-5\" href=\"https:\/\/beststringer.com\/ga\/bsw-certified-stringer\/#4_Cleachtais_Eiticiula\" >4. Cleachtais Eitici\u00fala<\/a><\/li><li class='ez-toc-page-1 ez-toc-heading-level-3'><a class=\"ez-toc-link ez-toc-heading-6\" href=\"https:\/\/beststringer.com\/ga\/bsw-certified-stringer\/#5_Foghlaim_Leanunach\" >5. Foghlaim Lean\u00fanach<\/a><\/li><li class='ez-toc-page-1 ez-toc-heading-level-3'><a class=\"ez-toc-link ez-toc-heading-7\" href=\"https:\/\/beststringer.com\/ga\/bsw-certified-stringer\/#Cad_is_Sreangoir_Deimhnithe_BSW_ann-2\" >Cad is Sreang\u00f3ir Deimhnithe BSW ann?<\/a><\/li><li class='ez-toc-page-1 ez-toc-heading-level-3'><a class=\"ez-toc-link ez-toc-heading-8\" href=\"https:\/\/beststringer.com\/ga\/bsw-certified-stringer\/#Bi_i_do_Shreangoir_Deimhnithe_BSW\" >B\u00ed i do Shreang\u00f3ir Deimhnithe BSW<\/a><\/li><\/ul><\/li><\/ul><\/nav><\/div>\n\n\n\n\n<h2 class=\"gb-headline gb-headline-79589317 gb-headline-text\"><span class=\"ez-toc-section\" id=\"Cad_is_Sreangoir_Deimhnithe_BSW_ann\"><\/span>Cad is <mark style=\"background-color:rgba(0, 0, 0, 0)\" class=\"has-inline-color has-global-color-9-color\">Sreang\u00f3ir Deimhnithe<\/mark> BSW ann?<span class=\"ez-toc-section-end\"><\/span><\/h2>\n\n\n\n<p class=\"gb-headline gb-headline-d07d49cf gb-headline-text\">Is gairm\u00ed \u00e9 Sreang\u00f3ir Deimhnithe BSW a bhfuil cl\u00e1r deimhni\u00fach\u00e1in Best Stringer Worldwide (BSW) curtha i gcr\u00edch go rath\u00fail aige\/aici. Deimhn\u00edonn an c\u00e1il\u00edocht seo go bhfuil caighde\u00e1in at\u00e1 aitheanta go hidirn\u00e1isi\u00fanta bainte amach ag an sreang\u00f3ir i sreang\u00fa racaid\u00ed don badmantan, lead\u00f3g agus scuais.<br><br>Cuireann deimhni\u00fa BSW le hiontaofacht seirbh\u00eds\u00ed sreangaithe tr\u00ed dheimhni\u00fa neamhsple\u00e1ch a shol\u00e1thar go nd\u00e9antar na seirbh\u00eds\u00ed seo go gairmi\u00fail agus go gcomhl\u00edonann siad caighde\u00e1in dhomhanda. D\u00e9antar meast\u00f3ireacht ar shreang\u00f3ir\u00ed deimhnithe i gcoinne crit\u00e9ir chuimsitheacha at\u00e1 forbartha ag BSW, rud a chinnt\u00edonn a n-inni\u00falacht, a neamhchlaontacht agus a gcumas feidhm\u00edochta.<\/p>\n\n\n\n<figure class=\"wp-block-image size-full is-resized\"><img loading=\"lazy\" decoding=\"async\" width=\"1024\" height=\"1024\" src=\"https:\/\/beststringer.com\/wp-content\/uploads\/2025\/05\/What-is-a-BSW-Certified-Stringer.jpg\" alt=\"Cad is Sreang\u00f3ir Deimhnithe BSW ann\" class=\"wp-image-18726\" style=\"width:538px\" srcset=\"https:\/\/beststringer.com\/wp-content\/uploads\/2025\/05\/What-is-a-BSW-Certified-Stringer.jpg 1024w, https:\/\/beststringer.com\/wp-content\/uploads\/2025\/05\/What-is-a-BSW-Certified-Stringer-300x300.jpg 300w, https:\/\/beststringer.com\/wp-content\/uploads\/2025\/05\/What-is-a-BSW-Certified-Stringer-150x150.jpg 150w, https:\/\/beststringer.com\/wp-content\/uploads\/2025\/05\/What-is-a-BSW-Certified-Stringer-768x768.jpg 768w\" sizes=\"auto, (max-width: 1024px) 100vw, 1024px\" \/><\/figure>\n\n<\/div>\n<\/div>\n\n<div class=\"gb-container gb-container-37db13f4\">\n<div class=\"gb-container gb-container-3021f73c\">\n\n<h3 class=\"gb-headline gb-headline-e5c79f72 gb-headline-text\"><span class=\"ez-toc-section\" id=\"Priomhghneithe_de_Shreangoiri_Deimhnithe_BSW\"><\/span><mark style=\"background-color:rgba(0, 0, 0, 0)\" class=\"has-inline-color has-global-color-9-color\">Pr\u00edomhghn\u00e9ithe<\/mark> de Shreang\u00f3ir\u00ed Deimhnithe BSW<span class=\"ez-toc-section-end\"><\/span><\/h3>\n\n\n\n<p class=\"gb-headline gb-headline-7d760a3f gb-headline-text\"><strong>1. Inni\u00falacht Theicni\u00fail:<\/strong> <br><strong>1.1<\/strong> M\u00e1istreacht ar theicn\u00edc\u00ed sreangaithe do racaid\u00ed badmantain, lead\u00f3ige agus scuaise<br><strong>1.2<\/strong> Tuiscint ar chine\u00e1lacha \u00e9ags\u00fala sreinge agus a n-air\u00edonna<br><strong>1.3<\/strong> Eolas ar shocruithe teannais cu\u00ed do st\u00edleanna \u00e9ags\u00fala imeartha<\/p>\n\n<\/div>\n<\/div>\n\n<div class=\"gb-container gb-container-8072e76b\">\n<div class=\"gb-container gb-container-eabf3753\">\n\n<h3 class=\"gb-headline gb-headline-0ad93116 gb-headline-text\"><span class=\"ez-toc-section\" id=\"2_Saineolas_ar_Theicneolaiocht_Racaidi\"><\/span><strong>2. Saineolas ar <mark style=\"background-color:rgba(0, 0, 0, 0)\" class=\"has-inline-color has-global-color-9-color\">Theicneola\u00edocht Racaid\u00ed<\/mark><\/strong><span class=\"ez-toc-section-end\"><\/span><\/h3>\n\n\n\n<p class=\"gb-headline gb-headline-0e4cbc73 gb-headline-text\"><strong>2.1<\/strong> Eolas ar dheara\u00ed agus \u00e1bhair \u00e9ags\u00fala racaid\u00ed<br><strong>2.2<\/strong> Tuiscint ar an gcaoi a dt\u00e9ann tr\u00e9ithe racaide i bhfeidhm ar an sreang\u00fa<\/p>\n\n<\/div>\n<\/div>\n\n<div class=\"gb-container gb-container-90ecf704\">\n<div class=\"gb-container gb-container-5939e332\">\n\n<h3 class=\"gb-headline gb-headline-fd44004c gb-headline-text\"><span class=\"ez-toc-section\" id=\"3_Measunu_ar_Riachtanais_an_Imreora\"><\/span><strong>3. Meas\u00fan\u00fa ar <mark style=\"background-color:rgba(0, 0, 0, 0)\" class=\"has-inline-color has-global-color-9-color\">Riachtanais an Imreora<\/mark>:<\/strong><span class=\"ez-toc-section-end\"><\/span><\/h3>\n\n\n\n<p class=\"gb-headline gb-headline-053891c0 gb-headline-text\"><strong>3.1<\/strong> Cumas chun riachtanais imreora a mheas bunaithe ar leibh\u00e9al scile agus st\u00edl imeartha<br><strong>3.2<\/strong> Scil maidir le teaglama\u00ed cu\u00ed sreinge agus teannais a mholadh<\/p>\n\n<\/div>\n<\/div>\n\n<div class=\"gb-container gb-container-bc7f3ef7\">\n<div class=\"gb-container gb-container-c402b7cb\">\n\n<h3 class=\"gb-headline gb-headline-9ac68257 gb-headline-text\"><span class=\"ez-toc-section\" id=\"4_Cleachtais_Eiticiula\"><\/span><strong>4. Cleachtais <mark style=\"background-color:rgba(0, 0, 0, 0)\" class=\"has-inline-color has-global-color-9-color\">Eitici\u00fala<\/mark><\/strong><span class=\"ez-toc-section-end\"><\/span><\/h3>\n\n\n\n<p class=\"gb-headline gb-headline-99f4af0d gb-headline-text\"><strong>4.1<\/strong> Tiomantas do sheirbh\u00eds ionraic agus thr\u00e9dhearcach<br><strong>4.2<\/strong> Clo\u00ed le c\u00f3d iompair BSW<\/p>\n\n<\/div>\n<\/div>\n\n<div class=\"gb-container gb-container-0bc9ddf8\">\n<div class=\"gb-container gb-container-4a1593e5\">\n\n<h3 class=\"gb-headline gb-headline-f300e849 gb-headline-text\"><span class=\"ez-toc-section\" id=\"5_Foghlaim_Leanunach\"><\/span><strong>5. Foghlaim <mark style=\"background-color:rgba(0, 0, 0, 0)\" class=\"has-inline-color has-global-color-9-color\">Lean\u00fanach<\/mark><\/strong><span class=\"ez-toc-section-end\"><\/span><\/h3>\n\n\n<div class=\"gb-container gb-container-1e94798b\">\n\n<p><strong>5.1<\/strong> Nuashonruithe rialta ar theicneola\u00edochta\u00ed agus ar theicn\u00edc\u00ed nua sreangaithe<br><strong>5.2<\/strong> Oideachas lean\u00fanach faoi fhorbairt\u00ed i sp\u00f3irt racaide<\/p>\n\n<\/div>\n<\/div>\n<\/div>\n\n<div class=\"gb-container gb-container-8ae3b9c0\">\n<div class=\"gb-container gb-container-0033085e\">\n\n<p>T\u00e9ann Sreang\u00f3ir\u00ed Deimhnithe BSW faoi athmheas\u00fan\u00fa tr\u00e9imhsi\u00fail chun a ndeimhni\u00fach\u00e1n a choinne\u00e1il, ag cinnti\u00fa go bhfanann siad cothrom le d\u00e1ta leis na caighde\u00e1in agus na teicneola\u00edochta\u00ed is d\u00e9ana\u00ed i sreang\u00fa racaid\u00ed.<\/p>\n\n\n\n<p>Tr\u00ed Shreang\u00f3ir Deimhnithe BSW a roghn\u00fa, is f\u00e9idir le himreoir\u00ed a bheith muin\u00edneach go bhfuil siad ag f\u00e1il seirbh\u00eds\u00ed sreangaithe \u00f3 ghairm\u00ed a l\u00e9irigh ardleibh\u00e9al scile agus eolais in ullmh\u00fa racaid\u00ed.<br><\/p>\n\n\n\n<figure class=\"gb-block-image gb-block-image-41284c03\"><img loading=\"lazy\" decoding=\"async\" width=\"804\" height=\"698\" class=\"gb-image gb-image-41284c03\" src=\"https:\/\/beststringer.com\/wp-content\/uploads\/2025\/05\/What-is-a-BSW-Certified-Stringer-Best-Stringer-Worldwide-Stringer-Certification.png\" alt=\"Sreang\u00f3ir Deimhnithe BSW Deimhni\u00fa Sreang\u00f3ra Domhanda\" title=\"Sreang\u00f3ir Deimhnithe BSW Deimhni\u00fa Sreang\u00f3ra Best Stringer Worldwide\" srcset=\"https:\/\/beststringer.com\/wp-content\/uploads\/2025\/05\/What-is-a-BSW-Certified-Stringer-Best-Stringer-Worldwide-Stringer-Certification.png 804w, https:\/\/beststringer.com\/wp-content\/uploads\/2025\/05\/What-is-a-BSW-Certified-Stringer-Best-Stringer-Worldwide-Stringer-Certification-300x260.png 300w, https:\/\/beststringer.com\/wp-content\/uploads\/2025\/05\/What-is-a-BSW-Certified-Stringer-Best-Stringer-Worldwide-Stringer-Certification-768x667.png 768w\" sizes=\"auto, (max-width: 804px) 100vw, 804px\" \/><\/figure>\n\n<\/div>\n<\/div>\n<\/div>\n\n<section class=\"gb-container gb-container-21e3c652\">\n<div class=\"gb-container gb-container-11344779\">\n\n<h3 class=\"gb-headline gb-headline-39f4cce2 gb-headline-text\"><span class=\"ez-toc-section\" id=\"Cad_is_Sreangoir_Deimhnithe_BSW_ann-2\"><\/span>Cad is Sreang\u00f3ir Deimhnithe BSW ann?<span class=\"ez-toc-section-end\"><\/span><\/h3>\n\n\n\n<p class=\"gb-headline gb-headline-c6c5990e gb-headline-text\">Ar smaoinigh t\u00fa riamh c\u00e9 a bh\u00edonn taobh thiar de racaid dea-shreangaithe? M\u00edn\u00edonn an f\u00edse\u00e1n seo c\u00e9 hiad na Sreang\u00f3ir\u00ed Deimhnithe BSW agus an r\u00f3l at\u00e1 acu i sp\u00f3irt racaide. Faigh amach cad iad na scileanna at\u00e1 ag na gairmithe seo in ullmh\u00fa racaid\u00ed lead\u00f3ige, badmantain agus scuaise.<\/p>\n\n\n<div class=\"gb-container gb-container-ec1a2ce6\">\n<div class=\"gb-container gb-container-238a634b\"><\/div>\n<\/div>\n\n\n<div id=\"youtube-player\"><\/div>\n<script>\n  var videoLoaded = false;\n\n  function loadYouTubeVideo() {\n    if (videoLoaded) return;\n    videoLoaded = true;\n    var tag = document.createElement('script');\n    tag.src = \"https:\/\/www.youtube.com\/iframe_api\";\n    var firstScriptTag = document.getElementsByTagName('script')[0];\n    firstScriptTag.parentNode.insertBefore(tag, firstScriptTag);\n  }\n\n  function onYouTubeIframeAPIReady() {\n    new YT.Player('youtube-player', {\n      height: '360',\n      width: '640',\n      videoId: 'LZsHlgh99CE', \/\/ Your video ID\n      events: {\n        'onReady': onPlayerReady\n      }\n    });\n  }\n\n  function onPlayerReady(event) {\n    \/\/ Video is ready to play\n  }\n\n  \/\/ Load the YouTube API script when the page is scrolled\n  window.addEventListener('scroll', loadYouTubeVideo, { once: true });\n\n  \/\/ Also load if the user hasn't scrolled after 3 seconds\n  setTimeout(loadYouTubeVideo, 3000);\n<\/script>\n\n<\/div>\n<\/section>\n\n<section class=\"gb-container gb-container-49b9586e\">\n<div class=\"gb-container gb-container-a2e9522c\"><\/div>\n\n<div class=\"gb-container gb-container-0e11192a\">\n\n<h3 class=\"gb-headline gb-headline-5cf408ee gb-headline-text\"><span class=\"ez-toc-section\" id=\"Bi_i_do_Shreangoir_Deimhnithe_BSW\"><\/span>B\u00ed i do Shreang\u00f3ir Deimhnithe BSW<span class=\"ez-toc-section-end\"><\/span><\/h3>\n\n\n<div class=\"gb-container gb-container-daaa2e63\">\n<div class=\"gb-container gb-container-bda621fe\"><\/div>\n\n<div class=\"gb-container gb-container-4b0ac72b\"><\/div>\n<\/div>\n\n\n<p class=\"gb-headline gb-headline-edf98545 gb-headline-text\">Foghlaim scileanna sreangaithe gairmi\u00fala don badmantan, lead\u00f3g agus scuais. Faigh eolas ar theicneola\u00edocht racaid\u00ed, meas\u00fan\u00fa ar riachtanais imreoir\u00ed, agus cleachtais eitici\u00fala.<\/p>\n\n\n\n<a class=\"gb-button gb-button-a29641e0 gb-button-text\" href=\"https:\/\/beststringer.com\/ga\/stringing-certificate\/\">An Pr\u00f3iseas Deimhni\u00fach\u00e1in<\/a>\n\n<\/div>\n<\/section>","protected":false},"excerpt":{"rendered":"<p>Cad is Sreang\u00f3ir Deimhnithe BSW ann? Is gairm\u00ed \u00e9 Sreang\u00f3ir Deimhnithe BSW a bhfuil cl\u00e1r deimhni\u00fach\u00e1in Best Stringer Worldwide (BSW) curtha i gcr\u00edch go rath\u00fail aige\/aici. Deimhn\u00edonn an c\u00e1il\u00edocht seo go bhfuil caighde\u00e1in at\u00e1 aitheanta go hidirn\u00e1isi\u00fanta bainte amach ag an sreang\u00f3ir i sreang\u00fa racaid\u00ed don badmantan, lead\u00f3g agus scuais. Cuireann deimhni\u00fa BSW le hiontaofacht &#8230; <a title=\"Cad is Teannaire Gairmi\u00fail BSW ann?\" class=\"read-more\" href=\"https:\/\/beststringer.com\/ga\/bsw-certified-stringer\/\" aria-label=\"Read more about Cad is Teannaire Gairmi\u00fail BSW ann?\">Read more<\/a><\/p>\n","protected":false},"author":1,"featured_media":38392,"parent":0,"menu_order":0,"comment_status":"closed","ping_status":"closed","template":"","meta":{"footnotes":""},"class_list":{"0":"post-38390","1":"page","2":"type-page","3":"status-publish","4":"has-post-thumbnail","6":"infinite-scroll-item"},"_links":{"self":[{"href":"https:\/\/beststringer.com\/ga\/wp-json\/wp\/v2\/pages\/38390","targetHints":{"allow":["GET"]}}],"collection":[{"href":"https:\/\/beststringer.com\/ga\/wp-json\/wp\/v2\/pages"}],"about":[{"href":"https:\/\/beststringer.com\/ga\/wp-json\/wp\/v2\/types\/page"}],"author":[{"embeddable":true,"href":"https:\/\/beststringer.com\/ga\/wp-json\/wp\/v2\/users\/1"}],"replies":[{"embeddable":true,"href":"https:\/\/beststringer.com\/ga\/wp-json\/wp\/v2\/comments?post=38390"}],"version-history":[{"count":0,"href":"https:\/\/beststringer.com\/ga\/wp-json\/wp\/v2\/pages\/38390\/revisions"}],"wp:featuredmedia":[{"embeddable":true,"href":"https:\/\/beststringer.com\/ga\/wp-json\/wp\/v2\/media\/38392"}],"wp:attachment":[{"href":"https:\/\/beststringer.com\/ga\/wp-json\/wp\/v2\/media?parent=38390"}],"curies":[{"name":"wp","href":"https:\/\/api.w.org\/{rel}","templated":true}]}}