{"id":38266,"date":"2024-08-05T03:37:42","date_gmt":"2024-08-05T03:37:42","guid":{"rendered":"https:\/\/beststringer.com\/global-stringing-skills-certification\/"},"modified":"2025-09-25T06:00:10","modified_gmt":"2025-09-25T06:00:10","slug":"global-stringing-skills-certification","status":"publish","type":"page","link":"https:\/\/beststringer.com\/ga\/global-stringing-skills-certification\/","title":{"rendered":"Deimhni\u00fa Domhanda ar Scileanna Teann\u00e1la Raic\u00e9id"},"content":{"rendered":"<div class=\"gb-container gb-container-f66bc834\">\n<div class=\"gb-container gb-container-3423e27e\">\n<div class=\"gb-container gb-container-4ea2fbf1\">\n<div id=\"ez-toc-container\" class=\"ez-toc-v2_0_82_2 ez-toc-wrap-left counter-hierarchy ez-toc-counter ez-toc-custom ez-toc-container-direction\">\n<div class=\"ez-toc-title-container\">\n<p class=\"ez-toc-title\" style=\"cursor:inherit\">Topics<\/p>\n<span class=\"ez-toc-title-toggle\"><a href=\"#\" class=\"ez-toc-pull-right ez-toc-btn ez-toc-btn-xs ez-toc-btn-default ez-toc-toggle\" aria-label=\"Toggle Table of Content\"><span class=\"ez-toc-js-icon-con\"><span class=\"\"><span class=\"eztoc-hide\" style=\"display:none;\">Toggle<\/span><span class=\"ez-toc-icon-toggle-span\"><svg style=\"fill: #ffffff;color:#ffffff\" xmlns=\"http:\/\/www.w3.org\/2000\/svg\" class=\"list-377408\" width=\"20px\" height=\"20px\" viewBox=\"0 0 24 24\" fill=\"none\"><path d=\"M6 6H4v2h2V6zm14 0H8v2h12V6zM4 11h2v2H4v-2zm16 0H8v2h12v-2zM4 16h2v2H4v-2zm16 0H8v2h12v-2z\" fill=\"currentColor\"><\/path><\/svg><svg style=\"fill: #ffffff;color:#ffffff\" class=\"arrow-unsorted-368013\" xmlns=\"http:\/\/www.w3.org\/2000\/svg\" width=\"10px\" height=\"10px\" viewBox=\"0 0 24 24\" version=\"1.2\" baseProfile=\"tiny\"><path d=\"M18.2 9.3l-6.2-6.3-6.2 6.3c-.2.2-.3.4-.3.7s.1.5.3.7c.2.2.4.3.7.3h11c.3 0 .5-.1.7-.3.2-.2.3-.5.3-.7s-.1-.5-.3-.7zM5.8 14.7l6.2 6.3 6.2-6.3c.2-.2.3-.5.3-.7s-.1-.5-.3-.7c-.2-.2-.4-.3-.7-.3h-11c-.3 0-.5.1-.7.3-.2.2-.3.5-.3.7s.1.5.3.7z\"\/><\/svg><\/span><\/span><\/span><\/a><\/span><\/div>\n<nav><ul class='ez-toc-list ez-toc-list-level-1 eztoc-toggle-hide-by-default' ><li class='ez-toc-page-1 ez-toc-heading-level-2'><a class=\"ez-toc-link ez-toc-heading-1\" href=\"https:\/\/beststringer.com\/ga\/global-stringing-skills-certification\/#Pas_Domhanda_do_Spoirt_Raiceid\" >Pas Domhanda do Sp\u00f3irt Raic\u00e9id<\/a><ul class='ez-toc-list-level-3' ><li class='ez-toc-heading-level-3'><a class=\"ez-toc-link ez-toc-heading-2\" href=\"https:\/\/beststringer.com\/ga\/global-stringing-skills-certification\/#Tuiscint_ar_Thionchar_an_tSreangaithe\" >Tuiscint ar Thionchar an tSreangaithe<\/a><\/li><li class='ez-toc-page-1 ez-toc-heading-level-3'><a class=\"ez-toc-link ez-toc-heading-3\" href=\"https:\/\/beststringer.com\/ga\/global-stringing-skills-certification\/#Nios_faide_na_an_Deimhniu\" >N\u00edos faide n\u00e1 an Deimhni\u00fa<\/a><\/li><li class='ez-toc-page-1 ez-toc-heading-level-3'><a class=\"ez-toc-link ez-toc-heading-4\" href=\"https:\/\/beststringer.com\/ga\/global-stringing-skills-certification\/#Buntaisti_Fadtearmacha\" >Bunt\u00e1ist\u00ed Fadt\u00e9armacha<\/a><\/li><li class='ez-toc-page-1 ez-toc-heading-level-3'><a class=\"ez-toc-link ez-toc-heading-5\" href=\"https:\/\/beststringer.com\/ga\/global-stringing-skills-certification\/#Feidhmiu_Domhanda\" >Feidhmi\u00fa Domhanda<\/a><\/li><li class='ez-toc-page-1 ez-toc-heading-level-3'><a class=\"ez-toc-link ez-toc-heading-6\" href=\"https:\/\/beststringer.com\/ga\/global-stringing-skills-certification\/#Ag_cabhru_le_hImreoiri_i_ngach_Ait\" >Ag cabhr\u00fa le hImreoir\u00ed i ngach \u00c1it<\/a><\/li><li class='ez-toc-page-1 ez-toc-heading-level-3'><a class=\"ez-toc-link ez-toc-heading-7\" href=\"https:\/\/beststringer.com\/ga\/global-stringing-skills-certification\/#Foghlaim_Leanunach\" >Foghlaim Lean\u00fanach<\/a><\/li><li class='ez-toc-page-1 ez-toc-heading-level-3'><a class=\"ez-toc-link ez-toc-heading-8\" href=\"https:\/\/beststringer.com\/ga\/global-stringing-skills-certification\/#Deimhniu_Domhanda_do_Scileanna_Sreangaithe\" >Deimhni\u00fa Domhanda do Scileanna Sreangaithe<\/a><\/li><li class='ez-toc-page-1 ez-toc-heading-level-3'><a class=\"ez-toc-link ez-toc-heading-9\" href=\"https:\/\/beststringer.com\/ga\/global-stringing-skills-certification\/#Oideachas_Domhanda_ar_an_Sreangu\" >Oideachas Domhanda ar an Sreang\u00fa<\/a><\/li><\/ul><\/li><\/ul><\/nav><\/div>\n\n\n\n\n<h2 class=\"gb-headline gb-headline-79589317 gb-headline-text\"><span class=\"ez-toc-section\" id=\"Pas_Domhanda_do_Spoirt_Raiceid\"><\/span>Pas <mark style=\"background-color:rgba(0, 0, 0, 0)\" class=\"has-inline-color has-global-color-9-color\">Domhanda<\/mark> do Sp\u00f3irt Raic\u00e9id<span class=\"ez-toc-section-end\"><\/span><\/h2>\n\n\n\n<p class=\"gb-headline gb-headline-d07d49cf gb-headline-text\">Tugann deimhni\u00fa BSW scileanna do shreang\u00f3ir\u00ed a aithn\u00edtear go hidirn\u00e1isi\u00fanta. Cuid\u00edonn an t-eolas seo le sreang\u00f3ir\u00ed cabhr\u00fa le himreoir\u00ed ar fud an domhain feabhas a chur ar a gcluiche.<\/p>\n\n<\/div>\n<\/div>\n\n<div class=\"gb-container gb-container-37db13f4\">\n<div class=\"gb-container gb-container-3021f73c\">\n\n<h3 class=\"gb-headline gb-headline-e5c79f72 gb-headline-text\"><span class=\"ez-toc-section\" id=\"Tuiscint_ar_Thionchar_an_tSreangaithe\"><\/span>Tuiscint ar <mark style=\"background-color:rgba(0, 0, 0, 0)\" class=\"has-inline-color has-global-color-9-color\">Thionchar an tSreangaithe<\/mark><span class=\"ez-toc-section-end\"><\/span><\/h3>\n\n\n\n<p class=\"gb-headline gb-headline-7d760a3f gb-headline-text\">B\u00edonn tionchar ag an sreang\u00fa ceart ar fheidhm\u00edocht racaid. Foghlaim\u00edonn sreang\u00f3ir\u00ed at\u00e1 deimhnithe ag BSW conas:<\/p>\n\n\n\n<p>1. Riachtanais imreoir\u00ed a mheas ag gach leibh\u00e9al scile<br>2. Na sreanga agus an teannas cu\u00ed a roghn\u00fa<br>3. Teicn\u00edc\u00ed cearta sreangaithe a chur i bhfeidhm do chine\u00e1lacha \u00e9ags\u00fala racaid<\/p>\n\n<\/div>\n<\/div>\n\n<div class=\"gb-container gb-container-8072e76b\">\n<div class=\"gb-container gb-container-eabf3753\">\n\n<h3 class=\"gb-headline gb-headline-0ad93116 gb-headline-text\"><span class=\"ez-toc-section\" id=\"Nios_faide_na_an_Deimhniu\"><\/span><strong><mark style=\"background-color:rgba(0, 0, 0, 0)\" class=\"has-inline-color has-global-color-9-color\">N\u00edos faide n\u00e1<\/mark> an Deimhni\u00fa<\/strong><span class=\"ez-toc-section-end\"><\/span><\/h3>\n\n\n\n<p class=\"gb-headline gb-headline-0e4cbc73 gb-headline-text\">Leagann BSW b\u00e9im ar scileanna praitici\u00fala a fhoghlaim chun cabhr\u00fa le himreoir\u00ed:<br>1. Imirt n\u00edos fearr<br>2. Bheith n\u00edos comporda\u00ed lena racaid<br>3. N\u00edos m\u00f3 spraoi a bhaint as an sp\u00f3rt<\/p>\n\n<\/div>\n<\/div>\n\n<div class=\"gb-container gb-container-90ecf704\">\n<div class=\"gb-container gb-container-5939e332\">\n\n<h3 class=\"gb-headline gb-headline-fd44004c gb-headline-text\"><span class=\"ez-toc-section\" id=\"Buntaisti_Fadtearmacha\"><\/span><strong>Bunt\u00e1ist\u00ed <mark style=\"background-color:rgba(0, 0, 0, 0)\" class=\"has-inline-color has-global-color-9-color\">Fadt\u00e9armacha<\/mark><\/strong><span class=\"ez-toc-section-end\"><\/span><\/h3>\n\n\n\n<p class=\"gb-headline gb-headline-053891c0 gb-headline-text\">Nuair a dh\u00edr\u00edtear ar fhorbairt an imreora seachas ar bhrab\u00fas amh\u00e1in, baintear amach:<\/p>\n\n\n\n<p>1. Caidrimh mharthanacha le himreoir\u00ed<br>2. Tuiscint n\u00edos fearr ar sp\u00f3irt raic\u00e9id<br>3. Foghlaim lean\u00fanach agus forbairt scileanna<\/p>\n\n<\/div>\n<\/div>\n\n<div class=\"gb-container gb-container-bc7f3ef7\">\n<div class=\"gb-container gb-container-c402b7cb\">\n\n<h3 class=\"gb-headline gb-headline-9ac68257 gb-headline-text\"><span class=\"ez-toc-section\" id=\"Feidhmiu_Domhanda\"><\/span><strong>Feidhmi\u00fa <mark style=\"background-color:rgba(0, 0, 0, 0)\" class=\"has-inline-color has-global-color-9-color\">Domhanda<\/mark><\/strong><span class=\"ez-toc-section-end\"><\/span><\/h3>\n\n\n\n<p class=\"gb-headline gb-headline-99f4af0d gb-headline-text\">T\u00e1 scileanna sreangaithe BSW \u00fas\u00e1ideach ar fud an domhain:<br>1. Baineann na teicn\u00edc\u00ed le racaid\u00ed a \u00fas\u00e1idtear go domhanda<br>2. S\u00e1ra\u00edonn an tuiscint ar riachtanais imreoir\u00ed teorainneacha cult\u00fartha<br>3. T\u00e1 feidhm uil\u00edoch ag an eolas ar chine\u00e1lacha agus ar air\u00edonna sreinge<\/p>\n\n<\/div>\n<\/div>\n\n<div class=\"gb-container gb-container-0bc9ddf8\">\n<div class=\"gb-container gb-container-4a1593e5\">\n\n<h3 class=\"gb-headline gb-headline-f300e849 gb-headline-text\"><span class=\"ez-toc-section\" id=\"Ag_cabhru_le_hImreoiri_i_ngach_Ait\"><\/span><strong>Ag cabhr\u00fa le hImreoir\u00ed <mark style=\"background-color:rgba(0, 0, 0, 0)\" class=\"has-inline-color has-global-color-9-color\">i ngach \u00c1it<\/mark><\/strong><span class=\"ez-toc-section-end\"><\/span><\/h3>\n\n\n<div class=\"gb-container gb-container-1e94798b\">\n\n<p>Is f\u00e9idir le sreang\u00f3ir\u00ed at\u00e1 deimhnithe ag BSW:<br>1. Cabhr\u00fa le himreoir\u00ed club \u00e1iti\u00fala<br>2. Tac\u00fa le himreoir\u00ed gairmi\u00fala ar an turas<br>3. Oideachas a chur ar imreoir\u00ed faoi ch\u00faram agus feidhm\u00edocht racaid<\/p>\n\n<\/div>\n<\/div>\n<\/div>\n\n<div class=\"gb-container gb-container-8ae3b9c0\">\n<div class=\"gb-container gb-container-0033085e\">\n\n<h3 class=\"gb-headline gb-headline-89f46c83 gb-headline-text\"><span class=\"ez-toc-section\" id=\"Foghlaim_Leanunach\"><\/span><strong>Foghlaim <mark style=\"background-color:rgba(0, 0, 0, 0)\" class=\"has-inline-color has-global-color-9-color\">Lean\u00fanach<\/mark><\/strong><span class=\"ez-toc-section-end\"><\/span><\/h3>\n\n\n\n<p>Forbra\u00edonn tionscal na sp\u00f3rt raic\u00e9id i gc\u00f3na\u00ed. Spreagann BSW sreang\u00f3ir\u00ed chun:<br>1. Bheith ar an eolas faoi theicneola\u00edochta\u00ed nua<br>2. Teicn\u00edc\u00ed a chur in oiri\u00faint do dheara\u00ed nua racaid<br>3. Lean\u00faint de staid\u00e9ar a dh\u00e9anamh ar riachtanais agus ar roghanna imreoir\u00ed<\/p>\n\n\n\n<p>Tr\u00ed dh\u00edri\u00fa ar oideachas agus ar thaca\u00edocht d\u2019imreoir\u00ed, ullmha\u00edonn deimhni\u00fa BSW sreang\u00f3ir\u00ed le cur go suntasach le sp\u00f3irt raic\u00e9id ar fud an domhain.<\/p>\n\n<\/div>\n<\/div>\n\n\n<figure class=\"gb-block-image gb-block-image-8fe2ab54\"><img loading=\"lazy\" decoding=\"async\" width=\"944\" height=\"411\" class=\"gb-image gb-image-8fe2ab54\" src=\"https:\/\/beststringer.com\/wp-content\/uploads\/2024\/10\/Global-Stringing-Skills-Certification-Best-Stringer-Worldwide-Badminton-Stringing-Certification.png\" alt=\"Deimhni\u00fa Scileanna Sreangaithe Domhanda do shreang\u00fa badmantain in {{CITY_LOCAL}} {{COUNTRY_LOCAL}}\" title=\"Deimhni\u00fa Scileanna Sreangaithe Domhanda do shreang\u00fa badmantain\" srcset=\"https:\/\/beststringer.com\/wp-content\/uploads\/2024\/10\/Global-Stringing-Skills-Certification-Best-Stringer-Worldwide-Badminton-Stringing-Certification.png 944w, https:\/\/beststringer.com\/wp-content\/uploads\/2024\/10\/Global-Stringing-Skills-Certification-Best-Stringer-Worldwide-Badminton-Stringing-Certification-300x131.png 300w, https:\/\/beststringer.com\/wp-content\/uploads\/2024\/10\/Global-Stringing-Skills-Certification-Best-Stringer-Worldwide-Badminton-Stringing-Certification-768x334.png 768w\" sizes=\"auto, (max-width: 944px) 100vw, 944px\" \/><\/figure>\n\n<\/div>\n\n<section class=\"gb-container gb-container-21e3c652\">\n<div class=\"gb-container gb-container-11344779\">\n\n<h3 class=\"gb-headline gb-headline-39f4cce2 gb-headline-text\"><span class=\"ez-toc-section\" id=\"Deimhniu_Domhanda_do_Scileanna_Sreangaithe\"><\/span>Deimhni\u00fa Domhanda do Scileanna Sreangaithe<span class=\"ez-toc-section-end\"><\/span><\/h3>\n\n\n\n<p class=\"gb-headline gb-headline-c6c5990e gb-headline-text\">Scr\u00fada\u00edonn an f\u00edse\u00e1n seo Deimhni\u00fa Domhanda do Scileanna Sreangaithe \u00f3 BSW agus an tionchar at\u00e1 aige ar sp\u00f3irt raic\u00e9id ar fud an domhain. M\u00edneoimid an m\u00e9id a fhoghlaim\u00edonn sreang\u00f3ir\u00ed deimhnithe agus conas a th\u00e9ann na scileanna seo chun tairbhe d\u2019imreoir\u00ed lead\u00f3ige, badmantain agus scuaise.<\/p>\n\n\n<div class=\"gb-container gb-container-ec1a2ce6\">\n<div class=\"gb-container gb-container-238a634b\"><\/div>\n<\/div>\n\n\n<div id=\"youtube-player\"><\/div>\n<script>\n  var videoLoaded = false;\n\n  function loadYouTubeVideo() {\n    if (videoLoaded) return;\n    videoLoaded = true;\n    var tag = document.createElement('script');\n    tag.src = \"https:\/\/www.youtube.com\/iframe_api\";\n    var firstScriptTag = document.getElementsByTagName('script')[0];\n    firstScriptTag.parentNode.insertBefore(tag, firstScriptTag);\n  }\n\n  function onYouTubeIframeAPIReady() {\n    new YT.Player('youtube-player', {\n      height: '360',\n      width: '640',\n      videoId: 'oWcEjWGOxOg', \/\/ Your video ID\n      events: {\n        'onReady': onPlayerReady\n      }\n    });\n  }\n\n  function onPlayerReady(event) {\n    \/\/ Video is ready to play\n  }\n\n  \/\/ Load the YouTube API script when the page is scrolled\n  window.addEventListener('scroll', loadYouTubeVideo, { once: true });\n\n  \/\/ Also load if the user hasn't scrolled after 3 seconds\n  setTimeout(loadYouTubeVideo, 3000);\n<\/script>\n\n<\/div>\n<\/section>\n\n<section class=\"gb-container gb-container-49b9586e\">\n<div class=\"gb-container gb-container-a2e9522c\"><\/div>\n\n<div class=\"gb-container gb-container-0e11192a\">\n\n<h3 class=\"gb-headline gb-headline-5cf408ee gb-headline-text\"><span class=\"ez-toc-section\" id=\"Oideachas_Domhanda_ar_an_Sreangu\"><\/span>Oideachas Domhanda ar an Sreang\u00fa<span class=\"ez-toc-section-end\"><\/span><\/h3>\n\n\n<div class=\"gb-container gb-container-daaa2e63\">\n<div class=\"gb-container gb-container-bda621fe\"><\/div>\n\n<div class=\"gb-container gb-container-4b0ac72b\"><\/div>\n<\/div>\n\n\n<p class=\"gb-headline gb-headline-edf98545 gb-headline-text\">M\u00faineann deimhni\u00fa BSW caighde\u00e1in idirn\u00e1isi\u00fanta sreangaithe. Foghlaim conas cabhr\u00fa le himreoir\u00ed ar fud an domhain le scileanna i meas\u00fan\u00fa racaid, roghn\u00fa sreinge, agus coigeart\u00fa teannais.<\/p>\n\n\n\n<a class=\"gb-button gb-button-a29641e0 gb-button-text\" href=\"https:\/\/beststringer.com\/ga\/stringing-certificate\/\">Sonra\u00ed an Deimhnithe<\/a>\n\n<\/div>\n<\/section>","protected":false},"excerpt":{"rendered":"<p>Pas Domhanda do Sp\u00f3irt Raic\u00e9id Tugann deimhni\u00fa BSW scileanna do shreang\u00f3ir\u00ed a aithn\u00edtear go hidirn\u00e1isi\u00fanta. Cuid\u00edonn an t-eolas seo le sreang\u00f3ir\u00ed cabhr\u00fa le himreoir\u00ed ar fud an domhain feabhas a chur ar a gcluiche. Tuiscint ar Thionchar an tSreangaithe B\u00edonn tionchar ag an sreang\u00fa ceart ar fheidhm\u00edocht racaid. Foghlaim\u00edonn sreang\u00f3ir\u00ed at\u00e1 deimhnithe ag BSW conas: &#8230; <a title=\"Deimhni\u00fa Domhanda ar Scileanna Teann\u00e1la Raic\u00e9id\" class=\"read-more\" href=\"https:\/\/beststringer.com\/ga\/global-stringing-skills-certification\/\" aria-label=\"Read more about Deimhni\u00fa Domhanda ar Scileanna Teann\u00e1la Raic\u00e9id\">Read more<\/a><\/p>\n","protected":false},"author":1,"featured_media":38267,"parent":0,"menu_order":0,"comment_status":"closed","ping_status":"closed","template":"","meta":{"footnotes":""},"class_list":{"0":"post-38266","1":"page","2":"type-page","3":"status-publish","4":"has-post-thumbnail","6":"infinite-scroll-item"},"_links":{"self":[{"href":"https:\/\/beststringer.com\/ga\/wp-json\/wp\/v2\/pages\/38266","targetHints":{"allow":["GET"]}}],"collection":[{"href":"https:\/\/beststringer.com\/ga\/wp-json\/wp\/v2\/pages"}],"about":[{"href":"https:\/\/beststringer.com\/ga\/wp-json\/wp\/v2\/types\/page"}],"author":[{"embeddable":true,"href":"https:\/\/beststringer.com\/ga\/wp-json\/wp\/v2\/users\/1"}],"replies":[{"embeddable":true,"href":"https:\/\/beststringer.com\/ga\/wp-json\/wp\/v2\/comments?post=38266"}],"version-history":[{"count":0,"href":"https:\/\/beststringer.com\/ga\/wp-json\/wp\/v2\/pages\/38266\/revisions"}],"wp:featuredmedia":[{"embeddable":true,"href":"https:\/\/beststringer.com\/ga\/wp-json\/wp\/v2\/media\/38267"}],"wp:attachment":[{"href":"https:\/\/beststringer.com\/ga\/wp-json\/wp\/v2\/media?parent=38266"}],"curies":[{"name":"wp","href":"https:\/\/api.w.org\/{rel}","templated":true}]}}