{"id":37821,"date":"2025-01-16T04:28:41","date_gmt":"2025-01-16T04:28:41","guid":{"rendered":"https:\/\/beststringer.com\/bss-19020-best-stringer-standard\/"},"modified":"2025-09-25T05:57:52","modified_gmt":"2025-09-25T05:57:52","slug":"bss-19020-best-stringer-standard","status":"publish","type":"page","link":"https:\/\/beststringer.com\/ga\/bss-19020-best-stringer-standard\/","title":{"rendered":"BSS 19020 Badminton &#8211; Caighde\u00e1n an Teannaire is Fearr"},"content":{"rendered":"<div class=\"gb-container gb-container-f66bc834\">\n<div class=\"gb-container gb-container-37db13f4\">\n<div class=\"gb-container gb-container-3021f73c\">\n<div id=\"ez-toc-container\" class=\"ez-toc-v2_0_82_2 ez-toc-wrap-left counter-hierarchy ez-toc-counter ez-toc-custom ez-toc-container-direction\">\n<div class=\"ez-toc-title-container\">\n<p class=\"ez-toc-title\" style=\"cursor:inherit\">Topics<\/p>\n<span class=\"ez-toc-title-toggle\"><a href=\"#\" class=\"ez-toc-pull-right ez-toc-btn ez-toc-btn-xs ez-toc-btn-default ez-toc-toggle\" aria-label=\"Toggle Table of Content\"><span class=\"ez-toc-js-icon-con\"><span class=\"\"><span class=\"eztoc-hide\" style=\"display:none;\">Toggle<\/span><span class=\"ez-toc-icon-toggle-span\"><svg style=\"fill: #ffffff;color:#ffffff\" xmlns=\"http:\/\/www.w3.org\/2000\/svg\" class=\"list-377408\" width=\"20px\" height=\"20px\" viewBox=\"0 0 24 24\" fill=\"none\"><path d=\"M6 6H4v2h2V6zm14 0H8v2h12V6zM4 11h2v2H4v-2zm16 0H8v2h12v-2zM4 16h2v2H4v-2zm16 0H8v2h12v-2z\" fill=\"currentColor\"><\/path><\/svg><svg style=\"fill: #ffffff;color:#ffffff\" class=\"arrow-unsorted-368013\" xmlns=\"http:\/\/www.w3.org\/2000\/svg\" width=\"10px\" height=\"10px\" viewBox=\"0 0 24 24\" version=\"1.2\" baseProfile=\"tiny\"><path d=\"M18.2 9.3l-6.2-6.3-6.2 6.3c-.2.2-.3.4-.3.7s.1.5.3.7c.2.2.4.3.7.3h11c.3 0 .5-.1.7-.3.2-.2.3-.5.3-.7s-.1-.5-.3-.7zM5.8 14.7l6.2 6.3 6.2-6.3c.2-.2.3-.5.3-.7s-.1-.5-.3-.7c-.2-.2-.4-.3-.7-.3h-11c-.3 0-.5.1-.7.3-.2.2-.3.5-.3.7s.1.5.3.7z\"\/><\/svg><\/span><\/span><\/span><\/a><\/span><\/div>\n<nav><ul class='ez-toc-list ez-toc-list-level-1 eztoc-toggle-hide-by-default' ><ul class='ez-toc-list-level-3' ><li class='ez-toc-heading-level-3'><a class=\"ez-toc-link ez-toc-heading-1\" href=\"https:\/\/beststringer.com\/ga\/bss-19020-best-stringer-standard\/#Reamhra_do_Chaighdean_Best_Stringer_%E2%80%93_BSS_19020\">R\u00e9amhr\u00e1 do Chaighde\u00e1n Best Stringer &#8211; BSS 19020<\/a><\/li><\/ul><\/li><li class='ez-toc-page-1 ez-toc-heading-level-2'><a class=\"ez-toc-link ez-toc-heading-2\" href=\"https:\/\/beststringer.com\/ga\/bss-19020-best-stringer-standard\/#Caighdeain_Theicniula_do_Shreangoiri_Badmantain\">Caighde\u00e1in Theicni\u00fala do Shreang\u00f3ir\u00ed Badmantain<\/a><\/li><li class='ez-toc-page-1 ez-toc-heading-level-2'><a class=\"ez-toc-link ez-toc-heading-3\" href=\"https:\/\/beststringer.com\/ga\/bss-19020-best-stringer-standard\/#Modhanna_Gairmiula_do_Sheirbhis_Sreangaithe_Badmantain\">Modhanna Gairmi\u00fala do Sheirbh\u00eds Sreangaithe Badmantain<\/a><\/li><li class='ez-toc-page-1 ez-toc-heading-level-2'><a class=\"ez-toc-link ez-toc-heading-4\" href=\"https:\/\/beststringer.com\/ga\/bss-19020-best-stringer-standard\/#Caighdeain_Chailiochta_Idirnaisiunta_do_Shreangoiri_Badmantain\">Caighde\u00e1in Ch\u00e1il\u00edochta Idirn\u00e1isi\u00fanta do Shreang\u00f3ir\u00ed Badmantain<\/a><\/li><li class='ez-toc-page-1 ez-toc-heading-level-2'><a class=\"ez-toc-link ez-toc-heading-5\" href=\"https:\/\/beststringer.com\/ga\/bss-19020-best-stringer-standard\/#Nosanna_Imeachta_um_Rialu_Cailiochta_ar_Shreangu_Racaid\">N\u00f3sanna Imeachta um Rial\u00fa C\u00e1il\u00edochta ar Shreang\u00fa Racaid<\/a><\/li><li class='ez-toc-page-1 ez-toc-heading-level-2'><a class=\"ez-toc-link ez-toc-heading-6\" href=\"https:\/\/beststringer.com\/ga\/bss-19020-best-stringer-standard\/#Modhanna_Measunaithe_dImreoiri_Badmantain\">Modhanna Meas\u00fanaithe d\u2019Imreoir\u00ed Badmantain<\/a><\/li><li class='ez-toc-page-1 ez-toc-heading-level-2'><a class=\"ez-toc-link ez-toc-heading-7\" href=\"https:\/\/beststringer.com\/ga\/bss-19020-best-stringer-standard\/#Caighdeain_Oideachais_maidir_le_Meaisin_Sreangaithe_Trealamh_Badmantain\">Caighde\u00e1in Oideachais maidir le Meais\u00edn Sreangaithe &amp; Trealamh Badmantain<\/a><ul class='ez-toc-list-level-3' ><li class='ez-toc-heading-level-3'><a class=\"ez-toc-link ez-toc-heading-8\" href=\"https:\/\/beststringer.com\/ga\/bss-19020-best-stringer-standard\/#BSS_19020_%E2%80%93_Caighdean_Gairmiuil_do_Shreangu_Badmantain\">BSS 19020 &#8211; Caighde\u00e1n Gairmi\u00fail do Shreang\u00fa Badmantain<\/a><\/li><li class='ez-toc-page-1 ez-toc-heading-level-3'><a class=\"ez-toc-link ez-toc-heading-9\" href=\"https:\/\/beststringer.com\/ga\/bss-19020-best-stringer-standard\/#Deimhniu_Sreangaithe_BSW\">Deimhni\u00fa Sreangaithe BSW<\/a><\/li><\/ul><\/li><\/ul><\/nav><\/div>\n\n\n\n\n<figure class=\"gb-block-image gb-block-image-fac71139\"><img loading=\"lazy\" decoding=\"async\" width=\"1321\" height=\"639\" class=\"gb-image gb-image-fac71139\" src=\"https:\/\/beststringer.com\/wp-content\/uploads\/2025\/01\/BSS19020-Introduction-to-Best-Stringer-Standard-BSS-19020.png\" alt=\"R\u00e9amhr\u00e1 do Chaighde\u00e1n Sreangaithe Racaid BSS 19020\" title=\"BSS19020 R\u00e9amhr\u00e1 do Chaighde\u00e1n Best Stringer - BSS 19020\" srcset=\"https:\/\/beststringer.com\/wp-content\/uploads\/2025\/01\/BSS19020-Introduction-to-Best-Stringer-Standard-BSS-19020.png 1321w, https:\/\/beststringer.com\/wp-content\/uploads\/2025\/01\/BSS19020-Introduction-to-Best-Stringer-Standard-BSS-19020-300x145.png 300w, https:\/\/beststringer.com\/wp-content\/uploads\/2025\/01\/BSS19020-Introduction-to-Best-Stringer-Standard-BSS-19020-1024x495.png 1024w, https:\/\/beststringer.com\/wp-content\/uploads\/2025\/01\/BSS19020-Introduction-to-Best-Stringer-Standard-BSS-19020-768x372.png 768w\" sizes=\"auto, (max-width: 1321px) 100vw, 1321px\" \/><\/figure>\n\n\n\n<h3 class=\"wp-block-heading\"><span class=\"ez-toc-section\" id=\"Reamhra_do_Chaighdean_Best_Stringer_%E2%80%93_BSS_19020\"><\/span>R\u00e9amhr\u00e1 do Chaighde\u00e1n Best Stringer &#8211; <mark style=\"background-color:rgba(0, 0, 0, 0)\" class=\"has-inline-color has-global-color-9-color\">BSS 19020<\/mark> <span class=\"ez-toc-section-end\"><\/span><\/h3>\n\n\n\n<p>Leagann BSS 19020 caighde\u00e1in nua s\u00edos do sheirbh\u00eds racaid badmantain ar fud an domhain. Cuid\u00edonn an caighde\u00e1n idirn\u00e1isi\u00fanta seo le sreang\u00f3ir\u00ed scileanna a fhorbairt a chuireann go d\u00edreach le feidhm\u00edocht imreoir\u00ed. Tr\u00ed mhodhanna praitici\u00fala agus treoirl\u00ednte soil\u00e9ire, m\u00faineann caighde\u00e1n sreangaithe racaid 19020 na teicn\u00edc\u00ed seirbh\u00edse cu\u00ed do racaid\u00ed nua-aimseartha.<\/p>\n\n\n\n<p>D\u2019fhorbair Best Stringer Worldwide an caighde\u00e1n seo chun cuidi\u00fa le sreang\u00f3ir\u00ed freastal n\u00edos fearr a dh\u00e9anamh ar imreoir\u00ed. Cl\u00fada\u00edonn caighde\u00e1n sreangaithe 19020 gach rud \u00f3 bhuntheicn\u00edc\u00ed feistithe go hardroghn\u00fa sreinge. Forbra\u00edonn gach cuid go n\u00e1d\u00fartha ar an eolas a th\u00e1inig roimhe, ag cabhr\u00fa le sreang\u00f3ir\u00ed a gcuid scileanna a fh\u00e1s go seasta agus seirbh\u00eds n\u00edos fearr a shol\u00e1thar d\u2019imreoir\u00ed ag gach leibh\u00e9al.<\/p>\n\n\n\n<h2 class=\"wp-block-heading\"><span class=\"ez-toc-section\" id=\"Caighdeain_Theicniula_do_Shreangoiri_Badmantain\"><\/span>Caighde\u00e1in Theicni\u00fala do Shreang\u00f3ir\u00ed Badmantain<span class=\"ez-toc-section-end\"><\/span><\/h2>\n\n\n\n<p>Tosa\u00edonn an caighde\u00e1n do shreang\u00f3ir\u00ed badmantain le l\u00e1imhse\u00e1il cheart trealaimh agus n\u00f3sanna imeachta socraithe. Tr\u00ed chaighde\u00e1n sreangaithe racaid 19020, foghlaim\u00edonn sreang\u00f3ir\u00ed na teicn\u00edc\u00ed feistithe cearta, \u00fas\u00e1id uirlis\u00ed, agus socr\u00fa punt. Is iad na bunscileanna seo an bonn do sheirbh\u00eds ardchaighde\u00e1in a chuid\u00edonn le himreoir\u00ed feidhmi\u00fa n\u00edos fearr ar an gc\u00fairt.<\/p>\n\n\n\n<p>Cialla\u00edonn l\u00e1imhse\u00e1il mhaith trealaimh racaid\u00ed a chosaint agus c\u00e1il\u00edocht chomhsheasmhach a choinne\u00e1il. Foghlaim\u00edonn sreang\u00f3ir\u00ed c\u00e9imeanna sonracha chun fr\u00e1ma\u00ed a fheisti\u00fa, uirlis\u00ed a \u00fas\u00e1id i gceart, agus punt a bhainisti\u00fa go h\u00e9ifeachtach. Cuid\u00edonn an aird ch\u00faramach seo ar bhunscileanna le dam\u00e1iste a chosc agus cinnt\u00edonn s\u00e9 tortha\u00ed seirbh\u00edse iontaofa ar f\u00e9idir le himreoir\u00ed brath orthu.<\/p>\n\n\n\n<h2 class=\"wp-block-heading\"><span class=\"ez-toc-section\" id=\"Modhanna_Gairmiula_do_Sheirbhis_Sreangaithe_Badmantain\"><\/span>Modhanna Gairmi\u00fala do Sheirbh\u00eds Sreangaithe Badmantain<span class=\"ez-toc-section-end\"><\/span><\/h2>\n\n\n\n<p>L\u00e9ir\u00edonn caighde\u00e1n an <a href=\"https:\/\/beststringer.com\/ga\/international-stringer-accreditation-isa\/\"><strong>tsreang\u00f3ra chreidi\u00fanaithe is fearr<\/strong><\/a> do shreang\u00f3ir\u00ed conas oibri\u00fa go c\u00f3rasach le trealamh nua-aimseartha do shreang\u00fa racaid badmantain. Leanann gach c\u00e9im sa phr\u00f3iseas sreangaithe modhanna soil\u00e9ire, t\u00e1st\u00e1ilte a chosna\u00edonn racaid\u00ed agus a chotha\u00edonn c\u00e1il\u00edocht chomhsheasmhach. Cuid\u00edonn an cur chuige c\u00f3rasach seo le sreang\u00f3ir\u00ed seirbh\u00eds iontaofa a shol\u00e1thar do gach imreoir lena n-oibr\u00edonn siad.<\/p>\n\n\n\n<p>I measc na modhanna gairmi\u00fala t\u00e1 doicim\u00e9ad\u00fa cu\u00ed agus n\u00f3sanna imeachta seice\u00e1la c\u00e1il\u00edochta. Foghlaim\u00edonn sreang\u00f3ir\u00ed sonra\u00ed sonracha a thaifeadadh faoi gach post seirbh\u00edse agus a gcuid oibre a fh\u00edor\u00fa go c\u00faramach. Cuid\u00edonn na n\u00f3sanna seo le caighde\u00e1in arda seirbh\u00edse a chothabh\u00e1il agus le muin\u00edn a choth\u00fa le himreoir\u00ed le himeacht ama.<\/p>\n\n\n\n<h2 class=\"wp-block-heading\"><span class=\"ez-toc-section\" id=\"Caighdeain_Chailiochta_Idirnaisiunta_do_Shreangoiri_Badmantain\"><\/span>Caighde\u00e1in Ch\u00e1il\u00edochta Idirn\u00e1isi\u00fanta do Shreang\u00f3ir\u00ed Badmantain<span class=\"ez-toc-section-end\"><\/span><\/h2>\n\n\n\n<p>Buna\u00edonn an caighde\u00e1n idirn\u00e1isi\u00fanta do shreang\u00f3ir\u00ed treoirl\u00ednte soil\u00e9ire do sheirbh\u00eds ghairmi\u00fail racaid. Foghlaim\u00edonn sreang\u00f3ir\u00ed na beala\u00ed cearta chun meas\u00fan\u00fa a dh\u00e9anamh ar racaid\u00ed, sreanga a roghn\u00fa, agus punt a shocr\u00fa bunaithe ar riachtanais an imreora. Cinnt\u00edonn caighde\u00e1n sreangaithe BSS 19020 go leanann gach seirbh\u00eds modhanna gairmi\u00fala a chuid\u00edonn le himreoir\u00ed feidhmi\u00fa n\u00edos fearr.<\/p>\n\n\n\n<p>Chun na ceanglais ch\u00e1il\u00edochta a chomhl\u00edonadh, is g\u00e1 an trealamh agus riachtanais an imreora a thuiscint go hioml\u00e1n. D\u00e9anann sreang\u00f3ir\u00ed staid\u00e9ar ar chine\u00e1lacha \u00e9ags\u00fala sreinge, ar \u00e9ifeachta\u00ed puint, agus ar riachtanais phatr\u00fain do st\u00edleanna imeartha \u00e9ags\u00fala. Cuid\u00edonn an t-eolas seo leo molta\u00ed n\u00edos fearr agus seirbh\u00eds n\u00edos \u00e9ifeachta\u00ed a thabhairt do gach imreoir.<\/p>\n\n\n\n<h2 class=\"wp-block-heading\"><span class=\"ez-toc-section\" id=\"Nosanna_Imeachta_um_Rialu_Cailiochta_ar_Shreangu_Racaid\"><\/span>N\u00f3sanna Imeachta um Rial\u00fa C\u00e1il\u00edochta ar Shreang\u00fa Racaid<span class=\"ez-toc-section-end\"><\/span><\/h2>\n\n\n\n<p>M\u00faineann an caighde\u00e1n sreangaithe badmantain n\u00f3sanna imeachta mionsonraithe seice\u00e1la c\u00e1il\u00edochta do shreang\u00f3ir\u00ed. \u00c1ir\u00edtear i ngach seirbh\u00eds c\u00e9imeanna sonracha chun punt, cruinneas an phatr\u00fain, agus c\u00e1il\u00edocht na cr\u00edochnaithe a fh\u00edor\u00fa. Cuid\u00edonn na seice\u00e1lacha c\u00faramacha seo le caighde\u00e1in ghairmi\u00fala chomhsheasmhacha a choinne\u00e1il i ngach post seirbh\u00edse.<\/p>\n\n\n\n<p>\u00c1ir\u00edtear le rial\u00fa c\u00e1il\u00edochta seice\u00e1lacha teicni\u00fala agus aiseolas \u00f3 imreoir\u00ed araon. Foghlaim\u00edonn sreang\u00f3ir\u00ed a gcuid oibre a th\u00e1st\u00e1il go c\u00f3rasach agus \u00e9isteacht go c\u00faramach le tuairim\u00ed imreoir\u00ed faoina bhfeidhm\u00edocht. Cuid\u00edonn an measc\u00e1n seo de scil theicni\u00fail agus cumars\u00e1id le himreoir\u00ed le tortha\u00ed seirbh\u00edse n\u00edos fearr a chinnti\u00fa.<\/p>\n\n\n\n<h2 class=\"wp-block-heading\"><span class=\"ez-toc-section\" id=\"Modhanna_Measunaithe_dImreoiri_Badmantain\"><\/span>Modhanna Meas\u00fanaithe d\u2019Imreoir\u00ed Badmantain<span class=\"ez-toc-section-end\"><\/span><\/h2>\n\n\n\n<p>M\u00faineann caighde\u00e1n sreangaithe 19020 do shreang\u00f3ir\u00ed oibri\u00fa go dl\u00fath le himreoir\u00ed chun a gcuid riachtanas sonrach a thuiscint. Foghlaim\u00edonn siad ceisteanna maithe a chur faoi st\u00edl imeartha, roghanna pearsanta, agus aon fhadhbanna a bh\u00edonn ag imreoir\u00ed lena dtrealamh. Cuid\u00edonn an t-eolas seo leo molta\u00ed n\u00edos fearr a thabhairt maidir le <a href=\"https:\/\/www.yonex.com\/badminton\/strings\" target=\"_blank\" rel=\"noopener\"><strong>sreang<\/strong><\/a> agus punt a fheabhsa\u00edonn feidhm\u00edocht an imreora.<\/p>\n\n\n\n<p>Chun imreoir\u00ed a thuiscint, is g\u00e1 foghlaim faoi st\u00edleanna imeartha agus leibh\u00e9il scile \u00e9ags\u00fala. D\u00e9anann sreang\u00f3ir\u00ed staid\u00e9ar ar an gcaoi a dt\u00e9ann socruithe \u00e9ags\u00fala sreinge i bhfeidhm ar chine\u00e1lacha \u00e9ags\u00fala imreoir\u00ed. Cuid\u00edonn s\u00e9 seo leo sonra\u00edochta\u00ed trealaimh a mheaitse\u00e1il n\u00edos dl\u00faithe le riachtanais agus cumais gach imreora.<\/p>\n\n\n\n<h2 class=\"wp-block-heading\"><span class=\"ez-toc-section\" id=\"Caighdeain_Oideachais_maidir_le_Meaisin_Sreangaithe_Trealamh_Badmantain\"><\/span>Caighde\u00e1in Oideachais maidir le Meais\u00edn Sreangaithe &amp; Trealamh Badmantain<span class=\"ez-toc-section-end\"><\/span><\/h2>\n\n\n\n<p>\u00c1ir\u00edtear sa chaighde\u00e1n sreangaithe modhanna chun imreoir\u00ed a theagasc go h\u00e9ifeachtach faoina dtrealamh. Foghlaim\u00edonn sreang\u00f3ir\u00ed faisn\u00e9is theicni\u00fail a mh\u00edni\u00fa i dt\u00e9arma\u00ed soil\u00e9ire, simpl\u00ed ar f\u00e9idir le himreoir\u00ed a thuiscint agus a \u00fas\u00e1id. Cuid\u00edonn s\u00e9 seo le himreoir\u00ed cinnt\u00ed n\u00edos fearr a dh\u00e9anamh faoi shocr\u00fa a racaid agus feidhm\u00edocht n\u00edos fearr a choinne\u00e1il ar a dtrealamh.<\/p>\n\n\n\n<p>Cuid\u00edonn oideachas maith ar threalamh le fadhbanna a chosc agus le s\u00e1stacht imreoir\u00ed a fheabhs\u00fa. Foghlaim\u00edonn sreang\u00f3ir\u00ed na n\u00f3sanna imeachta c\u00faraim cu\u00ed a mh\u00edni\u00fa agus cabhra\u00edonn siad le himreoir\u00ed a thuiscint conas a th\u00e9ann a roghanna i bhfeidhm ar fheidhm\u00edocht an racaid. Crutha\u00edonn an comhroinnt eolais seo tuiscint n\u00edos fearr idir sreang\u00f3ir\u00ed agus imreoir\u00ed.<\/p>\n\n\n\n<figure class=\"gb-block-image gb-block-image-58d07be1\"><img loading=\"lazy\" decoding=\"async\" width=\"1979\" height=\"1180\" class=\"gb-image gb-image-58d07be1\" src=\"https:\/\/beststringer.com\/wp-content\/uploads\/2025\/01\/Introduction-to-Best-Stringer-Standard-BSS-19020-Metric-Best-Stringer-Worldwide.png\" alt=\"R\u00e9amhr\u00e1 do Chaighde\u00e1n Sreangaithe Racaid BSS 19020 \u00f3 Best Stringer Worldwide\" title=\"R\u00e9amhr\u00e1 do Chaighde\u00e1n Best Stringer - BSS 19020 M\u00e9adrach \u00f3 Best Stringer Worldwide\" srcset=\"https:\/\/beststringer.com\/wp-content\/uploads\/2025\/01\/Introduction-to-Best-Stringer-Standard-BSS-19020-Metric-Best-Stringer-Worldwide.png 1979w, https:\/\/beststringer.com\/wp-content\/uploads\/2025\/01\/Introduction-to-Best-Stringer-Standard-BSS-19020-Metric-Best-Stringer-Worldwide-300x179.png 300w, https:\/\/beststringer.com\/wp-content\/uploads\/2025\/01\/Introduction-to-Best-Stringer-Standard-BSS-19020-Metric-Best-Stringer-Worldwide-1024x611.png 1024w, https:\/\/beststringer.com\/wp-content\/uploads\/2025\/01\/Introduction-to-Best-Stringer-Standard-BSS-19020-Metric-Best-Stringer-Worldwide-768x458.png 768w, https:\/\/beststringer.com\/wp-content\/uploads\/2025\/01\/Introduction-to-Best-Stringer-Standard-BSS-19020-Metric-Best-Stringer-Worldwide-1536x916.png 1536w\" sizes=\"auto, (max-width: 1979px) 100vw, 1979px\" \/><\/figure>\n\n\n<div class=\"gb-grid-wrapper gb-grid-wrapper-edaaa1da\">\n<div class=\"gb-grid-column gb-grid-column-8931dd45\"><div class=\"gb-container gb-container-8931dd45\">\n\n<figure class=\"gb-block-image gb-block-image-d6a14726\"><img loading=\"lazy\" decoding=\"async\" width=\"1080\" height=\"1080\" class=\"gb-image gb-image-d6a14726\" src=\"https:\/\/beststringer.com\/wp-content\/uploads\/2025\/01\/BSS-19020-Standard-Racquet-Stringing-Quality-Control-Procedures-International-Stringer-Standard.jpeg\" alt=\"N\u00f3sanna Imeachta um Rial\u00fa C\u00e1il\u00edochta Sreangaithe Racaid BSS 19020\" title=\"N\u00f3sanna Imeachta um Rial\u00fa C\u00e1il\u00edochta Sreangaithe Racaid de r\u00e9ir Chaighde\u00e1n Idirn\u00e1isi\u00fanta Sreang\u00f3ir\u00ed BSS 19020\" srcset=\"https:\/\/beststringer.com\/wp-content\/uploads\/2025\/01\/BSS-19020-Standard-Racquet-Stringing-Quality-Control-Procedures-International-Stringer-Standard.jpeg 1080w, https:\/\/beststringer.com\/wp-content\/uploads\/2025\/01\/BSS-19020-Standard-Racquet-Stringing-Quality-Control-Procedures-International-Stringer-Standard-300x300.jpeg 300w, https:\/\/beststringer.com\/wp-content\/uploads\/2025\/01\/BSS-19020-Standard-Racquet-Stringing-Quality-Control-Procedures-International-Stringer-Standard-1024x1024.jpeg 1024w, https:\/\/beststringer.com\/wp-content\/uploads\/2025\/01\/BSS-19020-Standard-Racquet-Stringing-Quality-Control-Procedures-International-Stringer-Standard-150x150.jpeg 150w, https:\/\/beststringer.com\/wp-content\/uploads\/2025\/01\/BSS-19020-Standard-Racquet-Stringing-Quality-Control-Procedures-International-Stringer-Standard-768x768.jpeg 768w\" sizes=\"auto, (max-width: 1080px) 100vw, 1080px\" \/><\/figure>\n\n<\/div><\/div>\n\n<div class=\"gb-grid-column gb-grid-column-64386c9d\"><div class=\"gb-container gb-container-64386c9d\">\n\n<figure class=\"gb-block-image gb-block-image-4a9d3a38\"><img loading=\"lazy\" decoding=\"async\" width=\"1080\" height=\"1080\" class=\"gb-image gb-image-4a9d3a38\" src=\"https:\/\/beststringer.com\/wp-content\/uploads\/2025\/01\/Badminton-Stringer-Technical-Standards-BSS19020-BSW.jpeg\" alt=\"Caighde\u00e1in Theicni\u00fala do Shreang\u00f3ir Badmantain BSS 19020\" title=\"Caighde\u00e1in Theicni\u00fala do Shreang\u00f3ir Badmantain BSS19020 BSW\" srcset=\"https:\/\/beststringer.com\/wp-content\/uploads\/2025\/01\/Badminton-Stringer-Technical-Standards-BSS19020-BSW.jpeg 1080w, https:\/\/beststringer.com\/wp-content\/uploads\/2025\/01\/Badminton-Stringer-Technical-Standards-BSS19020-BSW-300x300.jpeg 300w, https:\/\/beststringer.com\/wp-content\/uploads\/2025\/01\/Badminton-Stringer-Technical-Standards-BSS19020-BSW-1024x1024.jpeg 1024w, https:\/\/beststringer.com\/wp-content\/uploads\/2025\/01\/Badminton-Stringer-Technical-Standards-BSS19020-BSW-150x150.jpeg 150w, https:\/\/beststringer.com\/wp-content\/uploads\/2025\/01\/Badminton-Stringer-Technical-Standards-BSS19020-BSW-768x768.jpeg 768w\" sizes=\"auto, (max-width: 1080px) 100vw, 1080px\" \/><\/figure>\n\n<\/div><\/div>\n\n<div class=\"gb-grid-column gb-grid-column-060f3b5f\"><div class=\"gb-container gb-container-060f3b5f\">\n\n<figure class=\"gb-block-image gb-block-image-a89b8851\"><img loading=\"lazy\" decoding=\"async\" width=\"1080\" height=\"1080\" class=\"gb-image gb-image-a89b8851\" src=\"https:\/\/beststringer.com\/wp-content\/uploads\/2025\/01\/Professional-Badminton-Stringing-Service-Methods-19020.jpeg\" alt=\"Modhanna Gairmi\u00fala do Sheirbh\u00eds Sreangaithe Badmantain 19020\" title=\"Modhanna Gairmi\u00fala do Sheirbh\u00eds Sreangaithe Badmantain 19020\" srcset=\"https:\/\/beststringer.com\/wp-content\/uploads\/2025\/01\/Professional-Badminton-Stringing-Service-Methods-19020.jpeg 1080w, https:\/\/beststringer.com\/wp-content\/uploads\/2025\/01\/Professional-Badminton-Stringing-Service-Methods-19020-300x300.jpeg 300w, https:\/\/beststringer.com\/wp-content\/uploads\/2025\/01\/Professional-Badminton-Stringing-Service-Methods-19020-1024x1024.jpeg 1024w, https:\/\/beststringer.com\/wp-content\/uploads\/2025\/01\/Professional-Badminton-Stringing-Service-Methods-19020-150x150.jpeg 150w, https:\/\/beststringer.com\/wp-content\/uploads\/2025\/01\/Professional-Badminton-Stringing-Service-Methods-19020-768x768.jpeg 768w\" sizes=\"auto, (max-width: 1080px) 100vw, 1080px\" \/><\/figure>\n\n<\/div><\/div>\n\n<div class=\"gb-grid-column gb-grid-column-d17e89bb\"><div class=\"gb-container gb-container-d17e89bb\">\n\n<figure class=\"gb-block-image gb-block-image-b6cf4228\"><img loading=\"lazy\" decoding=\"async\" width=\"1080\" height=\"1080\" class=\"gb-image gb-image-b6cf4228\" src=\"https:\/\/beststringer.com\/wp-content\/uploads\/2025\/01\/International-Badminton-Stringer-Quality-Standards-BSS19020.jpeg\" alt=\"Caighde\u00e1in Idirn\u00e1isi\u00fanta C\u00e1il\u00edochta do Shreang\u00f3ir Badmantain BSS19020\" title=\"Caighde\u00e1in Idirn\u00e1isi\u00fanta C\u00e1il\u00edochta do Shreang\u00f3ir Badmantain BSS19020\" srcset=\"https:\/\/beststringer.com\/wp-content\/uploads\/2025\/01\/International-Badminton-Stringer-Quality-Standards-BSS19020.jpeg 1080w, https:\/\/beststringer.com\/wp-content\/uploads\/2025\/01\/International-Badminton-Stringer-Quality-Standards-BSS19020-300x300.jpeg 300w, https:\/\/beststringer.com\/wp-content\/uploads\/2025\/01\/International-Badminton-Stringer-Quality-Standards-BSS19020-1024x1024.jpeg 1024w, https:\/\/beststringer.com\/wp-content\/uploads\/2025\/01\/International-Badminton-Stringer-Quality-Standards-BSS19020-150x150.jpeg 150w, https:\/\/beststringer.com\/wp-content\/uploads\/2025\/01\/International-Badminton-Stringer-Quality-Standards-BSS19020-768x768.jpeg 768w\" sizes=\"auto, (max-width: 1080px) 100vw, 1080px\" \/><\/figure>\n\n<\/div><\/div>\n<\/div>\n<\/div>\n<\/div>\n<\/div>\n\n<section class=\"gb-container gb-container-21e3c652\">\n<div class=\"gb-container gb-container-11344779\">\n\n<h3 class=\"gb-headline gb-headline-39f4cce2 gb-headline-text\"><span class=\"ez-toc-section\" id=\"BSS_19020_%E2%80%93_Caighdean_Gairmiuil_do_Shreangu_Badmantain\"><\/span>BSS 19020 &#8211; Caighde\u00e1n Gairmi\u00fail do Shreang\u00fa Badmantain<span class=\"ez-toc-section-end\"><\/span><\/h3>\n\n\n\n<p class=\"gb-headline gb-headline-c6c5990e gb-headline-text\">Forbra\u00edonn BSS 19020 scileanna gairmi\u00fala i sreang\u00fa badmantain tr\u00ed oili\u00faint chuimsitheach bunaithe ar an gcaighde\u00e1n is fearr do shreang\u00f3ir\u00ed. Comhcheangla\u00edonn an caighde\u00e1n idirn\u00e1isi\u00fanta seo teicn\u00edc\u00ed praitici\u00fala le heolas teicni\u00fail, ag ullmh\u00fa sreang\u00f3ir\u00ed chun seirbh\u00eds ardchaighde\u00e1in a shol\u00e1thar a chuid\u00edonn le himreoir\u00ed feidhmi\u00fa n\u00edos fearr. Tr\u00ed ch\u00f3ras chaighde\u00e1in sreangaithe racaid 19020, foghlaim\u00edonn sreang\u00f3ir\u00ed deimhnithe na modhanna cearta feistithe, sreangaithe agus bainist\u00edochta puint a fheabhsa\u00edonn feidhm\u00edocht imreoir\u00ed go d\u00edreach.<\/p>\n\n\n<div class=\"gb-container gb-container-ec1a2ce6\">\n<div class=\"gb-container gb-container-238a634b\"><\/div>\n<\/div>\n\n\n<div id=\"youtube-player\"><\/div>\n<script>\n  var videoLoaded = false;\n\n  function loadYouTubeVideo() {\n    if (videoLoaded) return;\n    videoLoaded = true;\n    var tag = document.createElement('script');\n    tag.src = \"https:\/\/www.youtube.com\/iframe_api\";\n    var firstScriptTag = document.getElementsByTagName('script')[0];\n    firstScriptTag.parentNode.insertBefore(tag, firstScriptTag);\n  }\n\n  function onYouTubeIframeAPIReady() {\n    new YT.Player('youtube-player', {\n      height: '360',\n      width: '640',\n      videoId: 'PVFRpb_r9lA', \/\/ Your video ID\n      events: {\n        'onReady': onPlayerReady\n      }\n    });\n  }\n\n  function onPlayerReady(event) {\n    \/\/ Video is ready to play\n  }\n\n  \/\/ Load the YouTube API script when the page is scrolled\n  window.addEventListener('scroll', loadYouTubeVideo, { once: true });\n\n  \/\/ Also load if the user hasn't scrolled after 3 seconds\n  setTimeout(loadYouTubeVideo, 3000);\n<\/script>\n\n<\/div>\n<\/section>\n\n<section class=\"gb-container gb-container-49b9586e\">\n<div class=\"gb-container gb-container-a2e9522c\"><\/div>\n\n<div class=\"gb-container gb-container-0e11192a\">\n\n<h3 class=\"gb-headline gb-headline-5cf408ee gb-headline-text\"><span class=\"ez-toc-section\" id=\"Deimhniu_Sreangaithe_BSW\"><\/span>Deimhni\u00fa Sreangaithe BSW<span class=\"ez-toc-section-end\"><\/span><\/h3>\n\n\n<div class=\"gb-container gb-container-daaa2e63\">\n<div class=\"gb-container gb-container-bda621fe\"><\/div>\n\n<div class=\"gb-container gb-container-4b0ac72b\"><\/div>\n<\/div>\n\n\n<p class=\"gb-headline gb-headline-edf98545 gb-headline-text\">Foghlaim scileanna gairmi\u00fala sreangaithe don bhadmantan, don lead\u00f3g, agus don scuais. Cl\u00fada\u00edonn deimhni\u00fa BSW na teicn\u00edc\u00ed cearta, teicneola\u00edocht racaid, agus meas\u00fan\u00fa ar riachtanais imreoir\u00ed.<\/p>\n\n\n\n<a class=\"gb-button gb-button-a29641e0 gb-button-text\" href=\"https:\/\/beststringer.com\/ga\/stringing-certificate\/\">Sonra\u00ed an Deimhnithe<\/a>\n\n<\/div>\n<\/section>","protected":false},"excerpt":{"rendered":"<p>R\u00e9amhr\u00e1 do Chaighde\u00e1n Best Stringer &#8211; BSS 19020 Leagann BSS 19020 caighde\u00e1in nua s\u00edos do sheirbh\u00eds racaid badmantain ar fud an domhain. Cuid\u00edonn an caighde\u00e1n idirn\u00e1isi\u00fanta seo le sreang\u00f3ir\u00ed scileanna a fhorbairt a chuireann go d\u00edreach le feidhm\u00edocht imreoir\u00ed. Tr\u00ed mhodhanna praitici\u00fala agus treoirl\u00ednte soil\u00e9ire, m\u00faineann caighde\u00e1n sreangaithe racaid 19020 na teicn\u00edc\u00ed seirbh\u00edse cu\u00ed do &#8230; <a title=\"BSS 19020 Badminton &#8211; Caighde\u00e1n an Teannaire is Fearr\" class=\"read-more\" href=\"https:\/\/beststringer.com\/ga\/bss-19020-best-stringer-standard\/\" aria-label=\"Read more about BSS 19020 Badminton &#8211; Caighde\u00e1n an Teannaire is Fearr\">Read more<\/a><\/p>\n","protected":false},"author":1,"featured_media":37822,"parent":0,"menu_order":0,"comment_status":"closed","ping_status":"closed","template":"","meta":{"footnotes":""},"class_list":{"0":"post-37821","1":"page","2":"type-page","3":"status-publish","4":"has-post-thumbnail","6":"infinite-scroll-item"},"_links":{"self":[{"href":"https:\/\/beststringer.com\/ga\/wp-json\/wp\/v2\/pages\/37821","targetHints":{"allow":["GET"]}}],"collection":[{"href":"https:\/\/beststringer.com\/ga\/wp-json\/wp\/v2\/pages"}],"about":[{"href":"https:\/\/beststringer.com\/ga\/wp-json\/wp\/v2\/types\/page"}],"author":[{"embeddable":true,"href":"https:\/\/beststringer.com\/ga\/wp-json\/wp\/v2\/users\/1"}],"replies":[{"embeddable":true,"href":"https:\/\/beststringer.com\/ga\/wp-json\/wp\/v2\/comments?post=37821"}],"version-history":[{"count":0,"href":"https:\/\/beststringer.com\/ga\/wp-json\/wp\/v2\/pages\/37821\/revisions"}],"wp:featuredmedia":[{"embeddable":true,"href":"https:\/\/beststringer.com\/ga\/wp-json\/wp\/v2\/media\/37822"}],"wp:attachment":[{"href":"https:\/\/beststringer.com\/ga\/wp-json\/wp\/v2\/media?parent=37821"}],"curies":[{"name":"wp","href":"https:\/\/api.w.org\/{rel}","templated":true}]}}