{"id":51185,"date":"2024-08-05T05:02:01","date_gmt":"2024-08-05T05:02:01","guid":{"rendered":"https:\/\/beststringer.com\/collaborations-and-recognitions\/"},"modified":"2025-10-01T10:20:14","modified_gmt":"2025-10-01T10:20:14","slug":"collaborations-and-recognitions","status":"publish","type":"page","link":"https:\/\/beststringer.com\/fr\/collaborations-and-recognitions\/","title":{"rendered":"Collaborations BSW | Faire Progresser la Formation des Cordeurs en Cordage"},"content":{"rendered":"<div class=\"gb-container gb-container-f66bc834\">\n<div class=\"gb-container gb-container-3423e27e\">\n<div class=\"gb-container gb-container-4ea2fbf1\">\n<div id=\"ez-toc-container\" class=\"ez-toc-v2_0_82_2 ez-toc-wrap-left counter-hierarchy ez-toc-counter ez-toc-custom ez-toc-container-direction\">\n<div class=\"ez-toc-title-container\">\n<p class=\"ez-toc-title\" style=\"cursor:inherit\">Topics<\/p>\n<span class=\"ez-toc-title-toggle\"><a href=\"#\" class=\"ez-toc-pull-right ez-toc-btn ez-toc-btn-xs ez-toc-btn-default ez-toc-toggle\" aria-label=\"Toggle Table of Content\"><span class=\"ez-toc-js-icon-con\"><span class=\"\"><span class=\"eztoc-hide\" style=\"display:none;\">Toggle<\/span><span class=\"ez-toc-icon-toggle-span\"><svg style=\"fill: #ffffff;color:#ffffff\" xmlns=\"http:\/\/www.w3.org\/2000\/svg\" class=\"list-377408\" width=\"20px\" height=\"20px\" viewBox=\"0 0 24 24\" fill=\"none\"><path d=\"M6 6H4v2h2V6zm14 0H8v2h12V6zM4 11h2v2H4v-2zm16 0H8v2h12v-2zM4 16h2v2H4v-2zm16 0H8v2h12v-2z\" fill=\"currentColor\"><\/path><\/svg><svg style=\"fill: #ffffff;color:#ffffff\" class=\"arrow-unsorted-368013\" xmlns=\"http:\/\/www.w3.org\/2000\/svg\" width=\"10px\" height=\"10px\" viewBox=\"0 0 24 24\" version=\"1.2\" baseProfile=\"tiny\"><path d=\"M18.2 9.3l-6.2-6.3-6.2 6.3c-.2.2-.3.4-.3.7s.1.5.3.7c.2.2.4.3.7.3h11c.3 0 .5-.1.7-.3.2-.2.3-.5.3-.7s-.1-.5-.3-.7zM5.8 14.7l6.2 6.3 6.2-6.3c.2-.2.3-.5.3-.7s-.1-.5-.3-.7c-.2-.2-.4-.3-.7-.3h-11c-.3 0-.5.1-.7.3-.2.2-.3.5-.3.7s.1.5.3.7z\"\/><\/svg><\/span><\/span><\/span><\/a><\/span><\/div>\n<nav><ul class='ez-toc-list ez-toc-list-level-1 eztoc-toggle-hide-by-default' ><li class='ez-toc-page-1 ez-toc-heading-level-3'><a class=\"ez-toc-link ez-toc-heading-1\" href=\"https:\/\/beststringer.com\/fr\/collaborations-and-recognitions\/#Notre_Approche_Collaborative\" >Notre Approche Collaborative<\/a><\/li><li class='ez-toc-page-1 ez-toc-heading-level-3'><a class=\"ez-toc-link ez-toc-heading-2\" href=\"https:\/\/beststringer.com\/fr\/collaborations-and-recognitions\/#Processus_de_Reconnaissance\" >Processus de Reconnaissance<\/a><\/li><li class='ez-toc-page-1 ez-toc-heading-level-3'><a class=\"ez-toc-link ez-toc-heading-3\" href=\"https:\/\/beststringer.com\/fr\/collaborations-and-recognitions\/#Avantages_de_la_Collaboration\" >Avantages de la Collaboration<\/a><\/li><li class='ez-toc-page-1 ez-toc-heading-level-3'><a class=\"ez-toc-link ez-toc-heading-4\" href=\"https:\/\/beststringer.com\/fr\/collaborations-and-recognitions\/#Collaborations_et_Reconnaissances_dans_le_Cordage_de_Raquette_a_lEchelle_Mondiale\" >Collaborations et Reconnaissances dans le Cordage de Raquette \u00e0 l&rsquo;\u00c9chelle Mondiale<\/a><\/li><li class='ez-toc-page-1 ez-toc-heading-level-3'><a class=\"ez-toc-link ez-toc-heading-5\" href=\"https:\/\/beststringer.com\/fr\/collaborations-and-recognitions\/#Rejoignez_le_Reseau_Mondial_de_Cordage_de_BSW\" >Rejoignez le R\u00e9seau Mondial de Cordage de BSW<\/a><\/li><\/ul><\/nav><\/div>\n\n\n\n\n<p class=\"gb-headline gb-headline-d07d49cf gb-headline-text\">Chez Best Stringer Worldwide (BSW), nous croyons au pouvoir de la collaboration pour faire progresser la formation en cordage et am\u00e9liorer les sports de raquette \u00e0 l&rsquo;\u00e9chelle mondiale. Nous accueillons les partenariats avec des organisations qui partagent notre vision d&rsquo;aider les joueurs \u00e0 mieux performer gr\u00e2ce \u00e0 un cordage de raquette de qualit\u00e9.<\/p>\n\n<\/div>\n<\/div>\n\n<div class=\"gb-container gb-container-37db13f4\">\n<div class=\"gb-container gb-container-3021f73c\">\n\n<h3 class=\"gb-headline gb-headline-e5c79f72 gb-headline-text\"><span class=\"ez-toc-section\" id=\"Notre_Approche_Collaborative\"><\/span>Notre <mark style=\"background-color:rgba(0, 0, 0, 0)\" class=\"has-inline-color has-global-color-9-color\">Approche<\/mark> Collaborative<span class=\"ez-toc-section-end\"><\/span><\/h3>\n\n\n\n<p class=\"gb-headline gb-headline-7d760a3f gb-headline-text\">1.<strong> Vision partag\u00e9e :<\/strong><br>Nous recherchons des organisations engag\u00e9es \u00e0 am\u00e9liorer la performance des joueurs, et pas seulement le profit.<br>2.<strong> Int\u00e9grit\u00e9 p\u00e9dagogique :<\/strong><br>Les partenaires doivent maintenir des processus d&rsquo;examen stricts et transparents.<br>3. <strong>Formation compl\u00e8te :<\/strong><br>Nous valorisons les programmes qui couvrent en profondeur les concepts, la logique et la th\u00e9orie du cordage.<br>4.<strong> Approche centr\u00e9e sur le joueur :<\/strong><br>Les collaborateurs doivent prioriser les besoins et l&rsquo;am\u00e9lioration du joueur.<br>5.<strong> Am\u00e9lioration continue :<\/strong><br>Nous recherchons des organisations d\u00e9di\u00e9es au perfectionnement constant des techniques et de la formation en cordage.<\/p>\n\n<\/div>\n<\/div>\n\n<div class=\"gb-container gb-container-8072e76b\">\n<div class=\"gb-container gb-container-eabf3753\">\n\n<h3 class=\"gb-headline gb-headline-0ad93116 gb-headline-text\"><span class=\"ez-toc-section\" id=\"Processus_de_Reconnaissance\"><\/span><strong><mark style=\"background-color:rgba(0, 0, 0, 0)\" class=\"has-inline-color has-global-color-9-color\">Processus<\/mark> de Reconnaissance<\/strong><span class=\"ez-toc-section-end\"><\/span><\/h3>\n\n\n\n<p class=\"gb-headline gb-headline-0e4cbc73 gb-headline-text\">Les organisations int\u00e9ress\u00e9es par une reconnaissance mutuelle peuvent :<br>1. Soumettre leur programme et leur processus d&rsquo;examen pour \u00e9valuation<br>2. D\u00e9montrer leur alignement avec les standards p\u00e9dagogiques de BSW<br>3. Fournir la preuve de leur engagement envers l&rsquo;am\u00e9lioration du joueur<br>4. Donner des exemples de leur application pratique de la th\u00e9orie du cordage<\/p>\n\n<\/div>\n<\/div>\n\n<div class=\"gb-container gb-container-90ecf704\">\n<div class=\"gb-container gb-container-5939e332\">\n\n<h3 class=\"gb-headline gb-headline-fd44004c gb-headline-text\"><span class=\"ez-toc-section\" id=\"Avantages_de_la_Collaboration\"><\/span><strong><mark style=\"background-color:rgba(0, 0, 0, 0)\" class=\"has-inline-color has-global-color-9-color\">Avantages<\/mark> de la Collaboration<\/strong><span class=\"ez-toc-section-end\"><\/span><\/h3>\n\n\n\n<p class=\"gb-headline gb-headline-053891c0 gb-headline-text\">1. Partage des meilleures pratiques en formation de cordage<br>2. Reconnaissance crois\u00e9e des certifications, \u00e9largissant les opportunit\u00e9s pour les cordeurs<br>3. Initiatives de recherche conjointes pour faire progresser la compr\u00e9hension de la technologie des raquettes<br>4. Ateliers collaboratifs pour am\u00e9liorer les standards mondiaux du cordage<\/p>\n\n<\/div>\n<\/div>\n\n<div class=\"gb-container gb-container-8ae3b9c0\">\n<div class=\"gb-container gb-container-0033085e\">\n\n<p>Notre objectif est de cr\u00e9er un r\u00e9seau de fournisseurs de formation en cordage de haute qualit\u00e9. Gr\u00e2ce \u00e0 ces collaborations, nous visons \u00e0 \u00e9lever le niveau du cordage dans le monde entier, au b\u00e9n\u00e9fice des joueurs de tous niveaux.<\/p>\n\n\n\n<p>Si votre organisation partage ces valeurs et souhaite explorer une collaboration, veuillez nous contacter \u00e0 <strong><a href=\"mailto:info@beststringer.com\">info@beststringer.com<\/a><\/strong>.<\/p>\n\n\n\n<p>Ensemble, nous pouvons am\u00e9liorer les sports de raquette gr\u00e2ce \u00e0 une meilleure formation en cordage.<\/p>\n\n\n\n<figure class=\"gb-block-image gb-block-image-5ab81a85\"><img loading=\"lazy\" decoding=\"async\" width=\"819\" height=\"372\" class=\"gb-image gb-image-5ab81a85\" src=\"https:\/\/beststringer.com\/wp-content\/uploads\/2024\/10\/Collaborations-and-Recognitions-Best-Stringer-Worldwide-Racquet-Stringing-Certification.png\" alt=\"Collaborations pour la certification de cordage de raquette en {{COUNTRY_LOCAL}}\" title=\"Reconnaissance mondiale des certifications de cordeur BSW en {{CITY_LOCAL}}\" srcset=\"https:\/\/beststringer.com\/wp-content\/uploads\/2024\/10\/Collaborations-and-Recognitions-Best-Stringer-Worldwide-Racquet-Stringing-Certification.png 819w, https:\/\/beststringer.com\/wp-content\/uploads\/2024\/10\/Collaborations-and-Recognitions-Best-Stringer-Worldwide-Racquet-Stringing-Certification-300x136.png 300w, https:\/\/beststringer.com\/wp-content\/uploads\/2024\/10\/Collaborations-and-Recognitions-Best-Stringer-Worldwide-Racquet-Stringing-Certification-768x349.png 768w\" sizes=\"auto, (max-width: 819px) 100vw, 819px\" \/><\/figure>\n\n<\/div>\n<\/div>\n<\/div>\n\n<section class=\"gb-container gb-container-21e3c652\">\n<div class=\"gb-container gb-container-11344779\">\n\n<h3 class=\"gb-headline gb-headline-39f4cce2 gb-headline-text\"><span class=\"ez-toc-section\" id=\"Collaborations_et_Reconnaissances_dans_le_Cordage_de_Raquette_a_lEchelle_Mondiale\"><\/span>Collaborations et Reconnaissances dans le Cordage de Raquette \u00e0 l&rsquo;\u00c9chelle Mondiale<span class=\"ez-toc-section-end\"><\/span><\/h3>\n\n\n\n<p class=\"gb-headline gb-headline-c6c5990e gb-headline-text\">D\u00e9couvrez comment BSW collabore avec des organisations du monde entier pour am\u00e9liorer la formation en cordage de raquette. Cette vid\u00e9o explique notre approche collaborative, y compris la mani\u00e8re dont nous s\u00e9lectionnons nos partenaires, notre processus de reconnaissance, et les avantages pour les cordeurs et les joueurs. Apprenez pourquoi la coop\u00e9ration dans la formation au cordage est essentielle pour l&rsquo;avenir du tennis, du badminton et du squash.<\/p>\n\n\n<div class=\"gb-container gb-container-ec1a2ce6\">\n<div class=\"gb-container gb-container-238a634b\"><\/div>\n<\/div>\n\n\n<div id=\"youtube-player\"><\/div>\n<script>\n  var videoLoaded = false;\n\n  function loadYouTubeVideo() {\n    if (videoLoaded) return;\n    videoLoaded = true;\n    var tag = document.createElement('script');\n    tag.src = \"https:\/\/www.youtube.com\/iframe_api\";\n    var firstScriptTag = document.getElementsByTagName('script')[0];\n    firstScriptTag.parentNode.insertBefore(tag, firstScriptTag);\n  }\n\n  function onYouTubeIframeAPIReady() {\n    new YT.Player('youtube-player', {\n      height: '360',\n      width: '640',\n      videoId: 'B_reXwT_Stw', \/\/ Your video ID\n      events: {\n        'onReady': onPlayerReady\n      }\n    });\n  }\n\n  function onPlayerReady(event) {\n    \/\/ Video is ready to play\n  }\n\n  \/\/ Load the YouTube API script when the page is scrolled\n  window.addEventListener('scroll', loadYouTubeVideo, { once: true });\n\n  \/\/ Also load if the user hasn't scrolled after 3 seconds\n  setTimeout(loadYouTubeVideo, 3000);\n<\/script>\n\n<\/div>\n<\/section>\n\n<section class=\"gb-container gb-container-49b9586e\">\n<div class=\"gb-container gb-container-a2e9522c\"><\/div>\n\n<div class=\"gb-container gb-container-0e11192a\">\n\n<h3 class=\"gb-headline gb-headline-5cf408ee gb-headline-text\"><span class=\"ez-toc-section\" id=\"Rejoignez_le_Reseau_Mondial_de_Cordage_de_BSW\"><\/span>Rejoignez le R\u00e9seau Mondial de Cordage de BSW<span class=\"ez-toc-section-end\"><\/span><\/h3>\n\n\n<div class=\"gb-container gb-container-daaa2e63\">\n<div class=\"gb-container gb-container-bda621fe\"><\/div>\n\n<div class=\"gb-container gb-container-4b0ac72b\"><\/div>\n<\/div>\n\n\n<p class=\"gb-headline gb-headline-edf98545 gb-headline-text\">Partagez vos connaissances et am\u00e9liorez la formation en cordage \u00e0 travers le monde. D\u00e9couvrez comment votre organisation peut collaborer avec BSW pour faire progresser les standards des sports de raquette.<\/p>\n\n\n\n<a class=\"gb-button gb-button-a29641e0 gb-button-text\" href=\"https:\/\/beststringer.com\/fr\/global-stringing-skills-certification\/\">Certification Mondiale des Comp\u00e9tences<\/a>\n\n<\/div>\n<\/section>","protected":false},"excerpt":{"rendered":"<p>Chez Best Stringer Worldwide (BSW), nous croyons au pouvoir de la collaboration pour faire progresser la formation en cordage et am\u00e9liorer les sports de raquette \u00e0 l&rsquo;\u00e9chelle mondiale. Nous accueillons les partenariats avec des organisations qui partagent notre vision d&rsquo;aider les joueurs \u00e0 mieux performer gr\u00e2ce \u00e0 un cordage de raquette de qualit\u00e9. Notre Approche &#8230; <a title=\"Collaborations BSW | Faire Progresser la Formation des Cordeurs en Cordage\" class=\"read-more\" href=\"https:\/\/beststringer.com\/fr\/collaborations-and-recognitions\/\" aria-label=\"En savoir plus sur Collaborations BSW | Faire Progresser la Formation des Cordeurs en Cordage\">Lire plus<\/a><\/p>\n","protected":false},"author":1,"featured_media":51186,"parent":0,"menu_order":0,"comment_status":"closed","ping_status":"closed","template":"","meta":{"footnotes":""},"class_list":{"0":"post-51185","1":"page","2":"type-page","3":"status-publish","4":"has-post-thumbnail","6":"infinite-scroll-item"},"_links":{"self":[{"href":"https:\/\/beststringer.com\/fr\/wp-json\/wp\/v2\/pages\/51185","targetHints":{"allow":["GET"]}}],"collection":[{"href":"https:\/\/beststringer.com\/fr\/wp-json\/wp\/v2\/pages"}],"about":[{"href":"https:\/\/beststringer.com\/fr\/wp-json\/wp\/v2\/types\/page"}],"author":[{"embeddable":true,"href":"https:\/\/beststringer.com\/fr\/wp-json\/wp\/v2\/users\/1"}],"replies":[{"embeddable":true,"href":"https:\/\/beststringer.com\/fr\/wp-json\/wp\/v2\/comments?post=51185"}],"version-history":[{"count":0,"href":"https:\/\/beststringer.com\/fr\/wp-json\/wp\/v2\/pages\/51185\/revisions"}],"wp:featuredmedia":[{"embeddable":true,"href":"https:\/\/beststringer.com\/fr\/wp-json\/wp\/v2\/media\/51186"}],"wp:attachment":[{"href":"https:\/\/beststringer.com\/fr\/wp-json\/wp\/v2\/media?parent=51185"}],"curies":[{"name":"wp","href":"https:\/\/api.w.org\/{rel}","templated":true}]}}