{"id":44228,"date":"2023-01-21T22:53:14","date_gmt":"2023-01-21T22:53:14","guid":{"rendered":"https:\/\/beststringer.com\/contact\/"},"modified":"2025-09-26T06:50:28","modified_gmt":"2025-09-26T06:50:28","slug":"contact","status":"publish","type":"page","link":"https:\/\/beststringer.com\/fr\/contact\/","title":{"rendered":"Contactez-Nous"},"content":{"rendered":"<section class=\"gb-container gb-container-59128a37\">\n<div class=\"gb-container gb-container-2a36c822\">\n\n<h2 class=\"gb-headline gb-headline-6907d725 gb-headline-text\">Contacter Best Stringer Worldwide (Formations pour Cordeurs de Badminton, Tennis et Squash)<\/h2>\n\n\n\n<p><strong>Veuillez noter<\/strong> : Pour toute question sur les formations en cordage de raquette ou les prochains cours de certification, veuillez consulter le site web de votre r\u00e9gion.<\/p>\n\n\n\n<p><strong>Pour les candidats<\/strong> : Pour vous inscrire \u00e0 une formation ou une certification de cordeur pour le badminton, le tennis ou le squash, veuillez utiliser le bouton \u00ab <a href=\"https:\/\/beststringer.com\/stringing-course-application\/\"><strong>Candidature<\/strong><\/a> \u00bb ci-dessus. Cela permet \u00e0 nos examinateurs de certification BSW d&rsquo;en savoir plus sur votre parcours.<\/p>\n\n\n<div class=\"gb-container gb-container-5b4ac1a6\">\n\n<h2 class=\"gb-headline gb-headline-dcb2ee94 gb-headline-text\">\u00c0 propos de la certification professionnelle de cordeur BSW (Cordage de raquette)<\/h2>\n\n\n\n<p>Best Stringer Worldwide propose des <strong>formations pour cordeurs de badminton, tennis et squash<\/strong> pour tous les niveaux. Notre <strong>formation de cordeur certifi\u00e9<\/strong> offre une formation de niveau professionnel \u00e0 ceux qui souhaitent se perfectionner.<\/p>\n\n\n\n<p>Les \u00e9tudiants qui terminent nos programmes re\u00e7oivent un <strong>certificat de cordage pour le badminton, le tennis et le squash<\/strong> attestant de leurs comp\u00e9tences. Le <strong>certificat de cordeur certifi\u00e9<\/strong> est reconnu par Best Stringer Worldwide ainsi que par l&rsquo;<a href=\"https:\/\/beststringer.com\/fr\/international-stringer-accreditation-isa\/\"><strong>ISA (International Stringer Accreditation)<\/strong><\/a>. Les dipl\u00f4m\u00e9s peuvent rejoindre notre <strong>r\u00e9seau mondial de cordeurs professionnels (Pro Stringer Worldwide Network)<\/strong>.<\/p>\n\n\n\n<p><strong>Remarque<\/strong> : Pour des informations sur les formations de cordage de badminton dans votre r\u00e9gion, veuillez consulter le site web r\u00e9gional.<\/p>\n\n\n\n<iframe src=\"https:\/\/www.google.com\/maps\/embed?pb=!1m18!1m12!1m3!1d3983.512110481107!2d101.72853037497148!3d3.22182909675331!2m3!1f0!2f0!3f0!3m2!1i1024!2i768!4f13.1!3m3!1m2!1s0x31cc3940e852d0e3%3A0xe7b0509976b40fd3!2sBest%20Stringer%20Worldwide%20(BSW)!5e0!3m2!1sen!2smy!4v1732376142879!5m2!1sen!2smy\" width=\"600\" height=\"450\" style=\"border:0;\" allowfullscreen=\"\" loading=\"lazy\" referrerpolicy=\"no-referrer-when-downgrade\"><\/iframe>\n\n<\/div>\n<\/div>\n\n<div class=\"gb-container gb-container-3ad0dd62\">\n<div class=\"gb-container gb-container-98d407db\">\n\n<h3 class=\"gb-headline gb-headline-641c0722 gb-headline-text\">Coordonn\u00e9es de BSW<\/h3>\n\n\n\n<p class=\"gb-headline gb-headline-dfc34795 gb-headline-text\">(Formation et certification en cordage de raquette)<\/p>\n\n\n\n<p>Demandes g\u00e9n\u00e9rales et informations : <a href=\"mailto:general@beststringer.com\">beststringerworldwide@gmail.com<\/a><\/p>\n\n\n\n<p>BSW (Best Stringer Worldwide) s&rsquo;engage \u00e0 maintenir des standards de qualit\u00e9 pour ses certifications et traitera toute plainte ou commentaire concernant des services de cordage insatisfaisants fournis par les cordeurs certifi\u00e9s BSW.<\/p>\n\n<\/div>\n\n<div class=\"gb-container gb-container-979a73e3\">\n\n<h3 class=\"gb-headline gb-headline-4270ba4f gb-headline-text\">Horaires des formations de <mark class=\"gb-highlight\">cordage<\/mark><\/h3>\n\n\n<div class=\"gb-container gb-container-3afbe1fd\">\n\n<p class=\"gb-headline gb-headline-c9e792f4 gb-headline-text\">Lundi<\/p>\n\n\n\n<p class=\"gb-headline gb-headline-f5f04483 gb-headline-text\">09:00 &#8211; 18:00<\/p>\n\n<\/div>\n\n<div class=\"gb-container gb-container-96995c8e\">\n\n<p class=\"gb-headline gb-headline-213d30b6 gb-headline-text\">Mardi<\/p>\n\n\n\n<p class=\"gb-headline gb-headline-6c963cee gb-headline-text\">09:00 &#8211; 18:00<\/p>\n\n<\/div>\n\n<div class=\"gb-container gb-container-0701bc76\">\n\n<p class=\"gb-headline gb-headline-7952cce9 gb-headline-text\">Mercredi<\/p>\n\n\n\n<p class=\"gb-headline gb-headline-c2bd6fe9 gb-headline-text\">09:00 &#8211; 18:00<\/p>\n\n<\/div>\n\n<div class=\"gb-container gb-container-19030fca\">\n\n<p class=\"gb-headline gb-headline-ca89f9a0 gb-headline-text\">Jeudi<\/p>\n\n\n\n<p class=\"gb-headline gb-headline-c1d739e4 gb-headline-text\">09:00 &#8211; 18:00<\/p>\n\n<\/div>\n\n<div class=\"gb-container gb-container-1020cc21\">\n\n<p class=\"gb-headline gb-headline-87c5890e gb-headline-text\">Vendredi<\/p>\n\n\n\n<p class=\"gb-headline gb-headline-969b20ce gb-headline-text\">09:00 &#8211; 18:00<\/p>\n\n<\/div>\n\n<div class=\"gb-container gb-container-3cd40d1a\">\n\n<p class=\"gb-headline gb-headline-9b3ff58c gb-headline-text\">Samedi<\/p>\n\n\n\n<p class=\"gb-headline gb-headline-1c223e37 gb-headline-text\">09:00 &#8211; 18:00<\/p>\n\n<\/div>\n\n<div class=\"gb-container gb-container-6b5d7a89\">\n\n<p class=\"gb-headline gb-headline-f7d34d62 gb-headline-text\">Dimanche<\/p>\n\n\n\n<span class=\"gb-button gb-button-3411c3f5 gb-button-text\">Ferm\u00e9<\/span>\n\n<\/div>\n<\/div>\n<\/div>\n<\/section>","protected":false},"excerpt":{"rendered":"<p>Contacter Best Stringer Worldwide (Formations pour Cordeurs de Badminton, Tennis et Squash) Veuillez noter : Pour toute question sur les formations en cordage de raquette ou les prochains cours de certification, veuillez consulter le site web de votre r\u00e9gion. Pour les candidats : Pour vous inscrire \u00e0 une formation ou une certification de cordeur pour &#8230; <a title=\"Contactez-Nous\" class=\"read-more\" href=\"https:\/\/beststringer.com\/fr\/contact\/\" aria-label=\"En savoir plus sur Contactez-Nous\">Lire plus<\/a><\/p>\n","protected":false},"author":1,"featured_media":0,"parent":0,"menu_order":0,"comment_status":"closed","ping_status":"closed","template":"","meta":{"footnotes":""},"class_list":{"0":"post-44228","1":"page","2":"type-page","3":"status-publish","5":"infinite-scroll-item"},"_links":{"self":[{"href":"https:\/\/beststringer.com\/fr\/wp-json\/wp\/v2\/pages\/44228","targetHints":{"allow":["GET"]}}],"collection":[{"href":"https:\/\/beststringer.com\/fr\/wp-json\/wp\/v2\/pages"}],"about":[{"href":"https:\/\/beststringer.com\/fr\/wp-json\/wp\/v2\/types\/page"}],"author":[{"embeddable":true,"href":"https:\/\/beststringer.com\/fr\/wp-json\/wp\/v2\/users\/1"}],"replies":[{"embeddable":true,"href":"https:\/\/beststringer.com\/fr\/wp-json\/wp\/v2\/comments?post=44228"}],"version-history":[{"count":0,"href":"https:\/\/beststringer.com\/fr\/wp-json\/wp\/v2\/pages\/44228\/revisions"}],"wp:attachment":[{"href":"https:\/\/beststringer.com\/fr\/wp-json\/wp\/v2\/media?parent=44228"}],"curies":[{"name":"wp","href":"https:\/\/api.w.org\/{rel}","templated":true}]}}