{"id":42599,"date":"2024-08-30T02:53:33","date_gmt":"2024-08-30T02:53:33","guid":{"rendered":"https:\/\/beststringer.com\/find-best-stringer\/"},"modified":"2026-04-17T08:02:15","modified_gmt":"2026-04-17T08:02:15","slug":"find-best-stringer","status":"publish","type":"page","link":"https:\/\/beststringer.com\/fr\/find-best-stringer\/","title":{"rendered":"Trouvez les Meilleurs Cordeurs Certifi\u00e9s Pro pr\u00e8s de chez vous"},"content":{"rendered":"<section class=\"gb-container gb-container-3a9f20fb\">\n\n<h3 class=\"gb-headline gb-headline-5cf408ee gb-headline-text\">Top mondial des cordeurs certifi\u00e9s internationaux<\/h3>\n\n\n<div class=\"gb-container gb-container-daaa2e63\">\n<div class=\"gb-container gb-container-bda621fe\"><\/div>\n\n<div class=\"gb-container gb-container-4b0ac72b\"><\/div>\n<\/div>\n\n\n<p>Best Stringer Worldwide (BSW) r\u00e9pertorie les cordeurs du monde entier qui ont atteint le plus haut niveau de comp\u00e9tence en services de cordage de raquette. Figurer sur cette liste atteste de leur compr\u00e9hension approfondie des connaissances en cordage de raquette et confirme leur statut de cordeurs professionnels de premier plan.<\/p>\n\n\n<div id=\"footable_parent_68887\"\n         class=\" footable_parent ninja_table_wrapper loading_ninja_table wp_table_data_press_parent bootstrap3 colored_table\">\n                <table data-ninja_table_instance=\"ninja_table_instance_0\" data-footable_id=\"68887\" data-filter-delay=\"1000\" aria-label=\"Best Stringer List - FR\"            id=\"footable_68887\"\n           data-unique_identifier=\"ninja_table_unique_id_4087077108_68887\"\n           class=\" foo-table ninja_footable foo_table_68887 ninja_table_unique_id_4087077108_68887 table  ninja_search_right nt_type_legacy_table vertical_centered ninja_custom_color inverted footable-paging-right ninja_table_pro\">\n                <colgroup>\n                            <col class=\"ninja_column_0 \">\n                            <col class=\"ninja_column_1 \">\n                            <col class=\"ninja_column_2 \">\n                            <col class=\"ninja_column_3 \">\n                            <col class=\"ninja_column_4 \">\n                            <col class=\"ninja_column_5 \">\n                            <col class=\"ninja_column_6 \">\n                            <col class=\"ninja_column_7 \">\n                            <col class=\"ninja_column_8 \">\n                    <\/colgroup>\n        <thead>\n<tr class=\"footable-header\">\n                                                                                                                                                        <th scope=\"col\"  class=\"ninja_column_0 ninja_clmn_nm_plugin \">Nom<\/th><th scope=\"col\"  class=\"ninja_column_1 ninja_clmn_nm_image \">Cordeur<\/th><th scope=\"col\"  class=\"ninja_column_2 ninja_clmn_nm_gender \">Sexe<\/th><th scope=\"col\"  class=\"ninja_column_3 ninja_clmn_nm_id \">ID<\/th><th scope=\"col\"  class=\"ninja_column_4 ninja_clmn_nm_contact  \">Pays<\/th><th scope=\"col\"  class=\"ninja_column_5 ninja_clmn_nm_specialty \">Sp\u00e9cialit\u00e9<\/th><th scope=\"col\"  class=\"ninja_column_6 ninja_clmn_nm_strength \">Points forts<\/th><th scope=\"col\"  class=\"ninja_column_7 ninja_clmn_nm_rating \">Certification<\/th><th scope=\"col\"  class=\"ninja_column_8 ninja_clmn_nm_download \">Profil r\u00e9gional<\/th><\/tr>\n<\/thead>\n<tbody>\n\n        <tr data-row_id=\"6879\" class=\"ninja_table_row_0 nt_row_id_6879\">\n            <td><strong>Jimmy Johanes Tjandra<\/strong><\/td><td data-json_values={\"permalink\":\"\",\"image_thumb\":\"https:\\\/\\\/beststringer.com\\\/wp-content\\\/uploads\\\/2026\\\/01\\\/Jimmy-Johanes-Tjandra-BSW-Certified-Badminton-Stringer-from-Kupang-Indonesia-Certified-Stringer-Pro-Stringer-300x300.jpg\",\"image_full\":\"https:\\\/\\\/beststringer.com\\\/wp-content\\\/uploads\\\/2026\\\/01\\\/Jimmy-Johanes-Tjandra-BSW-Certified-Badminton-Stringer-from-Kupang-Indonesia-Certified-Stringer-Pro-Stringer.jpg\",\"alt_text\":\"Jimmy Johanes Tjandra - BSW Certified Badminton Stringer from Kupang Indonesia Certified Stringer Pro Stringer\"}><img decoding=\"async\" alt=\"Jimmy Johanes Tjandra - BSW Certified Badminton Stringer from Kupang Indonesia Certified Stringer Pro Stringer\" class=\"nt_image_type_thumb\" src=\"https:\/\/beststringer.com\/wp-content\/uploads\/2026\/01\/Jimmy-Johanes-Tjandra-BSW-Certified-Badminton-Stringer-from-Kupang-Indonesia-Certified-Stringer-Pro-Stringer-300x300.jpg\"\/><\/td><td>Homme<\/td><td>BS260100013<\/td><td>Indon\u00e9sie<\/td><td>Badminton<\/td><td>2 n\u0153uds, 4 n\u0153uds, Around the World<\/td><td><p style=\"text-align: center;\">Cordeur de badminton certifi\u00e9 (CBS)\u00a0<br \/>Cordeur Pro certifi\u00e9<strong><\/strong><\/p><\/td><td><a target=\"_self\"  class=\"nt_btn nt_rounded_btn\" style=\"color: rgba(255, 255, 255, 1);background-color: rgba(47, 69, 157, 1);border-color: rgba(54, 184, 42, 1);\" rel=\"\" href=\"https:\/\/beststringer.com\/fr\/stringers\/indonesia\/kupang\/jimmy-johanes-tjandra\/\">Voir le cordeur<\/a><\/td>        <\/tr>\n            <tr data-row_id=\"6878\" class=\"ninja_table_row_1 nt_row_id_6878\">\n            <td><strong><span class=\"OYPEnA font-feature-liga-off font-feature-clig-off font-feature-calt-off text-decoration-none text-strikethrough-none\">Purnomo<\/span><\/strong><\/td><td data-json_values={\"permalink\":\"\",\"image_thumb\":\"https:\\\/\\\/beststringer.com\\\/wp-content\\\/uploads\\\/2025\\\/08\\\/Purnomo-BSW-Certified-Badminton-Stringer-from-Batam-Indonesia-Certified-Stringer-Pro-Stringer-300x300.jpg\",\"image_full\":\"https:\\\/\\\/beststringer.com\\\/wp-content\\\/uploads\\\/2025\\\/08\\\/Purnomo-BSW-Certified-Badminton-Stringer-from-Batam-Indonesia-Certified-Stringer-Pro-Stringer.jpg\",\"alt_text\":\"Purnomo - BSW Certified Badminton Stringer from Batam Indonesia Certified Stringer Pro Stringer\"}><img decoding=\"async\" alt=\"Purnomo - BSW Certified Badminton Stringer from Batam Indonesia Certified Stringer Pro Stringer\" class=\"nt_image_type_thumb\" src=\"https:\/\/beststringer.com\/wp-content\/uploads\/2025\/08\/Purnomo-BSW-Certified-Badminton-Stringer-from-Batam-Indonesia-Certified-Stringer-Pro-Stringer-300x300.jpg\"\/><\/td><td>Homme<\/td><td>BS250828010<\/td><td>Indon\u00e9sie<\/td><td>Badminton<\/td><td>2 n\u0153uds, 4 n\u0153uds, Around the World<\/td><td><p style=\"text-align: center;\">Cordeur de badminton certifi\u00e9 (CBS)\u00a0<br \/>Cordeur Pro certifi\u00e9<strong><\/strong><\/p><\/td><td><a target=\"_self\"  class=\"nt_btn nt_rounded_btn\" style=\"color: rgba(255, 255, 255, 1);background-color: rgba(47, 69, 157, 1);border-color: rgba(54, 184, 42, 1);\" rel=\"\" href=\"https:\/\/beststringer.com\/fr\/stringers\/indonesia\/batam\/purnomo\/\">Voir le cordeur<\/a><\/td>        <\/tr>\n            <tr data-row_id=\"6877\" class=\"ninja_table_row_2 nt_row_id_6877\">\n            <td><strong><span class=\"OYPEnA font-feature-liga-off font-feature-clig-off font-feature-calt-off text-decoration-none text-strikethrough-none\">Mevyn Chin<\/span><\/strong><\/td><td data-json_values={\"permalink\":\"\",\"image_thumb\":\"https:\\\/\\\/beststringer.com\\\/wp-content\\\/uploads\\\/2025\\\/09\\\/Melvin-Chin-BSW-Certified-Badminton-Stringer-from-Ireland-300x300.jpg\",\"image_full\":\"https:\\\/\\\/beststringer.com\\\/wp-content\\\/uploads\\\/2025\\\/09\\\/Melvin-Chin-BSW-Certified-Badminton-Stringer-from-Ireland.jpg\",\"alt_text\":\"Melvin Chin - BSW Certified Badminton Stringer from Ireland\"}><img decoding=\"async\" alt=\"Melvin Chin - BSW Certified Badminton Stringer from Ireland\" class=\"nt_image_type_thumb\" src=\"https:\/\/beststringer.com\/wp-content\/uploads\/2025\/09\/Melvin-Chin-BSW-Certified-Badminton-Stringer-from-Ireland-300x300.jpg\"\/><\/td><td>Homme<\/td><td>BS250112005<\/td><td>Irlande<\/td><td>Badminton<\/td><td>2 n\u0153uds, 4 n\u0153uds, Around the World<\/td><td><p style=\"text-align: center;\">Cordeur de badminton certifi\u00e9 (CBS)\u00a0<br \/>Cordeur Pro certifi\u00e9<strong><\/strong><\/p><\/td><td><a target=\"_self\"  class=\"nt_btn nt_rounded_btn\" style=\"color: rgba(255, 255, 255, 1);background-color: rgba(47, 69, 157, 1);border-color: rgba(54, 184, 42, 1);\" rel=\"\" href=\"https:\/\/beststringer.com\/fr\/stringers\/ireland\/cork\/mevyn-chin\/\">Voir le cordeur<\/a><\/td>        <\/tr>\n            <tr data-row_id=\"6876\" class=\"ninja_table_row_3 nt_row_id_6876\">\n            <td><strong><span class=\"OYPEnA font-feature-liga-off font-feature-clig-off font-feature-calt-off text-decoration-none text-strikethrough-none\">Leow Yee Peng<\/span><\/strong><\/td><td data-json_values={\"permalink\":\"\",\"image_thumb\":\"https:\\\/\\\/beststringer.com\\\/wp-content\\\/uploads\\\/2025\\\/05\\\/Leow-Yee-Peng-participating-in-BSW-stringing-training-session-Certified-Stringer-300x300.jpg\",\"image_full\":\"https:\\\/\\\/beststringer.com\\\/wp-content\\\/uploads\\\/2025\\\/05\\\/Leow-Yee-Peng-participating-in-BSW-stringing-training-session-Certified-Stringer.jpg\",\"alt_text\":\"Leow Yee Peng participating in BSW stringing training session Certified Stringer\"}><img decoding=\"async\" alt=\"Leow Yee Peng participating in BSW stringing training session Certified Stringer\" class=\"nt_image_type_thumb\" src=\"https:\/\/beststringer.com\/wp-content\/uploads\/2025\/05\/Leow-Yee-Peng-participating-in-BSW-stringing-training-session-Certified-Stringer-300x300.jpg\"\/><\/td><td>Femme<\/td><td>BS250112003<\/td><td>Malaisie<\/td><td>Badminton<\/td><td>2 n\u0153uds, 4 n\u0153uds, Around the World<\/td><td><p style=\"text-align: center;\">Cordeur de badminton certifi\u00e9 (CBS)<br \/>Cordeur Pro certifi\u00e9<strong><br \/><\/strong><\/p><\/td><td><a target=\"_self\"  class=\"nt_btn nt_rounded_btn\" style=\"color: rgba(255, 255, 255, 1);background-color: rgba(47, 69, 157, 1);border-color: rgba(54, 184, 42, 1);\" rel=\"\" href=\"https:\/\/beststringer.com\/fr\/stringers\/malaysia\/kedah\/langkawi\/kuah\/leow-yee-peng\/\">Voir le cordeur<\/a><\/td>        <\/tr>\n            <tr data-row_id=\"6875\" class=\"ninja_table_row_4 nt_row_id_6875\">\n            <td><strong>Jeremy Chiang<\/strong><\/td><td data-json_values={\"permalink\":\"\",\"image_thumb\":\"https:\\\/\\\/beststringer.com\\\/wp-content\\\/uploads\\\/2025\\\/04\\\/jeremy-chiang-certified-badminton-stringer-300x300.jpg\",\"image_full\":\"https:\\\/\\\/beststringer.com\\\/wp-content\\\/uploads\\\/2025\\\/04\\\/jeremy-chiang-certified-badminton-stringer.jpg\",\"alt_text\":\"Jeremy Chiang Certified Badminton Stringer Singapore\"}><img decoding=\"async\" alt=\"Jeremy Chiang Certified Badminton Stringer Singapore\" class=\"nt_image_type_thumb\" src=\"https:\/\/beststringer.com\/wp-content\/uploads\/2025\/04\/jeremy-chiang-certified-badminton-stringer-300x300.jpg\"\/><\/td><td>Homme<\/td><td>BS250323008<\/td><td>Singapour<\/td><td>Badminton<\/td><td>2 n\u0153uds, 4 n\u0153uds, Around the World<\/td><td><p style=\"text-align: center;\">Cordeur de badminton certifi\u00e9 (CBS)<br \/>Cordeur Pro certifi\u00e9<strong><br \/><\/strong><\/p><\/td><td><a target=\"_self\"  class=\"nt_btn nt_rounded_btn\" style=\"color: rgba(255, 255, 255, 1);background-color: rgba(47, 69, 157, 1);border-color: rgba(54, 184, 42, 1);\" rel=\"\" href=\"https:\/\/beststringer.com\/fr\/stringers\/singapore\/paya-lebar\/jeremy-chiang\/\">Voir le cordeur<\/a><\/td>        <\/tr>\n            <tr data-row_id=\"6874\" class=\"ninja_table_row_5 nt_row_id_6874\">\n            <td><strong>Kek He Jing<\/strong><\/td><td data-json_values={\"permalink\":\"\",\"image_thumb\":\"https:\\\/\\\/beststringer.com\\\/wp-content\\\/uploads\\\/2025\\\/01\\\/Personal-Badminton-Playing-and-Stringing-Background-Kek-He-Jing-Stringer-by-BSW-Certified-Stringer-300x300.jpg\",\"image_full\":\"https:\\\/\\\/beststringer.com\\\/wp-content\\\/uploads\\\/2025\\\/01\\\/Personal-Badminton-Playing-and-Stringing-Background-Kek-He-Jing-Stringer-by-BSW-Certified-Stringer.jpg\",\"alt_text\":\"Personal Badminton Playing and Stringing Background Kek He Jing Stringer by BSW Certified Stringer\"}><img decoding=\"async\" alt=\"Personal Badminton Playing and Stringing Background Kek He Jing Stringer by BSW Certified Stringer\" class=\"nt_image_type_thumb\" src=\"https:\/\/beststringer.com\/wp-content\/uploads\/2025\/01\/Personal-Badminton-Playing-and-Stringing-Background-Kek-He-Jing-Stringer-by-BSW-Certified-Stringer-300x300.jpg\"\/><\/td><td>Homme<\/td><td>BS25010007<\/td><td>Malaisie<\/td><td>Badminton<\/td><td>2 n\u0153uds, 4 n\u0153uds, Around the World<\/td><td><p style=\"text-align: center;\">Cordeur de badminton certifi\u00e9 (CBS)<br \/>Cordeur Pro certifi\u00e9<strong><br \/><\/strong><\/p><\/td><td><a target=\"_self\"  class=\"nt_btn nt_rounded_btn\" style=\"color: rgba(255, 255, 255, 1);background-color: rgba(47, 69, 157, 1);border-color: rgba(54, 184, 42, 1);\" rel=\"\" href=\"https:\/\/beststringer.com\/fr\/stringers\/malaysia\/johor\/kluang\/kek-he-jing\/\">Voir le cordeur<\/a><\/td>        <\/tr>\n            <tr data-row_id=\"6873\" class=\"ninja_table_row_6 nt_row_id_6873\">\n            <td><strong>Siew Ging Yang<\/strong><\/td><td data-json_values={\"permalink\":\"\",\"image_thumb\":\"https:\\\/\\\/beststringer.com\\\/wp-content\\\/uploads\\\/2024\\\/08\\\/Siew-GIng-Yang-Certified-Badminton-Stringer-by-Best-Stringer-Worldwide-300x300.jpg\",\"image_full\":\"https:\\\/\\\/beststringer.com\\\/wp-content\\\/uploads\\\/2024\\\/08\\\/Siew-GIng-Yang-Certified-Badminton-Stringer-by-Best-Stringer-Worldwide.jpg\",\"alt_text\":\"Siew GIng Yang Certified Badminton Stringer by Best Stringer Worldwide\"}><img decoding=\"async\" alt=\"Siew GIng Yang Certified Badminton Stringer by Best Stringer Worldwide\" class=\"nt_image_type_thumb\" src=\"https:\/\/beststringer.com\/wp-content\/uploads\/2024\/08\/Siew-GIng-Yang-Certified-Badminton-Stringer-by-Best-Stringer-Worldwide-300x300.jpg\"\/><\/td><td>Homme<\/td><td>BS24093001<\/td><td>Malaisie<\/td><td>Badminton<\/td><td>2 n\u0153uds, 4 n\u0153uds, Around the World<\/td><td><p style=\"text-align: center;\">Cordeur de badminton certifi\u00e9 (CBS)<br \/>Cordeur Pro certifi\u00e9<strong><br \/><\/strong><\/p><\/td><td><a target=\"_self\"  class=\"nt_btn nt_rounded_btn\" style=\"color: rgba(255, 255, 255, 1);background-color: rgba(47, 69, 157, 1);border-color: rgba(54, 184, 42, 1);\" rel=\"\" href=\"https:\/\/beststringer.com\/fr\/stringers\/malaysia\/selangor\/cyber-jaya\/siew-ging-yang\/\">Voir le cordeur<\/a><\/td>        <\/tr>\n            <tr data-row_id=\"6872\" class=\"ninja_table_row_7 nt_row_id_6872\">\n            <td><strong>Eric Chuar<\/strong><\/td><td data-json_values={\"permalink\":\"\",\"image_thumb\":\"https:\\\/\\\/beststringer.com\\\/wp-content\\\/uploads\\\/2024\\\/11\\\/Eric-Chuar-BSW-Certified-Badminton-Stringer-Malaysia-Setapak-300x300.jpg\",\"image_full\":\"https:\\\/\\\/beststringer.com\\\/wp-content\\\/uploads\\\/2024\\\/11\\\/Eric-Chuar-BSW-Certified-Badminton-Stringer-Malaysia-Setapak.jpg\",\"alt_text\":\"Eric Chuar BSW Certified Badminton Stringer Malaysia Setapak\"}><img decoding=\"async\" alt=\"Eric Chuar BSW Certified Badminton Stringer Malaysia Setapak\" class=\"nt_image_type_thumb\" src=\"https:\/\/beststringer.com\/wp-content\/uploads\/2024\/11\/Eric-Chuar-BSW-Certified-Badminton-Stringer-Malaysia-Setapak-300x300.jpg\"\/><\/td><td>Homme<\/td><td>BS19093000<\/td><td>Malaisie<\/td><td>Badminton, tennis, squash<\/td><td>2 n\u0153uds, 4 n\u0153uds, Around the World<\/td><td><p style=\"text-align: center;\">Cordeur de badminton certifi\u00e9 (CBS)<br \/>Cordeur Pro certifi\u00e9<strong><br \/><\/strong><\/p><\/td><td><a target=\"_self\"  class=\"nt_btn nt_rounded_btn\" style=\"color: rgba(255, 255, 255, 1);background-color: rgba(47, 69, 157, 1);border-color: rgba(54, 184, 42, 1);\" rel=\"\" href=\"https:\/\/beststringer.com\/fr\/stringers\/malaysia\/kuala-lumpur\/setapak\/eric-chuar\/\">Voir le cordeur<\/a><\/td>        <\/tr>\n    <\/tbody><!--ninja_tobody_rendering_done-->\n    <\/table>\n    \n    \n    \n<\/div>\n\n\n<\/section>\n\n<section class=\"gb-container gb-container-9d862364\">\n\n<figure class=\"gb-block-image gb-block-image-f0759e94\"><img loading=\"lazy\" decoding=\"async\" width=\"825\" height=\"282\" class=\"gb-image gb-image-f0759e94\" src=\"https:\/\/beststringer.com\/wp-content\/uploads\/2025\/06\/BSW-certified-stringer-Pro-directory-to-find-qualified-professionals-near-you-for-badminton-tennis-squash-stringing.png\" alt=\"Formation cordeur certifi\u00e9 Pro pour badminton et tennis \u00e0 {{CITY_LOCAL}}, {{COUNTRY_LOCAL}}\" title=\"Programme de certification international BSW pour devenir cordeur certifi\u00e9 Pro \u00e0 {{CITY_LOCAL}}\" srcset=\"https:\/\/beststringer.com\/wp-content\/uploads\/2025\/06\/BSW-certified-stringer-Pro-directory-to-find-qualified-professionals-near-you-for-badminton-tennis-squash-stringing.png 825w, https:\/\/beststringer.com\/wp-content\/uploads\/2025\/06\/BSW-certified-stringer-Pro-directory-to-find-qualified-professionals-near-you-for-badminton-tennis-squash-stringing-300x103.png 300w, https:\/\/beststringer.com\/wp-content\/uploads\/2025\/06\/BSW-certified-stringer-Pro-directory-to-find-qualified-professionals-near-you-for-badminton-tennis-squash-stringing-768x263.png 768w\" sizes=\"auto, (max-width: 825px) 100vw, 825px\" \/><\/figure>\n\n\n\n<h3 class=\"gb-headline gb-headline-3aa2bd12 gb-headline-text\"><br>Note de BSW<\/h3>\n\n\n<div class=\"gb-container gb-container-95bc86bb\">\n<div class=\"gb-container gb-container-dcef2d61\"><\/div>\n\n<div class=\"gb-container gb-container-e965f67a\"><\/div>\n<\/div>\n\n\n<p>Ces personnes ont r\u00e9ussi des examens pratiques et th\u00e9oriques rigoureux dans le cadre de la <strong>Certification Certified Stringer Pro<\/strong>, obtenant des certifications telles que :<br><em><strong>CBS &#8211; Certified Badminton Stringer<br>PBS &#8211; Professional Badminton Stringer<br>MBTS &#8211; Master Badminton Tour Stringer<br>CTA &#8211; Certified Tension Advisor<br>CSA &#8211; Certified Stringer Advisor<br>PBSTC &#8211; Professional Badminton String and Tension Consultant<\/strong><\/em><\/p>\n\n<\/section>","protected":false},"excerpt":{"rendered":"<p>Top mondial des cordeurs certifi\u00e9s internationaux Best Stringer Worldwide (BSW) r\u00e9pertorie les cordeurs du monde entier qui ont atteint le plus haut niveau de comp\u00e9tence en services de cordage de raquette. Figurer sur cette liste atteste de leur compr\u00e9hension approfondie des connaissances en cordage de raquette et confirme leur statut de cordeurs professionnels de premier &#8230; <a title=\"Trouvez les Meilleurs Cordeurs Certifi\u00e9s Pro pr\u00e8s de chez vous\" class=\"read-more\" href=\"https:\/\/beststringer.com\/fr\/find-best-stringer\/\" aria-label=\"En savoir plus sur Trouvez les Meilleurs Cordeurs Certifi\u00e9s Pro pr\u00e8s de chez vous\">Lire plus<\/a><\/p>\n","protected":false},"author":1,"featured_media":42795,"parent":0,"menu_order":0,"comment_status":"closed","ping_status":"closed","template":"","meta":{"footnotes":""},"class_list":{"0":"post-42599","1":"page","2":"type-page","3":"status-publish","4":"has-post-thumbnail","6":"infinite-scroll-item"},"_links":{"self":[{"href":"https:\/\/beststringer.com\/fr\/wp-json\/wp\/v2\/pages\/42599","targetHints":{"allow":["GET"]}}],"collection":[{"href":"https:\/\/beststringer.com\/fr\/wp-json\/wp\/v2\/pages"}],"about":[{"href":"https:\/\/beststringer.com\/fr\/wp-json\/wp\/v2\/types\/page"}],"author":[{"embeddable":true,"href":"https:\/\/beststringer.com\/fr\/wp-json\/wp\/v2\/users\/1"}],"replies":[{"embeddable":true,"href":"https:\/\/beststringer.com\/fr\/wp-json\/wp\/v2\/comments?post=42599"}],"version-history":[{"count":0,"href":"https:\/\/beststringer.com\/fr\/wp-json\/wp\/v2\/pages\/42599\/revisions"}],"wp:featuredmedia":[{"embeddable":true,"href":"https:\/\/beststringer.com\/fr\/wp-json\/wp\/v2\/media\/42795"}],"wp:attachment":[{"href":"https:\/\/beststringer.com\/fr\/wp-json\/wp\/v2\/media?parent=42599"}],"curies":[{"name":"wp","href":"https:\/\/api.w.org\/{rel}","templated":true}]}}