{"id":42521,"date":"2024-09-06T14:15:15","date_gmt":"2024-09-06T14:15:15","guid":{"rendered":"https:\/\/beststringer.com\/latest-racquet-stringing-knowledge\/"},"modified":"2025-09-25T23:18:04","modified_gmt":"2025-09-25T23:18:04","slug":"latest-racquet-stringing-knowledge","status":"publish","type":"page","link":"https:\/\/beststringer.com\/fr\/latest-racquet-stringing-knowledge\/","title":{"rendered":"Derni\u00e8res Connaissances en Cordage de Raquette"},"content":{"rendered":"<section class=\"gb-container gb-container-3a9f20fb\">\n\n<h3 class=\"gb-headline gb-headline-5cf408ee gb-headline-text\">Derni\u00e8res connaissances sur le cordage de raquette<\/h3>\n\n\n<div class=\"gb-container gb-container-daaa2e63\">\n<div class=\"gb-container gb-container-bda621fe\"><\/div>\n\n<div class=\"gb-container gb-container-4b0ac72b\"><\/div>\n<\/div>\n\n\n<p>Cette page pr\u00e9sente des informations \u00e0 jour, des m\u00e9thodes \u00e9prouv\u00e9es et des conseils d&rsquo;experts pour am\u00e9liorer vos comp\u00e9tences en cordage. Tenez-vous au courant des derni\u00e8res \u00e9volutions en mati\u00e8re de cordage de raquette pour perfectionner \u00e0 la fois votre technique et la qualit\u00e9 de vos services.<\/p>\n\n\n<div id=\"footable_parent_3739\"\n         class=\" footable_parent ninja_table_wrapper loading_ninja_table wp_table_data_press_parent semantic_ui colored_table\">\n                <table data-ninja_table_instance=\"ninja_table_instance_0\" data-footable_id=\"3739\" data-filter-delay=\"1000\" aria-label=\"Knowledge sharing update\"            id=\"footable_3739\"\n           data-unique_identifier=\"ninja_table_unique_id_2802750359_3739\"\n           class=\" foo-table ninja_footable foo_table_3739 ninja_table_unique_id_2802750359_3739 ui table  ninja_search_right nt_type_legacy_table selectable striped compact vertical_centered ninja_custom_color inverted footable-paging-right hide_stacked_th ninja_table_pro\">\n                <colgroup>\n                            <col class=\"ninja_column_0 \">\n                            <col class=\"ninja_column_1 \">\n                            <col class=\"ninja_column_2 \">\n                            <col class=\"ninja_column_3 \">\n                    <\/colgroup>\n        <thead>\n<tr class=\"footable-header\">\n                                                                        <th scope=\"col\"  class=\"ninja_column_0 ninja_clmn_nm_posttitle \">Title<\/th><th scope=\"col\"  class=\"ninja_column_1 ninja_clmn_nm_postcategory \">Category<\/th><th scope=\"col\"  class=\"ninja_column_2 ninja_clmn_nm_poststatus \">Status<\/th><th scope=\"col\"  class=\"ninja_column_3 ninja_clmn_nm_post_location \"><\/th><\/tr>\n<\/thead>\n<tbody>\n\n        <tr data-row_id=\"0\" class=\"ninja_table_row_0 nt_row_id_0\">\n            <td>Fundamentals of Badminton Rackets and Strings<\/td><td>Badminton<\/td><td>publish<\/td><td><a   class=\"nt_btn nt_rounded_btn\" style=\"color: rgba(255, 255, 255, 1);background-color: rgba(74, 144, 226, 1);border-color: rgba(58, 123, 200, 1);\" rel=\"\" href=\"https:\/\/beststringer.com\/fr\/badminton-racket-and-string-basics\/\">Read More<\/a><\/td>        <\/tr>\n            <tr data-row_id=\"1\" class=\"ninja_table_row_1 nt_row_id_1\">\n            <td>The Ultimate Badminton Racket Selection Guide - Best Stringer Worldwide (BSW) Certification Course<\/td><td>Interactive Guides<\/td><td>publish<\/td><td><a   class=\"nt_btn nt_rounded_btn\" style=\"color: rgba(255, 255, 255, 1);background-color: rgba(74, 144, 226, 1);border-color: rgba(58, 123, 200, 1);\" rel=\"\" href=\"https:\/\/beststringer.com\/fr\/racquet-selection-guide-interactive\/\">Read More<\/a><\/td>        <\/tr>\n    <\/tbody><!--ninja_tobody_rendering_done-->\n    <\/table>\n    \n    \n    \n<\/div>\n\n\n<\/section>","protected":false},"excerpt":{"rendered":"<p>Derni\u00e8res connaissances sur le cordage de raquette Cette page pr\u00e9sente des informations \u00e0 jour, des m\u00e9thodes \u00e9prouv\u00e9es et des conseils d&rsquo;experts pour am\u00e9liorer vos comp\u00e9tences en cordage. Tenez-vous au courant des derni\u00e8res \u00e9volutions en mati\u00e8re de cordage de raquette pour perfectionner \u00e0 la fois votre technique et la qualit\u00e9 de vos services.<\/p>\n","protected":false},"author":1,"featured_media":42522,"parent":0,"menu_order":0,"comment_status":"closed","ping_status":"closed","template":"","meta":{"footnotes":""},"class_list":{"0":"post-42521","1":"page","2":"type-page","3":"status-publish","4":"has-post-thumbnail","6":"infinite-scroll-item"},"_links":{"self":[{"href":"https:\/\/beststringer.com\/fr\/wp-json\/wp\/v2\/pages\/42521","targetHints":{"allow":["GET"]}}],"collection":[{"href":"https:\/\/beststringer.com\/fr\/wp-json\/wp\/v2\/pages"}],"about":[{"href":"https:\/\/beststringer.com\/fr\/wp-json\/wp\/v2\/types\/page"}],"author":[{"embeddable":true,"href":"https:\/\/beststringer.com\/fr\/wp-json\/wp\/v2\/users\/1"}],"replies":[{"embeddable":true,"href":"https:\/\/beststringer.com\/fr\/wp-json\/wp\/v2\/comments?post=42521"}],"version-history":[{"count":0,"href":"https:\/\/beststringer.com\/fr\/wp-json\/wp\/v2\/pages\/42521\/revisions"}],"wp:featuredmedia":[{"embeddable":true,"href":"https:\/\/beststringer.com\/fr\/wp-json\/wp\/v2\/media\/42522"}],"wp:attachment":[{"href":"https:\/\/beststringer.com\/fr\/wp-json\/wp\/v2\/media?parent=42521"}],"curies":[{"name":"wp","href":"https:\/\/api.w.org\/{rel}","templated":true}]}}