{"id":41648,"date":"2023-01-21T22:52:31","date_gmt":"2023-01-21T22:52:31","guid":{"rendered":"https:\/\/beststringer.com\/racquet-stringing-training-courses-and-services\/"},"modified":"2025-09-25T07:22:12","modified_gmt":"2025-09-25T07:22:12","slug":"racquet-stringing-training-courses-and-services","status":"publish","type":"page","link":"https:\/\/beststringer.com\/fr\/racquet-stringing-training-courses-and-services\/","title":{"rendered":"Cours &amp; Certification en Re-cordage de Raquette de Badminton"},"content":{"rendered":"<section class=\"gb-container gb-container-f2eb6521\">\n\n<p>D\u00e9couvrez les derniers cours et formations en cordage de raquette BSW, dispens\u00e9s par notre instructeur professionnel.<\/p>\n\n\n<div class=\"gb-grid-wrapper gb-grid-wrapper-4b9b7e10\">\n<div class=\"gb-grid-column gb-grid-column-491939a3\"><div class=\"gb-container gb-container-491939a3\">\n\n<p class=\"gb-headline gb-headline-6035f175 gb-headline-text\"><strong>BSW<\/strong><\/p>\n\n\n<div class=\"gb-container gb-container-731ae20e\">\n<div class=\"gb-container gb-container-d96e7a76\"><\/div>\n<\/div>\n\n\n<h2 class=\"gb-headline gb-headline-2834ed4d gb-headline-text\">Cours de cordage de badminton<\/h2>\n\n\n\n<p class=\"gb-headline gb-headline-23954af5 gb-headline-text\">Apprenez les comp\u00e9tences de base du cordage et les techniques de pr\u00e9paration de la raquette.<\/p>\n\n\n\n<a class=\"gb-button gb-button-78ef4961\" href=\"https:\/\/beststringer.com\/zh-hans\/badminton-stringing-course\/\"><span class=\"gb-button-text\">En savoir plus<\/span><span class=\"gb-icon\"><svg viewBox=\"0 0 512 512\" xmlns=\"http:\/\/www.w3.org\/2000\/svg\"><path d=\"M502.6 278.6c12.5-12.5 12.5-32.8 0-45.3l-128-128c-12.5-12.5-32.8-12.5-45.3 0s-12.5 32.8 0 45.3l73.4 73.4H32c-17.7 0-32 14.3-32 32s14.3 32 32 32h370.7l-73.4 73.4c-12.5 12.5-12.5 32.8 0 45.3s32.8 12.5 45.3 0l128-128z\"><\/path><\/svg><\/span><\/a>\n\n<\/div><\/div>\n\n<div class=\"gb-grid-column gb-grid-column-29bf4487\"><div class=\"gb-container gb-container-29bf4487\">\n\n<p class=\"gb-headline gb-headline-0a24fd0f gb-headline-text\"><strong>BSW<\/strong><\/p>\n\n\n<div class=\"gb-container gb-container-d0553944\">\n<div class=\"gb-container gb-container-09d00176\"><\/div>\n<\/div>\n\n\n<h2 class=\"gb-headline gb-headline-4addc0f7 gb-headline-text\">Atelier de cordage de badminton<\/h2>\n\n\n\n<p class=\"gb-headline gb-headline-1c19adbf gb-headline-text\">Ma\u00eetrisez les m\u00e9thodes de cordage professionnelles et adapt\u00e9es pour les raquettes de badminton.<\/p>\n\n\n\n<a class=\"gb-button gb-button-80adbc84\" href=\"https:\/\/beststringer.com\/zh-hans\/badminton-stringing-workshop\/\"><span class=\"gb-button-text\">En savoir plus<\/span><span class=\"gb-icon\"><svg viewBox=\"0 0 512 512\" xmlns=\"http:\/\/www.w3.org\/2000\/svg\"><path d=\"M502.6 278.6c12.5-12.5 12.5-32.8 0-45.3l-128-128c-12.5-12.5-32.8-12.5-45.3 0s-12.5 32.8 0 45.3l73.4 73.4H32c-17.7 0-32 14.3-32 32s14.3 32 32 32h370.7l-73.4 73.4c-12.5 12.5-12.5 32.8 0 45.3s32.8 12.5 45.3 0l128-128z\"><\/path><\/svg><\/span><\/a>\n\n<\/div><\/div>\n\n<div class=\"gb-grid-column gb-grid-column-38a22b00\"><div class=\"gb-container gb-container-38a22b00\">\n\n<p class=\"gb-headline gb-headline-6f3ccaa8 gb-headline-text\"><strong>BSW<\/strong><\/p>\n\n\n<div class=\"gb-container gb-container-cc33d305\">\n<div class=\"gb-container gb-container-c7d96b73\"><\/div>\n<\/div>\n\n\n<h2 class=\"gb-headline gb-headline-09f4131c gb-headline-text\">Formation au cordage de badminton pour le personnel<\/h2>\n\n\n\n<p class=\"gb-headline gb-headline-085d8440 gb-headline-text\">Apprenez \u00e0 communiquer efficacement avec vos clients pour les fid\u00e9liser.<\/p>\n\n\n\n<a class=\"gb-button gb-button-449fedff\" href=\"https:\/\/beststringer.com\/zh-hans\/badminton-stringing-training-for-staff\/\"><span class=\"gb-button-text\">En savoir plus<\/span><span class=\"gb-icon\"><svg viewBox=\"0 0 512 512\" xmlns=\"http:\/\/www.w3.org\/2000\/svg\"><path d=\"M502.6 278.6c12.5-12.5 12.5-32.8 0-45.3l-128-128c-12.5-12.5-32.8-12.5-45.3 0s-12.5 32.8 0 45.3l73.4 73.4H32c-17.7 0-32 14.3-32 32s14.3 32 32 32h370.7l-73.4 73.4c-12.5 12.5-12.5 32.8 0 45.3s32.8 12.5 45.3 0l128-128z\"><\/path><\/svg><\/span><\/a>\n\n<\/div><\/div>\n\n<div class=\"gb-grid-column gb-grid-column-09ceebfb\"><div class=\"gb-container gb-container-09ceebfb\">\n\n<p class=\"gb-headline gb-headline-1022f806 gb-headline-text\"><strong>BSW<\/strong><\/p>\n\n\n<div class=\"gb-container gb-container-15a0880c\">\n<div class=\"gb-container gb-container-5490e8ff\"><\/div>\n<\/div>\n\n\n<h2 class=\"gb-headline gb-headline-3e7d338d gb-headline-text\">Apprentissage du cordage de badminton avec certification<\/h2>\n\n\n\n<p class=\"gb-headline gb-headline-50701001 gb-headline-text\">Apprenez le cordage de badminton professionnel et passez l&rsquo;examen le dernier jour.<\/p>\n\n\n\n<a class=\"gb-button gb-button-d196416b\" href=\"https:\/\/beststringer.com\/zh-hans\/badminton-stringing-learning-w-certification\/\"><span class=\"gb-button-text\">En savoir plus<\/span><span class=\"gb-icon\"><svg viewBox=\"0 0 512 512\" xmlns=\"http:\/\/www.w3.org\/2000\/svg\"><path d=\"M502.6 278.6c12.5-12.5 12.5-32.8 0-45.3l-128-128c-12.5-12.5-32.8-12.5-45.3 0s-12.5 32.8 0 45.3l73.4 73.4H32c-17.7 0-32 14.3-32 32s14.3 32 32 32h370.7l-73.4 73.4c-12.5 12.5-12.5 32.8 0 45.3s32.8 12.5 45.3 0l128-128z\"><\/path><\/svg><\/span><\/a>\n\n<\/div><\/div>\n\n<div class=\"gb-grid-column gb-grid-column-6d7e80ba\"><div class=\"gb-container gb-container-6d7e80ba\">\n\n<p class=\"gb-headline gb-headline-d2e3bb04 gb-headline-text\"><strong>BSW<\/strong><\/p>\n\n\n<div class=\"gb-container gb-container-ae4f62c8\">\n<div class=\"gb-container gb-container-4cbbfba4\"><\/div>\n<\/div>\n\n\n<h2 class=\"gb-headline gb-headline-c51243d4 gb-headline-text\">Formation du personnel de magasin de badminton pro<\/h2>\n\n\n\n<p class=\"gb-headline gb-headline-7e4f5a8c gb-headline-text\">Apprenez \u00e0 conseiller les clients pour qu&rsquo;ils fassent les bons choix selon leurs besoins, notamment en mati\u00e8re de cordage de raquette de badminton.<\/p>\n\n\n\n<a class=\"gb-button gb-button-08a6b2e1\" href=\"https:\/\/beststringer.com\/zh-hans\/pro-badminton-shop-staff-training\/\"><span class=\"gb-button-text\">En savoir plus<\/span><span class=\"gb-icon\"><svg viewBox=\"0 0 512 512\" xmlns=\"http:\/\/www.w3.org\/2000\/svg\"><path d=\"M502.6 278.6c12.5-12.5 12.5-32.8 0-45.3l-128-128c-12.5-12.5-32.8-12.5-45.3 0s-12.5 32.8 0 45.3l73.4 73.4H32c-17.7 0-32 14.3-32 32s14.3 32 32 32h370.7l-73.4 73.4c-12.5 12.5-12.5 32.8 0 45.3s32.8 12.5 45.3 0l128-128z\"><\/path><\/svg><\/span><\/a>\n\n<\/div><\/div>\n\n<div class=\"gb-grid-column gb-grid-column-f86684a3\"><div class=\"gb-container gb-container-f86684a3\">\n\n<p class=\"gb-headline gb-headline-c61dd94e gb-headline-text\"><strong>BSW<\/strong><\/p>\n\n\n<div class=\"gb-container gb-container-7aca502d\">\n<div class=\"gb-container gb-container-0f0ad7b3\"><\/div>\n<\/div>\n\n\n<h2 class=\"gb-headline gb-headline-faabea64 gb-headline-text\">Cordage de raquette et certification pour le personnel<\/h2>\n\n\n\n<p class=\"gb-headline gb-headline-ac676b58 gb-headline-text\">Formez votre personnel au cordage de badminton professionnel et obtenez la certification le dernier jour pour devenir un cordeur pleinement certifi\u00e9.<\/p>\n\n\n\n<a class=\"gb-button gb-button-7a7f243a\" href=\"https:\/\/beststringer.com\/zh-hans\/staff-racquet-stringing-and-certification\/\"><span class=\"gb-button-text\">En savoir plus<\/span><span class=\"gb-icon\"><svg viewBox=\"0 0 512 512\" xmlns=\"http:\/\/www.w3.org\/2000\/svg\"><path d=\"M502.6 278.6c12.5-12.5 12.5-32.8 0-45.3l-128-128c-12.5-12.5-32.8-12.5-45.3 0s-12.5 32.8 0 45.3l73.4 73.4H32c-17.7 0-32 14.3-32 32s14.3 32 32 32h370.7l-73.4 73.4c-12.5 12.5-12.5 32.8 0 45.3s32.8 12.5 45.3 0l128-128z\"><\/path><\/svg><\/span><\/a>\n\n<\/div><\/div>\n<\/div>\n<\/section>\n\n<section class=\"gb-container gb-container-49b9586e\">\n<div class=\"gb-container gb-container-a2e9522c\"><\/div>\n\n<div class=\"gb-container gb-container-0e11192a\">\n\n<h3 class=\"gb-headline gb-headline-5cf408ee gb-headline-text\">Cours et formations en cordage de raquette<\/h3>\n\n\n<div class=\"gb-container gb-container-daaa2e63\">\n<div class=\"gb-container gb-container-bda621fe\"><\/div>\n\n<div class=\"gb-container gb-container-4b0ac72b\"><\/div>\n<\/div>\n\n\n<p class=\"gb-headline gb-headline-edf98545 gb-headline-text\">Explorez nos sites web r\u00e9gionaux BSW pour d\u00e9couvrir les derniers ateliers et formations. Am\u00e9liorez vos comp\u00e9tences en cordage et restez \u00e0 jour sur les techniques professionnelles et les avanc\u00e9es du secteur.<\/p>\n\n\n\n<a class=\"gb-button gb-button-a29641e0 gb-button-text\" href=\"https:\/\/beststringer.com\/zh-hans\/countries\/\">Explorer les r\u00e9gions<\/a>\n\n<\/div>\n<\/section>","protected":false},"excerpt":{"rendered":"<p>D\u00e9couvrez les derniers cours et formations en cordage de raquette BSW, dispens\u00e9s par notre instructeur professionnel. Cours et formations en cordage de raquette Explorez nos sites web r\u00e9gionaux BSW pour d\u00e9couvrir les derniers ateliers et formations. Am\u00e9liorez vos comp\u00e9tences en cordage et restez \u00e0 jour sur les techniques professionnelles et les avanc\u00e9es du secteur.<\/p>\n","protected":false},"author":1,"featured_media":0,"parent":0,"menu_order":0,"comment_status":"closed","ping_status":"closed","template":"","meta":{"footnotes":""},"class_list":{"0":"post-41648","1":"page","2":"type-page","3":"status-publish","5":"infinite-scroll-item"},"_links":{"self":[{"href":"https:\/\/beststringer.com\/fr\/wp-json\/wp\/v2\/pages\/41648","targetHints":{"allow":["GET"]}}],"collection":[{"href":"https:\/\/beststringer.com\/fr\/wp-json\/wp\/v2\/pages"}],"about":[{"href":"https:\/\/beststringer.com\/fr\/wp-json\/wp\/v2\/types\/page"}],"author":[{"embeddable":true,"href":"https:\/\/beststringer.com\/fr\/wp-json\/wp\/v2\/users\/1"}],"replies":[{"embeddable":true,"href":"https:\/\/beststringer.com\/fr\/wp-json\/wp\/v2\/comments?post=41648"}],"version-history":[{"count":0,"href":"https:\/\/beststringer.com\/fr\/wp-json\/wp\/v2\/pages\/41648\/revisions"}],"wp:attachment":[{"href":"https:\/\/beststringer.com\/fr\/wp-json\/wp\/v2\/media?parent=41648"}],"curies":[{"name":"wp","href":"https:\/\/api.w.org\/{rel}","templated":true}]}}