{"id":40594,"date":"2024-08-18T12:29:14","date_gmt":"2024-08-18T12:29:14","guid":{"rendered":"https:\/\/beststringer.com\/bsw-certified-tennis-stringer-cts-certification\/"},"modified":"2025-09-25T05:44:12","modified_gmt":"2025-09-25T05:44:12","slug":"bsw-certified-tennis-stringer-cts-certification","status":"publish","type":"page","link":"https:\/\/beststringer.com\/fr\/bsw-certified-tennis-stringer-cts-certification\/","title":{"rendered":"Certification de Cordeur de Tennis Certifi\u00e9 (CTS)"},"content":{"rendered":"<div class=\"gb-container gb-container-f66bc834\">\n\n<div class=\"gb-container gb-container-37db13f4\">\n\n<div class=\"gb-container gb-container-3021f73c\">\n\n<div id=\"ez-toc-container\" class=\"ez-toc-v2_0_82_2 ez-toc-wrap-left counter-hierarchy ez-toc-counter ez-toc-custom ez-toc-container-direction\">\n<div class=\"ez-toc-title-container\">\n<p class=\"ez-toc-title\" style=\"cursor:inherit\">Topics<\/p>\n<span class=\"ez-toc-title-toggle\"><a href=\"#\" class=\"ez-toc-pull-right ez-toc-btn ez-toc-btn-xs ez-toc-btn-default ez-toc-toggle\" aria-label=\"Toggle Table of Content\"><span class=\"ez-toc-js-icon-con\"><span class=\"\"><span class=\"eztoc-hide\" style=\"display:none;\">Toggle<\/span><span class=\"ez-toc-icon-toggle-span\"><svg style=\"fill: #ffffff;color:#ffffff\" xmlns=\"http:\/\/www.w3.org\/2000\/svg\" class=\"list-377408\" width=\"20px\" height=\"20px\" viewBox=\"0 0 24 24\" fill=\"none\"><path d=\"M6 6H4v2h2V6zm14 0H8v2h12V6zM4 11h2v2H4v-2zm16 0H8v2h12v-2zM4 16h2v2H4v-2zm16 0H8v2h12v-2z\" fill=\"currentColor\"><\/path><\/svg><svg style=\"fill: #ffffff;color:#ffffff\" class=\"arrow-unsorted-368013\" xmlns=\"http:\/\/www.w3.org\/2000\/svg\" width=\"10px\" height=\"10px\" viewBox=\"0 0 24 24\" version=\"1.2\" baseProfile=\"tiny\"><path d=\"M18.2 9.3l-6.2-6.3-6.2 6.3c-.2.2-.3.4-.3.7s.1.5.3.7c.2.2.4.3.7.3h11c.3 0 .5-.1.7-.3.2-.2.3-.5.3-.7s-.1-.5-.3-.7zM5.8 14.7l6.2 6.3 6.2-6.3c.2-.2.3-.5.3-.7s-.1-.5-.3-.7c-.2-.2-.4-.3-.7-.3h-11c-.3 0-.5.1-.7.3-.2.2-.3.5-.3.7s.1.5.3.7z\"\/><\/svg><\/span><\/span><\/span><\/a><\/span><\/div>\n<nav><ul class='ez-toc-list ez-toc-list-level-1 eztoc-toggle-hide-by-default' ><li class='ez-toc-page-1 ez-toc-heading-level-3'><a class=\"ez-toc-link ez-toc-heading-1\" href=\"https:\/\/beststringer.com\/fr\/bsw-certified-tennis-stringer-cts-certification\/#Objectifs_dapprentissage_du_Certified_Tennis_Stringer\" >Objectifs d&rsquo;apprentissage du Certified Tennis Stringer<\/a><\/li><li class='ez-toc-page-1 ez-toc-heading-level-3'><a class=\"ez-toc-link ez-toc-heading-2\" href=\"https:\/\/beststringer.com\/fr\/bsw-certified-tennis-stringer-cts-certification\/#Prerequis_pour_la_certification_Certified_Tennis_Stringer_CTS\" >Pr\u00e9requis pour la certification Certified Tennis Stringer (CTS)<\/a><\/li><li class='ez-toc-page-1 ez-toc-heading-level-3'><a class=\"ez-toc-link ez-toc-heading-3\" href=\"https:\/\/beststringer.com\/fr\/bsw-certified-tennis-stringer-cts-certification\/#Examen_theorique_ecrit\" >Examen th\u00e9orique \u00e9crit<\/a><\/li><li class='ez-toc-page-1 ez-toc-heading-level-3'><a class=\"ez-toc-link ez-toc-heading-4\" href=\"https:\/\/beststringer.com\/fr\/bsw-certified-tennis-stringer-cts-certification\/#Competences_pratiques_en_cordage_CTS\" >Comp\u00e9tences pratiques en cordage (CTS)<\/a><\/li><li class='ez-toc-page-1 ez-toc-heading-level-3'><a class=\"ez-toc-link ez-toc-heading-5\" href=\"https:\/\/beststringer.com\/fr\/bsw-certified-tennis-stringer-cts-certification\/#Evaluateur_de_la_certification_de_tennis\" >\u00c9valuateur de la certification de tennis<\/a><\/li><li class='ez-toc-page-1 ez-toc-heading-level-3'><a class=\"ez-toc-link ez-toc-heading-6\" href=\"https:\/\/beststringer.com\/fr\/bsw-certified-tennis-stringer-cts-certification\/#Obtention_de_la_certification\" >Obtention de la certification<\/a><\/li><li class='ez-toc-page-1 ez-toc-heading-level-3'><a class=\"ez-toc-link ez-toc-heading-7\" href=\"https:\/\/beststringer.com\/fr\/bsw-certified-tennis-stringer-cts-certification\/#Exemple_de_certificat_uniquement\" >Exemple de certificat uniquement<\/a><\/li><li class='ez-toc-page-1 ez-toc-heading-level-3'><a class=\"ez-toc-link ez-toc-heading-8\" href=\"https:\/\/beststringer.com\/fr\/bsw-certified-tennis-stringer-cts-certification\/#Parcours_de_certification\" >Parcours de certification<\/a><\/li><li class='ez-toc-page-1 ez-toc-heading-level-3'><a class=\"ez-toc-link ez-toc-heading-9\" href=\"https:\/\/beststringer.com\/fr\/bsw-certified-tennis-stringer-cts-certification\/#Podcast_sur_la_certification_BSW_Certified_Tennis_Stringer_CTS\" >Podcast sur la certification BSW Certified Tennis Stringer (CTS)<\/a><\/li><li class='ez-toc-page-1 ez-toc-heading-level-3'><a class=\"ez-toc-link ez-toc-heading-10\" href=\"https:\/\/beststringer.com\/fr\/bsw-certified-tennis-stringer-cts-certification\/#Programme_BSW_Certified_Tennis_Stringer\" >Programme BSW Certified Tennis Stringer<\/a><\/li><\/ul><\/nav><\/div>\n\n\n\n\n\n<p class=\"gb-headline gb-headline-7d760a3f gb-headline-text\">Le programme BSW Certified Tennis Stringer enseigne les comp\u00e9tences de base du cordage de raquettes de tennis. Cette certification aide les cordeurs \u00e0 apprendre comment servir les joueurs de tennis occasionnels, qui constituent la majorit\u00e9 de la communaut\u00e9 tennistique.<\/p>\n\n<\/div>\n<\/div>\n\n<div class=\"gb-container gb-container-0787b207\">\n\n<div class=\"gb-container gb-container-eed18cdf\">\n\n\n\n<h3 class=\"gb-headline gb-headline-59f1817a gb-headline-text\"><span class=\"ez-toc-section\" id=\"Objectifs_dapprentissage_du_Certified_Tennis_Stringer\"><\/span><strong>Objectifs d&rsquo;apprentissage <mark style=\"background-color:rgba(0, 0, 0, 0)\" class=\"has-inline-color has-global-color-9-color\">du Certified Tennis Stringer<\/mark><\/strong><span class=\"ez-toc-section-end\"><\/span><\/h3>\n\n\n\n\n<ul class=\"wp-block-list\">\n<li>Comprendre la fabrication des raquettes de tennis<\/li>\n\n\n\n\n<li>Apprendre \u00e0 corder les raquettes en utilisant diff\u00e9rentes m\u00e9thodes<\/li>\n\n\n\n\n<li>Maintenir une tension de cordage constante sur toute la raquette<\/li>\n\n\n\n\n<li>Communiquer avec les clients sur le cordage de mani\u00e8re efficace<\/li>\n\n\n\n\n<li>Acqu\u00e9rir des connaissances plus pouss\u00e9es que la plupart des magasins de tennis<\/li>\n\n\n\n\n<li>Corder les raquettes avec une qualit\u00e9 sup\u00e9rieure \u00e0 celle de nombreux magasins locaux<\/li>\n\n\n\n\n<li>Expliquer le cordage aux joueurs occasionnels<\/li>\n\n\n\n\n<li>Sugg\u00e9rer des cordages et des tensions adapt\u00e9s \u00e0 diff\u00e9rents types de joueurs<\/li>\n\n\n\n\n<li>Aider les joueurs \u00e0 am\u00e9liorer leur jeu gr\u00e2ce \u00e0 une meilleure configuration de raquette<\/li>\n<\/ul>\n\n<\/div>\n<\/div>\n\n<div class=\"gb-container gb-container-227b6b28\">\n\n\n\n<h3 class=\"gb-headline gb-headline-e5c79f72 gb-headline-text\"><span class=\"ez-toc-section\" id=\"Prerequis_pour_la_certification_Certified_Tennis_Stringer_CTS\"><\/span><mark style=\"background-color:rgba(0, 0, 0, 0)\" class=\"has-inline-color has-global-color-9-color\">Pr\u00e9requis<\/mark> pour la certification Certified Tennis Stringer (CTS)<span class=\"ez-toc-section-end\"><\/span><\/h3>\n\n\n\n\n<p>Pour passer l&rsquo;examen Certified Tennis Stringer, vous devez :<\/p>\n\n\n\n\n<ul class=\"wp-block-list\">\n<li>Avoir au moins 3 ans de pratique du tennis<\/li>\n\n\n\n\n<li>Avoir une bonne compr\u00e9hension des bases techniques du tennis<\/li>\n\n\n\n\n<li>Avoir r\u00e9ussi l&rsquo;examen BSW Certified String Advisor \u2013 Tennis<\/li>\n\n\n\n\n<li>Avoir 5 ans d&rsquo;exp\u00e9rience en cordage de raquettes pour des clients<\/li>\n\n\n\n\n<li>Poss\u00e9der une bonne machine \u00e0 corder num\u00e9rique avec 6 points de fixation pour la raquette<\/li>\n\n\n\n\n<li>Avoir 18 ans ou plus<\/li>\n<\/ul>\n\n\n\n\n<p>Si vous remplissez toutes ces conditions, vous pouvez passer l&rsquo;examen Certified Tennis Stringer. Cela garantit que tous les candidats poss\u00e8dent les comp\u00e9tences et l&rsquo;exp\u00e9rience de base n\u00e9cessaires pour apprendre les techniques de cordage avanc\u00e9es.<\/p>\n\n<\/div>\n\n<div class=\"gb-container gb-container-8072e76b\">\n\n<div class=\"gb-container gb-container-eabf3753\">\n\n\n\n<h3 class=\"gb-headline gb-headline-0ad93116 gb-headline-text\"><span class=\"ez-toc-section\" id=\"Examen_theorique_ecrit\"><\/span><strong>Examen <mark style=\"background-color:rgba(0, 0, 0, 0)\" class=\"has-inline-color has-global-color-9-color\">th\u00e9orique \u00e9crit<\/mark><\/strong><span class=\"ez-toc-section-end\"><\/span><\/h3>\n\n\n\n\n<p>L&rsquo;\u00e9preuve \u00e9crite repr\u00e9sente <strong>50 %<\/strong> de votre note. Vous r\u00e9pondrez \u00e0 :<\/p>\n\n\n\n\n<p>Examen \u00e9crit :<br>50 questions \u00e0 choix multiples sur le cordage de raquettes de tennis<\/p>\n\n\n\n\n<p>Les sujets abord\u00e9s incluent :<\/p>\n\n\n\n\n<ul class=\"wp-block-list\">\n<li>La m\u00e9thode pour corder les raquettes de tennis<\/li>\n\n\n\n\n<li>La compr\u00e9hension de la tension du cordage<\/li>\n\n\n\n\n<li>Les diff\u00e9rents types de cadres de raquettes<\/li>\n\n\n\n\n<li>Les plans de cordage<\/li>\n\n\n\n\n<li>Les types de grips et leur pose<\/li>\n\n\n\n\n<li>Le diam\u00e8tre du cordage et son influence<\/li>\n\n\n\n\n<li>Les qualit\u00e9s d&rsquo;un bon cordeur<\/li>\n\n\n\n\n<li>Les types de cordages et leur impact sur le jeu<\/li>\n\n\n\n\n<li>Comment la tension modifie le comportement d&rsquo;une raquette<\/li>\n\n\n\n\n<li>Les nouvelles technologies de raquettes<\/li>\n<\/ul>\n\n\n\n\n<p>Test de service client : <br>Vous r\u00e9aliserez \u00e9galement une simulation d&rsquo;entretien de service client de 5 minutes. Cela d\u00e9montre :<\/p>\n\n\n\n\n<ul class=\"wp-block-list\">\n<li>Votre capacit\u00e9 \u00e0 bien expliquer le cordage aux clients<\/li>\n\n\n\n\n<li>Votre mani\u00e8re de g\u00e9rer les questions et pr\u00e9occupations des clients<\/li>\n<\/ul>\n\n\n\n\n<p>Les candidats doivent r\u00e9ussir \u00e0 la fois l&rsquo;examen \u00e9crit et l&rsquo;entretien de service client pour valider la partie th\u00e9orique de la certification.<\/p>\n\n<\/div>\n<\/div>\n\n<div class=\"gb-container gb-container-90ecf704\">\n\n<div class=\"gb-container gb-container-5939e332\">\n\n\n\n<h3 class=\"gb-headline gb-headline-fd44004c gb-headline-text\"><span class=\"ez-toc-section\" id=\"Competences_pratiques_en_cordage_CTS\"><\/span><strong>Comp\u00e9tences pratiques <mark style=\"background-color:rgba(0, 0, 0, 0)\" class=\"has-inline-color has-global-color-9-color\">en cordage<\/mark> (CTS) <\/strong><span class=\"ez-toc-section-end\"><\/span><\/h3>\n\n\n\n\n<p>Les 50 % restants de votre note proviennent du cordage de raquettes pour finaliser la <strong>certification Certified Tennis Stringer<\/strong>. Vous devrez corder quatre raquettes de tennis :<\/p>\n\n\n\n\n<ul class=\"wp-block-list\">\n<li>Deux raquettes avec un montage 2 n\u0153uds selon le motif Around-the-World (ATW)<\/li>\n\n\n\n\n<li>Deux raquettes avec un montage 4 n\u0153uds<\/li>\n<\/ul>\n\n\n\n\n<p>Pour chaque raquette, vous devez :<\/p>\n\n\n\n\n<ul class=\"wp-block-list\">\n<li>Terminer le cordage en 60 minutes<\/li>\n\n\n\n\n<li>Remplacer le jonc et les \u0153illets, puis corder la raquette sous la supervision de l&rsquo;examinateur<\/li>\n\n\n\n\n<li>Retirer soigneusement l&rsquo;ancien cordage<\/li>\n\n\n\n\n<li>Installer correctement la raquette sur la machine<\/li>\n\n\n\n\n<li>Passer les cordes dans les \u0153illets sans rien endommager<\/li>\n\n\n\n\n<li>R\u00e9aliser des n\u0153uds serr\u00e9s et corrects<\/li>\n\n\n\n\n<li>Vous assurer que la derni\u00e8re corde n&rsquo;est pas trop l\u00e2che<\/li>\n\n\n\n\n<li>\u00c9viter que les cordes ne se croisent<\/li>\n\n\n\n\n<li>Redresser toutes les cordes pour un r\u00e9sultat propre<\/li>\n\n\n\n\n<li>Poser un nouveau grip sur une raquette<\/li>\n<\/ul>\n\n\n\n\n<p>Les quatre raquettes doivent avoir la m\u00eame tension :<\/p>\n\n\n\n\n<ul class=\"wp-block-list\">\n<li>Pas plus de 2 unit\u00e9s de diff\u00e9rence lors du test<\/li>\n\n\n\n\n<li>Toutes cord\u00e9es \u00e0 la m\u00eame tension initiale<\/li>\n<\/ul>\n\n\n\n\n<p>Assurer une tension constante sur toutes les raquettes :<\/p>\n\n\n\n\n<ul class=\"wp-block-list\">\n<li>Diff\u00e9rence maximale de 2 DT lors du test avec un appareil de mesure<\/li>\n\n\n\n\n<li>Toutes les raquettes cord\u00e9es \u00e0 la m\u00eame tension<\/li>\n<\/ul>\n\n<\/div>\n<\/div>\n\n<div class=\"gb-container gb-container-f0989cee\">\n\n<div class=\"gb-container gb-container-e0d32fa5\">\n\n\n\n<h3 class=\"gb-headline gb-headline-fb417e2a gb-headline-text\"><span class=\"ez-toc-section\" id=\"Evaluateur_de_la_certification_de_tennis\"><\/span><strong>\u00c9valuateur <mark style=\"background-color:rgba(0, 0, 0, 0)\" class=\"has-inline-color has-global-color-9-color\">de la certification<\/mark> de tennis<\/strong><span class=\"ez-toc-section-end\"><\/span><\/h3>\n\n\n\n\n<p>L&rsquo;examinateur qui vous \u00e9value observera la qualit\u00e9 de votre travail. Il veut s&rsquo;assurer que vous savez suffisamment bien corder les raquettes de tennis pour devenir un <strong>Certified Tennis Stringer (CTS)<\/strong>. Voici ce qu&rsquo;il v\u00e9rifie :<\/p>\n\n\n\n\n<p>La personne qui \u00e9value votre examen v\u00e9rifiera :<\/p>\n\n\n\n\n<ul class=\"wp-block-list\">\n<li>Si vous utilisez les bonnes techniques de cordage de tennis<\/li>\n\n\n\n\n<li>Que les cordes ne se croisent pas sur l&rsquo;ensemble du cadre<\/li>\n\n\n\n\n<li>Que la forme de la raquette reste intacte<\/li>\n\n\n\n\n<li>Que vous n&rsquo;endommagez ni les cordes ni les \u0153illets<\/li>\n\n\n\n\n<li>Que les cordes sont droites et ont une tension uniforme<\/li>\n\n\n\n\n<li>Que les quatre raquettes donnent le m\u00eame r\u00e9sultat au test de tension<\/li>\n\n\n\n\n<li>Que vous terminez chaque raquette en 50 minutes<\/li>\n\n\n\n\n<li>La qualit\u00e9 de vos r\u00e9ponses aux questions<\/li>\n\n\n\n\n<li>Votre aptitude \u00e0 communiquer avec les clients<\/li>\n<\/ul>\n\n\n\n\n<figure class=\"gb-block-image gb-block-image-828e4f57\"><img loading=\"lazy\" decoding=\"async\" width=\"992\" height=\"555\" class=\"gb-image gb-image-828e4f57\" src=\"https:\/\/beststringer.com\/wp-content\/uploads\/2024\/10\/BSW-Certified-Tennis-Stringer-CTS-Certification-Best-Stringer-Worldwide-Certification.png\" alt=\"Certification Cordeur de Tennis Certifi\u00e9 (CTS) BSW en {{CITY_LOCAL}}, {{COUNTRY_LOCAL}}\" title=\"Certification Mondiale de Cordeur BSW pour le Tennis \u00e0 {{CITY_LOCAL}}\" srcset=\"https:\/\/beststringer.com\/wp-content\/uploads\/2024\/10\/BSW-Certified-Tennis-Stringer-CTS-Certification-Best-Stringer-Worldwide-Certification.png 992w, https:\/\/beststringer.com\/wp-content\/uploads\/2024\/10\/BSW-Certified-Tennis-Stringer-CTS-Certification-Best-Stringer-Worldwide-Certification-300x168.png 300w, https:\/\/beststringer.com\/wp-content\/uploads\/2024\/10\/BSW-Certified-Tennis-Stringer-CTS-Certification-Best-Stringer-Worldwide-Certification-768x430.png 768w\" sizes=\"auto, (max-width: 992px) 100vw, 992px\" \/><\/figure>\n\n<\/div>\n<\/div>\n\n<div class=\"gb-container gb-container-79c3d10c\">\n\n<div class=\"gb-container gb-container-6cec1a21\">\n\n\n\n<h3 class=\"gb-headline gb-headline-31ecb21f gb-headline-text\"><span class=\"ez-toc-section\" id=\"Obtention_de_la_certification\"><\/span><strong>Obtention <mark style=\"background-color:rgba(0, 0, 0, 0)\" class=\"has-inline-color has-global-color-9-color\">de la certification<\/mark><\/strong><span class=\"ez-toc-section-end\"><\/span><\/h3>\n\n\n\n\n<p class=\"gb-headline gb-headline-dee6187b gb-headline-text\">Si vous r\u00e9ussissez les \u00e9preuves \u00e9crites et pratiques, vous recevrez un certificat BSW <strong><mark style=\"background-color:rgba(0, 0, 0, 0)\" class=\"has-inline-color has-global-color-9-color\">Certified Tennis Stringer<\/mark><\/strong>. Ce document officiel atteste que vous ma\u00eetrisez le cordage des raquettes de tennis. BSW vous enverra ce certificat, quel que soit votre pays de r\u00e9sidence.<\/p>\n\n\n<div class=\"gb-container gb-container-e93a9248\">\n\n<div class=\"gb-container gb-container-1404f0f3\">\n\n<div class=\"gb-container gb-container-bde0c955\">\n\n<div class=\"gb-container gb-container-ad34ee19\">\n\n\n\n<h3 class=\"gb-headline gb-headline-fff45e8d gb-headline-text\"><span class=\"ez-toc-section\" id=\"Exemple_de_certificat_uniquement\"><\/span><strong>Exemple de certificat <mark style=\"background-color:rgba(0, 0, 0, 0)\" class=\"has-inline-color has-global-color-9-color\">uniquement<\/mark><\/strong><span class=\"ez-toc-section-end\"><\/span><\/h3>\n\n\n\n\n<p class=\"gb-headline gb-headline-bc007b36 gb-headline-text\">BSW applique des mesures de s\u00e9curit\u00e9 rigoureuses pour v\u00e9rifier l&rsquo;authenticit\u00e9 de chaque cordeur certifi\u00e9. Cela garantit que les joueurs peuvent identifier et contacter en toute confiance les cordeurs les plus comp\u00e9tents et l\u00e9gitimes de leur pays. Notre processus de certification maintient les plus hauts standards d&rsquo;excellence en mati\u00e8re de cordage de raquettes de tennis \u00e0 l&rsquo;\u00e9chelle mondiale.<\/p>\n\n<\/div>\n<\/div>\n\n<div class=\"gb-container gb-container-4afbca5d\">\n\n<div class=\"gb-container gb-container-4ad5da32\">\n\n\n\n<figure class=\"gb-block-image gb-block-image-92769f8f\"><img loading=\"lazy\" decoding=\"async\" width=\"1414\" height=\"2000\" class=\"gb-image gb-image-92769f8f\" src=\"https:\/\/beststringer.com\/wp-content\/uploads\/2024\/09\/Certified-Tennis-Stringer-Certificate-by-Best-Stringer-Worldwide-Recognize-1.png\" alt=\"Exemple de certificat de Cordeur de Tennis Certifi\u00e9 BSW reconnu mondialement\" title=\"Certificat de Cordeur de Tennis Certifi\u00e9 par Best Stringer Worldwide\" srcset=\"https:\/\/beststringer.com\/wp-content\/uploads\/2024\/09\/Certified-Tennis-Stringer-Certificate-by-Best-Stringer-Worldwide-Recognize-1.png 1414w, https:\/\/beststringer.com\/wp-content\/uploads\/2024\/09\/Certified-Tennis-Stringer-Certificate-by-Best-Stringer-Worldwide-Recognize-1-212x300.png 212w, https:\/\/beststringer.com\/wp-content\/uploads\/2024\/09\/Certified-Tennis-Stringer-Certificate-by-Best-Stringer-Worldwide-Recognize-1-724x1024.png 724w, https:\/\/beststringer.com\/wp-content\/uploads\/2024\/09\/Certified-Tennis-Stringer-Certificate-by-Best-Stringer-Worldwide-Recognize-1-768x1086.png 768w, https:\/\/beststringer.com\/wp-content\/uploads\/2024\/09\/Certified-Tennis-Stringer-Certificate-by-Best-Stringer-Worldwide-Recognize-1-1086x1536.png 1086w\" sizes=\"auto, (max-width: 1414px) 100vw, 1414px\" \/><\/figure>\n\n\n\n\n<p><em>Exemple de certificat uniquement<\/em>, les diff\u00e9rents pays peuvent demander \u00e0 BSW des certificats de cordeur certifi\u00e9 sp\u00e9cifiques \u00e0 leur r\u00e9gion.<\/p>\n\n<\/div>\n<\/div>\n<\/div>\n<\/div>\n\n<div class=\"gb-container gb-container-e795a955\">\n\n<div class=\"gb-container gb-container-d066f1b5\">\n\n\n\n<h3 class=\"gb-headline gb-headline-acc2e1f3 gb-headline-text\"><span class=\"ez-toc-section\" id=\"Parcours_de_certification\"><\/span><strong>Parcours <mark style=\"background-color:rgba(0, 0, 0, 0)\" class=\"has-inline-color has-global-color-9-color\">de certification<\/mark><\/strong><span class=\"ez-toc-section-end\"><\/span><\/h3>\n\n\n\n\n<p class=\"gb-headline gb-headline-4bd3f787 gb-headline-text\">Le parcours de cordeur de tennis BSW offre une exp\u00e9rience d&rsquo;apprentissage pratique unique pour les futurs ma\u00eetres cordeurs. En commen\u00e7ant par le programme BSW Certified Tennis Stringer (CTS), les participants explorent les techniques fondamentales et la physique des raquettes. En progressant vers le niveau Professional Tennis Stringer (PTS), ils approfondissent les m\u00e9thodes de cordage avanc\u00e9es et les personnalisations sp\u00e9cifiques aux joueurs. Le sommet, la certification Master Tennis Tour Stringer (MTTS), perfectionne l&rsquo;expertise de niveau circuit professionnel et les pratiques innovantes. Ce parcours \u00e9ducatif int\u00e8gre les comp\u00e9tences pratiques et les connaissances th\u00e9oriques, favorisant une compr\u00e9hension approfondie de la technologie du tennis et de la performance des joueurs. Les dipl\u00f4m\u00e9s sont reconnus comme \u00ab Meilleurs Cordeurs du Monde \u00bb, incarnant l&rsquo;excellence dans le monde dynamique de l&rsquo;optimisation de l&rsquo;\u00e9quipement de tennis.<\/p>\n\n<\/div>\n<\/div>\n<\/div>\n<\/div>\n\n<div class=\"gb-container gb-container-3d224814\">\n\n<div class=\"gb-container gb-container-a816b8e7\">\n\n\n\n<figure class=\"gb-block-image gb-block-image-ad4ae124\"><img loading=\"lazy\" decoding=\"async\" width=\"1000\" height=\"610\" class=\"gb-image gb-image-ad4ae124\" src=\"https:\/\/beststringer.com\/wp-content\/uploads\/2024\/08\/Certified-Tennis-Stringer-Certificate-Certification-by-Best-Stringer-Worldwide.jpg\" alt=\"Parcours de certification de Cordeur de Tennis Certifi\u00e9 par Best Stringer Worldwide\" title=\"Les \u00e9tapes de la certification de Cordeur de Tennis BSW\" srcset=\"https:\/\/beststringer.com\/wp-content\/uploads\/2024\/08\/Certified-Tennis-Stringer-Certificate-Certification-by-Best-Stringer-Worldwide.jpg 1000w, https:\/\/beststringer.com\/wp-content\/uploads\/2024\/08\/Certified-Tennis-Stringer-Certificate-Certification-by-Best-Stringer-Worldwide-300x183.jpg 300w, https:\/\/beststringer.com\/wp-content\/uploads\/2024\/08\/Certified-Tennis-Stringer-Certificate-Certification-by-Best-Stringer-Worldwide-768x468.jpg 768w\" sizes=\"auto, (max-width: 1000px) 100vw, 1000px\" \/><\/figure>\n\n<\/div>\n<\/div>\n<\/div>\n\n<section class=\"gb-container gb-container-21e3c652\">\n\n<div class=\"gb-container gb-container-11344779\">\n\n\n\n<h3 class=\"gb-headline gb-headline-39f4cce2 gb-headline-text\"><span class=\"ez-toc-section\" id=\"Podcast_sur_la_certification_BSW_Certified_Tennis_Stringer_CTS\"><\/span>Podcast sur la certification BSW Certified Tennis Stringer (CTS)<span class=\"ez-toc-section-end\"><\/span><\/h3>\n\n\n\n\n<p class=\"gb-headline gb-headline-c6c5990e gb-headline-text\">Explorez le monde du cordage de raquettes de tennis professionnel \u00e0 travers le programme BSW Certified Tennis Stringer (CTS). Cette vid\u00e9o d\u00e9taille le processus de certification, des connaissances th\u00e9oriques aux comp\u00e9tences pratiques, offrant un parcours clair pour ceux qui souhaitent perfectionner leur expertise en cordage.<\/p>\n\n\n<div class=\"gb-container gb-container-ec1a2ce6\">\n\n<div class=\"gb-container gb-container-238a634b\"><\/div>\n\n<\/div>\n\n\n\n<div id=\"youtube-player\"><\/div>\n<script>\nvar videoLoaded = false;\n\n\nfunction loadYouTubeVideo() {\nif (videoLoaded) return;\nvideoLoaded = true;\nvar tag = document.createElement('script');\ntag.src = \"https:\/\/www.youtube.com\/iframe_api\";\nvar firstScriptTag = document.getElementsByTagName('script')[0];\nfirstScriptTag.parentNode.insertBefore(tag, firstScriptTag);\n}\n\nfunction onYouTubeIframeAPIReady() {\nnew YT.Player('youtube-player', {\nheight: '360',\nwidth: '640',\nvideoId: 'r2dsADGSd4U', \/\/ Your video ID\nevents: {\n'onReady': onPlayerReady\n}\n});\n}\n\nfunction onPlayerReady(event) {\n\/\/ Video is ready to play\n}\n\n\/\/ Load the YouTube API script when the page is scrolled\nwindow.addEventListener('scroll', loadYouTubeVideo, { once: true });\n\n\/\/ Also load if the user hasn't scrolled after 3 seconds\nsetTimeout(loadYouTubeVideo, 3000);\n<\/script>\n\n\n\n<\/div>\n\n<\/section>\n\n<section class=\"gb-container gb-container-49b9586e\">\n\n<div class=\"gb-container gb-container-a2e9522c\"><\/div>\n\n<div class=\"gb-container gb-container-0e11192a\">\n\n\n\n<h3 class=\"gb-headline gb-headline-5cf408ee gb-headline-text\"><span class=\"ez-toc-section\" id=\"Programme_BSW_Certified_Tennis_Stringer\"><\/span>Programme BSW Certified Tennis Stringer<span class=\"ez-toc-section-end\"><\/span><\/h3>\n\n\n<div class=\"gb-container gb-container-daaa2e63\">\n\n<div class=\"gb-container gb-container-bda621fe\"><\/div>\n\n<div class=\"gb-container gb-container-4b0ac72b\"><\/div>\n\n<\/div>\n\n\n\n<p class=\"gb-headline gb-headline-edf98545 gb-headline-text\">Apprenez les comp\u00e9tences professionnelles du cordage de raquettes de tennis. Cette certification couvre les techniques appropri\u00e9es, la technologie des raquettes de tennis et l&rsquo;\u00e9valuation des besoins des joueurs, qu&rsquo;ils soient occasionnels ou comp\u00e9titifs.<\/p>\n\n\n\n\n\n<a class=\"gb-button gb-button-a29641e0 gb-button-text\" href=\"https:\/\/beststringer.com\/fr\/stringing-certificate\/\">D\u00e9tails de la certification<\/a>\n\n\n\n<\/div>\n\n<\/section>\n","protected":false},"excerpt":{"rendered":"<p>Le programme BSW Certified Tennis Stringer enseigne les comp\u00e9tences de base du cordage de raquettes de tennis. Cette certification aide les cordeurs \u00e0 apprendre comment servir les joueurs de tennis occasionnels, qui constituent la majorit\u00e9 de la communaut\u00e9 tennistique. Objectifs d&rsquo;apprentissage du Certified Tennis Stringer Pr\u00e9requis pour la certification Certified Tennis Stringer (CTS) Pour passer &#8230; <a title=\"Certification de Cordeur de Tennis Certifi\u00e9 (CTS)\" class=\"read-more\" href=\"https:\/\/beststringer.com\/fr\/bsw-certified-tennis-stringer-cts-certification\/\" aria-label=\"En savoir plus sur Certification de Cordeur de Tennis Certifi\u00e9 (CTS)\">Lire plus<\/a><\/p>\n","protected":false},"author":1,"featured_media":40596,"parent":0,"menu_order":0,"comment_status":"closed","ping_status":"closed","template":"","meta":{"footnotes":""},"class_list":{"0":"post-40594","1":"page","2":"type-page","3":"status-publish","4":"has-post-thumbnail","6":"infinite-scroll-item"},"_links":{"self":[{"href":"https:\/\/beststringer.com\/fr\/wp-json\/wp\/v2\/pages\/40594","targetHints":{"allow":["GET"]}}],"collection":[{"href":"https:\/\/beststringer.com\/fr\/wp-json\/wp\/v2\/pages"}],"about":[{"href":"https:\/\/beststringer.com\/fr\/wp-json\/wp\/v2\/types\/page"}],"author":[{"embeddable":true,"href":"https:\/\/beststringer.com\/fr\/wp-json\/wp\/v2\/users\/1"}],"replies":[{"embeddable":true,"href":"https:\/\/beststringer.com\/fr\/wp-json\/wp\/v2\/comments?post=40594"}],"version-history":[{"count":0,"href":"https:\/\/beststringer.com\/fr\/wp-json\/wp\/v2\/pages\/40594\/revisions"}],"wp:featuredmedia":[{"embeddable":true,"href":"https:\/\/beststringer.com\/fr\/wp-json\/wp\/v2\/media\/40596"}],"wp:attachment":[{"href":"https:\/\/beststringer.com\/fr\/wp-json\/wp\/v2\/media?parent=40594"}],"curies":[{"name":"wp","href":"https:\/\/api.w.org\/{rel}","templated":true}]}}