{"id":40436,"date":"2024-08-18T11:12:19","date_gmt":"2024-08-18T11:12:19","guid":{"rendered":"https:\/\/beststringer.com\/tennis-stringing-certificate\/"},"modified":"2025-09-25T05:49:33","modified_gmt":"2025-09-25T05:49:33","slug":"tennis-stringing-certificate","status":"publish","type":"page","link":"https:\/\/beststringer.com\/fr\/tennis-stringing-certificate\/","title":{"rendered":"Certificat de Cordage Tennis"},"content":{"rendered":"<div class=\"gb-container gb-container-f66bc834\">\n\n<div class=\"gb-container gb-container-3423e27e\">\n\n<div class=\"gb-container gb-container-4ea2fbf1\">\n\n\n\n<h2 class=\"gb-headline gb-headline-79589317 gb-headline-text\">Certification de <mark style=\"background-color:rgba(0, 0, 0, 0)\" class=\"has-inline-color has-global-color-9-color\">cordage de tennis<\/mark><\/h2>\n\n\n\n\n<p class=\"gb-headline gb-headline-d07d49cf gb-headline-text\">Best Stringer Worldwide (BSW) propose des certifications pour le cordage de raquettes de tennis. Ces certificats valident les comp\u00e9tences en mati\u00e8re de cordage. Notre programme \u00e9value les m\u00e9thodes de base ainsi que les techniques avanc\u00e9es de pr\u00e9paration des raquettes de tennis.<\/p>\n\n\n\n\n<figure class=\"wp-block-image size-full is-resized\"><img loading=\"lazy\" decoding=\"async\" width=\"1024\" height=\"1024\" src=\"https:\/\/beststringer.com\/wp-content\/uploads\/2025\/05\/Tennis-Stringing-Certificate-Certification-BSW-Certified-Stringer.jpg\" alt=\"Certificat de cordage de tennis BSW pour cordeur certifi\u00e9\" class=\"wp-image-18592\" style=\"width:538px\" srcset=\"https:\/\/beststringer.com\/wp-content\/uploads\/2025\/05\/Tennis-Stringing-Certificate-Certification-BSW-Certified-Stringer.jpg 1024w, https:\/\/beststringer.com\/wp-content\/uploads\/2025\/05\/Tennis-Stringing-Certificate-Certification-BSW-Certified-Stringer-300x300.jpg 300w, https:\/\/beststringer.com\/wp-content\/uploads\/2025\/05\/Tennis-Stringing-Certificate-Certification-BSW-Certified-Stringer-150x150.jpg 150w, https:\/\/beststringer.com\/wp-content\/uploads\/2025\/05\/Tennis-Stringing-Certificate-Certification-BSW-Certified-Stringer-768x768.jpg 768w\" sizes=\"auto, (max-width: 1024px) 100vw, 1024px\" \/><\/figure>\n\n<\/div>\n<\/div>\n\n<div class=\"gb-container gb-container-37db13f4\">\n\n<div class=\"gb-container gb-container-3021f73c\">\n\n\n\n<h3 class=\"gb-headline gb-headline-e5c79f72 gb-headline-text\">Niveaux de certification en <mark style=\"background-color:rgba(0, 0, 0, 0)\" class=\"has-inline-color has-global-color-9-color\">cordage de tennis<\/mark><\/h3>\n\n\n\n\n<p class=\"gb-headline gb-headline-7d760a3f gb-headline-text\">BSW propose diff\u00e9rents niveaux de certification pour le cordage de raquettes de tennis :<\/p>\n\n\n\n\n<ol class=\"wp-block-list\">\n<li><a href=\"https:\/\/beststringer.com\/fr\/bsw-certified-tennis-stringer-cts-certification\/\">BSW Cordeur de Tennis Certifi\u00e9 (CTS)<\/a><\/li>\n\n\n\n\n<li><a href=\"https:\/\/beststringer.com\/fr\/professional-tennis-stringer-pts-certification\/\">Cordeur de Tennis Professionnel (PTS)<\/a><\/li>\n\n\n\n\n<li><a href=\"https:\/\/beststringer.com\/fr\/master-tennis-tour-stringer-mtts-certification\/\">Ma\u00eetre Cordeur du Circuit de Tennis (MTTS)<\/a><\/li>\n\n\n\n\n<li>BSW Conseiller Certifi\u00e9 en Tension de Tennis (CTTA)<\/li>\n\n\n\n\n<li>BSW Conseiller Certifi\u00e9 en Cordage de Tennis (CTSA)<\/li>\n<\/ol>\n\n<\/div>\n<\/div>\n\n<div class=\"gb-container gb-container-8072e76b\">\n\n<div class=\"gb-container gb-container-eabf3753\">\n\n\n\n<h3 class=\"gb-headline gb-headline-0ad93116 gb-headline-text\">Structure de la <mark style=\"background-color:rgba(0, 0, 0, 0)\" class=\"has-inline-color has-global-color-9-color\">certification en cordage de raquettes de tennis<\/mark><\/h3>\n\n\n\n\n<p class=\"gb-headline gb-headline-0e4cbc73 gb-headline-text\">Tous les examens de cordage de tennis BSW se composent de deux parties principales :<br><\/p>\n\n\n\n\n<p>1. <strong>Examen \u00e9crit et \u00e0 choix multiples :<\/strong><br>&#8211; Comment corder les raquettes de tennis<br>&#8211; Connaissance des raquettes et des cordages de tennis<br>&#8211; Besoins des joueurs de tennis<br><br>2. <strong>Examen pratique :<\/strong><br>&#8211; Cordage de raquettes de tennis<br>&#8211; Diff\u00e9rents plans de cordage<br>&#8211; Obtenir la bonne tension de cordage<br>&#8211; Soin du cadre de la raquette<\/p>\n\n<\/div>\n<\/div>\n\n<div class=\"gb-container gb-container-0bc9ddf8\">\n\n<div class=\"gb-container gb-container-4a1593e5\">\n\n\n\n<h3 class=\"gb-headline gb-headline-f300e849 gb-headline-text\"><mark style=\"background-color:rgba(0, 0, 0, 0)\" class=\"has-inline-color has-global-color-9-color\">\u00c9l\u00e9ments cl\u00e9s<\/mark> de la certification de tennis<\/h3>\n\n\n\n\n<p class=\"gb-headline gb-headline-1f171057 gb-headline-text\">&#8211; Diff\u00e9rentes mani\u00e8res de corder les raquettes de tennis<br>&#8211; Travailler avec diff\u00e9rents types de raquettes de tennis<br>&#8211; Apprentissage des cordages de tennis<br>&#8211; Compr\u00e9hension de la tension du cordage<br>&#8211; Comment aider les joueurs \u00e0 choisir les bons cordages<br>&#8211; Utilisation des outils de cordage<\/p>\n\n<\/div>\n<\/div>\n\n<div class=\"gb-container gb-container-bc7f3ef7\">\n\n<div class=\"gb-container gb-container-c402b7cb\">\n\n\n\n<h3 class=\"gb-headline gb-headline-9ac68257 gb-headline-text\">Processus de <mark style=\"background-color:rgba(0, 0, 0, 0)\" class=\"has-inline-color has-global-color-9-color\">certification<\/mark><\/h3>\n\n\n\n\n<p>1. <strong>Inscrivez-vous<\/strong> \u00e0 l&rsquo;examen de votre choix<br>2. <strong>Nous v\u00e9rifions<\/strong> si vous \u00eates pr\u00eat pour l&rsquo;examen<br>3. <strong>Vous passez<\/strong> les examens \u00e9crits et pratiques<br>4. <strong>Nous \u00e9valuons<\/strong> vos examens<br>5. <strong>Si vous r\u00e9ussissez<\/strong>, vous recevez votre certificat<\/p>\n\n\n\n\n<p>BSW veille \u00e0 ce que nos certificats aient une r\u00e9elle valeur. Nos frais sont fix\u00e9s pour couvrir les co\u00fbts d&rsquo;un examen de qualit\u00e9 qui d\u00e9montre v\u00e9ritablement les comp\u00e9tences en mati\u00e8re de cordage.<\/p>\n\n<\/div>\n<\/div>\n\n<div class=\"gb-container gb-container-48cde7af\">\n\n<div class=\"gb-container gb-container-90b016f1\">\n\n\n\n<h3 class=\"gb-headline gb-headline-56d4264c gb-headline-text\"><mark style=\"background-color:rgba(0, 0, 0, 0)\" class=\"has-inline-color has-global-color-9-color\">Utilisations<\/mark> du certificat de cordage de tennis<\/h3>\n\n\n\n\n<p>Vous pouvez utiliser les comp\u00e9tences acquises gr\u00e2ce \u00e0 ces certificats dans de nombreux contextes : <br>&#8211; Corder des raquettes pour vous-m\u00eame ou votre groupe de tennis<br>&#8211; Travailler dans des clubs de tennis ou des centres d&rsquo;entra\u00eenement<br>&#8211; Dans des magasins de sport ou des boutiques de tennis<br>&#8211; Lors de tournois de tennis professionnels ou d&rsquo;\u00e9v\u00e9nements locaux<\/p>\n\n\n\n\n<figure class=\"gb-block-image gb-block-image-495efa05\"><img loading=\"lazy\" decoding=\"async\" width=\"1070\" height=\"800\" class=\"gb-image gb-image-495efa05\" src=\"https:\/\/beststringer.com\/wp-content\/uploads\/2024\/10\/Tennis-Stringing-Certificate-Certification-BSW-Best-Stringer-Worldwide.png\" alt=\"Certification de cordage tennis BSW Best Stringer Worldwide\" title=\"Certification de cordage tennis BSW Best Stringer Worldwide\" srcset=\"https:\/\/beststringer.com\/wp-content\/uploads\/2024\/10\/Tennis-Stringing-Certificate-Certification-BSW-Best-Stringer-Worldwide.png 1070w, https:\/\/beststringer.com\/wp-content\/uploads\/2024\/10\/Tennis-Stringing-Certificate-Certification-BSW-Best-Stringer-Worldwide-300x224.png 300w, https:\/\/beststringer.com\/wp-content\/uploads\/2024\/10\/Tennis-Stringing-Certificate-Certification-BSW-Best-Stringer-Worldwide-1024x766.png 1024w, https:\/\/beststringer.com\/wp-content\/uploads\/2024\/10\/Tennis-Stringing-Certificate-Certification-BSW-Best-Stringer-Worldwide-768x574.png 768w\" sizes=\"auto, (max-width: 1070px) 100vw, 1070px\" \/><\/figure>\n\n<\/div>\n<\/div>\n\n<div class=\"gb-container gb-container-b96c1957\">\n\n<div class=\"gb-container gb-container-5667abb6\">\n\n\n\n<h3 class=\"gb-headline gb-headline-a125c315 gb-headline-text\"><mark style=\"background-color:rgba(0, 0, 0, 0)\" class=\"has-inline-color has-global-color-9-color\">Continuez \u00e0 apprendre<\/mark> sur le cordage de raquettes de tennis<\/h3>\n\n\n\n\n<p>BSW encourage les cordeurs certifi\u00e9s \u00e0 poursuivre leur formation en :<br>&#8211; Passant des examens de cordage de tennis de niveau sup\u00e9rieur<br>&#8211; Participant \u00e0 des ateliers sur les nouvelles m\u00e9thodes de cordage<br>&#8211; Se tenant inform\u00e9 des nouvelles raquettes et des nouveaux cordages<br>&#8211; \u00c9changeant avec d&rsquo;autres cordeurs au sein de groupes<\/p>\n\n\n\n\n<p>En proposant ces certifications de cordage de tennis, BSW vise \u00e0 garantir que les raquettes de tennis soient bien cord\u00e9es. Cela aide les joueurs de tennis de tous niveaux \u00e0 disposer de meilleures raquettes pour jouer.<\/p>\n\n\n\n\n<p>Chaque niveau de certification a ses propres r\u00e8gles et points \u00e0 apprendre. Pour en savoir plus sur une certification de cordage de tennis sp\u00e9cifique, cliquez sur son nom ci-dessous.<\/p>\n\n<\/div>\n<\/div>\n<\/div>\n\n<section class=\"gb-container gb-container-f2eb6521\">\n\n<div class=\"gb-grid-wrapper gb-grid-wrapper-4b9b7e10\">\n\n<div class=\"gb-grid-column gb-grid-column-491939a3\"><div class=\"gb-container gb-container-491939a3\">\n\n\n\n<p class=\"gb-headline gb-headline-6035f175 gb-headline-text\"><strong>BSW<\/strong><\/p>\n\n\n<div class=\"gb-container gb-container-731ae20e\">\n\n<div class=\"gb-container gb-container-d96e7a76\"><\/div>\n\n<\/div>\n\n\n\n<h2 class=\"gb-headline gb-headline-2834ed4d gb-headline-text\">Cordeur de Tennis Certifi\u00e9 (CTS)<\/h2>\n\n\n\n\n<p class=\"gb-headline gb-headline-23954af5 gb-headline-text\">Comp\u00e9tences de base en cordage de tennis et techniques de pr\u00e9paration de raquette.<\/p>\n\n\n\n\n\n<a class=\"gb-button gb-button-78ef4961\" href=\"https:\/\/beststringer.com\/fr\/bsw-certified-tennis-stringer-cts-certification\/\"><span class=\"gb-button-text\">En savoir plus<\/span><span class=\"gb-icon\"><svg viewBox=\"0 0 512 512\" xmlns=\"http:\/\/www.w3.org\/2000\/svg\"><path d=\"M502.6 278.6c12.5-12.5 12.5-32.8 0-45.3l-128-128c-12.5-12.5-32.8-12.5-45.3 0s-12.5 32.8 0 45.3l73.4 73.4H32c-17.7 0-32 14.3-32 32s14.3 32 32 32h370.7l-73.4 73.4c-12.5 12.5-12.5 32.8 0 45.3s32.8 12.5 45.3 0l128-128z\"><\/path><\/svg><\/span><\/a>\n\n\n\n<\/div><\/div>\n\n<div class=\"gb-grid-column gb-grid-column-29bf4487\"><div class=\"gb-container gb-container-29bf4487\">\n\n\n\n<p class=\"gb-headline gb-headline-0a24fd0f gb-headline-text\"><strong>BSW<\/strong><\/p>\n\n\n<div class=\"gb-container gb-container-d0553944\">\n\n<div class=\"gb-container gb-container-09d00176\"><\/div>\n\n<\/div>\n\n\n\n<h2 class=\"gb-headline gb-headline-4addc0f7 gb-headline-text\">Cordeur de Tennis Professionnel (PTS)<\/h2>\n\n\n\n\n<p class=\"gb-headline gb-headline-1c19adbf gb-headline-text\">M\u00e9thodes de cordage avanc\u00e9es pour divers types de raquettes de tennis.<\/p>\n\n\n\n\n\n<a class=\"gb-button gb-button-80adbc84\" href=\"https:\/\/beststringer.com\/fr\/professional-tennis-stringer-pts-certification\/\"><span class=\"gb-button-text\">En savoir plus<\/span><span class=\"gb-icon\"><svg viewBox=\"0 0 512 512\" xmlns=\"http:\/\/www.w3.org\/2000\/svg\"><path d=\"M502.6 278.6c12.5-12.5 12.5-32.8 0-45.3l-128-128c-12.5-12.5-32.8-12.5-45.3 0s-12.5 32.8 0 45.3l73.4 73.4H32c-17.7 0-32 14.3-32 32s14.3 32 32 32h370.7l-73.4 73.4c-12.5 12.5-12.5 32.8 0 45.3s32.8 12.5 45.3 0l128-128z\"><\/path><\/svg><\/span><\/a>\n\n\n\n<\/div><\/div>\n\n<div class=\"gb-grid-column gb-grid-column-38a22b00\"><div class=\"gb-container gb-container-38a22b00\">\n\n\n\n<p class=\"gb-headline gb-headline-6f3ccaa8 gb-headline-text\"><strong>BSW<\/strong><\/p>\n\n\n<div class=\"gb-container gb-container-cc33d305\">\n\n<div class=\"gb-container gb-container-c7d96b73\"><\/div>\n\n<\/div>\n\n\n\n<h2 class=\"gb-headline gb-headline-09f4131c gb-headline-text\">Ma\u00eetre Cordeur du Circuit de Tennis (MTTS)<\/h2>\n\n\n\n\n<p class=\"gb-headline gb-headline-085d8440 gb-headline-text\">Cordage de niveau expert pour les tournois et les joueurs professionnels.<\/p>\n\n\n\n\n\n<a class=\"gb-button gb-button-449fedff\" href=\"https:\/\/beststringer.com\/fr\/master-tennis-tour-stringer-mtts-certification\/\"><span class=\"gb-button-text\">En savoir plus<\/span><span class=\"gb-icon\"><svg viewBox=\"0 0 512 512\" xmlns=\"http:\/\/www.w3.org\/2000\/svg\"><path d=\"M502.6 278.6c12.5-12.5 12.5-32.8 0-45.3l-128-128c-12.5-12.5-32.8-12.5-45.3 0s-12.5 32.8 0 45.3l73.4 73.4H32c-17.7 0-32 14.3-32 32s14.3 32 32 32h370.7l-73.4 73.4c-12.5 12.5-12.5 32.8 0 45.3s32.8 12.5 45.3 0l128-128z\"><\/path><\/svg><\/span><\/a>\n\n\n\n<\/div><\/div>\n\n<div class=\"gb-grid-column gb-grid-column-09ceebfb\"><div class=\"gb-container gb-container-09ceebfb\">\n\n\n\n<p class=\"gb-headline gb-headline-1022f806 gb-headline-text\"><strong>BSW<\/strong><\/p>\n\n\n<div class=\"gb-container gb-container-15a0880c\">\n\n<div class=\"gb-container gb-container-5490e8ff\"><\/div>\n\n<\/div>\n\n\n\n<h2 class=\"gb-headline gb-headline-3e7d338d gb-headline-text\">Conseiller Certifi\u00e9 en Tension de Tennis (CTTA)<\/h2>\n\n\n\n\n<p class=\"gb-headline gb-headline-50701001 gb-headline-text\">Connaissances sp\u00e9cialis\u00e9es sur les effets de la tension du cordage et les recommandations.<\/p>\n\n\n\n\n\n<a class=\"gb-button gb-button-d196416b\" href=\"#\"><span class=\"gb-button-text\">En savoir plus<\/span><span class=\"gb-icon\"><svg viewBox=\"0 0 512 512\" xmlns=\"http:\/\/www.w3.org\/2000\/svg\"><path d=\"M502.6 278.6c12.5-12.5 12.5-32.8 0-45.3l-128-128c-12.5-12.5-32.8-12.5-45.3 0s-12.5 32.8 0 45.3l73.4 73.4H32c-17.7 0-32 14.3-32 32s14.3 32 32 32h370.7l-73.4 73.4c-12.5 12.5-12.5 32.8 0 45.3s32.8 12.5 45.3 0l128-128z\"><\/path><\/svg><\/span><\/a>\n\n\n\n<\/div><\/div>\n\n<div class=\"gb-grid-column gb-grid-column-6d7e80ba\"><div class=\"gb-container gb-container-6d7e80ba\">\n\n\n\n<p class=\"gb-headline gb-headline-d2e3bb04 gb-headline-text\"><strong>BSW<\/strong><\/p>\n\n\n<div class=\"gb-container gb-container-ae4f62c8\">\n\n<div class=\"gb-container gb-container-4cbbfba4\"><\/div>\n\n<\/div>\n\n\n\n<h2 class=\"gb-headline gb-headline-c51243d4 gb-headline-text\">Conseiller Certifi\u00e9 en Cordage de Tennis (CTSA)<\/h2>\n\n\n\n\n<p class=\"gb-headline gb-headline-7e4f5a8c gb-headline-text\">Compr\u00e9hension approfondie des types et des propri\u00e9t\u00e9s des cordages de tennis.<\/p>\n\n\n\n\n\n<a class=\"gb-button gb-button-08a6b2e1\" href=\"#\"><span class=\"gb-button-text\">En savoir plus<\/span><span class=\"gb-icon\"><svg viewBox=\"0 0 512 512\" xmlns=\"http:\/\/www.w3.org\/2000\/svg\"><path d=\"M502.6 278.6c12.5-12.5 12.5-32.8 0-45.3l-128-128c-12.5-12.5-32.8-12.5-45.3 0s-12.5 32.8 0 45.3l73.4 73.4H32c-17.7 0-32 14.3-32 32s14.3 32 32 32h370.7l-73.4 73.4c-12.5 12.5-12.5 32.8 0 45.3s32.8 12.5 45.3 0l128-128z\"><\/path><\/svg><\/span><\/a>\n\n\n\n<\/div><\/div>\n\n<div class=\"gb-grid-column gb-grid-column-f86684a3\"><div class=\"gb-container gb-container-f86684a3\">\n\n\n\n<p class=\"gb-headline gb-headline-c61dd94e gb-headline-text\"><strong>BSW<\/strong><\/p>\n\n\n<div class=\"gb-container gb-container-7aca502d\">\n\n<div class=\"gb-container gb-container-5ee444a6\"><\/div>\n\n<\/div>\n\n\n\n<h2 class=\"gb-headline gb-headline-faabea64 gb-headline-text\">Conseiller Professionnel en Cordage et Tension de Tennis (PTSTA)<\/h2>\n\n\n\n\n<p class=\"gb-headline gb-headline-ac676b58 gb-headline-text\">Expertise compl\u00e8te dans la s\u00e9lection des cordages et l&rsquo;optimisation de la tension.<\/p>\n\n\n\n\n\n<a class=\"gb-button gb-button-7a7f243a\" href=\"#\"><span class=\"gb-button-text\">En savoir plus<\/span><span class=\"gb-icon\"><svg viewBox=\"0 0 512 512\" xmlns=\"http:\/\/www.w3.org\/2000\/svg\"><path d=\"M502.6 278.6c12.5-12.5 12.5-32.8 0-45.3l-128-128c-12.5-12.5-32.8-12.5-45.3 0s-12.5 32.8 0 45.3l73.4 73.4H32c-17.7 0-32 14.3-32 32s14.3 32 32 32h370.7l-73.4 73.4c-12.5 12.5-12.5 32.8 0 45.3s32.8 12.5 45.3 0l128-128z\"><\/path><\/svg><\/span><\/a>\n\n\n\n<\/div><\/div>\n\n<\/div>\n\n<\/section>\n\n<section class=\"gb-container gb-container-21e3c652\">\n\n<div class=\"gb-container gb-container-11344779\">\n\n\n\n<h3 class=\"gb-headline gb-headline-39f4cce2 gb-headline-text\">Comprendre les certifications de cordage de raquettes de tennis<\/h3>\n\n\n\n\n<p class=\"gb-headline gb-headline-c6c5990e gb-headline-text\">Cette vid\u00e9o explore le programme de Certification de Cordage de Tennis de Best Stringer Worldwide (BSW), une initiative \u00e9ducative con\u00e7ue pour am\u00e9liorer les standards du cordage de raquettes. Nous examinerons les six niveaux de certification propos\u00e9s par BSW, du Cordeur de Tennis Certifi\u00e9 au Conseiller Professionnel en Cordage et Tension de Tennis.<\/p>\n\n\n<div class=\"gb-container gb-container-ec1a2ce6\">\n\n<div class=\"gb-container gb-container-238a634b\"><\/div>\n\n<\/div>\n\n\n\n<div id=\"youtube-player\"><\/div>\n<script>\nvar videoLoaded = false;\n\n\nfunction loadYouTubeVideo() {\nif (videoLoaded) return;\nvideoLoaded = true;\nvar tag = document.createElement('script');\ntag.src = \"https:\/\/www.youtube.com\/iframe_api\";\nvar firstScriptTag = document.getElementsByTagName('script')[0];\nfirstScriptTag.parentNode.insertBefore(tag, firstScriptTag);\n}\n\nfunction onYouTubeIframeAPIReady() {\nnew YT.Player('youtube-player', {\nheight: '360',\nwidth: '640',\nvideoId: 'AtGBRRdPgDU', \/\/ Your video ID\nevents: {\n'onReady': onPlayerReady\n}\n});\n}\n\nfunction onPlayerReady(event) {\n\/\/ Video is ready to play\n}\n\n\/\/ Load the YouTube API script when the page is scrolled\nwindow.addEventListener('scroll', loadYouTubeVideo, { once: true });\n\n\/\/ Also load if the user hasn't scrolled after 3 seconds\nsetTimeout(loadYouTubeVideo, 3000);\n<\/script>\n\n\n\n<\/div>\n\n<\/section>\n","protected":false},"excerpt":{"rendered":"<p>Certification de cordage de tennis Best Stringer Worldwide (BSW) propose des certifications pour le cordage de raquettes de tennis. Ces certificats valident les comp\u00e9tences en mati\u00e8re de cordage. Notre programme \u00e9value les m\u00e9thodes de base ainsi que les techniques avanc\u00e9es de pr\u00e9paration des raquettes de tennis. Niveaux de certification en cordage de tennis BSW propose &#8230; <a title=\"Certificat de Cordage Tennis\" class=\"read-more\" href=\"https:\/\/beststringer.com\/fr\/tennis-stringing-certificate\/\" aria-label=\"En savoir plus sur Certificat de Cordage Tennis\">Lire plus<\/a><\/p>\n","protected":false},"author":1,"featured_media":40438,"parent":0,"menu_order":0,"comment_status":"closed","ping_status":"closed","template":"","meta":{"footnotes":""},"class_list":{"0":"post-40436","1":"page","2":"type-page","3":"status-publish","4":"has-post-thumbnail","6":"infinite-scroll-item"},"_links":{"self":[{"href":"https:\/\/beststringer.com\/fr\/wp-json\/wp\/v2\/pages\/40436","targetHints":{"allow":["GET"]}}],"collection":[{"href":"https:\/\/beststringer.com\/fr\/wp-json\/wp\/v2\/pages"}],"about":[{"href":"https:\/\/beststringer.com\/fr\/wp-json\/wp\/v2\/types\/page"}],"author":[{"embeddable":true,"href":"https:\/\/beststringer.com\/fr\/wp-json\/wp\/v2\/users\/1"}],"replies":[{"embeddable":true,"href":"https:\/\/beststringer.com\/fr\/wp-json\/wp\/v2\/comments?post=40436"}],"version-history":[{"count":0,"href":"https:\/\/beststringer.com\/fr\/wp-json\/wp\/v2\/pages\/40436\/revisions"}],"wp:featuredmedia":[{"embeddable":true,"href":"https:\/\/beststringer.com\/fr\/wp-json\/wp\/v2\/media\/40438"}],"wp:attachment":[{"href":"https:\/\/beststringer.com\/fr\/wp-json\/wp\/v2\/media?parent=40436"}],"curies":[{"name":"wp","href":"https:\/\/api.w.org\/{rel}","templated":true}]}}