{"id":39604,"date":"2024-08-06T04:55:03","date_gmt":"2024-08-06T04:55:03","guid":{"rendered":"https:\/\/beststringer.com\/certified-badminton-stringer-cbs-certification\/"},"modified":"2025-09-25T05:45:53","modified_gmt":"2025-09-25T05:45:53","slug":"certified-badminton-stringer-cbs-certification","status":"publish","type":"page","link":"https:\/\/beststringer.com\/fr\/certified-badminton-stringer-cbs-certification\/","title":{"rendered":"Certification Cordeur de Badminton Certifi\u00e9 (CBS)"},"content":{"rendered":"<div class=\"gb-container gb-container-f66bc834\">\n\n<div class=\"gb-container gb-container-37db13f4\">\n\n<div class=\"gb-container gb-container-3021f73c\">\n\n<div id=\"ez-toc-container\" class=\"ez-toc-v2_0_82_2 ez-toc-wrap-left counter-hierarchy ez-toc-counter ez-toc-custom ez-toc-container-direction\">\n<div class=\"ez-toc-title-container\">\n<p class=\"ez-toc-title\" style=\"cursor:inherit\">Topics<\/p>\n<span class=\"ez-toc-title-toggle\"><a href=\"#\" class=\"ez-toc-pull-right ez-toc-btn ez-toc-btn-xs ez-toc-btn-default ez-toc-toggle\" aria-label=\"Toggle Table of Content\"><span class=\"ez-toc-js-icon-con\"><span class=\"\"><span class=\"eztoc-hide\" style=\"display:none;\">Toggle<\/span><span class=\"ez-toc-icon-toggle-span\"><svg style=\"fill: #ffffff;color:#ffffff\" xmlns=\"http:\/\/www.w3.org\/2000\/svg\" class=\"list-377408\" width=\"20px\" height=\"20px\" viewBox=\"0 0 24 24\" fill=\"none\"><path d=\"M6 6H4v2h2V6zm14 0H8v2h12V6zM4 11h2v2H4v-2zm16 0H8v2h12v-2zM4 16h2v2H4v-2zm16 0H8v2h12v-2z\" fill=\"currentColor\"><\/path><\/svg><svg style=\"fill: #ffffff;color:#ffffff\" class=\"arrow-unsorted-368013\" xmlns=\"http:\/\/www.w3.org\/2000\/svg\" width=\"10px\" height=\"10px\" viewBox=\"0 0 24 24\" version=\"1.2\" baseProfile=\"tiny\"><path d=\"M18.2 9.3l-6.2-6.3-6.2 6.3c-.2.2-.3.4-.3.7s.1.5.3.7c.2.2.4.3.7.3h11c.3 0 .5-.1.7-.3.2-.2.3-.5.3-.7s-.1-.5-.3-.7zM5.8 14.7l6.2 6.3 6.2-6.3c.2-.2.3-.5.3-.7s-.1-.5-.3-.7c-.2-.2-.4-.3-.7-.3h-11c-.3 0-.5.1-.7.3-.2.2-.3.5-.3.7s.1.5.3.7z\"\/><\/svg><\/span><\/span><\/span><\/a><\/span><\/div>\n<nav><ul class='ez-toc-list ez-toc-list-level-1 eztoc-toggle-hide-by-default' ><li class='ez-toc-page-1 ez-toc-heading-level-3'><a class=\"ez-toc-link ez-toc-heading-1\" href=\"https:\/\/beststringer.com\/fr\/certified-badminton-stringer-cbs-certification\/#Objectifs_dapprentissage_du_Certified_Badminton_Stringer\" >Objectifs d&rsquo;apprentissage du Certified Badminton Stringer<\/a><\/li><li class='ez-toc-page-1 ez-toc-heading-level-3'><a class=\"ez-toc-link ez-toc-heading-2\" href=\"https:\/\/beststringer.com\/fr\/certified-badminton-stringer-cbs-certification\/#Prerequis_pour_la_certification_Certified_Badminton_Stringer_CBS\" >Pr\u00e9requis pour la certification Certified Badminton Stringer (CBS)<\/a><\/li><li class='ez-toc-page-1 ez-toc-heading-level-3'><a class=\"ez-toc-link ez-toc-heading-3\" href=\"https:\/\/beststringer.com\/fr\/certified-badminton-stringer-cbs-certification\/#Examen_theorique_ecrit\" >Examen th\u00e9orique \u00e9crit<\/a><\/li><li class='ez-toc-page-1 ez-toc-heading-level-3'><a class=\"ez-toc-link ez-toc-heading-4\" href=\"https:\/\/beststringer.com\/fr\/certified-badminton-stringer-cbs-certification\/#Examen_pratique_de_competences_en_cordage_CBS\" >Examen pratique de comp\u00e9tences en cordage (CBS)<\/a><\/li><li class='ez-toc-page-1 ez-toc-heading-level-3'><a class=\"ez-toc-link ez-toc-heading-5\" href=\"https:\/\/beststringer.com\/fr\/certified-badminton-stringer-cbs-certification\/#Evaluateur_de_la_certification\" >\u00c9valuateur de la certification<\/a><\/li><li class='ez-toc-page-1 ez-toc-heading-level-3'><a class=\"ez-toc-link ez-toc-heading-6\" href=\"https:\/\/beststringer.com\/fr\/certified-badminton-stringer-cbs-certification\/#Obtention_de_la_certification\" >Obtention de la certification<\/a><\/li><li class='ez-toc-page-1 ez-toc-heading-level-3'><a class=\"ez-toc-link ez-toc-heading-7\" href=\"https:\/\/beststringer.com\/fr\/certified-badminton-stringer-cbs-certification\/#Exemple_de_certificat_uniquement\" >Exemple de certificat uniquement<\/a><\/li><li class='ez-toc-page-1 ez-toc-heading-level-3'><a class=\"ez-toc-link ez-toc-heading-8\" href=\"https:\/\/beststringer.com\/fr\/certified-badminton-stringer-cbs-certification\/#Parcours_de_certification\" >Parcours de certification<\/a><\/li><li class='ez-toc-page-1 ez-toc-heading-level-3'><a class=\"ez-toc-link ez-toc-heading-9\" href=\"https:\/\/beststringer.com\/fr\/certified-badminton-stringer-cbs-certification\/#Certified_Badminton_Stringer_CBS\" >Certified Badminton Stringer (CBS)<\/a><\/li><li class='ez-toc-page-1 ez-toc-heading-level-3'><a class=\"ez-toc-link ez-toc-heading-10\" href=\"https:\/\/beststringer.com\/fr\/certified-badminton-stringer-cbs-certification\/#Programme_BSW_Certified_Badminton_Stringer\" >Programme BSW Certified Badminton Stringer<\/a><\/li><\/ul><\/nav><\/div>\n\n\n\n\n\n<p class=\"gb-headline gb-headline-7d760a3f gb-headline-text\">Le programme Certified Badminton Stringer de BSW enseigne les comp\u00e9tences fondamentales du cordage de raquette. Cette certification pr\u00e9pare les cordeurs \u00e0 servir les joueurs occasionnels, qui repr\u00e9sentent 90 % de la communaut\u00e9 du badminton.<\/p>\n\n<\/div>\n<\/div>\n\n<div class=\"gb-container gb-container-0787b207\">\n\n<div class=\"gb-container gb-container-eed18cdf\">\n\n\n\n<h3 class=\"gb-headline gb-headline-59f1817a gb-headline-text\"><span class=\"ez-toc-section\" id=\"Objectifs_dapprentissage_du_Certified_Badminton_Stringer\"><\/span><strong><mark style=\"background-color:rgba(0, 0, 0, 0)\" class=\"has-inline-color has-global-color-9-color\">Objectifs d&rsquo;apprentissage<\/mark> du Certified Badminton Stringer<\/strong><span class=\"ez-toc-section-end\"><\/span><\/h3>\n\n\n\n\n<ul class=\"wp-block-list\">\n<li>Comprendre la structure de base d&rsquo;une raquette de badminton<\/li>\n\n\n\n\n<li>Ma\u00eetriser les techniques de montage 2 et 4 n\u0153uds<\/li>\n\n\n\n\n<li>Apprendre \u00e0 maintenir une tension de cordage constante<\/li>\n\n\n\n\n<li>D\u00e9velopper des comp\u00e9tences efficaces en communication client<\/li>\n\n\n\n\n<li>Acqu\u00e9rir une connaissance approfondie du cordage<\/li>\n\n\n\n\n<li>Obtenir une compr\u00e9hension plus approfondie que celle offerte par les magasins de sport traditionnels<\/li>\n\n\n\n\n<li>Apprendre les techniques de cordage professionnelles et les meilleures pratiques<\/li>\n\n\n\n\n<li>D\u00e9velopper des comp\u00e9tences de cordage qui surpassent en qualit\u00e9 et en pr\u00e9cision les m\u00e9thodes traditionnelles<\/li>\n\n\n\n\n<li>Expliquer les concepts g\u00e9n\u00e9raux du cordage aux joueurs occasionnels<\/li>\n\n\n\n\n<li>Recommander les cordages de badminton et les tensions appropri\u00e9s<\/li>\n\n\n\n\n<li>Am\u00e9liorer le jeu des joueurs gr\u00e2ce \u00e0 une pr\u00e9paration \u00e9clair\u00e9e de la raquette<\/li>\n<\/ul>\n\n<\/div>\n<\/div>\n\n<div class=\"gb-container gb-container-227b6b28\">\n\n\n\n<h3 class=\"gb-headline gb-headline-e5c79f72 gb-headline-text\"><span class=\"ez-toc-section\" id=\"Prerequis_pour_la_certification_Certified_Badminton_Stringer_CBS\"><\/span><mark style=\"background-color:rgba(0, 0, 0, 0)\" class=\"has-inline-color has-global-color-9-color\">Pr\u00e9requis<\/mark> pour la certification Certified Badminton Stringer (CBS)<span class=\"ez-toc-section-end\"><\/span><\/h3>\n\n\n\n\n<p>Pour \u00eatre \u00e9ligible \u00e0 cette certification, les cordeurs doivent remplir les conditions suivantes :<\/p>\n\n\n\n\n<ul class=\"wp-block-list\">\n<li>Minimum 3 ans d&rsquo;exp\u00e9rience en tant que joueur de badminton<\/li>\n\n\n\n\n<li>Avoir une bonne compr\u00e9hension des bases du badminton<\/li>\n\n\n\n\n<li>Avoir r\u00e9ussi la certification BSW Certified String Advisor \u2013 Badminton (CSA-B)<\/li>\n\n\n\n\n<li>Minimum 5 ans d&rsquo;exp\u00e9rience en cordage professionnel au service du public<\/li>\n\n\n\n\n<li>Disposer d&rsquo;une machine \u00e0 corder num\u00e9rique standard de qualit\u00e9, avec un syst\u00e8me de montage \u00e0 6 points, des pinces \u00e0 verrouillage magn\u00e9tique et une t\u00eate de tension assurant une constance et une pr\u00e9cision fiables.<\/li>\n\n\n\n\n<li>Avoir 18 ans ou plus<\/li>\n<\/ul>\n\n\n\n\n<p>Seuls les candidats remplissant ces crit\u00e8res seront autoris\u00e9s \u00e0 entreprendre le processus de certification Certified Badminton Stringer.<\/p>\n\n<\/div>\n\n<div class=\"gb-container gb-container-8072e76b\">\n\n<div class=\"gb-container gb-container-eabf3753\">\n\n\n\n<h3 class=\"gb-headline gb-headline-0ad93116 gb-headline-text\"><span class=\"ez-toc-section\" id=\"Examen_theorique_ecrit\"><\/span><strong>Examen <mark style=\"background-color:rgba(0, 0, 0, 0)\" class=\"has-inline-color has-global-color-9-color\">th\u00e9orique \u00e9crit<\/mark><\/strong><span class=\"ez-toc-section-end\"><\/span><\/h3>\n\n\n\n\n<p>Les connaissances th\u00e9oriques repr\u00e9sentent <strong>50 % de la certification<\/strong>. Le candidat devra :<\/p>\n\n\n\n\n<p>Examen \u00e9crit :<br>50 questions \u00e0 choix multiples sur les bases du cordage de badminton.<br>Les sujets incluent :<\/p>\n\n\n\n\n<ul class=\"wp-block-list\">\n<li>Techniques de cordage de badminton<\/li>\n\n\n\n\n<li>Compr\u00e9hension de base de la tension<\/li>\n\n\n\n\n<li>Types et structures des cadres de raquette<\/li>\n\n\n\n\n<li>Plans de cordage<\/li>\n\n\n\n\n<li>Types de grips et leur pose<\/li>\n\n\n\n\n<li>Jauge et propri\u00e9t\u00e9s des cordages<\/li>\n\n\n\n\n<li>Principes du cordeur<\/li>\n\n\n\n\n<li>Types de cordages et leurs effets<\/li>\n\n\n\n\n<li>Effets de la tension sur le jeu<\/li>\n\n\n\n\n<li>Technologie des raquettes<\/li>\n<\/ul>\n\n\n\n\n<p>Simulation de service client :<\/p>\n\n\n\n\n<ul class=\"wp-block-list\">\n<li>Entretien de 5 minutes pour d\u00e9montrer les comp\u00e9tences en service client<\/li>\n\n\n\n\n<li>\u00c9valuation de la capacit\u00e9 \u00e0 communiquer les concepts du cordage aux clients<\/li>\n\n\n\n\n<li>\u00c9valuation de l&rsquo;approche face aux demandes et pr\u00e9occupations des clients<\/li>\n<\/ul>\n\n\n\n\n<p>Les candidats doivent r\u00e9ussir \u00e0 la fois le test \u00e9crit et l&rsquo;entretien de service client pour valider la partie th\u00e9orique de la certification.<\/p>\n\n<\/div>\n<\/div>\n\n<div class=\"gb-container gb-container-90ecf704\">\n\n<div class=\"gb-container gb-container-5939e332\">\n\n\n\n<h3 class=\"gb-headline gb-headline-fd44004c gb-headline-text\"><span class=\"ez-toc-section\" id=\"Examen_pratique_de_competences_en_cordage_CBS\"><\/span><strong>Examen <mark style=\"background-color:rgba(0, 0, 0, 0)\" class=\"has-inline-color has-global-color-9-color\">pratique<\/mark> de comp\u00e9tences en cordage (CBS)<\/strong><span class=\"ez-toc-section-end\"><\/span><\/h3>\n\n\n\n\n<p class=\"gb-headline gb-headline-053891c0 gb-headline-text\">Les comp\u00e9tences pratiques en cordage repr\u00e9sentent <strong>50 % de cette certification Certified Badminton Stringer<\/strong>. Le candidat devra :<\/p>\n\n\n\n\n<p>Corder quatre raquettes de badminton standard (22 montants, 22 travers) :<\/p>\n\n\n\n\n<ul class=\"wp-block-list\">\n<li>Deux raquettes avec le montage 2 n\u0153uds<\/li>\n\n\n\n\n<li>Deux raquettes avec le montage 4 n\u0153uds<\/li>\n<\/ul>\n\n\n\n\n<p>Pour chaque raquette :<\/p>\n\n\n\n\n<ul class=\"wp-block-list\">\n<li>Terminer le cordage en moins de 60 minutes<\/li>\n\n\n\n\n<li>Inspecter le cadre et les \u0153illets pour d\u00e9celer tout dommage<\/li>\n\n\n\n\n<li>Couper et retirer l&rsquo;ancien cordage correctement<\/li>\n\n\n\n\n<li>Installer la raquette correctement sur la machine<\/li>\n\n\n\n\n<li>Passer les cordes dans les \u0153illets d\u00e9licatement sans les endommager<\/li>\n\n\n\n\n<li>Faire des n\u0153uds corrects et bien serr\u00e9s<\/li>\n\n\n\n\n<li>S&rsquo;assurer que la derni\u00e8re corde n&rsquo;est pas trop l\u00e2che apr\u00e8s le n\u0153ud<\/li>\n\n\n\n\n<li>\u00c9viter les cordes qui se chevauchent ou se croisent<\/li>\n\n\n\n\n<li>S&rsquo;assurer que les montants et les travers sont droits et bien align\u00e9s<\/li>\n<\/ul>\n\n\n\n\n<p>Assurer une tension constante sur toutes les raquettes :<\/p>\n\n\n\n\n<ul class=\"wp-block-list\">\n<li>Diff\u00e9rence maximale de 2 DT lors du test avec un appareil de mesure<\/li>\n\n\n\n\n<li>Toutes les raquettes cord\u00e9es \u00e0 la m\u00eame tension<\/li>\n<\/ul>\n\n\n\n\n<figure class=\"gb-block-image gb-block-image-9aefddeb\"><img loading=\"lazy\" decoding=\"async\" width=\"846\" height=\"622\" class=\"gb-image gb-image-9aefddeb\" src=\"https:\/\/beststringer.com\/wp-content\/uploads\/2024\/10\/Certified-Badminton-Stringer-CBS-Certification-Badminton-Stringing-Certification.png\" alt=\"Certification Cordeur de Badminton (CBS) \u00e0 {{CITY_LOCAL}}, {{COUNTRY_LOCAL}}\" title=\"Certification de cordage de badminton Certified Badminton Stringer (CBS) en {{COUNTRY_LOCAL}}\" srcset=\"https:\/\/beststringer.com\/wp-content\/uploads\/2024\/10\/Certified-Badminton-Stringer-CBS-Certification-Badminton-Stringing-Certification.png 846w, https:\/\/beststringer.com\/wp-content\/uploads\/2024\/10\/Certified-Badminton-Stringer-CBS-Certification-Badminton-Stringing-Certification-300x221.png 300w, https:\/\/beststringer.com\/wp-content\/uploads\/2024\/10\/Certified-Badminton-Stringer-CBS-Certification-Badminton-Stringing-Certification-768x565.png 768w\" sizes=\"auto, (max-width: 846px) 100vw, 846px\" \/><\/figure>\n\n<\/div>\n<\/div>\n\n<div class=\"gb-container gb-container-f0989cee\">\n\n<div class=\"gb-container gb-container-e0d32fa5\">\n\n\n\n<h3 class=\"gb-headline gb-headline-fb417e2a gb-headline-text\"><span class=\"ez-toc-section\" id=\"Evaluateur_de_la_certification\"><\/span><strong><mark style=\"background-color:rgba(0, 0, 0, 0)\" class=\"has-inline-color has-global-color-9-color\">\u00c9valuateur<\/mark> de la certification<\/strong><span class=\"ez-toc-section-end\"><\/span><\/h3>\n\n\n\n\n<p>L&rsquo;\u00e9valuateur de la certification examinera les comp\u00e9tences suivantes pour s&rsquo;assurer que le candidat r\u00e9pond aux normes requises pour la certification Certified Badminton Stringer (CBS).<\/p>\n\n\n\n\n<ul class=\"wp-block-list\">\n<li>Technique de cordage correcte pour les montages 2 et 4 n\u0153uds<\/li>\n\n\n\n\n<li>Aucun croisement de cordes dans le tamis<\/li>\n\n\n\n\n<li>Maintien de la forme du cadre<\/li>\n\n\n\n\n<li>Aucun dommage au cordage ou aux \u0153illets<\/li>\n\n\n\n\n<li>Cordes droites et tendues de mani\u00e8re uniforme<\/li>\n\n\n\n\n<li>Rigidit\u00e9 du tamis constante sur les quatre raquettes<\/li>\n\n\n\n\n<li>Bonne gestion du temps (60 minutes par raquette)<\/li>\n\n\n\n\n<li>R\u00e9ponses pr\u00e9cises aux questions th\u00e9oriques<\/li>\n\n\n\n\n<li>Approche appropri\u00e9e du service client<\/li>\n<\/ul>\n\n\n<div class=\"gb-container gb-container-79c3d10c\">\n\n<div class=\"gb-container gb-container-6cec1a21\">\n\n\n\n<h3 class=\"gb-headline gb-headline-31ecb21f gb-headline-text\"><span class=\"ez-toc-section\" id=\"Obtention_de_la_certification\"><\/span><strong><mark style=\"background-color:rgba(0, 0, 0, 0)\" class=\"has-inline-color has-global-color-9-color\">Obtention<\/mark> de la certification<\/strong><span class=\"ez-toc-section-end\"><\/span><\/h3>\n\n\n\n\n<p class=\"gb-headline gb-headline-dee6187b gb-headline-text\">Les cordeurs qui r\u00e9ussissent les deux parties de l&rsquo;examen recevront un certificat BSW <mark style=\"background-color:rgba(0, 0, 0, 0)\" class=\"has-inline-color has-accent-color\"><strong><a href=\"https:\/\/beststringer.com\/fr\/certified-badminton-stringer-cbs-certification\/\">Certified Badminton Stringer<\/a><\/strong><\/mark>. Ce document officiel, d\u00e9livr\u00e9 par Best Stringer Worldwide (BSW), reconna\u00eet les comp\u00e9tences et les connaissances d\u00e9montr\u00e9es par le cordeur. L&rsquo;original du certificat Certified Badminton Stringer sera envoy\u00e9 aux candidats retenus dans n&rsquo;importe quel pays, validant ainsi leur r\u00e9ussite dans le domaine du cordage de raquettes de badminton.<\/p>\n\n\n\n\n<h3 class=\"gb-headline gb-headline-fff45e8d gb-headline-text\"><span class=\"ez-toc-section\" id=\"Exemple_de_certificat_uniquement\"><\/span><strong>Exemple de certificat <mark style=\"background-color:rgba(0, 0, 0, 0)\" class=\"has-inline-color has-global-color-9-color\">uniquement<\/mark><\/strong><span class=\"ez-toc-section-end\"><\/span><\/h3>\n\n\n\n\n<p class=\"gb-headline gb-headline-bc007b36 gb-headline-text\">BSW emploie des mesures de s\u00e9curit\u00e9 rigoureuses pour v\u00e9rifier l&rsquo;authenticit\u00e9 de chaque cordeur certifi\u00e9. Cela garantit que les joueurs peuvent identifier et acc\u00e9der en toute confiance aux cordeurs les plus comp\u00e9tents et l\u00e9gitimes de leur pays. Notre processus de certification maintient les normes d&rsquo;excellence les plus \u00e9lev\u00e9es en mati\u00e8re de cordage de raquettes de badminton dans le monde entier.<\/p>\n\n<\/div>\n<\/div>\n\n<div class=\"gb-container gb-container-4afbca5d\">\n\n<div class=\"gb-container gb-container-4ad5da32\">\n\n\n\n<figure class=\"gb-block-image gb-block-image-92769f8f\"><img loading=\"lazy\" decoding=\"async\" width=\"1414\" height=\"2000\" class=\"gb-image gb-image-92769f8f\" src=\"https:\/\/beststringer.com\/wp-content\/uploads\/2024\/09\/Certified-Badminton-Stringer-Certificate-by-Best-Stringer-Worldwide-Recognize.png\" alt=\"Exemple de certificat Certified Badminton Stringer par Best Stringer Worldwide\" title=\"Exemple de certificat de cordeur certifi\u00e9 en {{COUNTRY_LOCAL}}\" srcset=\"https:\/\/beststringer.com\/wp-content\/uploads\/2024\/09\/Certified-Badminton-Stringer-Certificate-by-Best-Stringer-Worldwide-Recognize.png 1414w, https:\/\/beststringer.com\/wp-content\/uploads\/2024\/09\/Certified-Badminton-Stringer-Certificate-by-Best-Stringer-Worldwide-Recognize-212x300.png 212w, https:\/\/beststringer.com\/wp-content\/uploads\/2024\/09\/Certified-Badminton-Stringer-Certificate-by-Best-Stringer-Worldwide-Recognize-724x1024.png 724w, https:\/\/beststringer.com\/wp-content\/uploads\/2024\/09\/Certified-Badminton-Stringer-Certificate-by-Best-Stringer-Worldwide-Recognize-768x1086.png 768w, https:\/\/beststringer.com\/wp-content\/uploads\/2024\/09\/Certified-Badminton-Stringer-Certificate-by-Best-Stringer-Worldwide-Recognize-1086x1536.png 1086w\" sizes=\"auto, (max-width: 1414px) 100vw, 1414px\" \/><\/figure>\n\n\n\n\n<p><em>Exemple de certificat uniquement<\/em>. Diff\u00e9rents pays peuvent demander \u00e0 BSW des certificats de cordeur certifi\u00e9 sp\u00e9cifiques \u00e0 leur pays.<\/p>\n\n<\/div>\n<\/div>\n<\/div>\n<\/div>\n\n<div class=\"gb-container gb-container-e795a955\">\n\n<div class=\"gb-container gb-container-d066f1b5\">\n\n\n\n<h3 class=\"gb-headline gb-headline-acc2e1f3 gb-headline-text\"><span class=\"ez-toc-section\" id=\"Parcours_de_certification\"><\/span><strong><mark style=\"background-color:rgba(0, 0, 0, 0)\" class=\"has-inline-color has-global-color-9-color\">Parcours<\/mark> de certification<\/strong><span class=\"ez-toc-section-end\"><\/span><\/h3>\n\n\n\n\n<p class=\"gb-headline gb-headline-4bd3f787 gb-headline-text\">Le parcours de certification BSW pour cordeurs de badminton offre un cheminement complet vers l&rsquo;excellence. En commen\u00e7ant par le niveau Certified Badminton Stringer (CBS), les cordeurs peuvent progresser vers Professional Badminton Stringer (PBS) pour finalement atteindre le statut de Master Badminton Tour Stringer (MBTS). Ce parcours inclut \u00e9galement des certifications sp\u00e9cialis\u00e9es dans les r\u00f4les de conseil en tension et en cordage. En validant chaque niveau, les cordeurs d\u00e9montrent une expertise croissante, avec pour objectif ultime d&rsquo;\u00eatre reconnu comme un \u00ab Best Stringer Worldwide \u00bb \u2014 une marque de v\u00e9ritable excellence dans la communaut\u00e9 du badminton.<\/p>\n\n<\/div>\n<\/div>\n\n<div class=\"gb-container gb-container-3f6cf47c\">\n\n<div class=\"gb-container gb-container-5ab047f1\">\n\n\n\n<figure class=\"gb-block-image gb-block-image-e9098f01\"><img loading=\"lazy\" decoding=\"async\" width=\"800\" height=\"482\" class=\"gb-image gb-image-e9098f01\" src=\"https:\/\/beststringer.com\/wp-content\/uploads\/2024\/08\/Certified-Badminton-Stringer-CBS-Certification-by-Best-Stringer-Worldwide-Badminton-Stringing-Certificate.jpg\" alt=\"Parcours de certification de cordeur de badminton BSW en {{COUNTRY_LOCAL}}\" title=\"Certification de cordeur de badminton BSW \u00e0 {{CITY_LOCAL}}, {{COUNTRY_LOCAL}}\" srcset=\"https:\/\/beststringer.com\/wp-content\/uploads\/2024\/08\/Certified-Badminton-Stringer-CBS-Certification-by-Best-Stringer-Worldwide-Badminton-Stringing-Certificate.jpg 800w, https:\/\/beststringer.com\/wp-content\/uploads\/2024\/08\/Certified-Badminton-Stringer-CBS-Certification-by-Best-Stringer-Worldwide-Badminton-Stringing-Certificate-300x181.jpg 300w, https:\/\/beststringer.com\/wp-content\/uploads\/2024\/08\/Certified-Badminton-Stringer-CBS-Certification-by-Best-Stringer-Worldwide-Badminton-Stringing-Certificate-768x463.jpg 768w\" sizes=\"auto, (max-width: 800px) 100vw, 800px\" \/><\/figure>\n\n<\/div>\n<\/div>\n<\/div>\n\n<section class=\"gb-container gb-container-21e3c652\">\n\n<div class=\"gb-container gb-container-11344779\">\n\n\n\n<h3 class=\"gb-headline gb-headline-39f4cce2 gb-headline-text\"><span class=\"ez-toc-section\" id=\"Certified_Badminton_Stringer_CBS\"><\/span>Certified Badminton Stringer (CBS)<span class=\"ez-toc-section-end\"><\/span><\/h3>\n\n\n\n\n<p class=\"gb-headline gb-headline-c6c5990e gb-headline-text\">D\u00e9couvrez ce qu&rsquo;il faut pour devenir un Certified Badminton Stringer (CBS) dans ce guide complet. Apprenez-en plus sur les comp\u00e9tences, les connaissances et l&rsquo;exp\u00e9rience requises pour la certification CBS, y compris la ma\u00eetrise des techniques de montage 2 et 4 n\u0153uds, la compr\u00e9hension de la tension du cordage et le d\u00e9veloppement de comp\u00e9tences cruciales en service client.<\/p>\n\n\n<div class=\"gb-container gb-container-ec1a2ce6\">\n\n<div class=\"gb-container gb-container-238a634b\"><\/div>\n\n<\/div>\n\n\n\n<div id=\"youtube-player\"><\/div>\n<script>\nvar videoLoaded = false;\n\n\nfunction loadYouTubeVideo() {\nif (videoLoaded) return;\nvideoLoaded = true;\nvar tag = document.createElement('script');\ntag.src = \"https:\/\/www.youtube.com\/iframe_api\";\nvar firstScriptTag = document.getElementsByTagName('script')[0];\nfirstScriptTag.parentNode.insertBefore(tag, firstScriptTag);\n}\n\nfunction onYouTubeIframeAPIReady() {\nnew YT.Player('youtube-player', {\nheight: '360',\nwidth: '640',\nvideoId: 'bA-kSy0NDiQ', \/\/ Your video ID\nevents: {\n'onReady': onPlayerReady\n}\n});\n}\n\nfunction onPlayerReady(event) {\n\/\/ Video is ready to play\n}\n\n\/\/ Load the YouTube API script when the page is scrolled\nwindow.addEventListener('scroll', loadYouTubeVideo, { once: true });\n\n\/\/ Also load if the user hasn't scrolled after 3 seconds\nsetTimeout(loadYouTubeVideo, 3000);\n<\/script>\n\n\n\n<\/div>\n\n<\/section>\n\n<section class=\"gb-container gb-container-49b9586e\">\n\n<div class=\"gb-container gb-container-a2e9522c\"><\/div>\n\n<div class=\"gb-container gb-container-0e11192a\">\n\n\n\n<h3 class=\"gb-headline gb-headline-5cf408ee gb-headline-text\"><span class=\"ez-toc-section\" id=\"Programme_BSW_Certified_Badminton_Stringer\"><\/span>Programme BSW Certified Badminton Stringer<span class=\"ez-toc-section-end\"><\/span><\/h3>\n\n\n<div class=\"gb-container gb-container-daaa2e63\">\n\n<div class=\"gb-container gb-container-bda621fe\"><\/div>\n\n<div class=\"gb-container gb-container-4b0ac72b\"><\/div>\n\n<\/div>\n\n\n\n<p class=\"gb-headline gb-headline-edf98545 gb-headline-text\">Apprenez les comp\u00e9tences professionnelles du cordage de badminton. Cette certification couvre les techniques appropri\u00e9es, la technologie des raquettes et l&rsquo;\u00e9valuation des besoins des joueurs, qu&rsquo;ils soient occasionnels ou comp\u00e9titifs.<\/p>\n\n\n\n\n\n<a class=\"gb-button gb-button-a29641e0 gb-button-text\" href=\"#\">D\u00e9tails de la certification<\/a>\n\n\n\n<\/div>\n\n<\/section>\n","protected":false},"excerpt":{"rendered":"<p>Le programme Certified Badminton Stringer de BSW enseigne les comp\u00e9tences fondamentales du cordage de raquette. Cette certification pr\u00e9pare les cordeurs \u00e0 servir les joueurs occasionnels, qui repr\u00e9sentent 90 % de la communaut\u00e9 du badminton. Objectifs d&rsquo;apprentissage du Certified Badminton Stringer Pr\u00e9requis pour la certification Certified Badminton Stringer (CBS) Pour \u00eatre \u00e9ligible \u00e0 cette certification, les &#8230; <a title=\"Certification Cordeur de Badminton Certifi\u00e9 (CBS)\" class=\"read-more\" href=\"https:\/\/beststringer.com\/fr\/certified-badminton-stringer-cbs-certification\/\" aria-label=\"En savoir plus sur Certification Cordeur de Badminton Certifi\u00e9 (CBS)\">Lire plus<\/a><\/p>\n","protected":false},"author":1,"featured_media":39606,"parent":0,"menu_order":0,"comment_status":"closed","ping_status":"closed","template":"","meta":{"footnotes":""},"class_list":{"0":"post-39604","1":"page","2":"type-page","3":"status-publish","4":"has-post-thumbnail","6":"infinite-scroll-item"},"_links":{"self":[{"href":"https:\/\/beststringer.com\/fr\/wp-json\/wp\/v2\/pages\/39604","targetHints":{"allow":["GET"]}}],"collection":[{"href":"https:\/\/beststringer.com\/fr\/wp-json\/wp\/v2\/pages"}],"about":[{"href":"https:\/\/beststringer.com\/fr\/wp-json\/wp\/v2\/types\/page"}],"author":[{"embeddable":true,"href":"https:\/\/beststringer.com\/fr\/wp-json\/wp\/v2\/users\/1"}],"replies":[{"embeddable":true,"href":"https:\/\/beststringer.com\/fr\/wp-json\/wp\/v2\/comments?post=39604"}],"version-history":[{"count":0,"href":"https:\/\/beststringer.com\/fr\/wp-json\/wp\/v2\/pages\/39604\/revisions"}],"wp:featuredmedia":[{"embeddable":true,"href":"https:\/\/beststringer.com\/fr\/wp-json\/wp\/v2\/media\/39606"}],"wp:attachment":[{"href":"https:\/\/beststringer.com\/fr\/wp-json\/wp\/v2\/media?parent=39604"}],"curies":[{"name":"wp","href":"https:\/\/api.w.org\/{rel}","templated":true}]}}