{"id":39370,"date":"2024-08-05T14:09:16","date_gmt":"2024-08-05T14:09:16","guid":{"rendered":"https:\/\/beststringer.com\/stringing-certificate\/"},"modified":"2025-09-25T05:44:45","modified_gmt":"2025-09-25T05:44:45","slug":"stringing-certificate","status":"publish","type":"page","link":"https:\/\/beststringer.com\/fr\/stringing-certificate\/","title":{"rendered":"Certificat BSW de Cordage de Raquette"},"content":{"rendered":"<div class=\"gb-container gb-container-f66bc834\">\n<div class=\"gb-container gb-container-3423e27e\">\n<div class=\"gb-container gb-container-4ea2fbf1\">\n<div id=\"ez-toc-container\" class=\"ez-toc-v2_0_82_2 ez-toc-wrap-left counter-hierarchy ez-toc-counter ez-toc-custom ez-toc-container-direction\">\n<div class=\"ez-toc-title-container\">\n<p class=\"ez-toc-title\" style=\"cursor:inherit\">Topics<\/p>\n<span class=\"ez-toc-title-toggle\"><a href=\"#\" class=\"ez-toc-pull-right ez-toc-btn ez-toc-btn-xs ez-toc-btn-default ez-toc-toggle\" aria-label=\"Toggle Table of Content\"><span class=\"ez-toc-js-icon-con\"><span class=\"\"><span class=\"eztoc-hide\" style=\"display:none;\">Toggle<\/span><span class=\"ez-toc-icon-toggle-span\"><svg style=\"fill: #ffffff;color:#ffffff\" xmlns=\"http:\/\/www.w3.org\/2000\/svg\" class=\"list-377408\" width=\"20px\" height=\"20px\" viewBox=\"0 0 24 24\" fill=\"none\"><path d=\"M6 6H4v2h2V6zm14 0H8v2h12V6zM4 11h2v2H4v-2zm16 0H8v2h12v-2zM4 16h2v2H4v-2zm16 0H8v2h12v-2z\" fill=\"currentColor\"><\/path><\/svg><svg style=\"fill: #ffffff;color:#ffffff\" class=\"arrow-unsorted-368013\" xmlns=\"http:\/\/www.w3.org\/2000\/svg\" width=\"10px\" height=\"10px\" viewBox=\"0 0 24 24\" version=\"1.2\" baseProfile=\"tiny\"><path d=\"M18.2 9.3l-6.2-6.3-6.2 6.3c-.2.2-.3.4-.3.7s.1.5.3.7c.2.2.4.3.7.3h11c.3 0 .5-.1.7-.3.2-.2.3-.5.3-.7s-.1-.5-.3-.7zM5.8 14.7l6.2 6.3 6.2-6.3c.2-.2.3-.5.3-.7s-.1-.5-.3-.7c-.2-.2-.4-.3-.7-.3h-11c-.3 0-.5.1-.7.3-.2.2-.3.5-.3.7s.1.5.3.7z\"\/><\/svg><\/span><\/span><\/span><\/a><\/span><\/div>\n<nav><ul class='ez-toc-list ez-toc-list-level-1 eztoc-toggle-hide-by-default' ><li class='ez-toc-page-1 ez-toc-heading-level-2'><a class=\"ez-toc-link ez-toc-heading-1\" href=\"https:\/\/beststringer.com\/fr\/stringing-certificate\/#Certificat_de_Cordage_de_Raquette\" >Certificat de Cordage de Raquette<\/a><ul class='ez-toc-list-level-3' ><li class='ez-toc-heading-level-3'><a class=\"ez-toc-link ez-toc-heading-2\" href=\"https:\/\/beststringer.com\/fr\/stringing-certificate\/#Niveaux_de_Certification\" >Niveaux de Certification<\/a><\/li><li class='ez-toc-page-1 ez-toc-heading-level-3'><a class=\"ez-toc-link ez-toc-heading-3\" href=\"https:\/\/beststringer.com\/fr\/stringing-certificate\/#Structure_de_lExamen\" >Structure de l&rsquo;Examen<\/a><\/li><li class='ez-toc-page-1 ez-toc-heading-level-3'><a class=\"ez-toc-link ez-toc-heading-4\" href=\"https:\/\/beststringer.com\/fr\/stringing-certificate\/#Option_dExamen_Direct\" >Option d&rsquo;Examen Direct<\/a><\/li><li class='ez-toc-page-1 ez-toc-heading-level-3'><a class=\"ez-toc-link ez-toc-heading-5\" href=\"https:\/\/beststringer.com\/fr\/stringing-certificate\/#Frais_dExamen\" >Frais d&rsquo;Examen<\/a><\/li><li class='ez-toc-page-1 ez-toc-heading-level-3'><a class=\"ez-toc-link ez-toc-heading-6\" href=\"https:\/\/beststringer.com\/fr\/stringing-certificate\/#Processus_dExamen\" >Processus d&rsquo;Examen<\/a><\/li><li class='ez-toc-page-1 ez-toc-heading-level-3'><a class=\"ez-toc-link ez-toc-heading-7\" href=\"https:\/\/beststringer.com\/fr\/stringing-certificate\/#Specialisation_et_Reconnaissance_de_la_Certification\" >Sp\u00e9cialisation et Reconnaissance de la Certification<\/a><\/li><li class='ez-toc-page-1 ez-toc-heading-level-3'><a class=\"ez-toc-link ez-toc-heading-8\" href=\"https:\/\/beststringer.com\/fr\/stringing-certificate\/#Transparence_et_Integrite\" >Transparence et Int\u00e9grit\u00e9<\/a><\/li><li class='ez-toc-page-1 ez-toc-heading-level-3'><a class=\"ez-toc-link ez-toc-heading-9\" href=\"https:\/\/beststringer.com\/fr\/stringing-certificate\/#Examens_de_Certification_de_Cordage_BSW\" >Examens de Certification de Cordage BSW<\/a><\/li><li class='ez-toc-page-1 ez-toc-heading-level-3'><a class=\"ez-toc-link ez-toc-heading-10\" href=\"https:\/\/beststringer.com\/fr\/stringing-certificate\/#Processus_de_Certification_de_Cordage_BSW\" >Processus de Certification de Cordage BSW<\/a><\/li><\/ul><\/li><\/ul><\/nav><\/div>\n\n\n\n\n<h2 class=\"gb-headline gb-headline-79589317 gb-headline-text\"><span class=\"ez-toc-section\" id=\"Certificat_de_Cordage_de_Raquette\"><\/span>Certificat de <mark style=\"background-color:rgba(0, 0, 0, 0)\" class=\"has-inline-color has-global-color-9-color\">Cordage de Raquette<\/mark><span class=\"ez-toc-section-end\"><\/span><\/h2>\n\n\n\n<p class=\"gb-headline gb-headline-d07d49cf gb-headline-text\">Best Stringer Worldwide (BSW) propose des examens de certification complets pour les professionnels du cordage de raquettes. Nos examens couvrent trois sports de raquette majeurs :<\/p>\n\n\n\n<ol class=\"wp-block-list\">\n<li><a href=\"https:\/\/beststringer.com\/fr\/badminton-stringing-certificate\/\">Badminton<\/a><\/li>\n\n\n\n<li><a href=\"https:\/\/beststringer.com\/fr\/tennis-stringing-certificate\/\">Tennis<\/a><\/li>\n\n\n\n<li>Squash<\/li>\n<\/ol>\n\n<\/div>\n<\/div>\n\n<div class=\"gb-container gb-container-37db13f4\">\n<div class=\"gb-container gb-container-3021f73c\">\n\n<h3 class=\"gb-headline gb-headline-e5c79f72 gb-headline-text\"><span class=\"ez-toc-section\" id=\"Niveaux_de_Certification\"><\/span><mark style=\"background-color:rgba(0, 0, 0, 0)\" class=\"has-inline-color has-global-color-9-color\">Niveaux<\/mark> de Certification<span class=\"ez-toc-section-end\"><\/span><\/h3>\n\n\n\n<p class=\"gb-headline gb-headline-7d760a3f gb-headline-text\">BSW propose une gamme de certifications pour r\u00e9pondre aux diverses sp\u00e9cialisations en cordage de raquette :<\/p>\n\n\n\n<ol class=\"wp-block-list\">\n<li><a href=\"https:\/\/beststringer.com\/fr\/certified-badminton-stringer-cbs-certification\/\">Cordeur Certifi\u00e9 de Badminton (CBS)<\/a><\/li>\n\n\n\n<li><a href=\"https:\/\/beststringer.com\/fr\/professional-badminton-stringer-pbs-certification\/\">Cordeur Professionnel de Badminton (PBS)<\/a><\/li>\n\n\n\n<li><a href=\"https:\/\/beststringer.com\/fr\/master-badminton-tour-stringer-mbts-certification\/\">Master Cordeur de Tournoi de Badminton (MTBS)<\/a><\/li>\n\n\n\n<li><a href=\"https:\/\/beststringer.com\/fr\/bsw-certified-tennis-stringer-cts-certification\/\">Cordeur Certifi\u00e9 de Tennis (CTS)<\/a><\/li>\n\n\n\n<li><a href=\"https:\/\/beststringer.com\/fr\/professional-tennis-stringer-pts-certification\/\">Cordeur Professionnel de Tennis (PTS)<\/a><\/li>\n\n\n\n<li><a href=\"https:\/\/beststringer.com\/fr\/master-tennis-tour-stringer-mtts-certification\/\">Master Cordeur de Tournoi de Tennis (MTTS)<\/a><\/li>\n\n\n\n<li>Cordeur Certifi\u00e9 de Squash (CSS)<\/li>\n\n\n\n<li>Cordeur Professionnel de Squash (PSS)<\/li>\n\n\n\n<li>Master Cordeur de Squash (MSS)<\/li>\n\n\n\n<li>Conseiller Certifi\u00e9 en Tension &#8211; Badminton (CTA-B)<\/li>\n\n\n\n<li>Conseiller Certifi\u00e9 en Cordage &#8211; Badminton (CSA-B)<\/li>\n\n\n\n<li>Conseiller Professionnel en Cordage et Tension de Badminton (PBSTA)<\/li>\n<\/ol>\n\n<\/div>\n<\/div>\n\n<div class=\"gb-container gb-container-8072e76b\">\n<div class=\"gb-container gb-container-eabf3753\">\n\n<h3 class=\"gb-headline gb-headline-0ad93116 gb-headline-text\"><span class=\"ez-toc-section\" id=\"Structure_de_lExamen\"><\/span><mark style=\"background-color:rgba(0, 0, 0, 0)\" class=\"has-inline-color has-global-color-9-color\">Structure<\/mark> de l&rsquo;Examen<span class=\"ez-toc-section-end\"><\/span><\/h3>\n\n\n\n<p class=\"gb-headline gb-headline-0e4cbc73 gb-headline-text\">Chaque niveau de certification se compose de deux parties :<br><br>1. <strong>Examen th\u00e9orique<\/strong> : Teste les connaissances sur les principes du cordage, la technologie des raquettes et les exigences sp\u00e9cifiques \u00e0 chaque sport.<br>2. <strong>\u00c9valuation pratique<\/strong> : \u00c9value les comp\u00e9tences pratiques en cordage, la technique et l&rsquo;efficacit\u00e9.<br><br>Les candidats doivent r\u00e9ussir les deux parties pour obtenir la certification.<\/p>\n\n<\/div>\n<\/div>\n\n<div class=\"gb-container gb-container-0bc9ddf8\">\n<div class=\"gb-container gb-container-4a1593e5\">\n\n<h3 class=\"gb-headline gb-headline-f300e849 gb-headline-text\"><span class=\"ez-toc-section\" id=\"Option_dExamen_Direct\"><\/span>Option d&rsquo;<mark style=\"background-color:rgba(0, 0, 0, 0)\" class=\"has-inline-color has-global-color-9-color\">Examen Direct<\/mark><span class=\"ez-toc-section-end\"><\/span><\/h3>\n\n\n\n<p class=\"gb-headline gb-headline-1f171057 gb-headline-text\">Les cordeurs exp\u00e9riment\u00e9s peuvent opter pour un examen direct sans suivre les cours de BSW. Cependant, nous recommandons de consulter notre programme pour vous assurer d&rsquo;\u00eatre pr\u00eat pour le processus d&rsquo;\u00e9valuation rigoureux.<\/p>\n\n<\/div>\n<\/div>\n\n<div class=\"gb-container gb-container-bc7f3ef7\">\n<div class=\"gb-container gb-container-c402b7cb\">\n\n<h3 class=\"gb-headline gb-headline-9ac68257 gb-headline-text\"><span class=\"ez-toc-section\" id=\"Frais_dExamen\"><\/span><mark style=\"background-color:rgba(0, 0, 0, 0)\" class=\"has-inline-color has-global-color-9-color\">Frais<\/mark> d&rsquo;Examen<span class=\"ez-toc-section-end\"><\/span><\/h3>\n\n\n\n<p><br>Pour obtenir des informations pr\u00e9cises sur les frais :<\/p>\n\n\n\n<p>1. Visitez le site web BSW de votre pays ou r\u00e9gion<br>2. Consultez la section \u00ab\u00a0Certification\u00a0\u00bb ou \u00ab\u00a0Frais d&rsquo;examen\u00a0\u00bb<br>3. Si l&rsquo;information n&rsquo;est pas disponible en ligne, contactez votre repr\u00e9sentant BSW local<\/p>\n\n\n\n<p>BSW s&rsquo;engage \u00e0 maintenir l&rsquo;int\u00e9grit\u00e9 et la valeur de ses certifications. Les frais sont fix\u00e9s pour nous permettre de continuer \u00e0 fournir des \u00e9valuations de haute qualit\u00e9 qui mesurent avec pr\u00e9cision les comp\u00e9tences en cordage.<\/p>\n\n<\/div>\n<\/div>\n\n<div class=\"gb-container gb-container-662e9de9\">\n<div class=\"gb-container gb-container-c6cfc8d8\">\n\n<h3 class=\"gb-headline gb-headline-6755f7b2 gb-headline-text\"><span class=\"ez-toc-section\" id=\"Processus_dExamen\"><\/span>Processus d&rsquo;<mark style=\"background-color:rgba(0, 0, 0, 0)\" class=\"has-inline-color has-global-color-9-color\">Examen<\/mark><span class=\"ez-toc-section-end\"><\/span><\/h3>\n\n\n\n<p>1. <strong>R\u00e9sultats &#8211;<\/strong> Recevez vos r\u00e9sultats et, en cas de r\u00e9ussite, votre certification BSW.<br>2. <strong>Candidature &#8211;<\/strong> Soumettez votre candidature pour le niveau de certification souhait\u00e9.<br>3. <strong>V\u00e9rification de l&rsquo;\u00e9ligibilit\u00e9 &#8211;<\/strong> BSW examine votre exp\u00e9rience et vos qualifications.<br>4. <strong>Planification &#8211;<\/strong> Une fois votre candidature approuv\u00e9e, nous planifierons vos examens th\u00e9orique et pratique.<br>5. <strong>Examen &#8211;<\/strong> Passez les deux \u00e9preuves, th\u00e9orique et pratique.<\/p>\n\n<\/div>\n<\/div>\n\n<div class=\"gb-container gb-container-b371e412\">\n<div class=\"gb-container gb-container-fce12110\">\n\n<h3 class=\"gb-headline gb-headline-31525bc7 gb-headline-text\"><span class=\"ez-toc-section\" id=\"Specialisation_et_Reconnaissance_de_la_Certification\"><\/span><mark style=\"background-color:rgba(0, 0, 0, 0)\" class=\"has-inline-color has-global-color-9-color\">Sp\u00e9cialisation<\/mark> et <mark style=\"background-color:rgba(0, 0, 0, 0)\" class=\"has-inline-color has-global-color-9-color\">Reconnaissance<\/mark> de la Certification<span class=\"ez-toc-section-end\"><\/span><\/h3>\n\n\n\n<p>Les examens de certification BSW sont con\u00e7us pour \u00e9valuer l&rsquo;expertise dans des sports de raquette sp\u00e9cifiques. Apr\u00e8s avoir r\u00e9ussi le processus de certification :<\/p>\n\n\n\n<p>1. <strong>Certificats &#8211;<\/strong> Chaque certificat BSW indiquera clairement le ou les sports de raquette dans lesquels le cordeur a d\u00e9montr\u00e9 sa comp\u00e9tence.<br>2. <strong>Annuaire des cordeurs &#8211;<\/strong> <br>BSW maintient un annuaire en ligne complet des cordeurs certifi\u00e9s, affichant :<br>&#8211; Le nom du cordeur<br>&#8211; Le(s) niveau(x) de certification obtenu(s)<br>&#8211; Les sp\u00e9cialisations par sport de raquette<br>&#8211; Le pays, la r\u00e9gion, l&rsquo;\u00e9tat et les coordonn\u00e9es du cordeur<br>&#8211; Le profil de cordage complet du cordeur<br>&#8211; La date de certification<\/p>\n\n<\/div>\n<\/div>\n\n<div class=\"gb-container gb-container-a407e389\">\n<div class=\"gb-container gb-container-9d376a97\">\n\n<h3 class=\"gb-headline gb-headline-cb18dbc0 gb-headline-text\"><span class=\"ez-toc-section\" id=\"Transparence_et_Integrite\"><\/span><mark style=\"background-color:rgba(0, 0, 0, 0)\" class=\"has-inline-color has-global-color-9-color\">Transparence<\/mark> et <mark style=\"background-color:rgba(0, 0, 0, 0)\" class=\"has-inline-color has-global-color-9-color\">Int\u00e9grit\u00e9<\/mark><span class=\"ez-toc-section-end\"><\/span><\/h3>\n\n\n\n<p>BSW s&rsquo;engage \u00e0 maintenir les plus hauts standards de transparence et d&rsquo;int\u00e9grit\u00e9 dans son processus de certification. Nos examens sont r\u00e9guli\u00e8rement r\u00e9vis\u00e9s et mis \u00e0 jour pour refl\u00e9ter les normes actuelles de l&rsquo;industrie et les avanc\u00e9es technologiques dans les sports de raquette.<\/p>\n\n\n\n<p>Pour plus d&rsquo;informations ou pour postuler \u00e0 un examen de certification, veuillez contacter <strong><a href=\"mailto:info@beststringer.com\">info@beststringer.com<\/a><\/strong><\/p>\n\n\n\n<p>Faites progresser votre carri\u00e8re dans le cordage avec la certification BSW &#8211; la r\u00e9f\u00e9rence mondiale d&rsquo;excellence en mati\u00e8re de cordage de raquette.<\/p>\n\n<\/div>\n<\/div>\n<\/div>\n\n<section class=\"gb-container gb-container-21e3c652\">\n<div class=\"gb-container gb-container-11344779\">\n\n<h3 class=\"gb-headline gb-headline-39f4cce2 gb-headline-text\"><span class=\"ez-toc-section\" id=\"Examens_de_Certification_de_Cordage_BSW\"><\/span>Examens de Certification de Cordage BSW<span class=\"ez-toc-section-end\"><\/span><\/h3>\n\n\n\n<p class=\"gb-headline gb-headline-c6c5990e gb-headline-text\">D\u00e9couvrez le monde de la certification professionnelle du cordage de raquette avec BSW. Cette vid\u00e9o explique les diff\u00e9rents niveaux de certification pour le badminton, le tennis et le squash, ainsi que le contenu de chaque examen. Apprenez-en plus sur les composantes th\u00e9oriques et pratiques des examens, l&rsquo;importance de la certification, et comment elle peut b\u00e9n\u00e9ficier \u00e0 la fois aux cordeurs et aux joueurs.<\/p>\n\n\n<div class=\"gb-container gb-container-ec1a2ce6\">\n<div class=\"gb-container gb-container-238a634b\"><\/div>\n<\/div>\n\n\n<div id=\"youtube-player\"><\/div>\n<script>\n  var videoLoaded = false;\n\n  function loadYouTubeVideo() {\n    if (videoLoaded) return;\n    videoLoaded = true;\n    var tag = document.createElement('script');\n    tag.src = \"https:\/\/www.youtube.com\/iframe_api\";\n    var firstScriptTag = document.getElementsByTagName('script')[0];\n    firstScriptTag.parentNode.insertBefore(tag, firstScriptTag);\n  }\n\n  function onYouTubeIframeAPIReady() {\n    new YT.Player('youtube-player', {\n      height: '360',\n      width: '640',\n      videoId: 'xrWc7Y7Pz-0', \/\/ Your video ID\n      events: {\n        'onReady': onPlayerReady\n      }\n    });\n  }\n\n  function onPlayerReady(event) {\n    \/\/ Video is ready to play\n  }\n\n  \/\/ Load the YouTube API script when the page is scrolled\n  window.addEventListener('scroll', loadYouTubeVideo, { once: true });\n\n  \/\/ Also load if the user hasn't scrolled after 3 seconds\n  setTimeout(loadYouTubeVideo, 3000);\n<\/script>\n\n<\/div>\n<\/section>\n\n<section class=\"gb-container gb-container-49b9586e\">\n<div class=\"gb-container gb-container-a2e9522c\"><\/div>\n\n<div class=\"gb-container gb-container-0e11192a\">\n\n<h3 class=\"gb-headline gb-headline-5cf408ee gb-headline-text\"><span class=\"ez-toc-section\" id=\"Processus_de_Certification_de_Cordage_BSW\"><\/span>Processus de Certification de Cordage BSW<span class=\"ez-toc-section-end\"><\/span><\/h3>\n\n\n<div class=\"gb-container gb-container-daaa2e63\">\n<div class=\"gb-container gb-container-bda621fe\"><\/div>\n\n<div class=\"gb-container gb-container-4b0ac72b\"><\/div>\n<\/div>\n\n\n<p class=\"gb-headline gb-headline-edf98545 gb-headline-text\">D\u00e9couvrez les examens de cordage complets de BSW pour le badminton, le tennis et le squash. Nos \u00e9valuations testent \u00e0 la fois les connaissances th\u00e9oriques et les comp\u00e9tences pratiques en mati\u00e8re de cordage de raquette.<\/p>\n\n\n\n<a class=\"gb-button gb-button-a29641e0 gb-button-text\" href=\"https:\/\/beststringer.com\/fr\/stringing-certificate\/\">Informations sur la certification<\/a>\n\n<\/div>\n<\/section>","protected":false},"excerpt":{"rendered":"<p>Certificat de Cordage de Raquette Best Stringer Worldwide (BSW) propose des examens de certification complets pour les professionnels du cordage de raquettes. Nos examens couvrent trois sports de raquette majeurs : Niveaux de Certification BSW propose une gamme de certifications pour r\u00e9pondre aux diverses sp\u00e9cialisations en cordage de raquette : Structure de l&rsquo;Examen Chaque niveau &#8230; <a title=\"Certificat BSW de Cordage de Raquette\" class=\"read-more\" href=\"https:\/\/beststringer.com\/fr\/stringing-certificate\/\" aria-label=\"En savoir plus sur Certificat BSW de Cordage de Raquette\">Lire plus<\/a><\/p>\n","protected":false},"author":1,"featured_media":39371,"parent":0,"menu_order":0,"comment_status":"closed","ping_status":"closed","template":"","meta":{"footnotes":""},"class_list":{"0":"post-39370","1":"page","2":"type-page","3":"status-publish","4":"has-post-thumbnail","6":"infinite-scroll-item"},"_links":{"self":[{"href":"https:\/\/beststringer.com\/fr\/wp-json\/wp\/v2\/pages\/39370","targetHints":{"allow":["GET"]}}],"collection":[{"href":"https:\/\/beststringer.com\/fr\/wp-json\/wp\/v2\/pages"}],"about":[{"href":"https:\/\/beststringer.com\/fr\/wp-json\/wp\/v2\/types\/page"}],"author":[{"embeddable":true,"href":"https:\/\/beststringer.com\/fr\/wp-json\/wp\/v2\/users\/1"}],"replies":[{"embeddable":true,"href":"https:\/\/beststringer.com\/fr\/wp-json\/wp\/v2\/comments?post=39370"}],"version-history":[{"count":0,"href":"https:\/\/beststringer.com\/fr\/wp-json\/wp\/v2\/pages\/39370\/revisions"}],"wp:featuredmedia":[{"embeddable":true,"href":"https:\/\/beststringer.com\/fr\/wp-json\/wp\/v2\/media\/39371"}],"wp:attachment":[{"href":"https:\/\/beststringer.com\/fr\/wp-json\/wp\/v2\/media?parent=39370"}],"curies":[{"name":"wp","href":"https:\/\/api.w.org\/{rel}","templated":true}]}}