{"id":39223,"date":"2024-08-01T05:39:17","date_gmt":"2024-08-01T05:39:17","guid":{"rendered":"https:\/\/beststringer.com\/vision-mission-strategic-outcomes\/"},"modified":"2025-09-25T05:48:39","modified_gmt":"2025-09-25T05:48:39","slug":"vision-mission-strategic-outcomes","status":"publish","type":"page","link":"https:\/\/beststringer.com\/fr\/vision-mission-strategic-outcomes\/","title":{"rendered":"Vision &#038; Mission de BSW"},"content":{"rendered":"<section class=\"gb-container gb-container-21e3c652\">\n\n<div class=\"gb-container gb-container-11344779\">\n\n\n\n<h3 class=\"gb-headline gb-headline-39f4cce2 gb-headline-text\">Promouvoir la qualit\u00e9 et la confiance dans la certification du cordage de raquette<\/h3>\n\n\n\n\n<p class=\"gb-headline gb-headline-c6c5990e gb-headline-text\">D\u00e9couvrez la vision de BSW en tant que partenaire de confiance pour l&rsquo;assurance qualit\u00e9, ainsi que sa mission de soutenir l&rsquo;industrie et les joueurs gr\u00e2ce \u00e0 une certification rigoureuse. Nous aborderons les objectifs strat\u00e9giques de BSW, son engagement envers l&rsquo;impartialit\u00e9 et son mod\u00e8le \u00e0 but non lucratif.<\/p>\n\n\n<div class=\"gb-container gb-container-ec1a2ce6\">\n\n<div class=\"gb-container gb-container-238a634b\"><\/div>\n\n<\/div>\n\n\n\n<div id=\"youtube-player\"><\/div>\n<script>\nvar videoLoaded = false;\n\n\nfunction loadYouTubeVideo() {\nif (videoLoaded) return;\nvideoLoaded = true;\nvar tag = document.createElement('script');\ntag.src = \"https:\/\/www.youtube.com\/iframe_api\";\nvar firstScriptTag = document.getElementsByTagName('script')[0];\nfirstScriptTag.parentNode.insertBefore(tag, firstScriptTag);\n}\n\nfunction onYouTubeIframeAPIReady() {\nnew YT.Player('youtube-player', {\nheight: '360',\nwidth: '640',\nvideoId: 'oFo8iVctF90', \/\/ Your video ID\nevents: {\n'onReady': onPlayerReady\n}\n});\n}\n\nfunction onPlayerReady(event) {\n\/\/ Video is ready to play\n}\n\n\/\/ Load the YouTube API script when the page is scrolled\nwindow.addEventListener('scroll', loadYouTubeVideo, { once: true });\n\n\/\/ Also load if the user hasn't scrolled after 3 seconds\nsetTimeout(loadYouTubeVideo, 3000);\n<\/script>\n\n\n\n<\/div>\n\n<\/section>\n\n<div class=\"gb-container gb-container-f66bc834\">\n\n<div class=\"gb-container gb-container-3423e27e\">\n\n<div class=\"gb-container gb-container-4ea2fbf1\">\n\n\n\n<h2 class=\"gb-headline gb-headline-79589317 gb-headline-text\"><strong>Quelle est la <mark style=\"background-color:rgba(0, 0, 0, 0)\" class=\"has-inline-color has-global-color-9-color\">vision<\/mark> de BSW ?<\/strong><\/h2>\n\n\n\n\n<p class=\"gb-headline gb-headline-d07d49cf gb-headline-text\">\u00catre un partenaire de confiance pour garantir la qualit\u00e9 des services de cordage de raquettes de badminton et de tennis.<\/p>\n\n<\/div>\n<\/div>\n\n<div class=\"gb-container gb-container-37db13f4\">\n\n<div class=\"gb-container gb-container-3021f73c\">\n\n\n\n<h3 class=\"gb-headline gb-headline-e5c79f72 gb-headline-text\"><strong>Quelle est la <mark style=\"background-color:rgba(0, 0, 0, 0)\" class=\"has-inline-color has-global-color-9-color\">mission<\/mark> de BSW ?<\/strong><\/h3>\n\n\n\n\n<p class=\"gb-headline gb-headline-7d760a3f gb-headline-text\">Fournir un syst\u00e8me de certification rigoureux pour r\u00e9pondre aux besoins de l&rsquo;industrie des sports de raquette et des joueurs.<\/p>\n\n<\/div>\n<\/div>\n\n<div class=\"gb-container gb-container-8072e76b\">\n\n<div class=\"gb-container gb-container-eabf3753\">\n\n\n\n<h3 class=\"gb-headline gb-headline-0ad93116 gb-headline-text\"><strong>Quels sont les <mark style=\"background-color:rgba(0, 0, 0, 0)\" class=\"has-inline-color has-global-color-9-color\">objectifs strat\u00e9giques<\/mark> de BSW ?<\/strong><\/h3>\n\n\n\n\n<p class=\"gb-headline gb-headline-0e4cbc73 gb-headline-text\">BSW fournira un syst\u00e8me de certification reconnu mondialement et d\u00e9veloppera de nouveaux programmes d&rsquo;\u00e9valuation pour r\u00e9pondre aux besoins internationaux et \u00e0 ceux de l&rsquo;industrie. BSW s&rsquo;efforcera d&rsquo;am\u00e9liorer la comp\u00e9tence des cordeurs par le renforcement des capacit\u00e9s, et de promouvoir la reconnaissance et la demande pour les services certifi\u00e9s BSW. En plus d&rsquo;\u00e9tablir des accords de reconnaissance, BSW facilitera activement les relations pour favoriser l&rsquo;acceptation des cordeurs certifi\u00e9s sur les march\u00e9s cibl\u00e9s.<\/p>\n\n<\/div>\n<\/div>\n\n<div class=\"gb-container gb-container-0bc9ddf8\">\n\n<div class=\"gb-container gb-container-4a1593e5\">\n\n\n\n<h3 class=\"gb-headline gb-headline-f300e849 gb-headline-text\"><strong>Comment BSW <mark style=\"background-color:rgba(0, 0, 0, 0)\" class=\"has-inline-color has-global-color-9-color\">garantit-elle l&rsquo;impartialit\u00e9 ?<\/mark><\/strong><\/h3>\n\n\n\n\n<p class=\"gb-headline gb-headline-1f171057 gb-headline-text\">BSW s&rsquo;engage \u00e0 pr\u00e9server et \u00e0 garantir l&rsquo;impartialit\u00e9 de ses activit\u00e9s de certification aux niveaux strat\u00e9gique et op\u00e9rationnel. BSW ne permettra pas que des pressions commerciales, financi\u00e8res ou autres compromettent son impartialit\u00e9. BSW veille \u00e0 ce que ses comit\u00e9s fonctionnent avec des points de vue \u00e9quilibr\u00e9s et des repr\u00e9sentants des principales parties prenantes et int\u00e9ress\u00e9es, y compris les fabricants d&rsquo;\u00e9quipement, les joueurs professionnels, les scientifiques du sport et les analystes de donn\u00e9es, sans permettre qu&rsquo;un int\u00e9r\u00eat particulier ne pr\u00e9domine ou ne soit favoris\u00e9.<\/p>\n\n<\/div>\n<\/div>\n\n<div class=\"gb-container gb-container-bc7f3ef7\">\n\n<div class=\"gb-container gb-container-c402b7cb\">\n\n\n\n<h3 class=\"gb-headline gb-headline-9ac68257 gb-headline-text\"><strong>Comment BSW est-elle <mark style=\"background-color:rgba(0, 0, 0, 0)\" class=\"has-inline-color has-global-color-9-color\">financ\u00e9e ?<\/mark><\/strong><\/h3>\n\n\n\n\n<p class=\"gb-headline gb-headline-99f4af0d gb-headline-text\">BSW est une organisation \u00e0 but non lucratif. La principale source de revenus de BSW provient des frais per\u00e7us aupr\u00e8s des candidats \u00e0 la certification ainsi que de ses activit\u00e9s d&rsquo;\u00e9valuation. Tout exc\u00e9dent est r\u00e9investi dans l&rsquo;am\u00e9lioration de nos processus de certification et dans la promotion du domaine du cordage de raquette. BSW s&rsquo;engage \u00e0 maintenir sa transparence financi\u00e8re.<\/p>\n\n\n\n\n<figure class=\"gb-block-image gb-block-image-b00566f0\"><img loading=\"lazy\" decoding=\"async\" width=\"753\" height=\"621\" class=\"gb-image gb-image-b00566f0\" src=\"https:\/\/beststringer.com\/wp-content\/uploads\/2024\/10\/BSW-Certification-Process-Best-Stringer-Worldwide-Certification.png\" alt=\"Processus de certification BSW pour cordeur \u00e0 {{CITY_LOCAL}}\" title=\"Sch\u00e9ma du processus de certification des cordeurs BSW en {{COUNTRY_LOCAL}}\" srcset=\"https:\/\/beststringer.com\/wp-content\/uploads\/2024\/10\/BSW-Certification-Process-Best-Stringer-Worldwide-Certification.png 753w, https:\/\/beststringer.com\/wp-content\/uploads\/2024\/10\/BSW-Certification-Process-Best-Stringer-Worldwide-Certification-300x247.png 300w\" sizes=\"auto, (max-width: 753px) 100vw, 753px\" \/><\/figure>\n\n<\/div>\n<\/div>\n<\/div>\n\n<section class=\"gb-container gb-container-49b9586e\">\n\n<div class=\"gb-container gb-container-a2e9522c\"><\/div>\n\n<div class=\"gb-container gb-container-0e11192a\">\n\n\n\n<h3 class=\"gb-headline gb-headline-5cf408ee gb-headline-text\">\u00c0 propos de Best Stringer Worldwide<\/h3>\n\n\n<div class=\"gb-container gb-container-daaa2e63\">\n\n<div class=\"gb-container gb-container-bda621fe\"><\/div>\n\n<div class=\"gb-container gb-container-4b0ac72b\"><\/div>\n\n<\/div>\n\n\n\n<p class=\"gb-headline gb-headline-edf98545 gb-headline-text\">Best Stringer Worldwide est le principal organisme de certification pour le cordage de raquette de badminton et de tennis. Nous pr\u00e9servons l&rsquo;int\u00e9grit\u00e9 et l&rsquo;impartialit\u00e9 des pratiques d&rsquo;\u00e9valuation du cordage. Notre mission est de fournir un syst\u00e8me de certification rigoureux qui r\u00e9pond aux besoins de l&rsquo;industrie des sports de raquette et des joueurs.<\/p>\n\n\n\n\n\n<a class=\"gb-button gb-button-a29641e0 gb-button-text\" href=\"https:\/\/beststringer.com\/fr\/bsw-history\/\">En savoir plus<\/a>\n\n\n\n<\/div>\n\n<\/section>\n","protected":false},"excerpt":{"rendered":"<p>Promouvoir la qualit\u00e9 et la confiance dans la certification du cordage de raquette D\u00e9couvrez la vision de BSW en tant que partenaire de confiance pour l&rsquo;assurance qualit\u00e9, ainsi que sa mission de soutenir l&rsquo;industrie et les joueurs gr\u00e2ce \u00e0 une certification rigoureuse. Nous aborderons les objectifs strat\u00e9giques de BSW, son engagement envers l&rsquo;impartialit\u00e9 et son &#8230; <a title=\"Vision &#038; Mission de BSW\" class=\"read-more\" href=\"https:\/\/beststringer.com\/fr\/vision-mission-strategic-outcomes\/\" aria-label=\"En savoir plus sur Vision &#038; Mission de BSW\">Lire plus<\/a><\/p>\n","protected":false},"author":1,"featured_media":39224,"parent":0,"menu_order":0,"comment_status":"closed","ping_status":"closed","template":"","meta":{"footnotes":""},"class_list":{"0":"post-39223","1":"page","2":"type-page","3":"status-publish","4":"has-post-thumbnail","6":"infinite-scroll-item"},"_links":{"self":[{"href":"https:\/\/beststringer.com\/fr\/wp-json\/wp\/v2\/pages\/39223","targetHints":{"allow":["GET"]}}],"collection":[{"href":"https:\/\/beststringer.com\/fr\/wp-json\/wp\/v2\/pages"}],"about":[{"href":"https:\/\/beststringer.com\/fr\/wp-json\/wp\/v2\/types\/page"}],"author":[{"embeddable":true,"href":"https:\/\/beststringer.com\/fr\/wp-json\/wp\/v2\/users\/1"}],"replies":[{"embeddable":true,"href":"https:\/\/beststringer.com\/fr\/wp-json\/wp\/v2\/comments?post=39223"}],"version-history":[{"count":0,"href":"https:\/\/beststringer.com\/fr\/wp-json\/wp\/v2\/pages\/39223\/revisions"}],"wp:featuredmedia":[{"embeddable":true,"href":"https:\/\/beststringer.com\/fr\/wp-json\/wp\/v2\/media\/39224"}],"wp:attachment":[{"href":"https:\/\/beststringer.com\/fr\/wp-json\/wp\/v2\/media?parent=39223"}],"curies":[{"name":"wp","href":"https:\/\/api.w.org\/{rel}","templated":true}]}}