{"id":39121,"date":"2024-08-01T03:06:52","date_gmt":"2024-08-01T03:06:52","guid":{"rendered":"https:\/\/beststringer.com\/our-role\/"},"modified":"2025-09-25T05:48:30","modified_gmt":"2025-09-25T05:48:30","slug":"our-role","status":"publish","type":"page","link":"https:\/\/beststringer.com\/fr\/our-role\/","title":{"rendered":"Notre R\u00f4le"},"content":{"rendered":"<section class=\"gb-container gb-container-25bc6b91\">\n\n<section class=\"gb-container gb-container-f914b566\">\n\n<div class=\"gb-container gb-container-d07e4266\">\n\n\n\n<figure class=\"gb-block-image gb-block-image-b3389bf5\"><img loading=\"lazy\" decoding=\"async\" width=\"538\" height=\"538\" class=\"gb-image gb-image-b3389bf5\" src=\"https:\/\/beststringer.com\/wp-content\/uploads\/2024\/08\/Certified-stringer-demonstrating-advanced-racquet-stringing-techniques-for-badminton-and-tennis.jpg\" alt=\"Cordeur certifi\u00e9 d\u00e9montrant des techniques avanc\u00e9es de cordage pour raquettes de badminton et tennis\" title=\"Cordeur certifi\u00e9 d\u00e9montrant des techniques avanc\u00e9es de cordage pour raquettes de badminton et tennis\" srcset=\"https:\/\/beststringer.com\/wp-content\/uploads\/2024\/08\/Certified-stringer-demonstrating-advanced-racquet-stringing-techniques-for-badminton-and-tennis.jpg 538w, https:\/\/beststringer.com\/wp-content\/uploads\/2024\/08\/Certified-stringer-demonstrating-advanced-racquet-stringing-techniques-for-badminton-and-tennis-300x300.jpg 300w, https:\/\/beststringer.com\/wp-content\/uploads\/2024\/08\/Certified-stringer-demonstrating-advanced-racquet-stringing-techniques-for-badminton-and-tennis-150x150.jpg 150w\" sizes=\"auto, (max-width: 538px) 100vw, 538px\" \/><\/figure>\n\n<\/div>\n\n<div class=\"gb-container gb-container-1102ab7a\">\n\n\n\n<h2 class=\"gb-headline gb-headline-d879851e gb-headline-text\">Notre mission et notre engagement envers l&rsquo;<mark style=\"background-color:rgba(0, 0, 0, 0)\" class=\"has-inline-color has-global-color-9-color\">excellence<\/mark><\/h2>\n\n\n\n\n<p>Best Stringer Worldwide (BSW) est le principal organisme de formation pour le cordage de raquettes de badminton et de tennis. G\u00e9r\u00e9 de mani\u00e8re ind\u00e9pendante, Best Stringer Worldwide pr\u00e9serve l&rsquo;int\u00e9grit\u00e9 et l&rsquo;impartialit\u00e9 des pratiques de formation et de certification en cordage.<\/p>\n\n\n\n\n<p>L&rsquo;organisation renforce la confiance mondiale dans les comp\u00e9tences des cordeurs certifi\u00e9s en consolidant l&rsquo;infrastructure technique pour l&rsquo;\u00e9valuation du cordage, et en \u00e9tablissant des accords de reconnaissance avec les associations de badminton et de tennis du monde entier.<\/p>\n\n\n\n\n<p>Best Stringer Worldwide est repr\u00e9sent\u00e9 par diverses parties prenantes de l&rsquo;industrie du sport, notamment des fabricants d&rsquo;\u00e9quipements, des joueurs professionnels, des institutions universitaires, des scientifiques du sport et des analystes de donn\u00e9es. Il est soutenu par plusieurs comit\u00e9s d&rsquo;experts, chacun supervisant des domaines sp\u00e9cifiques de la certification de cordage, couvrant les comp\u00e9tences techniques, les applications des sciences du sport et l&rsquo;analyse de performance bas\u00e9e sur les donn\u00e9es.<\/p>\n\n<\/div>\n<\/section>\n<\/section>\n\n<section class=\"gb-container gb-container-f0ad9a48\">\n\n<div class=\"gb-container gb-container-0f286597\">\n\n\n\n<h2 class=\"gb-headline gb-headline-2c770bbc gb-headline-text\">Que fait <mark style=\"background-color:rgba(0, 0, 0, 0)\" class=\"has-inline-color has-global-color-9-color\">Best Stringer Worldwide<\/mark> ?<\/h2>\n\n\n\n\n<p>Best Stringer Worldwide g\u00e8re et promeut les programmes de formation et de certification en cordage en accomplissant les missions suivantes :<\/p>\n\n\n\n\n<p class=\"gb-headline gb-headline-6fb9b297\"><span class=\"gb-icon\"><svg aria-hidden=\"true\" role=\"img\" height=\"1em\" width=\"1em\" viewBox=\"0 0 512 512\" xmlns=\"http:\/\/www.w3.org\/2000\/svg\"><path fill=\"currentColor\" d=\"M256 8C119 8 8 119 8 256s111 248 248 248 248-111 248-248S393 8 256 8zm0 448c-110.5 0-200-89.5-200-200S145.5 56 256 56s200 89.5 200 200-89.5 200-200 200z\"><\/path><\/svg><\/span><span class=\"gb-headline-text\">\u00c9valuer et certifier les cordeurs de badminton et de tennis comp\u00e9tents<\/span><\/p>\n\n\n\n\n<p class=\"gb-headline gb-headline-73b4cb0b\"><span class=\"gb-icon\"><svg aria-hidden=\"true\" role=\"img\" height=\"1em\" width=\"1em\" viewBox=\"0 0 512 512\" xmlns=\"http:\/\/www.w3.org\/2000\/svg\"><path fill=\"currentColor\" d=\"M256 8C119 8 8 119 8 256s111 248 248 248 248-111 248-248S393 8 256 8zm0 448c-110.5 0-200-89.5-200-200S145.5 56 256 56s200 89.5 200 200-89.5 200-200 200z\"><\/path><\/svg><\/span><span class=\"gb-headline-text\">Faciliter les partenariats avec les instances dirigeantes du sport et l&rsquo;industrie des sports de raquette sur les questions de formation en cordage<\/span><\/p>\n\n\n\n\n<p class=\"gb-headline gb-headline-b9176875\"><span class=\"gb-icon\"><svg aria-hidden=\"true\" role=\"img\" height=\"1em\" width=\"1em\" viewBox=\"0 0 512 512\" xmlns=\"http:\/\/www.w3.org\/2000\/svg\"><path fill=\"currentColor\" d=\"M256 8C119 8 8 119 8 256s111 248 248 248 248-111 248-248S393 8 256 8zm0 448c-110.5 0-200-89.5-200-200S145.5 56 256 56s200 89.5 200 200-89.5 200-200 200z\"><\/path><\/svg><\/span><span class=\"gb-headline-text\">\u00c9tablir et maintenir un r\u00e9seau international pour la reconnaissance des comp\u00e9tences des cordeurs certifi\u00e9s au-del\u00e0 des fronti\u00e8res nationales<\/span><\/p>\n\n\n\n\n<p class=\"gb-headline gb-headline-58192992\"><span class=\"gb-icon\"><svg aria-hidden=\"true\" role=\"img\" height=\"1em\" width=\"1em\" viewBox=\"0 0 512 512\" xmlns=\"http:\/\/www.w3.org\/2000\/svg\"><path fill=\"currentColor\" d=\"M256 8C119 8 8 119 8 256s111 248 248 248 248-111 248-248S393 8 256 8zm0 448c-110.5 0-200-89.5-200-200S145.5 56 256 56s200 89.5 200 200-89.5 200-200 200z\"><\/path><\/svg><\/span><span class=\"gb-headline-text\">Sensibiliser et encourager l&rsquo;adoption de services de cordage certifi\u00e9s par des actions de communication et un engagement r\u00e9gulier aupr\u00e8s des organisations sportives et de l&rsquo;industrie<\/span><\/p>\n\n<\/div>\n\n<div class=\"gb-container gb-container-63389023\">\n\n\n\n<figure class=\"gb-block-image gb-block-image-e6425b07\"><img loading=\"lazy\" decoding=\"async\" width=\"538\" height=\"538\" class=\"gb-image gb-image-e6425b07\" src=\"https:\/\/beststringer.com\/wp-content\/uploads\/2024\/08\/Best-Stringer-Worldwide-expert-committee-meeting-to-discuss-stringing-certification-standards.jpg\" alt=\"R\u00e9union du comit\u00e9 d'experts Best Stringer Worldwide sur les normes de certification de cordage\" title=\"R\u00e9union du comit\u00e9 d'experts Best Stringer Worldwide sur les normes de certification de cordage\" srcset=\"https:\/\/beststringer.com\/wp-content\/uploads\/2024\/08\/Best-Stringer-Worldwide-expert-committee-meeting-to-discuss-stringing-certification-standards.jpg 538w, https:\/\/beststringer.com\/wp-content\/uploads\/2024\/08\/Best-Stringer-Worldwide-expert-committee-meeting-to-discuss-stringing-certification-standards-300x300.jpg 300w, https:\/\/beststringer.com\/wp-content\/uploads\/2024\/08\/Best-Stringer-Worldwide-expert-committee-meeting-to-discuss-stringing-certification-standards-150x150.jpg 150w\" sizes=\"auto, (max-width: 538px) 100vw, 538px\" \/><\/figure>\n\n<\/div>\n<\/section>\n\n<section class=\"gb-container gb-container-f7510210\">\n\n<div class=\"gb-container gb-container-dc2d5fd7\">\n\n\n\n<figure class=\"gb-block-image gb-block-image-a57ee528\"><img loading=\"lazy\" decoding=\"async\" width=\"538\" height=\"538\" class=\"gb-image gb-image-a57ee528\" src=\"https:\/\/beststringer.com\/wp-content\/uploads\/2024\/08\/Best-Stringer-Worldwide-representatives-collaborating-with-sports-scientists-and-data-analysts-to-improve-stringing-assessment-methods.jpg\" alt=\"Repr\u00e9sentants de Best Stringer Worldwide collaborant avec des scientifiques pour am\u00e9liorer l'\u00e9valuation du cordage\" title=\"Repr\u00e9sentants de Best Stringer Worldwide collaborant avec des scientifiques pour am\u00e9liorer l'\u00e9valuation du cordage\" srcset=\"https:\/\/beststringer.com\/wp-content\/uploads\/2024\/08\/Best-Stringer-Worldwide-representatives-collaborating-with-sports-scientists-and-data-analysts-to-improve-stringing-assessment-methods.jpg 538w, https:\/\/beststringer.com\/wp-content\/uploads\/2024\/08\/Best-Stringer-Worldwide-representatives-collaborating-with-sports-scientists-and-data-analysts-to-improve-stringing-assessment-methods-300x300.jpg 300w, https:\/\/beststringer.com\/wp-content\/uploads\/2024\/08\/Best-Stringer-Worldwide-representatives-collaborating-with-sports-scientists-and-data-analysts-to-improve-stringing-assessment-methods-150x150.jpg 150w\" sizes=\"auto, (max-width: 538px) 100vw, 538px\" \/><\/figure>\n\n<\/div>\n\n<div class=\"gb-container gb-container-46f22206\">\n\n\n\n<h2 class=\"gb-headline gb-headline-9828ae87 gb-headline-text\">Promouvoir l&rsquo;excellence du cordage pour les <mark style=\"background-color:rgba(0, 0, 0, 0)\" class=\"has-inline-color has-global-color-9-color\">sports de raquette modernes<\/mark><\/h2>\n\n\n\n\n<p>En tant qu&rsquo;organisation de nouvelle g\u00e9n\u00e9ration dans la formation au cordage, les certifications de Best Stringer Worldwide sont con\u00e7ues pour r\u00e9pondre aux besoins changeants des sports de raquette modernes. Les cordeurs certifi\u00e9s sont reconnus pour leurs comp\u00e9tences et leur expertise \u00e0 jour au sein de la communaut\u00e9 mondiale des sports de raquette.<\/p>\n\n\n\n\n<p>Best Stringer Worldwide s&rsquo;engage \u00e0 ne reconna\u00eetre que les cordeurs les plus qualifi\u00e9s et les plus d\u00e9vou\u00e9s. Notre liste de certification n&rsquo;inclut que ceux qui ont r\u00e9ussi notre processus d&rsquo;examen transparent et approfondi, d\u00e9montrant non seulement une ma\u00eetrise technique, mais aussi un caract\u00e8re solide et une compr\u00e9hension profonde des sports de raquette. Cette norme rigoureuse garantit que nos cordeurs certifi\u00e9s sont v\u00e9ritablement les meilleurs dans leur domaine.<\/p>\n\n\n\n\n<p>Notre objectif n&rsquo;est pas le profit, mais d&rsquo;\u00e9lever la qualit\u00e9 des services de cordage dans le monde entier, au b\u00e9n\u00e9fice de tous les joueurs et du sport lui-m\u00eame.<\/p>\n\n<\/div>\n<\/section>\n\n\n\n<figure class=\"gb-block-image gb-block-image-976b7830\"><img loading=\"lazy\" decoding=\"async\" width=\"887\" height=\"443\" class=\"gb-image gb-image-976b7830\" src=\"https:\/\/beststringer.com\/wp-content\/uploads\/2024\/10\/Best-Stringer-Worldwide-Role-in-Racquet-Stringing.png\" alt=\"\" title=\"R\u00f4le de Best Stringer Worldwide dans le cordage de raquette\" srcset=\"https:\/\/beststringer.com\/wp-content\/uploads\/2024\/10\/Best-Stringer-Worldwide-Role-in-Racquet-Stringing.png 887w, https:\/\/beststringer.com\/wp-content\/uploads\/2024\/10\/Best-Stringer-Worldwide-Role-in-Racquet-Stringing-300x150.png 300w, https:\/\/beststringer.com\/wp-content\/uploads\/2024\/10\/Best-Stringer-Worldwide-Role-in-Racquet-Stringing-768x384.png 768w\" sizes=\"auto, (max-width: 887px) 100vw, 887px\" \/><\/figure>\n\n\n<section class=\"gb-container gb-container-21e3c652\">\n\n<div class=\"gb-container gb-container-11344779\">\n\n\n\n<h3 class=\"gb-headline gb-headline-39f4cce2 gb-headline-text\">Le r\u00f4le de BSW dans le cordage de raquette : pourquoi c&rsquo;est important<\/h3>\n\n\n\n\n<p class=\"gb-headline gb-headline-c6c5990e gb-headline-text\">Vous \u00eates-vous d\u00e9j\u00e0 demand\u00e9 pourquoi votre raquette ne vous semble pas parfaite ? Cela pourrait venir du cordage. Dans cette vid\u00e9o, nous expliquons comment BSW change la donne dans le monde du cordage de raquette. Nous vous dirons ce que fait BSW, pourquoi un bon cordage est crucial pour votre jeu, et comment cela fait une diff\u00e9rence pour les joueurs du monde entier. Pas de jargon compliqu\u00e9, juste des faits concrets sur la mani\u00e8re dont BSW \u0153uvre pour am\u00e9liorer votre exp\u00e9rience avec votre raquette. Regardez pour en apprendre davantage sur les cordages dont vous d\u00e9pendez \u00e0 chaque fois que vous jouez !<\/p>\n\n\n<div class=\"gb-container gb-container-ec1a2ce6\">\n\n<div class=\"gb-container gb-container-238a634b\"><\/div>\n\n<\/div>\n\n\n\n<div id=\"youtube-player\"><\/div>\n<script>\nvar videoLoaded = false;\n\n\nfunction loadYouTubeVideo() {\nif (videoLoaded) return;\nvideoLoaded = true;\nvar tag = document.createElement('script');\ntag.src = \"https:\/\/www.youtube.com\/iframe_api\";\nvar firstScriptTag = document.getElementsByTagName('script')[0];\nfirstScriptTag.parentNode.insertBefore(tag, firstScriptTag);\n}\n\nfunction onYouTubeIframeAPIReady() {\nnew YT.Player('youtube-player', {\nheight: '360',\nwidth: '640',\nvideoId: 'xG9u1-DWX7E', \/\/ Your video ID\nevents: {\n'onReady': onPlayerReady\n}\n});\n}\n\nfunction onPlayerReady(event) {\n\/\/ Video is ready to play\n}\n\n\/\/ Load the YouTube API script when the page is scrolled\nwindow.addEventListener('scroll', loadYouTubeVideo, { once: true });\n\n\/\/ Also load if the user hasn't scrolled after 3 seconds\nsetTimeout(loadYouTubeVideo, 3000);\n<\/script>\n\n\n\n<\/div>\n\n<\/section>\n","protected":false},"excerpt":{"rendered":"<p>Notre mission et notre engagement envers l&rsquo;excellence Best Stringer Worldwide (BSW) est le principal organisme de formation pour le cordage de raquettes de badminton et de tennis. G\u00e9r\u00e9 de mani\u00e8re ind\u00e9pendante, Best Stringer Worldwide pr\u00e9serve l&rsquo;int\u00e9grit\u00e9 et l&rsquo;impartialit\u00e9 des pratiques de formation et de certification en cordage. L&rsquo;organisation renforce la confiance mondiale dans les comp\u00e9tences &#8230; <a title=\"Notre R\u00f4le\" class=\"read-more\" href=\"https:\/\/beststringer.com\/fr\/our-role\/\" aria-label=\"En savoir plus sur Notre R\u00f4le\">Lire plus<\/a><\/p>\n","protected":false},"author":1,"featured_media":39123,"parent":0,"menu_order":0,"comment_status":"closed","ping_status":"closed","template":"","meta":{"footnotes":""},"class_list":{"0":"post-39121","1":"page","2":"type-page","3":"status-publish","4":"has-post-thumbnail","6":"infinite-scroll-item"},"_links":{"self":[{"href":"https:\/\/beststringer.com\/fr\/wp-json\/wp\/v2\/pages\/39121","targetHints":{"allow":["GET"]}}],"collection":[{"href":"https:\/\/beststringer.com\/fr\/wp-json\/wp\/v2\/pages"}],"about":[{"href":"https:\/\/beststringer.com\/fr\/wp-json\/wp\/v2\/types\/page"}],"author":[{"embeddable":true,"href":"https:\/\/beststringer.com\/fr\/wp-json\/wp\/v2\/users\/1"}],"replies":[{"embeddable":true,"href":"https:\/\/beststringer.com\/fr\/wp-json\/wp\/v2\/comments?post=39121"}],"version-history":[{"count":0,"href":"https:\/\/beststringer.com\/fr\/wp-json\/wp\/v2\/pages\/39121\/revisions"}],"wp:featuredmedia":[{"embeddable":true,"href":"https:\/\/beststringer.com\/fr\/wp-json\/wp\/v2\/media\/39123"}],"wp:attachment":[{"href":"https:\/\/beststringer.com\/fr\/wp-json\/wp\/v2\/media?parent=39121"}],"curies":[{"name":"wp","href":"https:\/\/api.w.org\/{rel}","templated":true}]}}