{"id":38859,"date":"2024-08-05T02:34:36","date_gmt":"2024-08-05T02:34:36","guid":{"rendered":"https:\/\/beststringer.com\/join-us-volunteer-with-bsw\/"},"modified":"2025-09-25T05:48:03","modified_gmt":"2025-09-25T05:48:03","slug":"join-us-volunteer-with-bsw","status":"publish","type":"page","link":"https:\/\/beststringer.com\/fr\/join-us-volunteer-with-bsw\/","title":{"rendered":"Devenez Volontaire en tant qu\u2019Examinateur de Certification BSW"},"content":{"rendered":"<div class=\"gb-container gb-container-f66bc834\">\n\n<div class=\"gb-container gb-container-3423e27e\">\n\n<div class=\"gb-container gb-container-4ea2fbf1\">\n\n<div id=\"ez-toc-container\" class=\"ez-toc-v2_0_82_2 ez-toc-wrap-left counter-hierarchy ez-toc-counter ez-toc-custom ez-toc-container-direction\">\n<div class=\"ez-toc-title-container\">\n<p class=\"ez-toc-title\" style=\"cursor:inherit\">Topics<\/p>\n<span class=\"ez-toc-title-toggle\"><a href=\"#\" class=\"ez-toc-pull-right ez-toc-btn ez-toc-btn-xs ez-toc-btn-default ez-toc-toggle\" aria-label=\"Toggle Table of Content\"><span class=\"ez-toc-js-icon-con\"><span class=\"\"><span class=\"eztoc-hide\" style=\"display:none;\">Toggle<\/span><span class=\"ez-toc-icon-toggle-span\"><svg style=\"fill: #ffffff;color:#ffffff\" xmlns=\"http:\/\/www.w3.org\/2000\/svg\" class=\"list-377408\" width=\"20px\" height=\"20px\" viewBox=\"0 0 24 24\" fill=\"none\"><path d=\"M6 6H4v2h2V6zm14 0H8v2h12V6zM4 11h2v2H4v-2zm16 0H8v2h12v-2zM4 16h2v2H4v-2zm16 0H8v2h12v-2z\" fill=\"currentColor\"><\/path><\/svg><svg style=\"fill: #ffffff;color:#ffffff\" class=\"arrow-unsorted-368013\" xmlns=\"http:\/\/www.w3.org\/2000\/svg\" width=\"10px\" height=\"10px\" viewBox=\"0 0 24 24\" version=\"1.2\" baseProfile=\"tiny\"><path d=\"M18.2 9.3l-6.2-6.3-6.2 6.3c-.2.2-.3.4-.3.7s.1.5.3.7c.2.2.4.3.7.3h11c.3 0 .5-.1.7-.3.2-.2.3-.5.3-.7s-.1-.5-.3-.7zM5.8 14.7l6.2 6.3 6.2-6.3c.2-.2.3-.5.3-.7s-.1-.5-.3-.7c-.2-.2-.4-.3-.7-.3h-11c-.3 0-.5.1-.7.3-.2.2-.3.5-.3.7s.1.5.3.7z\"\/><\/svg><\/span><\/span><\/span><\/a><\/span><\/div>\n<nav><ul class='ez-toc-list ez-toc-list-level-1 eztoc-toggle-hide-by-default' ><li class='ez-toc-page-1 ez-toc-heading-level-2'><a class=\"ez-toc-link ez-toc-heading-1\" href=\"https:\/\/beststringer.com\/fr\/join-us-volunteer-with-bsw\/#Devenez_evaluateur_de_certification_benevole\" >Devenez \u00e9valuateur de certification b\u00e9n\u00e9vole<\/a><ul class='ez-toc-list-level-3' ><li class='ez-toc-heading-level-3'><a class=\"ez-toc-link ez-toc-heading-2\" href=\"https:\/\/beststringer.com\/fr\/join-us-volunteer-with-bsw\/#Devenez_evaluateur_principal_benevole\" >Devenez \u00e9valuateur principal b\u00e9n\u00e9vole<\/a><\/li><li class='ez-toc-page-1 ez-toc-heading-level-3'><a class=\"ez-toc-link ez-toc-heading-3\" href=\"https:\/\/beststringer.com\/fr\/join-us-volunteer-with-bsw\/#Devenez_evaluateur_technique_benevole\" >Devenez \u00e9valuateur technique b\u00e9n\u00e9vole<\/a><\/li><li class='ez-toc-page-1 ez-toc-heading-level-3'><a class=\"ez-toc-link ez-toc-heading-4\" href=\"https:\/\/beststringer.com\/fr\/join-us-volunteer-with-bsw\/#Devenez_visiteur_de_site_benevole\" >Devenez visiteur de site b\u00e9n\u00e9vole<\/a><\/li><li class='ez-toc-page-1 ez-toc-heading-level-3'><a class=\"ez-toc-link ez-toc-heading-5\" href=\"https:\/\/beststringer.com\/fr\/join-us-volunteer-with-bsw\/#Contactez-nous_pour_devenir_evaluateur_de_cordage_benevole\" >Contactez-nous pour devenir \u00e9valuateur de cordage b\u00e9n\u00e9vole<\/a><\/li><li class='ez-toc-page-1 ez-toc-heading-level-3'><a class=\"ez-toc-link ez-toc-heading-6\" href=\"https:\/\/beststringer.com\/fr\/join-us-volunteer-with-bsw\/#Ameliorez_vos_competences_en_cordage_opportunites_de_benevolat_avec_BSW\" >Am\u00e9liorez vos comp\u00e9tences en cordage : opportunit\u00e9s de b\u00e9n\u00e9volat avec BSW<\/a><\/li><li class='ez-toc-page-1 ez-toc-heading-level-3'><a class=\"ez-toc-link ez-toc-heading-7\" href=\"https:\/\/beststringer.com\/fr\/join-us-volunteer-with-bsw\/#Reseau_de_Cordage_BSW\" >R\u00e9seau de Cordage BSW<\/a><\/li><\/ul><\/li><\/ul><\/nav><\/div>\n\n\n\n\n\n<h2 class=\"gb-headline gb-headline-79589317 gb-headline-text\"><span class=\"ez-toc-section\" id=\"Devenez_evaluateur_de_certification_benevole\"><\/span>Devenez <mark style=\"background-color:rgba(0, 0, 0, 0)\" class=\"has-inline-color has-global-color-9-color\">\u00e9valuateur de certification b\u00e9n\u00e9vole<\/mark><span class=\"ez-toc-section-end\"><\/span><\/h2>\n\n\n\n\n<p class=\"gb-headline gb-headline-d07d49cf gb-headline-text\">Les \u00e9valuateurs de certification jouent un r\u00f4le crucial dans le processus de certification de BSW et dans l&rsquo;am\u00e9lioration des standards de cordage. Nous recherchons des cordeurs exp\u00e9riment\u00e9s d\u00e9sireux de consacrer leur temps, leurs connaissances et leurs comp\u00e9tences en tant qu&rsquo;\u00e9valuateurs. En tant qu&rsquo;\u00e9valuateur, vous collaborerez avec des cordeurs professionnels et observerez diverses pratiques de cordage. Vous pourrez \u00e9galement participer \u00e0 nos r\u00e9unions, o\u00f9 les cordeurs partagent leurs exp\u00e9riences.<\/p>\n\n<\/div>\n<\/div>\n\n<div class=\"gb-container gb-container-37db13f4\">\n\n<div class=\"gb-container gb-container-3021f73c\">\n\n\n\n<h3 class=\"gb-headline gb-headline-e5c79f72 gb-headline-text\"><span class=\"ez-toc-section\" id=\"Devenez_evaluateur_principal_benevole\"><\/span>Devenez <mark style=\"background-color:rgba(0, 0, 0, 0)\" class=\"has-inline-color has-global-color-9-color\">\u00e9valuateur principal b\u00e9n\u00e9vole<\/mark><span class=\"ez-toc-section-end\"><\/span><\/h3>\n\n\n\n\n<p class=\"gb-headline gb-headline-7d760a3f gb-headline-text\">Les \u00e9valuateurs principaux guident les \u00e9quipes lors de l&rsquo;\u00e9valuation des comp\u00e9tences en cordage. Ils \u00e9valuent la conformit\u00e9 des cordeurs aux standards de BSW pour le badminton, le tennis et le squash. Nous accueillons les personnes poss\u00e9dant une vaste exp\u00e9rience du cordage de raquette et une solide compr\u00e9hension des techniques de cordage et de la technologie des raquettes.<\/p>\n\n<\/div>\n<\/div>\n\n<div class=\"gb-container gb-container-8072e76b\">\n\n<div class=\"gb-container gb-container-eabf3753\">\n\n\n\n<h3 class=\"gb-headline gb-headline-0ad93116 gb-headline-text\"><span class=\"ez-toc-section\" id=\"Devenez_evaluateur_technique_benevole\"><\/span>Devenez <mark style=\"background-color:rgba(0, 0, 0, 0)\" class=\"has-inline-color has-global-color-9-color\">\u00e9valuateur technique b\u00e9n\u00e9vole<\/mark><span class=\"ez-toc-section-end\"><\/span><\/h3>\n\n\n\n\n<p class=\"gb-headline gb-headline-0e4cbc73 gb-headline-text\">Les \u00e9valuateurs techniques se concentrent sur l&rsquo;\u00e9valuation de comp\u00e9tences et de connaissances sp\u00e9cifiques en mati\u00e8re de cordage. Nous recherchons des cordeurs exp\u00e9riment\u00e9s ayant une expertise dans des domaines tels que la mesure de la tension, les propri\u00e9t\u00e9s des cordages ou la personnalisation des raquettes.<\/p>\n\n<\/div>\n<\/div>\n\n<div class=\"gb-container gb-container-0bc9ddf8\">\n\n<div class=\"gb-container gb-container-4a1593e5\">\n\n\n\n<h3 class=\"gb-headline gb-headline-f300e849 gb-headline-text\"><span class=\"ez-toc-section\" id=\"Devenez_visiteur_de_site_benevole\"><\/span>Devenez <mark style=\"background-color:rgba(0, 0, 0, 0)\" class=\"has-inline-color has-global-color-9-color\">visiteur de site b\u00e9n\u00e9vole<\/mark><span class=\"ez-toc-section-end\"><\/span><\/h3>\n\n\n\n\n<p class=\"gb-headline gb-headline-1f171057 gb-headline-text\">Les visiteurs de site aident \u00e0 \u00e9valuer l&rsquo;environnement de travail et le service client des cordeurs certifi\u00e9s. Ce r\u00f4le implique de visiter les ateliers de cordage et d&rsquo;observer comment les cordeurs certifi\u00e9s interagissent avec les clients et entretiennent leur espace de travail.<\/p>\n\n<\/div>\n<\/div>\n\n<div class=\"gb-container gb-container-bc7f3ef7\">\n\n<div class=\"gb-container gb-container-c402b7cb\">\n\n\n\n<h3 class=\"gb-headline gb-headline-9ac68257 gb-headline-text\"><span class=\"ez-toc-section\" id=\"Contactez-nous_pour_devenir_evaluateur_de_cordage_benevole\"><\/span>Contactez-nous pour devenir <mark style=\"background-color:rgba(0, 0, 0, 0)\" class=\"has-inline-color has-global-color-9-color\">\u00e9valuateur de cordage b\u00e9n\u00e9vole<\/mark><span class=\"ez-toc-section-end\"><\/span><\/h3>\n\n\n\n\n<p class=\"gb-headline gb-headline-99f4af0d gb-headline-text\">Si vous avez de l&rsquo;exp\u00e9rience en cordage et souhaitez contribuer \u00e0 am\u00e9liorer la formation dans ce domaine, veuillez contacter <a href=\"mailto:tester@beststringer.com\"><strong>tester@beststringer.com<\/strong><\/a>. Veuillez inclure votre pays et des d\u00e9tails sur votre parcours de cordeur.<br><br><\/p>\n\n\n\n\n<figure class=\"gb-block-image gb-block-image-7bd1746b\"><img loading=\"lazy\" decoding=\"async\" width=\"1043\" height=\"371\" class=\"gb-image gb-image-7bd1746b\" src=\"https:\/\/beststringer.com\/wp-content\/uploads\/2024\/10\/Join-us-Volunteer-with-BSW-Badminton-Stringing-Certification.png\" alt=\"B\u00e9n\u00e9volat pour la certification de cordage badminton BSW \u00e0 {{CITY_LOCAL}}, {{COUNTRY_LOCAL}}\" title=\"Rejoignez notre \u00e9quipe de b\u00e9n\u00e9voles pour la certification de cordage BSW\" srcset=\"https:\/\/beststringer.com\/wp-content\/uploads\/2024\/10\/Join-us-Volunteer-with-BSW-Badminton-Stringing-Certification.png 1043w, https:\/\/beststringer.com\/wp-content\/uploads\/2024\/10\/Join-us-Volunteer-with-BSW-Badminton-Stringing-Certification-300x107.png 300w, https:\/\/beststringer.com\/wp-content\/uploads\/2024\/10\/Join-us-Volunteer-with-BSW-Badminton-Stringing-Certification-1024x364.png 1024w, https:\/\/beststringer.com\/wp-content\/uploads\/2024\/10\/Join-us-Volunteer-with-BSW-Badminton-Stringing-Certification-768x273.png 768w\" sizes=\"auto, (max-width: 1043px) 100vw, 1043px\" \/><\/figure>\n\n<\/div>\n<\/div>\n<\/div>\n\n<section class=\"gb-container gb-container-21e3c652\">\n\n<div class=\"gb-container gb-container-11344779\">\n\n\n\n<h3 class=\"gb-headline gb-headline-39f4cce2 gb-headline-text\"><span class=\"ez-toc-section\" id=\"Ameliorez_vos_competences_en_cordage_opportunites_de_benevolat_avec_BSW\"><\/span>Am\u00e9liorez vos comp\u00e9tences en cordage : opportunit\u00e9s de b\u00e9n\u00e9volat avec BSW<span class=\"ez-toc-section-end\"><\/span><\/h3>\n\n\n\n\n<p class=\"gb-headline gb-headline-c6c5990e gb-headline-text\">Vous souhaitez faire progresser les standards du cordage de raquette ? Cette vid\u00e9o explore les r\u00f4les de b\u00e9n\u00e9voles chez Best Stringer Worldwide (BSW). D\u00e9couvrez comment devenir \u00e9valuateur de certification, \u00e9valuateur principal, \u00e9valuateur technique ou visiteur de site. Nous expliquons en quoi consiste chaque r\u00f4le, qui peut postuler et comment ces postes contribuent \u00e0 am\u00e9liorer la qualit\u00e9 du cordage en tennis, badminton et squash.<\/p>\n\n\n<div class=\"gb-container gb-container-ec1a2ce6\">\n\n<div class=\"gb-container gb-container-238a634b\"><\/div>\n\n<\/div>\n\n\n\n<div id=\"youtube-player\"><\/div>\n<script>\nvar videoLoaded = false;\n\n\nfunction loadYouTubeVideo() {\nif (videoLoaded) return;\nvideoLoaded = true;\nvar tag = document.createElement('script');\ntag.src = \"https:\/\/www.youtube.com\/iframe_api\";\nvar firstScriptTag = document.getElementsByTagName('script')[0];\nfirstScriptTag.parentNode.insertBefore(tag, firstScriptTag);\n}\n\nfunction onYouTubeIframeAPIReady() {\nnew YT.Player('youtube-player', {\nheight: '360',\nwidth: '640',\nvideoId: 'mnLp79WF_Qk', \/\/ Your video ID\nevents: {\n'onReady': onPlayerReady\n}\n});\n}\n\nfunction onPlayerReady(event) {\n\/\/ Video is ready to play\n}\n\n\/\/ Load the YouTube API script when the page is scrolled\nwindow.addEventListener('scroll', loadYouTubeVideo, { once: true });\n\n\/\/ Also load if the user hasn't scrolled after 3 seconds\nsetTimeout(loadYouTubeVideo, 3000);\n<\/script>\n\n\n\n<\/div>\n\n<\/section>\n\n<section class=\"gb-container gb-container-49b9586e\">\n\n<div class=\"gb-container gb-container-a2e9522c\"><\/div>\n\n<div class=\"gb-container gb-container-0e11192a\">\n\n\n\n<h3 class=\"gb-headline gb-headline-5cf408ee gb-headline-text\"><span class=\"ez-toc-section\" id=\"Reseau_de_Cordage_BSW\"><\/span>R\u00e9seau de Cordage BSW<span class=\"ez-toc-section-end\"><\/span><\/h3>\n\n\n<div class=\"gb-container gb-container-daaa2e63\">\n\n<div class=\"gb-container gb-container-bda621fe\"><\/div>\n\n<div class=\"gb-container gb-container-4b0ac72b\"><\/div>\n\n<\/div>\n\n\n\n<p class=\"gb-headline gb-headline-edf98545 gb-headline-text\">Best Stringer Worldwide offre une plateforme permettant aux cordeurs d&rsquo;apprendre et d&rsquo;am\u00e9liorer leurs comp\u00e9tences. Notre r\u00e9seau comprend :<\/p>\n\n\n\n\n<p class=\"gb-headline gb-headline-aa123983\"><span class=\"gb-icon\"><svg aria-hidden=\"true\" role=\"img\" height=\"1em\" width=\"1em\" viewBox=\"0 0 512 512\" xmlns=\"http:\/\/www.w3.org\/2000\/svg\"><path fill=\"currentColor\" d=\"M504 256c0 136.967-111.033 248-248 248S8 392.967 8 256 119.033 8 256 8s248 111.033 248 248zM227.314 387.314l184-184c6.248-6.248 6.248-16.379 0-22.627l-22.627-22.627c-6.248-6.249-16.379-6.249-22.628 0L216 308.118l-70.059-70.059c-6.248-6.248-16.379-6.248-22.628 0l-22.627 22.627c-6.248 6.248-6.248 16.379 0 22.627l104 104c6.249 6.249 16.379 6.249 22.628.001z\"><\/path><\/svg><\/span><span class=\"gb-headline-text\">Supports de formation en cordage<\/span><\/p>\n\n\n\n\n<p class=\"gb-headline gb-headline-22e91ee1\"><span class=\"gb-icon\"><svg aria-hidden=\"true\" role=\"img\" height=\"1em\" width=\"1em\" viewBox=\"0 0 512 512\" xmlns=\"http:\/\/www.w3.org\/2000\/svg\"><path fill=\"currentColor\" d=\"M504 256c0 136.967-111.033 248-248 248S8 392.967 8 256 119.033 8 256 8s248 111.033 248 248zM227.314 387.314l184-184c6.248-6.248 6.248-16.379 0-22.627l-22.627-22.627c-6.248-6.249-16.379-6.249-22.628 0L216 308.118l-70.059-70.059c-6.248-6.248-16.379-6.248-22.628 0l-22.627 22.627c-6.248 6.248-6.248 16.379 0 22.627l104 104c6.249 6.249 16.379 6.249 22.628.001z\"><\/path><\/svg><\/span><span class=\"gb-headline-text\">Sessions r\u00e9guli\u00e8res de mise \u00e0 jour des comp\u00e9tences<\/span><\/p>\n\n\n\n\n<p class=\"gb-headline gb-headline-f4b88c87\"><span class=\"gb-icon\"><svg aria-hidden=\"true\" role=\"img\" height=\"1em\" width=\"1em\" viewBox=\"0 0 512 512\" xmlns=\"http:\/\/www.w3.org\/2000\/svg\"><path fill=\"currentColor\" d=\"M504 256c0 136.967-111.033 248-248 248S8 392.967 8 256 119.033 8 256 8s248 111.033 248 248zM227.314 387.314l184-184c6.248-6.248 6.248-16.379 0-22.627l-22.627-22.627c-6.248-6.249-16.379-6.249-22.628 0L216 308.118l-70.059-70.059c-6.248-6.248-16.379-6.248-22.628 0l-22.627 22.627c-6.248 6.248-6.248 16.379 0 22.627l104 104c6.249 6.249 16.379 6.249 22.628.001z\"><\/path><\/svg><\/span><span class=\"gb-headline-text\">Forums de discussion pour partager les connaissances sur le cordage<\/span><\/p>\n\n\n\n\n<p class=\"gb-headline gb-headline-cd74c374 gb-headline-text\">Les cordeurs certifi\u00e9s peuvent interagir avec les joueurs ayant besoin de services de cordage. Cela aide les cordeurs et les joueurs \u00e0 mieux comprendre les besoins en mati\u00e8re de pr\u00e9paration de raquettes.<\/p>\n\n\n\n\n\n<a class=\"gb-button gb-button-a29641e0 gb-button-text\" href=\"https:\/\/beststringer.com\/fr\/contact\/\">Plus d&rsquo;informations<\/a>\n\n\n\n<\/div>\n\n<\/section>\n","protected":false},"excerpt":{"rendered":"<p>Devenez \u00e9valuateur de certification b\u00e9n\u00e9vole Les \u00e9valuateurs de certification jouent un r\u00f4le crucial dans le processus de certification de BSW et dans l&rsquo;am\u00e9lioration des standards de cordage. Nous recherchons des cordeurs exp\u00e9riment\u00e9s d\u00e9sireux de consacrer leur temps, leurs connaissances et leurs comp\u00e9tences en tant qu&rsquo;\u00e9valuateurs. En tant qu&rsquo;\u00e9valuateur, vous collaborerez avec des cordeurs professionnels et &#8230; <a title=\"Devenez Volontaire en tant qu\u2019Examinateur de Certification BSW\" class=\"read-more\" href=\"https:\/\/beststringer.com\/fr\/join-us-volunteer-with-bsw\/\" aria-label=\"En savoir plus sur Devenez Volontaire en tant qu\u2019Examinateur de Certification BSW\">Lire plus<\/a><\/p>\n","protected":false},"author":1,"featured_media":38861,"parent":0,"menu_order":0,"comment_status":"closed","ping_status":"closed","template":"","meta":{"footnotes":""},"class_list":{"0":"post-38859","1":"page","2":"type-page","3":"status-publish","4":"has-post-thumbnail","6":"infinite-scroll-item"},"_links":{"self":[{"href":"https:\/\/beststringer.com\/fr\/wp-json\/wp\/v2\/pages\/38859","targetHints":{"allow":["GET"]}}],"collection":[{"href":"https:\/\/beststringer.com\/fr\/wp-json\/wp\/v2\/pages"}],"about":[{"href":"https:\/\/beststringer.com\/fr\/wp-json\/wp\/v2\/types\/page"}],"author":[{"embeddable":true,"href":"https:\/\/beststringer.com\/fr\/wp-json\/wp\/v2\/users\/1"}],"replies":[{"embeddable":true,"href":"https:\/\/beststringer.com\/fr\/wp-json\/wp\/v2\/comments?post=38859"}],"version-history":[{"count":0,"href":"https:\/\/beststringer.com\/fr\/wp-json\/wp\/v2\/pages\/38859\/revisions"}],"wp:featuredmedia":[{"embeddable":true,"href":"https:\/\/beststringer.com\/fr\/wp-json\/wp\/v2\/media\/38861"}],"wp:attachment":[{"href":"https:\/\/beststringer.com\/fr\/wp-json\/wp\/v2\/media?parent=38859"}],"curies":[{"name":"wp","href":"https:\/\/api.w.org\/{rel}","templated":true}]}}