{"id":38759,"date":"2024-08-05T01:47:32","date_gmt":"2024-08-05T01:47:32","guid":{"rendered":"https:\/\/beststringer.com\/benefits-bsw-certification\/"},"modified":"2025-09-25T05:43:43","modified_gmt":"2025-09-25T05:43:43","slug":"benefits-bsw-certification","status":"publish","type":"page","link":"https:\/\/beststringer.com\/fr\/benefits-bsw-certification\/","title":{"rendered":"Avantages de la Certification BSW Stringer pour le Cordage de Raquette"},"content":{"rendered":"<div class=\"gb-container gb-container-f66bc834\">\n<div class=\"gb-container gb-container-37db13f4\">\n<div class=\"gb-container gb-container-3021f73c\">\n<div id=\"ez-toc-container\" class=\"ez-toc-v2_0_82_2 ez-toc-wrap-left counter-hierarchy ez-toc-counter ez-toc-custom ez-toc-container-direction\">\n<div class=\"ez-toc-title-container\">\n<p class=\"ez-toc-title\" style=\"cursor:inherit\">Topics<\/p>\n<span class=\"ez-toc-title-toggle\"><a href=\"#\" class=\"ez-toc-pull-right ez-toc-btn ez-toc-btn-xs ez-toc-btn-default ez-toc-toggle\" aria-label=\"Toggle Table of Content\"><span class=\"ez-toc-js-icon-con\"><span class=\"\"><span class=\"eztoc-hide\" style=\"display:none;\">Toggle<\/span><span class=\"ez-toc-icon-toggle-span\"><svg style=\"fill: #ffffff;color:#ffffff\" xmlns=\"http:\/\/www.w3.org\/2000\/svg\" class=\"list-377408\" width=\"20px\" height=\"20px\" viewBox=\"0 0 24 24\" fill=\"none\"><path d=\"M6 6H4v2h2V6zm14 0H8v2h12V6zM4 11h2v2H4v-2zm16 0H8v2h12v-2zM4 16h2v2H4v-2zm16 0H8v2h12v-2z\" fill=\"currentColor\"><\/path><\/svg><svg style=\"fill: #ffffff;color:#ffffff\" class=\"arrow-unsorted-368013\" xmlns=\"http:\/\/www.w3.org\/2000\/svg\" width=\"10px\" height=\"10px\" viewBox=\"0 0 24 24\" version=\"1.2\" baseProfile=\"tiny\"><path d=\"M18.2 9.3l-6.2-6.3-6.2 6.3c-.2.2-.3.4-.3.7s.1.5.3.7c.2.2.4.3.7.3h11c.3 0 .5-.1.7-.3.2-.2.3-.5.3-.7s-.1-.5-.3-.7zM5.8 14.7l6.2 6.3 6.2-6.3c.2-.2.3-.5.3-.7s-.1-.5-.3-.7c-.2-.2-.4-.3-.7-.3h-11c-.3 0-.5.1-.7.3-.2.2-.3.5-.3.7s.1.5.3.7z\"\/><\/svg><\/span><\/span><\/span><\/a><\/span><\/div>\n<nav><ul class='ez-toc-list ez-toc-list-level-1 eztoc-toggle-hide-by-default' ><li class='ez-toc-page-1 ez-toc-heading-level-3'><a class=\"ez-toc-link ez-toc-heading-1\" href=\"https:\/\/beststringer.com\/fr\/benefits-bsw-certification\/#Pour_les_cordeurs\" >Pour les cordeurs<\/a><\/li><li class='ez-toc-page-1 ez-toc-heading-level-3'><a class=\"ez-toc-link ez-toc-heading-2\" href=\"https:\/\/beststringer.com\/fr\/benefits-bsw-certification\/#Assurance_qualite\" >Assurance qualit\u00e9<\/a><\/li><li class='ez-toc-page-1 ez-toc-heading-level-3'><a class=\"ez-toc-link ez-toc-heading-3\" href=\"https:\/\/beststringer.com\/fr\/benefits-bsw-certification\/#Economies_potentielles\" >\u00c9conomies potentielles<\/a><\/li><li class='ez-toc-page-1 ez-toc-heading-level-3'><a class=\"ez-toc-link ez-toc-heading-4\" href=\"https:\/\/beststringer.com\/fr\/benefits-bsw-certification\/#Reconnaissance_internationale\" >Reconnaissance internationale<\/a><\/li><li class='ez-toc-page-1 ez-toc-heading-level-3'><a class=\"ez-toc-link ez-toc-heading-5\" href=\"https:\/\/beststringer.com\/fr\/benefits-bsw-certification\/#Pour_les_joueurs_et_les_organisations_sportives\" >Pour les joueurs et les organisations sportives<\/a><\/li><li class='ez-toc-page-1 ez-toc-heading-level-3'><a class=\"ez-toc-link ez-toc-heading-6\" href=\"https:\/\/beststringer.com\/fr\/benefits-bsw-certification\/#Pour_lindustrie_des_sports_de_raquette\" >Pour l&rsquo;industrie des sports de raquette<\/a><\/li><li class='ez-toc-page-1 ez-toc-heading-level-3'><a class=\"ez-toc-link ez-toc-heading-7\" href=\"https:\/\/beststringer.com\/fr\/benefits-bsw-certification\/#Flexibilite\" >Flexibilit\u00e9<\/a><\/li><li class='ez-toc-page-1 ez-toc-heading-level-3'><a class=\"ez-toc-link ez-toc-heading-8\" href=\"https:\/\/beststringer.com\/fr\/benefits-bsw-certification\/#Avantages_de_la_certification_de_cordeur_BSW\" >Avantages de la certification de cordeur BSW<\/a><\/li><li class='ez-toc-page-1 ez-toc-heading-level-3'><a class=\"ez-toc-link ez-toc-heading-9\" href=\"https:\/\/beststringer.com\/fr\/benefits-bsw-certification\/#Certification_de_cordage_BSW\" >Certification de cordage BSW<\/a><\/li><\/ul><\/nav><\/div>\n\n\n\n\n<h3 class=\"gb-headline gb-headline-e5c79f72 gb-headline-text\"><span class=\"ez-toc-section\" id=\"Pour_les_cordeurs\"><\/span><strong>Pour les <mark style=\"background-color:rgba(0, 0, 0, 0)\" class=\"has-inline-color has-global-color-9-color\">cordeurs<\/mark><\/strong><span class=\"ez-toc-section-end\"><\/span><\/h3>\n\n\n\n<p class=\"gb-headline gb-headline-7d760a3f gb-headline-text\">La certification BSW confirme la qualit\u00e9 de vos services de cordage. Cela aide \u00e0 \u00e9tablir la confiance avec les joueurs et \u00e0 montrer vos comp\u00e9tences aux clients potentiels.<\/p>\n\n<\/div>\n<\/div>\n\n<div class=\"gb-container gb-container-8072e76b\">\n<div class=\"gb-container gb-container-eabf3753\">\n\n<h3 class=\"gb-headline gb-headline-0ad93116 gb-headline-text\"><span class=\"ez-toc-section\" id=\"Assurance_qualite\"><\/span><strong>Assurance <mark style=\"background-color:rgba(0, 0, 0, 0)\" class=\"has-inline-color has-global-color-9-color\">qualit\u00e9<\/mark><\/strong><span class=\"ez-toc-section-end\"><\/span><\/h3>\n\n\n\n<p class=\"gb-headline gb-headline-0e4cbc73 gb-headline-text\">Les joueurs savent \u00e0 quoi s&rsquo;attendre en choisissant un cordeur certifi\u00e9 BSW. Les cordeurs certifi\u00e9s ont r\u00e9ussi des tests bas\u00e9s sur des normes internationales. Cela garantit aux joueurs un service de qualit\u00e9 qui r\u00e9pond \u00e0 leurs besoins.<\/p>\n\n<\/div>\n<\/div>\n\n<div class=\"gb-container gb-container-90ecf704\">\n<div class=\"gb-container gb-container-5939e332\">\n\n<h3 class=\"gb-headline gb-headline-fd44004c gb-headline-text\"><span class=\"ez-toc-section\" id=\"Economies_potentielles\"><\/span><strong>\u00c9conomies <mark style=\"background-color:rgba(0, 0, 0, 0)\" class=\"has-inline-color has-global-color-9-color\">potentielles<\/mark><\/strong><span class=\"ez-toc-section-end\"><\/span><\/h3>\n\n\n\n<p class=\"gb-headline gb-headline-053891c0 gb-headline-text\">La certification peut aider \u00e0 r\u00e9duire :<br>1. Les cordages r\u00e9p\u00e9t\u00e9s en raison d&rsquo;une technique incorrecte<br>2. Les joueurs m\u00e9contents<br>3. Les dommages \u00e0 votre r\u00e9putation<\/p>\n\n<\/div>\n<\/div>\n\n<div class=\"gb-container gb-container-8a50ef37\">\n<div class=\"gb-container gb-container-5c1bafc8\">\n\n<h3 class=\"gb-headline gb-headline-1f4c776e gb-headline-text\"><span class=\"ez-toc-section\" id=\"Reconnaissance_internationale\"><\/span><strong>Reconnaissance <mark style=\"background-color:rgba(0, 0, 0, 0)\" class=\"has-inline-color has-global-color-9-color\">internationale<\/mark><\/strong><span class=\"ez-toc-section-end\"><\/span><\/h3>\n\n\n\n<p class=\"gb-headline gb-headline-242fa714 gb-headline-text\">BSW collabore avec diff\u00e9rents groupes sportifs. Cela signifie que les cordeurs certifi\u00e9s BSW peuvent \u00eatre reconnus dans plus de pays. \u00catre certifi\u00e9 BSW pourrait ouvrir des opportunit\u00e9s de travail dans le monde entier.<\/p>\n\n<\/div>\n<\/div>\n\n<div class=\"gb-container gb-container-0787b207\">\n<div class=\"gb-container gb-container-eed18cdf\">\n\n<h3 class=\"gb-headline gb-headline-59f1817a gb-headline-text\"><span class=\"ez-toc-section\" id=\"Pour_les_joueurs_et_les_organisations_sportives\"><\/span><strong>Pour les <mark style=\"background-color:rgba(0, 0, 0, 0)\" class=\"has-inline-color has-global-color-9-color\">joueurs<\/mark> et les <mark style=\"background-color:rgba(0, 0, 0, 0)\" class=\"has-inline-color has-global-color-9-color\">organisations sportives<\/mark><\/strong><span class=\"ez-toc-section-end\"><\/span><\/h3>\n\n\n\n<p class=\"gb-headline gb-headline-cfca2887 gb-headline-text\"><strong>Confiance accrue :<\/strong><br>La certification BSW d\u00e9montre les comp\u00e9tences d&rsquo;un cordeur. Cela aide les joueurs \u00e0 faire confiance au service de cordage, ce qui est essentiel pour la performance de leur raquette. Elle t\u00e9moigne \u00e9galement d&rsquo;un engagement envers un entretien de qualit\u00e9 de l&rsquo;\u00e9quipement et la satisfaction du joueur.<\/p>\n\n<\/div>\n<\/div>\n\n<div class=\"gb-container gb-container-5cce018f\">\n<div class=\"gb-container gb-container-71c468d8\">\n\n<h3 class=\"gb-headline gb-headline-322e667e gb-headline-text\"><span class=\"ez-toc-section\" id=\"Pour_lindustrie_des_sports_de_raquette\"><\/span><strong>Pour l&rsquo;industrie des <mark style=\"background-color:rgba(0, 0, 0, 0)\" class=\"has-inline-color has-global-color-9-color\">sports de raquette<\/mark><\/strong><span class=\"ez-toc-section-end\"><\/span><\/h3>\n\n\n\n<p class=\"gb-headline gb-headline-547ac4a2 gb-headline-text\">La certification BSW contribue \u00e0 am\u00e9liorer l&rsquo;ensemble des services de cordage. Le processus de certification montre aux cordeurs o\u00f9 ils peuvent s&rsquo;am\u00e9liorer, les aidant \u00e0 approfondir leurs connaissances. Il encourage \u00e9galement une concurrence saine et aide \u00e0 rehausser la qualit\u00e9 des services de cordage dans toute l&rsquo;industrie.<\/p>\n\n<\/div>\n<\/div>\n\n<div class=\"gb-container gb-container-79c3d10c\">\n<div class=\"gb-container gb-container-6cec1a21\">\n\n<h3 class=\"gb-headline gb-headline-31ecb21f gb-headline-text\"><span class=\"ez-toc-section\" id=\"Flexibilite\"><\/span><strong>Flexibilit\u00e9<\/strong><span class=\"ez-toc-section-end\"><\/span><\/h3>\n\n\n\n<p class=\"gb-headline gb-headline-dee6187b gb-headline-text\">Les joueurs et les organisations peuvent d\u00e9finir leurs besoins et compter sur les cordeurs certifi\u00e9s BSW pour fournir un service de qualit\u00e9.<br><br><\/p>\n\n\n\n<figure class=\"gb-block-image gb-block-image-ed37640b\"><img loading=\"lazy\" decoding=\"async\" width=\"1043\" height=\"721\" class=\"gb-image gb-image-ed37640b\" src=\"https:\/\/beststringer.com\/wp-content\/uploads\/2024\/10\/Benefits-of-BSW-Certification-Stringer-Racquet-Stringing-Certification.png\" alt=\"Avantages de la certification de cordeur BSW en {{COUNTRY_LOCAL}} {{CITY_LOCAL}}\" title=\"Avantages de la certification de cordage de raquette BSW en {{COUNTRY_LOCAL}}\" srcset=\"https:\/\/beststringer.com\/wp-content\/uploads\/2024\/10\/Benefits-of-BSW-Certification-Stringer-Racquet-Stringing-Certification.png 1043w, https:\/\/beststringer.com\/wp-content\/uploads\/2024\/10\/Benefits-of-BSW-Certification-Stringer-Racquet-Stringing-Certification-300x207.png 300w, https:\/\/beststringer.com\/wp-content\/uploads\/2024\/10\/Benefits-of-BSW-Certification-Stringer-Racquet-Stringing-Certification-1024x708.png 1024w, https:\/\/beststringer.com\/wp-content\/uploads\/2024\/10\/Benefits-of-BSW-Certification-Stringer-Racquet-Stringing-Certification-768x531.png 768w\" sizes=\"auto, (max-width: 1043px) 100vw, 1043px\" \/><\/figure>\n\n<\/div>\n<\/div>\n<\/div>\n\n<section class=\"gb-container gb-container-21e3c652\">\n<div class=\"gb-container gb-container-11344779\">\n\n<h3 class=\"gb-headline gb-headline-39f4cce2 gb-headline-text\"><span class=\"ez-toc-section\" id=\"Avantages_de_la_certification_de_cordeur_BSW\"><\/span>Avantages de la certification de cordeur BSW<span class=\"ez-toc-section-end\"><\/span><\/h3>\n\n\n\n<p class=\"gb-headline gb-headline-c6c5990e gb-headline-text\">Cette vid\u00e9o pr\u00e9sente les avantages de la certification de cordeur BSW pour les sports de raquette. D\u00e9couvrez comment la certification aide les cordeurs \u00e0 am\u00e9liorer leurs comp\u00e9tences et \u00e0 \u00e9tablir la confiance avec les joueurs. Nous expliquons comment les cordeurs certifi\u00e9s d\u00e9montrent leurs capacit\u00e9s techniques, leur connaissance de la technologie des raquettes et leur compr\u00e9hension des besoins des joueurs. La vid\u00e9o aborde \u00e9galement la mani\u00e8re dont la certification promeut des normes professionnelles et l&rsquo;apprentissage continu dans l&rsquo;industrie.<\/p>\n\n\n<div class=\"gb-container gb-container-ec1a2ce6\">\n<div class=\"gb-container gb-container-238a634b\"><\/div>\n<\/div>\n\n\n<div id=\"youtube-player\"><\/div>\n<script>\n  var videoLoaded = false;\n\n  function loadYouTubeVideo() {\n    if (videoLoaded) return;\n    videoLoaded = true;\n    var tag = document.createElement('script');\n    tag.src = \"https:\/\/www.youtube.com\/iframe_api\";\n    var firstScriptTag = document.getElementsByTagName('script')[0];\n    firstScriptTag.parentNode.insertBefore(tag, firstScriptTag);\n  }\n\n  function onYouTubeIframeAPIReady() {\n    new YT.Player('youtube-player', {\n      height: '360',\n      width: '640',\n      videoId: 'PVFRpb_r9lA', \/\/ Your video ID\n      events: {\n        'onReady': onPlayerReady\n      }\n    });\n  }\n\n  function onPlayerReady(event) {\n    \/\/ Video is ready to play\n  }\n\n  \/\/ Load the YouTube API script when the page is scrolled\n  window.addEventListener('scroll', loadYouTubeVideo, { once: true });\n\n  \/\/ Also load if the user hasn't scrolled after 3 seconds\n  setTimeout(loadYouTubeVideo, 3000);\n<\/script>\n\n<\/div>\n<\/section>\n\n<section class=\"gb-container gb-container-49b9586e\">\n<div class=\"gb-container gb-container-a2e9522c\"><\/div>\n\n<div class=\"gb-container gb-container-0e11192a\">\n\n<h3 class=\"gb-headline gb-headline-5cf408ee gb-headline-text\"><span class=\"ez-toc-section\" id=\"Certification_de_cordage_BSW\"><\/span>Certification de cordage BSW<span class=\"ez-toc-section-end\"><\/span><\/h3>\n\n\n<div class=\"gb-container gb-container-daaa2e63\">\n<div class=\"gb-container gb-container-bda621fe\"><\/div>\n\n<div class=\"gb-container gb-container-4b0ac72b\"><\/div>\n<\/div>\n\n\n<p class=\"gb-headline gb-headline-edf98545 gb-headline-text\">Apprenez les comp\u00e9tences professionnelles de cordage pour le badminton, le tennis et le squash. La certification BSW couvre les techniques appropri\u00e9es, la technologie des raquettes et l&rsquo;\u00e9valuation des besoins des joueurs.<\/p>\n\n\n\n<a class=\"gb-button gb-button-a29641e0 gb-button-text\" href=\"https:\/\/beststringer.com\/fr\/stringing-certificate\/\">D\u00e9tails de la certification<\/a>\n\n<\/div>\n<\/section>","protected":false},"excerpt":{"rendered":"<p>Pour les cordeurs La certification BSW confirme la qualit\u00e9 de vos services de cordage. Cela aide \u00e0 \u00e9tablir la confiance avec les joueurs et \u00e0 montrer vos comp\u00e9tences aux clients potentiels. Assurance qualit\u00e9 Les joueurs savent \u00e0 quoi s&rsquo;attendre en choisissant un cordeur certifi\u00e9 BSW. Les cordeurs certifi\u00e9s ont r\u00e9ussi des tests bas\u00e9s sur des &#8230; <a title=\"Avantages de la Certification BSW Stringer pour le Cordage de Raquette\" class=\"read-more\" href=\"https:\/\/beststringer.com\/fr\/benefits-bsw-certification\/\" aria-label=\"En savoir plus sur Avantages de la Certification BSW Stringer pour le Cordage de Raquette\">Lire plus<\/a><\/p>\n","protected":false},"author":1,"featured_media":38760,"parent":0,"menu_order":0,"comment_status":"closed","ping_status":"closed","template":"","meta":{"footnotes":""},"class_list":{"0":"post-38759","1":"page","2":"type-page","3":"status-publish","4":"has-post-thumbnail","6":"infinite-scroll-item"},"_links":{"self":[{"href":"https:\/\/beststringer.com\/fr\/wp-json\/wp\/v2\/pages\/38759","targetHints":{"allow":["GET"]}}],"collection":[{"href":"https:\/\/beststringer.com\/fr\/wp-json\/wp\/v2\/pages"}],"about":[{"href":"https:\/\/beststringer.com\/fr\/wp-json\/wp\/v2\/types\/page"}],"author":[{"embeddable":true,"href":"https:\/\/beststringer.com\/fr\/wp-json\/wp\/v2\/users\/1"}],"replies":[{"embeddable":true,"href":"https:\/\/beststringer.com\/fr\/wp-json\/wp\/v2\/comments?post=38759"}],"version-history":[{"count":0,"href":"https:\/\/beststringer.com\/fr\/wp-json\/wp\/v2\/pages\/38759\/revisions"}],"wp:featuredmedia":[{"embeddable":true,"href":"https:\/\/beststringer.com\/fr\/wp-json\/wp\/v2\/media\/38760"}],"wp:attachment":[{"href":"https:\/\/beststringer.com\/fr\/wp-json\/wp\/v2\/media?parent=38759"}],"curies":[{"name":"wp","href":"https:\/\/api.w.org\/{rel}","templated":true}]}}