{"id":38660,"date":"2024-08-03T15:01:38","date_gmt":"2024-08-03T15:01:38","guid":{"rendered":"https:\/\/beststringer.com\/about-bsw-certification\/"},"modified":"2025-09-25T05:44:34","modified_gmt":"2025-09-25T05:44:34","slug":"about-bsw-certification","status":"publish","type":"page","link":"https:\/\/beststringer.com\/fr\/about-bsw-certification\/","title":{"rendered":"Certification BSW &#8211; Cordeur d\u2019Excellence en Cordage de Raquette"},"content":{"rendered":"<div class=\"gb-container gb-container-f66bc834\">\n\n<div class=\"gb-container gb-container-37db13f4\">\n\n<div class=\"gb-container gb-container-3021f73c\">\n\n<div id=\"ez-toc-container\" class=\"ez-toc-v2_0_82_2 ez-toc-wrap-left counter-hierarchy ez-toc-counter ez-toc-custom ez-toc-container-direction\">\n<div class=\"ez-toc-title-container\">\n<p class=\"ez-toc-title\" style=\"cursor:inherit\">Topics<\/p>\n<span class=\"ez-toc-title-toggle\"><a href=\"#\" class=\"ez-toc-pull-right ez-toc-btn ez-toc-btn-xs ez-toc-btn-default ez-toc-toggle\" aria-label=\"Toggle Table of Content\"><span class=\"ez-toc-js-icon-con\"><span class=\"\"><span class=\"eztoc-hide\" style=\"display:none;\">Toggle<\/span><span class=\"ez-toc-icon-toggle-span\"><svg style=\"fill: #ffffff;color:#ffffff\" xmlns=\"http:\/\/www.w3.org\/2000\/svg\" class=\"list-377408\" width=\"20px\" height=\"20px\" viewBox=\"0 0 24 24\" fill=\"none\"><path d=\"M6 6H4v2h2V6zm14 0H8v2h12V6zM4 11h2v2H4v-2zm16 0H8v2h12v-2zM4 16h2v2H4v-2zm16 0H8v2h12v-2z\" fill=\"currentColor\"><\/path><\/svg><svg style=\"fill: #ffffff;color:#ffffff\" class=\"arrow-unsorted-368013\" xmlns=\"http:\/\/www.w3.org\/2000\/svg\" width=\"10px\" height=\"10px\" viewBox=\"0 0 24 24\" version=\"1.2\" baseProfile=\"tiny\"><path d=\"M18.2 9.3l-6.2-6.3-6.2 6.3c-.2.2-.3.4-.3.7s.1.5.3.7c.2.2.4.3.7.3h11c.3 0 .5-.1.7-.3.2-.2.3-.5.3-.7s-.1-.5-.3-.7zM5.8 14.7l6.2 6.3 6.2-6.3c.2-.2.3-.5.3-.7s-.1-.5-.3-.7c-.2-.2-.4-.3-.7-.3h-11c-.3 0-.5.1-.7.3-.2.2-.3.5-.3.7s.1.5.3.7z\"\/><\/svg><\/span><\/span><\/span><\/a><\/span><\/div>\n<nav><ul class='ez-toc-list ez-toc-list-level-1 eztoc-toggle-hide-by-default' ><li class='ez-toc-page-1 ez-toc-heading-level-3'><a class=\"ez-toc-link ez-toc-heading-1\" href=\"https:\/\/beststringer.com\/fr\/about-bsw-certification\/#Quest-ce_que_la_certification_de_cordeur_BSW\" >Qu&rsquo;est-ce que la certification de cordeur BSW ?<\/a><\/li><li class='ez-toc-page-1 ez-toc-heading-level-3'><a class=\"ez-toc-link ez-toc-heading-2\" href=\"https:\/\/beststringer.com\/fr\/about-bsw-certification\/#Quelles_competences_techniques_la_certification_BSW_couvre-t-elle\" >Quelles comp\u00e9tences techniques la certification BSW couvre-t-elle ?<\/a><\/li><li class='ez-toc-page-1 ez-toc-heading-level-3'><a class=\"ez-toc-link ez-toc-heading-3\" href=\"https:\/\/beststringer.com\/fr\/about-bsw-certification\/#La_certification_BSW_inclut-elle_des_connaissances_sur_la_technologie_des_raquettes\" >La certification BSW inclut-elle des connaissances sur la technologie des raquettes ?<\/a><\/li><li class='ez-toc-page-1 ez-toc-heading-level-3'><a class=\"ez-toc-link ez-toc-heading-4\" href=\"https:\/\/beststringer.com\/fr\/about-bsw-certification\/#Comment_la_certification_BSW_repond-elle_aux_besoins_des_joueurs\" >Comment la certification BSW r\u00e9pond-elle aux besoins des joueurs ?<\/a><\/li><li class='ez-toc-page-1 ez-toc-heading-level-3'><a class=\"ez-toc-link ez-toc-heading-5\" href=\"https:\/\/beststringer.com\/fr\/about-bsw-certification\/#La_certification_BSW_couvre-t-elle_les_pratiques_commerciales\" >La certification BSW couvre-t-elle les pratiques commerciales ?<\/a><\/li><li class='ez-toc-page-1 ez-toc-heading-level-3'><a class=\"ez-toc-link ez-toc-heading-6\" href=\"https:\/\/beststringer.com\/fr\/about-bsw-certification\/#La_formation_continue_fait-elle_partie_de_la_certification_BSW\" >La formation continue fait-elle partie de la certification BSW ?<\/a><\/li><li class='ez-toc-page-1 ez-toc-heading-level-3'><a class=\"ez-toc-link ez-toc-heading-7\" href=\"https:\/\/beststringer.com\/fr\/about-bsw-certification\/#Comprendre_la_certification_de_cordeur_BSW\" >Comprendre la certification de cordeur BSW<\/a><\/li><li class='ez-toc-page-1 ez-toc-heading-level-3'><a class=\"ez-toc-link ez-toc-heading-8\" href=\"https:\/\/beststringer.com\/fr\/about-bsw-certification\/#Processus_de_certification_BSW\" >Processus de certification BSW<\/a><\/li><\/ul><\/nav><\/div>\n\n\n\n\n\n<h3 class=\"gb-headline gb-headline-e5c79f72 gb-headline-text\"><span class=\"ez-toc-section\" id=\"Quest-ce_que_la_certification_de_cordeur_BSW\"><\/span><strong>Qu&rsquo;est-ce que la <mark style=\"background-color:rgba(0, 0, 0, 0)\" class=\"has-inline-color has-global-color-9-color\">certification de cordeur BSW ?<\/mark><\/strong><span class=\"ez-toc-section-end\"><\/span><\/h3>\n\n\n\n\n<p class=\"gb-headline gb-headline-7d760a3f gb-headline-text\">La certification BSW renforce la cr\u00e9dibilit\u00e9 des services de cordage de raquettes de badminton, de tennis et de squash en offrant une assurance fiable et ind\u00e9pendante que ces services sont effectu\u00e9s de mani\u00e8re professionnelle et respectent des normes reconnues mondialement. Les cordeurs certifi\u00e9s sont \u00e9valu\u00e9s selon des standards industriels complets d\u00e9velopp\u00e9s par BSW. Cela garantit la comp\u00e9tence, l&rsquo;impartialit\u00e9 et la performance de leurs services de cordage pour ces sports de raquette.<\/p>\n\n<\/div>\n<\/div>\n\n<div class=\"gb-container gb-container-8072e76b\">\n\n<div class=\"gb-container gb-container-eabf3753\">\n\n\n\n<h3 class=\"gb-headline gb-headline-0ad93116 gb-headline-text\"><span class=\"ez-toc-section\" id=\"Quelles_competences_techniques_la_certification_BSW_couvre-t-elle\"><\/span><strong>Quelles <mark style=\"background-color:rgba(0, 0, 0, 0)\" class=\"has-inline-color has-global-color-9-color\">comp\u00e9tences techniques<\/mark> la certification BSW couvre-t-elle ?<\/strong><span class=\"ez-toc-section-end\"><\/span><\/h3>\n\n\n\n\n<p class=\"gb-headline gb-headline-0e4cbc73 gb-headline-text\">La certification BSW couvre les comp\u00e9tences techniques de cordage pour les raquettes de badminton, de tennis et de squash.<\/p>\n\n<\/div>\n<\/div>\n\n<div class=\"gb-container gb-container-90ecf704\">\n\n<div class=\"gb-container gb-container-5939e332\">\n\n\n\n<h3 class=\"gb-headline gb-headline-fd44004c gb-headline-text\"><span class=\"ez-toc-section\" id=\"La_certification_BSW_inclut-elle_des_connaissances_sur_la_technologie_des_raquettes\"><\/span><strong>La certification BSW inclut-elle des connaissances sur la <mark style=\"background-color:rgba(0, 0, 0, 0)\" class=\"has-inline-color has-global-color-9-color\">technologie des raquettes ?<\/mark><\/strong><span class=\"ez-toc-section-end\"><\/span><\/h3>\n\n\n\n\n<p class=\"gb-headline gb-headline-053891c0 gb-headline-text\">Oui, la certification BSW inclut la connaissance de la technologie des raquettes sp\u00e9cifique au badminton, au tennis et au squash.<\/p>\n\n<\/div>\n<\/div>\n\n<div class=\"gb-container gb-container-dcf6e123\">\n\n<div class=\"gb-container gb-container-0a32c8df\">\n\n\n\n<h3 class=\"gb-headline gb-headline-3402a474 gb-headline-text\"><span class=\"ez-toc-section\" id=\"Comment_la_certification_BSW_repond-elle_aux_besoins_des_joueurs\"><\/span><strong>Comment la certification BSW r\u00e9pond-elle aux <mark style=\"background-color:rgba(0, 0, 0, 0)\" class=\"has-inline-color has-global-color-9-color\">besoins des joueurs ?<\/mark><\/strong><span class=\"ez-toc-section-end\"><\/span><\/h3>\n\n\n\n\n<p class=\"gb-headline gb-headline-b2d473bc gb-headline-text\">La certification BSW garantit la compr\u00e9hension des besoins des joueurs dans les diff\u00e9rents sports de raquette.<\/p>\n\n<\/div>\n<\/div>\n\n<div class=\"gb-container gb-container-8ac5ebbf\">\n\n<div class=\"gb-container gb-container-5f1551dd\">\n\n\n\n<h3 class=\"gb-headline gb-headline-2062a1ca gb-headline-text\"><span class=\"ez-toc-section\" id=\"La_certification_BSW_couvre-t-elle_les_pratiques_commerciales\"><\/span><strong>La certification BSW couvre-t-elle les <mark style=\"background-color:rgba(0, 0, 0, 0)\" class=\"has-inline-color has-global-color-9-color\">pratiques commerciales ?<\/mark><\/strong><span class=\"ez-toc-section-end\"><\/span><\/h3>\n\n\n\n\n<p class=\"gb-headline gb-headline-0020ca67 gb-headline-text\">Oui, la certification BSW inclut des pratiques commerciales \u00e9thiques dans son programme.<\/p>\n\n<\/div>\n<\/div>\n\n<div class=\"gb-container gb-container-f2403813\">\n\n<div class=\"gb-container gb-container-7d2783cc\">\n\n\n\n<h3 class=\"gb-headline gb-headline-999574a7 gb-headline-text\"><span class=\"ez-toc-section\" id=\"La_formation_continue_fait-elle_partie_de_la_certification_BSW\"><\/span><strong>La <mark style=\"background-color:rgba(0, 0, 0, 0)\" class=\"has-inline-color has-global-color-9-color\">formation continue<\/mark> fait-elle partie de la certification BSW ?<\/strong><span class=\"ez-toc-section-end\"><\/span><\/h3>\n\n\n\n\n<p class=\"gb-headline gb-headline-505dd667 gb-headline-text\">Absolument. La certification BSW met l&rsquo;accent sur le d\u00e9veloppement professionnel continu pour les cordeurs certifi\u00e9s.<\/p>\n\n<\/div>\n<\/div>\n\n\n\n<figure class=\"gb-block-image gb-block-image-7091db9d\"><img loading=\"lazy\" decoding=\"async\" width=\"898\" height=\"536\" class=\"gb-image gb-image-7091db9d\" src=\"https:\/\/beststringer.com\/wp-content\/uploads\/2024\/10\/BSW-Certification-Stringer-Racquet-Stringing.png\" alt=\"Certification cordeur BSW, service de cordage de raquettes \u00e0 {{CITY_LOCAL}}\" title=\"Certification BSW pour cordeur de raquette \u00e0 {{CITY_LOCAL}}\" srcset=\"https:\/\/beststringer.com\/wp-content\/uploads\/2024\/10\/BSW-Certification-Stringer-Racquet-Stringing.png 898w, https:\/\/beststringer.com\/wp-content\/uploads\/2024\/10\/BSW-Certification-Stringer-Racquet-Stringing-300x179.png 300w, https:\/\/beststringer.com\/wp-content\/uploads\/2024\/10\/BSW-Certification-Stringer-Racquet-Stringing-768x458.png 768w\" sizes=\"auto, (max-width: 898px) 100vw, 898px\" \/><\/figure>\n\n<\/div>\n\n<section class=\"gb-container gb-container-21e3c652\">\n\n<div class=\"gb-container gb-container-11344779\">\n\n\n\n<h3 class=\"gb-headline gb-headline-39f4cce2 gb-headline-text\"><span class=\"ez-toc-section\" id=\"Comprendre_la_certification_de_cordeur_BSW\"><\/span>Comprendre la certification de cordeur BSW<span class=\"ez-toc-section-end\"><\/span><\/h3>\n\n\n\n\n<p class=\"gb-headline gb-headline-c6c5990e gb-headline-text\">Cette vid\u00e9o explique la certification de cordeur BSW pour le badminton, le tennis et le squash. D\u00e9couvrez les comp\u00e9tences que les cordeurs certifi\u00e9s doivent ma\u00eetriser, y compris les aptitudes techniques de cordage, la connaissance de la technologie des raquettes et la compr\u00e9hension des besoins des joueurs.<\/p>\n\n\n<div class=\"gb-container gb-container-ec1a2ce6\">\n\n<div class=\"gb-container gb-container-238a634b\"><\/div>\n\n<\/div>\n\n\n\n<div id=\"youtube-player\"><\/div>\n<script>\nvar videoLoaded = false;\n\n\nfunction loadYouTubeVideo() {\nif (videoLoaded) return;\nvideoLoaded = true;\nvar tag = document.createElement('script');\ntag.src = \"https:\/\/www.youtube.com\/iframe_api\";\nvar firstScriptTag = document.getElementsByTagName('script')[0];\nfirstScriptTag.parentNode.insertBefore(tag, firstScriptTag);\n}\n\nfunction onYouTubeIframeAPIReady() {\nnew YT.Player('youtube-player', {\nheight: '360',\nwidth: '640',\nvideoId: '4CKR-Ghjfes', \/\/ Your video ID\nevents: {\n'onReady': onPlayerReady\n}\n});\n}\n\nfunction onPlayerReady(event) {\n\/\/ Video is ready to play\n}\n\n\/\/ Load the YouTube API script when the page is scrolled\nwindow.addEventListener('scroll', loadYouTubeVideo, { once: true });\n\n\/\/ Also load if the user hasn't scrolled after 3 seconds\nsetTimeout(loadYouTubeVideo, 3000);\n<\/script>\n\n\n\n<\/div>\n\n<\/section>\n\n<section class=\"gb-container gb-container-49b9586e\">\n\n<div class=\"gb-container gb-container-a2e9522c\"><\/div>\n\n<div class=\"gb-container gb-container-0e11192a\">\n\n\n\n<h3 class=\"gb-headline gb-headline-5cf408ee gb-headline-text\"><span class=\"ez-toc-section\" id=\"Processus_de_certification_BSW\"><\/span>Processus de certification BSW<span class=\"ez-toc-section-end\"><\/span><\/h3>\n\n\n<div class=\"gb-container gb-container-daaa2e63\">\n\n<div class=\"gb-container gb-container-bda621fe\"><\/div>\n\n<div class=\"gb-container gb-container-4b0ac72b\"><\/div>\n\n<\/div>\n\n\n\n<p class=\"gb-headline gb-headline-edf98545 gb-headline-text\">Gr\u00e2ce \u00e0 une \u00e9valuation rigoureuse et une recertification r\u00e9guli\u00e8re, BSW s&rsquo;assure que les cordeurs certifi\u00e9s maintiennent les standards les plus \u00e9lev\u00e9s de l&rsquo;industrie, au profit des joueurs et de la communaut\u00e9 des sports de raquette dans son ensemble.<\/p>\n\n\n\n\n\n<a class=\"gb-button gb-button-a29641e0 gb-button-text\" href=\"https:\/\/beststringer.com\/fr\/stringing-certificate\/\">EN SAVOIR PLUS<\/a>\n\n\n\n<\/div>\n\n<\/section>\n","protected":false},"excerpt":{"rendered":"<p>Qu&rsquo;est-ce que la certification de cordeur BSW ? La certification BSW renforce la cr\u00e9dibilit\u00e9 des services de cordage de raquettes de badminton, de tennis et de squash en offrant une assurance fiable et ind\u00e9pendante que ces services sont effectu\u00e9s de mani\u00e8re professionnelle et respectent des normes reconnues mondialement. Les cordeurs certifi\u00e9s sont \u00e9valu\u00e9s selon des &#8230; <a title=\"Certification BSW &#8211; Cordeur d\u2019Excellence en Cordage de Raquette\" class=\"read-more\" href=\"https:\/\/beststringer.com\/fr\/about-bsw-certification\/\" aria-label=\"En savoir plus sur Certification BSW &#8211; Cordeur d\u2019Excellence en Cordage de Raquette\">Lire plus<\/a><\/p>\n","protected":false},"author":1,"featured_media":0,"parent":0,"menu_order":0,"comment_status":"closed","ping_status":"closed","template":"","meta":{"footnotes":""},"class_list":{"0":"post-38660","1":"page","2":"type-page","3":"status-publish","5":"infinite-scroll-item"},"_links":{"self":[{"href":"https:\/\/beststringer.com\/fr\/wp-json\/wp\/v2\/pages\/38660","targetHints":{"allow":["GET"]}}],"collection":[{"href":"https:\/\/beststringer.com\/fr\/wp-json\/wp\/v2\/pages"}],"about":[{"href":"https:\/\/beststringer.com\/fr\/wp-json\/wp\/v2\/types\/page"}],"author":[{"embeddable":true,"href":"https:\/\/beststringer.com\/fr\/wp-json\/wp\/v2\/users\/1"}],"replies":[{"embeddable":true,"href":"https:\/\/beststringer.com\/fr\/wp-json\/wp\/v2\/comments?post=38660"}],"version-history":[{"count":0,"href":"https:\/\/beststringer.com\/fr\/wp-json\/wp\/v2\/pages\/38660\/revisions"}],"wp:attachment":[{"href":"https:\/\/beststringer.com\/fr\/wp-json\/wp\/v2\/media?parent=38660"}],"curies":[{"name":"wp","href":"https:\/\/api.w.org\/{rel}","templated":true}]}}