{"id":38561,"date":"2024-08-01T13:14:36","date_gmt":"2024-08-01T13:14:36","guid":{"rendered":"https:\/\/beststringer.com\/certification-integrity\/"},"modified":"2025-09-25T05:45:38","modified_gmt":"2025-09-25T05:45:38","slug":"certification-integrity","status":"publish","type":"page","link":"https:\/\/beststringer.com\/fr\/certification-integrity\/","title":{"rendered":"Certification BSW &#8211; Garantir des Services de Cordage de Raquette de Qualit\u00e9"},"content":{"rendered":"<div class=\"gb-container gb-container-f66bc834\">\n\n<div class=\"gb-container gb-container-3423e27e\">\n\n<div class=\"gb-container gb-container-4ea2fbf1\">\n\n<div id=\"ez-toc-container\" class=\"ez-toc-v2_0_82_2 ez-toc-wrap-left counter-hierarchy ez-toc-counter ez-toc-custom ez-toc-container-direction\">\n<div class=\"ez-toc-title-container\">\n<p class=\"ez-toc-title\" style=\"cursor:inherit\">Topics<\/p>\n<span class=\"ez-toc-title-toggle\"><a href=\"#\" class=\"ez-toc-pull-right ez-toc-btn ez-toc-btn-xs ez-toc-btn-default ez-toc-toggle\" aria-label=\"Toggle Table of Content\"><span class=\"ez-toc-js-icon-con\"><span class=\"\"><span class=\"eztoc-hide\" style=\"display:none;\">Toggle<\/span><span class=\"ez-toc-icon-toggle-span\"><svg style=\"fill: #ffffff;color:#ffffff\" xmlns=\"http:\/\/www.w3.org\/2000\/svg\" class=\"list-377408\" width=\"20px\" height=\"20px\" viewBox=\"0 0 24 24\" fill=\"none\"><path d=\"M6 6H4v2h2V6zm14 0H8v2h12V6zM4 11h2v2H4v-2zm16 0H8v2h12v-2zM4 16h2v2H4v-2zm16 0H8v2h12v-2z\" fill=\"currentColor\"><\/path><\/svg><svg style=\"fill: #ffffff;color:#ffffff\" class=\"arrow-unsorted-368013\" xmlns=\"http:\/\/www.w3.org\/2000\/svg\" width=\"10px\" height=\"10px\" viewBox=\"0 0 24 24\" version=\"1.2\" baseProfile=\"tiny\"><path d=\"M18.2 9.3l-6.2-6.3-6.2 6.3c-.2.2-.3.4-.3.7s.1.5.3.7c.2.2.4.3.7.3h11c.3 0 .5-.1.7-.3.2-.2.3-.5.3-.7s-.1-.5-.3-.7zM5.8 14.7l6.2 6.3 6.2-6.3c.2-.2.3-.5.3-.7s-.1-.5-.3-.7c-.2-.2-.4-.3-.7-.3h-11c-.3 0-.5.1-.7.3-.2.2-.3.5-.3.7s.1.5.3.7z\"\/><\/svg><\/span><\/span><\/span><\/a><\/span><\/div>\n<nav><ul class='ez-toc-list ez-toc-list-level-1 eztoc-toggle-hide-by-default' ><li class='ez-toc-page-1 ez-toc-heading-level-2'><a class=\"ez-toc-link ez-toc-heading-1\" href=\"https:\/\/beststringer.com\/fr\/certification-integrity\/#Proteger_les_joueurs_et_maintenir_lexcellence_des_cordeurs\" >Prot\u00e9ger les joueurs et maintenir l&rsquo;excellence des cordeurs<\/a><ul class='ez-toc-list-level-3' ><li class='ez-toc-heading-level-3'><a class=\"ez-toc-link ez-toc-heading-2\" href=\"https:\/\/beststringer.com\/fr\/certification-integrity\/#1_Amelioration_continue_et_recertification\" >1. Am\u00e9lioration continue et recertification<\/a><\/li><li class='ez-toc-page-1 ez-toc-heading-level-3'><a class=\"ez-toc-link ez-toc-heading-3\" href=\"https:\/\/beststringer.com\/fr\/certification-integrity\/#2_Mesures_de_protection_des_joueurs\" >2. Mesures de protection des joueurs<\/a><\/li><li class='ez-toc-page-1 ez-toc-heading-level-3'><a class=\"ez-toc-link ez-toc-heading-4\" href=\"https:\/\/beststringer.com\/fr\/certification-integrity\/#21_Signaler_un_manquement\" >2.1 Signaler un manquement<\/a><\/li><li class='ez-toc-page-1 ez-toc-heading-level-3'><a class=\"ez-toc-link ez-toc-heading-5\" href=\"https:\/\/beststringer.com\/fr\/certification-integrity\/#22_Processus_denquete\" >2.2 Processus d&rsquo;enqu\u00eate<\/a><\/li><li class='ez-toc-page-1 ez-toc-heading-level-3'><a class=\"ez-toc-link ez-toc-heading-6\" href=\"https:\/\/beststringer.com\/fr\/certification-integrity\/#23_Mesures_disciplinaires\" >2.3 Mesures disciplinaires<\/a><\/li><li class='ez-toc-page-1 ez-toc-heading-level-3'><a class=\"ez-toc-link ez-toc-heading-7\" href=\"https:\/\/beststringer.com\/fr\/certification-integrity\/#3_Engagement_envers_lexcellence\" >3. Engagement envers l&rsquo;excellence<\/a><\/li><li class='ez-toc-page-1 ez-toc-heading-level-3'><a class=\"ez-toc-link ez-toc-heading-8\" href=\"https:\/\/beststringer.com\/fr\/certification-integrity\/#Integrite_de_la_certification_BSW\" >Int\u00e9grit\u00e9 de la certification BSW<\/a><\/li><li class='ez-toc-page-1 ez-toc-heading-level-3'><a class=\"ez-toc-link ez-toc-heading-9\" href=\"https:\/\/beststringer.com\/fr\/certification-integrity\/#Rejoignez_la_communaute_BSW\" >Rejoignez la communaut\u00e9 BSW<\/a><\/li><\/ul><\/li><\/ul><\/nav><\/div>\n\n\n\n\n\n<h2 class=\"gb-headline gb-headline-79589317 gb-headline-text\"><span class=\"ez-toc-section\" id=\"Proteger_les_joueurs_et_maintenir_lexcellence_des_cordeurs\"><\/span>Prot\u00e9ger les joueurs et maintenir <mark style=\"background-color:rgba(0, 0, 0, 0)\" class=\"has-inline-color has-global-color-9-color\">l&rsquo;excellence des cordeurs<\/mark><span class=\"ez-toc-section-end\"><\/span><\/h2>\n\n\n\n\n<p class=\"gb-headline gb-headline-d07d49cf gb-headline-text\">BSW garantit des services de cordage de haute qualit\u00e9 gr\u00e2ce \u00e0 des normes de certification rigoureuses et un code de conduite strict. Nous prot\u00e9geons les int\u00e9r\u00eats des joueurs et maintenons l&rsquo;excellence des cordeurs par une recertification r\u00e9guli\u00e8re, un syst\u00e8me de signalement confidentiel et des enqu\u00eates approfondies sur tout probl\u00e8me signal\u00e9.<\/p>\n\n<\/div>\n<\/div>\n\n<div class=\"gb-container gb-container-37db13f4\">\n\n<div class=\"gb-container gb-container-3021f73c\">\n\n\n\n<h3 class=\"gb-headline gb-headline-e5c79f72 gb-headline-text\"><span class=\"ez-toc-section\" id=\"1_Amelioration_continue_et_recertification\"><\/span>1. <strong>Am\u00e9lioration continue et <mark style=\"background-color:rgba(0, 0, 0, 0)\" class=\"has-inline-color has-global-color-9-color\">recertification<\/mark><\/strong><span class=\"ez-toc-section-end\"><\/span><\/h3>\n\n\n\n\n<p class=\"gb-headline gb-headline-7d760a3f gb-headline-text\">Chez Best Stringer Worldwide (BSW), nous nous engageons \u00e0 maintenir les normes les plus \u00e9lev\u00e9es en mati\u00e8re de cordage de raquette. Pour garantir que nos cordeurs certifi\u00e9s restent \u00e0 la pointe des \u00e9volutions du secteur :<\/p>\n\n\n\n\n<p>Tous les cordeurs certifi\u00e9s BSW doivent se soumettre \u00e0 une recertification annuelle. Cette recertification comprend des \u00e9valuations sur :<br><strong>1.1<\/strong> Les derni\u00e8res technologies des sports de raquette<br><strong>1.2<\/strong> Les techniques de cordage avanc\u00e9es<br><strong>1.3<\/strong> Les comp\u00e9tences en service client<br><strong>1.4<\/strong> Les pratiques commerciales \u00e9thiques<br>Le non-respect de cette recertification entra\u00eenera la suspension du statut de certification BSW.<\/p>\n\n<\/div>\n<\/div>\n\n<div class=\"gb-container gb-container-8072e76b\">\n\n<div class=\"gb-container gb-container-eabf3753\">\n\n\n\n<h3 class=\"gb-headline gb-headline-0ad93116 gb-headline-text\"><span class=\"ez-toc-section\" id=\"2_Mesures_de_protection_des_joueurs\"><\/span><strong>2. Mesures de <mark style=\"background-color:rgba(0, 0, 0, 0)\" class=\"has-inline-color has-global-color-9-color\">protection<\/mark> des joueurs<\/strong><span class=\"ez-toc-section-end\"><\/span><\/h3>\n\n\n\n\n<p class=\"gb-headline gb-headline-0e4cbc73 gb-headline-text\">BSW prend l&rsquo;int\u00e9grit\u00e9 de sa certification tr\u00e8s au s\u00e9rieux. Nous avons mis en place des protocoles stricts pour prot\u00e9ger les joueurs qui font appel \u00e0 des cordeurs certifi\u00e9s BSW :<\/p>\n\n<\/div>\n<\/div>\n\n<div class=\"gb-container gb-container-90ecf704\">\n\n<div class=\"gb-container gb-container-5939e332\">\n\n\n\n<h3 class=\"gb-headline gb-headline-fd44004c gb-headline-text\"><span class=\"ez-toc-section\" id=\"21_Signaler_un_manquement\"><\/span><strong>2.1 Signaler un <mark style=\"background-color:rgba(0, 0, 0, 0)\" class=\"has-inline-color has-global-color-9-color\">manquement<\/mark><\/strong><span class=\"ez-toc-section-end\"><\/span><\/h3>\n\n\n\n\n<p class=\"gb-headline gb-headline-053891c0 gb-headline-text\">Les Visiteurs de site aident \u00e0 \u00e9valuer l&rsquo;environnement de travail et le service client des cordeurs certifi\u00e9s. Ce r\u00f4le implique de visiter les lieux de cordage et d&rsquo;observer comment les cordeurs certifi\u00e9s interagissent avec les clients et entretiennent leur espace de travail.<\/p>\n\n\n\n\n<p>Les joueurs qui rencontrent des probl\u00e8mes avec des cordeurs certifi\u00e9s BSW peuvent d\u00e9poser une plainte confidentielle via notre portail en ligne s\u00e9curis\u00e9. Les probl\u00e8mes pouvant \u00eatre signal\u00e9s incluent :<\/p>\n\n\n<div class=\"gb-container gb-container-86f37ad3\">\n\n\n\n<p>1. Un service client m\u00e9diocre ou un comportement non professionnel<br>2. Une qualit\u00e9 de cordage inf\u00e9rieure aux normes<br>3. Des pratiques malhonn\u00eates (par ex., fausse repr\u00e9sentation des cordages, informations erron\u00e9es)<br>4. L&rsquo;utilisation de techniques interdites (par ex., pr\u00e9-tissage, ne pas d\u00e9garnir la raquette)<\/p>\n\n<\/div>\n<\/div>\n<\/div>\n\n<div class=\"gb-container gb-container-bc7f3ef7\">\n\n<div class=\"gb-container gb-container-c402b7cb\">\n\n\n\n<h3 class=\"gb-headline gb-headline-9ac68257 gb-headline-text\"><span class=\"ez-toc-section\" id=\"22_Processus_denquete\"><\/span><strong>2.2 Processus d&rsquo;<mark style=\"background-color:rgba(0, 0, 0, 0)\" class=\"has-inline-color has-global-color-9-color\">enqu\u00eate<\/mark><\/strong><span class=\"ez-toc-section-end\"><\/span><\/h3>\n\n\n\n\n<p class=\"gb-headline gb-headline-99f4af0d gb-headline-text\">D\u00e8s r\u00e9ception d&rsquo;une plainte :<br>1. Un rapport d&rsquo;enqu\u00eate sera compil\u00e9.<br>2. BSW lancera une enqu\u00eate confidentielle.<br>3. Notre \u00e9quipe effectuera un audit inopin\u00e9 du cordeur ou de l&rsquo;\u00e9tablissement.<br>4. Un examen approfondi des pratiques du cordeur sera r\u00e9alis\u00e9.<\/p>\n\n<\/div>\n<\/div>\n\n<div class=\"gb-container gb-container-0bc9ddf8\">\n\n<div class=\"gb-container gb-container-4a1593e5\">\n\n\n\n<h3 class=\"gb-headline gb-headline-f300e849 gb-headline-text\"><span class=\"ez-toc-section\" id=\"23_Mesures_disciplinaires\"><\/span><strong>2.3 Mesures <mark style=\"background-color:rgba(0, 0, 0, 0)\" class=\"has-inline-color has-global-color-9-color\">disciplinaires<\/mark><\/strong><span class=\"ez-toc-section-end\"><\/span><\/h3>\n\n\n<div class=\"gb-container gb-container-1e94798b\">\n\n\n\n<p>Si des violations sont confirm\u00e9es, BSW pourra prendre les mesures suivantes :<br>1. R\u00e9voquer d\u00e9finitivement la certification<br>2. \u00c9mettre un avertissement<br>3. Exiger une formation suppl\u00e9mentaire<br>4. Suspendre temporairement la certification<br>5. R\u00e9voquer d\u00e9finitivement la certification<br>Toutes les mesures disciplinaires seront enregistr\u00e9es dans la base de donn\u00e9es publique de BSW.<\/p>\n\n<\/div>\n<\/div>\n<\/div>\n\n<div class=\"gb-container gb-container-8ae3b9c0\">\n\n<div class=\"gb-container gb-container-0033085e\">\n\n\n\n<h3 class=\"gb-headline gb-headline-89f46c83 gb-headline-text\"><span class=\"ez-toc-section\" id=\"3_Engagement_envers_lexcellence\"><\/span><strong>3. Engagement envers l&rsquo;<mark style=\"background-color:rgba(0, 0, 0, 0)\" class=\"has-inline-color has-global-color-9-color\">excellence<\/mark><\/strong><span class=\"ez-toc-section-end\"><\/span><\/h3>\n\n\n\n\n<p>Les normes rigoureuses et les mesures de protection de BSW garantissent que les joueurs peuvent avoir confiance en la qualit\u00e9 et l&rsquo;int\u00e9grit\u00e9 de nos <strong>cordeurs certifi\u00e9s<\/strong>. Nous nous engageons \u00e0 maintenir le plus haut niveau de professionnalisme et d&rsquo;expertise dans le secteur du cordage de raquette.<\/p>\n\n\n\n\n<p>Pour toute question ou pour signaler un probl\u00e8me, veuillez contacter notre d\u00e9partement de l&rsquo;int\u00e9grit\u00e9 \u00e0 l&rsquo;adresse <strong><a href=\"mailto:issue.beststringer@gmail.com\">issue.beststringer@gmail.com<\/a><\/strong><\/p>\n\n\n\n\n<figure class=\"gb-block-image gb-block-image-a652a1eb\"><img loading=\"lazy\" decoding=\"async\" width=\"727\" height=\"489\" class=\"gb-image gb-image-a652a1eb\" src=\"https:\/\/beststringer.com\/wp-content\/uploads\/2024\/10\/Certification-Integrity-Best-Stringer-Worldwide.png\" alt=\"Int\u00e9grit\u00e9 de la certification BSW pour cordeurs de raquette\" title=\"Int\u00e9grit\u00e9 de la certification BSW pour cordeurs de raquette\" srcset=\"https:\/\/beststringer.com\/wp-content\/uploads\/2024\/10\/Certification-Integrity-Best-Stringer-Worldwide.png 727w, https:\/\/beststringer.com\/wp-content\/uploads\/2024\/10\/Certification-Integrity-Best-Stringer-Worldwide-300x202.png 300w\" sizes=\"auto, (max-width: 727px) 100vw, 727px\" \/><\/figure>\n\n<\/div>\n<\/div>\n<\/div>\n\n<section class=\"gb-container gb-container-21e3c652\">\n\n<div class=\"gb-container gb-container-11344779\">\n\n\n\n<h3 class=\"gb-headline gb-headline-39f4cce2 gb-headline-text\"><span class=\"ez-toc-section\" id=\"Integrite_de_la_certification_BSW\"><\/span>Int\u00e9grit\u00e9 de la certification BSW<span class=\"ez-toc-section-end\"><\/span><\/h3>\n\n\n\n\n<p class=\"gb-headline gb-headline-c6c5990e gb-headline-text\">Fatigu\u00e9 de lire ? Nous avons ce qu&rsquo;il vous faut ! \u00c9coutez notre podcast pour une exploration captivante de l&rsquo;engagement de BSW envers l&rsquo;int\u00e9grit\u00e9 de sa certification. En quelques minutes seulement, vous comprendrez clairement comment nous maintenons l&rsquo;excellence dans le cordage de raquette et prot\u00e9geons les int\u00e9r\u00eats des joueurs.<\/p>\n\n\n<div class=\"gb-container gb-container-ec1a2ce6\">\n\n<div class=\"gb-container gb-container-238a634b\"><\/div>\n\n<\/div>\n\n\n\n<div id=\"youtube-player\"><\/div>\n<script>\nvar videoLoaded = false;\n\n\nfunction loadYouTubeVideo() {\nif (videoLoaded) return;\nvideoLoaded = true;\nvar tag = document.createElement('script');\ntag.src = \"https:\/\/www.youtube.com\/iframe_api\";\nvar firstScriptTag = document.getElementsByTagName('script')[0];\nfirstScriptTag.parentNode.insertBefore(tag, firstScriptTag);\n}\n\nfunction onYouTubeIframeAPIReady() {\nnew YT.Player('youtube-player', {\nheight: '360',\nwidth: '640',\nvideoId: 'u1pRyD3oepw', \/\/ Your video ID\nevents: {\n'onReady': onPlayerReady\n}\n});\n}\n\nfunction onPlayerReady(event) {\n\/\/ Video is ready to play\n}\n\n\/\/ Load the YouTube API script when the page is scrolled\nwindow.addEventListener('scroll', loadYouTubeVideo, { once: true });\n\n\/\/ Also load if the user hasn't scrolled after 3 seconds\nsetTimeout(loadYouTubeVideo, 3000);\n<\/script>\n\n\n\n<\/div>\n\n<\/section>\n\n<section class=\"gb-container gb-container-49b9586e\">\n\n<div class=\"gb-container gb-container-a2e9522c\"><\/div>\n\n<div class=\"gb-container gb-container-0e11192a\">\n\n\n\n<h3 class=\"gb-headline gb-headline-5cf408ee gb-headline-text\"><span class=\"ez-toc-section\" id=\"Rejoignez_la_communaute_BSW\"><\/span>Rejoignez la communaut\u00e9 BSW<span class=\"ez-toc-section-end\"><\/span><\/h3>\n\n\n<div class=\"gb-container gb-container-daaa2e63\">\n\n<div class=\"gb-container gb-container-bda621fe\"><\/div>\n\n<div class=\"gb-container gb-container-4b0ac72b\"><\/div>\n\n<\/div>\n\n\n\n<p class=\"gb-headline gb-headline-edf98545 gb-headline-text\">Best Stringer Worldwide invite les cordeurs et les joueurs \u00e0 rejoindre notre r\u00e9seau mondial en pleine croissance. Nous offrons des ressources compl\u00e8tes, des opportunit\u00e9s d&rsquo;apprentissage continu et une plateforme d&rsquo;\u00e9change de connaissances. Notre communaut\u00e9 met en relation les cordeurs certifi\u00e9s avec les joueurs \u00e0 la recherche de services de qualit\u00e9, favorisant ainsi la confiance et l&rsquo;excellence dans les sports de raquette \u00e0 travers le monde.<\/p>\n\n\n\n\n\n<a class=\"gb-button gb-button-a29641e0 gb-button-text\" href=\"https:\/\/beststringer.com\/collaborations-and-recognitions\/\">En savoir plus<\/a>\n\n\n\n<\/div>\n\n<\/section>\n","protected":false},"excerpt":{"rendered":"<p>Prot\u00e9ger les joueurs et maintenir l&rsquo;excellence des cordeurs BSW garantit des services de cordage de haute qualit\u00e9 gr\u00e2ce \u00e0 des normes de certification rigoureuses et un code de conduite strict. Nous prot\u00e9geons les int\u00e9r\u00eats des joueurs et maintenons l&rsquo;excellence des cordeurs par une recertification r\u00e9guli\u00e8re, un syst\u00e8me de signalement confidentiel et des enqu\u00eates approfondies sur &#8230; <a title=\"Certification BSW &#8211; Garantir des Services de Cordage de Raquette de Qualit\u00e9\" class=\"read-more\" href=\"https:\/\/beststringer.com\/fr\/certification-integrity\/\" aria-label=\"En savoir plus sur Certification BSW &#8211; Garantir des Services de Cordage de Raquette de Qualit\u00e9\">Lire plus<\/a><\/p>\n","protected":false},"author":1,"featured_media":38562,"parent":0,"menu_order":0,"comment_status":"closed","ping_status":"closed","template":"","meta":{"footnotes":""},"class_list":{"0":"post-38561","1":"page","2":"type-page","3":"status-publish","4":"has-post-thumbnail","6":"infinite-scroll-item"},"_links":{"self":[{"href":"https:\/\/beststringer.com\/fr\/wp-json\/wp\/v2\/pages\/38561","targetHints":{"allow":["GET"]}}],"collection":[{"href":"https:\/\/beststringer.com\/fr\/wp-json\/wp\/v2\/pages"}],"about":[{"href":"https:\/\/beststringer.com\/fr\/wp-json\/wp\/v2\/types\/page"}],"author":[{"embeddable":true,"href":"https:\/\/beststringer.com\/fr\/wp-json\/wp\/v2\/users\/1"}],"replies":[{"embeddable":true,"href":"https:\/\/beststringer.com\/fr\/wp-json\/wp\/v2\/comments?post=38561"}],"version-history":[{"count":0,"href":"https:\/\/beststringer.com\/fr\/wp-json\/wp\/v2\/pages\/38561\/revisions"}],"wp:featuredmedia":[{"embeddable":true,"href":"https:\/\/beststringer.com\/fr\/wp-json\/wp\/v2\/media\/38562"}],"wp:attachment":[{"href":"https:\/\/beststringer.com\/fr\/wp-json\/wp\/v2\/media?parent=38561"}],"curies":[{"name":"wp","href":"https:\/\/api.w.org\/{rel}","templated":true}]}}