{"id":38384,"date":"2024-08-05T04:02:40","date_gmt":"2024-08-05T04:02:40","guid":{"rendered":"https:\/\/beststringer.com\/bsw-certified-stringer\/"},"modified":"2025-09-25T05:49:43","modified_gmt":"2025-09-25T05:49:43","slug":"bsw-certified-stringer","status":"publish","type":"page","link":"https:\/\/beststringer.com\/fr\/bsw-certified-stringer\/","title":{"rendered":"Qu\u2019est-ce qu\u2019un Cordeur Professionnel BSW ?"},"content":{"rendered":"<div class=\"gb-container gb-container-f66bc834\">\n<div class=\"gb-container gb-container-3423e27e\">\n<div class=\"gb-container gb-container-4ea2fbf1\">\n<div id=\"ez-toc-container\" class=\"ez-toc-v2_0_82_2 ez-toc-wrap-left counter-hierarchy ez-toc-counter ez-toc-custom ez-toc-container-direction\">\n<div class=\"ez-toc-title-container\">\n<p class=\"ez-toc-title\" style=\"cursor:inherit\">Topics<\/p>\n<span class=\"ez-toc-title-toggle\"><a href=\"#\" class=\"ez-toc-pull-right ez-toc-btn ez-toc-btn-xs ez-toc-btn-default ez-toc-toggle\" aria-label=\"Toggle Table of Content\"><span class=\"ez-toc-js-icon-con\"><span class=\"\"><span class=\"eztoc-hide\" style=\"display:none;\">Toggle<\/span><span class=\"ez-toc-icon-toggle-span\"><svg style=\"fill: #ffffff;color:#ffffff\" xmlns=\"http:\/\/www.w3.org\/2000\/svg\" class=\"list-377408\" width=\"20px\" height=\"20px\" viewBox=\"0 0 24 24\" fill=\"none\"><path d=\"M6 6H4v2h2V6zm14 0H8v2h12V6zM4 11h2v2H4v-2zm16 0H8v2h12v-2zM4 16h2v2H4v-2zm16 0H8v2h12v-2z\" fill=\"currentColor\"><\/path><\/svg><svg style=\"fill: #ffffff;color:#ffffff\" class=\"arrow-unsorted-368013\" xmlns=\"http:\/\/www.w3.org\/2000\/svg\" width=\"10px\" height=\"10px\" viewBox=\"0 0 24 24\" version=\"1.2\" baseProfile=\"tiny\"><path d=\"M18.2 9.3l-6.2-6.3-6.2 6.3c-.2.2-.3.4-.3.7s.1.5.3.7c.2.2.4.3.7.3h11c.3 0 .5-.1.7-.3.2-.2.3-.5.3-.7s-.1-.5-.3-.7zM5.8 14.7l6.2 6.3 6.2-6.3c.2-.2.3-.5.3-.7s-.1-.5-.3-.7c-.2-.2-.4-.3-.7-.3h-11c-.3 0-.5.1-.7.3-.2.2-.3.5-.3.7s.1.5.3.7z\"\/><\/svg><\/span><\/span><\/span><\/a><\/span><\/div>\n<nav><ul class='ez-toc-list ez-toc-list-level-1 eztoc-toggle-hide-by-default' ><li class='ez-toc-page-1 ez-toc-heading-level-2'><a class=\"ez-toc-link ez-toc-heading-1\" href=\"https:\/\/beststringer.com\/fr\/bsw-certified-stringer\/#Quest-ce_quun_cordeur_certifie_BSW\" >Qu&rsquo;est-ce qu&rsquo;un cordeur certifi\u00e9 BSW ?<\/a><ul class='ez-toc-list-level-3' ><li class='ez-toc-heading-level-3'><a class=\"ez-toc-link ez-toc-heading-2\" href=\"https:\/\/beststringer.com\/fr\/bsw-certified-stringer\/#Aspects_cles_des_cordeurs_certifies_BSW\" >Aspects cl\u00e9s des cordeurs certifi\u00e9s BSW<\/a><\/li><li class='ez-toc-page-1 ez-toc-heading-level-3'><a class=\"ez-toc-link ez-toc-heading-3\" href=\"https:\/\/beststringer.com\/fr\/bsw-certified-stringer\/#2_Expertise_en_technologie_des_raquettes\" >2. Expertise en technologie des raquettes<\/a><\/li><li class='ez-toc-page-1 ez-toc-heading-level-3'><a class=\"ez-toc-link ez-toc-heading-4\" href=\"https:\/\/beststringer.com\/fr\/bsw-certified-stringer\/#3_Evaluation_des_besoins_du_joueur\" >3. \u00c9valuation des besoins du joueur :<\/a><\/li><li class='ez-toc-page-1 ez-toc-heading-level-3'><a class=\"ez-toc-link ez-toc-heading-5\" href=\"https:\/\/beststringer.com\/fr\/bsw-certified-stringer\/#4_Pratiques_ethiques\" >4. Pratiques \u00e9thiques<\/a><\/li><li class='ez-toc-page-1 ez-toc-heading-level-3'><a class=\"ez-toc-link ez-toc-heading-6\" href=\"https:\/\/beststringer.com\/fr\/bsw-certified-stringer\/#5_Apprentissage_continu\" >5. Apprentissage continu<\/a><\/li><li class='ez-toc-page-1 ez-toc-heading-level-3'><a class=\"ez-toc-link ez-toc-heading-7\" href=\"https:\/\/beststringer.com\/fr\/bsw-certified-stringer\/#Quest-ce_quun_cordeur_certifie_BSW-2\" >Qu&rsquo;est-ce qu&rsquo;un cordeur certifi\u00e9 BSW ?<\/a><\/li><li class='ez-toc-page-1 ez-toc-heading-level-3'><a class=\"ez-toc-link ez-toc-heading-8\" href=\"https:\/\/beststringer.com\/fr\/bsw-certified-stringer\/#Devenez_un_cordeur_certifie_BSW\" >Devenez un cordeur certifi\u00e9 BSW<\/a><\/li><\/ul><\/li><\/ul><\/nav><\/div>\n\n\n\n\n<h2 class=\"gb-headline gb-headline-79589317 gb-headline-text\"><span class=\"ez-toc-section\" id=\"Quest-ce_quun_cordeur_certifie_BSW\"><\/span>Qu&rsquo;est-ce qu&rsquo;un <mark style=\"background-color:rgba(0, 0, 0, 0)\" class=\"has-inline-color has-global-color-9-color\">cordeur certifi\u00e9<\/mark> BSW ?<span class=\"ez-toc-section-end\"><\/span><\/h2>\n\n\n\n<p class=\"gb-headline gb-headline-d07d49cf gb-headline-text\">Un cordeur certifi\u00e9 BSW est un professionnel qui a r\u00e9ussi le programme de certification Best Stringer Worldwide (BSW). Cette certification confirme que le cordeur respecte des normes internationalement reconnues en mati\u00e8re de cordage de raquettes de badminton, de tennis et de squash.<br><br>La certification BSW renforce la cr\u00e9dibilit\u00e9 des services de cordage en apportant une confirmation ind\u00e9pendante que ces services sont effectu\u00e9s de mani\u00e8re professionnelle et r\u00e9pondent aux standards mondiaux. Les cordeurs certifi\u00e9s sont \u00e9valu\u00e9s selon des crit\u00e8res complets d\u00e9velopp\u00e9s par BSW, garantissant leur comp\u00e9tence, leur impartialit\u00e9 et leur capacit\u00e9 de performance.<\/p>\n\n\n\n<figure class=\"wp-block-image size-full is-resized\"><img loading=\"lazy\" decoding=\"async\" width=\"1024\" height=\"1024\" src=\"https:\/\/beststringer.com\/wp-content\/uploads\/2025\/05\/What-is-a-BSW-Certified-Stringer.jpg\" alt=\"Cordeur certifi\u00e9 BSW : certification cordage de raquette \u00e0 {{CITY_LOCAL}}.\" class=\"wp-image-18726\" style=\"width:538px\" title=\"Cordeur certifi\u00e9 BSW : certification cordage de raquette \u00e0 {{CITY_LOCAL}}, {{COUNTRY_LOCAL}}.\" srcset=\"https:\/\/beststringer.com\/wp-content\/uploads\/2025\/05\/What-is-a-BSW-Certified-Stringer.jpg 1024w, https:\/\/beststringer.com\/wp-content\/uploads\/2025\/05\/What-is-a-BSW-Certified-Stringer-300x300.jpg 300w, https:\/\/beststringer.com\/wp-content\/uploads\/2025\/05\/What-is-a-BSW-Certified-Stringer-150x150.jpg 150w, https:\/\/beststringer.com\/wp-content\/uploads\/2025\/05\/What-is-a-BSW-Certified-Stringer-768x768.jpg 768w\" sizes=\"auto, (max-width: 1024px) 100vw, 1024px\" \/><\/figure>\n\n<\/div>\n<\/div>\n\n<div class=\"gb-container gb-container-37db13f4\">\n<div class=\"gb-container gb-container-3021f73c\">\n\n<h3 class=\"gb-headline gb-headline-e5c79f72 gb-headline-text\"><span class=\"ez-toc-section\" id=\"Aspects_cles_des_cordeurs_certifies_BSW\"><\/span><mark style=\"background-color:rgba(0, 0, 0, 0)\" class=\"has-inline-color has-global-color-9-color\">Aspects cl\u00e9s<\/mark> des cordeurs certifi\u00e9s BSW<span class=\"ez-toc-section-end\"><\/span><\/h3>\n\n\n\n<p class=\"gb-headline gb-headline-7d760a3f gb-headline-text\"><strong>1. Comp\u00e9tence technique :<\/strong> <br><strong>1.1<\/strong> Ma\u00eetrise des techniques de cordage pour les raquettes de badminton, tennis et squash<br><strong>1.2<\/strong> Compr\u00e9hension des diff\u00e9rents types de cordages et de leurs propri\u00e9t\u00e9s<br><strong>1.3<\/strong> Connaissance des r\u00e9glages de tension appropri\u00e9s pour divers styles de jeu<\/p>\n\n<\/div>\n<\/div>\n\n<div class=\"gb-container gb-container-8072e76b\">\n<div class=\"gb-container gb-container-eabf3753\">\n\n<h3 class=\"gb-headline gb-headline-0ad93116 gb-headline-text\"><span class=\"ez-toc-section\" id=\"2_Expertise_en_technologie_des_raquettes\"><\/span><strong>2. Expertise en <mark style=\"background-color:rgba(0, 0, 0, 0)\" class=\"has-inline-color has-global-color-9-color\">technologie des raquettes<\/mark><\/strong><span class=\"ez-toc-section-end\"><\/span><\/h3>\n\n\n\n<p class=\"gb-headline gb-headline-0e4cbc73 gb-headline-text\"><strong>2.1<\/strong> Familiarit\u00e9 avec les diff\u00e9rents designs et mat\u00e9riaux de raquettes<br><strong>2.2<\/strong> Compr\u00e9hension de l&rsquo;impact des caract\u00e9ristiques de la raquette sur le cordage<\/p>\n\n<\/div>\n<\/div>\n\n<div class=\"gb-container gb-container-90ecf704\">\n<div class=\"gb-container gb-container-5939e332\">\n\n<h3 class=\"gb-headline gb-headline-fd44004c gb-headline-text\"><span class=\"ez-toc-section\" id=\"3_Evaluation_des_besoins_du_joueur\"><\/span><strong>3. \u00c9valuation des <mark style=\"background-color:rgba(0, 0, 0, 0)\" class=\"has-inline-color has-global-color-9-color\">besoins du joueur<\/mark> :<\/strong><span class=\"ez-toc-section-end\"><\/span><\/h3>\n\n\n\n<p class=\"gb-headline gb-headline-053891c0 gb-headline-text\"><strong>3.1<\/strong> Capacit\u00e9 \u00e0 \u00e9valuer les exigences du joueur en fonction de son niveau et de son style de jeu<br><strong>3.2<\/strong> Comp\u00e9tence pour recommander les combinaisons de cordage et de tension appropri\u00e9es<\/p>\n\n<\/div>\n<\/div>\n\n<div class=\"gb-container gb-container-bc7f3ef7\">\n<div class=\"gb-container gb-container-c402b7cb\">\n\n<h3 class=\"gb-headline gb-headline-9ac68257 gb-headline-text\"><span class=\"ez-toc-section\" id=\"4_Pratiques_ethiques\"><\/span><strong>4. Pratiques <mark style=\"background-color:rgba(0, 0, 0, 0)\" class=\"has-inline-color has-global-color-9-color\">\u00e9thiques<\/mark><\/strong><span class=\"ez-toc-section-end\"><\/span><\/h3>\n\n\n\n<p class=\"gb-headline gb-headline-99f4af0d gb-headline-text\"><strong>4.1<\/strong> Engagement pour un service honn\u00eate et transparent<br><strong>4.2<\/strong> Respect du code de conduite de BSW<\/p>\n\n<\/div>\n<\/div>\n\n<div class=\"gb-container gb-container-0bc9ddf8\">\n<div class=\"gb-container gb-container-4a1593e5\">\n\n<h3 class=\"gb-headline gb-headline-f300e849 gb-headline-text\"><span class=\"ez-toc-section\" id=\"5_Apprentissage_continu\"><\/span><strong>5. Apprentissage <mark style=\"background-color:rgba(0, 0, 0, 0)\" class=\"has-inline-color has-global-color-9-color\">continu<\/mark><\/strong><span class=\"ez-toc-section-end\"><\/span><\/h3>\n\n\n<div class=\"gb-container gb-container-1e94798b\">\n\n<p><strong>5.1<\/strong> Mises \u00e0 jour r\u00e9guli\u00e8res sur les nouvelles technologies et techniques de cordage<br><strong>5.2<\/strong> Formation continue sur les \u00e9volutions des sports de raquette<\/p>\n\n<\/div>\n<\/div>\n<\/div>\n\n<div class=\"gb-container gb-container-8ae3b9c0\">\n<div class=\"gb-container gb-container-0033085e\">\n\n<p>Les cordeurs certifi\u00e9s BSW sont soumis \u00e0 une r\u00e9\u00e9valuation p\u00e9riodique pour maintenir leur certification, garantissant qu&rsquo;ils restent \u00e0 jour avec les normes et technologies en constante \u00e9volution dans le domaine du cordage de raquette.<\/p>\n\n\n\n<p>En choisissant un cordeur certifi\u00e9 BSW, les joueurs ont l&rsquo;assurance de recevoir des services de cordage d&rsquo;un professionnel qui a d\u00e9montr\u00e9 un haut niveau de comp\u00e9tence et de connaissance dans la pr\u00e9paration des raquettes.<br><\/p>\n\n\n\n<figure class=\"gb-block-image gb-block-image-41284c03\"><img loading=\"lazy\" decoding=\"async\" width=\"804\" height=\"698\" class=\"gb-image gb-image-41284c03\" src=\"https:\/\/beststringer.com\/wp-content\/uploads\/2025\/05\/What-is-a-BSW-Certified-Stringer-Best-Stringer-Worldwide-Stringer-Certification.png\" alt=\"Certification de cordeur BSW : programme Best Stringer Worldwide \u00e0 {{CITY_LOCAL}}.\" title=\"Certification de cordeur BSW : programme Best Stringer Worldwide \u00e0 {{CITY_LOCAL}}, {{COUNTRY_LOCAL}}.\" srcset=\"https:\/\/beststringer.com\/wp-content\/uploads\/2025\/05\/What-is-a-BSW-Certified-Stringer-Best-Stringer-Worldwide-Stringer-Certification.png 804w, https:\/\/beststringer.com\/wp-content\/uploads\/2025\/05\/What-is-a-BSW-Certified-Stringer-Best-Stringer-Worldwide-Stringer-Certification-300x260.png 300w, https:\/\/beststringer.com\/wp-content\/uploads\/2025\/05\/What-is-a-BSW-Certified-Stringer-Best-Stringer-Worldwide-Stringer-Certification-768x667.png 768w\" sizes=\"auto, (max-width: 804px) 100vw, 804px\" \/><\/figure>\n\n<\/div>\n<\/div>\n<\/div>\n\n<section class=\"gb-container gb-container-21e3c652\">\n<div class=\"gb-container gb-container-11344779\">\n\n<h3 class=\"gb-headline gb-headline-39f4cce2 gb-headline-text\"><span class=\"ez-toc-section\" id=\"Quest-ce_quun_cordeur_certifie_BSW-2\"><\/span>Qu&rsquo;est-ce qu&rsquo;un cordeur certifi\u00e9 BSW ?<span class=\"ez-toc-section-end\"><\/span><\/h3>\n\n\n\n<p class=\"gb-headline gb-headline-c6c5990e gb-headline-text\">Vous \u00eates-vous d\u00e9j\u00e0 demand\u00e9 qui se cache derri\u00e8re une raquette bien cord\u00e9e ? Cette vid\u00e9o explique ce que sont les cordeurs certifi\u00e9s BSW et leur r\u00f4le dans les sports de raquette. D\u00e9couvrez les comp\u00e9tences de ces professionnels dans la pr\u00e9paration des raquettes de tennis, de badminton et de squash.<\/p>\n\n\n<div class=\"gb-container gb-container-ec1a2ce6\">\n<div class=\"gb-container gb-container-238a634b\"><\/div>\n<\/div>\n\n\n<div id=\"youtube-player\"><\/div>\n<script>\n  var videoLoaded = false;\n\n  function loadYouTubeVideo() {\n    if (videoLoaded) return;\n    videoLoaded = true;\n    var tag = document.createElement('script');\n    tag.src = \"https:\/\/www.youtube.com\/iframe_api\";\n    var firstScriptTag = document.getElementsByTagName('script')[0];\n    firstScriptTag.parentNode.insertBefore(tag, firstScriptTag);\n  }\n\n  function onYouTubeIframeAPIReady() {\n    new YT.Player('youtube-player', {\n      height: '360',\n      width: '640',\n      videoId: 'LZsHlgh99CE', \/\/ Your video ID\n      events: {\n        'onReady': onPlayerReady\n      }\n    });\n  }\n\n  function onPlayerReady(event) {\n    \/\/ Video is ready to play\n  }\n\n  \/\/ Load the YouTube API script when the page is scrolled\n  window.addEventListener('scroll', loadYouTubeVideo, { once: true });\n\n  \/\/ Also load if the user hasn't scrolled after 3 seconds\n  setTimeout(loadYouTubeVideo, 3000);\n<\/script>\n\n<\/div>\n<\/section>\n\n<section class=\"gb-container gb-container-49b9586e\">\n<div class=\"gb-container gb-container-a2e9522c\"><\/div>\n\n<div class=\"gb-container gb-container-0e11192a\">\n\n<h3 class=\"gb-headline gb-headline-5cf408ee gb-headline-text\"><span class=\"ez-toc-section\" id=\"Devenez_un_cordeur_certifie_BSW\"><\/span>Devenez un cordeur certifi\u00e9 BSW<span class=\"ez-toc-section-end\"><\/span><\/h3>\n\n\n<div class=\"gb-container gb-container-daaa2e63\">\n<div class=\"gb-container gb-container-bda621fe\"><\/div>\n\n<div class=\"gb-container gb-container-4b0ac72b\"><\/div>\n<\/div>\n\n\n<p class=\"gb-headline gb-headline-edf98545 gb-headline-text\">Apprenez les comp\u00e9tences professionnelles du cordage pour le badminton, le tennis et le squash. Acqu\u00e9rez des connaissances en technologie des raquettes, en \u00e9valuation des besoins des joueurs et en pratiques \u00e9thiques.<\/p>\n\n\n\n<a class=\"gb-button gb-button-a29641e0 gb-button-text\" href=\"https:\/\/beststringer.com\/fr\/stringing-certificate\/\">Processus de certification<\/a>\n\n<\/div>\n<\/section>","protected":false},"excerpt":{"rendered":"<p>Qu&rsquo;est-ce qu&rsquo;un cordeur certifi\u00e9 BSW ? Un cordeur certifi\u00e9 BSW est un professionnel qui a r\u00e9ussi le programme de certification Best Stringer Worldwide (BSW). Cette certification confirme que le cordeur respecte des normes internationalement reconnues en mati\u00e8re de cordage de raquettes de badminton, de tennis et de squash. La certification BSW renforce la cr\u00e9dibilit\u00e9 des &#8230; <a title=\"Qu\u2019est-ce qu\u2019un Cordeur Professionnel BSW ?\" class=\"read-more\" href=\"https:\/\/beststringer.com\/fr\/bsw-certified-stringer\/\" aria-label=\"En savoir plus sur Qu\u2019est-ce qu\u2019un Cordeur Professionnel BSW ?\">Lire plus<\/a><\/p>\n","protected":false},"author":1,"featured_media":38386,"parent":0,"menu_order":0,"comment_status":"closed","ping_status":"closed","template":"","meta":{"footnotes":""},"class_list":{"0":"post-38384","1":"page","2":"type-page","3":"status-publish","4":"has-post-thumbnail","6":"infinite-scroll-item"},"_links":{"self":[{"href":"https:\/\/beststringer.com\/fr\/wp-json\/wp\/v2\/pages\/38384","targetHints":{"allow":["GET"]}}],"collection":[{"href":"https:\/\/beststringer.com\/fr\/wp-json\/wp\/v2\/pages"}],"about":[{"href":"https:\/\/beststringer.com\/fr\/wp-json\/wp\/v2\/types\/page"}],"author":[{"embeddable":true,"href":"https:\/\/beststringer.com\/fr\/wp-json\/wp\/v2\/users\/1"}],"replies":[{"embeddable":true,"href":"https:\/\/beststringer.com\/fr\/wp-json\/wp\/v2\/comments?post=38384"}],"version-history":[{"count":0,"href":"https:\/\/beststringer.com\/fr\/wp-json\/wp\/v2\/pages\/38384\/revisions"}],"wp:featuredmedia":[{"embeddable":true,"href":"https:\/\/beststringer.com\/fr\/wp-json\/wp\/v2\/media\/38386"}],"wp:attachment":[{"href":"https:\/\/beststringer.com\/fr\/wp-json\/wp\/v2\/media?parent=38384"}],"curies":[{"name":"wp","href":"https:\/\/api.w.org\/{rel}","templated":true}]}}