{"id":38262,"date":"2024-08-05T03:37:42","date_gmt":"2024-08-05T03:37:42","guid":{"rendered":"https:\/\/beststringer.com\/global-stringing-skills-certification\/"},"modified":"2025-09-25T05:47:24","modified_gmt":"2025-09-25T05:47:24","slug":"global-stringing-skills-certification","status":"publish","type":"page","link":"https:\/\/beststringer.com\/fr\/global-stringing-skills-certification\/","title":{"rendered":"Certification Mondiale des Comp\u00e9tences en Cordage de Raquette"},"content":{"rendered":"<div class=\"gb-container gb-container-f66bc834\">\n<div class=\"gb-container gb-container-3423e27e\">\n<div class=\"gb-container gb-container-4ea2fbf1\">\n<div id=\"ez-toc-container\" class=\"ez-toc-v2_0_82_2 ez-toc-wrap-left counter-hierarchy ez-toc-counter ez-toc-custom ez-toc-container-direction\">\n<div class=\"ez-toc-title-container\">\n<p class=\"ez-toc-title\" style=\"cursor:inherit\">Topics<\/p>\n<span class=\"ez-toc-title-toggle\"><a href=\"#\" class=\"ez-toc-pull-right ez-toc-btn ez-toc-btn-xs ez-toc-btn-default ez-toc-toggle\" aria-label=\"Toggle Table of Content\"><span class=\"ez-toc-js-icon-con\"><span class=\"\"><span class=\"eztoc-hide\" style=\"display:none;\">Toggle<\/span><span class=\"ez-toc-icon-toggle-span\"><svg style=\"fill: #ffffff;color:#ffffff\" xmlns=\"http:\/\/www.w3.org\/2000\/svg\" class=\"list-377408\" width=\"20px\" height=\"20px\" viewBox=\"0 0 24 24\" fill=\"none\"><path d=\"M6 6H4v2h2V6zm14 0H8v2h12V6zM4 11h2v2H4v-2zm16 0H8v2h12v-2zM4 16h2v2H4v-2zm16 0H8v2h12v-2z\" fill=\"currentColor\"><\/path><\/svg><svg style=\"fill: #ffffff;color:#ffffff\" class=\"arrow-unsorted-368013\" xmlns=\"http:\/\/www.w3.org\/2000\/svg\" width=\"10px\" height=\"10px\" viewBox=\"0 0 24 24\" version=\"1.2\" baseProfile=\"tiny\"><path d=\"M18.2 9.3l-6.2-6.3-6.2 6.3c-.2.2-.3.4-.3.7s.1.5.3.7c.2.2.4.3.7.3h11c.3 0 .5-.1.7-.3.2-.2.3-.5.3-.7s-.1-.5-.3-.7zM5.8 14.7l6.2 6.3 6.2-6.3c.2-.2.3-.5.3-.7s-.1-.5-.3-.7c-.2-.2-.4-.3-.7-.3h-11c-.3 0-.5.1-.7.3-.2.2-.3.5-.3.7s.1.5.3.7z\"\/><\/svg><\/span><\/span><\/span><\/a><\/span><\/div>\n<nav><ul class='ez-toc-list ez-toc-list-level-1 eztoc-toggle-hide-by-default' ><li class='ez-toc-page-1 ez-toc-heading-level-2'><a class=\"ez-toc-link ez-toc-heading-1\" href=\"https:\/\/beststringer.com\/fr\/global-stringing-skills-certification\/#Un_passeport_mondial_pour_les_sports_de_raquette\" >Un passeport mondial pour les sports de raquette<\/a><ul class='ez-toc-list-level-3' ><li class='ez-toc-heading-level-3'><a class=\"ez-toc-link ez-toc-heading-2\" href=\"https:\/\/beststringer.com\/fr\/global-stringing-skills-certification\/#Comprendre_limpact_du_cordage\" >Comprendre l&rsquo;impact du cordage<\/a><\/li><li class='ez-toc-page-1 ez-toc-heading-level-3'><a class=\"ez-toc-link ez-toc-heading-3\" href=\"https:\/\/beststringer.com\/fr\/global-stringing-skills-certification\/#Au-dela_de_la_certification\" >Au-del\u00e0 de la certification<\/a><\/li><li class='ez-toc-page-1 ez-toc-heading-level-3'><a class=\"ez-toc-link ez-toc-heading-4\" href=\"https:\/\/beststringer.com\/fr\/global-stringing-skills-certification\/#Avantages_a_long_terme\" >Avantages \u00e0 long terme<\/a><\/li><li class='ez-toc-page-1 ez-toc-heading-level-3'><a class=\"ez-toc-link ez-toc-heading-5\" href=\"https:\/\/beststringer.com\/fr\/global-stringing-skills-certification\/#Application_mondiale\" >Application mondiale<\/a><\/li><li class='ez-toc-page-1 ez-toc-heading-level-3'><a class=\"ez-toc-link ez-toc-heading-6\" href=\"https:\/\/beststringer.com\/fr\/global-stringing-skills-certification\/#Aider_les_joueurs_partout_dans_le_monde\" >Aider les joueurs partout dans le monde<\/a><\/li><li class='ez-toc-page-1 ez-toc-heading-level-3'><a class=\"ez-toc-link ez-toc-heading-7\" href=\"https:\/\/beststringer.com\/fr\/global-stringing-skills-certification\/#Apprentissage_continu\" >Apprentissage continu<\/a><\/li><li class='ez-toc-page-1 ez-toc-heading-level-3'><a class=\"ez-toc-link ez-toc-heading-8\" href=\"https:\/\/beststringer.com\/fr\/global-stringing-skills-certification\/#Certification_mondiale_des_competences_de_cordage\" >Certification mondiale des comp\u00e9tences de cordage<\/a><\/li><li class='ez-toc-page-1 ez-toc-heading-level-3'><a class=\"ez-toc-link ez-toc-heading-9\" href=\"https:\/\/beststringer.com\/fr\/global-stringing-skills-certification\/#Formation_mondiale_au_cordage\" >Formation mondiale au cordage<\/a><\/li><\/ul><\/li><\/ul><\/nav><\/div>\n\n\n\n\n<h2 class=\"gb-headline gb-headline-79589317 gb-headline-text\"><span class=\"ez-toc-section\" id=\"Un_passeport_mondial_pour_les_sports_de_raquette\"><\/span>Un <mark style=\"background-color:rgba(0, 0, 0, 0)\" class=\"has-inline-color has-global-color-9-color\">passeport mondial<\/mark> pour les sports de raquette<span class=\"ez-toc-section-end\"><\/span><\/h2>\n\n\n\n<p class=\"gb-headline gb-headline-d07d49cf gb-headline-text\">La certification BSW dote les cordeurs de comp\u00e9tences reconnues \u00e0 l&rsquo;international. Ce savoir-faire leur permet d&rsquo;aider les joueurs du monde entier \u00e0 am\u00e9liorer leur jeu.<\/p>\n\n<\/div>\n<\/div>\n\n<div class=\"gb-container gb-container-37db13f4\">\n<div class=\"gb-container gb-container-3021f73c\">\n\n<h3 class=\"gb-headline gb-headline-e5c79f72 gb-headline-text\"><span class=\"ez-toc-section\" id=\"Comprendre_limpact_du_cordage\"><\/span>Comprendre l&rsquo;<mark style=\"background-color:rgba(0, 0, 0, 0)\" class=\"has-inline-color has-global-color-9-color\">impact du cordage<\/mark><span class=\"ez-toc-section-end\"><\/span><\/h3>\n\n\n\n<p class=\"gb-headline gb-headline-7d760a3f gb-headline-text\">Un bon cordage de raquette influe sur la performance. Les cordeurs certifi\u00e9s BSW apprennent \u00e0 :<\/p>\n\n\n\n<p>1. \u00c9valuer les besoins des joueurs de tous niveaux<br>2. Choisir les cordages et les tensions appropri\u00e9s<br>3. Appliquer les techniques de cordage correctes pour diff\u00e9rents types de raquettes<\/p>\n\n<\/div>\n<\/div>\n\n<div class=\"gb-container gb-container-8072e76b\">\n<div class=\"gb-container gb-container-eabf3753\">\n\n<h3 class=\"gb-headline gb-headline-0ad93116 gb-headline-text\"><span class=\"ez-toc-section\" id=\"Au-dela_de_la_certification\"><\/span><strong>Au-del\u00e0 de la <mark style=\"background-color:rgba(0, 0, 0, 0)\" class=\"has-inline-color has-global-color-9-color\">certification<\/mark><\/strong><span class=\"ez-toc-section-end\"><\/span><\/h3>\n\n\n\n<p class=\"gb-headline gb-headline-0e4cbc73 gb-headline-text\">BSW met l&rsquo;accent sur l&rsquo;acquisition de comp\u00e9tences concr\u00e8tes pour aider les joueurs \u00e0 :<br>1. Mieux jouer<br>2. Se sentir plus \u00e0 l&rsquo;aise avec leur raquette<br>3. Prendre plus de plaisir dans leur sport<\/p>\n\n<\/div>\n<\/div>\n\n<div class=\"gb-container gb-container-90ecf704\">\n<div class=\"gb-container gb-container-5939e332\">\n\n<h3 class=\"gb-headline gb-headline-fd44004c gb-headline-text\"><span class=\"ez-toc-section\" id=\"Avantages_a_long_terme\"><\/span><strong>Avantages \u00e0 <mark style=\"background-color:rgba(0, 0, 0, 0)\" class=\"has-inline-color has-global-color-9-color\">long terme<\/mark><\/strong><span class=\"ez-toc-section-end\"><\/span><\/h3>\n\n\n\n<p class=\"gb-headline gb-headline-053891c0 gb-headline-text\">Se concentrer sur l&rsquo;am\u00e9lioration du joueur plut\u00f4t que sur le profit m\u00e8ne \u00e0 :<\/p>\n\n\n\n<p>1. Des relations durables avec les joueurs<br>2. Une meilleure compr\u00e9hension des sports de raquette<br>3. Un apprentissage et un d\u00e9veloppement continus des comp\u00e9tences<\/p>\n\n<\/div>\n<\/div>\n\n<div class=\"gb-container gb-container-bc7f3ef7\">\n<div class=\"gb-container gb-container-c402b7cb\">\n\n<h3 class=\"gb-headline gb-headline-9ac68257 gb-headline-text\"><span class=\"ez-toc-section\" id=\"Application_mondiale\"><\/span><strong><mark style=\"background-color:rgba(0, 0, 0, 0)\" class=\"has-inline-color has-global-color-9-color\">Application<\/mark> mondiale<\/strong><span class=\"ez-toc-section-end\"><\/span><\/h3>\n\n\n\n<p class=\"gb-headline gb-headline-99f4af0d gb-headline-text\">Les comp\u00e9tences de cordage BSW sont utiles dans le monde entier :<br>1. Les techniques s&rsquo;appliquent aux raquettes utilis\u00e9es partout dans le monde<br>2. La compr\u00e9hension des besoins des joueurs transcende les fronti\u00e8res culturelles<br>3. La connaissance des types de cordages et de leurs propri\u00e9t\u00e9s est universellement applicable<\/p>\n\n<\/div>\n<\/div>\n\n<div class=\"gb-container gb-container-0bc9ddf8\">\n<div class=\"gb-container gb-container-4a1593e5\">\n\n<h3 class=\"gb-headline gb-headline-f300e849 gb-headline-text\"><span class=\"ez-toc-section\" id=\"Aider_les_joueurs_partout_dans_le_monde\"><\/span><strong>Aider les joueurs <mark style=\"background-color:rgba(0, 0, 0, 0)\" class=\"has-inline-color has-global-color-9-color\">partout<\/mark> dans le monde<\/strong><span class=\"ez-toc-section-end\"><\/span><\/h3>\n\n\n<div class=\"gb-container gb-container-1e94798b\">\n\n<p>Les cordeurs certifi\u00e9s BSW peuvent :<br>1. Assister les joueurs de clubs locaux<br>2. Soutenir les professionnels en tourn\u00e9e<br>3. \u00c9duquer les joueurs sur l&rsquo;entretien et la performance de leur raquette<\/p>\n\n<\/div>\n<\/div>\n<\/div>\n\n<div class=\"gb-container gb-container-8ae3b9c0\">\n<div class=\"gb-container gb-container-0033085e\">\n\n<h3 class=\"gb-headline gb-headline-89f46c83 gb-headline-text\"><span class=\"ez-toc-section\" id=\"Apprentissage_continu\"><\/span><strong><mark style=\"background-color:rgba(0, 0, 0, 0)\" class=\"has-inline-color has-global-color-9-color\">Apprentissage<\/mark> continu<\/strong><span class=\"ez-toc-section-end\"><\/span><\/h3>\n\n\n\n<p>L&rsquo;industrie des sports de raquette \u00e9volue. BSW encourage les cordeurs \u00e0 :<br>1. Se tenir inform\u00e9s des nouvelles technologies<br>2. Adapter leurs techniques aux nouvelles conceptions de raquettes<br>3. Continuer \u00e0 \u00e9tudier les besoins et les pr\u00e9f\u00e9rences des joueurs<\/p>\n\n\n\n<p>En mettant l&rsquo;accent sur la formation et le soutien aux joueurs, la certification BSW pr\u00e9pare les cordeurs \u00e0 contribuer de mani\u00e8re significative aux sports de raquette dans le monde entier.<\/p>\n\n<\/div>\n<\/div>\n\n\n<figure class=\"gb-block-image gb-block-image-8fe2ab54\"><img loading=\"lazy\" decoding=\"async\" width=\"944\" height=\"411\" class=\"gb-image gb-image-8fe2ab54\" src=\"https:\/\/beststringer.com\/wp-content\/uploads\/2024\/10\/Global-Stringing-Skills-Certification-Best-Stringer-Worldwide-Badminton-Stringing-Certification.png\" alt=\"Certification mondiale des comp\u00e9tences de cordage Best Stringer pour badminton en {{COUNTRY_LOCAL}}\" title=\"Comp\u00e9tences de cordeur mondial certifi\u00e9 BSW \u00e0 {{CITY_LOCAL}}, {{COUNTRY_LOCAL}}\" srcset=\"https:\/\/beststringer.com\/wp-content\/uploads\/2024\/10\/Global-Stringing-Skills-Certification-Best-Stringer-Worldwide-Badminton-Stringing-Certification.png 944w, https:\/\/beststringer.com\/wp-content\/uploads\/2024\/10\/Global-Stringing-Skills-Certification-Best-Stringer-Worldwide-Badminton-Stringing-Certification-300x131.png 300w, https:\/\/beststringer.com\/wp-content\/uploads\/2024\/10\/Global-Stringing-Skills-Certification-Best-Stringer-Worldwide-Badminton-Stringing-Certification-768x334.png 768w\" sizes=\"auto, (max-width: 944px) 100vw, 944px\" \/><\/figure>\n\n<\/div>\n\n<section class=\"gb-container gb-container-21e3c652\">\n<div class=\"gb-container gb-container-11344779\">\n\n<h3 class=\"gb-headline gb-headline-39f4cce2 gb-headline-text\"><span class=\"ez-toc-section\" id=\"Certification_mondiale_des_competences_de_cordage\"><\/span>Certification mondiale des comp\u00e9tences de cordage<span class=\"ez-toc-section-end\"><\/span><\/h3>\n\n\n\n<p class=\"gb-headline gb-headline-c6c5990e gb-headline-text\">Cette vid\u00e9o explore la Certification mondiale des comp\u00e9tences de cordage de BSW et son impact sur les sports de raquette \u00e0 l&rsquo;\u00e9chelle internationale. Nous expliquerons ce que les cordeurs certifi\u00e9s apprennent et comment ces comp\u00e9tences profitent aux joueurs de tennis, de badminton et de squash.<\/p>\n\n\n<div class=\"gb-container gb-container-ec1a2ce6\">\n<div class=\"gb-container gb-container-238a634b\"><\/div>\n<\/div>\n\n\n<div id=\"youtube-player\"><\/div>\n<script>\n  var videoLoaded = false;\n\n  function loadYouTubeVideo() {\n    if (videoLoaded) return;\n    videoLoaded = true;\n    var tag = document.createElement('script');\n    tag.src = \"https:\/\/www.youtube.com\/iframe_api\";\n    var firstScriptTag = document.getElementsByTagName('script')[0];\n    firstScriptTag.parentNode.insertBefore(tag, firstScriptTag);\n  }\n\n  function onYouTubeIframeAPIReady() {\n    new YT.Player('youtube-player', {\n      height: '360',\n      width: '640',\n      videoId: 'oWcEjWGOxOg', \/\/ Your video ID\n      events: {\n        'onReady': onPlayerReady\n      }\n    });\n  }\n\n  function onPlayerReady(event) {\n    \/\/ Video is ready to play\n  }\n\n  \/\/ Load the YouTube API script when the page is scrolled\n  window.addEventListener('scroll', loadYouTubeVideo, { once: true });\n\n  \/\/ Also load if the user hasn't scrolled after 3 seconds\n  setTimeout(loadYouTubeVideo, 3000);\n<\/script>\n\n<\/div>\n<\/section>\n\n<section class=\"gb-container gb-container-49b9586e\">\n<div class=\"gb-container gb-container-a2e9522c\"><\/div>\n\n<div class=\"gb-container gb-container-0e11192a\">\n\n<h3 class=\"gb-headline gb-headline-5cf408ee gb-headline-text\"><span class=\"ez-toc-section\" id=\"Formation_mondiale_au_cordage\"><\/span>Formation mondiale au cordage<span class=\"ez-toc-section-end\"><\/span><\/h3>\n\n\n<div class=\"gb-container gb-container-daaa2e63\">\n<div class=\"gb-container gb-container-bda621fe\"><\/div>\n\n<div class=\"gb-container gb-container-4b0ac72b\"><\/div>\n<\/div>\n\n\n<p class=\"gb-headline gb-headline-edf98545 gb-headline-text\">La certification BSW enseigne les normes internationales de cordage. Apprenez \u00e0 aider les joueurs du monde entier gr\u00e2ce \u00e0 des comp\u00e9tences en \u00e9valuation de raquette, s\u00e9lection de cordage et ajustement de la tension.<\/p>\n\n\n\n<a class=\"gb-button gb-button-a29641e0 gb-button-text\" href=\"https:\/\/beststringer.com\/fr\/stringing-certificate\/\">D\u00e9tails de la certification<\/a>\n\n<\/div>\n<\/section>","protected":false},"excerpt":{"rendered":"<p>Un passeport mondial pour les sports de raquette La certification BSW dote les cordeurs de comp\u00e9tences reconnues \u00e0 l&rsquo;international. Ce savoir-faire leur permet d&rsquo;aider les joueurs du monde entier \u00e0 am\u00e9liorer leur jeu. Comprendre l&rsquo;impact du cordage Un bon cordage de raquette influe sur la performance. Les cordeurs certifi\u00e9s BSW apprennent \u00e0 : 1. \u00c9valuer &#8230; <a title=\"Certification Mondiale des Comp\u00e9tences en Cordage de Raquette\" class=\"read-more\" href=\"https:\/\/beststringer.com\/fr\/global-stringing-skills-certification\/\" aria-label=\"En savoir plus sur Certification Mondiale des Comp\u00e9tences en Cordage de Raquette\">Lire plus<\/a><\/p>\n","protected":false},"author":1,"featured_media":38263,"parent":0,"menu_order":0,"comment_status":"closed","ping_status":"closed","template":"","meta":{"footnotes":""},"class_list":{"0":"post-38262","1":"page","2":"type-page","3":"status-publish","4":"has-post-thumbnail","6":"infinite-scroll-item"},"_links":{"self":[{"href":"https:\/\/beststringer.com\/fr\/wp-json\/wp\/v2\/pages\/38262","targetHints":{"allow":["GET"]}}],"collection":[{"href":"https:\/\/beststringer.com\/fr\/wp-json\/wp\/v2\/pages"}],"about":[{"href":"https:\/\/beststringer.com\/fr\/wp-json\/wp\/v2\/types\/page"}],"author":[{"embeddable":true,"href":"https:\/\/beststringer.com\/fr\/wp-json\/wp\/v2\/users\/1"}],"replies":[{"embeddable":true,"href":"https:\/\/beststringer.com\/fr\/wp-json\/wp\/v2\/comments?post=38262"}],"version-history":[{"count":0,"href":"https:\/\/beststringer.com\/fr\/wp-json\/wp\/v2\/pages\/38262\/revisions"}],"wp:featuredmedia":[{"embeddable":true,"href":"https:\/\/beststringer.com\/fr\/wp-json\/wp\/v2\/media\/38263"}],"wp:attachment":[{"href":"https:\/\/beststringer.com\/fr\/wp-json\/wp\/v2\/media?parent=38262"}],"curies":[{"name":"wp","href":"https:\/\/api.w.org\/{rel}","templated":true}]}}