{"id":38043,"date":"2025-01-15T15:06:34","date_gmt":"2025-01-15T15:06:34","guid":{"rendered":"https:\/\/beststringer.com\/international-stringer-education-trust\/"},"modified":"2025-09-25T05:49:24","modified_gmt":"2025-09-25T05:49:24","slug":"international-stringer-education-trust","status":"publish","type":"page","link":"https:\/\/beststringer.com\/fr\/international-stringer-education-trust\/","title":{"rendered":"SEDU \u2013 Norme Internationale de Formation et de Confiance des Cordeurs"},"content":{"rendered":"<div class=\"gb-container gb-container-f66bc834\">\n\n<div class=\"gb-container gb-container-37db13f4\">\n\n<div class=\"gb-container gb-container-3021f73c\">\n\n<div id=\"ez-toc-container\" class=\"ez-toc-v2_0_82_2 ez-toc-wrap-left counter-hierarchy ez-toc-counter ez-toc-custom ez-toc-container-direction\">\n<div class=\"ez-toc-title-container\">\n<p class=\"ez-toc-title\" style=\"cursor:inherit\">Topics<\/p>\n<span class=\"ez-toc-title-toggle\"><a href=\"#\" class=\"ez-toc-pull-right ez-toc-btn ez-toc-btn-xs ez-toc-btn-default ez-toc-toggle\" aria-label=\"Toggle Table of Content\"><span class=\"ez-toc-js-icon-con\"><span class=\"\"><span class=\"eztoc-hide\" style=\"display:none;\">Toggle<\/span><span class=\"ez-toc-icon-toggle-span\"><svg style=\"fill: #ffffff;color:#ffffff\" xmlns=\"http:\/\/www.w3.org\/2000\/svg\" class=\"list-377408\" width=\"20px\" height=\"20px\" viewBox=\"0 0 24 24\" fill=\"none\"><path d=\"M6 6H4v2h2V6zm14 0H8v2h12V6zM4 11h2v2H4v-2zm16 0H8v2h12v-2zM4 16h2v2H4v-2zm16 0H8v2h12v-2z\" fill=\"currentColor\"><\/path><\/svg><svg style=\"fill: #ffffff;color:#ffffff\" class=\"arrow-unsorted-368013\" xmlns=\"http:\/\/www.w3.org\/2000\/svg\" width=\"10px\" height=\"10px\" viewBox=\"0 0 24 24\" version=\"1.2\" baseProfile=\"tiny\"><path d=\"M18.2 9.3l-6.2-6.3-6.2 6.3c-.2.2-.3.4-.3.7s.1.5.3.7c.2.2.4.3.7.3h11c.3 0 .5-.1.7-.3.2-.2.3-.5.3-.7s-.1-.5-.3-.7zM5.8 14.7l6.2 6.3 6.2-6.3c.2-.2.3-.5.3-.7s-.1-.5-.3-.7c-.2-.2-.4-.3-.7-.3h-11c-.3 0-.5.1-.7.3-.2.2-.3.5-.3.7s.1.5.3.7z\"\/><\/svg><\/span><\/span><\/span><\/a><\/span><\/div>\n<nav><ul class='ez-toc-list ez-toc-list-level-1 eztoc-toggle-hide-by-default' ><ul class='ez-toc-list-level-3' ><li class='ez-toc-heading-level-3'><a class=\"ez-toc-link ez-toc-heading-1\" href=\"https:\/\/beststringer.com\/fr\/international-stringer-education-trust\/#Quest-ce_que_la_norme_de_cordeur_SEDU\">Qu&rsquo;est-ce que la norme de cordeur SEDU ?<\/a><\/li><\/ul><\/li><li class='ez-toc-page-1 ez-toc-heading-level-2'><a class=\"ez-toc-link ez-toc-heading-2\" href=\"https:\/\/beststringer.com\/fr\/international-stringer-education-trust\/#Formation_professionnelle_pour_les_cordeurs\">Formation professionnelle pour les cordeurs<\/a><\/li><li class='ez-toc-page-1 ez-toc-heading-level-2'><a class=\"ez-toc-link ez-toc-heading-3\" href=\"https:\/\/beststringer.com\/fr\/international-stringer-education-trust\/#Normes_de_formation_pour_le_cordage_de_badminton\">Normes de formation pour le cordage de badminton<\/a><\/li><li class='ez-toc-page-1 ez-toc-heading-level-2'><a class=\"ez-toc-link ez-toc-heading-4\" href=\"https:\/\/beststringer.com\/fr\/international-stringer-education-trust\/#Formation_au_service_des_raquettes_de_tennis\">Formation au service des raquettes de tennis<\/a><\/li><li class='ez-toc-page-1 ez-toc-heading-level-2'><a class=\"ez-toc-link ez-toc-heading-5\" href=\"https:\/\/beststringer.com\/fr\/international-stringer-education-trust\/#Normes_de_service_pour_lequipement_de_squash\">Normes de service pour l&rsquo;\u00e9quipement de squash<\/a><\/li><li class='ez-toc-page-1 ez-toc-heading-level-2'><a class=\"ez-toc-link ez-toc-heading-6\" href=\"https:\/\/beststringer.com\/fr\/international-stringer-education-trust\/#Normes_de_qualite_du_cordage_dans_le_service_professionnel\">Normes de qualit\u00e9 du cordage dans le service professionnel<\/a><\/li><li class='ez-toc-page-1 ez-toc-heading-level-2'><a class=\"ez-toc-link ez-toc-heading-7\" href=\"https:\/\/beststringer.com\/fr\/international-stringer-education-trust\/#Parcours_de_developpement_du_cordeur_de_raquettes_professionnel\">Parcours de d\u00e9veloppement du cordeur de raquettes professionnel<\/a><ul class='ez-toc-list-level-3' ><li class='ez-toc-heading-level-3'><a class=\"ez-toc-link ez-toc-heading-8\" href=\"https:\/\/beststringer.com\/fr\/international-stringer-education-trust\/#Stringer_Education_Trust_SEDU_%E2%80%93_Formation_professionnelle_et_norme_de_qualite\">Stringer Education Trust (SEDU) &#8211; Formation professionnelle et norme de qualit\u00e9<\/a><\/li><li class='ez-toc-page-1 ez-toc-heading-level-3'><a class=\"ez-toc-link ez-toc-heading-9\" href=\"https:\/\/beststringer.com\/fr\/international-stringer-education-trust\/#Certification_de_cordage_BSW\">Certification de cordage BSW<\/a><\/li><\/ul><\/li><\/ul><\/nav><\/div>\n\n\n\n\n\n<figure class=\"gb-block-image gb-block-image-fac71139\"><img loading=\"lazy\" decoding=\"async\" width=\"767\" height=\"639\" class=\"gb-image gb-image-fac71139\" src=\"https:\/\/beststringer.com\/wp-content\/uploads\/2025\/01\/SEDU-International-Stringer-Education-Trust-Standard-BSW.png\" alt=\"Norme SEDU - International Stringer Education Trust BSW\" title=\"Norme SEDU - International Stringer Education Trust BSW\" srcset=\"https:\/\/beststringer.com\/wp-content\/uploads\/2025\/01\/SEDU-International-Stringer-Education-Trust-Standard-BSW.png 767w, https:\/\/beststringer.com\/wp-content\/uploads\/2025\/01\/SEDU-International-Stringer-Education-Trust-Standard-BSW-300x250.png 300w\" sizes=\"auto, (max-width: 767px) 100vw, 767px\" \/><\/figure>\n\n\n\n\n<h3 class=\"wp-block-heading\"><span class=\"ez-toc-section\" id=\"Quest-ce_que_la_norme_de_cordeur_SEDU\"><\/span>Qu&rsquo;est-ce que la norme de <mark style=\"background-color:rgba(0, 0, 0, 0)\" class=\"has-inline-color has-global-color-9-color\">cordeur SEDU ?<\/mark><span class=\"ez-toc-section-end\"><\/span><\/h3>\n\n\n\n\n<p>La norme de cordeur SEDU aide les <a href=\"https:\/\/beststringer.com\/fr\/certified-badminton-stringer-cbs-certification\/\"><strong>cordeurs professionnels<\/strong><\/a> \u00e0 acqu\u00e9rir les comp\u00e9tences ad\u00e9quates pour le service des raquettes. Cr\u00e9\u00e9e par Best Stringer Worldwide, cette norme de formation pour cordeurs de raquettes enseigne tout ce qu&rsquo;ils doivent savoir sur la pr\u00e9paration correcte des raquettes. Des techniques de base aux m\u00e9thodes avanc\u00e9es, la formation internationale pour cordeurs s&rsquo;assure qu&rsquo;ils apprennent la bonne mani\u00e8re de travailler sur les raquettes des joueurs.<\/p>\n\n\n\n\n<p>Les cordeurs professionnels du programme de formation SEDU travaillent avec du mat\u00e9riel r\u00e9el pendant leur apprentissage. Ils apprennent par la pratique, en s&rsquo;exer\u00e7ant aux m\u00eames t\u00e2ches qu&rsquo;ils effectueront dans leur travail quotidien. Cette approche pratique les aide \u00e0 comprendre \u00e0 la fois les situations courantes et les d\u00e9fis sp\u00e9cifiques qu&rsquo;ils pourraient rencontrer en travaillant sur les raquettes des joueurs.<\/p>\n\n\n\n\n<h2 class=\"wp-block-heading\"><span class=\"ez-toc-section\" id=\"Formation_professionnelle_pour_les_cordeurs\"><\/span>Formation professionnelle pour les <mark style=\"background-color:rgba(0, 0, 0, 0)\" class=\"has-inline-color has-global-color-9-color\">cordeurs<\/mark><span class=\"ez-toc-section-end\"><\/span><\/h2>\n\n\n\n\n<p>La certification de la formation pour cordeurs couvre tous les aspects du service de raquettes. Les \u00e9tudiants apprennent \u00e0 la fois par des cours th\u00e9oriques et par la pratique sur diff\u00e9rents types de raquettes. Le programme de formation aux services de cordage leur montre comment tout g\u00e9rer, des poses de cordage de base aux travaux de personnalisation complexes.<\/p>\n\n\n\n\n<p>Chaque cours de formation au cordage de raquette se concentre sur les comp\u00e9tences pratiques que les cordeurs utilisent au quotidien. Le programme de formation enseigne les techniques appropri\u00e9es pour travailler avec diff\u00e9rents types de raquettes et de mat\u00e9riaux de cordage. Les \u00e9tudiants s&rsquo;exercent jusqu&rsquo;\u00e0 ce qu&rsquo;ils puissent fournir un travail de qualit\u00e9 de mani\u00e8re constante, ce qui les aide \u00e0 mieux servir les joueurs.<\/p>\n\n\n\n\n<h2 class=\"wp-block-heading\"><span class=\"ez-toc-section\" id=\"Normes_de_formation_pour_le_cordage_de_badminton\"><\/span>Normes de formation pour le <mark style=\"background-color:rgba(0, 0, 0, 0)\" class=\"has-inline-color has-global-color-9-color\">cordage de badminton<\/mark><span class=\"ez-toc-section-end\"><\/span><\/h2>\n\n\n\n\n<p>Le programme de formation pour cordeurs de badminton enseigne des comp\u00e9tences sp\u00e9cifiques pour travailler sur les raquettes de badminton. Gr\u00e2ce aux cours de formation, les \u00e9tudiants apprennent comment les choix de cordage affectent le contr\u00f4le du volant et la puissance. Ils s&rsquo;entra\u00eenent aux techniques de montage appropri\u00e9es, aux r\u00e9glages de tension et \u00e0 l&rsquo;\u00e9laboration de plans de cordage qui conviennent le mieux aux cadres de badminton.<\/p>\n\n\n\n\n<p>Les \u00e9tudiants du cours de cordage de badminton apprennent en travaillant sur de nombreux types de raquettes diff\u00e9rents. Ils \u00e9tudient comment la conception du cadre affecte les m\u00e9thodes de cordage et la performance du cordage. Cette formation approfondie les aide \u00e0 comprendre les besoins des joueurs et \u00e0 fournir un meilleur service.<\/p>\n\n\n\n\n<h2 class=\"wp-block-heading\"><span class=\"ez-toc-section\" id=\"Formation_au_service_des_raquettes_de_tennis\"><\/span>Formation au service des <mark style=\"background-color:rgba(0, 0, 0, 0)\" class=\"has-inline-color has-global-color-9-color\">raquettes de tennis<\/mark><span class=\"ez-toc-section-end\"><\/span><\/h2>\n\n\n\n\n<p>La formation des cordeurs de tennis couvre les exigences particuli\u00e8res de la pr\u00e9paration des <a href=\"https:\/\/fr.wikipedia.org\/wiki\/Raquette\" target=\"_blank\" rel=\"noopener\"><strong>raquettes de tennis<\/strong><\/a>. Le cours de cordage pour le tennis montre aux \u00e9tudiants comment diff\u00e9rentes configurations de cordage affectent le contr\u00f4le de la balle et la puissance. Ils apprennent les techniques appropri\u00e9es pour travailler avec les diverses conceptions de cadres et les plans de cordage utilis\u00e9s au tennis.<\/p>\n\n\n\n\n<p>Le cours pour cordeurs SEDU inclut une pratique approfondie avec l&rsquo;\u00e9quipement de tennis. Les \u00e9tudiants apprennent \u00e0 personnaliser les configurations de cordage pour diff\u00e9rents styles de jeu et niveaux de comp\u00e9tence. Ces connaissances pratiques les aident \u00e0 fournir un meilleur service \u00e0 chaque joueur de tennis avec lequel ils travaillent.<\/p>\n\n\n\n\n<h2 class=\"wp-block-heading\"><span class=\"ez-toc-section\" id=\"Normes_de_service_pour_lequipement_de_squash\"><\/span>Normes de service pour l&rsquo;\u00e9quipement <mark style=\"background-color:rgba(0, 0, 0, 0)\" class=\"has-inline-color has-global-color-9-color\">de squash<\/mark><span class=\"ez-toc-section-end\"><\/span><\/h2>\n\n\n\n\n<p>Le programme international de formation pour cordeurs comprend une formation approfondie sur le service des raquettes de squash. Les \u00e9tudiants apprennent des techniques sp\u00e9cifiques qui fonctionnent le mieux pour l&rsquo;\u00e9quipement de squash. Le programme couvre les r\u00e9glages de tension appropri\u00e9s, l&rsquo;\u00e9laboration de plans de cordage et les m\u00e9thodes de protection du cadre qui aident les joueurs de squash \u00e0 tirer le meilleur parti de leur \u00e9quipement.<\/p>\n\n\n\n\n<p>Gr\u00e2ce \u00e0 la pratique, les cordeurs apprennent comment les diff\u00e9rents montages de cordage influencent le jeu de squash. Ils travaillent avec diverses conceptions de raquettes et mat\u00e9riaux de cordage pour comprendre ce qui fonctionne le mieux pour diff\u00e9rents joueurs. Cette exp\u00e9rience pratique les aide \u00e0 fournir un service fiable pour les joueurs de squash de tous niveaux.<\/p>\n\n\n\n\n<h2 class=\"wp-block-heading\"><span class=\"ez-toc-section\" id=\"Normes_de_qualite_du_cordage_dans_le_service_professionnel\"><\/span>Normes de qualit\u00e9 du cordage dans le <mark style=\"background-color:rgba(0, 0, 0, 0)\" class=\"has-inline-color has-global-color-9-color\">service professionnel<\/mark><span class=\"ez-toc-section-end\"><\/span><\/h2>\n\n\n\n\n<p>Le cours de formation pour cordeurs enseigne des m\u00e9thodes de contr\u00f4le qualit\u00e9 appropri\u00e9es. Les \u00e9tudiants apprennent \u00e0 v\u00e9rifier leur travail et \u00e0 maintenir des r\u00e9sultats constants. Ils s&rsquo;exercent aux proc\u00e9dures de documentation et de service ad\u00e9quates qui les aident \u00e0 suivre leur travail et \u00e0 mieux servir les joueurs.<\/p>\n\n\n\n\n<p>Les cordeurs professionnels apprennent des \u00e9tapes sp\u00e9cifiques pour g\u00e9rer chaque type de service de raquette. Le programme leur montre comment prot\u00e9ger les cadres, maintenir une tension correcte et terminer le travail de mani\u00e8re professionnelle. Ces habitudes les aident \u00e0 fournir un service fiable auquel les joueurs peuvent faire confiance.<\/p>\n\n\n\n\n<h2 class=\"wp-block-heading\"><span class=\"ez-toc-section\" id=\"Parcours_de_developpement_du_cordeur_de_raquettes_professionnel\"><\/span>Parcours de d\u00e9veloppement du <mark style=\"background-color:rgba(0, 0, 0, 0)\" class=\"has-inline-color has-global-color-9-color\">cordeur de raquettes professionnel<\/mark><span class=\"ez-toc-section-end\"><\/span><\/h2>\n\n\n\n\n<p>La certification SEDU fournit des \u00e9tapes claires pour la croissance professionnelle dans le service de raquettes. Les cordeurs peuvent commencer avec une certification de base et progresser vers des qualifications avanc\u00e9es. Le programme les aide \u00e0 d\u00e9velopper leurs comp\u00e9tences et leurs connaissances tout au long de leur carri\u00e8re.<\/p>\n\n\n\n\n<p>Des mises \u00e0 jour r\u00e9guli\u00e8res permettent aux cordeurs certifi\u00e9s de rester au courant des nouvelles techniques et des nouveaux mat\u00e9riaux. Le programme offre un soutien continu pour aider les cordeurs \u00e0 maintenir des normes de service \u00e9lev\u00e9es. Cet engagement envers l&rsquo;apprentissage les aide \u00e0 mieux servir les joueurs ann\u00e9e apr\u00e8s ann\u00e9e.<\/p>\n\n\n\n\n<figure class=\"gb-block-image gb-block-image-58d07be1\"><img loading=\"lazy\" decoding=\"async\" width=\"2379\" height=\"1380\" class=\"gb-image gb-image-58d07be1\" src=\"https:\/\/beststringer.com\/wp-content\/uploads\/2025\/01\/SEDU-International-Stringer-Education-Trust-Framework-by-Best-Stringer-Worldwide.png\" alt=\"Cadre de formation SEDU - International Stringer Education Trust par Best Stringer Worldwide\" title=\"Cadre de formation SEDU - International Stringer Education Trust par Best Stringer Worldwide\" srcset=\"https:\/\/beststringer.com\/wp-content\/uploads\/2025\/01\/SEDU-International-Stringer-Education-Trust-Framework-by-Best-Stringer-Worldwide.png 2379w, https:\/\/beststringer.com\/wp-content\/uploads\/2025\/01\/SEDU-International-Stringer-Education-Trust-Framework-by-Best-Stringer-Worldwide-300x174.png 300w, https:\/\/beststringer.com\/wp-content\/uploads\/2025\/01\/SEDU-International-Stringer-Education-Trust-Framework-by-Best-Stringer-Worldwide-1024x594.png 1024w, https:\/\/beststringer.com\/wp-content\/uploads\/2025\/01\/SEDU-International-Stringer-Education-Trust-Framework-by-Best-Stringer-Worldwide-768x445.png 768w, https:\/\/beststringer.com\/wp-content\/uploads\/2025\/01\/SEDU-International-Stringer-Education-Trust-Framework-by-Best-Stringer-Worldwide-1536x891.png 1536w, https:\/\/beststringer.com\/wp-content\/uploads\/2025\/01\/SEDU-International-Stringer-Education-Trust-Framework-by-Best-Stringer-Worldwide-2048x1188.png 2048w\" sizes=\"auto, (max-width: 2379px) 100vw, 2379px\" \/><\/figure>\n\n\n<div class=\"gb-grid-wrapper gb-grid-wrapper-edaaa1da\">\n\n<div class=\"gb-grid-column gb-grid-column-8931dd45\"><div class=\"gb-container gb-container-8931dd45\">\n\n\n\n<figure class=\"gb-block-image gb-block-image-d6a14726\"><img loading=\"lazy\" decoding=\"async\" width=\"1080\" height=\"1080\" class=\"gb-image gb-image-d6a14726\" src=\"https:\/\/beststringer.com\/wp-content\/uploads\/2025\/01\/Quality-Standards-in-Professional-Stringing-Service-Best-Stringer-Worldwide.jpeg\" alt=\"Normes de qualit\u00e9 pour le cordage professionnel par Best Stringer Worldwide\" title=\"Normes de qualit\u00e9 pour le cordage professionnel par Best Stringer Worldwide\" srcset=\"https:\/\/beststringer.com\/wp-content\/uploads\/2025\/01\/Quality-Standards-in-Professional-Stringing-Service-Best-Stringer-Worldwide.jpeg 1080w, https:\/\/beststringer.com\/wp-content\/uploads\/2025\/01\/Quality-Standards-in-Professional-Stringing-Service-Best-Stringer-Worldwide-300x300.jpeg 300w, https:\/\/beststringer.com\/wp-content\/uploads\/2025\/01\/Quality-Standards-in-Professional-Stringing-Service-Best-Stringer-Worldwide-1024x1024.jpeg 1024w, https:\/\/beststringer.com\/wp-content\/uploads\/2025\/01\/Quality-Standards-in-Professional-Stringing-Service-Best-Stringer-Worldwide-150x150.jpeg 150w, https:\/\/beststringer.com\/wp-content\/uploads\/2025\/01\/Quality-Standards-in-Professional-Stringing-Service-Best-Stringer-Worldwide-768x768.jpeg 768w\" sizes=\"auto, (max-width: 1080px) 100vw, 1080px\" \/><\/figure>\n\n<\/div><\/div>\n\n<div class=\"gb-grid-column gb-grid-column-64386c9d\"><div class=\"gb-container gb-container-64386c9d\">\n\n\n\n<figure class=\"gb-block-image gb-block-image-4a9d3a38\"><img loading=\"lazy\" decoding=\"async\" width=\"1080\" height=\"1080\" class=\"gb-image gb-image-4a9d3a38\" src=\"https:\/\/beststringer.com\/wp-content\/uploads\/2025\/01\/What-is-the-SEDU-Stringer-Standard-Best-Stringer-Worldwide.jpeg\" alt=\"Pr\u00e9sentation de la norme de cordeur SEDU par Best Stringer Worldwide\" title=\"Pr\u00e9sentation de la norme de cordeur SEDU par Best Stringer Worldwide\" srcset=\"https:\/\/beststringer.com\/wp-content\/uploads\/2025\/01\/What-is-the-SEDU-Stringer-Standard-Best-Stringer-Worldwide.jpeg 1080w, https:\/\/beststringer.com\/wp-content\/uploads\/2025\/01\/What-is-the-SEDU-Stringer-Standard-Best-Stringer-Worldwide-300x300.jpeg 300w, https:\/\/beststringer.com\/wp-content\/uploads\/2025\/01\/What-is-the-SEDU-Stringer-Standard-Best-Stringer-Worldwide-1024x1024.jpeg 1024w, https:\/\/beststringer.com\/wp-content\/uploads\/2025\/01\/What-is-the-SEDU-Stringer-Standard-Best-Stringer-Worldwide-150x150.jpeg 150w, https:\/\/beststringer.com\/wp-content\/uploads\/2025\/01\/What-is-the-SEDU-Stringer-Standard-Best-Stringer-Worldwide-768x768.jpeg 768w\" sizes=\"auto, (max-width: 1080px) 100vw, 1080px\" \/><\/figure>\n\n<\/div><\/div>\n\n<div class=\"gb-grid-column gb-grid-column-060f3b5f\"><div class=\"gb-container gb-container-060f3b5f\">\n\n\n\n<figure class=\"gb-block-image gb-block-image-a89b8851\"><img loading=\"lazy\" decoding=\"async\" width=\"1080\" height=\"1080\" class=\"gb-image gb-image-a89b8851\" src=\"https:\/\/beststringer.com\/wp-content\/uploads\/2025\/01\/Professional-Stringer-Education-Trust-Best-Stringer-Worldwide.jpeg\" alt=\"Formation professionnelle pour cordeurs par Best Stringer Worldwide\" title=\"Formation professionnelle pour cordeurs par Best Stringer Worldwide\" srcset=\"https:\/\/beststringer.com\/wp-content\/uploads\/2025\/01\/Professional-Stringer-Education-Trust-Best-Stringer-Worldwide.jpeg 1080w, https:\/\/beststringer.com\/wp-content\/uploads\/2025\/01\/Professional-Stringer-Education-Trust-Best-Stringer-Worldwide-300x300.jpeg 300w, https:\/\/beststringer.com\/wp-content\/uploads\/2025\/01\/Professional-Stringer-Education-Trust-Best-Stringer-Worldwide-1024x1024.jpeg 1024w, https:\/\/beststringer.com\/wp-content\/uploads\/2025\/01\/Professional-Stringer-Education-Trust-Best-Stringer-Worldwide-150x150.jpeg 150w, https:\/\/beststringer.com\/wp-content\/uploads\/2025\/01\/Professional-Stringer-Education-Trust-Best-Stringer-Worldwide-768x768.jpeg 768w\" sizes=\"auto, (max-width: 1080px) 100vw, 1080px\" \/><\/figure>\n\n<\/div><\/div>\n\n<div class=\"gb-grid-column gb-grid-column-d17e89bb\"><div class=\"gb-container gb-container-d17e89bb\">\n\n\n\n<figure class=\"gb-block-image gb-block-image-b6cf4228\"><img loading=\"lazy\" decoding=\"async\" width=\"1080\" height=\"1080\" class=\"gb-image gb-image-b6cf4228\" src=\"https:\/\/beststringer.com\/wp-content\/uploads\/2025\/01\/Badminton-Stringer-Training-Standards-Best-Stringer-Worldwide.jpeg\" alt=\"Normes de formation pour cordeurs de badminton par Best Stringer Worldwide\" title=\"Normes de formation pour cordeurs de badminton par Best Stringer Worldwide\" srcset=\"https:\/\/beststringer.com\/wp-content\/uploads\/2025\/01\/Badminton-Stringer-Training-Standards-Best-Stringer-Worldwide.jpeg 1080w, https:\/\/beststringer.com\/wp-content\/uploads\/2025\/01\/Badminton-Stringer-Training-Standards-Best-Stringer-Worldwide-300x300.jpeg 300w, https:\/\/beststringer.com\/wp-content\/uploads\/2025\/01\/Badminton-Stringer-Training-Standards-Best-Stringer-Worldwide-1024x1024.jpeg 1024w, https:\/\/beststringer.com\/wp-content\/uploads\/2025\/01\/Badminton-Stringer-Training-Standards-Best-Stringer-Worldwide-150x150.jpeg 150w, https:\/\/beststringer.com\/wp-content\/uploads\/2025\/01\/Badminton-Stringer-Training-Standards-Best-Stringer-Worldwide-768x768.jpeg 768w\" sizes=\"auto, (max-width: 1080px) 100vw, 1080px\" \/><\/figure>\n\n<\/div><\/div>\n<\/div>\n<\/div>\n<\/div>\n<\/div>\n\n<section class=\"gb-container gb-container-21e3c652\">\n\n<div class=\"gb-container gb-container-11344779\">\n\n\n\n<h3 class=\"gb-headline gb-headline-39f4cce2 gb-headline-text\"><span class=\"ez-toc-section\" id=\"Stringer_Education_Trust_SEDU_%E2%80%93_Formation_professionnelle_et_norme_de_qualite\"><\/span>Stringer Education Trust (SEDU) &#8211; Formation professionnelle et norme de qualit\u00e9<span class=\"ez-toc-section-end\"><\/span><\/h3>\n\n\n\n\n<p class=\"gb-headline gb-headline-c6c5990e gb-headline-text\">Le Stringer Education Trust (SEDU) d\u00e9veloppe le service professionnel de raquettes gr\u00e2ce \u00e0 une formation compl\u00e8te sur le cordage de badminton, de tennis et de squash. Notre norme internationale de formation pour cordeurs combine exp\u00e9rience pratique et connaissances techniques, pr\u00e9parant les cordeurs \u00e0 fournir un service de qualit\u00e9 aux joueurs de tous niveaux. Gr\u00e2ce au syst\u00e8me de formation SEDU, les cordeurs certifi\u00e9s apprennent \u00e0 travailler efficacement dans tous les sports de raquette.<\/p>\n\n\n<div class=\"gb-container gb-container-ec1a2ce6\">\n\n<div class=\"gb-container gb-container-238a634b\"><\/div>\n\n<\/div>\n\n\n\n<div id=\"youtube-player\"><\/div>\n<script>\nvar videoLoaded = false;\n\n\nfunction loadYouTubeVideo() {\nif (videoLoaded) return;\nvideoLoaded = true;\nvar tag = document.createElement('script');\ntag.src = \"https:\/\/www.youtube.com\/iframe_api\";\nvar firstScriptTag = document.getElementsByTagName('script')[0];\nfirstScriptTag.parentNode.insertBefore(tag, firstScriptTag);\n}\n\nfunction onYouTubeIframeAPIReady() {\nnew YT.Player('youtube-player', {\nheight: '360',\nwidth: '640',\nvideoId: 'PVFRpb_r9lA', \/\/ Your video ID\nevents: {\n'onReady': onPlayerReady\n}\n});\n}\n\nfunction onPlayerReady(event) {\n\/\/ Video is ready to play\n}\n\n\/\/ Load the YouTube API script when the page is scrolled\nwindow.addEventListener('scroll', loadYouTubeVideo, { once: true });\n\n\/\/ Also load if the user hasn't scrolled after 3 seconds\nsetTimeout(loadYouTubeVideo, 3000);\n<\/script>\n\n\n\n<\/div>\n\n<\/section>\n\n<section class=\"gb-container gb-container-49b9586e\">\n\n<div class=\"gb-container gb-container-a2e9522c\"><\/div>\n\n<div class=\"gb-container gb-container-0e11192a\">\n\n\n\n<h3 class=\"gb-headline gb-headline-5cf408ee gb-headline-text\"><span class=\"ez-toc-section\" id=\"Certification_de_cordage_BSW\"><\/span>Certification de cordage BSW<span class=\"ez-toc-section-end\"><\/span><\/h3>\n\n\n<div class=\"gb-container gb-container-daaa2e63\">\n\n<div class=\"gb-container gb-container-bda621fe\"><\/div>\n\n<div class=\"gb-container gb-container-4b0ac72b\"><\/div>\n\n<\/div>\n\n\n\n<p class=\"gb-headline gb-headline-edf98545 gb-headline-text\">Apprenez les comp\u00e9tences professionnelles du cordage pour le badminton, le tennis et le squash. La certification BSW couvre les techniques appropri\u00e9es, la technologie des raquettes et l&rsquo;\u00e9valuation des besoins des joueurs.<\/p>\n\n\n\n\n\n<a class=\"gb-button gb-button-a29641e0 gb-button-text\" href=\"https:\/\/beststringer.com\/fr\/stringing-certificate\/\">D\u00e9tails de la certification<\/a>\n\n\n\n<\/div>\n\n<\/section>\n","protected":false},"excerpt":{"rendered":"<p>Qu&rsquo;est-ce que la norme de cordeur SEDU ? La norme de cordeur SEDU aide les cordeurs professionnels \u00e0 acqu\u00e9rir les comp\u00e9tences ad\u00e9quates pour le service des raquettes. Cr\u00e9\u00e9e par Best Stringer Worldwide, cette norme de formation pour cordeurs de raquettes enseigne tout ce qu&rsquo;ils doivent savoir sur la pr\u00e9paration correcte des raquettes. Des techniques de &#8230; <a title=\"SEDU \u2013 Norme Internationale de Formation et de Confiance des Cordeurs\" class=\"read-more\" href=\"https:\/\/beststringer.com\/fr\/international-stringer-education-trust\/\" aria-label=\"En savoir plus sur SEDU \u2013 Norme Internationale de Formation et de Confiance des Cordeurs\">Lire plus<\/a><\/p>\n","protected":false},"author":1,"featured_media":38044,"parent":0,"menu_order":0,"comment_status":"closed","ping_status":"closed","template":"","meta":{"footnotes":""},"class_list":{"0":"post-38043","1":"page","2":"type-page","3":"status-publish","4":"has-post-thumbnail","6":"infinite-scroll-item"},"_links":{"self":[{"href":"https:\/\/beststringer.com\/fr\/wp-json\/wp\/v2\/pages\/38043","targetHints":{"allow":["GET"]}}],"collection":[{"href":"https:\/\/beststringer.com\/fr\/wp-json\/wp\/v2\/pages"}],"about":[{"href":"https:\/\/beststringer.com\/fr\/wp-json\/wp\/v2\/types\/page"}],"author":[{"embeddable":true,"href":"https:\/\/beststringer.com\/fr\/wp-json\/wp\/v2\/users\/1"}],"replies":[{"embeddable":true,"href":"https:\/\/beststringer.com\/fr\/wp-json\/wp\/v2\/comments?post=38043"}],"version-history":[{"count":0,"href":"https:\/\/beststringer.com\/fr\/wp-json\/wp\/v2\/pages\/38043\/revisions"}],"wp:featuredmedia":[{"embeddable":true,"href":"https:\/\/beststringer.com\/fr\/wp-json\/wp\/v2\/media\/38044"}],"wp:attachment":[{"href":"https:\/\/beststringer.com\/fr\/wp-json\/wp\/v2\/media?parent=38043"}],"curies":[{"name":"wp","href":"https:\/\/api.w.org\/{rel}","templated":true}]}}